{"id":10628,"date":"2017-01-01T00:00:00","date_gmt":"2016-12-31T23:00:00","guid":{"rendered":"https:\/\/nature-et-developpement.com\/logisain78\/produit\/badigeon-dargile-pret-a-lemploi-argilus\/"},"modified":"2026-01-27T11:35:18","modified_gmt":"2026-01-27T10:35:18","slug":"peinture-a-l-argile-argilus","status":"publish","type":"product","link":"https:\/\/nature-et-developpement.com\/logisain-78\/produit\/peinture-a-l-argile-argilus\/","title":{"rendered":"Peinture \u00e0 l&rsquo;Argile pr\u00eat \u00e0 l&#8217;emploi Argilus"},"content":{"rendered":"<h2 align=\"justify\">Une d\u00e9co saine et facile<\/h2>\n<p align=\"justify\">Le BADIGEON d\u2019argile ARGILUS est un produit pr\u00eat \u00e0 l\u2019emploi et destin\u00e9 \u00e0 la d\u00e9coration \u00e9cologique.<\/p>\n<p align=\"justify\">Il s\u2019applique uniquement \u00e0 l\u2019int\u00e9rieur de l\u2019habitat sur des surfaces adapt\u00e9es.<\/p>\n<p align=\"justify\">Le BADIGEON d\u2019argile ARGILUS a pour principale qualit\u00e9 sa composition naturelle. Son application est tr\u00e8s facile et \u00e0 la port\u00e9e de tous.<\/p>\n<p align=\"justify\">Il est compos\u00e9 d\u2019argile extra-fine, de charges calcaires, de chaux calcique \u00e9teinte et d\u2019ocres naturelles.<\/p>\n<p align=\"justify\">Une cire de protection ARGILUS sert \u00e0 rendre le produit \u00e9pongeable et l\u00e9g\u00e8rement satin\u00e9.<\/p>\n<p>Il\u00a0s\u2019applique uniquement \u00e0 l\u2019int\u00e9rieur de l\u2019habitat sur les supports suivants : Plaques de pl\u00e2tre, Fermacell, supports d\u00e9j\u00e0 peints, enduits \u00e0 la chaux, enduits en terre.<\/p>\n<p>Les supports tr\u00e8s lisses de type pl\u00e2tre, plaque de pl\u00e2tre, fermacell, sont \u00e0 peindre imp\u00e9rativement au rouleau avec la sous-couche d\u2019accroche sp\u00e9ciale BADIGEON ARGILUS en une seule application afin de faciliter l\u2019accroche du badigeon.<\/p>\n<p><img loading=\"lazy\" decoding=\"async\" class=\" size-full wp-image-103492\" src=\"https:\/\/nature-et-developpement.com\/wp-content\/uploads\/cms\/ARGILUS\/Gamme-DESIGN-Badigeon-2020-Argilus-scaled.jpg\" alt=\"\" width=\"1100\" height=\"2015\" \/><\/p>\n<p><img loading=\"lazy\" decoding=\"async\" class=\" size-full wp-image-103493\" style=\"margin-left: auto;margin-right: auto\" src=\"https:\/\/nature-et-developpement.com\/wp-content\/uploads\/cms\/ARGILUS\/Badigeon-Badigeon.jpg.jpg\" alt=\"Badigeon.jpg\" width=\"1000\" height=\"180\" \/><\/p>\n","protected":false},"excerpt":{"rendered":"<p>Le BADIGEON d\u2019argile ressemble \u00e0 une peinture tr\u00e8s \u00e9paisse avec un effet cord\u00e9 donn\u00e9 gr\u00e2ce \u00e0 la brosse \u00e0 badigeon.<br \/>\nSon conditionnement se pr\u00e9sente en sac de 5kg (20m\u00b2).<\/p>\n<p>8 teintes de base pr\u00eates \u00e0 l\u2019emploi permettent d\u2019en r\u00e9aliser au total 46 selon le nuancier <a href=\"https:\/\/fr.calameo.com\/read\/006147125b9cbfd5ae81b\" target=\"_blank\" rel=\"noopener\">GAMME DESIGN<\/a>.<\/p>\n<p>Il s\u2019applique sur tous les supports lisses de l\u2019habitat comme les plaques de pl\u00e2tre, le pl\u00e2tre, les murs d\u00e9j\u00e0 peints\u2026etc.<\/p>\n","protected":false},"featured_media":1000000169273,"template":"","meta":[],"product_brand":[2821],"product_cat":[2904,47,108],"product_tag":[4282],"class_list":{"0":"post-10628","1":"product","2":"type-product","3":"status-publish","4":"has-post-thumbnail","6":"product_brand-argilus","7":"product_cat-demande-de-devis-uniquement-avec-prix","8":"product_cat-peinture-et-enduit","9":"product_cat-peinture-ecologique","10":"product_tag-argilus","11":"product_shipping_class-sac-de-25kg","13":"first","14":"instock","15":"taxable","16":"shipping-taxable","17":"purchasable","18":"product-type-variable"},"yoast_head":"<!-- This site is optimized with the Yoast SEO plugin v27.5 - https:\/\/yoast.com\/product\/yoast-seo-wordpress\/ -->\n<title>Peinture \u00e0 l&#039;Argile pr\u00eat \u00e0 l&#039;emploi Argilus<\/title>\n<meta name=\"description\" content=\"Le BADIGEON d\u2019argile ressemble \u00e0 une peinture tr\u00e8s \u00e9paisse avec un effet cord\u00e9 donn\u00e9 gr\u00e2ce \u00e0 la brosse \u00e0 badigeon. Son conditionnement se pr\u00e9sente en sac de 5kg (20m\u00b2).  8 teintes de base pr\u00eates \u00e0 l\u2019emploi permettent d\u2019en r\u00e9aliser au total 46 selon le nuancier GAMME DESIGN.  Il s\u2019applique sur tous les supports lisses de l\u2019habitat comme les plaques de pl\u00e2tre, le pl\u00e2tre, les murs d\u00e9j\u00e0 peints\u2026etc.\" \/>\n<meta name=\"robots\" content=\"noindex, nofollow\" \/>\n<meta property=\"og:locale\" content=\"fr_FR\" \/>\n<meta property=\"og:type\" content=\"article\" \/>\n<meta property=\"og:title\" content=\"Peinture \u00e0 l&#039;Argile pr\u00eat \u00e0 l&#039;emploi Argilus\" \/>\n<meta property=\"og:description\" content=\"Le BADIGEON d\u2019argile ressemble \u00e0 une peinture tr\u00e8s \u00e9paisse avec un effet cord\u00e9 donn\u00e9 gr\u00e2ce \u00e0 la brosse \u00e0 badigeon. Son conditionnement se pr\u00e9sente en sac de 5kg (20m\u00b2).  8 teintes de base pr\u00eates \u00e0 l\u2019emploi permettent d\u2019en r\u00e9aliser au total 46 selon le nuancier GAMME DESIGN.  Il s\u2019applique sur tous les supports lisses de l\u2019habitat comme les plaques de pl\u00e2tre, le pl\u00e2tre, les murs d\u00e9j\u00e0 peints\u2026etc.\" \/>\n<meta property=\"og:url\" content=\"https:\/\/nature-et-developpement.com\/logisain-78\/produit\/peinture-a-l-argile-argilus\/\" \/>\n<meta property=\"og:site_name\" content=\"LOGISAIN 78 \u2013 Magasin de mat\u00e9riaux biosourc\u00e9s\" \/>\n<meta property=\"article:modified_time\" content=\"2026-01-27T10:35:18+00:00\" \/>\n<meta name=\"twitter:card\" content=\"summary_large_image\" \/>\n<meta name=\"twitter:label1\" content=\"Dur\u00e9e de lecture estim\u00e9e\" \/>\n\t<meta name=\"twitter:data1\" content=\"2 minutes\" \/>\n<script type=\"application\/ld+json\" class=\"yoast-schema-graph\">{\"@context\":\"https:\\\/\\\/schema.org\",\"@graph\":[{\"@type\":\"WebPage\",\"@id\":\"https:\\\/\\\/nature-et-developpement.com\\\/logisain-78\\\/produit\\\/peinture-a-l-argile-argilus\\\/\",\"url\":\"https:\\\/\\\/nature-et-developpement.com\\\/logisain-78\\\/produit\\\/peinture-a-l-argile-argilus\\\/\",\"name\":\"Peinture \u00e0 l'Argile pr\u00eat \u00e0 l'emploi Argilus\",\"isPartOf\":{\"@id\":\"https:\\\/\\\/nature-et-developpement.com\\\/logisain-78\\\/#website\"},\"primaryImageOfPage\":{\"@id\":\"https:\\\/\\\/nature-et-developpement.com\\\/logisain-78\\\/produit\\\/peinture-a-l-argile-argilus\\\/#primaryimage\"},\"image\":{\"@id\":\"https:\\\/\\\/nature-et-developpement.com\\\/logisain-78\\\/produit\\\/peinture-a-l-argile-argilus\\\/#primaryimage\"},\"thumbnailUrl\":\"https:\\\/\\\/nature-et-developpement.com\\\/logisain-78\\\/wp-content\\\/uploads\\\/Badigeon-dArgile-pret-a-lemploi-Argilus-5Kg.jpg\",\"datePublished\":\"2016-12-31T23:00:00+00:00\",\"dateModified\":\"2026-01-27T10:35:18+00:00\",\"description\":\"Le BADIGEON d\u2019argile ressemble \u00e0 une peinture tr\u00e8s \u00e9paisse avec un effet cord\u00e9 donn\u00e9 gr\u00e2ce \u00e0 la brosse \u00e0 badigeon. Son conditionnement se pr\u00e9sente en sac de 5kg (20m\u00b2). 8 teintes de base pr\u00eates \u00e0 l\u2019emploi permettent d\u2019en r\u00e9aliser au total 46 selon le nuancier GAMME DESIGN. Il s\u2019applique sur tous les supports lisses de l\u2019habitat comme les plaques de pl\u00e2tre, le pl\u00e2tre, les murs d\u00e9j\u00e0 peints\u2026etc.\",\"breadcrumb\":{\"@id\":\"https:\\\/\\\/nature-et-developpement.com\\\/logisain-78\\\/produit\\\/peinture-a-l-argile-argilus\\\/#breadcrumb\"},\"inLanguage\":\"fr-FR\",\"potentialAction\":[{\"@type\":\"ReadAction\",\"target\":[\"https:\\\/\\\/nature-et-developpement.com\\\/logisain-78\\\/produit\\\/peinture-a-l-argile-argilus\\\/\"]}]},{\"@type\":\"ImageObject\",\"inLanguage\":\"fr-FR\",\"@id\":\"https:\\\/\\\/nature-et-developpement.com\\\/logisain-78\\\/produit\\\/peinture-a-l-argile-argilus\\\/#primaryimage\",\"url\":\"https:\\\/\\\/nature-et-developpement.com\\\/logisain-78\\\/wp-content\\\/uploads\\\/Badigeon-dArgile-pret-a-lemploi-Argilus-5Kg.jpg\",\"contentUrl\":\"https:\\\/\\\/nature-et-developpement.com\\\/logisain-78\\\/wp-content\\\/uploads\\\/Badigeon-dArgile-pret-a-lemploi-Argilus-5Kg.jpg\"},{\"@type\":\"BreadcrumbList\",\"@id\":\"https:\\\/\\\/nature-et-developpement.com\\\/logisain-78\\\/produit\\\/peinture-a-l-argile-argilus\\\/#breadcrumb\",\"itemListElement\":[{\"@type\":\"ListItem\",\"position\":1,\"name\":\"Accueil\",\"item\":\"https:\\\/\\\/nature-et-developpement.com\\\/logisain-78\\\/\"},{\"@type\":\"ListItem\",\"position\":2,\"name\":\"Produits\",\"item\":\"https:\\\/\\\/nature-et-developpement.com\\\/logisain-78\\\/shop\\\/\"},{\"@type\":\"ListItem\",\"position\":3,\"name\":\"Peinture, pigment et enduit\",\"item\":\"https:\\\/\\\/nature-et-developpement.com\\\/logisain-78\\\/produits\\\/peinture-et-enduit\\\/\"},{\"@type\":\"ListItem\",\"position\":4,\"name\":\"Peintures\",\"item\":\"https:\\\/\\\/nature-et-developpement.com\\\/logisain-78\\\/produits\\\/peinture-et-enduit\\\/peinture-ecologique\\\/\"},{\"@type\":\"ListItem\",\"position\":5,\"name\":\"Peinture \u00e0 l&rsquo;Argile pr\u00eat \u00e0 l&#8217;emploi Argilus\"}]},{\"@type\":\"WebSite\",\"@id\":\"https:\\\/\\\/nature-et-developpement.com\\\/logisain-78\\\/#website\",\"url\":\"https:\\\/\\\/nature-et-developpement.com\\\/logisain-78\\\/\",\"name\":\"LOGISAIN 78 \u2013 Magasin de mat\u00e9riaux biosourc\u00e9s\",\"description\":\"Logisain 78 est membre du groupement Nature &amp; D\u00e9veloppement\",\"publisher\":{\"@id\":\"https:\\\/\\\/nature-et-developpement.com\\\/logisain-78\\\/#organization\"},\"potentialAction\":[{\"@type\":\"SearchAction\",\"target\":{\"@type\":\"EntryPoint\",\"urlTemplate\":\"https:\\\/\\\/nature-et-developpement.com\\\/logisain-78\\\/?s={search_term_string}\"},\"query-input\":{\"@type\":\"PropertyValueSpecification\",\"valueRequired\":true,\"valueName\":\"search_term_string\"}}],\"inLanguage\":\"fr-FR\"},{\"@type\":\"Organization\",\"@id\":\"https:\\\/\\\/nature-et-developpement.com\\\/logisain-78\\\/#organization\",\"name\":\"Logisain 78\",\"url\":\"https:\\\/\\\/nature-et-developpement.com\\\/logisain-78\\\/\",\"logo\":{\"@type\":\"ImageObject\",\"inLanguage\":\"fr-FR\",\"@id\":\"https:\\\/\\\/nature-et-developpement.com\\\/logisain-78\\\/#\\\/schema\\\/logo\\\/image\\\/\",\"url\":\"https:\\\/\\\/nature-et-developpement.com\\\/logisain-78\\\/wp-content\\\/uploads\\\/sites\\\/5\\\/2021\\\/08\\\/logo-logisain.jpg\",\"contentUrl\":\"https:\\\/\\\/nature-et-developpement.com\\\/logisain-78\\\/wp-content\\\/uploads\\\/sites\\\/5\\\/2021\\\/08\\\/logo-logisain.jpg\",\"width\":672,\"height\":455,\"caption\":\"Logisain 78\"},\"image\":{\"@id\":\"https:\\\/\\\/nature-et-developpement.com\\\/logisain-78\\\/#\\\/schema\\\/logo\\\/image\\\/\"}}]}<\/script>\n<!-- \/ Yoast SEO plugin. -->","yoast_head_json":{"title":"Peinture \u00e0 l'Argile pr\u00eat \u00e0 l'emploi Argilus","description":"Le BADIGEON d\u2019argile ressemble \u00e0 une peinture tr\u00e8s \u00e9paisse avec un effet cord\u00e9 donn\u00e9 gr\u00e2ce \u00e0 la brosse \u00e0 badigeon. Son conditionnement se pr\u00e9sente en sac de 5kg (20m\u00b2).  8 teintes de base pr\u00eates \u00e0 l\u2019emploi permettent d\u2019en r\u00e9aliser au total 46 selon le nuancier GAMME DESIGN.  Il s\u2019applique sur tous les supports lisses de l\u2019habitat comme les plaques de pl\u00e2tre, le pl\u00e2tre, les murs d\u00e9j\u00e0 peints\u2026etc.","robots":{"index":"noindex","follow":"nofollow"},"og_locale":"fr_FR","og_type":"article","og_title":"Peinture \u00e0 l'Argile pr\u00eat \u00e0 l'emploi Argilus","og_description":"Le BADIGEON d\u2019argile ressemble \u00e0 une peinture tr\u00e8s \u00e9paisse avec un effet cord\u00e9 donn\u00e9 gr\u00e2ce \u00e0 la brosse \u00e0 badigeon. Son conditionnement se pr\u00e9sente en sac de 5kg (20m\u00b2).  8 teintes de base pr\u00eates \u00e0 l\u2019emploi permettent d\u2019en r\u00e9aliser au total 46 selon le nuancier GAMME DESIGN.  Il s\u2019applique sur tous les supports lisses de l\u2019habitat comme les plaques de pl\u00e2tre, le pl\u00e2tre, les murs d\u00e9j\u00e0 peints\u2026etc.","og_url":"https:\/\/nature-et-developpement.com\/logisain-78\/produit\/peinture-a-l-argile-argilus\/","og_site_name":"LOGISAIN 78 \u2013 Magasin de mat\u00e9riaux biosourc\u00e9s","article_modified_time":"2026-01-27T10:35:18+00:00","twitter_card":"summary_large_image","twitter_misc":{"Dur\u00e9e de lecture estim\u00e9e":"2 minutes"},"schema":{"@context":"https:\/\/schema.org","@graph":[{"@type":"WebPage","@id":"https:\/\/nature-et-developpement.com\/logisain-78\/produit\/peinture-a-l-argile-argilus\/","url":"https:\/\/nature-et-developpement.com\/logisain-78\/produit\/peinture-a-l-argile-argilus\/","name":"Peinture \u00e0 l'Argile pr\u00eat \u00e0 l'emploi Argilus","isPartOf":{"@id":"https:\/\/nature-et-developpement.com\/logisain-78\/#website"},"primaryImageOfPage":{"@id":"https:\/\/nature-et-developpement.com\/logisain-78\/produit\/peinture-a-l-argile-argilus\/#primaryimage"},"image":{"@id":"https:\/\/nature-et-developpement.com\/logisain-78\/produit\/peinture-a-l-argile-argilus\/#primaryimage"},"thumbnailUrl":"https:\/\/nature-et-developpement.com\/logisain-78\/wp-content\/uploads\/Badigeon-dArgile-pret-a-lemploi-Argilus-5Kg.jpg","datePublished":"2016-12-31T23:00:00+00:00","dateModified":"2026-01-27T10:35:18+00:00","description":"Le BADIGEON d\u2019argile ressemble \u00e0 une peinture tr\u00e8s \u00e9paisse avec un effet cord\u00e9 donn\u00e9 gr\u00e2ce \u00e0 la brosse \u00e0 badigeon. Son conditionnement se pr\u00e9sente en sac de 5kg (20m\u00b2). 8 teintes de base pr\u00eates \u00e0 l\u2019emploi permettent d\u2019en r\u00e9aliser au total 46 selon le nuancier GAMME DESIGN. Il s\u2019applique sur tous les supports lisses de l\u2019habitat comme les plaques de pl\u00e2tre, le pl\u00e2tre, les murs d\u00e9j\u00e0 peints\u2026etc.","breadcrumb":{"@id":"https:\/\/nature-et-developpement.com\/logisain-78\/produit\/peinture-a-l-argile-argilus\/#breadcrumb"},"inLanguage":"fr-FR","potentialAction":[{"@type":"ReadAction","target":["https:\/\/nature-et-developpement.com\/logisain-78\/produit\/peinture-a-l-argile-argilus\/"]}]},{"@type":"ImageObject","inLanguage":"fr-FR","@id":"https:\/\/nature-et-developpement.com\/logisain-78\/produit\/peinture-a-l-argile-argilus\/#primaryimage","url":"https:\/\/nature-et-developpement.com\/logisain-78\/wp-content\/uploads\/Badigeon-dArgile-pret-a-lemploi-Argilus-5Kg.jpg","contentUrl":"https:\/\/nature-et-developpement.com\/logisain-78\/wp-content\/uploads\/Badigeon-dArgile-pret-a-lemploi-Argilus-5Kg.jpg"},{"@type":"BreadcrumbList","@id":"https:\/\/nature-et-developpement.com\/logisain-78\/produit\/peinture-a-l-argile-argilus\/#breadcrumb","itemListElement":[{"@type":"ListItem","position":1,"name":"Accueil","item":"https:\/\/nature-et-developpement.com\/logisain-78\/"},{"@type":"ListItem","position":2,"name":"Produits","item":"https:\/\/nature-et-developpement.com\/logisain-78\/shop\/"},{"@type":"ListItem","position":3,"name":"Peinture, pigment et enduit","item":"https:\/\/nature-et-developpement.com\/logisain-78\/produits\/peinture-et-enduit\/"},{"@type":"ListItem","position":4,"name":"Peintures","item":"https:\/\/nature-et-developpement.com\/logisain-78\/produits\/peinture-et-enduit\/peinture-ecologique\/"},{"@type":"ListItem","position":5,"name":"Peinture \u00e0 l&rsquo;Argile pr\u00eat \u00e0 l&#8217;emploi Argilus"}]},{"@type":"WebSite","@id":"https:\/\/nature-et-developpement.com\/logisain-78\/#website","url":"https:\/\/nature-et-developpement.com\/logisain-78\/","name":"LOGISAIN 78 \u2013 Magasin de mat\u00e9riaux biosourc\u00e9s","description":"Logisain 78 est membre du groupement Nature &amp; D\u00e9veloppement","publisher":{"@id":"https:\/\/nature-et-developpement.com\/logisain-78\/#organization"},"potentialAction":[{"@type":"SearchAction","target":{"@type":"EntryPoint","urlTemplate":"https:\/\/nature-et-developpement.com\/logisain-78\/?s={search_term_string}"},"query-input":{"@type":"PropertyValueSpecification","valueRequired":true,"valueName":"search_term_string"}}],"inLanguage":"fr-FR"},{"@type":"Organization","@id":"https:\/\/nature-et-developpement.com\/logisain-78\/#organization","name":"Logisain 78","url":"https:\/\/nature-et-developpement.com\/logisain-78\/","logo":{"@type":"ImageObject","inLanguage":"fr-FR","@id":"https:\/\/nature-et-developpement.com\/logisain-78\/#\/schema\/logo\/image\/","url":"https:\/\/nature-et-developpement.com\/logisain-78\/wp-content\/uploads\/sites\/5\/2021\/08\/logo-logisain.jpg","contentUrl":"https:\/\/nature-et-developpement.com\/logisain-78\/wp-content\/uploads\/sites\/5\/2021\/08\/logo-logisain.jpg","width":672,"height":455,"caption":"Logisain 78"},"image":{"@id":"https:\/\/nature-et-developpement.com\/logisain-78\/#\/schema\/logo\/image\/"}}]}},"distributor_meta":false,"distributor_terms":false,"distributor_media":false,"distributor_original_site_name":"LOGISAIN 78 \u2013 Magasin de mat\u00e9riaux biosourc\u00e9s","distributor_original_site_url":"https:\/\/nature-et-developpement.com\/logisain-78","push-errors":false,"_links":{"self":[{"href":"https:\/\/nature-et-developpement.com\/logisain-78\/wp-json\/wp\/v2\/product\/10628","targetHints":{"allow":["GET"]}}],"collection":[{"href":"https:\/\/nature-et-developpement.com\/logisain-78\/wp-json\/wp\/v2\/product"}],"about":[{"href":"https:\/\/nature-et-developpement.com\/logisain-78\/wp-json\/wp\/v2\/types\/product"}],"wp:featuredmedia":[{"embeddable":true,"href":"https:\/\/nature-et-developpement.com\/logisain-78\/wp-json\/"}],"wp:attachment":[{"href":"https:\/\/nature-et-developpement.com\/logisain-78\/wp-json\/wp\/v2\/media?parent=10628"}],"wp:term":[{"taxonomy":"product_brand","embeddable":true,"href":"https:\/\/nature-et-developpement.com\/logisain-78\/wp-json\/wp\/v2\/product_brand?post=10628"},{"taxonomy":"product_cat","embeddable":true,"href":"https:\/\/nature-et-developpement.com\/logisain-78\/wp-json\/wp\/v2\/product_cat?post=10628"},{"taxonomy":"product_tag","embeddable":true,"href":"https:\/\/nature-et-developpement.com\/logisain-78\/wp-json\/wp\/v2\/product_tag?post=10628"}],"curies":[{"name":"wp","href":"https:\/\/api.w.org\/{rel}","templated":true}]}}