{"id":10663,"date":"2017-01-01T00:00:00","date_gmt":"2016-12-31T23:00:00","guid":{"rendered":"https:\/\/nature-et-developpement.com\/logisain78\/produit\/torchis-terre-et-paille-pret-a-lemploi-argilus\/"},"modified":"2026-01-27T11:50:14","modified_gmt":"2026-01-27T10:50:14","slug":"torchis-terre-et-paille-pret-a-l-emploi-argilus","status":"publish","type":"product","link":"https:\/\/nature-et-developpement.com\/logisain-78\/produit\/torchis-terre-et-paille-pret-a-l-emploi-argilus\/","title":{"rendered":"Torchis terre et paille pr\u00eat \u00e0 l&#8217;emploi Argilus"},"content":{"rendered":"<h2>Le m\u00e9lange argile, sable et paille d&rsquo;orge parfait<\/h2>\n<p>L\u2019enduit TORCHIS ARGILUS s\u2019applique manuellement. La paille d\u2019orge pr\u00e9sente en quantit\u00e9 importante dans le m\u00e9lange ne permet pas une application \u00e0 la machine \u00e0 projeter (sauf m\u00e9lange sp\u00e9cifique fournie par ARGILUS \u2013 Merci de consulter le fabricant).<\/p>\n<p>Utilis\u00e9 en enduit de ragr\u00e9age ou en forte \u00e9paisseur, l\u2019apparition de petites fissures de retrait est possible. Celles-ci n\u2019auront aucune incidence sur la couche suivante d\u2019enduit.<\/p>\n<p>L\u2019enduit TORCHIS ARGILUS pourra \u00eatre appliqu\u00e9 sur de nombreux supports tels que :<\/p>\n<p>&#8211; Ma\u00e7onneries anciennes,<\/p>\n<p>&#8211; Ma\u00e7onneries en pierres, en pis\u00e9, en bauge, en briques pleines de parement\u2026<\/p>\n<p>&#8211; Murs en bottes de pailles (corps d\u2019enduit ext\u00e9rieur et int\u00e9rieur), nattes de roseaux\u2026<\/p>\n<p>&#8211; Autres types de support, merci de consulter le fabricant.<\/p>\n<p>Les supports doivent \u00eatre propres, sains et r\u00e9sistants. Ils devront \u00eatre l\u00e9g\u00e8rement humidifi\u00e9s avant l\u2019application du torchis afin de<\/p>\n<p>favoriser l\u2019accroche. Tous r\u00e9sidus de peintures, d\u2019enduits souffl\u00e9s et de papiers peints devront \u00eatre supprim\u00e9s.<\/p>\n<p>Un support pr\u00e9sentant des remont\u00e9es capillaires ou du salp\u00eatre risque de d\u00e9t\u00e9riorer ou de t\u00e2cher l\u2019enduit.<\/p>\n<p><b>15 \u00e0 30 mm maximum (par couche)<\/b><\/p>\n<p><b>ATTENTION<\/b> : chaque couche d\u2019enduit TORCHIS s\u2019appliquera uniquement sur couche s\u00e8che. Il faudra donc attendre le temps n\u00e9cessaire de s\u00e9chage entre chaque couche.<\/p>\n<p><b>ATTENTION <\/b>: l\u2019\u00e9paisseur maximale du TORCHIS sera comprise entre 50 et 80 mm d\u2019\u00e9paisseur maximum soit environ 3 couches.<\/p>\n<p><img loading=\"lazy\" decoding=\"async\" class=\" size-full wp-image-103536\" src=\"https:\/\/nature-et-developpement.com\/wp-content\/uploads\/cms\/ARGILUS\/Enduit-Torchis.jpg\" alt=\"\" width=\"1000\" height=\"182\" \/><\/p>\n","protected":false},"excerpt":{"rendered":"<p>L\u2019enduit TORCHIS est compos\u00e9 d\u2019argile, de fibres de paille d\u2019orge moins longues et plus fines, et de diff\u00e9rents sables.<\/p>\n<p>Il sert \u00e0 corriger les fortes in\u00e9galit\u00e9s murales et s\u2019applique jusqu&rsquo;\u00e0 5 cm d\u2019\u00e9paisseur en 2 couches.<\/p>\n","protected":false},"featured_media":1000000169367,"template":"","meta":[],"product_brand":[2821],"product_cat":[91,2904,225,173,47],"product_tag":[4196],"class_list":{"0":"post-10663","1":"product","2":"type-product","3":"status-publish","4":"has-post-thumbnail","6":"product_brand-argilus","7":"product_cat-construction","8":"product_cat-demande-de-devis-uniquement-avec-prix","9":"product_cat-enduits-naturels","10":"product_cat-maconnerie","11":"product_cat-peinture-et-enduit","12":"product_tag-paille","13":"product_shipping_class-sac-de-25kg","15":"first","16":"instock","17":"taxable","18":"shipping-taxable","19":"purchasable","20":"product-type-variable"},"yoast_head":"<!-- This site is optimized with the Yoast SEO plugin v27.5 - https:\/\/yoast.com\/product\/yoast-seo-wordpress\/ -->\n<title>Torchis terre et paille pr\u00eat \u00e0 l&#039;emploi Argilus<\/title>\n<meta name=\"description\" content=\"L\u2019enduit TORCHIS est compos\u00e9 d\u2019argile, de fibres de paille d\u2019orge moins longues et plus fines, et de diff\u00e9rents sables.  Il sert \u00e0 corriger les fortes in\u00e9galit\u00e9s murales et s\u2019applique jusqu&#039;\u00e0 5 cm d\u2019\u00e9paisseur en 2 couches.\" \/>\n<meta name=\"robots\" content=\"noindex, nofollow\" \/>\n<meta property=\"og:locale\" content=\"fr_FR\" \/>\n<meta property=\"og:type\" content=\"article\" \/>\n<meta property=\"og:title\" content=\"Torchis terre et paille pr\u00eat \u00e0 l&#039;emploi Argilus\" \/>\n<meta property=\"og:description\" content=\"L\u2019enduit TORCHIS est compos\u00e9 d\u2019argile, de fibres de paille d\u2019orge moins longues et plus fines, et de diff\u00e9rents sables.  Il sert \u00e0 corriger les fortes in\u00e9galit\u00e9s murales et s\u2019applique jusqu&#039;\u00e0 5 cm d\u2019\u00e9paisseur en 2 couches.\" \/>\n<meta property=\"og:url\" content=\"https:\/\/nature-et-developpement.com\/logisain-78\/produit\/torchis-terre-et-paille-pret-a-l-emploi-argilus\/\" \/>\n<meta property=\"og:site_name\" content=\"LOGISAIN 78 \u2013 Magasin de mat\u00e9riaux biosourc\u00e9s\" \/>\n<meta property=\"article:modified_time\" content=\"2026-01-27T10:50:14+00:00\" \/>\n<meta name=\"twitter:card\" content=\"summary_large_image\" \/>\n<meta name=\"twitter:label1\" content=\"Dur\u00e9e de lecture estim\u00e9e\" \/>\n\t<meta name=\"twitter:data1\" content=\"2 minutes\" \/>\n<script type=\"application\/ld+json\" class=\"yoast-schema-graph\">{\"@context\":\"https:\\\/\\\/schema.org\",\"@graph\":[{\"@type\":\"WebPage\",\"@id\":\"https:\\\/\\\/nature-et-developpement.com\\\/logisain-78\\\/produit\\\/torchis-terre-et-paille-pret-a-l-emploi-argilus\\\/\",\"url\":\"https:\\\/\\\/nature-et-developpement.com\\\/logisain-78\\\/produit\\\/torchis-terre-et-paille-pret-a-l-emploi-argilus\\\/\",\"name\":\"Torchis terre et paille pr\u00eat \u00e0 l'emploi Argilus\",\"isPartOf\":{\"@id\":\"https:\\\/\\\/nature-et-developpement.com\\\/logisain-78\\\/#website\"},\"primaryImageOfPage\":{\"@id\":\"https:\\\/\\\/nature-et-developpement.com\\\/logisain-78\\\/produit\\\/torchis-terre-et-paille-pret-a-l-emploi-argilus\\\/#primaryimage\"},\"image\":{\"@id\":\"https:\\\/\\\/nature-et-developpement.com\\\/logisain-78\\\/produit\\\/torchis-terre-et-paille-pret-a-l-emploi-argilus\\\/#primaryimage\"},\"thumbnailUrl\":\"https:\\\/\\\/nature-et-developpement.com\\\/logisain-78\\\/wp-content\\\/uploads\\\/Torchis-terre-et-paille-25Kg-pret-a-lemploi-Argilus.jpg\",\"datePublished\":\"2016-12-31T23:00:00+00:00\",\"dateModified\":\"2026-01-27T10:50:14+00:00\",\"description\":\"L\u2019enduit TORCHIS est compos\u00e9 d\u2019argile, de fibres de paille d\u2019orge moins longues et plus fines, et de diff\u00e9rents sables. Il sert \u00e0 corriger les fortes in\u00e9galit\u00e9s murales et s\u2019applique jusqu'\u00e0 5 cm d\u2019\u00e9paisseur en 2 couches.\",\"breadcrumb\":{\"@id\":\"https:\\\/\\\/nature-et-developpement.com\\\/logisain-78\\\/produit\\\/torchis-terre-et-paille-pret-a-l-emploi-argilus\\\/#breadcrumb\"},\"inLanguage\":\"fr-FR\",\"potentialAction\":[{\"@type\":\"ReadAction\",\"target\":[\"https:\\\/\\\/nature-et-developpement.com\\\/logisain-78\\\/produit\\\/torchis-terre-et-paille-pret-a-l-emploi-argilus\\\/\"]}]},{\"@type\":\"ImageObject\",\"inLanguage\":\"fr-FR\",\"@id\":\"https:\\\/\\\/nature-et-developpement.com\\\/logisain-78\\\/produit\\\/torchis-terre-et-paille-pret-a-l-emploi-argilus\\\/#primaryimage\",\"url\":\"https:\\\/\\\/nature-et-developpement.com\\\/logisain-78\\\/wp-content\\\/uploads\\\/Torchis-terre-et-paille-25Kg-pret-a-lemploi-Argilus.jpg\",\"contentUrl\":\"https:\\\/\\\/nature-et-developpement.com\\\/logisain-78\\\/wp-content\\\/uploads\\\/Torchis-terre-et-paille-25Kg-pret-a-lemploi-Argilus.jpg\"},{\"@type\":\"BreadcrumbList\",\"@id\":\"https:\\\/\\\/nature-et-developpement.com\\\/logisain-78\\\/produit\\\/torchis-terre-et-paille-pret-a-l-emploi-argilus\\\/#breadcrumb\",\"itemListElement\":[{\"@type\":\"ListItem\",\"position\":1,\"name\":\"Accueil\",\"item\":\"https:\\\/\\\/nature-et-developpement.com\\\/logisain-78\\\/\"},{\"@type\":\"ListItem\",\"position\":2,\"name\":\"Produits\",\"item\":\"https:\\\/\\\/nature-et-developpement.com\\\/logisain-78\\\/shop\\\/\"},{\"@type\":\"ListItem\",\"position\":3,\"name\":\"Construction, cloison et fen\u00eatres\",\"item\":\"https:\\\/\\\/nature-et-developpement.com\\\/logisain-78\\\/produits\\\/construction\\\/\"},{\"@type\":\"ListItem\",\"position\":4,\"name\":\"Ma\u00e7onnerie\",\"item\":\"https:\\\/\\\/nature-et-developpement.com\\\/logisain-78\\\/produits\\\/construction\\\/maconnerie\\\/\"},{\"@type\":\"ListItem\",\"position\":5,\"name\":\"Torchis terre et paille pr\u00eat \u00e0 l&#8217;emploi Argilus\"}]},{\"@type\":\"WebSite\",\"@id\":\"https:\\\/\\\/nature-et-developpement.com\\\/logisain-78\\\/#website\",\"url\":\"https:\\\/\\\/nature-et-developpement.com\\\/logisain-78\\\/\",\"name\":\"LOGISAIN 78 \u2013 Magasin de mat\u00e9riaux biosourc\u00e9s\",\"description\":\"Logisain 78 est membre du groupement Nature &amp; D\u00e9veloppement\",\"publisher\":{\"@id\":\"https:\\\/\\\/nature-et-developpement.com\\\/logisain-78\\\/#organization\"},\"potentialAction\":[{\"@type\":\"SearchAction\",\"target\":{\"@type\":\"EntryPoint\",\"urlTemplate\":\"https:\\\/\\\/nature-et-developpement.com\\\/logisain-78\\\/?s={search_term_string}\"},\"query-input\":{\"@type\":\"PropertyValueSpecification\",\"valueRequired\":true,\"valueName\":\"search_term_string\"}}],\"inLanguage\":\"fr-FR\"},{\"@type\":\"Organization\",\"@id\":\"https:\\\/\\\/nature-et-developpement.com\\\/logisain-78\\\/#organization\",\"name\":\"Logisain 78\",\"url\":\"https:\\\/\\\/nature-et-developpement.com\\\/logisain-78\\\/\",\"logo\":{\"@type\":\"ImageObject\",\"inLanguage\":\"fr-FR\",\"@id\":\"https:\\\/\\\/nature-et-developpement.com\\\/logisain-78\\\/#\\\/schema\\\/logo\\\/image\\\/\",\"url\":\"https:\\\/\\\/nature-et-developpement.com\\\/logisain-78\\\/wp-content\\\/uploads\\\/sites\\\/5\\\/2021\\\/08\\\/logo-logisain.jpg\",\"contentUrl\":\"https:\\\/\\\/nature-et-developpement.com\\\/logisain-78\\\/wp-content\\\/uploads\\\/sites\\\/5\\\/2021\\\/08\\\/logo-logisain.jpg\",\"width\":672,\"height\":455,\"caption\":\"Logisain 78\"},\"image\":{\"@id\":\"https:\\\/\\\/nature-et-developpement.com\\\/logisain-78\\\/#\\\/schema\\\/logo\\\/image\\\/\"}}]}<\/script>\n<!-- \/ Yoast SEO plugin. -->","yoast_head_json":{"title":"Torchis terre et paille pr\u00eat \u00e0 l'emploi Argilus","description":"L\u2019enduit TORCHIS est compos\u00e9 d\u2019argile, de fibres de paille d\u2019orge moins longues et plus fines, et de diff\u00e9rents sables.  Il sert \u00e0 corriger les fortes in\u00e9galit\u00e9s murales et s\u2019applique jusqu'\u00e0 5 cm d\u2019\u00e9paisseur en 2 couches.","robots":{"index":"noindex","follow":"nofollow"},"og_locale":"fr_FR","og_type":"article","og_title":"Torchis terre et paille pr\u00eat \u00e0 l'emploi Argilus","og_description":"L\u2019enduit TORCHIS est compos\u00e9 d\u2019argile, de fibres de paille d\u2019orge moins longues et plus fines, et de diff\u00e9rents sables.  Il sert \u00e0 corriger les fortes in\u00e9galit\u00e9s murales et s\u2019applique jusqu'\u00e0 5 cm d\u2019\u00e9paisseur en 2 couches.","og_url":"https:\/\/nature-et-developpement.com\/logisain-78\/produit\/torchis-terre-et-paille-pret-a-l-emploi-argilus\/","og_site_name":"LOGISAIN 78 \u2013 Magasin de mat\u00e9riaux biosourc\u00e9s","article_modified_time":"2026-01-27T10:50:14+00:00","twitter_card":"summary_large_image","twitter_misc":{"Dur\u00e9e de lecture estim\u00e9e":"2 minutes"},"schema":{"@context":"https:\/\/schema.org","@graph":[{"@type":"WebPage","@id":"https:\/\/nature-et-developpement.com\/logisain-78\/produit\/torchis-terre-et-paille-pret-a-l-emploi-argilus\/","url":"https:\/\/nature-et-developpement.com\/logisain-78\/produit\/torchis-terre-et-paille-pret-a-l-emploi-argilus\/","name":"Torchis terre et paille pr\u00eat \u00e0 l'emploi Argilus","isPartOf":{"@id":"https:\/\/nature-et-developpement.com\/logisain-78\/#website"},"primaryImageOfPage":{"@id":"https:\/\/nature-et-developpement.com\/logisain-78\/produit\/torchis-terre-et-paille-pret-a-l-emploi-argilus\/#primaryimage"},"image":{"@id":"https:\/\/nature-et-developpement.com\/logisain-78\/produit\/torchis-terre-et-paille-pret-a-l-emploi-argilus\/#primaryimage"},"thumbnailUrl":"https:\/\/nature-et-developpement.com\/logisain-78\/wp-content\/uploads\/Torchis-terre-et-paille-25Kg-pret-a-lemploi-Argilus.jpg","datePublished":"2016-12-31T23:00:00+00:00","dateModified":"2026-01-27T10:50:14+00:00","description":"L\u2019enduit TORCHIS est compos\u00e9 d\u2019argile, de fibres de paille d\u2019orge moins longues et plus fines, et de diff\u00e9rents sables. Il sert \u00e0 corriger les fortes in\u00e9galit\u00e9s murales et s\u2019applique jusqu'\u00e0 5 cm d\u2019\u00e9paisseur en 2 couches.","breadcrumb":{"@id":"https:\/\/nature-et-developpement.com\/logisain-78\/produit\/torchis-terre-et-paille-pret-a-l-emploi-argilus\/#breadcrumb"},"inLanguage":"fr-FR","potentialAction":[{"@type":"ReadAction","target":["https:\/\/nature-et-developpement.com\/logisain-78\/produit\/torchis-terre-et-paille-pret-a-l-emploi-argilus\/"]}]},{"@type":"ImageObject","inLanguage":"fr-FR","@id":"https:\/\/nature-et-developpement.com\/logisain-78\/produit\/torchis-terre-et-paille-pret-a-l-emploi-argilus\/#primaryimage","url":"https:\/\/nature-et-developpement.com\/logisain-78\/wp-content\/uploads\/Torchis-terre-et-paille-25Kg-pret-a-lemploi-Argilus.jpg","contentUrl":"https:\/\/nature-et-developpement.com\/logisain-78\/wp-content\/uploads\/Torchis-terre-et-paille-25Kg-pret-a-lemploi-Argilus.jpg"},{"@type":"BreadcrumbList","@id":"https:\/\/nature-et-developpement.com\/logisain-78\/produit\/torchis-terre-et-paille-pret-a-l-emploi-argilus\/#breadcrumb","itemListElement":[{"@type":"ListItem","position":1,"name":"Accueil","item":"https:\/\/nature-et-developpement.com\/logisain-78\/"},{"@type":"ListItem","position":2,"name":"Produits","item":"https:\/\/nature-et-developpement.com\/logisain-78\/shop\/"},{"@type":"ListItem","position":3,"name":"Construction, cloison et fen\u00eatres","item":"https:\/\/nature-et-developpement.com\/logisain-78\/produits\/construction\/"},{"@type":"ListItem","position":4,"name":"Ma\u00e7onnerie","item":"https:\/\/nature-et-developpement.com\/logisain-78\/produits\/construction\/maconnerie\/"},{"@type":"ListItem","position":5,"name":"Torchis terre et paille pr\u00eat \u00e0 l&#8217;emploi Argilus"}]},{"@type":"WebSite","@id":"https:\/\/nature-et-developpement.com\/logisain-78\/#website","url":"https:\/\/nature-et-developpement.com\/logisain-78\/","name":"LOGISAIN 78 \u2013 Magasin de mat\u00e9riaux biosourc\u00e9s","description":"Logisain 78 est membre du groupement Nature &amp; D\u00e9veloppement","publisher":{"@id":"https:\/\/nature-et-developpement.com\/logisain-78\/#organization"},"potentialAction":[{"@type":"SearchAction","target":{"@type":"EntryPoint","urlTemplate":"https:\/\/nature-et-developpement.com\/logisain-78\/?s={search_term_string}"},"query-input":{"@type":"PropertyValueSpecification","valueRequired":true,"valueName":"search_term_string"}}],"inLanguage":"fr-FR"},{"@type":"Organization","@id":"https:\/\/nature-et-developpement.com\/logisain-78\/#organization","name":"Logisain 78","url":"https:\/\/nature-et-developpement.com\/logisain-78\/","logo":{"@type":"ImageObject","inLanguage":"fr-FR","@id":"https:\/\/nature-et-developpement.com\/logisain-78\/#\/schema\/logo\/image\/","url":"https:\/\/nature-et-developpement.com\/logisain-78\/wp-content\/uploads\/sites\/5\/2021\/08\/logo-logisain.jpg","contentUrl":"https:\/\/nature-et-developpement.com\/logisain-78\/wp-content\/uploads\/sites\/5\/2021\/08\/logo-logisain.jpg","width":672,"height":455,"caption":"Logisain 78"},"image":{"@id":"https:\/\/nature-et-developpement.com\/logisain-78\/#\/schema\/logo\/image\/"}}]}},"distributor_meta":false,"distributor_terms":false,"distributor_media":false,"distributor_original_site_name":"LOGISAIN 78 \u2013 Magasin de mat\u00e9riaux biosourc\u00e9s","distributor_original_site_url":"https:\/\/nature-et-developpement.com\/logisain-78","push-errors":false,"_links":{"self":[{"href":"https:\/\/nature-et-developpement.com\/logisain-78\/wp-json\/wp\/v2\/product\/10663","targetHints":{"allow":["GET"]}}],"collection":[{"href":"https:\/\/nature-et-developpement.com\/logisain-78\/wp-json\/wp\/v2\/product"}],"about":[{"href":"https:\/\/nature-et-developpement.com\/logisain-78\/wp-json\/wp\/v2\/types\/product"}],"wp:featuredmedia":[{"embeddable":true,"href":"https:\/\/nature-et-developpement.com\/logisain-78\/wp-json\/"}],"wp:attachment":[{"href":"https:\/\/nature-et-developpement.com\/logisain-78\/wp-json\/wp\/v2\/media?parent=10663"}],"wp:term":[{"taxonomy":"product_brand","embeddable":true,"href":"https:\/\/nature-et-developpement.com\/logisain-78\/wp-json\/wp\/v2\/product_brand?post=10663"},{"taxonomy":"product_cat","embeddable":true,"href":"https:\/\/nature-et-developpement.com\/logisain-78\/wp-json\/wp\/v2\/product_cat?post=10663"},{"taxonomy":"product_tag","embeddable":true,"href":"https:\/\/nature-et-developpement.com\/logisain-78\/wp-json\/wp\/v2\/product_tag?post=10663"}],"curies":[{"name":"wp","href":"https:\/\/api.w.org\/{rel}","templated":true}]}}