{"id":10698,"date":"2017-01-01T00:00:00","date_gmt":"2016-12-31T23:00:00","guid":{"rendered":"https:\/\/nature-et-developpement.com\/logisain78\/produit\/enduit-terre-monocouche-pret-a-lemploi-argilus-en-big-bag\/"},"modified":"2026-01-27T11:55:21","modified_gmt":"2026-01-27T10:55:21","slug":"enduit-terre-monocouche-argilus-big-bag","status":"publish","type":"product","link":"https:\/\/nature-et-developpement.com\/logisain-78\/produit\/enduit-terre-monocouche-argilus-big-bag\/","title":{"rendered":"Enduit terre monocouche Argilus en Big-Bag"},"content":{"rendered":"<h2>Un enduit d&rsquo;argile pour les grandes surfaces<\/h2>\n<p>L\u2019enduit Monocouche s\u2019applique en 1cm d\u2019\u00e9paisseur environ.<\/p>\n<p>12 teintes en Big-Bag pr\u00eates \u00e0 l\u2019emploi sont disponibles dans cette gamme.<\/p>\n<p>Il est compos\u00e9 d\u2019argile, de chanvre fin, de diff\u00e9rentes sables et d\u2019ocres\u00a0naturels pour certaines couleurs.<\/p>\n<p>Il s\u2019applique uniquement sur des supports rugueux, qui accrochent naturellement comme la pierre, la<\/p>\n<p>brique, les enduits chaux \/ chanvre, les enduits ciments, les parpaings\u2026etc.<\/p>\n<p>Le MONOCOUCHE ARGILUS peut \u00eatre projet\u00e9 \u00e0 la machine ou mis en \u0153uvre \u00e0 la main.<\/p>\n<p>L\u2019enduit MONOCOUCHE ARGILUS pourra \u00eatre appliqu\u00e9 sur de nombreux supports tels que la pierre, la brique, le parpaing, le b\u00e9ton cellulaire, les enduits ciments.<\/p>\n<p>Une humidification du support est uniquement n\u00e9cessaire pour ralentir le s\u00e9chage de l\u2019enduit afin de faciliter son application ou pour d\u00e9poussi\u00e9rer le support.<\/p>\n<p>Tous r\u00e9sidus de peintures, d\u2019enduits souffl\u00e9s, de papiers peints devront \u00eatre supprim\u00e9s.<\/p>\n<p>Un support pr\u00e9sentant des remont\u00e9es capillaires ou du salp\u00eatre risque de d\u00e9t\u00e9riorer ou de t\u00e2cher l\u2019enduit.<\/p>\n<p>L\u2019enduit MONOCOUCHE ARGILUS s\u2019applique de pr\u00e9f\u00e9rence sur des supports rugueux, irr\u00e9gulier et qui ne n\u00e9cessite pas de pr\u00e9paration sp\u00e9cifique.<\/p>\n<p>Le s\u00e9chage ne devra pas prendre plus de 3 jours. L\u2019enduit terre s\u00e8che uniquement par migration de l\u2019eau vers l\u2019ext\u00e9rieur.<\/p>\n<p>Ventiler ou r\u00e9chauffer la pi\u00e8ce si n\u00e9cessaire pour ne pas risquer de faire pourrir les fibres v\u00e9g\u00e9tales.<\/p>\n<p>En p\u00e9riode hivernale (de Novembre \u00e0 Mars), il est obligatoire d\u2019utiliser un extracteur d\u2019humidit\u00e9 (que vous trouverez tr\u00e8s facilement aupr\u00e8s des magasins de location en mat\u00e9riel du b\u00e2timent).<\/p>\n<p>L\u2019enduit s\u2019\u00e9claircit en s\u00e9chant.<\/p>\n<p><img loading=\"lazy\" decoding=\"async\" class=\" size-full wp-image-103550\" src=\"https:\/\/nature-et-developpement.com\/wp-content\/uploads\/cms\/ARGILUS\/Enduit-monocouche.jpg\" alt=\"\" width=\"1000\" height=\"181\" \/><\/p>\n","protected":false},"excerpt":{"rendered":"<p>L\u2019enduit Monocouche s\u2019applique en 1cm d\u2019\u00e9paisseur environ.<\/p>\n<p>12 teintes pr\u00eates \u00e0 l\u2019emploi sont disponibles dans ce format.<\/p>\n","protected":false},"featured_media":1000000169375,"template":"","meta":[],"product_brand":[2821],"product_cat":[91,2904,225,173,47],"product_tag":[4282],"class_list":{"0":"post-10698","1":"product","2":"type-product","3":"status-publish","4":"has-post-thumbnail","6":"product_brand-argilus","7":"product_cat-construction","8":"product_cat-demande-de-devis-uniquement-avec-prix","9":"product_cat-enduits-naturels","10":"product_cat-maconnerie","11":"product_cat-peinture-et-enduit","12":"product_tag-argilus","13":"product_shipping_class-impact-transport-important","15":"first","16":"instock","17":"taxable","18":"shipping-taxable","19":"purchasable","20":"product-type-variable"},"yoast_head":"<!-- This site is optimized with the Yoast SEO plugin v27.5 - https:\/\/yoast.com\/product\/yoast-seo-wordpress\/ -->\n<title>Enduit terre monocouche Argilus en Big-Bag<\/title>\n<meta name=\"description\" content=\"L\u2019enduit Monocouche s\u2019applique en 1cm d\u2019\u00e9paisseur environ.  12 teintes pr\u00eates \u00e0 l\u2019emploi sont disponibles dans ce format.\" \/>\n<meta name=\"robots\" content=\"noindex, nofollow\" \/>\n<meta property=\"og:locale\" content=\"fr_FR\" \/>\n<meta property=\"og:type\" content=\"article\" \/>\n<meta property=\"og:title\" content=\"Enduit terre monocouche Argilus en Big-Bag\" \/>\n<meta property=\"og:description\" content=\"L\u2019enduit Monocouche s\u2019applique en 1cm d\u2019\u00e9paisseur environ.  12 teintes pr\u00eates \u00e0 l\u2019emploi sont disponibles dans ce format.\" \/>\n<meta property=\"og:url\" content=\"https:\/\/nature-et-developpement.com\/logisain-78\/produit\/enduit-terre-monocouche-argilus-big-bag\/\" \/>\n<meta property=\"og:site_name\" content=\"LOGISAIN 78 \u2013 Magasin de mat\u00e9riaux biosourc\u00e9s\" \/>\n<meta property=\"article:modified_time\" content=\"2026-01-27T10:55:21+00:00\" \/>\n<meta name=\"twitter:card\" content=\"summary_large_image\" \/>\n<meta name=\"twitter:label1\" content=\"Dur\u00e9e de lecture estim\u00e9e\" \/>\n\t<meta name=\"twitter:data1\" content=\"2 minutes\" \/>\n<script type=\"application\/ld+json\" class=\"yoast-schema-graph\">{\"@context\":\"https:\\\/\\\/schema.org\",\"@graph\":[{\"@type\":\"WebPage\",\"@id\":\"https:\\\/\\\/nature-et-developpement.com\\\/logisain-78\\\/produit\\\/enduit-terre-monocouche-argilus-big-bag\\\/\",\"url\":\"https:\\\/\\\/nature-et-developpement.com\\\/logisain-78\\\/produit\\\/enduit-terre-monocouche-argilus-big-bag\\\/\",\"name\":\"Enduit terre monocouche Argilus en Big-Bag\",\"isPartOf\":{\"@id\":\"https:\\\/\\\/nature-et-developpement.com\\\/logisain-78\\\/#website\"},\"primaryImageOfPage\":{\"@id\":\"https:\\\/\\\/nature-et-developpement.com\\\/logisain-78\\\/produit\\\/enduit-terre-monocouche-argilus-big-bag\\\/#primaryimage\"},\"image\":{\"@id\":\"https:\\\/\\\/nature-et-developpement.com\\\/logisain-78\\\/produit\\\/enduit-terre-monocouche-argilus-big-bag\\\/#primaryimage\"},\"thumbnailUrl\":\"https:\\\/\\\/nature-et-developpement.com\\\/logisain-78\\\/wp-content\\\/uploads\\\/Enduit-terre-monocouche-Argilus-en-Big-Bag.jpg\",\"datePublished\":\"2016-12-31T23:00:00+00:00\",\"dateModified\":\"2026-01-27T10:55:21+00:00\",\"description\":\"L\u2019enduit Monocouche s\u2019applique en 1cm d\u2019\u00e9paisseur environ. 12 teintes pr\u00eates \u00e0 l\u2019emploi sont disponibles dans ce format.\",\"breadcrumb\":{\"@id\":\"https:\\\/\\\/nature-et-developpement.com\\\/logisain-78\\\/produit\\\/enduit-terre-monocouche-argilus-big-bag\\\/#breadcrumb\"},\"inLanguage\":\"fr-FR\",\"potentialAction\":[{\"@type\":\"ReadAction\",\"target\":[\"https:\\\/\\\/nature-et-developpement.com\\\/logisain-78\\\/produit\\\/enduit-terre-monocouche-argilus-big-bag\\\/\"]}]},{\"@type\":\"ImageObject\",\"inLanguage\":\"fr-FR\",\"@id\":\"https:\\\/\\\/nature-et-developpement.com\\\/logisain-78\\\/produit\\\/enduit-terre-monocouche-argilus-big-bag\\\/#primaryimage\",\"url\":\"https:\\\/\\\/nature-et-developpement.com\\\/logisain-78\\\/wp-content\\\/uploads\\\/Enduit-terre-monocouche-Argilus-en-Big-Bag.jpg\",\"contentUrl\":\"https:\\\/\\\/nature-et-developpement.com\\\/logisain-78\\\/wp-content\\\/uploads\\\/Enduit-terre-monocouche-Argilus-en-Big-Bag.jpg\"},{\"@type\":\"BreadcrumbList\",\"@id\":\"https:\\\/\\\/nature-et-developpement.com\\\/logisain-78\\\/produit\\\/enduit-terre-monocouche-argilus-big-bag\\\/#breadcrumb\",\"itemListElement\":[{\"@type\":\"ListItem\",\"position\":1,\"name\":\"Accueil\",\"item\":\"https:\\\/\\\/nature-et-developpement.com\\\/logisain-78\\\/\"},{\"@type\":\"ListItem\",\"position\":2,\"name\":\"Produits\",\"item\":\"https:\\\/\\\/nature-et-developpement.com\\\/logisain-78\\\/shop\\\/\"},{\"@type\":\"ListItem\",\"position\":3,\"name\":\"Construction, cloison et fen\u00eatres\",\"item\":\"https:\\\/\\\/nature-et-developpement.com\\\/logisain-78\\\/produits\\\/construction\\\/\"},{\"@type\":\"ListItem\",\"position\":4,\"name\":\"Ma\u00e7onnerie\",\"item\":\"https:\\\/\\\/nature-et-developpement.com\\\/logisain-78\\\/produits\\\/construction\\\/maconnerie\\\/\"},{\"@type\":\"ListItem\",\"position\":5,\"name\":\"Enduit terre monocouche Argilus en Big-Bag\"}]},{\"@type\":\"WebSite\",\"@id\":\"https:\\\/\\\/nature-et-developpement.com\\\/logisain-78\\\/#website\",\"url\":\"https:\\\/\\\/nature-et-developpement.com\\\/logisain-78\\\/\",\"name\":\"LOGISAIN 78 \u2013 Magasin de mat\u00e9riaux biosourc\u00e9s\",\"description\":\"Logisain 78 est membre du groupement Nature &amp; D\u00e9veloppement\",\"publisher\":{\"@id\":\"https:\\\/\\\/nature-et-developpement.com\\\/logisain-78\\\/#organization\"},\"potentialAction\":[{\"@type\":\"SearchAction\",\"target\":{\"@type\":\"EntryPoint\",\"urlTemplate\":\"https:\\\/\\\/nature-et-developpement.com\\\/logisain-78\\\/?s={search_term_string}\"},\"query-input\":{\"@type\":\"PropertyValueSpecification\",\"valueRequired\":true,\"valueName\":\"search_term_string\"}}],\"inLanguage\":\"fr-FR\"},{\"@type\":\"Organization\",\"@id\":\"https:\\\/\\\/nature-et-developpement.com\\\/logisain-78\\\/#organization\",\"name\":\"Logisain 78\",\"url\":\"https:\\\/\\\/nature-et-developpement.com\\\/logisain-78\\\/\",\"logo\":{\"@type\":\"ImageObject\",\"inLanguage\":\"fr-FR\",\"@id\":\"https:\\\/\\\/nature-et-developpement.com\\\/logisain-78\\\/#\\\/schema\\\/logo\\\/image\\\/\",\"url\":\"https:\\\/\\\/nature-et-developpement.com\\\/logisain-78\\\/wp-content\\\/uploads\\\/sites\\\/5\\\/2021\\\/08\\\/logo-logisain.jpg\",\"contentUrl\":\"https:\\\/\\\/nature-et-developpement.com\\\/logisain-78\\\/wp-content\\\/uploads\\\/sites\\\/5\\\/2021\\\/08\\\/logo-logisain.jpg\",\"width\":672,\"height\":455,\"caption\":\"Logisain 78\"},\"image\":{\"@id\":\"https:\\\/\\\/nature-et-developpement.com\\\/logisain-78\\\/#\\\/schema\\\/logo\\\/image\\\/\"}}]}<\/script>\n<!-- \/ Yoast SEO plugin. -->","yoast_head_json":{"title":"Enduit terre monocouche Argilus en Big-Bag","description":"L\u2019enduit Monocouche s\u2019applique en 1cm d\u2019\u00e9paisseur environ.  12 teintes pr\u00eates \u00e0 l\u2019emploi sont disponibles dans ce format.","robots":{"index":"noindex","follow":"nofollow"},"og_locale":"fr_FR","og_type":"article","og_title":"Enduit terre monocouche Argilus en Big-Bag","og_description":"L\u2019enduit Monocouche s\u2019applique en 1cm d\u2019\u00e9paisseur environ.  12 teintes pr\u00eates \u00e0 l\u2019emploi sont disponibles dans ce format.","og_url":"https:\/\/nature-et-developpement.com\/logisain-78\/produit\/enduit-terre-monocouche-argilus-big-bag\/","og_site_name":"LOGISAIN 78 \u2013 Magasin de mat\u00e9riaux biosourc\u00e9s","article_modified_time":"2026-01-27T10:55:21+00:00","twitter_card":"summary_large_image","twitter_misc":{"Dur\u00e9e de lecture estim\u00e9e":"2 minutes"},"schema":{"@context":"https:\/\/schema.org","@graph":[{"@type":"WebPage","@id":"https:\/\/nature-et-developpement.com\/logisain-78\/produit\/enduit-terre-monocouche-argilus-big-bag\/","url":"https:\/\/nature-et-developpement.com\/logisain-78\/produit\/enduit-terre-monocouche-argilus-big-bag\/","name":"Enduit terre monocouche Argilus en Big-Bag","isPartOf":{"@id":"https:\/\/nature-et-developpement.com\/logisain-78\/#website"},"primaryImageOfPage":{"@id":"https:\/\/nature-et-developpement.com\/logisain-78\/produit\/enduit-terre-monocouche-argilus-big-bag\/#primaryimage"},"image":{"@id":"https:\/\/nature-et-developpement.com\/logisain-78\/produit\/enduit-terre-monocouche-argilus-big-bag\/#primaryimage"},"thumbnailUrl":"https:\/\/nature-et-developpement.com\/logisain-78\/wp-content\/uploads\/Enduit-terre-monocouche-Argilus-en-Big-Bag.jpg","datePublished":"2016-12-31T23:00:00+00:00","dateModified":"2026-01-27T10:55:21+00:00","description":"L\u2019enduit Monocouche s\u2019applique en 1cm d\u2019\u00e9paisseur environ. 12 teintes pr\u00eates \u00e0 l\u2019emploi sont disponibles dans ce format.","breadcrumb":{"@id":"https:\/\/nature-et-developpement.com\/logisain-78\/produit\/enduit-terre-monocouche-argilus-big-bag\/#breadcrumb"},"inLanguage":"fr-FR","potentialAction":[{"@type":"ReadAction","target":["https:\/\/nature-et-developpement.com\/logisain-78\/produit\/enduit-terre-monocouche-argilus-big-bag\/"]}]},{"@type":"ImageObject","inLanguage":"fr-FR","@id":"https:\/\/nature-et-developpement.com\/logisain-78\/produit\/enduit-terre-monocouche-argilus-big-bag\/#primaryimage","url":"https:\/\/nature-et-developpement.com\/logisain-78\/wp-content\/uploads\/Enduit-terre-monocouche-Argilus-en-Big-Bag.jpg","contentUrl":"https:\/\/nature-et-developpement.com\/logisain-78\/wp-content\/uploads\/Enduit-terre-monocouche-Argilus-en-Big-Bag.jpg"},{"@type":"BreadcrumbList","@id":"https:\/\/nature-et-developpement.com\/logisain-78\/produit\/enduit-terre-monocouche-argilus-big-bag\/#breadcrumb","itemListElement":[{"@type":"ListItem","position":1,"name":"Accueil","item":"https:\/\/nature-et-developpement.com\/logisain-78\/"},{"@type":"ListItem","position":2,"name":"Produits","item":"https:\/\/nature-et-developpement.com\/logisain-78\/shop\/"},{"@type":"ListItem","position":3,"name":"Construction, cloison et fen\u00eatres","item":"https:\/\/nature-et-developpement.com\/logisain-78\/produits\/construction\/"},{"@type":"ListItem","position":4,"name":"Ma\u00e7onnerie","item":"https:\/\/nature-et-developpement.com\/logisain-78\/produits\/construction\/maconnerie\/"},{"@type":"ListItem","position":5,"name":"Enduit terre monocouche Argilus en Big-Bag"}]},{"@type":"WebSite","@id":"https:\/\/nature-et-developpement.com\/logisain-78\/#website","url":"https:\/\/nature-et-developpement.com\/logisain-78\/","name":"LOGISAIN 78 \u2013 Magasin de mat\u00e9riaux biosourc\u00e9s","description":"Logisain 78 est membre du groupement Nature &amp; D\u00e9veloppement","publisher":{"@id":"https:\/\/nature-et-developpement.com\/logisain-78\/#organization"},"potentialAction":[{"@type":"SearchAction","target":{"@type":"EntryPoint","urlTemplate":"https:\/\/nature-et-developpement.com\/logisain-78\/?s={search_term_string}"},"query-input":{"@type":"PropertyValueSpecification","valueRequired":true,"valueName":"search_term_string"}}],"inLanguage":"fr-FR"},{"@type":"Organization","@id":"https:\/\/nature-et-developpement.com\/logisain-78\/#organization","name":"Logisain 78","url":"https:\/\/nature-et-developpement.com\/logisain-78\/","logo":{"@type":"ImageObject","inLanguage":"fr-FR","@id":"https:\/\/nature-et-developpement.com\/logisain-78\/#\/schema\/logo\/image\/","url":"https:\/\/nature-et-developpement.com\/logisain-78\/wp-content\/uploads\/sites\/5\/2021\/08\/logo-logisain.jpg","contentUrl":"https:\/\/nature-et-developpement.com\/logisain-78\/wp-content\/uploads\/sites\/5\/2021\/08\/logo-logisain.jpg","width":672,"height":455,"caption":"Logisain 78"},"image":{"@id":"https:\/\/nature-et-developpement.com\/logisain-78\/#\/schema\/logo\/image\/"}}]}},"distributor_meta":false,"distributor_terms":false,"distributor_media":false,"distributor_original_site_name":"LOGISAIN 78 \u2013 Magasin de mat\u00e9riaux biosourc\u00e9s","distributor_original_site_url":"https:\/\/nature-et-developpement.com\/logisain-78","push-errors":false,"_links":{"self":[{"href":"https:\/\/nature-et-developpement.com\/logisain-78\/wp-json\/wp\/v2\/product\/10698","targetHints":{"allow":["GET"]}}],"collection":[{"href":"https:\/\/nature-et-developpement.com\/logisain-78\/wp-json\/wp\/v2\/product"}],"about":[{"href":"https:\/\/nature-et-developpement.com\/logisain-78\/wp-json\/wp\/v2\/types\/product"}],"wp:featuredmedia":[{"embeddable":true,"href":"https:\/\/nature-et-developpement.com\/logisain-78\/wp-json\/"}],"wp:attachment":[{"href":"https:\/\/nature-et-developpement.com\/logisain-78\/wp-json\/wp\/v2\/media?parent=10698"}],"wp:term":[{"taxonomy":"product_brand","embeddable":true,"href":"https:\/\/nature-et-developpement.com\/logisain-78\/wp-json\/wp\/v2\/product_brand?post=10698"},{"taxonomy":"product_cat","embeddable":true,"href":"https:\/\/nature-et-developpement.com\/logisain-78\/wp-json\/wp\/v2\/product_cat?post=10698"},{"taxonomy":"product_tag","embeddable":true,"href":"https:\/\/nature-et-developpement.com\/logisain-78\/wp-json\/wp\/v2\/product_tag?post=10698"}],"curies":[{"name":"wp","href":"https:\/\/api.w.org\/{rel}","templated":true}]}}