{"id":10817,"date":"2017-01-01T00:00:00","date_gmt":"2016-12-31T23:00:00","guid":{"rendered":"https:\/\/nature-et-developpement.com\/logisain78\/produit\/beton-dargile-pret-a-lemploi-argilus\/"},"modified":"2026-01-27T12:05:13","modified_gmt":"2026-01-27T11:05:13","slug":"beton-d-argile-pret-a-l-emploi-argilus","status":"publish","type":"product","link":"https:\/\/nature-et-developpement.com\/logisain-78\/produit\/beton-d-argile-pret-a-l-emploi-argilus\/","title":{"rendered":"B\u00e9ton d&rsquo;argile pr\u00eat \u00e0 l&#8217;emploi Argilus"},"content":{"rendered":"<h2>Un b\u00e9ton sain \u00e0 base de terre<\/h2>\n<p>Ses nouvelles performances m\u00e9caniques dues \u00e0 une formulation mise au point dans le laboratoire ARGILUS, lui apporte une performance m\u00e9canique sup\u00e9rieure \u00e0 20 MPa.<\/p>\n<p>Le produit est uniquement disponible en BIG BAG de 1 tonne ou 500 kilos.<\/p>\n<p>Il se pr\u00e9sente \u201cpr\u00eat \u00e0 humidifier\u201d et sans gravillons \u00e0 rajouter.<\/p>\n<p>Le b\u00e9ton d\u2019argile ARGILUS n\u2019est pas adapt\u00e9 pour la r\u00e9alisation d\u2019un ouvrage de structure, malgr\u00e9 ses bonnes performances m\u00e9caniques.<\/p>\n<p>Le b\u00e9ton d\u2019argile ARGILUS n\u2019est pas issu de la technologie HP2A.<\/p>\n<h3>Le b\u00e9ton d\u2019argile ARGILUS s\u2019applique :<\/h3>\n<p><b>SUPPORTS AUTORIS\u00c9S:<\/b><\/p>\n<p>H\u00e9rissons de gravillons, dalles de b\u00e9ton de ciment existantes, dalles de b\u00e9ton de chaux, panneaux de li\u00e8ge expans\u00e9 crois\u00e9s (2 x 5 cm).<\/p>\n<p><b>SUPPORTS INTERDITS:<\/b><\/p>\n<p>supports non stabilis\u00e9s, planchers bois, vieux parquets.<\/p>\n<p>Il est important d\u2019utiliser un film de protection (disponible chez ARGILUS) afin d\u2019\u00e9viter les remont\u00e9es d\u2019humidit\u00e9.<\/p>\n<p>Si le support est un h\u00e9risson de gravillons, il faudra veiller \u00e0 la bonne stabilit\u00e9 du sol en utilisant des gravillons adapt\u00e9s \u00e0 cet usage.<\/p>\n<p>Pour plus de pr\u00e9cisions, merci de nous consulter.<\/p>\n","protected":false},"excerpt":{"rendered":"<p>Le b\u00e9ton d\u2019argile ARGILUS est utilis\u00e9 pour la r\u00e9alisation de dalle entre 5 et 10 cm d\u2019\u00e9paisseur.<\/p>\n<p>Ce b\u00e9ton d\u2019argile pourra \u00e9galement \u00eatre utilis\u00e9 pour r\u00e9parer certains murs de pierre ou boucher des trous trop importants pour le torchis.<\/p>\n","protected":false},"featured_media":1000000169282,"template":"","meta":[],"product_brand":[2821],"product_cat":[91,2904,173],"product_tag":[4282],"class_list":{"0":"post-10817","1":"product","2":"type-product","3":"status-publish","4":"has-post-thumbnail","6":"product_brand-argilus","7":"product_cat-construction","8":"product_cat-demande-de-devis-uniquement-avec-prix","9":"product_cat-maconnerie","10":"product_tag-argilus","11":"product_shipping_class-impact-transport-important","13":"first","14":"instock","15":"taxable","16":"shipping-taxable","17":"purchasable","18":"product-type-variable"},"yoast_head":"<!-- This site is optimized with the Yoast SEO plugin v27.5 - https:\/\/yoast.com\/product\/yoast-seo-wordpress\/ -->\n<title>B\u00e9ton d&#039;argile pr\u00eat \u00e0 l&#039;emploi Argilus<\/title>\n<meta name=\"description\" content=\"Le b\u00e9ton d\u2019argile ARGILUS est utilis\u00e9 pour la r\u00e9alisation de dalle entre 5 et 10 cm d\u2019\u00e9paisseur.  Ce b\u00e9ton d\u2019argile pourra \u00e9galement \u00eatre utilis\u00e9 pour r\u00e9parer certains murs de pierre ou boucher des trous trop importants pour le torchis.\" \/>\n<meta name=\"robots\" content=\"noindex, nofollow\" \/>\n<meta property=\"og:locale\" content=\"fr_FR\" \/>\n<meta property=\"og:type\" content=\"article\" \/>\n<meta property=\"og:title\" content=\"B\u00e9ton d&#039;argile pr\u00eat \u00e0 l&#039;emploi Argilus\" \/>\n<meta property=\"og:description\" content=\"Le b\u00e9ton d\u2019argile ARGILUS est utilis\u00e9 pour la r\u00e9alisation de dalle entre 5 et 10 cm d\u2019\u00e9paisseur.  Ce b\u00e9ton d\u2019argile pourra \u00e9galement \u00eatre utilis\u00e9 pour r\u00e9parer certains murs de pierre ou boucher des trous trop importants pour le torchis.\" \/>\n<meta property=\"og:url\" content=\"https:\/\/nature-et-developpement.com\/logisain-78\/produit\/beton-d-argile-pret-a-l-emploi-argilus\/\" \/>\n<meta property=\"og:site_name\" content=\"LOGISAIN 78 \u2013 Magasin de mat\u00e9riaux biosourc\u00e9s\" \/>\n<meta property=\"article:modified_time\" content=\"2026-01-27T11:05:13+00:00\" \/>\n<meta name=\"twitter:card\" content=\"summary_large_image\" \/>\n<meta name=\"twitter:label1\" content=\"Dur\u00e9e de lecture estim\u00e9e\" \/>\n\t<meta name=\"twitter:data1\" content=\"1 minute\" \/>\n<script type=\"application\/ld+json\" class=\"yoast-schema-graph\">{\"@context\":\"https:\\\/\\\/schema.org\",\"@graph\":[{\"@type\":\"WebPage\",\"@id\":\"https:\\\/\\\/nature-et-developpement.com\\\/logisain-78\\\/produit\\\/beton-d-argile-pret-a-l-emploi-argilus\\\/\",\"url\":\"https:\\\/\\\/nature-et-developpement.com\\\/logisain-78\\\/produit\\\/beton-d-argile-pret-a-l-emploi-argilus\\\/\",\"name\":\"B\u00e9ton d'argile pr\u00eat \u00e0 l'emploi Argilus\",\"isPartOf\":{\"@id\":\"https:\\\/\\\/nature-et-developpement.com\\\/logisain-78\\\/#website\"},\"primaryImageOfPage\":{\"@id\":\"https:\\\/\\\/nature-et-developpement.com\\\/logisain-78\\\/produit\\\/beton-d-argile-pret-a-l-emploi-argilus\\\/#primaryimage\"},\"image\":{\"@id\":\"https:\\\/\\\/nature-et-developpement.com\\\/logisain-78\\\/produit\\\/beton-d-argile-pret-a-l-emploi-argilus\\\/#primaryimage\"},\"thumbnailUrl\":\"https:\\\/\\\/nature-et-developpement.com\\\/logisain-78\\\/wp-content\\\/uploads\\\/Beton-dargile-pret-a-lemploi-Argilus.jpg\",\"datePublished\":\"2016-12-31T23:00:00+00:00\",\"dateModified\":\"2026-01-27T11:05:13+00:00\",\"description\":\"Le b\u00e9ton d\u2019argile ARGILUS est utilis\u00e9 pour la r\u00e9alisation de dalle entre 5 et 10 cm d\u2019\u00e9paisseur. Ce b\u00e9ton d\u2019argile pourra \u00e9galement \u00eatre utilis\u00e9 pour r\u00e9parer certains murs de pierre ou boucher des trous trop importants pour le torchis.\",\"breadcrumb\":{\"@id\":\"https:\\\/\\\/nature-et-developpement.com\\\/logisain-78\\\/produit\\\/beton-d-argile-pret-a-l-emploi-argilus\\\/#breadcrumb\"},\"inLanguage\":\"fr-FR\",\"potentialAction\":[{\"@type\":\"ReadAction\",\"target\":[\"https:\\\/\\\/nature-et-developpement.com\\\/logisain-78\\\/produit\\\/beton-d-argile-pret-a-l-emploi-argilus\\\/\"]}]},{\"@type\":\"ImageObject\",\"inLanguage\":\"fr-FR\",\"@id\":\"https:\\\/\\\/nature-et-developpement.com\\\/logisain-78\\\/produit\\\/beton-d-argile-pret-a-l-emploi-argilus\\\/#primaryimage\",\"url\":\"https:\\\/\\\/nature-et-developpement.com\\\/logisain-78\\\/wp-content\\\/uploads\\\/Beton-dargile-pret-a-lemploi-Argilus.jpg\",\"contentUrl\":\"https:\\\/\\\/nature-et-developpement.com\\\/logisain-78\\\/wp-content\\\/uploads\\\/Beton-dargile-pret-a-lemploi-Argilus.jpg\"},{\"@type\":\"BreadcrumbList\",\"@id\":\"https:\\\/\\\/nature-et-developpement.com\\\/logisain-78\\\/produit\\\/beton-d-argile-pret-a-l-emploi-argilus\\\/#breadcrumb\",\"itemListElement\":[{\"@type\":\"ListItem\",\"position\":1,\"name\":\"Accueil\",\"item\":\"https:\\\/\\\/nature-et-developpement.com\\\/logisain-78\\\/\"},{\"@type\":\"ListItem\",\"position\":2,\"name\":\"Produits\",\"item\":\"https:\\\/\\\/nature-et-developpement.com\\\/logisain-78\\\/shop\\\/\"},{\"@type\":\"ListItem\",\"position\":3,\"name\":\"Construction, cloison et fen\u00eatres\",\"item\":\"https:\\\/\\\/nature-et-developpement.com\\\/logisain-78\\\/produits\\\/construction\\\/\"},{\"@type\":\"ListItem\",\"position\":4,\"name\":\"Ma\u00e7onnerie\",\"item\":\"https:\\\/\\\/nature-et-developpement.com\\\/logisain-78\\\/produits\\\/construction\\\/maconnerie\\\/\"},{\"@type\":\"ListItem\",\"position\":5,\"name\":\"B\u00e9ton d&rsquo;argile pr\u00eat \u00e0 l&#8217;emploi Argilus\"}]},{\"@type\":\"WebSite\",\"@id\":\"https:\\\/\\\/nature-et-developpement.com\\\/logisain-78\\\/#website\",\"url\":\"https:\\\/\\\/nature-et-developpement.com\\\/logisain-78\\\/\",\"name\":\"LOGISAIN 78 \u2013 Magasin de mat\u00e9riaux biosourc\u00e9s\",\"description\":\"Logisain 78 est membre du groupement Nature &amp; D\u00e9veloppement\",\"publisher\":{\"@id\":\"https:\\\/\\\/nature-et-developpement.com\\\/logisain-78\\\/#organization\"},\"potentialAction\":[{\"@type\":\"SearchAction\",\"target\":{\"@type\":\"EntryPoint\",\"urlTemplate\":\"https:\\\/\\\/nature-et-developpement.com\\\/logisain-78\\\/?s={search_term_string}\"},\"query-input\":{\"@type\":\"PropertyValueSpecification\",\"valueRequired\":true,\"valueName\":\"search_term_string\"}}],\"inLanguage\":\"fr-FR\"},{\"@type\":\"Organization\",\"@id\":\"https:\\\/\\\/nature-et-developpement.com\\\/logisain-78\\\/#organization\",\"name\":\"Logisain 78\",\"url\":\"https:\\\/\\\/nature-et-developpement.com\\\/logisain-78\\\/\",\"logo\":{\"@type\":\"ImageObject\",\"inLanguage\":\"fr-FR\",\"@id\":\"https:\\\/\\\/nature-et-developpement.com\\\/logisain-78\\\/#\\\/schema\\\/logo\\\/image\\\/\",\"url\":\"https:\\\/\\\/nature-et-developpement.com\\\/logisain-78\\\/wp-content\\\/uploads\\\/sites\\\/5\\\/2021\\\/08\\\/logo-logisain.jpg\",\"contentUrl\":\"https:\\\/\\\/nature-et-developpement.com\\\/logisain-78\\\/wp-content\\\/uploads\\\/sites\\\/5\\\/2021\\\/08\\\/logo-logisain.jpg\",\"width\":672,\"height\":455,\"caption\":\"Logisain 78\"},\"image\":{\"@id\":\"https:\\\/\\\/nature-et-developpement.com\\\/logisain-78\\\/#\\\/schema\\\/logo\\\/image\\\/\"}}]}<\/script>\n<!-- \/ Yoast SEO plugin. -->","yoast_head_json":{"title":"B\u00e9ton d'argile pr\u00eat \u00e0 l'emploi Argilus","description":"Le b\u00e9ton d\u2019argile ARGILUS est utilis\u00e9 pour la r\u00e9alisation de dalle entre 5 et 10 cm d\u2019\u00e9paisseur.  Ce b\u00e9ton d\u2019argile pourra \u00e9galement \u00eatre utilis\u00e9 pour r\u00e9parer certains murs de pierre ou boucher des trous trop importants pour le torchis.","robots":{"index":"noindex","follow":"nofollow"},"og_locale":"fr_FR","og_type":"article","og_title":"B\u00e9ton d'argile pr\u00eat \u00e0 l'emploi Argilus","og_description":"Le b\u00e9ton d\u2019argile ARGILUS est utilis\u00e9 pour la r\u00e9alisation de dalle entre 5 et 10 cm d\u2019\u00e9paisseur.  Ce b\u00e9ton d\u2019argile pourra \u00e9galement \u00eatre utilis\u00e9 pour r\u00e9parer certains murs de pierre ou boucher des trous trop importants pour le torchis.","og_url":"https:\/\/nature-et-developpement.com\/logisain-78\/produit\/beton-d-argile-pret-a-l-emploi-argilus\/","og_site_name":"LOGISAIN 78 \u2013 Magasin de mat\u00e9riaux biosourc\u00e9s","article_modified_time":"2026-01-27T11:05:13+00:00","twitter_card":"summary_large_image","twitter_misc":{"Dur\u00e9e de lecture estim\u00e9e":"1 minute"},"schema":{"@context":"https:\/\/schema.org","@graph":[{"@type":"WebPage","@id":"https:\/\/nature-et-developpement.com\/logisain-78\/produit\/beton-d-argile-pret-a-l-emploi-argilus\/","url":"https:\/\/nature-et-developpement.com\/logisain-78\/produit\/beton-d-argile-pret-a-l-emploi-argilus\/","name":"B\u00e9ton d'argile pr\u00eat \u00e0 l'emploi Argilus","isPartOf":{"@id":"https:\/\/nature-et-developpement.com\/logisain-78\/#website"},"primaryImageOfPage":{"@id":"https:\/\/nature-et-developpement.com\/logisain-78\/produit\/beton-d-argile-pret-a-l-emploi-argilus\/#primaryimage"},"image":{"@id":"https:\/\/nature-et-developpement.com\/logisain-78\/produit\/beton-d-argile-pret-a-l-emploi-argilus\/#primaryimage"},"thumbnailUrl":"https:\/\/nature-et-developpement.com\/logisain-78\/wp-content\/uploads\/Beton-dargile-pret-a-lemploi-Argilus.jpg","datePublished":"2016-12-31T23:00:00+00:00","dateModified":"2026-01-27T11:05:13+00:00","description":"Le b\u00e9ton d\u2019argile ARGILUS est utilis\u00e9 pour la r\u00e9alisation de dalle entre 5 et 10 cm d\u2019\u00e9paisseur. Ce b\u00e9ton d\u2019argile pourra \u00e9galement \u00eatre utilis\u00e9 pour r\u00e9parer certains murs de pierre ou boucher des trous trop importants pour le torchis.","breadcrumb":{"@id":"https:\/\/nature-et-developpement.com\/logisain-78\/produit\/beton-d-argile-pret-a-l-emploi-argilus\/#breadcrumb"},"inLanguage":"fr-FR","potentialAction":[{"@type":"ReadAction","target":["https:\/\/nature-et-developpement.com\/logisain-78\/produit\/beton-d-argile-pret-a-l-emploi-argilus\/"]}]},{"@type":"ImageObject","inLanguage":"fr-FR","@id":"https:\/\/nature-et-developpement.com\/logisain-78\/produit\/beton-d-argile-pret-a-l-emploi-argilus\/#primaryimage","url":"https:\/\/nature-et-developpement.com\/logisain-78\/wp-content\/uploads\/Beton-dargile-pret-a-lemploi-Argilus.jpg","contentUrl":"https:\/\/nature-et-developpement.com\/logisain-78\/wp-content\/uploads\/Beton-dargile-pret-a-lemploi-Argilus.jpg"},{"@type":"BreadcrumbList","@id":"https:\/\/nature-et-developpement.com\/logisain-78\/produit\/beton-d-argile-pret-a-l-emploi-argilus\/#breadcrumb","itemListElement":[{"@type":"ListItem","position":1,"name":"Accueil","item":"https:\/\/nature-et-developpement.com\/logisain-78\/"},{"@type":"ListItem","position":2,"name":"Produits","item":"https:\/\/nature-et-developpement.com\/logisain-78\/shop\/"},{"@type":"ListItem","position":3,"name":"Construction, cloison et fen\u00eatres","item":"https:\/\/nature-et-developpement.com\/logisain-78\/produits\/construction\/"},{"@type":"ListItem","position":4,"name":"Ma\u00e7onnerie","item":"https:\/\/nature-et-developpement.com\/logisain-78\/produits\/construction\/maconnerie\/"},{"@type":"ListItem","position":5,"name":"B\u00e9ton d&rsquo;argile pr\u00eat \u00e0 l&#8217;emploi Argilus"}]},{"@type":"WebSite","@id":"https:\/\/nature-et-developpement.com\/logisain-78\/#website","url":"https:\/\/nature-et-developpement.com\/logisain-78\/","name":"LOGISAIN 78 \u2013 Magasin de mat\u00e9riaux biosourc\u00e9s","description":"Logisain 78 est membre du groupement Nature &amp; D\u00e9veloppement","publisher":{"@id":"https:\/\/nature-et-developpement.com\/logisain-78\/#organization"},"potentialAction":[{"@type":"SearchAction","target":{"@type":"EntryPoint","urlTemplate":"https:\/\/nature-et-developpement.com\/logisain-78\/?s={search_term_string}"},"query-input":{"@type":"PropertyValueSpecification","valueRequired":true,"valueName":"search_term_string"}}],"inLanguage":"fr-FR"},{"@type":"Organization","@id":"https:\/\/nature-et-developpement.com\/logisain-78\/#organization","name":"Logisain 78","url":"https:\/\/nature-et-developpement.com\/logisain-78\/","logo":{"@type":"ImageObject","inLanguage":"fr-FR","@id":"https:\/\/nature-et-developpement.com\/logisain-78\/#\/schema\/logo\/image\/","url":"https:\/\/nature-et-developpement.com\/logisain-78\/wp-content\/uploads\/sites\/5\/2021\/08\/logo-logisain.jpg","contentUrl":"https:\/\/nature-et-developpement.com\/logisain-78\/wp-content\/uploads\/sites\/5\/2021\/08\/logo-logisain.jpg","width":672,"height":455,"caption":"Logisain 78"},"image":{"@id":"https:\/\/nature-et-developpement.com\/logisain-78\/#\/schema\/logo\/image\/"}}]}},"distributor_meta":false,"distributor_terms":false,"distributor_media":false,"distributor_original_site_name":"LOGISAIN 78 \u2013 Magasin de mat\u00e9riaux biosourc\u00e9s","distributor_original_site_url":"https:\/\/nature-et-developpement.com\/logisain-78","push-errors":false,"_links":{"self":[{"href":"https:\/\/nature-et-developpement.com\/logisain-78\/wp-json\/wp\/v2\/product\/10817","targetHints":{"allow":["GET"]}}],"collection":[{"href":"https:\/\/nature-et-developpement.com\/logisain-78\/wp-json\/wp\/v2\/product"}],"about":[{"href":"https:\/\/nature-et-developpement.com\/logisain-78\/wp-json\/wp\/v2\/types\/product"}],"wp:featuredmedia":[{"embeddable":true,"href":"https:\/\/nature-et-developpement.com\/logisain-78\/wp-json\/"}],"wp:attachment":[{"href":"https:\/\/nature-et-developpement.com\/logisain-78\/wp-json\/wp\/v2\/media?parent=10817"}],"wp:term":[{"taxonomy":"product_brand","embeddable":true,"href":"https:\/\/nature-et-developpement.com\/logisain-78\/wp-json\/wp\/v2\/product_brand?post=10817"},{"taxonomy":"product_cat","embeddable":true,"href":"https:\/\/nature-et-developpement.com\/logisain-78\/wp-json\/wp\/v2\/product_cat?post=10817"},{"taxonomy":"product_tag","embeddable":true,"href":"https:\/\/nature-et-developpement.com\/logisain-78\/wp-json\/wp\/v2\/product_tag?post=10817"}],"curies":[{"name":"wp","href":"https:\/\/api.w.org\/{rel}","templated":true}]}}