{"id":11427,"date":"2017-01-01T00:00:00","date_gmt":"2016-12-31T23:00:00","guid":{"rendered":"https:\/\/nature-et-developpement.com\/logisain78\/produit\/colle-sans-solvant-raccord-frein-vapeur-orcon-classic-pro-clima\/"},"modified":"2026-03-24T22:35:09","modified_gmt":"2026-03-24T21:35:09","slug":"colle-sans-solvant-raccord-frein-vapeur-orcon-classic-pro-clima","status":"publish","type":"product","link":"https:\/\/nature-et-developpement.com\/logisain-78\/produit\/colle-sans-solvant-raccord-frein-vapeur-orcon-classic-pro-clima\/","title":{"rendered":"Colle sans solvant raccord frein vapeur ORCON Classic Pro clima"},"content":{"rendered":"<p>R\u00e9al\u00adisa\u00adtion de rac\u00adcords \u00e9tanches \u00e0 l\u2019air de tous types de frein-va\u00adpeurs et mem\u00adbranes d\u2019\u00e9tanch\u00e9it\u00e9 \u00e0 l\u2018air, dont not\u00adam\u00adment tous les frein-va\u00adpeurs et mem\u00adbranes d\u2019\u00e9tanch\u00e9it\u00e9 \u00e0 l\u2019air pro clima (pro clima IN\u00adTELLO, DB , IN\u00adTES\u00adANA, DASATOP et DA). Les col\u00adlages des rac\u00adcords sont con\u00adformes aux ex\u00adi\u00adgences des normes SIA 180 et DIN 4108-7.<\/p>\n<p>Col\u00adlage de rac\u00adcords \u00e9tanches \u00e0 l\u2019air de tout type d\u2019\u00e9crans de sous-toit\u00adure. Le col\u00adlage des rac\u00adcords par ex\u00ademple des \u00e9crans pro clima de la s\u00e9rie SOLI\u00adTEX MENTO, SOLI\u00adTEX UD, SOLI\u00adTEX PLUS et SOLI\u00adTEX UM con\u00adnect r\u00e9\u00adpond aux ex\u00adi\u00adgences des fiches tech\u00adniques de produits de la ZVDH (F\u00e9d\u00e9ra\u00adtion al\u00adle\u00admande des ar\u00adtis\u00adans-couvreurs).<\/p>\n<p>Col\u00adlage \u00e9tanche au vent d\u2019\u00e9crans pare-plu\u00adie (pro clima SOLI\u00adTEX FRONTA WA et SOLI\u00adTEX FRONTA QUAT\u00adTRO).<\/p>\n<p>Col\u00adlage des che\u00advauche\u00adments et rac\u00adcords de films pare-poussi\u00e8re (pro clima RB).<\/p>\n<p>Convient au collage humide et sec.<\/p>\n<table class=\"table table-striped\">\n<thead>\n<tr>\n<td><strong>Propri\u00e9t\u00e9<\/strong><\/td>\n<td class=\"hidden-xs\"><strong>R\u00e9glementation<\/strong><\/td>\n<td><strong>Valeur<\/strong><\/td>\n<\/tr>\n<\/thead>\n<tbody>\n<tr>\n<td>Couleur<\/td>\n<td class=\"hidden-xs\"><\/td>\n<td>marron clair<\/td>\n<\/tr>\n<tr>\n<td>Propri\u00e9t\u00e9s<\/td>\n<td class=\"hidden-xs\"><\/td>\n<td>grande \u00e9lasticit\u00e9<\/td>\n<\/tr>\n<tr>\n<td>Temp\u00e9rature de mise en \u0153uvre<\/td>\n<td class=\"hidden-xs\"><\/td>\n<td>de -10 \u00b0C \u00e0  50 \u00b0C (temp. de la colle &gt; 0 \u00b0C)<\/td>\n<\/tr>\n<tr>\n<td>R\u00e9sistance \u00e0 la temp\u00e9rature<\/td>\n<td class=\"hidden-xs\"><\/td>\n<td>stable entre -40 \u00b0C et  80 \u00b0C<\/td>\n<\/tr>\n<tr>\n<td>Stockage<\/td>\n<td class=\"hidden-xs\"><\/td>\n<td>jusque -20 \u00b0C, dans un endroit frais et sec<\/td>\n<\/tr>\n<\/tbody>\n<\/table>\n<h3>Con\u00adsom\u00adma\u00adtion<\/h3>\n<table style=\"height: 114px\" width=\"381\">\n<thead>\n<tr>\n<th><\/th>\n<th><\/th>\n<th align=\"right\"><\/th>\n<th align=\"right\"><\/th>\n<\/tr>\n<\/thead>\n<tbody>\n<tr>\n<td><span style=\"text-decoration: underline\"><strong>Con\u00addi\u00adtion\u00adnement<\/strong><\/span><\/td>\n<td><span style=\"text-decoration: underline\"><strong>Con\u00adtenu<\/strong><\/span><\/td>\n<td align=\"right\"><span style=\"text-decoration: underline\"><strong>Cor\u00addon<\/strong><\/span><\/td>\n<td align=\"right\"><span style=\"text-decoration: underline\"><strong>Ren\u00addement<\/strong><\/span><\/td>\n<\/tr>\n<tr>\n<td>Car\u00adtouche<\/td>\n<td>310 ml<\/td>\n<td align=\"right\">5 mm<\/td>\n<td align=\"right\">~ 15 m<\/td>\n<\/tr>\n<tr>\n<td><\/td>\n<td><\/td>\n<td align=\"right\">8 mm<\/td>\n<td align=\"right\">~ 6 m<\/td>\n<\/tr>\n<tr>\n<td>Sachet tu\u00adbu\u00adlaire<\/td>\n<td>600 ml<\/td>\n<td align=\"right\">5 mm<\/td>\n<td align=\"right\">~ 30 m<\/td>\n<\/tr>\n<tr>\n<td><\/td>\n<td><\/td>\n<td align=\"right\">8 mm<\/td>\n<td align=\"right\">~ 12 m<\/td>\n<\/tr>\n<\/tbody>\n<\/table>\n","protected":false},"excerpt":{"rendered":"<p>Colle de rac\u00adcord tout us\u00adage sans solvants<\/p>\n","protected":false},"featured_media":1000000166689,"template":"","meta":[],"product_brand":[2860],"product_cat":[134,128,4276],"product_tag":[4285],"class_list":{"0":"post-11427","1":"product","2":"type-product","3":"status-publish","4":"has-post-thumbnail","6":"product_brand-proclima","7":"product_cat-accessoires-isolation-et-etancheite","8":"product_cat-colle","9":"product_cat-etancheite-a-lair","10":"product_tag-pro-clima","11":"product_shipping_class-petit-equipement-outil-eclairage","13":"first","14":"instock","15":"taxable","16":"shipping-taxable","17":"purchasable","18":"product-type-variable"},"yoast_head":"<!-- This site is optimized with the Yoast SEO plugin v27.5 - https:\/\/yoast.com\/product\/yoast-seo-wordpress\/ -->\n<title>Colle sans solvant raccord frein vapeur ORCON Classic Pro clima<\/title>\n<meta name=\"description\" content=\"Colle de rac\u00adcord tout us\u00adage sans solvants\" \/>\n<meta name=\"robots\" content=\"noindex, nofollow\" \/>\n<meta property=\"og:locale\" content=\"fr_FR\" \/>\n<meta property=\"og:type\" content=\"article\" \/>\n<meta property=\"og:title\" content=\"Colle sans solvant raccord frein vapeur ORCON Classic Pro clima\" \/>\n<meta property=\"og:description\" content=\"Colle de rac\u00adcord tout us\u00adage sans solvants\" \/>\n<meta property=\"og:url\" content=\"https:\/\/nature-et-developpement.com\/logisain-78\/produit\/colle-sans-solvant-raccord-frein-vapeur-orcon-classic-pro-clima\/\" \/>\n<meta property=\"og:site_name\" content=\"LOGISAIN 78 \u2013 Magasin de mat\u00e9riaux biosourc\u00e9s\" \/>\n<meta property=\"article:modified_time\" content=\"2026-03-24T21:35:09+00:00\" \/>\n<meta name=\"twitter:card\" content=\"summary_large_image\" \/>\n<meta name=\"twitter:label1\" content=\"Dur\u00e9e de lecture estim\u00e9e\" \/>\n\t<meta name=\"twitter:data1\" content=\"1 minute\" \/>\n<script type=\"application\/ld+json\" class=\"yoast-schema-graph\">{\"@context\":\"https:\\\/\\\/schema.org\",\"@graph\":[{\"@type\":\"WebPage\",\"@id\":\"https:\\\/\\\/nature-et-developpement.com\\\/logisain-78\\\/produit\\\/colle-sans-solvant-raccord-frein-vapeur-orcon-classic-pro-clima\\\/\",\"url\":\"https:\\\/\\\/nature-et-developpement.com\\\/logisain-78\\\/produit\\\/colle-sans-solvant-raccord-frein-vapeur-orcon-classic-pro-clima\\\/\",\"name\":\"Colle sans solvant raccord frein vapeur ORCON Classic Pro clima\",\"isPartOf\":{\"@id\":\"https:\\\/\\\/nature-et-developpement.com\\\/logisain-78\\\/#website\"},\"primaryImageOfPage\":{\"@id\":\"https:\\\/\\\/nature-et-developpement.com\\\/logisain-78\\\/produit\\\/colle-sans-solvant-raccord-frein-vapeur-orcon-classic-pro-clima\\\/#primaryimage\"},\"image\":{\"@id\":\"https:\\\/\\\/nature-et-developpement.com\\\/logisain-78\\\/produit\\\/colle-sans-solvant-raccord-frein-vapeur-orcon-classic-pro-clima\\\/#primaryimage\"},\"thumbnailUrl\":\"https:\\\/\\\/nature-et-developpement.com\\\/logisain-78\\\/wp-content\\\/uploads\\\/Colle-sans-solvant-raccord-frein-vapeur-ORCON-Classic-Pro-clima.jpg\",\"datePublished\":\"2016-12-31T23:00:00+00:00\",\"dateModified\":\"2026-03-24T21:35:09+00:00\",\"description\":\"Colle de rac\u00adcord tout us\u00adage sans solvants\",\"breadcrumb\":{\"@id\":\"https:\\\/\\\/nature-et-developpement.com\\\/logisain-78\\\/produit\\\/colle-sans-solvant-raccord-frein-vapeur-orcon-classic-pro-clima\\\/#breadcrumb\"},\"inLanguage\":\"fr-FR\",\"potentialAction\":[{\"@type\":\"ReadAction\",\"target\":[\"https:\\\/\\\/nature-et-developpement.com\\\/logisain-78\\\/produit\\\/colle-sans-solvant-raccord-frein-vapeur-orcon-classic-pro-clima\\\/\"]}]},{\"@type\":\"ImageObject\",\"inLanguage\":\"fr-FR\",\"@id\":\"https:\\\/\\\/nature-et-developpement.com\\\/logisain-78\\\/produit\\\/colle-sans-solvant-raccord-frein-vapeur-orcon-classic-pro-clima\\\/#primaryimage\",\"url\":\"https:\\\/\\\/nature-et-developpement.com\\\/logisain-78\\\/wp-content\\\/uploads\\\/Colle-sans-solvant-raccord-frein-vapeur-ORCON-Classic-Pro-clima.jpg\",\"contentUrl\":\"https:\\\/\\\/nature-et-developpement.com\\\/logisain-78\\\/wp-content\\\/uploads\\\/Colle-sans-solvant-raccord-frein-vapeur-ORCON-Classic-Pro-clima.jpg\"},{\"@type\":\"BreadcrumbList\",\"@id\":\"https:\\\/\\\/nature-et-developpement.com\\\/logisain-78\\\/produit\\\/colle-sans-solvant-raccord-frein-vapeur-orcon-classic-pro-clima\\\/#breadcrumb\",\"itemListElement\":[{\"@type\":\"ListItem\",\"position\":1,\"name\":\"Accueil\",\"item\":\"https:\\\/\\\/nature-et-developpement.com\\\/logisain-78\\\/\"},{\"@type\":\"ListItem\",\"position\":2,\"name\":\"Produits\",\"item\":\"https:\\\/\\\/nature-et-developpement.com\\\/logisain-78\\\/shop\\\/\"},{\"@type\":\"ListItem\",\"position\":3,\"name\":\"Isolation et \u00e9tanch\u00e9it\u00e9\",\"item\":\"https:\\\/\\\/nature-et-developpement.com\\\/logisain-78\\\/produits\\\/isolation-et-etancheite\\\/\"},{\"@type\":\"ListItem\",\"position\":4,\"name\":\"Etanch\u00e9it\u00e9 \u00e0 l'air\",\"item\":\"https:\\\/\\\/nature-et-developpement.com\\\/logisain-78\\\/produits\\\/isolation-et-etancheite\\\/etancheite-a-lair\\\/\"},{\"@type\":\"ListItem\",\"position\":5,\"name\":\"Colle sans solvant raccord frein vapeur ORCON Classic Pro clima\"}]},{\"@type\":\"WebSite\",\"@id\":\"https:\\\/\\\/nature-et-developpement.com\\\/logisain-78\\\/#website\",\"url\":\"https:\\\/\\\/nature-et-developpement.com\\\/logisain-78\\\/\",\"name\":\"LOGISAIN 78 \u2013 Magasin de mat\u00e9riaux biosourc\u00e9s\",\"description\":\"Logisain 78 est membre du groupement Nature &amp; D\u00e9veloppement\",\"publisher\":{\"@id\":\"https:\\\/\\\/nature-et-developpement.com\\\/logisain-78\\\/#organization\"},\"potentialAction\":[{\"@type\":\"SearchAction\",\"target\":{\"@type\":\"EntryPoint\",\"urlTemplate\":\"https:\\\/\\\/nature-et-developpement.com\\\/logisain-78\\\/?s={search_term_string}\"},\"query-input\":{\"@type\":\"PropertyValueSpecification\",\"valueRequired\":true,\"valueName\":\"search_term_string\"}}],\"inLanguage\":\"fr-FR\"},{\"@type\":\"Organization\",\"@id\":\"https:\\\/\\\/nature-et-developpement.com\\\/logisain-78\\\/#organization\",\"name\":\"Logisain 78\",\"url\":\"https:\\\/\\\/nature-et-developpement.com\\\/logisain-78\\\/\",\"logo\":{\"@type\":\"ImageObject\",\"inLanguage\":\"fr-FR\",\"@id\":\"https:\\\/\\\/nature-et-developpement.com\\\/logisain-78\\\/#\\\/schema\\\/logo\\\/image\\\/\",\"url\":\"https:\\\/\\\/nature-et-developpement.com\\\/logisain-78\\\/wp-content\\\/uploads\\\/sites\\\/5\\\/2021\\\/08\\\/logo-logisain.jpg\",\"contentUrl\":\"https:\\\/\\\/nature-et-developpement.com\\\/logisain-78\\\/wp-content\\\/uploads\\\/sites\\\/5\\\/2021\\\/08\\\/logo-logisain.jpg\",\"width\":672,\"height\":455,\"caption\":\"Logisain 78\"},\"image\":{\"@id\":\"https:\\\/\\\/nature-et-developpement.com\\\/logisain-78\\\/#\\\/schema\\\/logo\\\/image\\\/\"}}]}<\/script>\n<!-- \/ Yoast SEO plugin. -->","yoast_head_json":{"title":"Colle sans solvant raccord frein vapeur ORCON Classic Pro clima","description":"Colle de rac\u00adcord tout us\u00adage sans solvants","robots":{"index":"noindex","follow":"nofollow"},"og_locale":"fr_FR","og_type":"article","og_title":"Colle sans solvant raccord frein vapeur ORCON Classic Pro clima","og_description":"Colle de rac\u00adcord tout us\u00adage sans solvants","og_url":"https:\/\/nature-et-developpement.com\/logisain-78\/produit\/colle-sans-solvant-raccord-frein-vapeur-orcon-classic-pro-clima\/","og_site_name":"LOGISAIN 78 \u2013 Magasin de mat\u00e9riaux biosourc\u00e9s","article_modified_time":"2026-03-24T21:35:09+00:00","twitter_card":"summary_large_image","twitter_misc":{"Dur\u00e9e de lecture estim\u00e9e":"1 minute"},"schema":{"@context":"https:\/\/schema.org","@graph":[{"@type":"WebPage","@id":"https:\/\/nature-et-developpement.com\/logisain-78\/produit\/colle-sans-solvant-raccord-frein-vapeur-orcon-classic-pro-clima\/","url":"https:\/\/nature-et-developpement.com\/logisain-78\/produit\/colle-sans-solvant-raccord-frein-vapeur-orcon-classic-pro-clima\/","name":"Colle sans solvant raccord frein vapeur ORCON Classic Pro clima","isPartOf":{"@id":"https:\/\/nature-et-developpement.com\/logisain-78\/#website"},"primaryImageOfPage":{"@id":"https:\/\/nature-et-developpement.com\/logisain-78\/produit\/colle-sans-solvant-raccord-frein-vapeur-orcon-classic-pro-clima\/#primaryimage"},"image":{"@id":"https:\/\/nature-et-developpement.com\/logisain-78\/produit\/colle-sans-solvant-raccord-frein-vapeur-orcon-classic-pro-clima\/#primaryimage"},"thumbnailUrl":"https:\/\/nature-et-developpement.com\/logisain-78\/wp-content\/uploads\/Colle-sans-solvant-raccord-frein-vapeur-ORCON-Classic-Pro-clima.jpg","datePublished":"2016-12-31T23:00:00+00:00","dateModified":"2026-03-24T21:35:09+00:00","description":"Colle de rac\u00adcord tout us\u00adage sans solvants","breadcrumb":{"@id":"https:\/\/nature-et-developpement.com\/logisain-78\/produit\/colle-sans-solvant-raccord-frein-vapeur-orcon-classic-pro-clima\/#breadcrumb"},"inLanguage":"fr-FR","potentialAction":[{"@type":"ReadAction","target":["https:\/\/nature-et-developpement.com\/logisain-78\/produit\/colle-sans-solvant-raccord-frein-vapeur-orcon-classic-pro-clima\/"]}]},{"@type":"ImageObject","inLanguage":"fr-FR","@id":"https:\/\/nature-et-developpement.com\/logisain-78\/produit\/colle-sans-solvant-raccord-frein-vapeur-orcon-classic-pro-clima\/#primaryimage","url":"https:\/\/nature-et-developpement.com\/logisain-78\/wp-content\/uploads\/Colle-sans-solvant-raccord-frein-vapeur-ORCON-Classic-Pro-clima.jpg","contentUrl":"https:\/\/nature-et-developpement.com\/logisain-78\/wp-content\/uploads\/Colle-sans-solvant-raccord-frein-vapeur-ORCON-Classic-Pro-clima.jpg"},{"@type":"BreadcrumbList","@id":"https:\/\/nature-et-developpement.com\/logisain-78\/produit\/colle-sans-solvant-raccord-frein-vapeur-orcon-classic-pro-clima\/#breadcrumb","itemListElement":[{"@type":"ListItem","position":1,"name":"Accueil","item":"https:\/\/nature-et-developpement.com\/logisain-78\/"},{"@type":"ListItem","position":2,"name":"Produits","item":"https:\/\/nature-et-developpement.com\/logisain-78\/shop\/"},{"@type":"ListItem","position":3,"name":"Isolation et \u00e9tanch\u00e9it\u00e9","item":"https:\/\/nature-et-developpement.com\/logisain-78\/produits\/isolation-et-etancheite\/"},{"@type":"ListItem","position":4,"name":"Etanch\u00e9it\u00e9 \u00e0 l'air","item":"https:\/\/nature-et-developpement.com\/logisain-78\/produits\/isolation-et-etancheite\/etancheite-a-lair\/"},{"@type":"ListItem","position":5,"name":"Colle sans solvant raccord frein vapeur ORCON Classic Pro clima"}]},{"@type":"WebSite","@id":"https:\/\/nature-et-developpement.com\/logisain-78\/#website","url":"https:\/\/nature-et-developpement.com\/logisain-78\/","name":"LOGISAIN 78 \u2013 Magasin de mat\u00e9riaux biosourc\u00e9s","description":"Logisain 78 est membre du groupement Nature &amp; D\u00e9veloppement","publisher":{"@id":"https:\/\/nature-et-developpement.com\/logisain-78\/#organization"},"potentialAction":[{"@type":"SearchAction","target":{"@type":"EntryPoint","urlTemplate":"https:\/\/nature-et-developpement.com\/logisain-78\/?s={search_term_string}"},"query-input":{"@type":"PropertyValueSpecification","valueRequired":true,"valueName":"search_term_string"}}],"inLanguage":"fr-FR"},{"@type":"Organization","@id":"https:\/\/nature-et-developpement.com\/logisain-78\/#organization","name":"Logisain 78","url":"https:\/\/nature-et-developpement.com\/logisain-78\/","logo":{"@type":"ImageObject","inLanguage":"fr-FR","@id":"https:\/\/nature-et-developpement.com\/logisain-78\/#\/schema\/logo\/image\/","url":"https:\/\/nature-et-developpement.com\/logisain-78\/wp-content\/uploads\/sites\/5\/2021\/08\/logo-logisain.jpg","contentUrl":"https:\/\/nature-et-developpement.com\/logisain-78\/wp-content\/uploads\/sites\/5\/2021\/08\/logo-logisain.jpg","width":672,"height":455,"caption":"Logisain 78"},"image":{"@id":"https:\/\/nature-et-developpement.com\/logisain-78\/#\/schema\/logo\/image\/"}}]}},"distributor_meta":false,"distributor_terms":false,"distributor_media":false,"distributor_original_site_name":"LOGISAIN 78 \u2013 Magasin de mat\u00e9riaux biosourc\u00e9s","distributor_original_site_url":"https:\/\/nature-et-developpement.com\/logisain-78","push-errors":false,"_links":{"self":[{"href":"https:\/\/nature-et-developpement.com\/logisain-78\/wp-json\/wp\/v2\/product\/11427","targetHints":{"allow":["GET"]}}],"collection":[{"href":"https:\/\/nature-et-developpement.com\/logisain-78\/wp-json\/wp\/v2\/product"}],"about":[{"href":"https:\/\/nature-et-developpement.com\/logisain-78\/wp-json\/wp\/v2\/types\/product"}],"wp:featuredmedia":[{"embeddable":true,"href":"https:\/\/nature-et-developpement.com\/logisain-78\/wp-json\/"}],"wp:attachment":[{"href":"https:\/\/nature-et-developpement.com\/logisain-78\/wp-json\/wp\/v2\/media?parent=11427"}],"wp:term":[{"taxonomy":"product_brand","embeddable":true,"href":"https:\/\/nature-et-developpement.com\/logisain-78\/wp-json\/wp\/v2\/product_brand?post=11427"},{"taxonomy":"product_cat","embeddable":true,"href":"https:\/\/nature-et-developpement.com\/logisain-78\/wp-json\/wp\/v2\/product_cat?post=11427"},{"taxonomy":"product_tag","embeddable":true,"href":"https:\/\/nature-et-developpement.com\/logisain-78\/wp-json\/wp\/v2\/product_tag?post=11427"}],"curies":[{"name":"wp","href":"https:\/\/api.w.org\/{rel}","templated":true}]}}