{"id":12023,"date":"2023-04-07T10:20:31","date_gmt":"2023-04-07T08:20:31","guid":{"rendered":"https:\/\/nature-et-developpement.com\/logisain78\/produit\/chaux-pure-hydraulique-nhl5-tradi-100-35kg-de-saint-astier\/"},"modified":"2025-10-23T22:15:07","modified_gmt":"2025-10-23T20:15:07","slug":"chaux-pure-tradi-100-nhl5","status":"publish","type":"product","link":"https:\/\/nature-et-developpement.com\/logisain-78\/produit\/chaux-pure-tradi-100-nhl5\/","title":{"rendered":"Chaux hydraulique NHL5 TRADI 100 Pure 25Kg de Saint Astier"},"content":{"rendered":"<h2><span style=\"vertical-align: inherit\"><span style=\"vertical-align: inherit\">Chaux NHL5 TRADI 100 25KG Saint-Astier | R\u00e9sistance et Polyvalence pour vos Projets<\/span><\/span><\/h2>\n<p><span style=\"vertical-align: inherit\"><span style=\"vertical-align: inherit\">La Chaux Pure Hydraulique <\/span><\/span><strong><span style=\"vertical-align: inherit\"><span style=\"vertical-align: inherit\">NHL5<\/span><\/span><\/strong><span style=\"vertical-align: inherit\"><span style=\"vertical-align: inherit\"> TRADI 100 25KG de Saint-Astier est un choix fiable pour les professionnels du b\u00e2timent. Sa composition exclusive garantit une qualit\u00e9 sup\u00e9rieure et une performance durable dans une vari\u00e9t\u00e9 de projets.<\/span><\/span><\/p>\n<p><strong><span style=\"vertical-align: inherit\"><span style=\"vertical-align: inherit\">Utilisations polyvalentes<\/span><\/span><\/strong><\/p>\n<p><span style=\"vertical-align: inherit\"><span style=\"vertical-align: inherit\">Cette chaux hydraulique est polyvalente, adapt\u00e9e \u00e0 une gamme \u00e9tendue de travaux, notamment la ma\u00e7onnerie, la fumisterie, la couverture, le <\/span><\/span><strong><span style=\"vertical-align: inherit\"><span style=\"vertical-align: inherit\">carrelage<\/span><\/span><\/strong><span style=\"vertical-align: inherit\"><span style=\"vertical-align: inherit\"> , le coulis, la consolidation de ma\u00e7onnerie, le <\/span><\/span><strong><span style=\"vertical-align: inherit\"><span style=\"vertical-align: inherit\">sous-enduit<\/span><\/span><\/strong><span style=\"vertical-align: inherit\"><span style=\"vertical-align: inherit\"> et la r\u00e9alisation de <\/span><\/span><strong><span style=\"vertical-align: inherit\"><span style=\"vertical-align: inherit\">dalle<\/span><\/span><\/strong><span style=\"vertical-align: inherit\"><span style=\"vertical-align: inherit\"> .<\/span><\/span><\/p>\n<p><strong><span style=\"vertical-align: inherit\"><span style=\"vertical-align: inherit\">Techniques de pose<\/span><\/span><\/strong><\/p>\n<p><span style=\"vertical-align: inherit\"><span style=\"vertical-align: inherit\">Elle peut \u00eatre appliqu\u00e9e en sous-couche \u00e0 l&rsquo;aide d&rsquo;une machine \u00e0 projeter. Pour la finition, consultez un technicien de Saint-Astier pour des conseils personnalis\u00e9s. Les finitions taloch\u00e9es, fris\u00e9es ou liss\u00e9es jusqu&rsquo;\u00e0 une \u00e9paisseur maximale de 5 mm sont r\u00e9alisables.<\/span><\/span><\/p>\n<h3><strong><span style=\"vertical-align: inherit\"><span style=\"vertical-align: inherit\">Avantages et Utilisations Recommand\u00e9es<\/span><\/span><\/strong><\/h3>\n<p><span style=\"vertical-align: inherit\"><span style=\"vertical-align: inherit\">Cette chaux hydraulique offre de nombreux avantages, notamment une r\u00e9sistance forte \u00e0 l&rsquo;\u00e9rosion et aux chocs. Id\u00e9ale pour le <\/span><\/span><strong><span style=\"vertical-align: inherit\"><span style=\"vertical-align: inherit\">gros \u0153uvre<\/span><\/span><\/strong><span style=\"vertical-align: inherit\"><span style=\"vertical-align: inherit\"> , les <\/span><\/span><strong><span style=\"vertical-align: inherit\"><span style=\"vertical-align: inherit\">zones humides<\/span><\/span><\/strong><span style=\"vertical-align: inherit\"><span style=\"vertical-align: inherit\"> ou \u00e0 risque de fortes intemp\u00e9ries, les <\/span><\/span><strong><span style=\"vertical-align: inherit\"><span style=\"vertical-align: inherit\">chapes<\/span><\/span><\/strong><span style=\"vertical-align: inherit\"><span style=\"vertical-align: inherit\"> \u00e0 la chaux, le <\/span><\/span><strong><span style=\"vertical-align: inherit\"><span style=\"vertical-align: inherit\">jointement<\/span><\/span><\/strong><span style=\"vertical-align: inherit\"><span style=\"vertical-align: inherit\"> de carrelage, la r\u00e9alisation de <\/span><\/span><strong><span style=\"vertical-align: inherit\"><span style=\"vertical-align: inherit\">badigeon<\/span><\/span><\/strong><span style=\"vertical-align: inherit\"><span style=\"vertical-align: inherit\"> , l&rsquo;isolation sous toiture et le b\u00e9ton de chaux et chanvre.<\/span><\/span><\/p>\n<p><strong><span style=\"vertical-align: inherit\"><span style=\"vertical-align: inherit\">Composition et Conditionnement<\/span><\/span><\/strong><\/p>\n<p><span style=\"vertical-align: inherit\"><span style=\"vertical-align: inherit\">Conditionn\u00e9e en sac de 25 kg ou 55 sacs par palette (palette de 1T375), cette chaux est con\u00e7ue pour r\u00e9pondre aux besoins de chaque chantier. Sa composition \u00e0 100% de <\/span><\/span><strong><span style=\"vertical-align: inherit\"><span style=\"vertical-align: inherit\">chaux hydraulique<\/span><\/span><\/strong><span style=\"vertical-align: inherit\"><span style=\"vertical-align: inherit\"> naturelle <\/span><\/span><strong><span style=\"vertical-align: inherit\"><span style=\"vertical-align: inherit\">NHL5<\/span><\/span><\/strong><span style=\"vertical-align: inherit\"><span style=\"vertical-align: inherit\"> de Saint-Astier assure une qualit\u00e9 constante et une performance optimale.<\/span><\/span><\/p>\n<p><strong><span style=\"vertical-align: inherit\"><span style=\"vertical-align: inherit\">Conditions Climatiques et Propri\u00e9t\u00e9s<\/span><\/span><\/strong><\/p>\n<p><span style=\"vertical-align: inherit\"><span style=\"vertical-align: inherit\">Adapt\u00e9e pour une utilisation dans une plage de temp\u00e9rature comprise entre 8\u00b0C et 30\u00b0C. Elle offre une r\u00e9sistance \u00e9lev\u00e9e \u00e0 l&rsquo;\u00e9rosion et aux chocs, favorise les \u00e9changes hygrom\u00e9triques et pr\u00e9sente une maniabilit\u00e9 et une onctuosit\u00e9 remarquables.<\/span><\/span><\/p>\n<p><strong><span style=\"vertical-align: inherit\"><span style=\"vertical-align: inherit\">Conservation et Garantie<\/span><\/span><\/strong><\/p>\n<p><span style=\"vertical-align: inherit\"><span style=\"vertical-align: inherit\">B\u00e9n\u00e9ficiant d&rsquo;une dur\u00e9e de conservation d&rsquo;un an \u00e0 partir de la date de fabrication, elle doit \u00eatre stock\u00e9e \u00e0 l&rsquo;abri de l&rsquo;humidit\u00e9 et dans son emballage d&rsquo;origine non ouvert. La responsabilit\u00e9 civile du fabricant garantit la qualit\u00e9 et la fiabilit\u00e9 du produit.<\/span><\/span><\/p>\n<p><strong><span style=\"vertical-align: inherit\"><span style=\"vertical-align: inherit\">Mise en garde<\/span><\/span><\/strong><\/p>\n<p><span style=\"vertical-align: inherit\"><span style=\"vertical-align: inherit\">\u00c9vitez d&rsquo;appliquer la chaux NHL5 sur un support souple comme le torchis, risque de d\u00e9collement.<\/span><\/span><\/p>\n<p><img loading=\"lazy\" decoding=\"async\" class=\"alignnone size-full wp-image-175373\" src=\"https:\/\/nature-et-developpement.com\/wp-content\/uploads\/Logo-EXCELL-zone-verte.png\" alt=\"\" width=\"190\" height=\"150\" \/><\/p>\n","protected":false},"excerpt":{"rendered":"<div class=\"w-full text-token-text-primary\" dir=\"auto\" data-testid=\"conversation-turn-5\">\n<div class=\"px-4 py-2 justify-center text-base md:gap-6 m-auto\">\n<div class=\"flex flex-1 text-base mx-auto gap-3 juice:gap-4 juice:md:gap-6 md:px-5 lg:px-1 xl:px-5 md:max-w-3xl lg:max-w-[40rem] xl:max-w-[48rem]\">\n<div class=\"relative flex w-full min-w-0 flex-col agent-turn\">\n<div class=\"flex-col gap-1 md:gap-3\">\n<div class=\"flex flex-grow flex-col max-w-full\">\n<div class=\"min-h-[20px] text-message flex flex-col items-start gap-3 whitespace-pre-wrap break-words [.text-message+&amp;]:mt-5 overflow-x-auto\" dir=\"auto\" data-message-author-role=\"assistant\" data-message-id=\"2ce3c418-5327-4a0e-af5b-3724e80e313e\">\n<div class=\"markdown prose w-full break-words dark:prose-invert dark\">\n<p><span style=\"vertical-align: inherit\"><span style=\"vertical-align: inherit\">D\u00e9couvrez la Chaux NHL5 TRADI 100 25KG de Saint-Astier, id\u00e9ale pour ma\u00e7onnerie, couverture, dalle&#8230; R\u00e9sistante, maniable et adapt\u00e9e \u00e0 diverses conditions.<\/span><\/span><\/p>\n<\/div>\n<\/div>\n<\/div>\n<\/div>\n<\/div>\n<\/div>\n<\/div>\n<\/div>\n<p><span style=\"vertical-align: inherit\"><span style=\"vertical-align: inherit\">La TRADI 100 permet des utilisations multiples le plus souvent sans ajout de ciment.<\/span><\/span><br \/>\n<img loading=\"lazy\" decoding=\"async\" class=\"alignnone size-full wp-image-170632\" src=\"https:\/\/nature-et-developpement.com\/wp-content\/uploads\/logo-EPV.jpg\" alt=\"\" width=\"150\" height=\"150\" \/><\/p>\n","protected":false},"featured_media":1000000174455,"template":"","meta":[],"product_brand":[2863],"product_cat":[295,472,2909,173],"product_tag":[4301],"class_list":{"0":"post-12023","1":"product","2":"type-product","3":"status-publish","4":"has-post-thumbnail","6":"product_brand-saint-astier","7":"product_cat-accessoires-construction","8":"product_cat-adjuvants","9":"product_cat-demande-de-devis-uniquement-sans-prix","10":"product_cat-maconnerie","11":"product_tag-saint-astier","12":"product_shipping_class-sac-de-25kg","14":"first","15":"instock","16":"taxable","17":"shipping-taxable","18":"purchasable","19":"product-type-variable"},"yoast_head":"<!-- This site is optimized with the Yoast SEO plugin v27.5 - https:\/\/yoast.com\/product\/yoast-seo-wordpress\/ -->\n<title>Chaux hydraulique NHL5 TRADI 100 Pure 25Kg de Saint Astier<\/title>\n<meta name=\"description\" content=\"Vraie Chaux Hydraulique Naturelle Pure. La TRADI 100 NHL5 permet des utilisations multiples \u00e0 forte r\u00e9sistance m\u00e9canique, souvent sans addition de ciment.\" \/>\n<meta name=\"robots\" content=\"noindex, nofollow\" \/>\n<meta property=\"og:locale\" content=\"fr_FR\" \/>\n<meta property=\"og:type\" content=\"article\" \/>\n<meta property=\"og:title\" content=\"Chaux hydraulique NHL5 TRADI 100 Pure 25Kg de Saint Astier\" \/>\n<meta property=\"og:description\" content=\"Vraie Chaux Hydraulique Naturelle Pure. La TRADI 100 NHL5 permet des utilisations multiples \u00e0 forte r\u00e9sistance m\u00e9canique, souvent sans addition de ciment.\" \/>\n<meta property=\"og:url\" content=\"https:\/\/nature-et-developpement.com\/logisain-78\/produit\/chaux-pure-tradi-100-nhl5\/\" \/>\n<meta property=\"og:site_name\" content=\"LOGISAIN 78 \u2013 Magasin de mat\u00e9riaux biosourc\u00e9s\" \/>\n<meta property=\"article:modified_time\" content=\"2025-10-23T20:15:07+00:00\" \/>\n<meta name=\"twitter:card\" content=\"summary_large_image\" \/>\n<meta name=\"twitter:label1\" content=\"Dur\u00e9e de lecture estim\u00e9e\" \/>\n\t<meta name=\"twitter:data1\" content=\"1 minute\" \/>\n<script type=\"application\/ld+json\" class=\"yoast-schema-graph\">{\"@context\":\"https:\\\/\\\/schema.org\",\"@graph\":[{\"@type\":\"WebPage\",\"@id\":\"https:\\\/\\\/nature-et-developpement.com\\\/logisain-78\\\/produit\\\/chaux-pure-tradi-100-nhl5\\\/\",\"url\":\"https:\\\/\\\/nature-et-developpement.com\\\/logisain-78\\\/produit\\\/chaux-pure-tradi-100-nhl5\\\/\",\"name\":\"Chaux hydraulique NHL5 TRADI 100 Pure 25Kg de Saint Astier\",\"isPartOf\":{\"@id\":\"https:\\\/\\\/nature-et-developpement.com\\\/logisain-78\\\/#website\"},\"primaryImageOfPage\":{\"@id\":\"https:\\\/\\\/nature-et-developpement.com\\\/logisain-78\\\/produit\\\/chaux-pure-tradi-100-nhl5\\\/#primaryimage\"},\"image\":{\"@id\":\"https:\\\/\\\/nature-et-developpement.com\\\/logisain-78\\\/produit\\\/chaux-pure-tradi-100-nhl5\\\/#primaryimage\"},\"thumbnailUrl\":\"https:\\\/\\\/nature-et-developpement.com\\\/logisain-78\\\/wp-content\\\/uploads\\\/Chaux-Pure-Hydraulique-NHL5-TRADI-100-25KG-de-Saint-Astier-2024.jpg\",\"datePublished\":\"2023-04-07T08:20:31+00:00\",\"dateModified\":\"2025-10-23T20:15:07+00:00\",\"description\":\"Vraie Chaux Hydraulique Naturelle Pure. La TRADI 100 NHL5 permet des utilisations multiples \u00e0 forte r\u00e9sistance m\u00e9canique, souvent sans addition de ciment.\",\"breadcrumb\":{\"@id\":\"https:\\\/\\\/nature-et-developpement.com\\\/logisain-78\\\/produit\\\/chaux-pure-tradi-100-nhl5\\\/#breadcrumb\"},\"inLanguage\":\"fr-FR\",\"potentialAction\":[{\"@type\":\"ReadAction\",\"target\":[\"https:\\\/\\\/nature-et-developpement.com\\\/logisain-78\\\/produit\\\/chaux-pure-tradi-100-nhl5\\\/\"]}]},{\"@type\":\"ImageObject\",\"inLanguage\":\"fr-FR\",\"@id\":\"https:\\\/\\\/nature-et-developpement.com\\\/logisain-78\\\/produit\\\/chaux-pure-tradi-100-nhl5\\\/#primaryimage\",\"url\":\"https:\\\/\\\/nature-et-developpement.com\\\/logisain-78\\\/wp-content\\\/uploads\\\/Chaux-Pure-Hydraulique-NHL5-TRADI-100-25KG-de-Saint-Astier-2024.jpg\",\"contentUrl\":\"https:\\\/\\\/nature-et-developpement.com\\\/logisain-78\\\/wp-content\\\/uploads\\\/Chaux-Pure-Hydraulique-NHL5-TRADI-100-25KG-de-Saint-Astier-2024.jpg\"},{\"@type\":\"BreadcrumbList\",\"@id\":\"https:\\\/\\\/nature-et-developpement.com\\\/logisain-78\\\/produit\\\/chaux-pure-tradi-100-nhl5\\\/#breadcrumb\",\"itemListElement\":[{\"@type\":\"ListItem\",\"position\":1,\"name\":\"Accueil\",\"item\":\"https:\\\/\\\/nature-et-developpement.com\\\/logisain-78\\\/\"},{\"@type\":\"ListItem\",\"position\":2,\"name\":\"Produits\",\"item\":\"https:\\\/\\\/nature-et-developpement.com\\\/logisain-78\\\/shop\\\/\"},{\"@type\":\"ListItem\",\"position\":3,\"name\":\"Promo et D\u00e9stockage\",\"item\":\"https:\\\/\\\/nature-et-developpement.com\\\/logisain-78\\\/produits\\\/promo-et-destockage\\\/\"},{\"@type\":\"ListItem\",\"position\":4,\"name\":\"Co\u00fbt de pouce\",\"item\":\"https:\\\/\\\/nature-et-developpement.com\\\/logisain-78\\\/produits\\\/promo-et-destockage\\\/cout-de-pouce\\\/\"},{\"@type\":\"ListItem\",\"position\":5,\"name\":\"Chaux hydraulique NHL5 TRADI 100 Pure 25Kg de Saint Astier\"}]},{\"@type\":\"WebSite\",\"@id\":\"https:\\\/\\\/nature-et-developpement.com\\\/logisain-78\\\/#website\",\"url\":\"https:\\\/\\\/nature-et-developpement.com\\\/logisain-78\\\/\",\"name\":\"LOGISAIN 78 \u2013 Magasin de mat\u00e9riaux biosourc\u00e9s\",\"description\":\"Logisain 78 est membre du groupement Nature &amp; D\u00e9veloppement\",\"publisher\":{\"@id\":\"https:\\\/\\\/nature-et-developpement.com\\\/logisain-78\\\/#organization\"},\"potentialAction\":[{\"@type\":\"SearchAction\",\"target\":{\"@type\":\"EntryPoint\",\"urlTemplate\":\"https:\\\/\\\/nature-et-developpement.com\\\/logisain-78\\\/?s={search_term_string}\"},\"query-input\":{\"@type\":\"PropertyValueSpecification\",\"valueRequired\":true,\"valueName\":\"search_term_string\"}}],\"inLanguage\":\"fr-FR\"},{\"@type\":\"Organization\",\"@id\":\"https:\\\/\\\/nature-et-developpement.com\\\/logisain-78\\\/#organization\",\"name\":\"Logisain 78\",\"url\":\"https:\\\/\\\/nature-et-developpement.com\\\/logisain-78\\\/\",\"logo\":{\"@type\":\"ImageObject\",\"inLanguage\":\"fr-FR\",\"@id\":\"https:\\\/\\\/nature-et-developpement.com\\\/logisain-78\\\/#\\\/schema\\\/logo\\\/image\\\/\",\"url\":\"https:\\\/\\\/nature-et-developpement.com\\\/logisain-78\\\/wp-content\\\/uploads\\\/sites\\\/5\\\/2021\\\/08\\\/logo-logisain.jpg\",\"contentUrl\":\"https:\\\/\\\/nature-et-developpement.com\\\/logisain-78\\\/wp-content\\\/uploads\\\/sites\\\/5\\\/2021\\\/08\\\/logo-logisain.jpg\",\"width\":672,\"height\":455,\"caption\":\"Logisain 78\"},\"image\":{\"@id\":\"https:\\\/\\\/nature-et-developpement.com\\\/logisain-78\\\/#\\\/schema\\\/logo\\\/image\\\/\"}}]}<\/script>\n<!-- \/ Yoast SEO plugin. -->","yoast_head_json":{"title":"Chaux hydraulique NHL5 TRADI 100 Pure 25Kg de Saint Astier","description":"Vraie Chaux Hydraulique Naturelle Pure. La TRADI 100 NHL5 permet des utilisations multiples \u00e0 forte r\u00e9sistance m\u00e9canique, souvent sans addition de ciment.","robots":{"index":"noindex","follow":"nofollow"},"og_locale":"fr_FR","og_type":"article","og_title":"Chaux hydraulique NHL5 TRADI 100 Pure 25Kg de Saint Astier","og_description":"Vraie Chaux Hydraulique Naturelle Pure. La TRADI 100 NHL5 permet des utilisations multiples \u00e0 forte r\u00e9sistance m\u00e9canique, souvent sans addition de ciment.","og_url":"https:\/\/nature-et-developpement.com\/logisain-78\/produit\/chaux-pure-tradi-100-nhl5\/","og_site_name":"LOGISAIN 78 \u2013 Magasin de mat\u00e9riaux biosourc\u00e9s","article_modified_time":"2025-10-23T20:15:07+00:00","twitter_card":"summary_large_image","twitter_misc":{"Dur\u00e9e de lecture estim\u00e9e":"1 minute"},"schema":{"@context":"https:\/\/schema.org","@graph":[{"@type":"WebPage","@id":"https:\/\/nature-et-developpement.com\/logisain-78\/produit\/chaux-pure-tradi-100-nhl5\/","url":"https:\/\/nature-et-developpement.com\/logisain-78\/produit\/chaux-pure-tradi-100-nhl5\/","name":"Chaux hydraulique NHL5 TRADI 100 Pure 25Kg de Saint Astier","isPartOf":{"@id":"https:\/\/nature-et-developpement.com\/logisain-78\/#website"},"primaryImageOfPage":{"@id":"https:\/\/nature-et-developpement.com\/logisain-78\/produit\/chaux-pure-tradi-100-nhl5\/#primaryimage"},"image":{"@id":"https:\/\/nature-et-developpement.com\/logisain-78\/produit\/chaux-pure-tradi-100-nhl5\/#primaryimage"},"thumbnailUrl":"https:\/\/nature-et-developpement.com\/logisain-78\/wp-content\/uploads\/Chaux-Pure-Hydraulique-NHL5-TRADI-100-25KG-de-Saint-Astier-2024.jpg","datePublished":"2023-04-07T08:20:31+00:00","dateModified":"2025-10-23T20:15:07+00:00","description":"Vraie Chaux Hydraulique Naturelle Pure. La TRADI 100 NHL5 permet des utilisations multiples \u00e0 forte r\u00e9sistance m\u00e9canique, souvent sans addition de ciment.","breadcrumb":{"@id":"https:\/\/nature-et-developpement.com\/logisain-78\/produit\/chaux-pure-tradi-100-nhl5\/#breadcrumb"},"inLanguage":"fr-FR","potentialAction":[{"@type":"ReadAction","target":["https:\/\/nature-et-developpement.com\/logisain-78\/produit\/chaux-pure-tradi-100-nhl5\/"]}]},{"@type":"ImageObject","inLanguage":"fr-FR","@id":"https:\/\/nature-et-developpement.com\/logisain-78\/produit\/chaux-pure-tradi-100-nhl5\/#primaryimage","url":"https:\/\/nature-et-developpement.com\/logisain-78\/wp-content\/uploads\/Chaux-Pure-Hydraulique-NHL5-TRADI-100-25KG-de-Saint-Astier-2024.jpg","contentUrl":"https:\/\/nature-et-developpement.com\/logisain-78\/wp-content\/uploads\/Chaux-Pure-Hydraulique-NHL5-TRADI-100-25KG-de-Saint-Astier-2024.jpg"},{"@type":"BreadcrumbList","@id":"https:\/\/nature-et-developpement.com\/logisain-78\/produit\/chaux-pure-tradi-100-nhl5\/#breadcrumb","itemListElement":[{"@type":"ListItem","position":1,"name":"Accueil","item":"https:\/\/nature-et-developpement.com\/logisain-78\/"},{"@type":"ListItem","position":2,"name":"Produits","item":"https:\/\/nature-et-developpement.com\/logisain-78\/shop\/"},{"@type":"ListItem","position":3,"name":"Promo et D\u00e9stockage","item":"https:\/\/nature-et-developpement.com\/logisain-78\/produits\/promo-et-destockage\/"},{"@type":"ListItem","position":4,"name":"Co\u00fbt de pouce","item":"https:\/\/nature-et-developpement.com\/logisain-78\/produits\/promo-et-destockage\/cout-de-pouce\/"},{"@type":"ListItem","position":5,"name":"Chaux hydraulique NHL5 TRADI 100 Pure 25Kg de Saint Astier"}]},{"@type":"WebSite","@id":"https:\/\/nature-et-developpement.com\/logisain-78\/#website","url":"https:\/\/nature-et-developpement.com\/logisain-78\/","name":"LOGISAIN 78 \u2013 Magasin de mat\u00e9riaux biosourc\u00e9s","description":"Logisain 78 est membre du groupement Nature &amp; D\u00e9veloppement","publisher":{"@id":"https:\/\/nature-et-developpement.com\/logisain-78\/#organization"},"potentialAction":[{"@type":"SearchAction","target":{"@type":"EntryPoint","urlTemplate":"https:\/\/nature-et-developpement.com\/logisain-78\/?s={search_term_string}"},"query-input":{"@type":"PropertyValueSpecification","valueRequired":true,"valueName":"search_term_string"}}],"inLanguage":"fr-FR"},{"@type":"Organization","@id":"https:\/\/nature-et-developpement.com\/logisain-78\/#organization","name":"Logisain 78","url":"https:\/\/nature-et-developpement.com\/logisain-78\/","logo":{"@type":"ImageObject","inLanguage":"fr-FR","@id":"https:\/\/nature-et-developpement.com\/logisain-78\/#\/schema\/logo\/image\/","url":"https:\/\/nature-et-developpement.com\/logisain-78\/wp-content\/uploads\/sites\/5\/2021\/08\/logo-logisain.jpg","contentUrl":"https:\/\/nature-et-developpement.com\/logisain-78\/wp-content\/uploads\/sites\/5\/2021\/08\/logo-logisain.jpg","width":672,"height":455,"caption":"Logisain 78"},"image":{"@id":"https:\/\/nature-et-developpement.com\/logisain-78\/#\/schema\/logo\/image\/"}}]}},"distributor_meta":false,"distributor_terms":false,"distributor_media":false,"distributor_original_site_name":"LOGISAIN 78 \u2013 Magasin de mat\u00e9riaux biosourc\u00e9s","distributor_original_site_url":"https:\/\/nature-et-developpement.com\/logisain-78","push-errors":false,"_links":{"self":[{"href":"https:\/\/nature-et-developpement.com\/logisain-78\/wp-json\/wp\/v2\/product\/12023","targetHints":{"allow":["GET"]}}],"collection":[{"href":"https:\/\/nature-et-developpement.com\/logisain-78\/wp-json\/wp\/v2\/product"}],"about":[{"href":"https:\/\/nature-et-developpement.com\/logisain-78\/wp-json\/wp\/v2\/types\/product"}],"wp:featuredmedia":[{"embeddable":true,"href":"https:\/\/nature-et-developpement.com\/logisain-78\/wp-json\/"}],"wp:attachment":[{"href":"https:\/\/nature-et-developpement.com\/logisain-78\/wp-json\/wp\/v2\/media?parent=12023"}],"wp:term":[{"taxonomy":"product_brand","embeddable":true,"href":"https:\/\/nature-et-developpement.com\/logisain-78\/wp-json\/wp\/v2\/product_brand?post=12023"},{"taxonomy":"product_cat","embeddable":true,"href":"https:\/\/nature-et-developpement.com\/logisain-78\/wp-json\/wp\/v2\/product_cat?post=12023"},{"taxonomy":"product_tag","embeddable":true,"href":"https:\/\/nature-et-developpement.com\/logisain-78\/wp-json\/wp\/v2\/product_tag?post=12023"}],"curies":[{"name":"wp","href":"https:\/\/api.w.org\/{rel}","templated":true}]}}