{"id":12185,"date":"2017-01-01T00:00:00","date_gmt":"2016-12-31T23:00:00","guid":{"rendered":"https:\/\/nature-et-developpement.com\/logisain78\/produit\/encastre-led-fixe-13w-gamme-citron\/"},"modified":"2026-03-06T14:15:32","modified_gmt":"2026-03-06T13:15:32","slug":"encastre-led-fixe-13w-citron","status":"publish","type":"product","link":"https:\/\/nature-et-developpement.com\/logisain-78\/produit\/encastre-led-fixe-13w-citron\/","title":{"rendered":"LED encastrable fixe 13W gamme CITRON"},"content":{"rendered":"<h2>Spot encastr\u00e9 fixe LED 13W<\/h2>\n<p>L&rsquo;encastr\u00e9 CITRON 13W est un appareil tr\u00e8s polyvalent au niveau de son utilisation.<\/p>\n<p>Son flux sortant important permet de l&rsquo;utiliser sous des plafonds de hauteurs assez importantes avec les angles de faisceaux \u00e9troits de 40\u00b0.<\/p>\n<p>A l&rsquo;inverse, si vous le s\u00e9lectionnez avec l&rsquo;angle le plus large (60\u00b0 d&rsquo;ouverture de faisceau).<\/p>\n<p>Il est l&rsquo;appareil parfait pour cr\u00e9er toutes les bases lumineuses hyper confortables car on ne voit jamais la source.<\/p>\n<p>Il est con\u00e7u en basse luminance, c&rsquo;est \u00e0 dire qu&rsquo;on ne per\u00e7oit pas la LED qui se trouve tr\u00e8s enfonc\u00e9e dans le luminaire.<\/p>\n<p>Le r\u00e9sultat est l\u00e0, c&rsquo;est un spot extr\u00eamement confortable \u00e0 l&rsquo;utilisation bien que sont \u00e9clairage soit tr\u00e8s efficace (+ de 100 lux \u00e0 3,5m sur un diam\u00e8tre \u00e9clair\u00e9 de 3,5m).<\/p>\n<p>Il peut donc \u00eatre utilis\u00e9 sur des applications tr\u00e8s diff\u00e9rentes les unes des autres :<\/p>\n<ul>\n<li>&#8211; En tertiaire : Pour les circulations en entreprises, maisons de retraite, h\u00f4pitaux, \u00e9coles, h\u00f4tels&#8230;<\/li>\n<li>&#8211; En base lumineuse dans des commerces (salons de coiffure, boulangeries, bars, restaurants etc&#8230;)<\/li>\n<li>&#8211; En habitat : dans presque toutes les pi\u00e8ces de la maison, que ce soit les chambres pour son grand confort visuel, le salon, en base autour de la table de salle \u00e0 manger sur laquelle vous aurez une suspension, la cuisine en base lumineuse sur les circulations&#8230;<\/li>\n<\/ul>\n<h3>Un large choix de couleurs<\/h3>\n<p>Pour sa collerette:<\/p>\n<ul>\n<li>blanc<\/li>\n<li>alu<\/li>\n<li>noir<\/li>\n<li>dor\u00e9<\/li>\n<li>peint<\/li>\n<li>chrome<\/li>\n<li>poli or<\/li>\n<\/ul>\n<p>FD \u00c9clairage peut \u00e9galement peindre les au RAL de votre choix sur simple demande.<\/p>\n<p>N&rsquo;h\u00e9sitez pas \u00e0 essayer l&rsquo;option \u00ab\u00a0habillage\u00a0\u00bb int\u00e9rieur de couleur (r\u00e9f GBLH1,2,3,4 ou 9) pour panacher la couleur int\u00e9rieure du spot et celle de sa collerette.<\/p>\n<p>L&rsquo;encastr\u00e9 CITRON se pilote avec un convertisseur CC 700mA.<\/p>\n<p>Vous pouvez utiliser une alimentation individuelle, ou encore mieux, le piloter en s\u00e9rie (un seul convertisseur pour plusieurs spots).<\/p>\n<p>Ce qui vous permettra de d\u00e9porter votre alimentation loin des spots vers une zone technique accessible et ventil\u00e9e.<\/p>\n<p>Le mod\u00e8le du convertisseur sera \u00e0 choisir en fonction de vos besoins : nombre de spots \u00e0 alimenter, besoin de variation ou non.<\/p>\n<p>Les encastr\u00e9s CITRONS sont fabriqu\u00e9s en France.<\/p>\n<p><strong>Ils sont r\u00e9parables en fin de vie.<\/strong><\/p>\n","protected":false},"excerpt":{"rendered":"<p>Con\u00e7u en\u00a0<strong>basse luminance<\/strong>, il assure un\u00a0<strong>confort visuel hors pair<\/strong>, notamment gr\u00e2ce \u00e0 sa lentille anti-\u00e9blouissement.<\/p>\n<p><img loading=\"lazy\" decoding=\"async\" class=\"alignnone size-full wp-image-158959\" src=\"https:\/\/nature-et-developpement.com\/wp-content\/uploads\/100-reparable-FD-Eclairage.jpg\" alt=\"\" width=\"100\" height=\"100\" \/><\/p>\n","protected":false},"featured_media":1000000158856,"template":"","meta":[],"product_brand":[2837],"product_cat":[686],"product_tag":[],"class_list":{"0":"post-12185","1":"product","2":"type-product","3":"status-publish","4":"has-post-thumbnail","6":"product_brand-fd-eclairage","7":"product_cat-eclairage","8":"product_shipping_class-petit-equipement-outil-eclairage","10":"first","11":"instock","12":"taxable","13":"shipping-taxable","14":"purchasable","15":"product-type-variable"},"yoast_head":"<!-- This site is optimized with the Yoast SEO plugin v27.5 - https:\/\/yoast.com\/product\/yoast-seo-wordpress\/ -->\n<title>LED encastrable fixe 13W gamme CITRON<\/title>\n<meta name=\"description\" content=\"Con\u00e7u en\u00a0basse luminance, il assure un\u00a0confort visuel hors pair, notamment gr\u00e2ce \u00e0 sa lentille anti-\u00e9blouissement.\" \/>\n<meta name=\"robots\" content=\"noindex, nofollow\" \/>\n<meta property=\"og:locale\" content=\"fr_FR\" \/>\n<meta property=\"og:type\" content=\"article\" \/>\n<meta property=\"og:title\" content=\"LED encastrable fixe 13W gamme CITRON\" \/>\n<meta property=\"og:description\" content=\"Con\u00e7u en\u00a0basse luminance, il assure un\u00a0confort visuel hors pair, notamment gr\u00e2ce \u00e0 sa lentille anti-\u00e9blouissement.\" \/>\n<meta property=\"og:url\" content=\"https:\/\/nature-et-developpement.com\/logisain-78\/produit\/encastre-led-fixe-13w-citron\/\" \/>\n<meta property=\"og:site_name\" content=\"LOGISAIN 78 \u2013 Magasin de mat\u00e9riaux biosourc\u00e9s\" \/>\n<meta property=\"article:modified_time\" content=\"2026-03-06T13:15:32+00:00\" \/>\n<meta name=\"twitter:card\" content=\"summary_large_image\" \/>\n<meta name=\"twitter:label1\" content=\"Dur\u00e9e de lecture estim\u00e9e\" \/>\n\t<meta name=\"twitter:data1\" content=\"2 minutes\" \/>\n<script type=\"application\/ld+json\" class=\"yoast-schema-graph\">{\"@context\":\"https:\\\/\\\/schema.org\",\"@graph\":[{\"@type\":\"WebPage\",\"@id\":\"https:\\\/\\\/nature-et-developpement.com\\\/logisain-78\\\/produit\\\/encastre-led-fixe-13w-citron\\\/\",\"url\":\"https:\\\/\\\/nature-et-developpement.com\\\/logisain-78\\\/produit\\\/encastre-led-fixe-13w-citron\\\/\",\"name\":\"LED encastrable fixe 13W gamme CITRON\",\"isPartOf\":{\"@id\":\"https:\\\/\\\/nature-et-developpement.com\\\/logisain-78\\\/#website\"},\"primaryImageOfPage\":{\"@id\":\"https:\\\/\\\/nature-et-developpement.com\\\/logisain-78\\\/produit\\\/encastre-led-fixe-13w-citron\\\/#primaryimage\"},\"image\":{\"@id\":\"https:\\\/\\\/nature-et-developpement.com\\\/logisain-78\\\/produit\\\/encastre-led-fixe-13w-citron\\\/#primaryimage\"},\"thumbnailUrl\":\"https:\\\/\\\/nature-et-developpement.com\\\/logisain-78\\\/wp-content\\\/uploads\\\/10W-13W-SPOT-ENCASTRE-GRENADINE-CITRON-2.jpg\",\"datePublished\":\"2016-12-31T23:00:00+00:00\",\"dateModified\":\"2026-03-06T13:15:32+00:00\",\"description\":\"Con\u00e7u en\u00a0basse luminance, il assure un\u00a0confort visuel hors pair, notamment gr\u00e2ce \u00e0 sa lentille anti-\u00e9blouissement.\",\"breadcrumb\":{\"@id\":\"https:\\\/\\\/nature-et-developpement.com\\\/logisain-78\\\/produit\\\/encastre-led-fixe-13w-citron\\\/#breadcrumb\"},\"inLanguage\":\"fr-FR\",\"potentialAction\":[{\"@type\":\"ReadAction\",\"target\":[\"https:\\\/\\\/nature-et-developpement.com\\\/logisain-78\\\/produit\\\/encastre-led-fixe-13w-citron\\\/\"]}]},{\"@type\":\"ImageObject\",\"inLanguage\":\"fr-FR\",\"@id\":\"https:\\\/\\\/nature-et-developpement.com\\\/logisain-78\\\/produit\\\/encastre-led-fixe-13w-citron\\\/#primaryimage\",\"url\":\"https:\\\/\\\/nature-et-developpement.com\\\/logisain-78\\\/wp-content\\\/uploads\\\/10W-13W-SPOT-ENCASTRE-GRENADINE-CITRON-2.jpg\",\"contentUrl\":\"https:\\\/\\\/nature-et-developpement.com\\\/logisain-78\\\/wp-content\\\/uploads\\\/10W-13W-SPOT-ENCASTRE-GRENADINE-CITRON-2.jpg\"},{\"@type\":\"BreadcrumbList\",\"@id\":\"https:\\\/\\\/nature-et-developpement.com\\\/logisain-78\\\/produit\\\/encastre-led-fixe-13w-citron\\\/#breadcrumb\",\"itemListElement\":[{\"@type\":\"ListItem\",\"position\":1,\"name\":\"Accueil\",\"item\":\"https:\\\/\\\/nature-et-developpement.com\\\/logisain-78\\\/\"},{\"@type\":\"ListItem\",\"position\":2,\"name\":\"Produits\",\"item\":\"https:\\\/\\\/nature-et-developpement.com\\\/logisain-78\\\/shop\\\/\"},{\"@type\":\"ListItem\",\"position\":3,\"name\":\"Chauffage, eau et \u00e9nergie\",\"item\":\"https:\\\/\\\/nature-et-developpement.com\\\/logisain-78\\\/produits\\\/energie-et-ventilation\\\/\"},{\"@type\":\"ListItem\",\"position\":4,\"name\":\"Lampe, lumi\u00e8re, \u00e9clairage LED et puit de lumi\u00e8re\",\"item\":\"https:\\\/\\\/nature-et-developpement.com\\\/logisain-78\\\/produits\\\/energie-et-ventilation\\\/eclairage\\\/\"},{\"@type\":\"ListItem\",\"position\":5,\"name\":\"LED encastrable fixe 13W gamme CITRON\"}]},{\"@type\":\"WebSite\",\"@id\":\"https:\\\/\\\/nature-et-developpement.com\\\/logisain-78\\\/#website\",\"url\":\"https:\\\/\\\/nature-et-developpement.com\\\/logisain-78\\\/\",\"name\":\"LOGISAIN 78 \u2013 Magasin de mat\u00e9riaux biosourc\u00e9s\",\"description\":\"Logisain 78 est membre du groupement Nature &amp; D\u00e9veloppement\",\"publisher\":{\"@id\":\"https:\\\/\\\/nature-et-developpement.com\\\/logisain-78\\\/#organization\"},\"potentialAction\":[{\"@type\":\"SearchAction\",\"target\":{\"@type\":\"EntryPoint\",\"urlTemplate\":\"https:\\\/\\\/nature-et-developpement.com\\\/logisain-78\\\/?s={search_term_string}\"},\"query-input\":{\"@type\":\"PropertyValueSpecification\",\"valueRequired\":true,\"valueName\":\"search_term_string\"}}],\"inLanguage\":\"fr-FR\"},{\"@type\":\"Organization\",\"@id\":\"https:\\\/\\\/nature-et-developpement.com\\\/logisain-78\\\/#organization\",\"name\":\"Logisain 78\",\"url\":\"https:\\\/\\\/nature-et-developpement.com\\\/logisain-78\\\/\",\"logo\":{\"@type\":\"ImageObject\",\"inLanguage\":\"fr-FR\",\"@id\":\"https:\\\/\\\/nature-et-developpement.com\\\/logisain-78\\\/#\\\/schema\\\/logo\\\/image\\\/\",\"url\":\"https:\\\/\\\/nature-et-developpement.com\\\/logisain-78\\\/wp-content\\\/uploads\\\/sites\\\/5\\\/2021\\\/08\\\/logo-logisain.jpg\",\"contentUrl\":\"https:\\\/\\\/nature-et-developpement.com\\\/logisain-78\\\/wp-content\\\/uploads\\\/sites\\\/5\\\/2021\\\/08\\\/logo-logisain.jpg\",\"width\":672,\"height\":455,\"caption\":\"Logisain 78\"},\"image\":{\"@id\":\"https:\\\/\\\/nature-et-developpement.com\\\/logisain-78\\\/#\\\/schema\\\/logo\\\/image\\\/\"}}]}<\/script>\n<!-- \/ Yoast SEO plugin. -->","yoast_head_json":{"title":"LED encastrable fixe 13W gamme CITRON","description":"Con\u00e7u en\u00a0basse luminance, il assure un\u00a0confort visuel hors pair, notamment gr\u00e2ce \u00e0 sa lentille anti-\u00e9blouissement.","robots":{"index":"noindex","follow":"nofollow"},"og_locale":"fr_FR","og_type":"article","og_title":"LED encastrable fixe 13W gamme CITRON","og_description":"Con\u00e7u en\u00a0basse luminance, il assure un\u00a0confort visuel hors pair, notamment gr\u00e2ce \u00e0 sa lentille anti-\u00e9blouissement.","og_url":"https:\/\/nature-et-developpement.com\/logisain-78\/produit\/encastre-led-fixe-13w-citron\/","og_site_name":"LOGISAIN 78 \u2013 Magasin de mat\u00e9riaux biosourc\u00e9s","article_modified_time":"2026-03-06T13:15:32+00:00","twitter_card":"summary_large_image","twitter_misc":{"Dur\u00e9e de lecture estim\u00e9e":"2 minutes"},"schema":{"@context":"https:\/\/schema.org","@graph":[{"@type":"WebPage","@id":"https:\/\/nature-et-developpement.com\/logisain-78\/produit\/encastre-led-fixe-13w-citron\/","url":"https:\/\/nature-et-developpement.com\/logisain-78\/produit\/encastre-led-fixe-13w-citron\/","name":"LED encastrable fixe 13W gamme CITRON","isPartOf":{"@id":"https:\/\/nature-et-developpement.com\/logisain-78\/#website"},"primaryImageOfPage":{"@id":"https:\/\/nature-et-developpement.com\/logisain-78\/produit\/encastre-led-fixe-13w-citron\/#primaryimage"},"image":{"@id":"https:\/\/nature-et-developpement.com\/logisain-78\/produit\/encastre-led-fixe-13w-citron\/#primaryimage"},"thumbnailUrl":"https:\/\/nature-et-developpement.com\/logisain-78\/wp-content\/uploads\/10W-13W-SPOT-ENCASTRE-GRENADINE-CITRON-2.jpg","datePublished":"2016-12-31T23:00:00+00:00","dateModified":"2026-03-06T13:15:32+00:00","description":"Con\u00e7u en\u00a0basse luminance, il assure un\u00a0confort visuel hors pair, notamment gr\u00e2ce \u00e0 sa lentille anti-\u00e9blouissement.","breadcrumb":{"@id":"https:\/\/nature-et-developpement.com\/logisain-78\/produit\/encastre-led-fixe-13w-citron\/#breadcrumb"},"inLanguage":"fr-FR","potentialAction":[{"@type":"ReadAction","target":["https:\/\/nature-et-developpement.com\/logisain-78\/produit\/encastre-led-fixe-13w-citron\/"]}]},{"@type":"ImageObject","inLanguage":"fr-FR","@id":"https:\/\/nature-et-developpement.com\/logisain-78\/produit\/encastre-led-fixe-13w-citron\/#primaryimage","url":"https:\/\/nature-et-developpement.com\/logisain-78\/wp-content\/uploads\/10W-13W-SPOT-ENCASTRE-GRENADINE-CITRON-2.jpg","contentUrl":"https:\/\/nature-et-developpement.com\/logisain-78\/wp-content\/uploads\/10W-13W-SPOT-ENCASTRE-GRENADINE-CITRON-2.jpg"},{"@type":"BreadcrumbList","@id":"https:\/\/nature-et-developpement.com\/logisain-78\/produit\/encastre-led-fixe-13w-citron\/#breadcrumb","itemListElement":[{"@type":"ListItem","position":1,"name":"Accueil","item":"https:\/\/nature-et-developpement.com\/logisain-78\/"},{"@type":"ListItem","position":2,"name":"Produits","item":"https:\/\/nature-et-developpement.com\/logisain-78\/shop\/"},{"@type":"ListItem","position":3,"name":"Chauffage, eau et \u00e9nergie","item":"https:\/\/nature-et-developpement.com\/logisain-78\/produits\/energie-et-ventilation\/"},{"@type":"ListItem","position":4,"name":"Lampe, lumi\u00e8re, \u00e9clairage LED et puit de lumi\u00e8re","item":"https:\/\/nature-et-developpement.com\/logisain-78\/produits\/energie-et-ventilation\/eclairage\/"},{"@type":"ListItem","position":5,"name":"LED encastrable fixe 13W gamme CITRON"}]},{"@type":"WebSite","@id":"https:\/\/nature-et-developpement.com\/logisain-78\/#website","url":"https:\/\/nature-et-developpement.com\/logisain-78\/","name":"LOGISAIN 78 \u2013 Magasin de mat\u00e9riaux biosourc\u00e9s","description":"Logisain 78 est membre du groupement Nature &amp; D\u00e9veloppement","publisher":{"@id":"https:\/\/nature-et-developpement.com\/logisain-78\/#organization"},"potentialAction":[{"@type":"SearchAction","target":{"@type":"EntryPoint","urlTemplate":"https:\/\/nature-et-developpement.com\/logisain-78\/?s={search_term_string}"},"query-input":{"@type":"PropertyValueSpecification","valueRequired":true,"valueName":"search_term_string"}}],"inLanguage":"fr-FR"},{"@type":"Organization","@id":"https:\/\/nature-et-developpement.com\/logisain-78\/#organization","name":"Logisain 78","url":"https:\/\/nature-et-developpement.com\/logisain-78\/","logo":{"@type":"ImageObject","inLanguage":"fr-FR","@id":"https:\/\/nature-et-developpement.com\/logisain-78\/#\/schema\/logo\/image\/","url":"https:\/\/nature-et-developpement.com\/logisain-78\/wp-content\/uploads\/sites\/5\/2021\/08\/logo-logisain.jpg","contentUrl":"https:\/\/nature-et-developpement.com\/logisain-78\/wp-content\/uploads\/sites\/5\/2021\/08\/logo-logisain.jpg","width":672,"height":455,"caption":"Logisain 78"},"image":{"@id":"https:\/\/nature-et-developpement.com\/logisain-78\/#\/schema\/logo\/image\/"}}]}},"distributor_meta":false,"distributor_terms":false,"distributor_media":false,"distributor_original_site_name":"LOGISAIN 78 \u2013 Magasin de mat\u00e9riaux biosourc\u00e9s","distributor_original_site_url":"https:\/\/nature-et-developpement.com\/logisain-78","push-errors":false,"_links":{"self":[{"href":"https:\/\/nature-et-developpement.com\/logisain-78\/wp-json\/wp\/v2\/product\/12185","targetHints":{"allow":["GET"]}}],"collection":[{"href":"https:\/\/nature-et-developpement.com\/logisain-78\/wp-json\/wp\/v2\/product"}],"about":[{"href":"https:\/\/nature-et-developpement.com\/logisain-78\/wp-json\/wp\/v2\/types\/product"}],"wp:featuredmedia":[{"embeddable":true,"href":"https:\/\/nature-et-developpement.com\/logisain-78\/wp-json\/"}],"wp:attachment":[{"href":"https:\/\/nature-et-developpement.com\/logisain-78\/wp-json\/wp\/v2\/media?parent=12185"}],"wp:term":[{"taxonomy":"product_brand","embeddable":true,"href":"https:\/\/nature-et-developpement.com\/logisain-78\/wp-json\/wp\/v2\/product_brand?post=12185"},{"taxonomy":"product_cat","embeddable":true,"href":"https:\/\/nature-et-developpement.com\/logisain-78\/wp-json\/wp\/v2\/product_cat?post=12185"},{"taxonomy":"product_tag","embeddable":true,"href":"https:\/\/nature-et-developpement.com\/logisain-78\/wp-json\/wp\/v2\/product_tag?post=12185"}],"curies":[{"name":"wp","href":"https:\/\/api.w.org\/{rel}","templated":true}]}}