{"id":13108,"date":"2017-01-01T00:00:00","date_gmt":"2016-12-31T23:00:00","guid":{"rendered":"https:\/\/nature-et-developpement.com\/logisain78\/produit\/dalle-douche-a-litalienne-fermacell\/"},"modified":"2025-10-23T19:10:07","modified_gmt":"2025-10-23T17:10:07","slug":"dalle-douche-a-l-italienne","status":"publish","type":"product","link":"https:\/\/nature-et-developpement.com\/logisain-78\/produit\/dalle-douche-a-l-italienne\/","title":{"rendered":"Fermacell &#8211; Dalle douche \u00e0 l&rsquo;italienne"},"content":{"rendered":"<p>Le syst\u00e8me d&rsquo;\u00e9vacuation\u00a0fermacell Powerpanel sol\u00a0TE est une solution moderne et \u00e9conomique propos\u00e9e aux architectes et prescripteurs.<\/p>\n<p>Le syst\u00e8me est compos\u00e9 d&rsquo;un \u00e9l\u00e9ment en plaques\u00a0fermacell\u00a0Powerpanel \u00e0 4 pentes\u00a0et d&rsquo;un siphon de sol, avec, au choix, une \u00e9vacuation verticale ou horizontale.<\/p>\n<p>L&rsquo;\u00e9l\u00e9ment en plaques\u00a0fermacell\u00a0Powerpanel \u00e0 4 pentes est compos\u00e9 de deux plaques\u00a0fermacell Powerpanel. La plaque inf\u00e9rieure a une \u00e9paisseur de 10 mm\u00a0et re\u00e7oit, avec un d\u00e9bord de 50 mm en p\u00e9riph\u00e9rie, la plaque poss\u00e9dant 4 pentes. La plaque sup\u00e9rieure\u00a0a une \u00e9paisseur de 25 mm et est compos\u00e9e de 4 pentes d&rsquo;environ 2%.<\/p>\n<p><strong>Nouveaut\u00e9<\/strong>: Il est maintenant possible de poser des rev\u00eatements souples type PVC, linol\u00e9um ou caoutchouc sur les dalles de douche \u00e0 l&rsquo;italienne. Une bonde d&rsquo;\u00e9vacuation est maintenant d\u00e9di\u00e9e au carrelage tandis que l&rsquo;autre est adapt\u00e9e pour le PVC. Se r\u00e9f\u00e9rer \u00e0 la Fiche Technique pour conna\u00eetre les nouvelles r\u00e9f\u00e9rences.<\/p>\n","protected":false},"excerpt":{"rendered":"<p>Ce syst\u00e8me d&rsquo;\u00e9vacuation est une solution moderne et \u00e9conomique pour la cr\u00e9ation de douche \u00e0 l&rsquo;italienne.<\/p>\n<p>Il est compos\u00e9 d&rsquo;un \u00e9l\u00e9ment en plaques\u00a0fermacell\u00a0Powerpanel \u00e0 4 pentes\u00a0et d&rsquo;un siphon de sol, en accessoire, au choix, une \u00e9vacuation verticale ou horizontale.<\/p>\n<p><span style=\"text-decoration: underline\"><strong><span style=\"color: #ff0000;text-decoration: underline\">Ce produit n&rsquo;est plus pr\u00e9sent au catalogue fermacell mais est encore disponible dans certaines boutiques du groupement.<\/span><\/strong><\/span><\/p>\n","protected":false},"featured_media":1000000165953,"template":"","meta":[],"product_brand":[2838],"product_cat":[295,132,2909],"product_tag":[],"class_list":{"0":"post-13108","1":"product","2":"type-product","3":"status-publish","4":"has-post-thumbnail","6":"product_brand-fermacell","7":"product_cat-accessoires-construction","8":"product_cat-cloisons-et-doublage","9":"product_cat-demande-de-devis-uniquement-sans-prix","11":"first","12":"instock","13":"taxable","14":"shipping-taxable","15":"purchasable","16":"product-type-variable"},"yoast_head":"<!-- This site is optimized with the Yoast SEO plugin v27.5 - https:\/\/yoast.com\/product\/yoast-seo-wordpress\/ -->\n<title>Fermacell - Dalle douche \u00e0 l&#039;italienne<\/title>\n<meta name=\"description\" content=\"Ce syst\u00e8me d&#039;\u00e9vacuation est une solution moderne et \u00e9conomique pour la cr\u00e9ation de douche \u00e0 l&#039;italienne.  Il est compos\u00e9 d&#039;un \u00e9l\u00e9ment en plaques\u00a0fermacell\u00a0Powerpanel \u00e0 4 pentes\u00a0et d&#039;un siphon de sol, en accessoire, au choix, une \u00e9vacuation verticale ou horizontale.  Ce produit n&#039;est plus pr\u00e9sent au catalogue fermacell mais est encore disponible dans certaines boutiques du groupement.\" \/>\n<meta name=\"robots\" content=\"noindex, nofollow\" \/>\n<meta property=\"og:locale\" content=\"fr_FR\" \/>\n<meta property=\"og:type\" content=\"article\" \/>\n<meta property=\"og:title\" content=\"Fermacell - Dalle douche \u00e0 l&#039;italienne\" \/>\n<meta property=\"og:description\" content=\"Ce syst\u00e8me d&#039;\u00e9vacuation est une solution moderne et \u00e9conomique pour la cr\u00e9ation de douche \u00e0 l&#039;italienne.  Il est compos\u00e9 d&#039;un \u00e9l\u00e9ment en plaques\u00a0fermacell\u00a0Powerpanel \u00e0 4 pentes\u00a0et d&#039;un siphon de sol, en accessoire, au choix, une \u00e9vacuation verticale ou horizontale.  Ce produit n&#039;est plus pr\u00e9sent au catalogue fermacell mais est encore disponible dans certaines boutiques du groupement.\" \/>\n<meta property=\"og:url\" content=\"https:\/\/nature-et-developpement.com\/logisain-78\/produit\/dalle-douche-a-l-italienne\/\" \/>\n<meta property=\"og:site_name\" content=\"LOGISAIN 78 \u2013 Magasin de mat\u00e9riaux biosourc\u00e9s\" \/>\n<meta property=\"article:modified_time\" content=\"2025-10-23T17:10:07+00:00\" \/>\n<meta name=\"twitter:card\" content=\"summary_large_image\" \/>\n<meta name=\"twitter:label1\" content=\"Dur\u00e9e de lecture estim\u00e9e\" \/>\n\t<meta name=\"twitter:data1\" content=\"1 minute\" \/>\n<script type=\"application\/ld+json\" class=\"yoast-schema-graph\">{\"@context\":\"https:\\\/\\\/schema.org\",\"@graph\":[{\"@type\":\"WebPage\",\"@id\":\"https:\\\/\\\/nature-et-developpement.com\\\/logisain-78\\\/produit\\\/dalle-douche-a-l-italienne\\\/\",\"url\":\"https:\\\/\\\/nature-et-developpement.com\\\/logisain-78\\\/produit\\\/dalle-douche-a-l-italienne\\\/\",\"name\":\"Fermacell - Dalle douche \u00e0 l'italienne\",\"isPartOf\":{\"@id\":\"https:\\\/\\\/nature-et-developpement.com\\\/logisain-78\\\/#website\"},\"primaryImageOfPage\":{\"@id\":\"https:\\\/\\\/nature-et-developpement.com\\\/logisain-78\\\/produit\\\/dalle-douche-a-l-italienne\\\/#primaryimage\"},\"image\":{\"@id\":\"https:\\\/\\\/nature-et-developpement.com\\\/logisain-78\\\/produit\\\/dalle-douche-a-l-italienne\\\/#primaryimage\"},\"thumbnailUrl\":\"https:\\\/\\\/nature-et-developpement.com\\\/logisain-78\\\/wp-content\\\/uploads\\\/Dalle-de-douche-dans-la-gamme-Powerpanel-H2O-fermacell-75078.jpg\",\"datePublished\":\"2016-12-31T23:00:00+00:00\",\"dateModified\":\"2025-10-23T17:10:07+00:00\",\"description\":\"Ce syst\u00e8me d'\u00e9vacuation est une solution moderne et \u00e9conomique pour la cr\u00e9ation de douche \u00e0 l'italienne. Il est compos\u00e9 d'un \u00e9l\u00e9ment en plaques\u00a0fermacell\u00a0Powerpanel \u00e0 4 pentes\u00a0et d'un siphon de sol, en accessoire, au choix, une \u00e9vacuation verticale ou horizontale. Ce produit n'est plus pr\u00e9sent au catalogue fermacell mais est encore disponible dans certaines boutiques du groupement.\",\"breadcrumb\":{\"@id\":\"https:\\\/\\\/nature-et-developpement.com\\\/logisain-78\\\/produit\\\/dalle-douche-a-l-italienne\\\/#breadcrumb\"},\"inLanguage\":\"fr-FR\",\"potentialAction\":[{\"@type\":\"ReadAction\",\"target\":[\"https:\\\/\\\/nature-et-developpement.com\\\/logisain-78\\\/produit\\\/dalle-douche-a-l-italienne\\\/\"]}]},{\"@type\":\"ImageObject\",\"inLanguage\":\"fr-FR\",\"@id\":\"https:\\\/\\\/nature-et-developpement.com\\\/logisain-78\\\/produit\\\/dalle-douche-a-l-italienne\\\/#primaryimage\",\"url\":\"https:\\\/\\\/nature-et-developpement.com\\\/logisain-78\\\/wp-content\\\/uploads\\\/Dalle-de-douche-dans-la-gamme-Powerpanel-H2O-fermacell-75078.jpg\",\"contentUrl\":\"https:\\\/\\\/nature-et-developpement.com\\\/logisain-78\\\/wp-content\\\/uploads\\\/Dalle-de-douche-dans-la-gamme-Powerpanel-H2O-fermacell-75078.jpg\"},{\"@type\":\"BreadcrumbList\",\"@id\":\"https:\\\/\\\/nature-et-developpement.com\\\/logisain-78\\\/produit\\\/dalle-douche-a-l-italienne\\\/#breadcrumb\",\"itemListElement\":[{\"@type\":\"ListItem\",\"position\":1,\"name\":\"Accueil\",\"item\":\"https:\\\/\\\/nature-et-developpement.com\\\/logisain-78\\\/\"},{\"@type\":\"ListItem\",\"position\":2,\"name\":\"Produits\",\"item\":\"https:\\\/\\\/nature-et-developpement.com\\\/logisain-78\\\/shop\\\/\"},{\"@type\":\"ListItem\",\"position\":3,\"name\":\"Construction, cloison et fen\u00eatres\",\"item\":\"https:\\\/\\\/nature-et-developpement.com\\\/logisain-78\\\/produits\\\/construction\\\/\"},{\"@type\":\"ListItem\",\"position\":4,\"name\":\"Cloisons et doublage\",\"item\":\"https:\\\/\\\/nature-et-developpement.com\\\/logisain-78\\\/produits\\\/construction\\\/cloisons-et-doublage\\\/\"},{\"@type\":\"ListItem\",\"position\":5,\"name\":\"Fermacell &#8211; Dalle douche \u00e0 l&rsquo;italienne\"}]},{\"@type\":\"WebSite\",\"@id\":\"https:\\\/\\\/nature-et-developpement.com\\\/logisain-78\\\/#website\",\"url\":\"https:\\\/\\\/nature-et-developpement.com\\\/logisain-78\\\/\",\"name\":\"LOGISAIN 78 \u2013 Magasin de mat\u00e9riaux biosourc\u00e9s\",\"description\":\"Logisain 78 est membre du groupement Nature &amp; D\u00e9veloppement\",\"publisher\":{\"@id\":\"https:\\\/\\\/nature-et-developpement.com\\\/logisain-78\\\/#organization\"},\"potentialAction\":[{\"@type\":\"SearchAction\",\"target\":{\"@type\":\"EntryPoint\",\"urlTemplate\":\"https:\\\/\\\/nature-et-developpement.com\\\/logisain-78\\\/?s={search_term_string}\"},\"query-input\":{\"@type\":\"PropertyValueSpecification\",\"valueRequired\":true,\"valueName\":\"search_term_string\"}}],\"inLanguage\":\"fr-FR\"},{\"@type\":\"Organization\",\"@id\":\"https:\\\/\\\/nature-et-developpement.com\\\/logisain-78\\\/#organization\",\"name\":\"Logisain 78\",\"url\":\"https:\\\/\\\/nature-et-developpement.com\\\/logisain-78\\\/\",\"logo\":{\"@type\":\"ImageObject\",\"inLanguage\":\"fr-FR\",\"@id\":\"https:\\\/\\\/nature-et-developpement.com\\\/logisain-78\\\/#\\\/schema\\\/logo\\\/image\\\/\",\"url\":\"https:\\\/\\\/nature-et-developpement.com\\\/logisain-78\\\/wp-content\\\/uploads\\\/sites\\\/5\\\/2021\\\/08\\\/logo-logisain.jpg\",\"contentUrl\":\"https:\\\/\\\/nature-et-developpement.com\\\/logisain-78\\\/wp-content\\\/uploads\\\/sites\\\/5\\\/2021\\\/08\\\/logo-logisain.jpg\",\"width\":672,\"height\":455,\"caption\":\"Logisain 78\"},\"image\":{\"@id\":\"https:\\\/\\\/nature-et-developpement.com\\\/logisain-78\\\/#\\\/schema\\\/logo\\\/image\\\/\"}}]}<\/script>\n<!-- \/ Yoast SEO plugin. -->","yoast_head_json":{"title":"Fermacell - Dalle douche \u00e0 l'italienne","description":"Ce syst\u00e8me d'\u00e9vacuation est une solution moderne et \u00e9conomique pour la cr\u00e9ation de douche \u00e0 l'italienne.  Il est compos\u00e9 d'un \u00e9l\u00e9ment en plaques\u00a0fermacell\u00a0Powerpanel \u00e0 4 pentes\u00a0et d'un siphon de sol, en accessoire, au choix, une \u00e9vacuation verticale ou horizontale.  Ce produit n'est plus pr\u00e9sent au catalogue fermacell mais est encore disponible dans certaines boutiques du groupement.","robots":{"index":"noindex","follow":"nofollow"},"og_locale":"fr_FR","og_type":"article","og_title":"Fermacell - Dalle douche \u00e0 l'italienne","og_description":"Ce syst\u00e8me d'\u00e9vacuation est une solution moderne et \u00e9conomique pour la cr\u00e9ation de douche \u00e0 l'italienne.  Il est compos\u00e9 d'un \u00e9l\u00e9ment en plaques\u00a0fermacell\u00a0Powerpanel \u00e0 4 pentes\u00a0et d'un siphon de sol, en accessoire, au choix, une \u00e9vacuation verticale ou horizontale.  Ce produit n'est plus pr\u00e9sent au catalogue fermacell mais est encore disponible dans certaines boutiques du groupement.","og_url":"https:\/\/nature-et-developpement.com\/logisain-78\/produit\/dalle-douche-a-l-italienne\/","og_site_name":"LOGISAIN 78 \u2013 Magasin de mat\u00e9riaux biosourc\u00e9s","article_modified_time":"2025-10-23T17:10:07+00:00","twitter_card":"summary_large_image","twitter_misc":{"Dur\u00e9e de lecture estim\u00e9e":"1 minute"},"schema":{"@context":"https:\/\/schema.org","@graph":[{"@type":"WebPage","@id":"https:\/\/nature-et-developpement.com\/logisain-78\/produit\/dalle-douche-a-l-italienne\/","url":"https:\/\/nature-et-developpement.com\/logisain-78\/produit\/dalle-douche-a-l-italienne\/","name":"Fermacell - Dalle douche \u00e0 l'italienne","isPartOf":{"@id":"https:\/\/nature-et-developpement.com\/logisain-78\/#website"},"primaryImageOfPage":{"@id":"https:\/\/nature-et-developpement.com\/logisain-78\/produit\/dalle-douche-a-l-italienne\/#primaryimage"},"image":{"@id":"https:\/\/nature-et-developpement.com\/logisain-78\/produit\/dalle-douche-a-l-italienne\/#primaryimage"},"thumbnailUrl":"https:\/\/nature-et-developpement.com\/logisain-78\/wp-content\/uploads\/Dalle-de-douche-dans-la-gamme-Powerpanel-H2O-fermacell-75078.jpg","datePublished":"2016-12-31T23:00:00+00:00","dateModified":"2025-10-23T17:10:07+00:00","description":"Ce syst\u00e8me d'\u00e9vacuation est une solution moderne et \u00e9conomique pour la cr\u00e9ation de douche \u00e0 l'italienne. Il est compos\u00e9 d'un \u00e9l\u00e9ment en plaques\u00a0fermacell\u00a0Powerpanel \u00e0 4 pentes\u00a0et d'un siphon de sol, en accessoire, au choix, une \u00e9vacuation verticale ou horizontale. Ce produit n'est plus pr\u00e9sent au catalogue fermacell mais est encore disponible dans certaines boutiques du groupement.","breadcrumb":{"@id":"https:\/\/nature-et-developpement.com\/logisain-78\/produit\/dalle-douche-a-l-italienne\/#breadcrumb"},"inLanguage":"fr-FR","potentialAction":[{"@type":"ReadAction","target":["https:\/\/nature-et-developpement.com\/logisain-78\/produit\/dalle-douche-a-l-italienne\/"]}]},{"@type":"ImageObject","inLanguage":"fr-FR","@id":"https:\/\/nature-et-developpement.com\/logisain-78\/produit\/dalle-douche-a-l-italienne\/#primaryimage","url":"https:\/\/nature-et-developpement.com\/logisain-78\/wp-content\/uploads\/Dalle-de-douche-dans-la-gamme-Powerpanel-H2O-fermacell-75078.jpg","contentUrl":"https:\/\/nature-et-developpement.com\/logisain-78\/wp-content\/uploads\/Dalle-de-douche-dans-la-gamme-Powerpanel-H2O-fermacell-75078.jpg"},{"@type":"BreadcrumbList","@id":"https:\/\/nature-et-developpement.com\/logisain-78\/produit\/dalle-douche-a-l-italienne\/#breadcrumb","itemListElement":[{"@type":"ListItem","position":1,"name":"Accueil","item":"https:\/\/nature-et-developpement.com\/logisain-78\/"},{"@type":"ListItem","position":2,"name":"Produits","item":"https:\/\/nature-et-developpement.com\/logisain-78\/shop\/"},{"@type":"ListItem","position":3,"name":"Construction, cloison et fen\u00eatres","item":"https:\/\/nature-et-developpement.com\/logisain-78\/produits\/construction\/"},{"@type":"ListItem","position":4,"name":"Cloisons et doublage","item":"https:\/\/nature-et-developpement.com\/logisain-78\/produits\/construction\/cloisons-et-doublage\/"},{"@type":"ListItem","position":5,"name":"Fermacell &#8211; Dalle douche \u00e0 l&rsquo;italienne"}]},{"@type":"WebSite","@id":"https:\/\/nature-et-developpement.com\/logisain-78\/#website","url":"https:\/\/nature-et-developpement.com\/logisain-78\/","name":"LOGISAIN 78 \u2013 Magasin de mat\u00e9riaux biosourc\u00e9s","description":"Logisain 78 est membre du groupement Nature &amp; D\u00e9veloppement","publisher":{"@id":"https:\/\/nature-et-developpement.com\/logisain-78\/#organization"},"potentialAction":[{"@type":"SearchAction","target":{"@type":"EntryPoint","urlTemplate":"https:\/\/nature-et-developpement.com\/logisain-78\/?s={search_term_string}"},"query-input":{"@type":"PropertyValueSpecification","valueRequired":true,"valueName":"search_term_string"}}],"inLanguage":"fr-FR"},{"@type":"Organization","@id":"https:\/\/nature-et-developpement.com\/logisain-78\/#organization","name":"Logisain 78","url":"https:\/\/nature-et-developpement.com\/logisain-78\/","logo":{"@type":"ImageObject","inLanguage":"fr-FR","@id":"https:\/\/nature-et-developpement.com\/logisain-78\/#\/schema\/logo\/image\/","url":"https:\/\/nature-et-developpement.com\/logisain-78\/wp-content\/uploads\/sites\/5\/2021\/08\/logo-logisain.jpg","contentUrl":"https:\/\/nature-et-developpement.com\/logisain-78\/wp-content\/uploads\/sites\/5\/2021\/08\/logo-logisain.jpg","width":672,"height":455,"caption":"Logisain 78"},"image":{"@id":"https:\/\/nature-et-developpement.com\/logisain-78\/#\/schema\/logo\/image\/"}}]}},"distributor_meta":false,"distributor_terms":false,"distributor_media":false,"distributor_original_site_name":"LOGISAIN 78 \u2013 Magasin de mat\u00e9riaux biosourc\u00e9s","distributor_original_site_url":"https:\/\/nature-et-developpement.com\/logisain-78","push-errors":false,"_links":{"self":[{"href":"https:\/\/nature-et-developpement.com\/logisain-78\/wp-json\/wp\/v2\/product\/13108","targetHints":{"allow":["GET"]}}],"collection":[{"href":"https:\/\/nature-et-developpement.com\/logisain-78\/wp-json\/wp\/v2\/product"}],"about":[{"href":"https:\/\/nature-et-developpement.com\/logisain-78\/wp-json\/wp\/v2\/types\/product"}],"wp:featuredmedia":[{"embeddable":true,"href":"https:\/\/nature-et-developpement.com\/logisain-78\/wp-json\/"}],"wp:attachment":[{"href":"https:\/\/nature-et-developpement.com\/logisain-78\/wp-json\/wp\/v2\/media?parent=13108"}],"wp:term":[{"taxonomy":"product_brand","embeddable":true,"href":"https:\/\/nature-et-developpement.com\/logisain-78\/wp-json\/wp\/v2\/product_brand?post=13108"},{"taxonomy":"product_cat","embeddable":true,"href":"https:\/\/nature-et-developpement.com\/logisain-78\/wp-json\/wp\/v2\/product_cat?post=13108"},{"taxonomy":"product_tag","embeddable":true,"href":"https:\/\/nature-et-developpement.com\/logisain-78\/wp-json\/wp\/v2\/product_tag?post=13108"}],"curies":[{"name":"wp","href":"https:\/\/api.w.org\/{rel}","templated":true}]}}