{"id":16757,"date":"2024-01-01T00:00:00","date_gmt":"2023-12-31T23:00:00","guid":{"rendered":"https:\/\/nature-et-developpement.com\/logisain-78\/produit\/blanc-arboricole-pret-a-lemploi-tva-a-10-pozzo-nuovo\/"},"modified":"2026-04-30T18:00:07","modified_gmt":"2026-04-30T16:00:07","slug":"blanc-arboricole-pozzo-nuovo-5-litres","status":"publish","type":"product","link":"https:\/\/nature-et-developpement.com\/logisain-78\/produit\/blanc-arboricole-pozzo-nuovo-5-litres\/","title":{"rendered":"Traitement \u00e0 la chaux \u00ab\u00a0Blanc arboricole\u00a0\u00bb de Pozzo Nuovo 5 Litres"},"content":{"rendered":"<h2>Traitement pr\u00e9ventif des arbres fruitiers et d\u2019ornement.<\/h2>\n<p>Le Blanc Arboricole est un badigeon \u00e9pais, \u00e9labor\u00e9 \u00e0 base de chaux en p\u00e2te,\u00a0100% naturel et pr\u00eat \u00e0 l\u2019emploi.<br \/>\nComposition\u00a0: chaux naturelle en p\u00e2te CL90-S, eau de chaux.<\/p>\n<p><b>Pour quoi faire ?<\/b><br \/>\nIl s\u2019utilise en\u00a0traitement pr\u00e9ventif\u00a0contre les parasites, mousses, champignons et lichens. C\u2019est une\u00a0pr\u00e9paration naturelle active, qui d\u00e9truit les larves des parasites nichant sous l&rsquo;\u00e9corce des arbres (insectes), ainsi que les champignons microscopiques, qui y passent \u00e9galement l&rsquo;hiver en attendant de d\u00e9velopper \u00e0 la saison les redoutables maladies cryptogamiques (tavelure, cloque, moniliose, chancre&#8230;).<\/p>\n<p><b>Application<\/b>\u00a0:<br \/>\n&#8211; Bien remuer le produit dans le seau avant emploi afin de le rendre homog\u00e8ne, si n\u00e9cessaire, diluer le produit avec de l\u2019eau pour faciliter sa mise en \u0153uvre.<br \/>\n&#8211; Brosser les troncs avec une brosse dure et faire tomber les morceaux d\u2019\u00e9corce mal accroch\u00e9s.<br \/>\n&#8211; Appliquer \u00e0 l\u2019aide d\u2019une brosse ou d\u2019un pinceau large sur les troncs et le d\u00e9part des branches principales, bien insister sur les plaies de l\u2019arbre.<br \/>\nNB : Appliquer de pr\u00e9f\u00e9rence \u00e0 l\u2019abri du soleil, du vent et de la pluie, une journ\u00e9e o\u00f9 il ne g\u00e8le pas. Passer si n\u00e9cessaire une deuxi\u00e8me couche apr\u00e8s que la premi\u00e8re soit compl\u00e8tement s\u00e8che. Renouveler ce traitement tous les ans pour une protection efficace.<\/p>\n<p><b>P\u00e9riode conseill\u00e9e d\u2019utilisation<\/b>\u00a0: d\u2019octobre \u00e0 avril.<\/p>\n<p><b>Consommation<\/b>\u00a0: un seau de 5 litres permet de traiter environ 15 arbres.<\/p>\n<p><b>Conservation illimit\u00e9e<\/b>\u00a0: produit recouvert de quelques millim\u00e8tres d\u2019eau, seau ferm\u00e9 \u00e0 l\u2019abri du gel.<\/p>\n","protected":false},"excerpt":{"rendered":"<p>Le blanc arboricole fait partie de ces traitements d&rsquo;hiver \u00ab\u00a0de fond\u00a0\u00bb,\u00a0c\u2019est un produit tr\u00e8s efficace dont l&rsquo;application pr\u00e9ventive \u00e9vitera au jardinier pas mal de souci sur ses arbres fruitiers et d\u2019ornement.<br \/>\n<strong><span style=\"color: #008000\">En seau de 5L, permet de traiter environ 15 arbres.<\/span><\/strong><\/p>\n","protected":false},"featured_media":1000000104408,"template":"","meta":[],"product_brand":[2859],"product_cat":[108,49,50],"product_tag":[4295],"class_list":{"0":"post-16757","1":"product","2":"type-product","3":"status-publish","4":"has-post-thumbnail","6":"product_brand-pozzo-nuovo","7":"product_cat-peinture-ecologique","8":"product_cat-protection-du-bois","9":"product_cat-protection-et-entretien","10":"product_tag-chaux","11":"product_shipping_class-sac-de-25kg","13":"first","14":"instock","15":"taxable","16":"shipping-taxable","17":"purchasable","18":"product-type-simple"},"yoast_head":"<!-- This site is optimized with the Yoast SEO plugin v27.5 - https:\/\/yoast.com\/product\/yoast-seo-wordpress\/ -->\n<title>Traitement \u00e0 la chaux &quot;Blanc arboricole&quot; de Pozzo Nuovo 5 Litres<\/title>\n<meta name=\"description\" content=\"Le blanc arboricole fait partie de ces traitements d&#039;hiver &quot;de fond&quot;,\u00a0c\u2019est un produit tr\u00e8s efficace dont l&#039;application pr\u00e9ventive \u00e9vitera au jardinier pas mal de souci sur ses arbres fruitiers et d\u2019ornement. En seau de 5L, permet de traiter environ 15 arbres.\" \/>\n<meta name=\"robots\" content=\"noindex, nofollow\" \/>\n<meta property=\"og:locale\" content=\"fr_FR\" \/>\n<meta property=\"og:type\" content=\"article\" \/>\n<meta property=\"og:title\" content=\"Traitement \u00e0 la chaux &quot;Blanc arboricole&quot; de Pozzo Nuovo 5 Litres\" \/>\n<meta property=\"og:description\" content=\"Le blanc arboricole fait partie de ces traitements d&#039;hiver &quot;de fond&quot;,\u00a0c\u2019est un produit tr\u00e8s efficace dont l&#039;application pr\u00e9ventive \u00e9vitera au jardinier pas mal de souci sur ses arbres fruitiers et d\u2019ornement. En seau de 5L, permet de traiter environ 15 arbres.\" \/>\n<meta property=\"og:url\" content=\"https:\/\/nature-et-developpement.com\/logisain-78\/produit\/blanc-arboricole-pozzo-nuovo-5-litres\/\" \/>\n<meta property=\"og:site_name\" content=\"LOGISAIN 78 \u2013 Magasin de mat\u00e9riaux biosourc\u00e9s\" \/>\n<meta property=\"article:modified_time\" content=\"2026-04-30T16:00:07+00:00\" \/>\n<meta name=\"twitter:card\" content=\"summary_large_image\" \/>\n<meta name=\"twitter:label1\" content=\"Dur\u00e9e de lecture estim\u00e9e\" \/>\n\t<meta name=\"twitter:data1\" content=\"1 minute\" \/>\n<script type=\"application\/ld+json\" class=\"yoast-schema-graph\">{\"@context\":\"https:\\\/\\\/schema.org\",\"@graph\":[{\"@type\":\"WebPage\",\"@id\":\"https:\\\/\\\/nature-et-developpement.com\\\/logisain-78\\\/produit\\\/blanc-arboricole-pozzo-nuovo-5-litres\\\/\",\"url\":\"https:\\\/\\\/nature-et-developpement.com\\\/logisain-78\\\/produit\\\/blanc-arboricole-pozzo-nuovo-5-litres\\\/\",\"name\":\"Traitement \u00e0 la chaux \\\"Blanc arboricole\\\" de Pozzo Nuovo 5 Litres\",\"isPartOf\":{\"@id\":\"https:\\\/\\\/nature-et-developpement.com\\\/logisain-78\\\/#website\"},\"primaryImageOfPage\":{\"@id\":\"https:\\\/\\\/nature-et-developpement.com\\\/logisain-78\\\/produit\\\/blanc-arboricole-pozzo-nuovo-5-litres\\\/#primaryimage\"},\"image\":{\"@id\":\"https:\\\/\\\/nature-et-developpement.com\\\/logisain-78\\\/produit\\\/blanc-arboricole-pozzo-nuovo-5-litres\\\/#primaryimage\"},\"thumbnailUrl\":\"https:\\\/\\\/nature-et-developpement.com\\\/logisain-78\\\/wp-content\\\/uploads\\\/29862-Blanc-arboricole-pret-a-lenploi-TVA-a-10Pozzo-Nuovo.jpg\",\"datePublished\":\"2023-12-31T23:00:00+00:00\",\"dateModified\":\"2026-04-30T16:00:07+00:00\",\"description\":\"Le blanc arboricole fait partie de ces traitements d'hiver \\\"de fond\\\",\u00a0c\u2019est un produit tr\u00e8s efficace dont l'application pr\u00e9ventive \u00e9vitera au jardinier pas mal de souci sur ses arbres fruitiers et d\u2019ornement. En seau de 5L, permet de traiter environ 15 arbres.\",\"breadcrumb\":{\"@id\":\"https:\\\/\\\/nature-et-developpement.com\\\/logisain-78\\\/produit\\\/blanc-arboricole-pozzo-nuovo-5-litres\\\/#breadcrumb\"},\"inLanguage\":\"fr-FR\",\"potentialAction\":[{\"@type\":\"ReadAction\",\"target\":[\"https:\\\/\\\/nature-et-developpement.com\\\/logisain-78\\\/produit\\\/blanc-arboricole-pozzo-nuovo-5-litres\\\/\"]}]},{\"@type\":\"ImageObject\",\"inLanguage\":\"fr-FR\",\"@id\":\"https:\\\/\\\/nature-et-developpement.com\\\/logisain-78\\\/produit\\\/blanc-arboricole-pozzo-nuovo-5-litres\\\/#primaryimage\",\"url\":\"https:\\\/\\\/nature-et-developpement.com\\\/logisain-78\\\/wp-content\\\/uploads\\\/29862-Blanc-arboricole-pret-a-lenploi-TVA-a-10Pozzo-Nuovo.jpg\",\"contentUrl\":\"https:\\\/\\\/nature-et-developpement.com\\\/logisain-78\\\/wp-content\\\/uploads\\\/29862-Blanc-arboricole-pret-a-lenploi-TVA-a-10Pozzo-Nuovo.jpg\"},{\"@type\":\"BreadcrumbList\",\"@id\":\"https:\\\/\\\/nature-et-developpement.com\\\/logisain-78\\\/produit\\\/blanc-arboricole-pozzo-nuovo-5-litres\\\/#breadcrumb\",\"itemListElement\":[{\"@type\":\"ListItem\",\"position\":1,\"name\":\"Accueil\",\"item\":\"https:\\\/\\\/nature-et-developpement.com\\\/logisain-78\\\/\"},{\"@type\":\"ListItem\",\"position\":2,\"name\":\"Produits\",\"item\":\"https:\\\/\\\/nature-et-developpement.com\\\/logisain-78\\\/shop\\\/\"},{\"@type\":\"ListItem\",\"position\":3,\"name\":\"Peinture, pigment et enduit\",\"item\":\"https:\\\/\\\/nature-et-developpement.com\\\/logisain-78\\\/produits\\\/peinture-et-enduit\\\/\"},{\"@type\":\"ListItem\",\"position\":4,\"name\":\"Peintures\",\"item\":\"https:\\\/\\\/nature-et-developpement.com\\\/logisain-78\\\/produits\\\/peinture-et-enduit\\\/peinture-ecologique\\\/\"},{\"@type\":\"ListItem\",\"position\":5,\"name\":\"Traitement \u00e0 la chaux \u00ab\u00a0Blanc arboricole\u00a0\u00bb de Pozzo Nuovo 5 Litres\"}]},{\"@type\":\"WebSite\",\"@id\":\"https:\\\/\\\/nature-et-developpement.com\\\/logisain-78\\\/#website\",\"url\":\"https:\\\/\\\/nature-et-developpement.com\\\/logisain-78\\\/\",\"name\":\"LOGISAIN 78 \u2013 Magasin de mat\u00e9riaux biosourc\u00e9s\",\"description\":\"Logisain 78 est membre du groupement Nature &amp; D\u00e9veloppement\",\"publisher\":{\"@id\":\"https:\\\/\\\/nature-et-developpement.com\\\/logisain-78\\\/#organization\"},\"potentialAction\":[{\"@type\":\"SearchAction\",\"target\":{\"@type\":\"EntryPoint\",\"urlTemplate\":\"https:\\\/\\\/nature-et-developpement.com\\\/logisain-78\\\/?s={search_term_string}\"},\"query-input\":{\"@type\":\"PropertyValueSpecification\",\"valueRequired\":true,\"valueName\":\"search_term_string\"}}],\"inLanguage\":\"fr-FR\"},{\"@type\":\"Organization\",\"@id\":\"https:\\\/\\\/nature-et-developpement.com\\\/logisain-78\\\/#organization\",\"name\":\"Logisain 78\",\"url\":\"https:\\\/\\\/nature-et-developpement.com\\\/logisain-78\\\/\",\"logo\":{\"@type\":\"ImageObject\",\"inLanguage\":\"fr-FR\",\"@id\":\"https:\\\/\\\/nature-et-developpement.com\\\/logisain-78\\\/#\\\/schema\\\/logo\\\/image\\\/\",\"url\":\"https:\\\/\\\/nature-et-developpement.com\\\/logisain-78\\\/wp-content\\\/uploads\\\/sites\\\/5\\\/2021\\\/08\\\/logo-logisain.jpg\",\"contentUrl\":\"https:\\\/\\\/nature-et-developpement.com\\\/logisain-78\\\/wp-content\\\/uploads\\\/sites\\\/5\\\/2021\\\/08\\\/logo-logisain.jpg\",\"width\":672,\"height\":455,\"caption\":\"Logisain 78\"},\"image\":{\"@id\":\"https:\\\/\\\/nature-et-developpement.com\\\/logisain-78\\\/#\\\/schema\\\/logo\\\/image\\\/\"}}]}<\/script>\n<!-- \/ Yoast SEO plugin. -->","yoast_head_json":{"title":"Traitement \u00e0 la chaux \"Blanc arboricole\" de Pozzo Nuovo 5 Litres","description":"Le blanc arboricole fait partie de ces traitements d'hiver \"de fond\",\u00a0c\u2019est un produit tr\u00e8s efficace dont l'application pr\u00e9ventive \u00e9vitera au jardinier pas mal de souci sur ses arbres fruitiers et d\u2019ornement. En seau de 5L, permet de traiter environ 15 arbres.","robots":{"index":"noindex","follow":"nofollow"},"og_locale":"fr_FR","og_type":"article","og_title":"Traitement \u00e0 la chaux \"Blanc arboricole\" de Pozzo Nuovo 5 Litres","og_description":"Le blanc arboricole fait partie de ces traitements d'hiver \"de fond\",\u00a0c\u2019est un produit tr\u00e8s efficace dont l'application pr\u00e9ventive \u00e9vitera au jardinier pas mal de souci sur ses arbres fruitiers et d\u2019ornement. En seau de 5L, permet de traiter environ 15 arbres.","og_url":"https:\/\/nature-et-developpement.com\/logisain-78\/produit\/blanc-arboricole-pozzo-nuovo-5-litres\/","og_site_name":"LOGISAIN 78 \u2013 Magasin de mat\u00e9riaux biosourc\u00e9s","article_modified_time":"2026-04-30T16:00:07+00:00","twitter_card":"summary_large_image","twitter_misc":{"Dur\u00e9e de lecture estim\u00e9e":"1 minute"},"schema":{"@context":"https:\/\/schema.org","@graph":[{"@type":"WebPage","@id":"https:\/\/nature-et-developpement.com\/logisain-78\/produit\/blanc-arboricole-pozzo-nuovo-5-litres\/","url":"https:\/\/nature-et-developpement.com\/logisain-78\/produit\/blanc-arboricole-pozzo-nuovo-5-litres\/","name":"Traitement \u00e0 la chaux \"Blanc arboricole\" de Pozzo Nuovo 5 Litres","isPartOf":{"@id":"https:\/\/nature-et-developpement.com\/logisain-78\/#website"},"primaryImageOfPage":{"@id":"https:\/\/nature-et-developpement.com\/logisain-78\/produit\/blanc-arboricole-pozzo-nuovo-5-litres\/#primaryimage"},"image":{"@id":"https:\/\/nature-et-developpement.com\/logisain-78\/produit\/blanc-arboricole-pozzo-nuovo-5-litres\/#primaryimage"},"thumbnailUrl":"https:\/\/nature-et-developpement.com\/logisain-78\/wp-content\/uploads\/29862-Blanc-arboricole-pret-a-lenploi-TVA-a-10Pozzo-Nuovo.jpg","datePublished":"2023-12-31T23:00:00+00:00","dateModified":"2026-04-30T16:00:07+00:00","description":"Le blanc arboricole fait partie de ces traitements d'hiver \"de fond\",\u00a0c\u2019est un produit tr\u00e8s efficace dont l'application pr\u00e9ventive \u00e9vitera au jardinier pas mal de souci sur ses arbres fruitiers et d\u2019ornement. En seau de 5L, permet de traiter environ 15 arbres.","breadcrumb":{"@id":"https:\/\/nature-et-developpement.com\/logisain-78\/produit\/blanc-arboricole-pozzo-nuovo-5-litres\/#breadcrumb"},"inLanguage":"fr-FR","potentialAction":[{"@type":"ReadAction","target":["https:\/\/nature-et-developpement.com\/logisain-78\/produit\/blanc-arboricole-pozzo-nuovo-5-litres\/"]}]},{"@type":"ImageObject","inLanguage":"fr-FR","@id":"https:\/\/nature-et-developpement.com\/logisain-78\/produit\/blanc-arboricole-pozzo-nuovo-5-litres\/#primaryimage","url":"https:\/\/nature-et-developpement.com\/logisain-78\/wp-content\/uploads\/29862-Blanc-arboricole-pret-a-lenploi-TVA-a-10Pozzo-Nuovo.jpg","contentUrl":"https:\/\/nature-et-developpement.com\/logisain-78\/wp-content\/uploads\/29862-Blanc-arboricole-pret-a-lenploi-TVA-a-10Pozzo-Nuovo.jpg"},{"@type":"BreadcrumbList","@id":"https:\/\/nature-et-developpement.com\/logisain-78\/produit\/blanc-arboricole-pozzo-nuovo-5-litres\/#breadcrumb","itemListElement":[{"@type":"ListItem","position":1,"name":"Accueil","item":"https:\/\/nature-et-developpement.com\/logisain-78\/"},{"@type":"ListItem","position":2,"name":"Produits","item":"https:\/\/nature-et-developpement.com\/logisain-78\/shop\/"},{"@type":"ListItem","position":3,"name":"Peinture, pigment et enduit","item":"https:\/\/nature-et-developpement.com\/logisain-78\/produits\/peinture-et-enduit\/"},{"@type":"ListItem","position":4,"name":"Peintures","item":"https:\/\/nature-et-developpement.com\/logisain-78\/produits\/peinture-et-enduit\/peinture-ecologique\/"},{"@type":"ListItem","position":5,"name":"Traitement \u00e0 la chaux \u00ab\u00a0Blanc arboricole\u00a0\u00bb de Pozzo Nuovo 5 Litres"}]},{"@type":"WebSite","@id":"https:\/\/nature-et-developpement.com\/logisain-78\/#website","url":"https:\/\/nature-et-developpement.com\/logisain-78\/","name":"LOGISAIN 78 \u2013 Magasin de mat\u00e9riaux biosourc\u00e9s","description":"Logisain 78 est membre du groupement Nature &amp; D\u00e9veloppement","publisher":{"@id":"https:\/\/nature-et-developpement.com\/logisain-78\/#organization"},"potentialAction":[{"@type":"SearchAction","target":{"@type":"EntryPoint","urlTemplate":"https:\/\/nature-et-developpement.com\/logisain-78\/?s={search_term_string}"},"query-input":{"@type":"PropertyValueSpecification","valueRequired":true,"valueName":"search_term_string"}}],"inLanguage":"fr-FR"},{"@type":"Organization","@id":"https:\/\/nature-et-developpement.com\/logisain-78\/#organization","name":"Logisain 78","url":"https:\/\/nature-et-developpement.com\/logisain-78\/","logo":{"@type":"ImageObject","inLanguage":"fr-FR","@id":"https:\/\/nature-et-developpement.com\/logisain-78\/#\/schema\/logo\/image\/","url":"https:\/\/nature-et-developpement.com\/logisain-78\/wp-content\/uploads\/sites\/5\/2021\/08\/logo-logisain.jpg","contentUrl":"https:\/\/nature-et-developpement.com\/logisain-78\/wp-content\/uploads\/sites\/5\/2021\/08\/logo-logisain.jpg","width":672,"height":455,"caption":"Logisain 78"},"image":{"@id":"https:\/\/nature-et-developpement.com\/logisain-78\/#\/schema\/logo\/image\/"}}]}},"distributor_meta":false,"distributor_terms":false,"distributor_media":false,"distributor_original_site_name":"LOGISAIN 78 \u2013 Magasin de mat\u00e9riaux biosourc\u00e9s","distributor_original_site_url":"https:\/\/nature-et-developpement.com\/logisain-78","push-errors":false,"_links":{"self":[{"href":"https:\/\/nature-et-developpement.com\/logisain-78\/wp-json\/wp\/v2\/product\/16757","targetHints":{"allow":["GET"]}}],"collection":[{"href":"https:\/\/nature-et-developpement.com\/logisain-78\/wp-json\/wp\/v2\/product"}],"about":[{"href":"https:\/\/nature-et-developpement.com\/logisain-78\/wp-json\/wp\/v2\/types\/product"}],"wp:featuredmedia":[{"embeddable":true,"href":"https:\/\/nature-et-developpement.com\/logisain-78\/wp-json\/"}],"wp:attachment":[{"href":"https:\/\/nature-et-developpement.com\/logisain-78\/wp-json\/wp\/v2\/media?parent=16757"}],"wp:term":[{"taxonomy":"product_brand","embeddable":true,"href":"https:\/\/nature-et-developpement.com\/logisain-78\/wp-json\/wp\/v2\/product_brand?post=16757"},{"taxonomy":"product_cat","embeddable":true,"href":"https:\/\/nature-et-developpement.com\/logisain-78\/wp-json\/wp\/v2\/product_cat?post=16757"},{"taxonomy":"product_tag","embeddable":true,"href":"https:\/\/nature-et-developpement.com\/logisain-78\/wp-json\/wp\/v2\/product_tag?post=16757"}],"curies":[{"name":"wp","href":"https:\/\/api.w.org\/{rel}","templated":true}]}}