{"id":2302,"date":"2020-11-09T09:35:55","date_gmt":"2020-11-09T08:35:55","guid":{"rendered":"https:\/\/nature-et-developpement.com\/logisain78\/produit\/enduit-isolant-en-liege-projete-soliege\/"},"modified":"2026-01-30T17:45:13","modified_gmt":"2026-01-30T16:45:13","slug":"enduit-isolant-en-liege-projete-soliege","status":"publish","type":"product","link":"https:\/\/nature-et-developpement.com\/logisain-78\/produit\/enduit-isolant-en-liege-projete-soliege\/","title":{"rendered":"Enduit isolant en li\u00e8ge projet\u00e9 SOLIEGE"},"content":{"rendered":"<p>Le li\u00e8ge est l&rsquo;<strong>isolant le plus naturel<\/strong> et le plus noble qui existe.<\/p>\n<p>L&rsquo;enduit li\u00e8ge \u00e0 projeter SOLIEGE peut \u00eatre teint\u00e9e pour une isolation d\u00e9corative avec nos colorants naturels natura.<\/p>\n<p>C&rsquo;est un produit naturel, li\u00e8ge r\u00e9colt\u00e9 en France, imputrescible et un isolant non hydrophile.<\/p>\n<p>Il lutte efficacement contre les ph\u00e9nom\u00e8nes de <strong>condensation<\/strong>.<\/p>\n<p>Il r\u00e9pond aux probl\u00e9matiques :<\/p>\n<ul>\n<li><strong>de paroi froide <\/strong><\/li>\n<li><strong>rupteur de pont thermique <\/strong><\/li>\n<li><strong>isolation phonique <\/strong><\/li>\n<li><strong>isolation thermique<\/strong><\/li>\n<li><strong>d\u00e9coration int\u00e9rieure<\/strong><\/li>\n<\/ul>\n<p>Avantages<\/p>\n<ul>\n<li>Stop paroi froide, pont thermique, isolation<br \/>\nphonique et thermique sur surface \u00e0 forme<br \/>\ncomplexe par proc\u00e9d\u00e9 de projection.<\/li>\n<li>Tenue assur\u00e9e sur une grande vari\u00e9t\u00e9 de supports tels que polyester, m\u00e9taux, famille des polycarbonates, brique, b\u00e9ton, plaque alv\u00e9olaire (usage int\u00e9rieur)<\/li>\n<li>Teintes personnalisables par adjonction de pigments naturels.<\/li>\n<\/ul>\n<p>Facile \u00e0 poser avec un pistolet \u00e0 cr\u00e9pi, id\u00e9al pour une application dans les coins et endroits inaccessibles, sur tous les supports.<\/p>\n<p>C&rsquo;est le mat\u00e9riau id\u00e9ale pour l&rsquo;isolation des zones difficiles ou les support lisse tel que :<\/p>\n<ul>\n<li>Isolation fourgon,<\/li>\n<li>Isolation camion am\u00e9nag\u00e9,<\/li>\n<li>Isolation van,<\/li>\n<li>Isolation bateau<\/li>\n<\/ul>\n<p>mais aussi dans la maison sur des supports tr\u00e8s h\u00e9t\u00e9rog\u00e8nes.<\/p>\n<p>SOLIEGE est une poudre de li\u00e8ge livr\u00e9e en sac de 6 kg, \u00e0 reconstituer avec de l\u2019eau. Ce sac permet de couvrir une surface d\u2019environ 12m\u00b2 selon l\u2019\u00e9paisseur souhait\u00e9e.<\/p>\n<div><\/div>\n<p><span style=\"text-decoration: underline\">Application par pistolet \u00e0 cr\u00e9pir<\/span> (location possible en magasin)<\/p>\n<p>Pr\u00e9parez dans un r\u00e9cipient la quantit\u00e9 souhait\u00e9e et ajoutez de l\u2019eau en respectant le ratio d\u2019un volume de li\u00e8ge pour 1 volume d\u2019eau (1kg=1 litre), brassez le m\u00e9lange afin qu\u2019il soit homog\u00e8ne.<\/p>\n<p>Munissez vous d\u2019un Pistolet \u00e0 Cr\u00e9pir avec une buse de 8mm et branchez le \u00e0 votre compresseur 4 Bars.<\/p>\n<p>Projetez \u00e0 environ 50 cm de la surface par mouvement horizontaux de droite \u00e0 gauche jusqu\u2019\u00e0 obtenir une couverture totale de la surface.<\/p>\n<p>Pr\u00e9voir une phase d\u2019accroche puis une passe garnissante.<\/p>\n<p><span style=\"text-decoration: underline\">Application au couteau \u00e0 enduire<\/span><\/p>\n<p>Munissez vous d\u2019un mod\u00e8le souple.<\/p>\n<p>La multiplication des couches vous permettra d\u2019obtenir une \u00e9paisseur plus cons\u00e9quente.<\/p>\n","protected":false},"excerpt":{"rendered":"<p>Enduit isolant thermique et phonique d&rsquo;int\u00e9rieur, multi-support, m\u00eame sur les surfaces lisses et m\u00e9talliques.<br \/>\nLa pose simple par projection permet une application dans la maison et les zones difficiles d&rsquo;acc\u00e8s des habitations mobiles tel que les tiny house, fourgon, van, camions am\u00e9nag\u00e9s, bateaux&#8230;<\/p>\n[embed]https:\/\/uploads-ssl.webflow.com\/60db2c54c948e7002145574b\/6139fc0870130a16d7b23858_video-soliege-transcode.mp4[\/embed]\n<p>&nbsp;<\/p>\n","protected":false},"featured_media":1000000167111,"template":"","meta":[],"product_brand":[2866],"product_cat":[225,4263,4265,47],"product_tag":[4345],"class_list":{"0":"post-2302","1":"product","2":"type-product","3":"status-publish","4":"has-post-thumbnail","6":"product_brand-soliege","7":"product_cat-enduits-naturels","8":"product_cat-isolation-interieure","9":"product_cat-isolation-phonique","10":"product_cat-peinture-et-enduit","11":"product_tag-soliege","12":"product_shipping_class-sac-de-25kg","14":"first","15":"instock","16":"taxable","17":"shipping-taxable","18":"purchasable","19":"product-type-simple"},"yoast_head":"<!-- This site is optimized with the Yoast SEO plugin v27.5 - https:\/\/yoast.com\/product\/yoast-seo-wordpress\/ -->\n<title>Enduit isolant li\u00e8ge : isolation fourgon<\/title>\n<meta name=\"description\" content=\"Thermique et phonique, multi-support, m\u00eame sur les surfaces lisses et m\u00e9talliques. Pose simple par projection pour tiny house, fourgon, van am\u00e9nag\u00e9s.\" \/>\n<meta name=\"robots\" content=\"noindex, follow\" \/>\n<meta property=\"og:locale\" content=\"fr_FR\" \/>\n<meta property=\"og:type\" content=\"article\" \/>\n<meta property=\"og:title\" content=\"Enduit isolant li\u00e8ge : isolation fourgon\" \/>\n<meta property=\"og:description\" content=\"Thermique et phonique, multi-support, m\u00eame sur les surfaces lisses et m\u00e9talliques. Pose simple par projection pour tiny house, fourgon, van am\u00e9nag\u00e9s.\" \/>\n<meta property=\"og:url\" content=\"https:\/\/nature-et-developpement.com\/logisain-78\/produit\/enduit-isolant-en-liege-projete-soliege\/\" \/>\n<meta property=\"og:site_name\" content=\"LOGISAIN 78 \u2013 Magasin de mat\u00e9riaux biosourc\u00e9s\" \/>\n<meta property=\"article:modified_time\" content=\"2026-01-30T16:45:13+00:00\" \/>\n<meta name=\"twitter:card\" content=\"summary_large_image\" \/>\n<meta name=\"twitter:label1\" content=\"Dur\u00e9e de lecture estim\u00e9e\" \/>\n\t<meta name=\"twitter:data1\" content=\"2 minutes\" \/>\n<script type=\"application\/ld+json\" class=\"yoast-schema-graph\">{\"@context\":\"https:\\\/\\\/schema.org\",\"@graph\":[{\"@type\":\"WebPage\",\"@id\":\"https:\\\/\\\/nature-et-developpement.com\\\/logisain-78\\\/produit\\\/enduit-isolant-en-liege-projete-soliege\\\/\",\"url\":\"https:\\\/\\\/nature-et-developpement.com\\\/logisain-78\\\/produit\\\/enduit-isolant-en-liege-projete-soliege\\\/\",\"name\":\"Enduit isolant li\u00e8ge : isolation fourgon\",\"isPartOf\":{\"@id\":\"https:\\\/\\\/nature-et-developpement.com\\\/logisain-78\\\/#website\"},\"primaryImageOfPage\":{\"@id\":\"https:\\\/\\\/nature-et-developpement.com\\\/logisain-78\\\/produit\\\/enduit-isolant-en-liege-projete-soliege\\\/#primaryimage\"},\"image\":{\"@id\":\"https:\\\/\\\/nature-et-developpement.com\\\/logisain-78\\\/produit\\\/enduit-isolant-en-liege-projete-soliege\\\/#primaryimage\"},\"thumbnailUrl\":\"https:\\\/\\\/nature-et-developpement.com\\\/logisain-78\\\/wp-content\\\/uploads\\\/Enduit-isolant-en-liege-projete-SOLIEGE.jpg\",\"datePublished\":\"2020-11-09T08:35:55+00:00\",\"dateModified\":\"2026-01-30T16:45:13+00:00\",\"description\":\"Thermique et phonique, multi-support, m\u00eame sur les surfaces lisses et m\u00e9talliques. Pose simple par projection pour tiny house, fourgon, van am\u00e9nag\u00e9s.\",\"breadcrumb\":{\"@id\":\"https:\\\/\\\/nature-et-developpement.com\\\/logisain-78\\\/produit\\\/enduit-isolant-en-liege-projete-soliege\\\/#breadcrumb\"},\"inLanguage\":\"fr-FR\",\"potentialAction\":[{\"@type\":\"ReadAction\",\"target\":[\"https:\\\/\\\/nature-et-developpement.com\\\/logisain-78\\\/produit\\\/enduit-isolant-en-liege-projete-soliege\\\/\"]}]},{\"@type\":\"ImageObject\",\"inLanguage\":\"fr-FR\",\"@id\":\"https:\\\/\\\/nature-et-developpement.com\\\/logisain-78\\\/produit\\\/enduit-isolant-en-liege-projete-soliege\\\/#primaryimage\",\"url\":\"https:\\\/\\\/nature-et-developpement.com\\\/logisain-78\\\/wp-content\\\/uploads\\\/Enduit-isolant-en-liege-projete-SOLIEGE.jpg\",\"contentUrl\":\"https:\\\/\\\/nature-et-developpement.com\\\/logisain-78\\\/wp-content\\\/uploads\\\/Enduit-isolant-en-liege-projete-SOLIEGE.jpg\"},{\"@type\":\"BreadcrumbList\",\"@id\":\"https:\\\/\\\/nature-et-developpement.com\\\/logisain-78\\\/produit\\\/enduit-isolant-en-liege-projete-soliege\\\/#breadcrumb\",\"itemListElement\":[{\"@type\":\"ListItem\",\"position\":1,\"name\":\"Accueil\",\"item\":\"https:\\\/\\\/nature-et-developpement.com\\\/logisain-78\\\/\"},{\"@type\":\"ListItem\",\"position\":2,\"name\":\"Produits\",\"item\":\"https:\\\/\\\/nature-et-developpement.com\\\/logisain-78\\\/shop\\\/\"},{\"@type\":\"ListItem\",\"position\":3,\"name\":\"Peinture, pigment et enduit\",\"item\":\"https:\\\/\\\/nature-et-developpement.com\\\/logisain-78\\\/produits\\\/peinture-et-enduit\\\/\"},{\"@type\":\"ListItem\",\"position\":4,\"name\":\"Enduits naturels\",\"item\":\"https:\\\/\\\/nature-et-developpement.com\\\/logisain-78\\\/produits\\\/peinture-et-enduit\\\/enduits-naturels\\\/\"},{\"@type\":\"ListItem\",\"position\":5,\"name\":\"Enduit isolant en li\u00e8ge projet\u00e9 SOLIEGE\"}]},{\"@type\":\"WebSite\",\"@id\":\"https:\\\/\\\/nature-et-developpement.com\\\/logisain-78\\\/#website\",\"url\":\"https:\\\/\\\/nature-et-developpement.com\\\/logisain-78\\\/\",\"name\":\"LOGISAIN 78 \u2013 Magasin de mat\u00e9riaux biosourc\u00e9s\",\"description\":\"Logisain 78 est membre du groupement Nature &amp; D\u00e9veloppement\",\"publisher\":{\"@id\":\"https:\\\/\\\/nature-et-developpement.com\\\/logisain-78\\\/#organization\"},\"potentialAction\":[{\"@type\":\"SearchAction\",\"target\":{\"@type\":\"EntryPoint\",\"urlTemplate\":\"https:\\\/\\\/nature-et-developpement.com\\\/logisain-78\\\/?s={search_term_string}\"},\"query-input\":{\"@type\":\"PropertyValueSpecification\",\"valueRequired\":true,\"valueName\":\"search_term_string\"}}],\"inLanguage\":\"fr-FR\"},{\"@type\":\"Organization\",\"@id\":\"https:\\\/\\\/nature-et-developpement.com\\\/logisain-78\\\/#organization\",\"name\":\"Logisain 78\",\"url\":\"https:\\\/\\\/nature-et-developpement.com\\\/logisain-78\\\/\",\"logo\":{\"@type\":\"ImageObject\",\"inLanguage\":\"fr-FR\",\"@id\":\"https:\\\/\\\/nature-et-developpement.com\\\/logisain-78\\\/#\\\/schema\\\/logo\\\/image\\\/\",\"url\":\"https:\\\/\\\/nature-et-developpement.com\\\/logisain-78\\\/wp-content\\\/uploads\\\/sites\\\/5\\\/2021\\\/08\\\/logo-logisain.jpg\",\"contentUrl\":\"https:\\\/\\\/nature-et-developpement.com\\\/logisain-78\\\/wp-content\\\/uploads\\\/sites\\\/5\\\/2021\\\/08\\\/logo-logisain.jpg\",\"width\":672,\"height\":455,\"caption\":\"Logisain 78\"},\"image\":{\"@id\":\"https:\\\/\\\/nature-et-developpement.com\\\/logisain-78\\\/#\\\/schema\\\/logo\\\/image\\\/\"}}]}<\/script>\n<!-- \/ Yoast SEO plugin. -->","yoast_head_json":{"title":"Enduit isolant li\u00e8ge : isolation fourgon","description":"Thermique et phonique, multi-support, m\u00eame sur les surfaces lisses et m\u00e9talliques. Pose simple par projection pour tiny house, fourgon, van am\u00e9nag\u00e9s.","robots":{"index":"noindex","follow":"follow"},"og_locale":"fr_FR","og_type":"article","og_title":"Enduit isolant li\u00e8ge : isolation fourgon","og_description":"Thermique et phonique, multi-support, m\u00eame sur les surfaces lisses et m\u00e9talliques. Pose simple par projection pour tiny house, fourgon, van am\u00e9nag\u00e9s.","og_url":"https:\/\/nature-et-developpement.com\/logisain-78\/produit\/enduit-isolant-en-liege-projete-soliege\/","og_site_name":"LOGISAIN 78 \u2013 Magasin de mat\u00e9riaux biosourc\u00e9s","article_modified_time":"2026-01-30T16:45:13+00:00","twitter_card":"summary_large_image","twitter_misc":{"Dur\u00e9e de lecture estim\u00e9e":"2 minutes"},"schema":{"@context":"https:\/\/schema.org","@graph":[{"@type":"WebPage","@id":"https:\/\/nature-et-developpement.com\/logisain-78\/produit\/enduit-isolant-en-liege-projete-soliege\/","url":"https:\/\/nature-et-developpement.com\/logisain-78\/produit\/enduit-isolant-en-liege-projete-soliege\/","name":"Enduit isolant li\u00e8ge : isolation fourgon","isPartOf":{"@id":"https:\/\/nature-et-developpement.com\/logisain-78\/#website"},"primaryImageOfPage":{"@id":"https:\/\/nature-et-developpement.com\/logisain-78\/produit\/enduit-isolant-en-liege-projete-soliege\/#primaryimage"},"image":{"@id":"https:\/\/nature-et-developpement.com\/logisain-78\/produit\/enduit-isolant-en-liege-projete-soliege\/#primaryimage"},"thumbnailUrl":"https:\/\/nature-et-developpement.com\/logisain-78\/wp-content\/uploads\/Enduit-isolant-en-liege-projete-SOLIEGE.jpg","datePublished":"2020-11-09T08:35:55+00:00","dateModified":"2026-01-30T16:45:13+00:00","description":"Thermique et phonique, multi-support, m\u00eame sur les surfaces lisses et m\u00e9talliques. Pose simple par projection pour tiny house, fourgon, van am\u00e9nag\u00e9s.","breadcrumb":{"@id":"https:\/\/nature-et-developpement.com\/logisain-78\/produit\/enduit-isolant-en-liege-projete-soliege\/#breadcrumb"},"inLanguage":"fr-FR","potentialAction":[{"@type":"ReadAction","target":["https:\/\/nature-et-developpement.com\/logisain-78\/produit\/enduit-isolant-en-liege-projete-soliege\/"]}]},{"@type":"ImageObject","inLanguage":"fr-FR","@id":"https:\/\/nature-et-developpement.com\/logisain-78\/produit\/enduit-isolant-en-liege-projete-soliege\/#primaryimage","url":"https:\/\/nature-et-developpement.com\/logisain-78\/wp-content\/uploads\/Enduit-isolant-en-liege-projete-SOLIEGE.jpg","contentUrl":"https:\/\/nature-et-developpement.com\/logisain-78\/wp-content\/uploads\/Enduit-isolant-en-liege-projete-SOLIEGE.jpg"},{"@type":"BreadcrumbList","@id":"https:\/\/nature-et-developpement.com\/logisain-78\/produit\/enduit-isolant-en-liege-projete-soliege\/#breadcrumb","itemListElement":[{"@type":"ListItem","position":1,"name":"Accueil","item":"https:\/\/nature-et-developpement.com\/logisain-78\/"},{"@type":"ListItem","position":2,"name":"Produits","item":"https:\/\/nature-et-developpement.com\/logisain-78\/shop\/"},{"@type":"ListItem","position":3,"name":"Peinture, pigment et enduit","item":"https:\/\/nature-et-developpement.com\/logisain-78\/produits\/peinture-et-enduit\/"},{"@type":"ListItem","position":4,"name":"Enduits naturels","item":"https:\/\/nature-et-developpement.com\/logisain-78\/produits\/peinture-et-enduit\/enduits-naturels\/"},{"@type":"ListItem","position":5,"name":"Enduit isolant en li\u00e8ge projet\u00e9 SOLIEGE"}]},{"@type":"WebSite","@id":"https:\/\/nature-et-developpement.com\/logisain-78\/#website","url":"https:\/\/nature-et-developpement.com\/logisain-78\/","name":"LOGISAIN 78 \u2013 Magasin de mat\u00e9riaux biosourc\u00e9s","description":"Logisain 78 est membre du groupement Nature &amp; D\u00e9veloppement","publisher":{"@id":"https:\/\/nature-et-developpement.com\/logisain-78\/#organization"},"potentialAction":[{"@type":"SearchAction","target":{"@type":"EntryPoint","urlTemplate":"https:\/\/nature-et-developpement.com\/logisain-78\/?s={search_term_string}"},"query-input":{"@type":"PropertyValueSpecification","valueRequired":true,"valueName":"search_term_string"}}],"inLanguage":"fr-FR"},{"@type":"Organization","@id":"https:\/\/nature-et-developpement.com\/logisain-78\/#organization","name":"Logisain 78","url":"https:\/\/nature-et-developpement.com\/logisain-78\/","logo":{"@type":"ImageObject","inLanguage":"fr-FR","@id":"https:\/\/nature-et-developpement.com\/logisain-78\/#\/schema\/logo\/image\/","url":"https:\/\/nature-et-developpement.com\/logisain-78\/wp-content\/uploads\/sites\/5\/2021\/08\/logo-logisain.jpg","contentUrl":"https:\/\/nature-et-developpement.com\/logisain-78\/wp-content\/uploads\/sites\/5\/2021\/08\/logo-logisain.jpg","width":672,"height":455,"caption":"Logisain 78"},"image":{"@id":"https:\/\/nature-et-developpement.com\/logisain-78\/#\/schema\/logo\/image\/"}}]}},"distributor_meta":false,"distributor_terms":false,"distributor_media":false,"distributor_original_site_name":"LOGISAIN 78 \u2013 Magasin de mat\u00e9riaux biosourc\u00e9s","distributor_original_site_url":"https:\/\/nature-et-developpement.com\/logisain-78","push-errors":false,"_links":{"self":[{"href":"https:\/\/nature-et-developpement.com\/logisain-78\/wp-json\/wp\/v2\/product\/2302","targetHints":{"allow":["GET"]}}],"collection":[{"href":"https:\/\/nature-et-developpement.com\/logisain-78\/wp-json\/wp\/v2\/product"}],"about":[{"href":"https:\/\/nature-et-developpement.com\/logisain-78\/wp-json\/wp\/v2\/types\/product"}],"wp:featuredmedia":[{"embeddable":true,"href":"https:\/\/nature-et-developpement.com\/logisain-78\/wp-json\/"}],"wp:attachment":[{"href":"https:\/\/nature-et-developpement.com\/logisain-78\/wp-json\/wp\/v2\/media?parent=2302"}],"wp:term":[{"taxonomy":"product_brand","embeddable":true,"href":"https:\/\/nature-et-developpement.com\/logisain-78\/wp-json\/wp\/v2\/product_brand?post=2302"},{"taxonomy":"product_cat","embeddable":true,"href":"https:\/\/nature-et-developpement.com\/logisain-78\/wp-json\/wp\/v2\/product_cat?post=2302"},{"taxonomy":"product_tag","embeddable":true,"href":"https:\/\/nature-et-developpement.com\/logisain-78\/wp-json\/wp\/v2\/product_tag?post=2302"}],"curies":[{"name":"wp","href":"https:\/\/api.w.org\/{rel}","templated":true}]}}