{"id":2460,"date":"2020-11-04T21:50:06","date_gmt":"2020-11-04T20:50:06","guid":{"rendered":"https:\/\/nature-et-developpement.com\/logisain78\/produit\/bardages-naturels-douglas-a-claire-voie\/"},"modified":"2025-04-22T17:30:02","modified_gmt":"2025-04-22T15:30:02","slug":"bardages-naturels-douglas-a-claire-voie","status":"publish","type":"product","link":"https:\/\/nature-et-developpement.com\/logisain-78\/produit\/bardages-naturels-douglas-a-claire-voie\/","title":{"rendered":"Bardages Naturels Douglas \u00e0 Claire Voie"},"content":{"rendered":"<p>Pour le respect de l\u2019environnement, nos bardages sont non trait\u00e9s et naturellement r\u00e9sistants aux agents chimiques et biologiques, ils sont adapt\u00e9s pour l\u2019ext\u00e9rieur.<\/p>\n<div><\/div>\n<div>Nos bardages peuvent \u00eatre \u00e9galement teint\u00e9es directement en scierie avec notre Huile Rubio.<\/div>\n<div><\/div>\n<p>Caract\u00e9ristiques communes \u00e0 l&rsquo;ensemble de nos profils:<\/p>\n<p>Longueur 3 et 4m<br \/>\n&#8211; 10% Aubier<br \/>\nChoix 1<br \/>\nBois sec 18-20%<br \/>\nClasse d&#8217;emploi 3 pour une utilisation ext\u00e9rieur<\/p>\n<div><\/div>\n<div><\/div>\n","protected":false},"excerpt":{"rendered":"<p>Bardage Douglas naturel \u00e0 claire voix en longueur de 3 ou 4m rainur\u00e9 en bout. Diff\u00e9rents profils et finitions et teintes disponibles. Choix 1, bois sec issue de for\u00eat g\u00e9r\u00e9e Normande et Bretonne.<\/p>\n","protected":false},"featured_media":30600,"template":"","meta":[],"product_brand":[2913],"product_cat":[48,319,131,2909],"product_tag":[],"class_list":{"0":"post-2460","1":"product","2":"type-product","3":"status-publish","4":"has-post-thumbnail","6":"product_brand-produit-logisain","7":"product_cat-agencement-exterieur","8":"product_cat-bardages","9":"product_cat-construction-maison-bois","10":"product_cat-demande-de-devis-uniquement-sans-prix","11":"product_shipping_class-impact-transport-important","13":"first","14":"instock","15":"sale","16":"taxable","17":"shipping-taxable","18":"purchasable","19":"product-type-variable"},"yoast_head":"<!-- This site is optimized with the Yoast SEO plugin v27.5 - https:\/\/yoast.com\/product\/yoast-seo-wordpress\/ -->\n<title>Bardages Naturels Douglas \u00e0 Claire Voie<\/title>\n<meta name=\"description\" content=\"Bardage Douglas naturel \u00e0 claire voix en longueur de 3 ou 4m rainur\u00e9 en bout. Diff\u00e9rents profils et finitions et teintes disponibles. Choix 1, bois sec issue de for\u00eat g\u00e9r\u00e9e Normande et Bretonne.\" \/>\n<meta name=\"robots\" content=\"noindex, follow\" \/>\n<meta property=\"og:locale\" content=\"fr_FR\" \/>\n<meta property=\"og:type\" content=\"article\" \/>\n<meta property=\"og:title\" content=\"Bardages Naturels Douglas \u00e0 Claire Voie\" \/>\n<meta property=\"og:description\" content=\"Bardage Douglas naturel \u00e0 claire voix en longueur de 3 ou 4m rainur\u00e9 en bout. Diff\u00e9rents profils et finitions et teintes disponibles. Choix 1, bois sec issue de for\u00eat g\u00e9r\u00e9e Normande et Bretonne.\" \/>\n<meta property=\"og:url\" content=\"https:\/\/nature-et-developpement.com\/logisain-78\/produit\/bardages-naturels-douglas-a-claire-voie\/\" \/>\n<meta property=\"og:site_name\" content=\"LOGISAIN 78 \u2013 Magasin de mat\u00e9riaux biosourc\u00e9s\" \/>\n<meta property=\"article:modified_time\" content=\"2025-04-22T15:30:02+00:00\" \/>\n<meta property=\"og:image\" content=\"https:\/\/nature-et-developpement.com\/logisain-78\/wp-content\/uploads\/sites\/5\/2022\/06\/BARDAGES-NATURELS-DOUGLAS-A-CLAIRE-VOIE.jpg\" \/>\n\t<meta property=\"og:image:width\" content=\"800\" \/>\n\t<meta property=\"og:image:height\" content=\"800\" \/>\n\t<meta property=\"og:image:type\" content=\"image\/jpeg\" \/>\n<meta name=\"twitter:card\" content=\"summary_large_image\" \/>\n<script type=\"application\/ld+json\" class=\"yoast-schema-graph\">{\"@context\":\"https:\\\/\\\/schema.org\",\"@graph\":[{\"@type\":\"WebPage\",\"@id\":\"https:\\\/\\\/nature-et-developpement.com\\\/logisain-78\\\/produit\\\/bardages-naturels-douglas-a-claire-voie\\\/\",\"url\":\"https:\\\/\\\/nature-et-developpement.com\\\/logisain-78\\\/produit\\\/bardages-naturels-douglas-a-claire-voie\\\/\",\"name\":\"Bardages Naturels Douglas \u00e0 Claire Voie\",\"isPartOf\":{\"@id\":\"https:\\\/\\\/nature-et-developpement.com\\\/logisain-78\\\/#website\"},\"primaryImageOfPage\":{\"@id\":\"https:\\\/\\\/nature-et-developpement.com\\\/logisain-78\\\/produit\\\/bardages-naturels-douglas-a-claire-voie\\\/#primaryimage\"},\"image\":{\"@id\":\"https:\\\/\\\/nature-et-developpement.com\\\/logisain-78\\\/produit\\\/bardages-naturels-douglas-a-claire-voie\\\/#primaryimage\"},\"thumbnailUrl\":\"https:\\\/\\\/nature-et-developpement.com\\\/logisain-78\\\/wp-content\\\/uploads\\\/sites\\\/5\\\/2022\\\/06\\\/BARDAGES-NATURELS-DOUGLAS-A-CLAIRE-VOIE.jpg\",\"datePublished\":\"2020-11-04T20:50:06+00:00\",\"dateModified\":\"2025-04-22T15:30:02+00:00\",\"description\":\"Bardage Douglas naturel \u00e0 claire voix en longueur de 3 ou 4m rainur\u00e9 en bout. Diff\u00e9rents profils et finitions et teintes disponibles. Choix 1, bois sec issue de for\u00eat g\u00e9r\u00e9e Normande et Bretonne.\",\"breadcrumb\":{\"@id\":\"https:\\\/\\\/nature-et-developpement.com\\\/logisain-78\\\/produit\\\/bardages-naturels-douglas-a-claire-voie\\\/#breadcrumb\"},\"inLanguage\":\"fr-FR\",\"potentialAction\":[{\"@type\":\"ReadAction\",\"target\":[\"https:\\\/\\\/nature-et-developpement.com\\\/logisain-78\\\/produit\\\/bardages-naturels-douglas-a-claire-voie\\\/\"]}]},{\"@type\":\"ImageObject\",\"inLanguage\":\"fr-FR\",\"@id\":\"https:\\\/\\\/nature-et-developpement.com\\\/logisain-78\\\/produit\\\/bardages-naturels-douglas-a-claire-voie\\\/#primaryimage\",\"url\":\"https:\\\/\\\/nature-et-developpement.com\\\/logisain-78\\\/wp-content\\\/uploads\\\/sites\\\/5\\\/2022\\\/06\\\/BARDAGES-NATURELS-DOUGLAS-A-CLAIRE-VOIE.jpg\",\"contentUrl\":\"https:\\\/\\\/nature-et-developpement.com\\\/logisain-78\\\/wp-content\\\/uploads\\\/sites\\\/5\\\/2022\\\/06\\\/BARDAGES-NATURELS-DOUGLAS-A-CLAIRE-VOIE.jpg\",\"width\":800,\"height\":800},{\"@type\":\"BreadcrumbList\",\"@id\":\"https:\\\/\\\/nature-et-developpement.com\\\/logisain-78\\\/produit\\\/bardages-naturels-douglas-a-claire-voie\\\/#breadcrumb\",\"itemListElement\":[{\"@type\":\"ListItem\",\"position\":1,\"name\":\"Accueil\",\"item\":\"https:\\\/\\\/nature-et-developpement.com\\\/logisain-78\\\/\"},{\"@type\":\"ListItem\",\"position\":2,\"name\":\"Produits\",\"item\":\"https:\\\/\\\/nature-et-developpement.com\\\/logisain-78\\\/shop\\\/\"},{\"@type\":\"ListItem\",\"position\":3,\"name\":\"Construction, cloison et fen\u00eatres\",\"item\":\"https:\\\/\\\/nature-et-developpement.com\\\/logisain-78\\\/produits\\\/construction\\\/\"},{\"@type\":\"ListItem\",\"position\":4,\"name\":\"Construction bois\",\"item\":\"https:\\\/\\\/nature-et-developpement.com\\\/logisain-78\\\/produits\\\/construction\\\/construction-maison-bois\\\/\"},{\"@type\":\"ListItem\",\"position\":5,\"name\":\"Bardages Naturels Douglas \u00e0 Claire Voie\"}]},{\"@type\":\"WebSite\",\"@id\":\"https:\\\/\\\/nature-et-developpement.com\\\/logisain-78\\\/#website\",\"url\":\"https:\\\/\\\/nature-et-developpement.com\\\/logisain-78\\\/\",\"name\":\"LOGISAIN 78 \u2013 Magasin de mat\u00e9riaux biosourc\u00e9s\",\"description\":\"Logisain 78 est membre du groupement Nature &amp; D\u00e9veloppement\",\"publisher\":{\"@id\":\"https:\\\/\\\/nature-et-developpement.com\\\/logisain-78\\\/#organization\"},\"potentialAction\":[{\"@type\":\"SearchAction\",\"target\":{\"@type\":\"EntryPoint\",\"urlTemplate\":\"https:\\\/\\\/nature-et-developpement.com\\\/logisain-78\\\/?s={search_term_string}\"},\"query-input\":{\"@type\":\"PropertyValueSpecification\",\"valueRequired\":true,\"valueName\":\"search_term_string\"}}],\"inLanguage\":\"fr-FR\"},{\"@type\":\"Organization\",\"@id\":\"https:\\\/\\\/nature-et-developpement.com\\\/logisain-78\\\/#organization\",\"name\":\"Logisain 78\",\"url\":\"https:\\\/\\\/nature-et-developpement.com\\\/logisain-78\\\/\",\"logo\":{\"@type\":\"ImageObject\",\"inLanguage\":\"fr-FR\",\"@id\":\"https:\\\/\\\/nature-et-developpement.com\\\/logisain-78\\\/#\\\/schema\\\/logo\\\/image\\\/\",\"url\":\"https:\\\/\\\/nature-et-developpement.com\\\/logisain-78\\\/wp-content\\\/uploads\\\/sites\\\/5\\\/2021\\\/08\\\/logo-logisain.jpg\",\"contentUrl\":\"https:\\\/\\\/nature-et-developpement.com\\\/logisain-78\\\/wp-content\\\/uploads\\\/sites\\\/5\\\/2021\\\/08\\\/logo-logisain.jpg\",\"width\":672,\"height\":455,\"caption\":\"Logisain 78\"},\"image\":{\"@id\":\"https:\\\/\\\/nature-et-developpement.com\\\/logisain-78\\\/#\\\/schema\\\/logo\\\/image\\\/\"}}]}<\/script>\n<!-- \/ Yoast SEO plugin. -->","yoast_head_json":{"title":"Bardages Naturels Douglas \u00e0 Claire Voie","description":"Bardage Douglas naturel \u00e0 claire voix en longueur de 3 ou 4m rainur\u00e9 en bout. Diff\u00e9rents profils et finitions et teintes disponibles. Choix 1, bois sec issue de for\u00eat g\u00e9r\u00e9e Normande et Bretonne.","robots":{"index":"noindex","follow":"follow"},"og_locale":"fr_FR","og_type":"article","og_title":"Bardages Naturels Douglas \u00e0 Claire Voie","og_description":"Bardage Douglas naturel \u00e0 claire voix en longueur de 3 ou 4m rainur\u00e9 en bout. Diff\u00e9rents profils et finitions et teintes disponibles. Choix 1, bois sec issue de for\u00eat g\u00e9r\u00e9e Normande et Bretonne.","og_url":"https:\/\/nature-et-developpement.com\/logisain-78\/produit\/bardages-naturels-douglas-a-claire-voie\/","og_site_name":"LOGISAIN 78 \u2013 Magasin de mat\u00e9riaux biosourc\u00e9s","article_modified_time":"2025-04-22T15:30:02+00:00","og_image":[{"width":800,"height":800,"url":"https:\/\/nature-et-developpement.com\/logisain-78\/wp-content\/uploads\/sites\/5\/2022\/06\/BARDAGES-NATURELS-DOUGLAS-A-CLAIRE-VOIE.jpg","type":"image\/jpeg"}],"twitter_card":"summary_large_image","schema":{"@context":"https:\/\/schema.org","@graph":[{"@type":"WebPage","@id":"https:\/\/nature-et-developpement.com\/logisain-78\/produit\/bardages-naturels-douglas-a-claire-voie\/","url":"https:\/\/nature-et-developpement.com\/logisain-78\/produit\/bardages-naturels-douglas-a-claire-voie\/","name":"Bardages Naturels Douglas \u00e0 Claire Voie","isPartOf":{"@id":"https:\/\/nature-et-developpement.com\/logisain-78\/#website"},"primaryImageOfPage":{"@id":"https:\/\/nature-et-developpement.com\/logisain-78\/produit\/bardages-naturels-douglas-a-claire-voie\/#primaryimage"},"image":{"@id":"https:\/\/nature-et-developpement.com\/logisain-78\/produit\/bardages-naturels-douglas-a-claire-voie\/#primaryimage"},"thumbnailUrl":"https:\/\/nature-et-developpement.com\/logisain-78\/wp-content\/uploads\/sites\/5\/2022\/06\/BARDAGES-NATURELS-DOUGLAS-A-CLAIRE-VOIE.jpg","datePublished":"2020-11-04T20:50:06+00:00","dateModified":"2025-04-22T15:30:02+00:00","description":"Bardage Douglas naturel \u00e0 claire voix en longueur de 3 ou 4m rainur\u00e9 en bout. Diff\u00e9rents profils et finitions et teintes disponibles. Choix 1, bois sec issue de for\u00eat g\u00e9r\u00e9e Normande et Bretonne.","breadcrumb":{"@id":"https:\/\/nature-et-developpement.com\/logisain-78\/produit\/bardages-naturels-douglas-a-claire-voie\/#breadcrumb"},"inLanguage":"fr-FR","potentialAction":[{"@type":"ReadAction","target":["https:\/\/nature-et-developpement.com\/logisain-78\/produit\/bardages-naturels-douglas-a-claire-voie\/"]}]},{"@type":"ImageObject","inLanguage":"fr-FR","@id":"https:\/\/nature-et-developpement.com\/logisain-78\/produit\/bardages-naturels-douglas-a-claire-voie\/#primaryimage","url":"https:\/\/nature-et-developpement.com\/logisain-78\/wp-content\/uploads\/sites\/5\/2022\/06\/BARDAGES-NATURELS-DOUGLAS-A-CLAIRE-VOIE.jpg","contentUrl":"https:\/\/nature-et-developpement.com\/logisain-78\/wp-content\/uploads\/sites\/5\/2022\/06\/BARDAGES-NATURELS-DOUGLAS-A-CLAIRE-VOIE.jpg","width":800,"height":800},{"@type":"BreadcrumbList","@id":"https:\/\/nature-et-developpement.com\/logisain-78\/produit\/bardages-naturels-douglas-a-claire-voie\/#breadcrumb","itemListElement":[{"@type":"ListItem","position":1,"name":"Accueil","item":"https:\/\/nature-et-developpement.com\/logisain-78\/"},{"@type":"ListItem","position":2,"name":"Produits","item":"https:\/\/nature-et-developpement.com\/logisain-78\/shop\/"},{"@type":"ListItem","position":3,"name":"Construction, cloison et fen\u00eatres","item":"https:\/\/nature-et-developpement.com\/logisain-78\/produits\/construction\/"},{"@type":"ListItem","position":4,"name":"Construction bois","item":"https:\/\/nature-et-developpement.com\/logisain-78\/produits\/construction\/construction-maison-bois\/"},{"@type":"ListItem","position":5,"name":"Bardages Naturels Douglas \u00e0 Claire Voie"}]},{"@type":"WebSite","@id":"https:\/\/nature-et-developpement.com\/logisain-78\/#website","url":"https:\/\/nature-et-developpement.com\/logisain-78\/","name":"LOGISAIN 78 \u2013 Magasin de mat\u00e9riaux biosourc\u00e9s","description":"Logisain 78 est membre du groupement Nature &amp; D\u00e9veloppement","publisher":{"@id":"https:\/\/nature-et-developpement.com\/logisain-78\/#organization"},"potentialAction":[{"@type":"SearchAction","target":{"@type":"EntryPoint","urlTemplate":"https:\/\/nature-et-developpement.com\/logisain-78\/?s={search_term_string}"},"query-input":{"@type":"PropertyValueSpecification","valueRequired":true,"valueName":"search_term_string"}}],"inLanguage":"fr-FR"},{"@type":"Organization","@id":"https:\/\/nature-et-developpement.com\/logisain-78\/#organization","name":"Logisain 78","url":"https:\/\/nature-et-developpement.com\/logisain-78\/","logo":{"@type":"ImageObject","inLanguage":"fr-FR","@id":"https:\/\/nature-et-developpement.com\/logisain-78\/#\/schema\/logo\/image\/","url":"https:\/\/nature-et-developpement.com\/logisain-78\/wp-content\/uploads\/sites\/5\/2021\/08\/logo-logisain.jpg","contentUrl":"https:\/\/nature-et-developpement.com\/logisain-78\/wp-content\/uploads\/sites\/5\/2021\/08\/logo-logisain.jpg","width":672,"height":455,"caption":"Logisain 78"},"image":{"@id":"https:\/\/nature-et-developpement.com\/logisain-78\/#\/schema\/logo\/image\/"}}]}},"distributor_meta":false,"distributor_terms":false,"distributor_media":false,"distributor_original_site_name":"LOGISAIN 78 \u2013 Magasin de mat\u00e9riaux biosourc\u00e9s","distributor_original_site_url":"https:\/\/nature-et-developpement.com\/logisain-78","push-errors":false,"_links":{"self":[{"href":"https:\/\/nature-et-developpement.com\/logisain-78\/wp-json\/wp\/v2\/product\/2460","targetHints":{"allow":["GET"]}}],"collection":[{"href":"https:\/\/nature-et-developpement.com\/logisain-78\/wp-json\/wp\/v2\/product"}],"about":[{"href":"https:\/\/nature-et-developpement.com\/logisain-78\/wp-json\/wp\/v2\/types\/product"}],"wp:featuredmedia":[{"embeddable":true,"href":"https:\/\/nature-et-developpement.com\/logisain-78\/wp-json\/wp\/v2\/media\/30600"}],"wp:attachment":[{"href":"https:\/\/nature-et-developpement.com\/logisain-78\/wp-json\/wp\/v2\/media?parent=2460"}],"wp:term":[{"taxonomy":"product_brand","embeddable":true,"href":"https:\/\/nature-et-developpement.com\/logisain-78\/wp-json\/wp\/v2\/product_brand?post=2460"},{"taxonomy":"product_cat","embeddable":true,"href":"https:\/\/nature-et-developpement.com\/logisain-78\/wp-json\/wp\/v2\/product_cat?post=2460"},{"taxonomy":"product_tag","embeddable":true,"href":"https:\/\/nature-et-developpement.com\/logisain-78\/wp-json\/wp\/v2\/product_tag?post=2460"}],"curies":[{"name":"wp","href":"https:\/\/api.w.org\/{rel}","templated":true}]}}