{"id":26136,"date":"2022-01-27T15:00:57","date_gmt":"2022-01-27T14:00:57","guid":{"rendered":"https:\/\/nature-et-developpement.com\/logisain-78\/produit\/huile-de-lin-cuite-premiere-pression-a-froid-natura\/"},"modified":"2026-03-27T11:15:11","modified_gmt":"2026-03-27T10:15:11","slug":"huile-de-lin-cuite-premiere-pression-a-froid-natura","status":"publish","type":"product","link":"https:\/\/nature-et-developpement.com\/logisain-78\/produit\/huile-de-lin-cuite-premiere-pression-a-froid-natura\/","title":{"rendered":"Huile de lin cuite premi\u00e8re pression \u00e0 froid de Natura"},"content":{"rendered":"<h3>Pourquoi l&rsquo;huile de lin cuite<\/h3>\n<p>Extraite des graines du linum usitatissimum (Linac\u00e9es), l\u2019huile de lin est la plus utilis\u00e9e des huiles siccatives.<\/p>\n<p>La cuisson des huiles est un usage tr\u00e8s ancien.<\/p>\n<p>Cette huile v\u00e9g\u00e9tale permet d\u2019obtenir diff\u00e9rentes sortes de viscosit\u00e9.<\/p>\n<p>La cuisson am\u00e9liore les qualit\u00e9s de l\u2019huile de lin, une am\u00e9lioration de la siccativit\u00e9 naturelle de l\u2019huile crue.<\/p>\n<p>Les graines d&rsquo;origine normande est valoris\u00e9es dans le cadre d&rsquo;un p\u00f4le d&rsquo;excellence rurale.<\/p>\n<p>Les cultures sont garanties sans OGM.<\/p>\n<p>Avec une valorisation des sous produits peu exploit\u00e9s (graines de lin textile).<\/p>\n<p>Une production en circuit court, dans un rayon de 30km, favorisant un d\u00e9veloppement de l&rsquo;\u00e9conomie locale.<\/p>\n<h3>Un peu d&rsquo;histoire&#8230;<\/h3>\n<p>La culture de lin est tr\u00e8s ancienne et fut longtemps enti\u00e8rement d\u00e9di\u00e9e \u00e0 la production de fibre.<\/p>\n<p>Les plus anciennes traces de fibres de lin retrouv\u00e9es en G\u00e9orgie datent de 36 000 ans.<\/p>\n<p>La culture est apparue en Europe au n\u00e9olithique, mais il faudra attendre le XI\u00e8me si\u00e8cle pour qu&rsquo;elle se g\u00e9n\u00e9ralise gr\u00e2ce \u00e0 Charlemagne.<\/p>\n<p>Les propri\u00e9t\u00e9s m\u00e9dicinales de la graine sont connues depuis Hippocrate.<\/p>\n<p>Quant \u00e0 l&rsquo;huile, son usage s&rsquo;est r\u00e9pandu \u00e0 partir du XVI\u00e8 si\u00e8cle.<\/p>\n<p>Elle a connu un nombre consid\u00e9rable d&rsquo;usages, dont la peinture \u00e0 l&rsquo;huile et le fameux\u00a0<em>linoleum<\/em>, qui signifie litt\u00e9ralement\u00a0<em>huile de lin<\/em>.<\/p>\n<p>Ces huiles v\u00e9g\u00e9tales furent interdites, en France, au XX\u00e8me si\u00e8cle, suspect\u00e9e alors de devenir toxique si rancie.<\/p>\n<p>Ce liant a \u00e9t\u00e9 r\u00e9-autoris\u00e9e en 2009 et jouit, depuis, d&rsquo;une belle renomm\u00e9e.<\/p>\n<h3>Mode d&#8217;emploi :<\/h3>\n<p>Se colore avec tous les pigments min\u00e9raux compatibles.<\/p>\n<p>D\u00e9tremper le pigment dans un peu d\u2019huile, le broyer, puis incorporer la p\u00e2te colorante obtenue au reste d\u2019huile et bien m\u00e9langer.<\/p>\n<p>Utilis\u00e9e pour la confection des m\u00e9diums comme d&rsquo;autre additifs, des vernis gras, glacis, peintures, lasure et des encres grasses et comme liant additif pour les \u00e9mulsions.<\/p>\n<p>Elle est employ\u00e9e \u00e9galement comme additif pour les mortiers \u00e0 la chaux.<\/p>\n<p>La peinture \u00e0 l\u2019huile cuite, pos\u00e9e au pineau, est plus solide, plus brillante, elle s\u00e8che plus vite et a plus d\u2019arrondi que la peinture \u00e0 l\u2019huile crue.<\/p>\n<p>En contrepartie, ce type de vernis fonce \u00e9norm\u00e9ment la teinte de base.<\/p>\n<p>Notamment utilis\u00e9e pour le traitement et la protection des terres cuites et en protection des enduits liss\u00e9s : diluer environ 1 \u00e0 2 volumes pour 1 volume d\u2019essence de t\u00e9r\u00e9benthine.<\/p>\n<p>La finition mat des peintures \u00e0 la farine est une alternative pour les boiseries en bois brut, en ch\u00eane ou r\u00e9sineux.<\/p>\n<p>Sec et recouvrable apr\u00e8s environ 24 h.<\/p>\n<p>S\u00e9chage complet apr\u00e8s plusieurs jours.<\/p>\n<h3>Consommation :<\/h3>\n<p>environ 0,1L par m\u00b2 par couche en dilution avec\u00a0 de l&rsquo;essence de t\u00e9r\u00e9benthine.<\/p>\n<h3>Recommandations :<\/h3>\n<p>En cas de contact avec les yeux, rincer abondamment \u00e0 l&rsquo;eau douce et consulter un m\u00e9decin si les sympt\u00f4mes persistent.<\/p>\n<p>Conserver hors de port\u00e9e des enfants.<\/p>\n<p>Nettoyage et conservation : Nettoyage des outils avec de l&rsquo;essence de t\u00e9r\u00e9benthine.<\/p>\n<p>Appliquer et conserver \u00e0 des temp\u00e9ratures comprises entre 5\u00b0C et 35\u00b0C.<\/p>\n<p>Se conserve 1 an dans son emballage d\u2019origine ferm\u00e9 au sec \u00e0 l\u2019abri du gel.<\/p>\n<h3>Conditionnement<\/h3>\n<p>1L, 5L et 20L.<\/p>\n","protected":false},"excerpt":{"rendered":"<p>Huile de lin cultiv\u00e9e, r\u00e9colt\u00e9e et produite en Normandie, obtenue par pression \u00e0 froid sans solvant, filtr\u00e9e \u00e0 1\u03bcm, puis cuite \u00e0 150\u00b0C sans siccatif ajout\u00e9<\/p>\n","protected":false},"featured_media":1000000166414,"template":"","meta":[],"product_brand":[2855],"product_cat":[2909,473,49,50,1417],"product_tag":[4163],"class_list":{"0":"post-26136","1":"product","2":"type-product","3":"status-publish","4":"has-post-thumbnail","6":"product_brand-natura","7":"product_cat-demande-de-devis-uniquement-sans-prix","8":"product_cat-droguerie","9":"product_cat-protection-du-bois","10":"product_cat-protection-et-entretien","11":"product_cat-traitement-bois-et-pierre-ecologique","12":"product_tag-traitement-du-bois","13":"product_shipping_class-peintures-accessoires-peintures","15":"first","16":"instock","17":"taxable","18":"shipping-taxable","19":"purchasable","20":"product-type-variable"},"yoast_head":"<!-- This site is optimized with the Yoast SEO plugin v27.5 - https:\/\/yoast.com\/product\/yoast-seo-wordpress\/ -->\n<title>Huile de lin cuite premi\u00e8re pression \u00e0 froid de Natura<\/title>\n<meta name=\"description\" content=\"Huile de lin cultiv\u00e9e, r\u00e9colt\u00e9e et produite en Normandie, obtenue par pression \u00e0 froid sans solvant, filtr\u00e9e \u00e0 1\u03bcm, puis cuite \u00e0 150\u00b0C sans siccatif ajout\u00e9\" \/>\n<meta name=\"robots\" content=\"noindex, nofollow\" \/>\n<meta property=\"og:locale\" content=\"fr_FR\" \/>\n<meta property=\"og:type\" content=\"article\" \/>\n<meta property=\"og:title\" content=\"Huile de lin cuite premi\u00e8re pression \u00e0 froid de Natura\" \/>\n<meta property=\"og:description\" content=\"Huile de lin cultiv\u00e9e, r\u00e9colt\u00e9e et produite en Normandie, obtenue par pression \u00e0 froid sans solvant, filtr\u00e9e \u00e0 1\u03bcm, puis cuite \u00e0 150\u00b0C sans siccatif ajout\u00e9\" \/>\n<meta property=\"og:url\" content=\"https:\/\/nature-et-developpement.com\/logisain-78\/produit\/huile-de-lin-cuite-premiere-pression-a-froid-natura\/\" \/>\n<meta property=\"og:site_name\" content=\"LOGISAIN 78 \u2013 Magasin de mat\u00e9riaux biosourc\u00e9s\" \/>\n<meta property=\"article:modified_time\" content=\"2026-03-27T10:15:11+00:00\" \/>\n<meta name=\"twitter:card\" content=\"summary_large_image\" \/>\n<meta name=\"twitter:label1\" content=\"Dur\u00e9e de lecture estim\u00e9e\" \/>\n\t<meta name=\"twitter:data1\" content=\"3 minutes\" \/>\n<script type=\"application\/ld+json\" class=\"yoast-schema-graph\">{\"@context\":\"https:\\\/\\\/schema.org\",\"@graph\":[{\"@type\":\"WebPage\",\"@id\":\"https:\\\/\\\/nature-et-developpement.com\\\/logisain-78\\\/produit\\\/huile-de-lin-cuite-premiere-pression-a-froid-natura\\\/\",\"url\":\"https:\\\/\\\/nature-et-developpement.com\\\/logisain-78\\\/produit\\\/huile-de-lin-cuite-premiere-pression-a-froid-natura\\\/\",\"name\":\"Huile de lin cuite premi\u00e8re pression \u00e0 froid de Natura\",\"isPartOf\":{\"@id\":\"https:\\\/\\\/nature-et-developpement.com\\\/logisain-78\\\/#website\"},\"primaryImageOfPage\":{\"@id\":\"https:\\\/\\\/nature-et-developpement.com\\\/logisain-78\\\/produit\\\/huile-de-lin-cuite-premiere-pression-a-froid-natura\\\/#primaryimage\"},\"image\":{\"@id\":\"https:\\\/\\\/nature-et-developpement.com\\\/logisain-78\\\/produit\\\/huile-de-lin-cuite-premiere-pression-a-froid-natura\\\/#primaryimage\"},\"thumbnailUrl\":\"https:\\\/\\\/nature-et-developpement.com\\\/logisain-78\\\/wp-content\\\/uploads\\\/Huile-de-lin-cuite-Natura-1-litre-huiles-des-terres-normandes.jpg\",\"datePublished\":\"2022-01-27T14:00:57+00:00\",\"dateModified\":\"2026-03-27T10:15:11+00:00\",\"description\":\"Huile de lin cultiv\u00e9e, r\u00e9colt\u00e9e et produite en Normandie, obtenue par pression \u00e0 froid sans solvant, filtr\u00e9e \u00e0 1\u03bcm, puis cuite \u00e0 150\u00b0C sans siccatif ajout\u00e9\",\"breadcrumb\":{\"@id\":\"https:\\\/\\\/nature-et-developpement.com\\\/logisain-78\\\/produit\\\/huile-de-lin-cuite-premiere-pression-a-froid-natura\\\/#breadcrumb\"},\"inLanguage\":\"fr-FR\",\"potentialAction\":[{\"@type\":\"ReadAction\",\"target\":[\"https:\\\/\\\/nature-et-developpement.com\\\/logisain-78\\\/produit\\\/huile-de-lin-cuite-premiere-pression-a-froid-natura\\\/\"]}]},{\"@type\":\"ImageObject\",\"inLanguage\":\"fr-FR\",\"@id\":\"https:\\\/\\\/nature-et-developpement.com\\\/logisain-78\\\/produit\\\/huile-de-lin-cuite-premiere-pression-a-froid-natura\\\/#primaryimage\",\"url\":\"https:\\\/\\\/nature-et-developpement.com\\\/logisain-78\\\/wp-content\\\/uploads\\\/Huile-de-lin-cuite-Natura-1-litre-huiles-des-terres-normandes.jpg\",\"contentUrl\":\"https:\\\/\\\/nature-et-developpement.com\\\/logisain-78\\\/wp-content\\\/uploads\\\/Huile-de-lin-cuite-Natura-1-litre-huiles-des-terres-normandes.jpg\"},{\"@type\":\"BreadcrumbList\",\"@id\":\"https:\\\/\\\/nature-et-developpement.com\\\/logisain-78\\\/produit\\\/huile-de-lin-cuite-premiere-pression-a-froid-natura\\\/#breadcrumb\",\"itemListElement\":[{\"@type\":\"ListItem\",\"position\":1,\"name\":\"Accueil\",\"item\":\"https:\\\/\\\/nature-et-developpement.com\\\/logisain-78\\\/\"},{\"@type\":\"ListItem\",\"position\":2,\"name\":\"Produits\",\"item\":\"https:\\\/\\\/nature-et-developpement.com\\\/logisain-78\\\/shop\\\/\"},{\"@type\":\"ListItem\",\"position\":3,\"name\":\"Peinture, pigment et enduit\",\"item\":\"https:\\\/\\\/nature-et-developpement.com\\\/logisain-78\\\/produits\\\/peinture-et-enduit\\\/\"},{\"@type\":\"ListItem\",\"position\":4,\"name\":\"Protection du bois\",\"item\":\"https:\\\/\\\/nature-et-developpement.com\\\/logisain-78\\\/produits\\\/peinture-et-enduit\\\/protection-du-bois\\\/\"},{\"@type\":\"ListItem\",\"position\":5,\"name\":\"Huile de lin cuite premi\u00e8re pression \u00e0 froid de Natura\"}]},{\"@type\":\"WebSite\",\"@id\":\"https:\\\/\\\/nature-et-developpement.com\\\/logisain-78\\\/#website\",\"url\":\"https:\\\/\\\/nature-et-developpement.com\\\/logisain-78\\\/\",\"name\":\"LOGISAIN 78 \u2013 Magasin de mat\u00e9riaux biosourc\u00e9s\",\"description\":\"Logisain 78 est membre du groupement Nature &amp; D\u00e9veloppement\",\"publisher\":{\"@id\":\"https:\\\/\\\/nature-et-developpement.com\\\/logisain-78\\\/#organization\"},\"potentialAction\":[{\"@type\":\"SearchAction\",\"target\":{\"@type\":\"EntryPoint\",\"urlTemplate\":\"https:\\\/\\\/nature-et-developpement.com\\\/logisain-78\\\/?s={search_term_string}\"},\"query-input\":{\"@type\":\"PropertyValueSpecification\",\"valueRequired\":true,\"valueName\":\"search_term_string\"}}],\"inLanguage\":\"fr-FR\"},{\"@type\":\"Organization\",\"@id\":\"https:\\\/\\\/nature-et-developpement.com\\\/logisain-78\\\/#organization\",\"name\":\"Logisain 78\",\"url\":\"https:\\\/\\\/nature-et-developpement.com\\\/logisain-78\\\/\",\"logo\":{\"@type\":\"ImageObject\",\"inLanguage\":\"fr-FR\",\"@id\":\"https:\\\/\\\/nature-et-developpement.com\\\/logisain-78\\\/#\\\/schema\\\/logo\\\/image\\\/\",\"url\":\"https:\\\/\\\/nature-et-developpement.com\\\/logisain-78\\\/wp-content\\\/uploads\\\/sites\\\/5\\\/2021\\\/08\\\/logo-logisain.jpg\",\"contentUrl\":\"https:\\\/\\\/nature-et-developpement.com\\\/logisain-78\\\/wp-content\\\/uploads\\\/sites\\\/5\\\/2021\\\/08\\\/logo-logisain.jpg\",\"width\":672,\"height\":455,\"caption\":\"Logisain 78\"},\"image\":{\"@id\":\"https:\\\/\\\/nature-et-developpement.com\\\/logisain-78\\\/#\\\/schema\\\/logo\\\/image\\\/\"}}]}<\/script>\n<!-- \/ Yoast SEO plugin. -->","yoast_head_json":{"title":"Huile de lin cuite premi\u00e8re pression \u00e0 froid de Natura","description":"Huile de lin cultiv\u00e9e, r\u00e9colt\u00e9e et produite en Normandie, obtenue par pression \u00e0 froid sans solvant, filtr\u00e9e \u00e0 1\u03bcm, puis cuite \u00e0 150\u00b0C sans siccatif ajout\u00e9","robots":{"index":"noindex","follow":"nofollow"},"og_locale":"fr_FR","og_type":"article","og_title":"Huile de lin cuite premi\u00e8re pression \u00e0 froid de Natura","og_description":"Huile de lin cultiv\u00e9e, r\u00e9colt\u00e9e et produite en Normandie, obtenue par pression \u00e0 froid sans solvant, filtr\u00e9e \u00e0 1\u03bcm, puis cuite \u00e0 150\u00b0C sans siccatif ajout\u00e9","og_url":"https:\/\/nature-et-developpement.com\/logisain-78\/produit\/huile-de-lin-cuite-premiere-pression-a-froid-natura\/","og_site_name":"LOGISAIN 78 \u2013 Magasin de mat\u00e9riaux biosourc\u00e9s","article_modified_time":"2026-03-27T10:15:11+00:00","twitter_card":"summary_large_image","twitter_misc":{"Dur\u00e9e de lecture estim\u00e9e":"3 minutes"},"schema":{"@context":"https:\/\/schema.org","@graph":[{"@type":"WebPage","@id":"https:\/\/nature-et-developpement.com\/logisain-78\/produit\/huile-de-lin-cuite-premiere-pression-a-froid-natura\/","url":"https:\/\/nature-et-developpement.com\/logisain-78\/produit\/huile-de-lin-cuite-premiere-pression-a-froid-natura\/","name":"Huile de lin cuite premi\u00e8re pression \u00e0 froid de Natura","isPartOf":{"@id":"https:\/\/nature-et-developpement.com\/logisain-78\/#website"},"primaryImageOfPage":{"@id":"https:\/\/nature-et-developpement.com\/logisain-78\/produit\/huile-de-lin-cuite-premiere-pression-a-froid-natura\/#primaryimage"},"image":{"@id":"https:\/\/nature-et-developpement.com\/logisain-78\/produit\/huile-de-lin-cuite-premiere-pression-a-froid-natura\/#primaryimage"},"thumbnailUrl":"https:\/\/nature-et-developpement.com\/logisain-78\/wp-content\/uploads\/Huile-de-lin-cuite-Natura-1-litre-huiles-des-terres-normandes.jpg","datePublished":"2022-01-27T14:00:57+00:00","dateModified":"2026-03-27T10:15:11+00:00","description":"Huile de lin cultiv\u00e9e, r\u00e9colt\u00e9e et produite en Normandie, obtenue par pression \u00e0 froid sans solvant, filtr\u00e9e \u00e0 1\u03bcm, puis cuite \u00e0 150\u00b0C sans siccatif ajout\u00e9","breadcrumb":{"@id":"https:\/\/nature-et-developpement.com\/logisain-78\/produit\/huile-de-lin-cuite-premiere-pression-a-froid-natura\/#breadcrumb"},"inLanguage":"fr-FR","potentialAction":[{"@type":"ReadAction","target":["https:\/\/nature-et-developpement.com\/logisain-78\/produit\/huile-de-lin-cuite-premiere-pression-a-froid-natura\/"]}]},{"@type":"ImageObject","inLanguage":"fr-FR","@id":"https:\/\/nature-et-developpement.com\/logisain-78\/produit\/huile-de-lin-cuite-premiere-pression-a-froid-natura\/#primaryimage","url":"https:\/\/nature-et-developpement.com\/logisain-78\/wp-content\/uploads\/Huile-de-lin-cuite-Natura-1-litre-huiles-des-terres-normandes.jpg","contentUrl":"https:\/\/nature-et-developpement.com\/logisain-78\/wp-content\/uploads\/Huile-de-lin-cuite-Natura-1-litre-huiles-des-terres-normandes.jpg"},{"@type":"BreadcrumbList","@id":"https:\/\/nature-et-developpement.com\/logisain-78\/produit\/huile-de-lin-cuite-premiere-pression-a-froid-natura\/#breadcrumb","itemListElement":[{"@type":"ListItem","position":1,"name":"Accueil","item":"https:\/\/nature-et-developpement.com\/logisain-78\/"},{"@type":"ListItem","position":2,"name":"Produits","item":"https:\/\/nature-et-developpement.com\/logisain-78\/shop\/"},{"@type":"ListItem","position":3,"name":"Peinture, pigment et enduit","item":"https:\/\/nature-et-developpement.com\/logisain-78\/produits\/peinture-et-enduit\/"},{"@type":"ListItem","position":4,"name":"Protection du bois","item":"https:\/\/nature-et-developpement.com\/logisain-78\/produits\/peinture-et-enduit\/protection-du-bois\/"},{"@type":"ListItem","position":5,"name":"Huile de lin cuite premi\u00e8re pression \u00e0 froid de Natura"}]},{"@type":"WebSite","@id":"https:\/\/nature-et-developpement.com\/logisain-78\/#website","url":"https:\/\/nature-et-developpement.com\/logisain-78\/","name":"LOGISAIN 78 \u2013 Magasin de mat\u00e9riaux biosourc\u00e9s","description":"Logisain 78 est membre du groupement Nature &amp; D\u00e9veloppement","publisher":{"@id":"https:\/\/nature-et-developpement.com\/logisain-78\/#organization"},"potentialAction":[{"@type":"SearchAction","target":{"@type":"EntryPoint","urlTemplate":"https:\/\/nature-et-developpement.com\/logisain-78\/?s={search_term_string}"},"query-input":{"@type":"PropertyValueSpecification","valueRequired":true,"valueName":"search_term_string"}}],"inLanguage":"fr-FR"},{"@type":"Organization","@id":"https:\/\/nature-et-developpement.com\/logisain-78\/#organization","name":"Logisain 78","url":"https:\/\/nature-et-developpement.com\/logisain-78\/","logo":{"@type":"ImageObject","inLanguage":"fr-FR","@id":"https:\/\/nature-et-developpement.com\/logisain-78\/#\/schema\/logo\/image\/","url":"https:\/\/nature-et-developpement.com\/logisain-78\/wp-content\/uploads\/sites\/5\/2021\/08\/logo-logisain.jpg","contentUrl":"https:\/\/nature-et-developpement.com\/logisain-78\/wp-content\/uploads\/sites\/5\/2021\/08\/logo-logisain.jpg","width":672,"height":455,"caption":"Logisain 78"},"image":{"@id":"https:\/\/nature-et-developpement.com\/logisain-78\/#\/schema\/logo\/image\/"}}]}},"distributor_meta":false,"distributor_terms":false,"distributor_media":false,"distributor_original_site_name":"LOGISAIN 78 \u2013 Magasin de mat\u00e9riaux biosourc\u00e9s","distributor_original_site_url":"https:\/\/nature-et-developpement.com\/logisain-78","push-errors":false,"_links":{"self":[{"href":"https:\/\/nature-et-developpement.com\/logisain-78\/wp-json\/wp\/v2\/product\/26136","targetHints":{"allow":["GET"]}}],"collection":[{"href":"https:\/\/nature-et-developpement.com\/logisain-78\/wp-json\/wp\/v2\/product"}],"about":[{"href":"https:\/\/nature-et-developpement.com\/logisain-78\/wp-json\/wp\/v2\/types\/product"}],"wp:featuredmedia":[{"embeddable":true,"href":"https:\/\/nature-et-developpement.com\/logisain-78\/wp-json\/"}],"wp:attachment":[{"href":"https:\/\/nature-et-developpement.com\/logisain-78\/wp-json\/wp\/v2\/media?parent=26136"}],"wp:term":[{"taxonomy":"product_brand","embeddable":true,"href":"https:\/\/nature-et-developpement.com\/logisain-78\/wp-json\/wp\/v2\/product_brand?post=26136"},{"taxonomy":"product_cat","embeddable":true,"href":"https:\/\/nature-et-developpement.com\/logisain-78\/wp-json\/wp\/v2\/product_cat?post=26136"},{"taxonomy":"product_tag","embeddable":true,"href":"https:\/\/nature-et-developpement.com\/logisain-78\/wp-json\/wp\/v2\/product_tag?post=26136"}],"curies":[{"name":"wp","href":"https:\/\/api.w.org\/{rel}","templated":true}]}}