{"id":26149,"date":"2025-11-06T10:50:48","date_gmt":"2025-11-06T09:50:48","guid":{"rendered":"https:\/\/nature-et-developpement.com\/logisain-78\/produit\/porte-chene-dosse-modulo-nature-epure-de-roziere\/"},"modified":"2026-02-12T22:31:48","modified_gmt":"2026-02-12T21:31:48","slug":"porte-chene-dosse-modulo-nature-epure-roziere","status":"publish","type":"product","link":"https:\/\/nature-et-developpement.com\/logisain-78\/produit\/porte-chene-dosse-modulo-nature-epure-roziere\/","title":{"rendered":"Porte int\u00e9rieure ch\u00eane dosse MODULO NATURE \u00c9pure de Rozi\u00e8re"},"content":{"rendered":"<h2>Porte int\u00e9rieure ch\u00eane dosse MODULO NATURE \u00c9pure<\/h2>\n<p>Dans ces blocs portes int\u00e9rieurs battantes en ch\u00eane dosse, la pr\u00e9sence d\u2019aubier sain donne des contrastes de teintes.<\/p>\n<p>Le ch\u00eane dosse provient de la partie la plus \u00e9loign\u00e9e du c\u0153ur de l\u2019arbre, il se caract\u00e9rise par un veinage marqu\u00e9, des contrastes de teintes et la pr\u00e9sence de n\u0153uds de diff\u00e9rentes<br \/>\ntailles.<\/p>\n<p>Pour un rendu rustique de ces menuiseries, on accepte les petits n\u0153uds ainsi que les n\u0153uds r\u00e9sin\u00e9s quelque soit la dimension sans limite de taille ou de quantit\u00e9 y compris si \u00e9toil\u00e9.<\/p>\n<p>Avec son design sobre, ce type de porte s&rsquo;adaptera aussi bien dans un int\u00e9rieur traditionnel ou campagnard que dans une architecture contemporaine.<\/p>\n<p>Ces portes int\u00e9rieures sont disponibles dans 3 finitions:<\/p>\n<ul>\n<li>Brut ponc\u00e9<\/li>\n<li>Ch\u00eane ultra mat bross\u00e9<\/li>\n<li>Ch\u00eane nature bross\u00e9<\/li>\n<\/ul>\n<p>Le parement de ch\u00eane dosse massif de 3mm sur chaque face et l&rsquo;\u00e2me pleine en agglom\u00e9r\u00e9 de lin et bois, tr\u00e8s isolant, assure une performance thermique et acoustique remarquable.<\/p>\n<p>Pour votre tranquillit\u00e9 et parce qu&rsquo;une porte c&rsquo;est pour une vie, Rozi\u00e8re vous assure une garantie de 30 ans contre les vices cach\u00e9s<\/p>\n<p>Cette porte en bois est aussi disponible en :<\/p>\n<ul>\n<li>portes coulissantes sur rail<\/li>\n<li>avec 1 vantail ou 2 vantaux<\/li>\n<li>en galandage ou en applique<\/li>\n<li>en portes en bois de placard<\/li>\n<li>en bloc porte avec ou sans ch\u00e2ssis&#8230;<\/li>\n<\/ul>\n<p>Avec des paumelles invisibles, des serrures magn\u00e9tiques ou \u00e0 clef, des poign\u00e9es (25 mod\u00e8les diff\u00e9rentes), ces huisseries, que ce soit en porte battante, coulissante ou pour des placards, sont personnalisables \u00e0 l&rsquo;infini&#8230;<\/p>\n<p>&#8230;bref tout est possible en sur-mesure&#8230;<\/p>\n<p>&nbsp;<\/p>\n<h4>LA POSE EN CHAMBRANLE CONTRE CHAMBRANLE d&rsquo;un porte ch\u00eane<\/h4>\n<h4><strong>Qu&rsquo;est-ce que la pose fin de chantier en chambranle contre chambranle ?<\/strong><\/h4>\n<p>Avec l&rsquo;huisserie chambranle contre chambranle, la porte d&rsquo;int\u00e9rieur vient s&rsquo;int\u00e9grer dans la cloison apr\u00e8s tous les travaux de finition.<br \/>\nVous pouvez faire cette int\u00e9gration de derni\u00e8re minute, rendue possible gr\u00e2ce aux dimensions de r\u00e9servation (le \u00ab\u00a0trou\u00a0\u00bb) laiss\u00e9es au moment de la cr\u00e9ation de la cloison.<br \/>\nPlus cossue que le KM1, cette huisserie est pl\u00e9biscit\u00e9e pour les cloisons \u00e9paisses (jusqu&rsquo;\u00e0 400mm).<\/p>\n<p>&nbsp;<\/p>\n<h4><strong>Pourquoi choisir la pose fin de chantier ?<\/strong><\/h4>\n<p>Nos clients la pr\u00e9conisent fortement puisque ce type de pose car elle vous permet :<br \/>\n&#8211; d&rsquo;avoir plus de temps pour se d\u00e9cider sur une finition ou encore le sens d&rsquo;ouverture<\/p>\n<p>&#8211; le chantier peut se poursuivre malgr\u00e9 l&rsquo;absence de la porte<br \/>\n&#8211; d&rsquo;\u00e9viter que la porte s&rsquo;ab\u00eeme pendant l&rsquo;intervention des autres corps de m\u00e9tier<\/p>\n<h4><strong>En option<\/strong><\/h4>\n<ul>\n<li>\u00a0Charni\u00e8res invisibles<\/li>\n<li>Serrure magn\u00e9tique<\/li>\n<\/ul>\n","protected":false},"excerpt":{"rendered":"<p>Cette porte en ch\u00eane dosse donnera une touche de caract\u00e8re et d&rsquo;authenticit\u00e9 \u00e0 votre int\u00e9rieur<br \/>\n<em>(livr\u00e9e sans poign\u00e9e)<\/em><\/p>\n","protected":false},"featured_media":1000000166121,"template":"","meta":[],"product_brand":[2861],"product_cat":[540],"product_tag":[4186],"class_list":{"0":"post-26149","1":"product","2":"type-product","3":"status-publish","4":"has-post-thumbnail","6":"product_brand-roziere","7":"product_cat-escalier-et-porte","8":"product_tag-roziere","10":"first","11":"instock","12":"taxable","13":"shipping-taxable","14":"purchasable","15":"product-type-variable"},"yoast_head":"<!-- This site is optimized with the Yoast SEO plugin v27.5 - https:\/\/yoast.com\/product\/yoast-seo-wordpress\/ -->\n<title>Porte int\u00e9rieure ch\u00eane dosse MODULO NATURE \u00c9pure de Rozi\u00e8re<\/title>\n<meta name=\"description\" content=\"Dans cette porte ch\u00eane, la pr\u00e9sence d\u2019aubier sain donne du contraste de teintes. Elle dosse donnera du caract\u00e8re et d&#039;authenticit\u00e9 \u00e0 votre int\u00e9rieur\" \/>\n<meta name=\"robots\" content=\"noindex, nofollow\" \/>\n<meta property=\"og:locale\" content=\"fr_FR\" \/>\n<meta property=\"og:type\" content=\"article\" \/>\n<meta property=\"og:title\" content=\"Porte int\u00e9rieure ch\u00eane dosse MODULO NATURE \u00c9pure de Rozi\u00e8re\" \/>\n<meta property=\"og:description\" content=\"Dans cette porte ch\u00eane, la pr\u00e9sence d\u2019aubier sain donne du contraste de teintes. Elle dosse donnera du caract\u00e8re et d&#039;authenticit\u00e9 \u00e0 votre int\u00e9rieur\" \/>\n<meta property=\"og:url\" content=\"https:\/\/nature-et-developpement.com\/logisain-78\/produit\/porte-chene-dosse-modulo-nature-epure-roziere\/\" \/>\n<meta property=\"og:site_name\" content=\"LOGISAIN 78 \u2013 Magasin de mat\u00e9riaux biosourc\u00e9s\" \/>\n<meta property=\"article:modified_time\" content=\"2026-02-12T21:31:48+00:00\" \/>\n<meta name=\"twitter:card\" content=\"summary_large_image\" \/>\n<meta name=\"twitter:label1\" content=\"Dur\u00e9e de lecture estim\u00e9e\" \/>\n\t<meta name=\"twitter:data1\" content=\"3 minutes\" \/>\n<script type=\"application\/ld+json\" class=\"yoast-schema-graph\">{\"@context\":\"https:\\\/\\\/schema.org\",\"@graph\":[{\"@type\":\"WebPage\",\"@id\":\"https:\\\/\\\/nature-et-developpement.com\\\/logisain-78\\\/produit\\\/porte-chene-dosse-modulo-nature-epure-roziere\\\/\",\"url\":\"https:\\\/\\\/nature-et-developpement.com\\\/logisain-78\\\/produit\\\/porte-chene-dosse-modulo-nature-epure-roziere\\\/\",\"name\":\"Porte int\u00e9rieure ch\u00eane dosse MODULO NATURE \u00c9pure de Rozi\u00e8re\",\"isPartOf\":{\"@id\":\"https:\\\/\\\/nature-et-developpement.com\\\/logisain-78\\\/#website\"},\"primaryImageOfPage\":{\"@id\":\"https:\\\/\\\/nature-et-developpement.com\\\/logisain-78\\\/produit\\\/porte-chene-dosse-modulo-nature-epure-roziere\\\/#primaryimage\"},\"image\":{\"@id\":\"https:\\\/\\\/nature-et-developpement.com\\\/logisain-78\\\/produit\\\/porte-chene-dosse-modulo-nature-epure-roziere\\\/#primaryimage\"},\"thumbnailUrl\":\"https:\\\/\\\/nature-et-developpement.com\\\/logisain-78\\\/wp-content\\\/uploads\\\/Modulo-Nature-Epure-chene-dosse-ultra-mat-brosse-de-ROZIERE.jpg\",\"datePublished\":\"2025-11-06T09:50:48+00:00\",\"dateModified\":\"2026-02-12T21:31:48+00:00\",\"description\":\"Dans cette porte ch\u00eane, la pr\u00e9sence d\u2019aubier sain donne du contraste de teintes. Elle dosse donnera du caract\u00e8re et d'authenticit\u00e9 \u00e0 votre int\u00e9rieur\",\"breadcrumb\":{\"@id\":\"https:\\\/\\\/nature-et-developpement.com\\\/logisain-78\\\/produit\\\/porte-chene-dosse-modulo-nature-epure-roziere\\\/#breadcrumb\"},\"inLanguage\":\"fr-FR\",\"potentialAction\":[{\"@type\":\"ReadAction\",\"target\":[\"https:\\\/\\\/nature-et-developpement.com\\\/logisain-78\\\/produit\\\/porte-chene-dosse-modulo-nature-epure-roziere\\\/\"]}]},{\"@type\":\"ImageObject\",\"inLanguage\":\"fr-FR\",\"@id\":\"https:\\\/\\\/nature-et-developpement.com\\\/logisain-78\\\/produit\\\/porte-chene-dosse-modulo-nature-epure-roziere\\\/#primaryimage\",\"url\":\"https:\\\/\\\/nature-et-developpement.com\\\/logisain-78\\\/wp-content\\\/uploads\\\/Modulo-Nature-Epure-chene-dosse-ultra-mat-brosse-de-ROZIERE.jpg\",\"contentUrl\":\"https:\\\/\\\/nature-et-developpement.com\\\/logisain-78\\\/wp-content\\\/uploads\\\/Modulo-Nature-Epure-chene-dosse-ultra-mat-brosse-de-ROZIERE.jpg\"},{\"@type\":\"BreadcrumbList\",\"@id\":\"https:\\\/\\\/nature-et-developpement.com\\\/logisain-78\\\/produit\\\/porte-chene-dosse-modulo-nature-epure-roziere\\\/#breadcrumb\",\"itemListElement\":[{\"@type\":\"ListItem\",\"position\":1,\"name\":\"Accueil\",\"item\":\"https:\\\/\\\/nature-et-developpement.com\\\/logisain-78\\\/\"},{\"@type\":\"ListItem\",\"position\":2,\"name\":\"Produits\",\"item\":\"https:\\\/\\\/nature-et-developpement.com\\\/logisain-78\\\/shop\\\/\"},{\"@type\":\"ListItem\",\"position\":3,\"name\":\"Agencement int\u00e9rieur\",\"item\":\"https:\\\/\\\/nature-et-developpement.com\\\/logisain-78\\\/produits\\\/agencement-interieur\\\/\"},{\"@type\":\"ListItem\",\"position\":4,\"name\":\"Escalier et porte\",\"item\":\"https:\\\/\\\/nature-et-developpement.com\\\/logisain-78\\\/produits\\\/agencement-interieur\\\/escalier-et-porte\\\/\"},{\"@type\":\"ListItem\",\"position\":5,\"name\":\"Porte int\u00e9rieure ch\u00eane dosse MODULO NATURE \u00c9pure de Rozi\u00e8re\"}]},{\"@type\":\"WebSite\",\"@id\":\"https:\\\/\\\/nature-et-developpement.com\\\/logisain-78\\\/#website\",\"url\":\"https:\\\/\\\/nature-et-developpement.com\\\/logisain-78\\\/\",\"name\":\"LOGISAIN 78 \u2013 Magasin de mat\u00e9riaux biosourc\u00e9s\",\"description\":\"Logisain 78 est membre du groupement Nature &amp; D\u00e9veloppement\",\"publisher\":{\"@id\":\"https:\\\/\\\/nature-et-developpement.com\\\/logisain-78\\\/#organization\"},\"potentialAction\":[{\"@type\":\"SearchAction\",\"target\":{\"@type\":\"EntryPoint\",\"urlTemplate\":\"https:\\\/\\\/nature-et-developpement.com\\\/logisain-78\\\/?s={search_term_string}\"},\"query-input\":{\"@type\":\"PropertyValueSpecification\",\"valueRequired\":true,\"valueName\":\"search_term_string\"}}],\"inLanguage\":\"fr-FR\"},{\"@type\":\"Organization\",\"@id\":\"https:\\\/\\\/nature-et-developpement.com\\\/logisain-78\\\/#organization\",\"name\":\"Logisain 78\",\"url\":\"https:\\\/\\\/nature-et-developpement.com\\\/logisain-78\\\/\",\"logo\":{\"@type\":\"ImageObject\",\"inLanguage\":\"fr-FR\",\"@id\":\"https:\\\/\\\/nature-et-developpement.com\\\/logisain-78\\\/#\\\/schema\\\/logo\\\/image\\\/\",\"url\":\"https:\\\/\\\/nature-et-developpement.com\\\/logisain-78\\\/wp-content\\\/uploads\\\/sites\\\/5\\\/2021\\\/08\\\/logo-logisain.jpg\",\"contentUrl\":\"https:\\\/\\\/nature-et-developpement.com\\\/logisain-78\\\/wp-content\\\/uploads\\\/sites\\\/5\\\/2021\\\/08\\\/logo-logisain.jpg\",\"width\":672,\"height\":455,\"caption\":\"Logisain 78\"},\"image\":{\"@id\":\"https:\\\/\\\/nature-et-developpement.com\\\/logisain-78\\\/#\\\/schema\\\/logo\\\/image\\\/\"}}]}<\/script>\n<!-- \/ Yoast SEO plugin. -->","yoast_head_json":{"title":"Porte int\u00e9rieure ch\u00eane dosse MODULO NATURE \u00c9pure de Rozi\u00e8re","description":"Dans cette porte ch\u00eane, la pr\u00e9sence d\u2019aubier sain donne du contraste de teintes. Elle dosse donnera du caract\u00e8re et d'authenticit\u00e9 \u00e0 votre int\u00e9rieur","robots":{"index":"noindex","follow":"nofollow"},"og_locale":"fr_FR","og_type":"article","og_title":"Porte int\u00e9rieure ch\u00eane dosse MODULO NATURE \u00c9pure de Rozi\u00e8re","og_description":"Dans cette porte ch\u00eane, la pr\u00e9sence d\u2019aubier sain donne du contraste de teintes. Elle dosse donnera du caract\u00e8re et d'authenticit\u00e9 \u00e0 votre int\u00e9rieur","og_url":"https:\/\/nature-et-developpement.com\/logisain-78\/produit\/porte-chene-dosse-modulo-nature-epure-roziere\/","og_site_name":"LOGISAIN 78 \u2013 Magasin de mat\u00e9riaux biosourc\u00e9s","article_modified_time":"2026-02-12T21:31:48+00:00","twitter_card":"summary_large_image","twitter_misc":{"Dur\u00e9e de lecture estim\u00e9e":"3 minutes"},"schema":{"@context":"https:\/\/schema.org","@graph":[{"@type":"WebPage","@id":"https:\/\/nature-et-developpement.com\/logisain-78\/produit\/porte-chene-dosse-modulo-nature-epure-roziere\/","url":"https:\/\/nature-et-developpement.com\/logisain-78\/produit\/porte-chene-dosse-modulo-nature-epure-roziere\/","name":"Porte int\u00e9rieure ch\u00eane dosse MODULO NATURE \u00c9pure de Rozi\u00e8re","isPartOf":{"@id":"https:\/\/nature-et-developpement.com\/logisain-78\/#website"},"primaryImageOfPage":{"@id":"https:\/\/nature-et-developpement.com\/logisain-78\/produit\/porte-chene-dosse-modulo-nature-epure-roziere\/#primaryimage"},"image":{"@id":"https:\/\/nature-et-developpement.com\/logisain-78\/produit\/porte-chene-dosse-modulo-nature-epure-roziere\/#primaryimage"},"thumbnailUrl":"https:\/\/nature-et-developpement.com\/logisain-78\/wp-content\/uploads\/Modulo-Nature-Epure-chene-dosse-ultra-mat-brosse-de-ROZIERE.jpg","datePublished":"2025-11-06T09:50:48+00:00","dateModified":"2026-02-12T21:31:48+00:00","description":"Dans cette porte ch\u00eane, la pr\u00e9sence d\u2019aubier sain donne du contraste de teintes. Elle dosse donnera du caract\u00e8re et d'authenticit\u00e9 \u00e0 votre int\u00e9rieur","breadcrumb":{"@id":"https:\/\/nature-et-developpement.com\/logisain-78\/produit\/porte-chene-dosse-modulo-nature-epure-roziere\/#breadcrumb"},"inLanguage":"fr-FR","potentialAction":[{"@type":"ReadAction","target":["https:\/\/nature-et-developpement.com\/logisain-78\/produit\/porte-chene-dosse-modulo-nature-epure-roziere\/"]}]},{"@type":"ImageObject","inLanguage":"fr-FR","@id":"https:\/\/nature-et-developpement.com\/logisain-78\/produit\/porte-chene-dosse-modulo-nature-epure-roziere\/#primaryimage","url":"https:\/\/nature-et-developpement.com\/logisain-78\/wp-content\/uploads\/Modulo-Nature-Epure-chene-dosse-ultra-mat-brosse-de-ROZIERE.jpg","contentUrl":"https:\/\/nature-et-developpement.com\/logisain-78\/wp-content\/uploads\/Modulo-Nature-Epure-chene-dosse-ultra-mat-brosse-de-ROZIERE.jpg"},{"@type":"BreadcrumbList","@id":"https:\/\/nature-et-developpement.com\/logisain-78\/produit\/porte-chene-dosse-modulo-nature-epure-roziere\/#breadcrumb","itemListElement":[{"@type":"ListItem","position":1,"name":"Accueil","item":"https:\/\/nature-et-developpement.com\/logisain-78\/"},{"@type":"ListItem","position":2,"name":"Produits","item":"https:\/\/nature-et-developpement.com\/logisain-78\/shop\/"},{"@type":"ListItem","position":3,"name":"Agencement int\u00e9rieur","item":"https:\/\/nature-et-developpement.com\/logisain-78\/produits\/agencement-interieur\/"},{"@type":"ListItem","position":4,"name":"Escalier et porte","item":"https:\/\/nature-et-developpement.com\/logisain-78\/produits\/agencement-interieur\/escalier-et-porte\/"},{"@type":"ListItem","position":5,"name":"Porte int\u00e9rieure ch\u00eane dosse MODULO NATURE \u00c9pure de Rozi\u00e8re"}]},{"@type":"WebSite","@id":"https:\/\/nature-et-developpement.com\/logisain-78\/#website","url":"https:\/\/nature-et-developpement.com\/logisain-78\/","name":"LOGISAIN 78 \u2013 Magasin de mat\u00e9riaux biosourc\u00e9s","description":"Logisain 78 est membre du groupement Nature &amp; D\u00e9veloppement","publisher":{"@id":"https:\/\/nature-et-developpement.com\/logisain-78\/#organization"},"potentialAction":[{"@type":"SearchAction","target":{"@type":"EntryPoint","urlTemplate":"https:\/\/nature-et-developpement.com\/logisain-78\/?s={search_term_string}"},"query-input":{"@type":"PropertyValueSpecification","valueRequired":true,"valueName":"search_term_string"}}],"inLanguage":"fr-FR"},{"@type":"Organization","@id":"https:\/\/nature-et-developpement.com\/logisain-78\/#organization","name":"Logisain 78","url":"https:\/\/nature-et-developpement.com\/logisain-78\/","logo":{"@type":"ImageObject","inLanguage":"fr-FR","@id":"https:\/\/nature-et-developpement.com\/logisain-78\/#\/schema\/logo\/image\/","url":"https:\/\/nature-et-developpement.com\/logisain-78\/wp-content\/uploads\/sites\/5\/2021\/08\/logo-logisain.jpg","contentUrl":"https:\/\/nature-et-developpement.com\/logisain-78\/wp-content\/uploads\/sites\/5\/2021\/08\/logo-logisain.jpg","width":672,"height":455,"caption":"Logisain 78"},"image":{"@id":"https:\/\/nature-et-developpement.com\/logisain-78\/#\/schema\/logo\/image\/"}}]}},"distributor_meta":false,"distributor_terms":false,"distributor_media":false,"distributor_original_site_name":"LOGISAIN 78 \u2013 Magasin de mat\u00e9riaux biosourc\u00e9s","distributor_original_site_url":"https:\/\/nature-et-developpement.com\/logisain-78","push-errors":false,"_links":{"self":[{"href":"https:\/\/nature-et-developpement.com\/logisain-78\/wp-json\/wp\/v2\/product\/26149","targetHints":{"allow":["GET"]}}],"collection":[{"href":"https:\/\/nature-et-developpement.com\/logisain-78\/wp-json\/wp\/v2\/product"}],"about":[{"href":"https:\/\/nature-et-developpement.com\/logisain-78\/wp-json\/wp\/v2\/types\/product"}],"wp:featuredmedia":[{"embeddable":true,"href":"https:\/\/nature-et-developpement.com\/logisain-78\/wp-json\/"}],"wp:attachment":[{"href":"https:\/\/nature-et-developpement.com\/logisain-78\/wp-json\/wp\/v2\/media?parent=26149"}],"wp:term":[{"taxonomy":"product_brand","embeddable":true,"href":"https:\/\/nature-et-developpement.com\/logisain-78\/wp-json\/wp\/v2\/product_brand?post=26149"},{"taxonomy":"product_cat","embeddable":true,"href":"https:\/\/nature-et-developpement.com\/logisain-78\/wp-json\/wp\/v2\/product_cat?post=26149"},{"taxonomy":"product_tag","embeddable":true,"href":"https:\/\/nature-et-developpement.com\/logisain-78\/wp-json\/wp\/v2\/product_tag?post=26149"}],"curies":[{"name":"wp","href":"https:\/\/api.w.org\/{rel}","templated":true}]}}