{"id":2696,"date":"2024-03-01T00:00:51","date_gmt":"2024-02-29T23:00:51","guid":{"rendered":"https:\/\/nature-et-developpement.com\/logisain78\/produit\/poignees-de-porte-roziere\/"},"modified":"2026-02-27T21:16:06","modified_gmt":"2026-02-27T20:16:06","slug":"poignees-de-porte-roziere","status":"publish","type":"product","link":"https:\/\/nature-et-developpement.com\/logisain-78\/produit\/poignees-de-porte-roziere\/","title":{"rendered":"Poign\u00e9es de porte Rozi\u00e8re"},"content":{"rendered":"<h2>Quelle serrure pour une porte?<\/h2>\n<h3>LA SERRURE A CL\u00c9 L<\/h3>\n<p>Cette serrure s&rsquo;ouvre au moyen d&rsquo;une cl\u00e9 appel\u00e9e cl\u00e9 \u00e0 gorge ou cl\u00e9 \u00e0 chiffre.<\/p>\n<p>Ce type de serrure est utile pour fermer une pi\u00e8ce \u00e0 cl\u00e9, que ce soit depuis l&rsquo;int\u00e9rieur ou l&rsquo;ext\u00e9rieur.<\/p>\n<p>Attention cependant, si les autres pi\u00e8ces de votre maison sont \u00e9quip\u00e9es des m\u00eames portes et serrures, chacune des cl\u00e9s est interchangeable : il suffit de r\u00e9cup\u00e9rer la cl\u00e9 d&rsquo;une de vos autres portes pour d\u00e9verrouiller la pi\u00e8ce concern\u00e9e.<\/p>\n<p><strong>Cette solution est id\u00e9ale si :<\/strong><br \/>\n&#8211; Vous verrouillez l&rsquo;acc\u00e8s d&rsquo;une pi\u00e8ce peu sensible (buanderie, cellier ..).<\/p>\n<h4>LA SERRURE\u00a0BEC DE CANE A CONDAMNATION<\/h4>\n<p>C&rsquo;est la serrure que l&rsquo;on retrouve le plus commun\u00e9ment dans une salle de bain ou un W.C.<\/p>\n<p>\u00c9quip\u00e9e d&rsquo;un verrou actionnable uniquement depuis l&rsquo;int\u00e9rieur de la pi\u00e8ce, elle permet de s&rsquo;enfermer facilement.<\/p>\n<p><strong>Cette solution est id\u00e9ale si :<\/strong><br \/>\n&#8211; Vous voulez pouvoir fermer un espace tel qu&rsquo;une salle d&rsquo;eau.<\/p>\n<h4>LA SERRURE A CL\u00c9 (cylindre ou barillet)<\/h4>\n<p>Aussi connu sous le nom de serrure \u00e0 barillet, ce type de serrure offre une s\u00e9curisation plus importante que la cl\u00e9 L.<\/p>\n<p>G\u00e9n\u00e9ralement unique dans la maison, le cylindre s&rsquo;ouvre gr\u00e2ce \u00e0 une cl\u00e9 plate crant\u00e9e.<\/p>\n<p><strong>Cette solution est id\u00e9ale si :<\/strong><br \/>\n&#8211; Vous verrouillez l&rsquo;acc\u00e8s d&rsquo;une pi\u00e8ce avec une cl\u00e9 unique<\/p>\n<h4>LA SERRURE BEC DE CANE<\/h4>\n<p>La serrure \u00e0 bec de cane\u00a0est une serrure qui comporte uniquement une b\u00e9quille (ou un bouton) que l&rsquo;on peut actionner pour ouvrir et fermer la porte.<\/p>\n<p>Cette solution ne permet pas de s\u00e9curiser l&rsquo;acc\u00e8s \u00e0 une pi\u00e8ce car elle ne comporte aucun verrou (pas de cl\u00e9).<\/p>\n<p><strong>Cette solution est id\u00e9ale si :<\/strong><br \/>\n&#8211; Vous \u00e9quipez une pi\u00e8ce qui ne n\u00e9cessite pas d&rsquo;\u00eatre ferm\u00e9e \u00e0 cl\u00e9 (cuisine ou salon par exemple)<br \/>\n&#8211; Vous souhaitez un design minimaliste pour votre poign\u00e9e<\/p>\n","protected":false},"excerpt":{"rendered":"<p>Pour sublimer vos\u00a0portes Rozi\u00e8re.<\/p>\n<p>Disponibles : \u00e0 cl\u00e9, \u00e0 bec de cane (sans cl\u00e9 et sans rosace de fonction), \u00e0 condamnation (pour les salles d&rsquo;eau) et \u00e0 cylindre.<\/p>\n","protected":false},"featured_media":1000000205568,"template":"","meta":[],"product_brand":[2861],"product_cat":[127],"product_tag":[4186],"class_list":{"0":"post-2696","1":"product","2":"type-product","3":"status-publish","4":"has-post-thumbnail","6":"product_brand-roziere","7":"product_cat-accessoires-agencement-interieur","8":"product_tag-roziere","9":"product_shipping_class-petit-equipement-outil-eclairage","11":"first","12":"instock","13":"taxable","14":"shipping-taxable","15":"purchasable","16":"product-type-variable"},"yoast_head":"<!-- This site is optimized with the Yoast SEO plugin v27.5 - https:\/\/yoast.com\/product\/yoast-seo-wordpress\/ -->\n<title>Poign\u00e9es de porte Rozi\u00e8re<\/title>\n<meta name=\"description\" content=\"Pour sublimer vos\u00a0portes Rozi\u00e8re.  Disponibles : \u00e0 cl\u00e9, \u00e0 bec de cane (sans cl\u00e9 et sans rosace de fonction), \u00e0 condamnation (pour les salles d&#039;eau) et \u00e0 cylindre.\" \/>\n<meta name=\"robots\" content=\"noindex, nofollow\" \/>\n<meta property=\"og:locale\" content=\"fr_FR\" \/>\n<meta property=\"og:type\" content=\"article\" \/>\n<meta property=\"og:title\" content=\"Poign\u00e9es de porte Rozi\u00e8re\" \/>\n<meta property=\"og:description\" content=\"Pour sublimer vos\u00a0portes Rozi\u00e8re.  Disponibles : \u00e0 cl\u00e9, \u00e0 bec de cane (sans cl\u00e9 et sans rosace de fonction), \u00e0 condamnation (pour les salles d&#039;eau) et \u00e0 cylindre.\" \/>\n<meta property=\"og:url\" content=\"https:\/\/nature-et-developpement.com\/logisain-78\/produit\/poignees-de-porte-roziere\/\" \/>\n<meta property=\"og:site_name\" content=\"LOGISAIN 78 \u2013 Magasin de mat\u00e9riaux biosourc\u00e9s\" \/>\n<meta property=\"article:modified_time\" content=\"2026-02-27T20:16:06+00:00\" \/>\n<meta name=\"twitter:card\" content=\"summary_large_image\" \/>\n<meta name=\"twitter:label1\" content=\"Dur\u00e9e de lecture estim\u00e9e\" \/>\n\t<meta name=\"twitter:data1\" content=\"2 minutes\" \/>\n<script type=\"application\/ld+json\" class=\"yoast-schema-graph\">{\"@context\":\"https:\\\/\\\/schema.org\",\"@graph\":[{\"@type\":\"WebPage\",\"@id\":\"https:\\\/\\\/nature-et-developpement.com\\\/logisain-78\\\/produit\\\/poignees-de-porte-roziere\\\/\",\"url\":\"https:\\\/\\\/nature-et-developpement.com\\\/logisain-78\\\/produit\\\/poignees-de-porte-roziere\\\/\",\"name\":\"Poign\u00e9es de porte Rozi\u00e8re\",\"isPartOf\":{\"@id\":\"https:\\\/\\\/nature-et-developpement.com\\\/logisain-78\\\/#website\"},\"primaryImageOfPage\":{\"@id\":\"https:\\\/\\\/nature-et-developpement.com\\\/logisain-78\\\/produit\\\/poignees-de-porte-roziere\\\/#primaryimage\"},\"image\":{\"@id\":\"https:\\\/\\\/nature-et-developpement.com\\\/logisain-78\\\/produit\\\/poignees-de-porte-roziere\\\/#primaryimage\"},\"thumbnailUrl\":\"https:\\\/\\\/nature-et-developpement.com\\\/logisain-78\\\/wp-content\\\/uploads\\\/Poignee-Roziere-ROME.jpg\",\"datePublished\":\"2024-02-29T23:00:51+00:00\",\"dateModified\":\"2026-02-27T20:16:06+00:00\",\"description\":\"Pour sublimer vos\u00a0portes Rozi\u00e8re. Disponibles : \u00e0 cl\u00e9, \u00e0 bec de cane (sans cl\u00e9 et sans rosace de fonction), \u00e0 condamnation (pour les salles d'eau) et \u00e0 cylindre.\",\"breadcrumb\":{\"@id\":\"https:\\\/\\\/nature-et-developpement.com\\\/logisain-78\\\/produit\\\/poignees-de-porte-roziere\\\/#breadcrumb\"},\"inLanguage\":\"fr-FR\",\"potentialAction\":[{\"@type\":\"ReadAction\",\"target\":[\"https:\\\/\\\/nature-et-developpement.com\\\/logisain-78\\\/produit\\\/poignees-de-porte-roziere\\\/\"]}]},{\"@type\":\"ImageObject\",\"inLanguage\":\"fr-FR\",\"@id\":\"https:\\\/\\\/nature-et-developpement.com\\\/logisain-78\\\/produit\\\/poignees-de-porte-roziere\\\/#primaryimage\",\"url\":\"https:\\\/\\\/nature-et-developpement.com\\\/logisain-78\\\/wp-content\\\/uploads\\\/Poignee-Roziere-ROME.jpg\",\"contentUrl\":\"https:\\\/\\\/nature-et-developpement.com\\\/logisain-78\\\/wp-content\\\/uploads\\\/Poignee-Roziere-ROME.jpg\"},{\"@type\":\"BreadcrumbList\",\"@id\":\"https:\\\/\\\/nature-et-developpement.com\\\/logisain-78\\\/produit\\\/poignees-de-porte-roziere\\\/#breadcrumb\",\"itemListElement\":[{\"@type\":\"ListItem\",\"position\":1,\"name\":\"Accueil\",\"item\":\"https:\\\/\\\/nature-et-developpement.com\\\/logisain-78\\\/\"},{\"@type\":\"ListItem\",\"position\":2,\"name\":\"Produits\",\"item\":\"https:\\\/\\\/nature-et-developpement.com\\\/logisain-78\\\/shop\\\/\"},{\"@type\":\"ListItem\",\"position\":3,\"name\":\"Agencement int\u00e9rieur\",\"item\":\"https:\\\/\\\/nature-et-developpement.com\\\/logisain-78\\\/produits\\\/agencement-interieur\\\/\"},{\"@type\":\"ListItem\",\"position\":4,\"name\":\"Accessoires agencement int\u00e9rieur\",\"item\":\"https:\\\/\\\/nature-et-developpement.com\\\/logisain-78\\\/produits\\\/agencement-interieur\\\/accessoires-agencement-interieur\\\/\"},{\"@type\":\"ListItem\",\"position\":5,\"name\":\"Poign\u00e9es de porte Rozi\u00e8re\"}]},{\"@type\":\"WebSite\",\"@id\":\"https:\\\/\\\/nature-et-developpement.com\\\/logisain-78\\\/#website\",\"url\":\"https:\\\/\\\/nature-et-developpement.com\\\/logisain-78\\\/\",\"name\":\"LOGISAIN 78 \u2013 Magasin de mat\u00e9riaux biosourc\u00e9s\",\"description\":\"Logisain 78 est membre du groupement Nature &amp; D\u00e9veloppement\",\"publisher\":{\"@id\":\"https:\\\/\\\/nature-et-developpement.com\\\/logisain-78\\\/#organization\"},\"potentialAction\":[{\"@type\":\"SearchAction\",\"target\":{\"@type\":\"EntryPoint\",\"urlTemplate\":\"https:\\\/\\\/nature-et-developpement.com\\\/logisain-78\\\/?s={search_term_string}\"},\"query-input\":{\"@type\":\"PropertyValueSpecification\",\"valueRequired\":true,\"valueName\":\"search_term_string\"}}],\"inLanguage\":\"fr-FR\"},{\"@type\":\"Organization\",\"@id\":\"https:\\\/\\\/nature-et-developpement.com\\\/logisain-78\\\/#organization\",\"name\":\"Logisain 78\",\"url\":\"https:\\\/\\\/nature-et-developpement.com\\\/logisain-78\\\/\",\"logo\":{\"@type\":\"ImageObject\",\"inLanguage\":\"fr-FR\",\"@id\":\"https:\\\/\\\/nature-et-developpement.com\\\/logisain-78\\\/#\\\/schema\\\/logo\\\/image\\\/\",\"url\":\"https:\\\/\\\/nature-et-developpement.com\\\/logisain-78\\\/wp-content\\\/uploads\\\/sites\\\/5\\\/2021\\\/08\\\/logo-logisain.jpg\",\"contentUrl\":\"https:\\\/\\\/nature-et-developpement.com\\\/logisain-78\\\/wp-content\\\/uploads\\\/sites\\\/5\\\/2021\\\/08\\\/logo-logisain.jpg\",\"width\":672,\"height\":455,\"caption\":\"Logisain 78\"},\"image\":{\"@id\":\"https:\\\/\\\/nature-et-developpement.com\\\/logisain-78\\\/#\\\/schema\\\/logo\\\/image\\\/\"}}]}<\/script>\n<!-- \/ Yoast SEO plugin. -->","yoast_head_json":{"title":"Poign\u00e9es de porte Rozi\u00e8re","description":"Pour sublimer vos\u00a0portes Rozi\u00e8re.  Disponibles : \u00e0 cl\u00e9, \u00e0 bec de cane (sans cl\u00e9 et sans rosace de fonction), \u00e0 condamnation (pour les salles d'eau) et \u00e0 cylindre.","robots":{"index":"noindex","follow":"nofollow"},"og_locale":"fr_FR","og_type":"article","og_title":"Poign\u00e9es de porte Rozi\u00e8re","og_description":"Pour sublimer vos\u00a0portes Rozi\u00e8re.  Disponibles : \u00e0 cl\u00e9, \u00e0 bec de cane (sans cl\u00e9 et sans rosace de fonction), \u00e0 condamnation (pour les salles d'eau) et \u00e0 cylindre.","og_url":"https:\/\/nature-et-developpement.com\/logisain-78\/produit\/poignees-de-porte-roziere\/","og_site_name":"LOGISAIN 78 \u2013 Magasin de mat\u00e9riaux biosourc\u00e9s","article_modified_time":"2026-02-27T20:16:06+00:00","twitter_card":"summary_large_image","twitter_misc":{"Dur\u00e9e de lecture estim\u00e9e":"2 minutes"},"schema":{"@context":"https:\/\/schema.org","@graph":[{"@type":"WebPage","@id":"https:\/\/nature-et-developpement.com\/logisain-78\/produit\/poignees-de-porte-roziere\/","url":"https:\/\/nature-et-developpement.com\/logisain-78\/produit\/poignees-de-porte-roziere\/","name":"Poign\u00e9es de porte Rozi\u00e8re","isPartOf":{"@id":"https:\/\/nature-et-developpement.com\/logisain-78\/#website"},"primaryImageOfPage":{"@id":"https:\/\/nature-et-developpement.com\/logisain-78\/produit\/poignees-de-porte-roziere\/#primaryimage"},"image":{"@id":"https:\/\/nature-et-developpement.com\/logisain-78\/produit\/poignees-de-porte-roziere\/#primaryimage"},"thumbnailUrl":"https:\/\/nature-et-developpement.com\/logisain-78\/wp-content\/uploads\/Poignee-Roziere-ROME.jpg","datePublished":"2024-02-29T23:00:51+00:00","dateModified":"2026-02-27T20:16:06+00:00","description":"Pour sublimer vos\u00a0portes Rozi\u00e8re. Disponibles : \u00e0 cl\u00e9, \u00e0 bec de cane (sans cl\u00e9 et sans rosace de fonction), \u00e0 condamnation (pour les salles d'eau) et \u00e0 cylindre.","breadcrumb":{"@id":"https:\/\/nature-et-developpement.com\/logisain-78\/produit\/poignees-de-porte-roziere\/#breadcrumb"},"inLanguage":"fr-FR","potentialAction":[{"@type":"ReadAction","target":["https:\/\/nature-et-developpement.com\/logisain-78\/produit\/poignees-de-porte-roziere\/"]}]},{"@type":"ImageObject","inLanguage":"fr-FR","@id":"https:\/\/nature-et-developpement.com\/logisain-78\/produit\/poignees-de-porte-roziere\/#primaryimage","url":"https:\/\/nature-et-developpement.com\/logisain-78\/wp-content\/uploads\/Poignee-Roziere-ROME.jpg","contentUrl":"https:\/\/nature-et-developpement.com\/logisain-78\/wp-content\/uploads\/Poignee-Roziere-ROME.jpg"},{"@type":"BreadcrumbList","@id":"https:\/\/nature-et-developpement.com\/logisain-78\/produit\/poignees-de-porte-roziere\/#breadcrumb","itemListElement":[{"@type":"ListItem","position":1,"name":"Accueil","item":"https:\/\/nature-et-developpement.com\/logisain-78\/"},{"@type":"ListItem","position":2,"name":"Produits","item":"https:\/\/nature-et-developpement.com\/logisain-78\/shop\/"},{"@type":"ListItem","position":3,"name":"Agencement int\u00e9rieur","item":"https:\/\/nature-et-developpement.com\/logisain-78\/produits\/agencement-interieur\/"},{"@type":"ListItem","position":4,"name":"Accessoires agencement int\u00e9rieur","item":"https:\/\/nature-et-developpement.com\/logisain-78\/produits\/agencement-interieur\/accessoires-agencement-interieur\/"},{"@type":"ListItem","position":5,"name":"Poign\u00e9es de porte Rozi\u00e8re"}]},{"@type":"WebSite","@id":"https:\/\/nature-et-developpement.com\/logisain-78\/#website","url":"https:\/\/nature-et-developpement.com\/logisain-78\/","name":"LOGISAIN 78 \u2013 Magasin de mat\u00e9riaux biosourc\u00e9s","description":"Logisain 78 est membre du groupement Nature &amp; D\u00e9veloppement","publisher":{"@id":"https:\/\/nature-et-developpement.com\/logisain-78\/#organization"},"potentialAction":[{"@type":"SearchAction","target":{"@type":"EntryPoint","urlTemplate":"https:\/\/nature-et-developpement.com\/logisain-78\/?s={search_term_string}"},"query-input":{"@type":"PropertyValueSpecification","valueRequired":true,"valueName":"search_term_string"}}],"inLanguage":"fr-FR"},{"@type":"Organization","@id":"https:\/\/nature-et-developpement.com\/logisain-78\/#organization","name":"Logisain 78","url":"https:\/\/nature-et-developpement.com\/logisain-78\/","logo":{"@type":"ImageObject","inLanguage":"fr-FR","@id":"https:\/\/nature-et-developpement.com\/logisain-78\/#\/schema\/logo\/image\/","url":"https:\/\/nature-et-developpement.com\/logisain-78\/wp-content\/uploads\/sites\/5\/2021\/08\/logo-logisain.jpg","contentUrl":"https:\/\/nature-et-developpement.com\/logisain-78\/wp-content\/uploads\/sites\/5\/2021\/08\/logo-logisain.jpg","width":672,"height":455,"caption":"Logisain 78"},"image":{"@id":"https:\/\/nature-et-developpement.com\/logisain-78\/#\/schema\/logo\/image\/"}}]}},"distributor_meta":false,"distributor_terms":false,"distributor_media":false,"distributor_original_site_name":"LOGISAIN 78 \u2013 Magasin de mat\u00e9riaux biosourc\u00e9s","distributor_original_site_url":"https:\/\/nature-et-developpement.com\/logisain-78","push-errors":false,"_links":{"self":[{"href":"https:\/\/nature-et-developpement.com\/logisain-78\/wp-json\/wp\/v2\/product\/2696","targetHints":{"allow":["GET"]}}],"collection":[{"href":"https:\/\/nature-et-developpement.com\/logisain-78\/wp-json\/wp\/v2\/product"}],"about":[{"href":"https:\/\/nature-et-developpement.com\/logisain-78\/wp-json\/wp\/v2\/types\/product"}],"wp:featuredmedia":[{"embeddable":true,"href":"https:\/\/nature-et-developpement.com\/logisain-78\/wp-json\/"}],"wp:attachment":[{"href":"https:\/\/nature-et-developpement.com\/logisain-78\/wp-json\/wp\/v2\/media?parent=2696"}],"wp:term":[{"taxonomy":"product_brand","embeddable":true,"href":"https:\/\/nature-et-developpement.com\/logisain-78\/wp-json\/wp\/v2\/product_brand?post=2696"},{"taxonomy":"product_cat","embeddable":true,"href":"https:\/\/nature-et-developpement.com\/logisain-78\/wp-json\/wp\/v2\/product_cat?post=2696"},{"taxonomy":"product_tag","embeddable":true,"href":"https:\/\/nature-et-developpement.com\/logisain-78\/wp-json\/wp\/v2\/product_tag?post=2696"}],"curies":[{"name":"wp","href":"https:\/\/api.w.org\/{rel}","templated":true}]}}