{"id":27283,"date":"2019-01-01T00:00:00","date_gmt":"2018-12-31T23:00:00","guid":{"rendered":"https:\/\/nature-et-developpement.com\/logisain-78\/produit\/colorants-lasural-ton-bois\/"},"modified":"2025-06-12T16:58:28","modified_gmt":"2025-06-12T14:58:28","slug":"colorants-lasural-ton-bois","status":"publish","type":"product","link":"https:\/\/nature-et-developpement.com\/logisain-78\/produit\/colorants-lasural-ton-bois\/","title":{"rendered":"Colorant ton bois pour lasure incolore et saturateur LASURAL de Natura"},"content":{"rendered":"<p>La nouvelle gamme de colorants pour Lasural, sans COV et concentr\u00e9e, est compatible avec saturateurs et lasures \u00e0 l&rsquo;eau sans en modifier l&rsquo;aspect (mat, satin\u00e9, brillant).<br \/>\nCes colorants vous garantissent un excellent r\u00e9sultat gr\u00e2ce \u00e0 leur forte concentration en oxydes de fer transparents qui offrent une bonne r\u00e9sistance aux UV et aux intemp\u00e9ries. Sans C.O.V., ces colorants sont sans odeur et respectent l&rsquo;homme et l&rsquo;environnement.<br \/>\nLeur tr\u00e8s bonne miscibilit\u00e9 vous assure un m\u00e9lange parfaitement homog\u00e8ne, autant dans la lasure ou le saturateur qu&rsquo;entre eux, le taux d&rsquo;incorporation est environ de 3 % en volume<\/p>\n","protected":false},"excerpt":{"rendered":"<p>Des colorants vous garantissant un excellent r\u00e9sultat gr\u00e2ce \u00e0 leur forte concentration en oxydes de fer transparents qui offrent une bonne r\u00e9sistance aux UV et aux intemp\u00e9ries. Sans C.O.V., ils sont sans odeur et respectent l&rsquo;homme et l&rsquo;environnement.<\/p>\n<p>La dose de 30ml permet de teinter 1L et le 90ml pour 3L de\u00a0lasure ou de saturateur.<\/p>\n<p>Les 1000 teintes du nuancier sont \u00e9galement r\u00e9alisables<\/p>\n","protected":false},"featured_media":1000000108452,"template":"","meta":[],"product_brand":[2855],"product_cat":[257,47,49],"product_tag":[4313],"class_list":{"0":"post-27283","1":"product","2":"type-product","3":"status-publish","4":"has-post-thumbnail","6":"product_brand-natura","7":"product_cat-colorants-et-pigments","8":"product_cat-peinture-et-enduit","9":"product_cat-protection-du-bois","10":"product_tag-natura","11":"product_shipping_class-peintures-accessoires-peintures","13":"first","14":"instock","15":"taxable","16":"shipping-taxable","17":"purchasable","18":"product-type-variable"},"yoast_head":"<!-- This site is optimized with the Yoast SEO plugin v27.5 - https:\/\/yoast.com\/product\/yoast-seo-wordpress\/ -->\n<title>Colorant ton bois pour lasure incolore et saturateur LASURAL de Natura<\/title>\n<meta name=\"description\" content=\"Des colorants vous garantissant un excellent r\u00e9sultat gr\u00e2ce \u00e0 leur forte concentration en oxydes de fer transparents qui offrent une bonne r\u00e9sistance aux UV et aux intemp\u00e9ries. Sans C.O.V., ils sont sans odeur et respectent l&#039;homme et l&#039;environnement.  La dose de 30ml permet de teinter 1L et le 90ml pour 3L de\u00a0lasure ou de saturateur.  Les 1000 teintes du nuancier sont \u00e9galement r\u00e9alisables\" \/>\n<meta name=\"robots\" content=\"noindex, follow\" \/>\n<meta property=\"og:locale\" content=\"fr_FR\" \/>\n<meta property=\"og:type\" content=\"article\" \/>\n<meta property=\"og:title\" content=\"Colorant ton bois pour lasure incolore et saturateur LASURAL de Natura\" \/>\n<meta property=\"og:description\" content=\"Des colorants vous garantissant un excellent r\u00e9sultat gr\u00e2ce \u00e0 leur forte concentration en oxydes de fer transparents qui offrent une bonne r\u00e9sistance aux UV et aux intemp\u00e9ries. Sans C.O.V., ils sont sans odeur et respectent l&#039;homme et l&#039;environnement.  La dose de 30ml permet de teinter 1L et le 90ml pour 3L de\u00a0lasure ou de saturateur.  Les 1000 teintes du nuancier sont \u00e9galement r\u00e9alisables\" \/>\n<meta property=\"og:url\" content=\"https:\/\/nature-et-developpement.com\/logisain-78\/produit\/colorants-lasural-ton-bois\/\" \/>\n<meta property=\"og:site_name\" content=\"LOGISAIN 78 \u2013 Magasin de mat\u00e9riaux biosourc\u00e9s\" \/>\n<meta property=\"article:modified_time\" content=\"2025-06-12T14:58:28+00:00\" \/>\n<meta name=\"twitter:card\" content=\"summary_large_image\" \/>\n<meta name=\"twitter:label1\" content=\"Dur\u00e9e de lecture estim\u00e9e\" \/>\n\t<meta name=\"twitter:data1\" content=\"1 minute\" \/>\n<script type=\"application\/ld+json\" class=\"yoast-schema-graph\">{\"@context\":\"https:\\\/\\\/schema.org\",\"@graph\":[{\"@type\":\"WebPage\",\"@id\":\"https:\\\/\\\/nature-et-developpement.com\\\/logisain-78\\\/produit\\\/colorants-lasural-ton-bois\\\/\",\"url\":\"https:\\\/\\\/nature-et-developpement.com\\\/logisain-78\\\/produit\\\/colorants-lasural-ton-bois\\\/\",\"name\":\"Colorant ton bois pour lasure incolore et saturateur LASURAL de Natura\",\"isPartOf\":{\"@id\":\"https:\\\/\\\/nature-et-developpement.com\\\/logisain-78\\\/#website\"},\"primaryImageOfPage\":{\"@id\":\"https:\\\/\\\/nature-et-developpement.com\\\/logisain-78\\\/produit\\\/colorants-lasural-ton-bois\\\/#primaryimage\"},\"image\":{\"@id\":\"https:\\\/\\\/nature-et-developpement.com\\\/logisain-78\\\/produit\\\/colorants-lasural-ton-bois\\\/#primaryimage\"},\"thumbnailUrl\":\"https:\\\/\\\/nature-et-developpement.com\\\/logisain-78\\\/wp-content\\\/uploads\\\/27602-LASURAL-COLORANTS-Ton-Bois-pour-lasure-incolore-et-saturateur.jpg\",\"datePublished\":\"2018-12-31T23:00:00+00:00\",\"dateModified\":\"2025-06-12T14:58:28+00:00\",\"description\":\"Des colorants vous garantissant un excellent r\u00e9sultat gr\u00e2ce \u00e0 leur forte concentration en oxydes de fer transparents qui offrent une bonne r\u00e9sistance aux UV et aux intemp\u00e9ries. Sans C.O.V., ils sont sans odeur et respectent l'homme et l'environnement. La dose de 30ml permet de teinter 1L et le 90ml pour 3L de\u00a0lasure ou de saturateur. Les 1000 teintes du nuancier sont \u00e9galement r\u00e9alisables\",\"breadcrumb\":{\"@id\":\"https:\\\/\\\/nature-et-developpement.com\\\/logisain-78\\\/produit\\\/colorants-lasural-ton-bois\\\/#breadcrumb\"},\"inLanguage\":\"fr-FR\",\"potentialAction\":[{\"@type\":\"ReadAction\",\"target\":[\"https:\\\/\\\/nature-et-developpement.com\\\/logisain-78\\\/produit\\\/colorants-lasural-ton-bois\\\/\"]}]},{\"@type\":\"ImageObject\",\"inLanguage\":\"fr-FR\",\"@id\":\"https:\\\/\\\/nature-et-developpement.com\\\/logisain-78\\\/produit\\\/colorants-lasural-ton-bois\\\/#primaryimage\",\"url\":\"https:\\\/\\\/nature-et-developpement.com\\\/logisain-78\\\/wp-content\\\/uploads\\\/27602-LASURAL-COLORANTS-Ton-Bois-pour-lasure-incolore-et-saturateur.jpg\",\"contentUrl\":\"https:\\\/\\\/nature-et-developpement.com\\\/logisain-78\\\/wp-content\\\/uploads\\\/27602-LASURAL-COLORANTS-Ton-Bois-pour-lasure-incolore-et-saturateur.jpg\"},{\"@type\":\"BreadcrumbList\",\"@id\":\"https:\\\/\\\/nature-et-developpement.com\\\/logisain-78\\\/produit\\\/colorants-lasural-ton-bois\\\/#breadcrumb\",\"itemListElement\":[{\"@type\":\"ListItem\",\"position\":1,\"name\":\"Accueil\",\"item\":\"https:\\\/\\\/nature-et-developpement.com\\\/logisain-78\\\/\"},{\"@type\":\"ListItem\",\"position\":2,\"name\":\"Produits\",\"item\":\"https:\\\/\\\/nature-et-developpement.com\\\/logisain-78\\\/shop\\\/\"},{\"@type\":\"ListItem\",\"position\":3,\"name\":\"Peinture, pigment et enduit\",\"item\":\"https:\\\/\\\/nature-et-developpement.com\\\/logisain-78\\\/produits\\\/peinture-et-enduit\\\/\"},{\"@type\":\"ListItem\",\"position\":4,\"name\":\"Protection du bois\",\"item\":\"https:\\\/\\\/nature-et-developpement.com\\\/logisain-78\\\/produits\\\/peinture-et-enduit\\\/protection-du-bois\\\/\"},{\"@type\":\"ListItem\",\"position\":5,\"name\":\"Colorant ton bois pour lasure incolore et saturateur LASURAL de Natura\"}]},{\"@type\":\"WebSite\",\"@id\":\"https:\\\/\\\/nature-et-developpement.com\\\/logisain-78\\\/#website\",\"url\":\"https:\\\/\\\/nature-et-developpement.com\\\/logisain-78\\\/\",\"name\":\"LOGISAIN 78 \u2013 Magasin de mat\u00e9riaux biosourc\u00e9s\",\"description\":\"Logisain 78 est membre du groupement Nature &amp; D\u00e9veloppement\",\"publisher\":{\"@id\":\"https:\\\/\\\/nature-et-developpement.com\\\/logisain-78\\\/#organization\"},\"potentialAction\":[{\"@type\":\"SearchAction\",\"target\":{\"@type\":\"EntryPoint\",\"urlTemplate\":\"https:\\\/\\\/nature-et-developpement.com\\\/logisain-78\\\/?s={search_term_string}\"},\"query-input\":{\"@type\":\"PropertyValueSpecification\",\"valueRequired\":true,\"valueName\":\"search_term_string\"}}],\"inLanguage\":\"fr-FR\"},{\"@type\":\"Organization\",\"@id\":\"https:\\\/\\\/nature-et-developpement.com\\\/logisain-78\\\/#organization\",\"name\":\"Logisain 78\",\"url\":\"https:\\\/\\\/nature-et-developpement.com\\\/logisain-78\\\/\",\"logo\":{\"@type\":\"ImageObject\",\"inLanguage\":\"fr-FR\",\"@id\":\"https:\\\/\\\/nature-et-developpement.com\\\/logisain-78\\\/#\\\/schema\\\/logo\\\/image\\\/\",\"url\":\"https:\\\/\\\/nature-et-developpement.com\\\/logisain-78\\\/wp-content\\\/uploads\\\/sites\\\/5\\\/2021\\\/08\\\/logo-logisain.jpg\",\"contentUrl\":\"https:\\\/\\\/nature-et-developpement.com\\\/logisain-78\\\/wp-content\\\/uploads\\\/sites\\\/5\\\/2021\\\/08\\\/logo-logisain.jpg\",\"width\":672,\"height\":455,\"caption\":\"Logisain 78\"},\"image\":{\"@id\":\"https:\\\/\\\/nature-et-developpement.com\\\/logisain-78\\\/#\\\/schema\\\/logo\\\/image\\\/\"}}]}<\/script>\n<!-- \/ Yoast SEO plugin. -->","yoast_head_json":{"title":"Colorant ton bois pour lasure incolore et saturateur LASURAL de Natura","description":"Des colorants vous garantissant un excellent r\u00e9sultat gr\u00e2ce \u00e0 leur forte concentration en oxydes de fer transparents qui offrent une bonne r\u00e9sistance aux UV et aux intemp\u00e9ries. Sans C.O.V., ils sont sans odeur et respectent l'homme et l'environnement.  La dose de 30ml permet de teinter 1L et le 90ml pour 3L de\u00a0lasure ou de saturateur.  Les 1000 teintes du nuancier sont \u00e9galement r\u00e9alisables","robots":{"index":"noindex","follow":"follow"},"og_locale":"fr_FR","og_type":"article","og_title":"Colorant ton bois pour lasure incolore et saturateur LASURAL de Natura","og_description":"Des colorants vous garantissant un excellent r\u00e9sultat gr\u00e2ce \u00e0 leur forte concentration en oxydes de fer transparents qui offrent une bonne r\u00e9sistance aux UV et aux intemp\u00e9ries. Sans C.O.V., ils sont sans odeur et respectent l'homme et l'environnement.  La dose de 30ml permet de teinter 1L et le 90ml pour 3L de\u00a0lasure ou de saturateur.  Les 1000 teintes du nuancier sont \u00e9galement r\u00e9alisables","og_url":"https:\/\/nature-et-developpement.com\/logisain-78\/produit\/colorants-lasural-ton-bois\/","og_site_name":"LOGISAIN 78 \u2013 Magasin de mat\u00e9riaux biosourc\u00e9s","article_modified_time":"2025-06-12T14:58:28+00:00","twitter_card":"summary_large_image","twitter_misc":{"Dur\u00e9e de lecture estim\u00e9e":"1 minute"},"schema":{"@context":"https:\/\/schema.org","@graph":[{"@type":"WebPage","@id":"https:\/\/nature-et-developpement.com\/logisain-78\/produit\/colorants-lasural-ton-bois\/","url":"https:\/\/nature-et-developpement.com\/logisain-78\/produit\/colorants-lasural-ton-bois\/","name":"Colorant ton bois pour lasure incolore et saturateur LASURAL de Natura","isPartOf":{"@id":"https:\/\/nature-et-developpement.com\/logisain-78\/#website"},"primaryImageOfPage":{"@id":"https:\/\/nature-et-developpement.com\/logisain-78\/produit\/colorants-lasural-ton-bois\/#primaryimage"},"image":{"@id":"https:\/\/nature-et-developpement.com\/logisain-78\/produit\/colorants-lasural-ton-bois\/#primaryimage"},"thumbnailUrl":"https:\/\/nature-et-developpement.com\/logisain-78\/wp-content\/uploads\/27602-LASURAL-COLORANTS-Ton-Bois-pour-lasure-incolore-et-saturateur.jpg","datePublished":"2018-12-31T23:00:00+00:00","dateModified":"2025-06-12T14:58:28+00:00","description":"Des colorants vous garantissant un excellent r\u00e9sultat gr\u00e2ce \u00e0 leur forte concentration en oxydes de fer transparents qui offrent une bonne r\u00e9sistance aux UV et aux intemp\u00e9ries. Sans C.O.V., ils sont sans odeur et respectent l'homme et l'environnement. La dose de 30ml permet de teinter 1L et le 90ml pour 3L de\u00a0lasure ou de saturateur. Les 1000 teintes du nuancier sont \u00e9galement r\u00e9alisables","breadcrumb":{"@id":"https:\/\/nature-et-developpement.com\/logisain-78\/produit\/colorants-lasural-ton-bois\/#breadcrumb"},"inLanguage":"fr-FR","potentialAction":[{"@type":"ReadAction","target":["https:\/\/nature-et-developpement.com\/logisain-78\/produit\/colorants-lasural-ton-bois\/"]}]},{"@type":"ImageObject","inLanguage":"fr-FR","@id":"https:\/\/nature-et-developpement.com\/logisain-78\/produit\/colorants-lasural-ton-bois\/#primaryimage","url":"https:\/\/nature-et-developpement.com\/logisain-78\/wp-content\/uploads\/27602-LASURAL-COLORANTS-Ton-Bois-pour-lasure-incolore-et-saturateur.jpg","contentUrl":"https:\/\/nature-et-developpement.com\/logisain-78\/wp-content\/uploads\/27602-LASURAL-COLORANTS-Ton-Bois-pour-lasure-incolore-et-saturateur.jpg"},{"@type":"BreadcrumbList","@id":"https:\/\/nature-et-developpement.com\/logisain-78\/produit\/colorants-lasural-ton-bois\/#breadcrumb","itemListElement":[{"@type":"ListItem","position":1,"name":"Accueil","item":"https:\/\/nature-et-developpement.com\/logisain-78\/"},{"@type":"ListItem","position":2,"name":"Produits","item":"https:\/\/nature-et-developpement.com\/logisain-78\/shop\/"},{"@type":"ListItem","position":3,"name":"Peinture, pigment et enduit","item":"https:\/\/nature-et-developpement.com\/logisain-78\/produits\/peinture-et-enduit\/"},{"@type":"ListItem","position":4,"name":"Protection du bois","item":"https:\/\/nature-et-developpement.com\/logisain-78\/produits\/peinture-et-enduit\/protection-du-bois\/"},{"@type":"ListItem","position":5,"name":"Colorant ton bois pour lasure incolore et saturateur LASURAL de Natura"}]},{"@type":"WebSite","@id":"https:\/\/nature-et-developpement.com\/logisain-78\/#website","url":"https:\/\/nature-et-developpement.com\/logisain-78\/","name":"LOGISAIN 78 \u2013 Magasin de mat\u00e9riaux biosourc\u00e9s","description":"Logisain 78 est membre du groupement Nature &amp; D\u00e9veloppement","publisher":{"@id":"https:\/\/nature-et-developpement.com\/logisain-78\/#organization"},"potentialAction":[{"@type":"SearchAction","target":{"@type":"EntryPoint","urlTemplate":"https:\/\/nature-et-developpement.com\/logisain-78\/?s={search_term_string}"},"query-input":{"@type":"PropertyValueSpecification","valueRequired":true,"valueName":"search_term_string"}}],"inLanguage":"fr-FR"},{"@type":"Organization","@id":"https:\/\/nature-et-developpement.com\/logisain-78\/#organization","name":"Logisain 78","url":"https:\/\/nature-et-developpement.com\/logisain-78\/","logo":{"@type":"ImageObject","inLanguage":"fr-FR","@id":"https:\/\/nature-et-developpement.com\/logisain-78\/#\/schema\/logo\/image\/","url":"https:\/\/nature-et-developpement.com\/logisain-78\/wp-content\/uploads\/sites\/5\/2021\/08\/logo-logisain.jpg","contentUrl":"https:\/\/nature-et-developpement.com\/logisain-78\/wp-content\/uploads\/sites\/5\/2021\/08\/logo-logisain.jpg","width":672,"height":455,"caption":"Logisain 78"},"image":{"@id":"https:\/\/nature-et-developpement.com\/logisain-78\/#\/schema\/logo\/image\/"}}]}},"distributor_meta":false,"distributor_terms":false,"distributor_media":false,"distributor_original_site_name":"LOGISAIN 78 \u2013 Magasin de mat\u00e9riaux biosourc\u00e9s","distributor_original_site_url":"https:\/\/nature-et-developpement.com\/logisain-78","push-errors":false,"_links":{"self":[{"href":"https:\/\/nature-et-developpement.com\/logisain-78\/wp-json\/wp\/v2\/product\/27283","targetHints":{"allow":["GET"]}}],"collection":[{"href":"https:\/\/nature-et-developpement.com\/logisain-78\/wp-json\/wp\/v2\/product"}],"about":[{"href":"https:\/\/nature-et-developpement.com\/logisain-78\/wp-json\/wp\/v2\/types\/product"}],"wp:featuredmedia":[{"embeddable":true,"href":"https:\/\/nature-et-developpement.com\/logisain-78\/wp-json\/"}],"wp:attachment":[{"href":"https:\/\/nature-et-developpement.com\/logisain-78\/wp-json\/wp\/v2\/media?parent=27283"}],"wp:term":[{"taxonomy":"product_brand","embeddable":true,"href":"https:\/\/nature-et-developpement.com\/logisain-78\/wp-json\/wp\/v2\/product_brand?post=27283"},{"taxonomy":"product_cat","embeddable":true,"href":"https:\/\/nature-et-developpement.com\/logisain-78\/wp-json\/wp\/v2\/product_cat?post=27283"},{"taxonomy":"product_tag","embeddable":true,"href":"https:\/\/nature-et-developpement.com\/logisain-78\/wp-json\/wp\/v2\/product_tag?post=27283"}],"curies":[{"name":"wp","href":"https:\/\/api.w.org\/{rel}","templated":true}]}}