{"id":27300,"date":"2024-03-22T10:51:55","date_gmt":"2024-03-22T09:51:55","guid":{"rendered":"https:\/\/nature-et-developpement.com\/logisain-78\/produit\/laque-mate-teintee-pour-bois-murs-sols-metal-orpheo-428\/"},"modified":"2025-09-30T12:35:12","modified_gmt":"2025-09-30T10:35:12","slug":"laque-mate-teintee-pour-bois-murs-sols-metal-par-nature-et-developpement","status":"publish","type":"product","link":"https:\/\/nature-et-developpement.com\/logisain-78\/produit\/laque-mate-teintee-pour-bois-murs-sols-metal-par-nature-et-developpement\/","title":{"rendered":"Peinture laque mat teint\u00e9e bois pour murs, sols et m\u00e9tal de Nature &amp; D\u00e9veloppement"},"content":{"rendered":"<h2>Peinture laque mat teint\u00e9e \u00e9cologique pour bois, murs, sols et m\u00e9tal &#8211; Nature &amp; D\u00e9veloppement<\/h2>\n<p>La peinture laque mat teint\u00e9e pour bois, murs, sols ou m\u00e9tal de Nature &amp; D\u00e9veloppement est le choix id\u00e9al pour ceux qui privil\u00e9gient des mat\u00e9riaux \u00e9cologiques.<\/p>\n<p>Avec sa norme jouet et sa formulation \u00e0 base d&rsquo;huiles v\u00e9g\u00e9tales est\u00e9rifi\u00e9es, elle offre une finition mate haute r\u00e9sistance polyvalente, adapt\u00e9e \u00e0 tous les supports usuels du b\u00e2timent, que ce soit en travaux neufs ou de r\u00e9novation.<\/p>\n<p>Compos\u00e9e:<\/p>\n<ul>\n<li>d&rsquo;eau<\/li>\n<li>d&rsquo;huiles v\u00e9g\u00e9tales alkyl\u00e9es (soja et tall)<\/li>\n<li>de standolie d&rsquo;huile de lin (teintes)<\/li>\n<li>de dioxyde de titane<\/li>\n<li>de sulfate de baryum (baryte)<\/li>\n<li>de talc<\/li>\n<li>de charges matantes (mat)<\/li>\n<li>de siccatif<\/li>\n<\/ul>\n<p>Voil\u00e0 pourquoi cette peinture pr\u00e9sente de nombreuses qualit\u00e9s exceptionnelles.<\/p>\n<p>Son faible taux de C.O.V. garantit une faible \u00e9mission de compos\u00e9s organiques volatils, contribuant ainsi \u00e0 pr\u00e9server l&rsquo;environnement.<\/p>\n<p>De plus, elle d\u00e9gage une odeur faible, offrant une exp\u00e9rience d&rsquo;application agr\u00e9able.<\/p>\n<p>En fin, cette laque mat teint\u00e9e pour bois, murs, sols ou m\u00e9tal se distingue \u00e9galement par sa haute opacit\u00e9 et sa blancheur stable, permettant une couverture optimale des surfaces.<\/p>\n<p>Son aspect tendu homog\u00e8ne offre une finition lisse et esth\u00e9tique, tandis que son adh\u00e9rence exceptionnelle garantit une tenue durable dans le temps.<\/p>\n<h3>Cette peinture peut \u00eatre appliqu\u00e9e sur diff\u00e9rents supports<\/h3>\n<p>Tels que les murs, les huisseries, le bois, les plastiques (sous r\u00e9serve d&rsquo;un essai pr\u00e9alable), les m\u00e9taux et m\u00eame les anciennes peintures adh\u00e9rentes.<\/p>\n<p>Son application est facilit\u00e9e par des techniques de pose simples et efficaces.<\/p>\n<p>Avant d&rsquo;appliquer la peinture, il est recommand\u00e9 de bien m\u00e9langer le produit avec un ustensile propre et adapt\u00e9 au volume.<\/p>\n<p>Selon les recommandations du DTU 59.1, la pr\u00e9paration de surface comprend:<\/p>\n<ol>\n<li>le lessivage<\/li>\n<li>le d\u00e9poussi\u00e9rage<\/li>\n<li>la reprise \u00e9ventuelle des fissures<\/li>\n<li>l&rsquo;\u00e9limination de la rouille sur le m\u00e9tal.<\/li>\n<\/ol>\n<p>En revanche, pour les surfaces poreuses, l&rsquo;application d&rsquo;une couche de Tassili Primaire est n\u00e9cessaire, suivie d&rsquo;une couche d&rsquo;Orph\u00e9o 423 sur le m\u00e9tal.<\/p>\n<p>En ce qui concerne le bois ou les supports r\u00e9put\u00e9s difficiles.<\/p>\n<p>L&rsquo;application en direct avec une dilution \u00e0 10% d&rsquo;eau pour la premi\u00e8re couche est recommand\u00e9e.<\/p>\n<p>Aussi la peinture laque mat teint\u00e9e pour bois, murs, sols ou m\u00e9tal de Nature &amp; D\u00e9veloppement est class\u00e9e en \u00e9mission dans l&rsquo;air de cat\u00e9gorie A.<\/p>\n<p>Garantissant ainsi un environnement sain et pr\u00e9serv\u00e9.<\/p>\n<p>Choisissez d\u00e8s maintenant cette peinture \u00e9cologique qui allie performance, respect de l&rsquo;environnement et facilit\u00e9 d&rsquo;utilisation.<\/p>\n<p>Transformez vos surfaces avec style et durabilit\u00e9.<\/p>\n<h4>Comment commander votre peinture?<\/h4>\n<p>Vous avez : un nuancier de couleurs et une classification de prix pour la commande de teintes.<\/p>\n<p><strong>Classification des Teintes et Commandes<\/strong><\/p>\n<p>Choisissez une teinte \u00e0 partir du nuancier et v\u00e9rifiez sa classification de prix. Il est essentiel de s\u00e9lectionner la bonne classification et de mentionner la r\u00e9f\u00e9rence de couleur lors de la commande. \u200b<\/p>\n<ul>\n<li>V\u00e9rifiez la classification prix A, B, C ou D dans la documentation CLASSIFICATION TEINTES NATURA. \u200b<\/li>\n<li>S\u00e9lectionnez la bonne classification lors de la commande. \u200b<\/li>\n<li>Rappelez la r\u00e9f\u00e9rence de couleur choisie dans les commentaires de la commande. \u200b<\/li>\n<\/ul>\n<p><strong>Nuancier des Teintes<\/strong><\/p>\n<p>Le nuancier pr\u00e9sente une large gamme de teintes organis\u00e9es par cat\u00e9gories. Les teintes sont class\u00e9es en plusieurs sections, notamment les Rosas, les Rouges, les Bruns, les Bleus, et les Violets.<\/p>\n<ul>\n<li>Les teintes sont identifi\u00e9es par des codes comme E1-1, E2-1, etc.<\/li>\n<li>Les sections incluent des couleurs sp\u00e9cifiques comme les Rosas, les Rouges \u00ab Pleins \u00bb, et les Verts.<\/li>\n<li>Chaque section contient plusieurs teintes num\u00e9rot\u00e9es pour faciliter la s\u00e9lection.<\/li>\n<\/ul>\n<p><strong>Instructions de Commande<\/strong><\/p>\n<p>Il est crucial de suivre ces \u00e9tapes pour garantir la bonne ex\u00e9cution de la commande.<\/p>\n<ul>\n<li>Choisissez la teinte dans le nuancier.<\/li>\n<li>V\u00e9rifiez la classification de prix correspondante.<\/li>\n<li>Indiquez la r\u00e9f\u00e9rence de couleur dans les commentaires lors de la commande.<\/li>\n<\/ul>\n","protected":false},"excerpt":{"rendered":"<p><strong><a href=\"https:\/\/nature-et-developpement.com\/wp-content\/uploads\/Nuancier_NATURA_2021_ND.pdf\" target=\"_blank\" rel=\"noopener\"><img loading=\"lazy\" decoding=\"async\" class=\"alignleft wp-image-203433\" src=\"https:\/\/nature-et-developpement.com\/wp-content\/uploads\/Contretypage-des-couleurs-peinture-enduit.jpg\" alt=\"\" width=\"20\" height=\"20\" \/><\/a><a href=\"https:\/\/nature-et-developpement.com\/wp-content\/uploads\/Nuancier_NATURA_2021_ND.pdf\" target=\"_blank\" rel=\"noopener\"> Choisissez votre couleur<\/a><\/strong><br \/>\n<a href=\"https:\/\/nature-et-developpement.com\/wp-content\/uploads\/CLASSIFICATION%20TEINTES%20NATURA.pdf\" target=\"_blank\" rel=\"noopener\"><strong><img loading=\"lazy\" decoding=\"async\" class=\"alignleft wp-image-203509\" src=\"https:\/\/nature-et-developpement.com\/wp-content\/uploads\/icone-euro.png\" alt=\"\" width=\"20\" height=\"20\" \/> Retrouvez votre classe de prix<\/strong><\/a><\/p>\n<p>&nbsp;<\/p>\n<p>Cette\u00a0laque mate est recommand\u00e9e pour une utilisation sur les murs, les huisseries, le bois, les plastiques, les m\u00e9taux, les sols, les anciennes peintures adh\u00e9rentes, etc.<br \/>\nHaute opacit\u00e9, blancheur stable, aspect tendu homog\u00e8ne, adh\u00e9rence exceptionnelle .<\/p>\n<p><a href=\"https:\/\/nature-et-developpement.com\/services\/mise-a-la-teinte\/\" target=\"_blank\" rel=\"noopener\"><em><strong>Pourquoi choisir la mise \u00e0 la teinte en boutique?<\/strong><\/em><\/a><\/p>\n","protected":false},"featured_media":1000000171022,"template":"","meta":[],"product_brand":[3898],"product_cat":[17,47,108,49,50,284],"product_tag":[4313],"class_list":{"0":"post-27300","1":"product","2":"type-product","3":"status-publish","4":"has-post-thumbnail","6":"product_brand-nature-developpement","7":"product_cat-parquet-et-sol-naturels","8":"product_cat-peinture-et-enduit","9":"product_cat-peinture-ecologique","10":"product_cat-protection-du-bois","11":"product_cat-protection-et-entretien","12":"product_cat-protection-et-entretien-du-sol","13":"product_tag-natura","14":"product_shipping_class-peintures-accessoires-peintures","16":"first","17":"instock","18":"taxable","19":"shipping-taxable","20":"purchasable","21":"product-type-variable"},"yoast_head":"<!-- This site is optimized with the Yoast SEO plugin v27.5 - https:\/\/yoast.com\/product\/yoast-seo-wordpress\/ -->\n<title>Peinture laque mat teint\u00e9e bois murs sols m\u00e9tal de N&amp;D<\/title>\n<meta name=\"description\" content=\"Transformez vos surfaces avec la peinture laque mat teint\u00e9e par Nature &amp; D\u00e9veloppement. Finition mate haute r\u00e9sistance, respect de l&#039;environnement.\" \/>\n<meta name=\"robots\" content=\"noindex, nofollow\" \/>\n<meta property=\"og:locale\" content=\"fr_FR\" \/>\n<meta property=\"og:type\" content=\"article\" \/>\n<meta property=\"og:title\" content=\"Peinture laque mat teint\u00e9e bois murs sols m\u00e9tal de N&amp;D\" \/>\n<meta property=\"og:description\" content=\"Transformez vos surfaces avec la peinture laque mat teint\u00e9e par Nature &amp; D\u00e9veloppement. Finition mate haute r\u00e9sistance, respect de l&#039;environnement.\" \/>\n<meta property=\"og:url\" content=\"https:\/\/nature-et-developpement.com\/logisain-78\/produit\/laque-mate-teintee-pour-bois-murs-sols-metal-par-nature-et-developpement\/\" \/>\n<meta property=\"og:site_name\" content=\"LOGISAIN 78 \u2013 Magasin de mat\u00e9riaux biosourc\u00e9s\" \/>\n<meta property=\"article:modified_time\" content=\"2025-09-30T10:35:12+00:00\" \/>\n<meta name=\"twitter:card\" content=\"summary_large_image\" \/>\n<meta name=\"twitter:label1\" content=\"Dur\u00e9e de lecture estim\u00e9e\" \/>\n\t<meta name=\"twitter:data1\" content=\"1 minute\" \/>\n<script type=\"application\/ld+json\" class=\"yoast-schema-graph\">{\"@context\":\"https:\\\/\\\/schema.org\",\"@graph\":[{\"@type\":\"WebPage\",\"@id\":\"https:\\\/\\\/nature-et-developpement.com\\\/logisain-78\\\/produit\\\/laque-mate-teintee-pour-bois-murs-sols-metal-par-nature-et-developpement\\\/\",\"url\":\"https:\\\/\\\/nature-et-developpement.com\\\/logisain-78\\\/produit\\\/laque-mate-teintee-pour-bois-murs-sols-metal-par-nature-et-developpement\\\/\",\"name\":\"Peinture laque mat teint\u00e9e bois murs sols m\u00e9tal de N&D\",\"isPartOf\":{\"@id\":\"https:\\\/\\\/nature-et-developpement.com\\\/logisain-78\\\/#website\"},\"primaryImageOfPage\":{\"@id\":\"https:\\\/\\\/nature-et-developpement.com\\\/logisain-78\\\/produit\\\/laque-mate-teintee-pour-bois-murs-sols-metal-par-nature-et-developpement\\\/#primaryimage\"},\"image\":{\"@id\":\"https:\\\/\\\/nature-et-developpement.com\\\/logisain-78\\\/produit\\\/laque-mate-teintee-pour-bois-murs-sols-metal-par-nature-et-developpement\\\/#primaryimage\"},\"thumbnailUrl\":\"https:\\\/\\\/nature-et-developpement.com\\\/logisain-78\\\/wp-content\\\/uploads\\\/Laque-ND-1L_mat_couleur.jpg\",\"datePublished\":\"2024-03-22T09:51:55+00:00\",\"dateModified\":\"2025-09-30T10:35:12+00:00\",\"description\":\"Transformez vos surfaces avec la peinture laque mat teint\u00e9e par Nature & D\u00e9veloppement. Finition mate haute r\u00e9sistance, respect de l'environnement.\",\"breadcrumb\":{\"@id\":\"https:\\\/\\\/nature-et-developpement.com\\\/logisain-78\\\/produit\\\/laque-mate-teintee-pour-bois-murs-sols-metal-par-nature-et-developpement\\\/#breadcrumb\"},\"inLanguage\":\"fr-FR\",\"potentialAction\":[{\"@type\":\"ReadAction\",\"target\":[\"https:\\\/\\\/nature-et-developpement.com\\\/logisain-78\\\/produit\\\/laque-mate-teintee-pour-bois-murs-sols-metal-par-nature-et-developpement\\\/\"]}]},{\"@type\":\"ImageObject\",\"inLanguage\":\"fr-FR\",\"@id\":\"https:\\\/\\\/nature-et-developpement.com\\\/logisain-78\\\/produit\\\/laque-mate-teintee-pour-bois-murs-sols-metal-par-nature-et-developpement\\\/#primaryimage\",\"url\":\"https:\\\/\\\/nature-et-developpement.com\\\/logisain-78\\\/wp-content\\\/uploads\\\/Laque-ND-1L_mat_couleur.jpg\",\"contentUrl\":\"https:\\\/\\\/nature-et-developpement.com\\\/logisain-78\\\/wp-content\\\/uploads\\\/Laque-ND-1L_mat_couleur.jpg\"},{\"@type\":\"BreadcrumbList\",\"@id\":\"https:\\\/\\\/nature-et-developpement.com\\\/logisain-78\\\/produit\\\/laque-mate-teintee-pour-bois-murs-sols-metal-par-nature-et-developpement\\\/#breadcrumb\",\"itemListElement\":[{\"@type\":\"ListItem\",\"position\":1,\"name\":\"Accueil\",\"item\":\"https:\\\/\\\/nature-et-developpement.com\\\/logisain-78\\\/\"},{\"@type\":\"ListItem\",\"position\":2,\"name\":\"Produits\",\"item\":\"https:\\\/\\\/nature-et-developpement.com\\\/logisain-78\\\/shop\\\/\"},{\"@type\":\"ListItem\",\"position\":3,\"name\":\"Promo et D\u00e9stockage\",\"item\":\"https:\\\/\\\/nature-et-developpement.com\\\/logisain-78\\\/produits\\\/promo-et-destockage\\\/\"},{\"@type\":\"ListItem\",\"position\":4,\"name\":\"Promo du mois\",\"item\":\"https:\\\/\\\/nature-et-developpement.com\\\/logisain-78\\\/produits\\\/promo-et-destockage\\\/promo-du-mois\\\/\"},{\"@type\":\"ListItem\",\"position\":5,\"name\":\"Peinture laque mat teint\u00e9e bois pour murs, sols et m\u00e9tal de Nature &amp; D\u00e9veloppement\"}]},{\"@type\":\"WebSite\",\"@id\":\"https:\\\/\\\/nature-et-developpement.com\\\/logisain-78\\\/#website\",\"url\":\"https:\\\/\\\/nature-et-developpement.com\\\/logisain-78\\\/\",\"name\":\"LOGISAIN 78 \u2013 Magasin de mat\u00e9riaux biosourc\u00e9s\",\"description\":\"Logisain 78 est membre du groupement Nature &amp; D\u00e9veloppement\",\"publisher\":{\"@id\":\"https:\\\/\\\/nature-et-developpement.com\\\/logisain-78\\\/#organization\"},\"potentialAction\":[{\"@type\":\"SearchAction\",\"target\":{\"@type\":\"EntryPoint\",\"urlTemplate\":\"https:\\\/\\\/nature-et-developpement.com\\\/logisain-78\\\/?s={search_term_string}\"},\"query-input\":{\"@type\":\"PropertyValueSpecification\",\"valueRequired\":true,\"valueName\":\"search_term_string\"}}],\"inLanguage\":\"fr-FR\"},{\"@type\":\"Organization\",\"@id\":\"https:\\\/\\\/nature-et-developpement.com\\\/logisain-78\\\/#organization\",\"name\":\"Logisain 78\",\"url\":\"https:\\\/\\\/nature-et-developpement.com\\\/logisain-78\\\/\",\"logo\":{\"@type\":\"ImageObject\",\"inLanguage\":\"fr-FR\",\"@id\":\"https:\\\/\\\/nature-et-developpement.com\\\/logisain-78\\\/#\\\/schema\\\/logo\\\/image\\\/\",\"url\":\"https:\\\/\\\/nature-et-developpement.com\\\/logisain-78\\\/wp-content\\\/uploads\\\/sites\\\/5\\\/2021\\\/08\\\/logo-logisain.jpg\",\"contentUrl\":\"https:\\\/\\\/nature-et-developpement.com\\\/logisain-78\\\/wp-content\\\/uploads\\\/sites\\\/5\\\/2021\\\/08\\\/logo-logisain.jpg\",\"width\":672,\"height\":455,\"caption\":\"Logisain 78\"},\"image\":{\"@id\":\"https:\\\/\\\/nature-et-developpement.com\\\/logisain-78\\\/#\\\/schema\\\/logo\\\/image\\\/\"}}]}<\/script>\n<!-- \/ Yoast SEO plugin. -->","yoast_head_json":{"title":"Peinture laque mat teint\u00e9e bois murs sols m\u00e9tal de N&D","description":"Transformez vos surfaces avec la peinture laque mat teint\u00e9e par Nature & D\u00e9veloppement. Finition mate haute r\u00e9sistance, respect de l'environnement.","robots":{"index":"noindex","follow":"nofollow"},"og_locale":"fr_FR","og_type":"article","og_title":"Peinture laque mat teint\u00e9e bois murs sols m\u00e9tal de N&D","og_description":"Transformez vos surfaces avec la peinture laque mat teint\u00e9e par Nature & D\u00e9veloppement. Finition mate haute r\u00e9sistance, respect de l'environnement.","og_url":"https:\/\/nature-et-developpement.com\/logisain-78\/produit\/laque-mate-teintee-pour-bois-murs-sols-metal-par-nature-et-developpement\/","og_site_name":"LOGISAIN 78 \u2013 Magasin de mat\u00e9riaux biosourc\u00e9s","article_modified_time":"2025-09-30T10:35:12+00:00","twitter_card":"summary_large_image","twitter_misc":{"Dur\u00e9e de lecture estim\u00e9e":"1 minute"},"schema":{"@context":"https:\/\/schema.org","@graph":[{"@type":"WebPage","@id":"https:\/\/nature-et-developpement.com\/logisain-78\/produit\/laque-mate-teintee-pour-bois-murs-sols-metal-par-nature-et-developpement\/","url":"https:\/\/nature-et-developpement.com\/logisain-78\/produit\/laque-mate-teintee-pour-bois-murs-sols-metal-par-nature-et-developpement\/","name":"Peinture laque mat teint\u00e9e bois murs sols m\u00e9tal de N&D","isPartOf":{"@id":"https:\/\/nature-et-developpement.com\/logisain-78\/#website"},"primaryImageOfPage":{"@id":"https:\/\/nature-et-developpement.com\/logisain-78\/produit\/laque-mate-teintee-pour-bois-murs-sols-metal-par-nature-et-developpement\/#primaryimage"},"image":{"@id":"https:\/\/nature-et-developpement.com\/logisain-78\/produit\/laque-mate-teintee-pour-bois-murs-sols-metal-par-nature-et-developpement\/#primaryimage"},"thumbnailUrl":"https:\/\/nature-et-developpement.com\/logisain-78\/wp-content\/uploads\/Laque-ND-1L_mat_couleur.jpg","datePublished":"2024-03-22T09:51:55+00:00","dateModified":"2025-09-30T10:35:12+00:00","description":"Transformez vos surfaces avec la peinture laque mat teint\u00e9e par Nature & D\u00e9veloppement. Finition mate haute r\u00e9sistance, respect de l'environnement.","breadcrumb":{"@id":"https:\/\/nature-et-developpement.com\/logisain-78\/produit\/laque-mate-teintee-pour-bois-murs-sols-metal-par-nature-et-developpement\/#breadcrumb"},"inLanguage":"fr-FR","potentialAction":[{"@type":"ReadAction","target":["https:\/\/nature-et-developpement.com\/logisain-78\/produit\/laque-mate-teintee-pour-bois-murs-sols-metal-par-nature-et-developpement\/"]}]},{"@type":"ImageObject","inLanguage":"fr-FR","@id":"https:\/\/nature-et-developpement.com\/logisain-78\/produit\/laque-mate-teintee-pour-bois-murs-sols-metal-par-nature-et-developpement\/#primaryimage","url":"https:\/\/nature-et-developpement.com\/logisain-78\/wp-content\/uploads\/Laque-ND-1L_mat_couleur.jpg","contentUrl":"https:\/\/nature-et-developpement.com\/logisain-78\/wp-content\/uploads\/Laque-ND-1L_mat_couleur.jpg"},{"@type":"BreadcrumbList","@id":"https:\/\/nature-et-developpement.com\/logisain-78\/produit\/laque-mate-teintee-pour-bois-murs-sols-metal-par-nature-et-developpement\/#breadcrumb","itemListElement":[{"@type":"ListItem","position":1,"name":"Accueil","item":"https:\/\/nature-et-developpement.com\/logisain-78\/"},{"@type":"ListItem","position":2,"name":"Produits","item":"https:\/\/nature-et-developpement.com\/logisain-78\/shop\/"},{"@type":"ListItem","position":3,"name":"Promo et D\u00e9stockage","item":"https:\/\/nature-et-developpement.com\/logisain-78\/produits\/promo-et-destockage\/"},{"@type":"ListItem","position":4,"name":"Promo du mois","item":"https:\/\/nature-et-developpement.com\/logisain-78\/produits\/promo-et-destockage\/promo-du-mois\/"},{"@type":"ListItem","position":5,"name":"Peinture laque mat teint\u00e9e bois pour murs, sols et m\u00e9tal de Nature &amp; D\u00e9veloppement"}]},{"@type":"WebSite","@id":"https:\/\/nature-et-developpement.com\/logisain-78\/#website","url":"https:\/\/nature-et-developpement.com\/logisain-78\/","name":"LOGISAIN 78 \u2013 Magasin de mat\u00e9riaux biosourc\u00e9s","description":"Logisain 78 est membre du groupement Nature &amp; D\u00e9veloppement","publisher":{"@id":"https:\/\/nature-et-developpement.com\/logisain-78\/#organization"},"potentialAction":[{"@type":"SearchAction","target":{"@type":"EntryPoint","urlTemplate":"https:\/\/nature-et-developpement.com\/logisain-78\/?s={search_term_string}"},"query-input":{"@type":"PropertyValueSpecification","valueRequired":true,"valueName":"search_term_string"}}],"inLanguage":"fr-FR"},{"@type":"Organization","@id":"https:\/\/nature-et-developpement.com\/logisain-78\/#organization","name":"Logisain 78","url":"https:\/\/nature-et-developpement.com\/logisain-78\/","logo":{"@type":"ImageObject","inLanguage":"fr-FR","@id":"https:\/\/nature-et-developpement.com\/logisain-78\/#\/schema\/logo\/image\/","url":"https:\/\/nature-et-developpement.com\/logisain-78\/wp-content\/uploads\/sites\/5\/2021\/08\/logo-logisain.jpg","contentUrl":"https:\/\/nature-et-developpement.com\/logisain-78\/wp-content\/uploads\/sites\/5\/2021\/08\/logo-logisain.jpg","width":672,"height":455,"caption":"Logisain 78"},"image":{"@id":"https:\/\/nature-et-developpement.com\/logisain-78\/#\/schema\/logo\/image\/"}}]}},"distributor_meta":false,"distributor_terms":false,"distributor_media":false,"distributor_original_site_name":"LOGISAIN 78 \u2013 Magasin de mat\u00e9riaux biosourc\u00e9s","distributor_original_site_url":"https:\/\/nature-et-developpement.com\/logisain-78","push-errors":false,"_links":{"self":[{"href":"https:\/\/nature-et-developpement.com\/logisain-78\/wp-json\/wp\/v2\/product\/27300","targetHints":{"allow":["GET"]}}],"collection":[{"href":"https:\/\/nature-et-developpement.com\/logisain-78\/wp-json\/wp\/v2\/product"}],"about":[{"href":"https:\/\/nature-et-developpement.com\/logisain-78\/wp-json\/wp\/v2\/types\/product"}],"wp:featuredmedia":[{"embeddable":true,"href":"https:\/\/nature-et-developpement.com\/logisain-78\/wp-json\/"}],"wp:attachment":[{"href":"https:\/\/nature-et-developpement.com\/logisain-78\/wp-json\/wp\/v2\/media?parent=27300"}],"wp:term":[{"taxonomy":"product_brand","embeddable":true,"href":"https:\/\/nature-et-developpement.com\/logisain-78\/wp-json\/wp\/v2\/product_brand?post=27300"},{"taxonomy":"product_cat","embeddable":true,"href":"https:\/\/nature-et-developpement.com\/logisain-78\/wp-json\/wp\/v2\/product_cat?post=27300"},{"taxonomy":"product_tag","embeddable":true,"href":"https:\/\/nature-et-developpement.com\/logisain-78\/wp-json\/wp\/v2\/product_tag?post=27300"}],"curies":[{"name":"wp","href":"https:\/\/api.w.org\/{rel}","templated":true}]}}