{"id":27330,"date":"2020-04-10T16:05:30","date_gmt":"2020-04-10T14:05:30","guid":{"rendered":"https:\/\/nature-et-developpement.com\/logisain-78\/produit\/lasural-lasure-teintee-interieur-exterieur\/"},"modified":"2025-06-12T16:58:28","modified_gmt":"2025-06-12T14:58:28","slug":"lasural-lasure-teintee-interieur-exterieur","status":"publish","type":"product","link":"https:\/\/nature-et-developpement.com\/logisain-78\/produit\/lasural-lasure-teintee-interieur-exterieur\/","title":{"rendered":"Lasure Satin\u00e9e teint\u00e9e int\u00e9rieur et ext\u00e9rieur LASURAL de Natura"},"content":{"rendered":"<p style=\"font-style: normal\">La lasure bio Natura int\u00e9rieur et ext\u00e9rieur est un produit de protection du bois \u00e9cologique et sans risque pour la sant\u00e9.<\/p>\n<p style=\"font-style: normal\">Sa composition \u00e0 base de mati\u00e8res premi\u00e8res renouvelables sans d\u00e9riv\u00e9 de p\u00e9trole en fait un produit de grande qualit\u00e9 et qui peux s\u2019appliquer sur tous support bois dans toutes les configurations.<\/p>\n<p>C\u2019est un produit \u00e0 la fois d\u2019impr\u00e9gnation et de finition. Hydrofuge, il laisse respirer le bois et contient \u00e9galement un agent fongicide.<\/p>\n<p>Tr\u00e8s facile d\u2019emploi (en phase acqueuse), cette lasure\u00a0se dilue \u00e0 l\u2019eau et le nettoyage des outils d\u2019application se fait \u00e9galement \u00e0 l\u2019eau.<\/p>\n<p>Les eaux us\u00e9es issues du lavage des mat\u00e9riels d\u2019utilisation sont biod\u00e9gradables.<\/p>\n<p>Ce produit poss\u00e8de la\u00a0Norme jouet NF EN 71-3<\/p>\n<p>Cette lasure \u00e9cologique\u00a0est compos\u00e9e d\u2019eau, de gomme naturelle, d\u2019 huile de lin,de r\u00e9sine naturelle de pin,de cas\u00e9\u00efne, d\u2019anti UV min\u00e9ral, et de sel m\u00e9tallique. 97% du total des substances de la lasure bio Natura sont naturelles.<\/p>\n<p>La Lasure bio Natura est sans C.O.V. de synth\u00e8se, sans d\u00e9riv\u00e9 de p\u00e9trole, \u00e0 base de mati\u00e8res renouvelables, donc sans risque pour la sant\u00e9.<\/p>\n<p>Pas de solvant issu de la p\u00e9trochimie (2,4% d\u2019alcool de pin), pas de co-solvant.<\/p>\n<p>Aucune \u00e9manation du gaz \u00e0 effet de serre lors de la production des mati\u00e8res premi\u00e8res (d\u00e9veloppement durable).<\/p>\n","protected":false},"excerpt":{"rendered":"<p><strong><a class=\"btn btn-default\" href=\"https:\/\/nature-et-developpement.com\/wp-content\/uploads\/cms\/KEIM\/Spektrum_KEIM.pdf\" target=\"_blank\" rel=\"noopener\"><img loading=\"lazy\" decoding=\"async\" class=\"alignleft wp-image-108482\" src=\"https:\/\/nature-et-developpement.com\/wp-content\/uploads\/cms\/NATURA\/COULEURS_2020-450x450.jpg\" alt=\"\" width=\"30\" height=\"30\" \/><\/a><a href=\"https:\/\/nature-et-developpement.com\/wp-content\/uploads\/Nuancier_NATURA_2021_ND.pdf\" target=\"_blank\" rel=\"noopener\">Choisissez votre couleur<\/a><\/strong><br \/>\n<a href=\"https:\/\/nature-et-developpement.com\/wp-content\/uploads\/CLASSIFICATION%20TEINTES%20NATURA.pdf\" target=\"_blank\" rel=\"noopener\"><strong>Retrouvez votre classe de prix<\/strong><\/a><\/p>\n<p>La lasure bio Natura int\u00e9rieur et ext\u00e9rieur est une\u00a0lasure satin\u00e9e naturelle compos\u00e9e\u00a0\u00e0 97% de substances naturelles. Micro-poreuse, elle assure une protection durable sur tous supports bois neufs ou anciens\u00a0et permet aussi une\u00a0tr\u00e8s bonne r\u00e9sistance aux intemp\u00e9ries.<\/p>\n","protected":false},"featured_media":1000000125384,"template":"","meta":[],"product_brand":[2855],"product_cat":[48,47,108,49,50],"product_tag":[4163],"class_list":{"0":"post-27330","1":"product","2":"type-product","3":"status-publish","4":"has-post-thumbnail","6":"product_brand-natura","7":"product_cat-agencement-exterieur","8":"product_cat-peinture-et-enduit","9":"product_cat-peinture-ecologique","10":"product_cat-protection-du-bois","11":"product_cat-protection-et-entretien","12":"product_tag-traitement-du-bois","13":"product_shipping_class-peintures-accessoires-peintures","15":"first","16":"instock","17":"taxable","18":"shipping-taxable","19":"purchasable","20":"product-type-variable"},"yoast_head":"<!-- This site is optimized with the Yoast SEO plugin v27.5 - https:\/\/yoast.com\/product\/yoast-seo-wordpress\/ -->\n<title>Lasure Satin\u00e9e teint\u00e9e int\u00e9rieur et ext\u00e9rieur LASURAL de Natura<\/title>\n<meta name=\"description\" content=\"Choisissez votre couleur Retrouvez votre classe de prix  La lasure bio Natura int\u00e9rieur et ext\u00e9rieur est une\u00a0lasure satin\u00e9e naturelle compos\u00e9e\u00a0\u00e0 97% de substances naturelles. Micro-poreuse, elle assure une protection durable sur tous supports bois neufs ou anciens\u00a0et permet aussi une\u00a0tr\u00e8s bonne r\u00e9sistance aux intemp\u00e9ries.\" \/>\n<meta name=\"robots\" content=\"noindex, follow\" \/>\n<meta property=\"og:locale\" content=\"fr_FR\" \/>\n<meta property=\"og:type\" content=\"article\" \/>\n<meta property=\"og:title\" content=\"Lasure Satin\u00e9e teint\u00e9e int\u00e9rieur et ext\u00e9rieur LASURAL de Natura\" \/>\n<meta property=\"og:description\" content=\"Choisissez votre couleur Retrouvez votre classe de prix  La lasure bio Natura int\u00e9rieur et ext\u00e9rieur est une\u00a0lasure satin\u00e9e naturelle compos\u00e9e\u00a0\u00e0 97% de substances naturelles. Micro-poreuse, elle assure une protection durable sur tous supports bois neufs ou anciens\u00a0et permet aussi une\u00a0tr\u00e8s bonne r\u00e9sistance aux intemp\u00e9ries.\" \/>\n<meta property=\"og:url\" content=\"https:\/\/nature-et-developpement.com\/logisain-78\/produit\/lasural-lasure-teintee-interieur-exterieur\/\" \/>\n<meta property=\"og:site_name\" content=\"LOGISAIN 78 \u2013 Magasin de mat\u00e9riaux biosourc\u00e9s\" \/>\n<meta property=\"article:modified_time\" content=\"2025-06-12T14:58:28+00:00\" \/>\n<meta name=\"twitter:card\" content=\"summary_large_image\" \/>\n<meta name=\"twitter:label1\" content=\"Dur\u00e9e de lecture estim\u00e9e\" \/>\n\t<meta name=\"twitter:data1\" content=\"2 minutes\" \/>\n<script type=\"application\/ld+json\" class=\"yoast-schema-graph\">{\"@context\":\"https:\\\/\\\/schema.org\",\"@graph\":[{\"@type\":\"WebPage\",\"@id\":\"https:\\\/\\\/nature-et-developpement.com\\\/logisain-78\\\/produit\\\/lasural-lasure-teintee-interieur-exterieur\\\/\",\"url\":\"https:\\\/\\\/nature-et-developpement.com\\\/logisain-78\\\/produit\\\/lasural-lasure-teintee-interieur-exterieur\\\/\",\"name\":\"Lasure Satin\u00e9e teint\u00e9e int\u00e9rieur et ext\u00e9rieur LASURAL de Natura\",\"isPartOf\":{\"@id\":\"https:\\\/\\\/nature-et-developpement.com\\\/logisain-78\\\/#website\"},\"primaryImageOfPage\":{\"@id\":\"https:\\\/\\\/nature-et-developpement.com\\\/logisain-78\\\/produit\\\/lasural-lasure-teintee-interieur-exterieur\\\/#primaryimage\"},\"image\":{\"@id\":\"https:\\\/\\\/nature-et-developpement.com\\\/logisain-78\\\/produit\\\/lasural-lasure-teintee-interieur-exterieur\\\/#primaryimage\"},\"thumbnailUrl\":\"https:\\\/\\\/nature-et-developpement.com\\\/logisain-78\\\/wp-content\\\/uploads\\\/27601-Lasure-Satinee-Teintee-LASURAL-interieur-et-exterieur.jpg\",\"datePublished\":\"2020-04-10T14:05:30+00:00\",\"dateModified\":\"2025-06-12T14:58:28+00:00\",\"description\":\"Choisissez votre couleur Retrouvez votre classe de prix La lasure bio Natura int\u00e9rieur et ext\u00e9rieur est une\u00a0lasure satin\u00e9e naturelle compos\u00e9e\u00a0\u00e0 97% de substances naturelles. Micro-poreuse, elle assure une protection durable sur tous supports bois neufs ou anciens\u00a0et permet aussi une\u00a0tr\u00e8s bonne r\u00e9sistance aux intemp\u00e9ries.\",\"breadcrumb\":{\"@id\":\"https:\\\/\\\/nature-et-developpement.com\\\/logisain-78\\\/produit\\\/lasural-lasure-teintee-interieur-exterieur\\\/#breadcrumb\"},\"inLanguage\":\"fr-FR\",\"potentialAction\":[{\"@type\":\"ReadAction\",\"target\":[\"https:\\\/\\\/nature-et-developpement.com\\\/logisain-78\\\/produit\\\/lasural-lasure-teintee-interieur-exterieur\\\/\"]}]},{\"@type\":\"ImageObject\",\"inLanguage\":\"fr-FR\",\"@id\":\"https:\\\/\\\/nature-et-developpement.com\\\/logisain-78\\\/produit\\\/lasural-lasure-teintee-interieur-exterieur\\\/#primaryimage\",\"url\":\"https:\\\/\\\/nature-et-developpement.com\\\/logisain-78\\\/wp-content\\\/uploads\\\/27601-Lasure-Satinee-Teintee-LASURAL-interieur-et-exterieur.jpg\",\"contentUrl\":\"https:\\\/\\\/nature-et-developpement.com\\\/logisain-78\\\/wp-content\\\/uploads\\\/27601-Lasure-Satinee-Teintee-LASURAL-interieur-et-exterieur.jpg\"},{\"@type\":\"BreadcrumbList\",\"@id\":\"https:\\\/\\\/nature-et-developpement.com\\\/logisain-78\\\/produit\\\/lasural-lasure-teintee-interieur-exterieur\\\/#breadcrumb\",\"itemListElement\":[{\"@type\":\"ListItem\",\"position\":1,\"name\":\"Accueil\",\"item\":\"https:\\\/\\\/nature-et-developpement.com\\\/logisain-78\\\/\"},{\"@type\":\"ListItem\",\"position\":2,\"name\":\"Produits\",\"item\":\"https:\\\/\\\/nature-et-developpement.com\\\/logisain-78\\\/shop\\\/\"},{\"@type\":\"ListItem\",\"position\":3,\"name\":\"Peinture, pigment et enduit\",\"item\":\"https:\\\/\\\/nature-et-developpement.com\\\/logisain-78\\\/produits\\\/peinture-et-enduit\\\/\"},{\"@type\":\"ListItem\",\"position\":4,\"name\":\"Peintures\",\"item\":\"https:\\\/\\\/nature-et-developpement.com\\\/logisain-78\\\/produits\\\/peinture-et-enduit\\\/peinture-ecologique\\\/\"},{\"@type\":\"ListItem\",\"position\":5,\"name\":\"Lasure Satin\u00e9e teint\u00e9e int\u00e9rieur et ext\u00e9rieur LASURAL de Natura\"}]},{\"@type\":\"WebSite\",\"@id\":\"https:\\\/\\\/nature-et-developpement.com\\\/logisain-78\\\/#website\",\"url\":\"https:\\\/\\\/nature-et-developpement.com\\\/logisain-78\\\/\",\"name\":\"LOGISAIN 78 \u2013 Magasin de mat\u00e9riaux biosourc\u00e9s\",\"description\":\"Logisain 78 est membre du groupement Nature &amp; D\u00e9veloppement\",\"publisher\":{\"@id\":\"https:\\\/\\\/nature-et-developpement.com\\\/logisain-78\\\/#organization\"},\"potentialAction\":[{\"@type\":\"SearchAction\",\"target\":{\"@type\":\"EntryPoint\",\"urlTemplate\":\"https:\\\/\\\/nature-et-developpement.com\\\/logisain-78\\\/?s={search_term_string}\"},\"query-input\":{\"@type\":\"PropertyValueSpecification\",\"valueRequired\":true,\"valueName\":\"search_term_string\"}}],\"inLanguage\":\"fr-FR\"},{\"@type\":\"Organization\",\"@id\":\"https:\\\/\\\/nature-et-developpement.com\\\/logisain-78\\\/#organization\",\"name\":\"Logisain 78\",\"url\":\"https:\\\/\\\/nature-et-developpement.com\\\/logisain-78\\\/\",\"logo\":{\"@type\":\"ImageObject\",\"inLanguage\":\"fr-FR\",\"@id\":\"https:\\\/\\\/nature-et-developpement.com\\\/logisain-78\\\/#\\\/schema\\\/logo\\\/image\\\/\",\"url\":\"https:\\\/\\\/nature-et-developpement.com\\\/logisain-78\\\/wp-content\\\/uploads\\\/sites\\\/5\\\/2021\\\/08\\\/logo-logisain.jpg\",\"contentUrl\":\"https:\\\/\\\/nature-et-developpement.com\\\/logisain-78\\\/wp-content\\\/uploads\\\/sites\\\/5\\\/2021\\\/08\\\/logo-logisain.jpg\",\"width\":672,\"height\":455,\"caption\":\"Logisain 78\"},\"image\":{\"@id\":\"https:\\\/\\\/nature-et-developpement.com\\\/logisain-78\\\/#\\\/schema\\\/logo\\\/image\\\/\"}}]}<\/script>\n<!-- \/ Yoast SEO plugin. -->","yoast_head_json":{"title":"Lasure Satin\u00e9e teint\u00e9e int\u00e9rieur et ext\u00e9rieur LASURAL de Natura","description":"Choisissez votre couleur Retrouvez votre classe de prix  La lasure bio Natura int\u00e9rieur et ext\u00e9rieur est une\u00a0lasure satin\u00e9e naturelle compos\u00e9e\u00a0\u00e0 97% de substances naturelles. Micro-poreuse, elle assure une protection durable sur tous supports bois neufs ou anciens\u00a0et permet aussi une\u00a0tr\u00e8s bonne r\u00e9sistance aux intemp\u00e9ries.","robots":{"index":"noindex","follow":"follow"},"og_locale":"fr_FR","og_type":"article","og_title":"Lasure Satin\u00e9e teint\u00e9e int\u00e9rieur et ext\u00e9rieur LASURAL de Natura","og_description":"Choisissez votre couleur Retrouvez votre classe de prix  La lasure bio Natura int\u00e9rieur et ext\u00e9rieur est une\u00a0lasure satin\u00e9e naturelle compos\u00e9e\u00a0\u00e0 97% de substances naturelles. Micro-poreuse, elle assure une protection durable sur tous supports bois neufs ou anciens\u00a0et permet aussi une\u00a0tr\u00e8s bonne r\u00e9sistance aux intemp\u00e9ries.","og_url":"https:\/\/nature-et-developpement.com\/logisain-78\/produit\/lasural-lasure-teintee-interieur-exterieur\/","og_site_name":"LOGISAIN 78 \u2013 Magasin de mat\u00e9riaux biosourc\u00e9s","article_modified_time":"2025-06-12T14:58:28+00:00","twitter_card":"summary_large_image","twitter_misc":{"Dur\u00e9e de lecture estim\u00e9e":"2 minutes"},"schema":{"@context":"https:\/\/schema.org","@graph":[{"@type":"WebPage","@id":"https:\/\/nature-et-developpement.com\/logisain-78\/produit\/lasural-lasure-teintee-interieur-exterieur\/","url":"https:\/\/nature-et-developpement.com\/logisain-78\/produit\/lasural-lasure-teintee-interieur-exterieur\/","name":"Lasure Satin\u00e9e teint\u00e9e int\u00e9rieur et ext\u00e9rieur LASURAL de Natura","isPartOf":{"@id":"https:\/\/nature-et-developpement.com\/logisain-78\/#website"},"primaryImageOfPage":{"@id":"https:\/\/nature-et-developpement.com\/logisain-78\/produit\/lasural-lasure-teintee-interieur-exterieur\/#primaryimage"},"image":{"@id":"https:\/\/nature-et-developpement.com\/logisain-78\/produit\/lasural-lasure-teintee-interieur-exterieur\/#primaryimage"},"thumbnailUrl":"https:\/\/nature-et-developpement.com\/logisain-78\/wp-content\/uploads\/27601-Lasure-Satinee-Teintee-LASURAL-interieur-et-exterieur.jpg","datePublished":"2020-04-10T14:05:30+00:00","dateModified":"2025-06-12T14:58:28+00:00","description":"Choisissez votre couleur Retrouvez votre classe de prix La lasure bio Natura int\u00e9rieur et ext\u00e9rieur est une\u00a0lasure satin\u00e9e naturelle compos\u00e9e\u00a0\u00e0 97% de substances naturelles. Micro-poreuse, elle assure une protection durable sur tous supports bois neufs ou anciens\u00a0et permet aussi une\u00a0tr\u00e8s bonne r\u00e9sistance aux intemp\u00e9ries.","breadcrumb":{"@id":"https:\/\/nature-et-developpement.com\/logisain-78\/produit\/lasural-lasure-teintee-interieur-exterieur\/#breadcrumb"},"inLanguage":"fr-FR","potentialAction":[{"@type":"ReadAction","target":["https:\/\/nature-et-developpement.com\/logisain-78\/produit\/lasural-lasure-teintee-interieur-exterieur\/"]}]},{"@type":"ImageObject","inLanguage":"fr-FR","@id":"https:\/\/nature-et-developpement.com\/logisain-78\/produit\/lasural-lasure-teintee-interieur-exterieur\/#primaryimage","url":"https:\/\/nature-et-developpement.com\/logisain-78\/wp-content\/uploads\/27601-Lasure-Satinee-Teintee-LASURAL-interieur-et-exterieur.jpg","contentUrl":"https:\/\/nature-et-developpement.com\/logisain-78\/wp-content\/uploads\/27601-Lasure-Satinee-Teintee-LASURAL-interieur-et-exterieur.jpg"},{"@type":"BreadcrumbList","@id":"https:\/\/nature-et-developpement.com\/logisain-78\/produit\/lasural-lasure-teintee-interieur-exterieur\/#breadcrumb","itemListElement":[{"@type":"ListItem","position":1,"name":"Accueil","item":"https:\/\/nature-et-developpement.com\/logisain-78\/"},{"@type":"ListItem","position":2,"name":"Produits","item":"https:\/\/nature-et-developpement.com\/logisain-78\/shop\/"},{"@type":"ListItem","position":3,"name":"Peinture, pigment et enduit","item":"https:\/\/nature-et-developpement.com\/logisain-78\/produits\/peinture-et-enduit\/"},{"@type":"ListItem","position":4,"name":"Peintures","item":"https:\/\/nature-et-developpement.com\/logisain-78\/produits\/peinture-et-enduit\/peinture-ecologique\/"},{"@type":"ListItem","position":5,"name":"Lasure Satin\u00e9e teint\u00e9e int\u00e9rieur et ext\u00e9rieur LASURAL de Natura"}]},{"@type":"WebSite","@id":"https:\/\/nature-et-developpement.com\/logisain-78\/#website","url":"https:\/\/nature-et-developpement.com\/logisain-78\/","name":"LOGISAIN 78 \u2013 Magasin de mat\u00e9riaux biosourc\u00e9s","description":"Logisain 78 est membre du groupement Nature &amp; D\u00e9veloppement","publisher":{"@id":"https:\/\/nature-et-developpement.com\/logisain-78\/#organization"},"potentialAction":[{"@type":"SearchAction","target":{"@type":"EntryPoint","urlTemplate":"https:\/\/nature-et-developpement.com\/logisain-78\/?s={search_term_string}"},"query-input":{"@type":"PropertyValueSpecification","valueRequired":true,"valueName":"search_term_string"}}],"inLanguage":"fr-FR"},{"@type":"Organization","@id":"https:\/\/nature-et-developpement.com\/logisain-78\/#organization","name":"Logisain 78","url":"https:\/\/nature-et-developpement.com\/logisain-78\/","logo":{"@type":"ImageObject","inLanguage":"fr-FR","@id":"https:\/\/nature-et-developpement.com\/logisain-78\/#\/schema\/logo\/image\/","url":"https:\/\/nature-et-developpement.com\/logisain-78\/wp-content\/uploads\/sites\/5\/2021\/08\/logo-logisain.jpg","contentUrl":"https:\/\/nature-et-developpement.com\/logisain-78\/wp-content\/uploads\/sites\/5\/2021\/08\/logo-logisain.jpg","width":672,"height":455,"caption":"Logisain 78"},"image":{"@id":"https:\/\/nature-et-developpement.com\/logisain-78\/#\/schema\/logo\/image\/"}}]}},"distributor_meta":false,"distributor_terms":false,"distributor_media":false,"distributor_original_site_name":"LOGISAIN 78 \u2013 Magasin de mat\u00e9riaux biosourc\u00e9s","distributor_original_site_url":"https:\/\/nature-et-developpement.com\/logisain-78","push-errors":false,"_links":{"self":[{"href":"https:\/\/nature-et-developpement.com\/logisain-78\/wp-json\/wp\/v2\/product\/27330","targetHints":{"allow":["GET"]}}],"collection":[{"href":"https:\/\/nature-et-developpement.com\/logisain-78\/wp-json\/wp\/v2\/product"}],"about":[{"href":"https:\/\/nature-et-developpement.com\/logisain-78\/wp-json\/wp\/v2\/types\/product"}],"wp:featuredmedia":[{"embeddable":true,"href":"https:\/\/nature-et-developpement.com\/logisain-78\/wp-json\/"}],"wp:attachment":[{"href":"https:\/\/nature-et-developpement.com\/logisain-78\/wp-json\/wp\/v2\/media?parent=27330"}],"wp:term":[{"taxonomy":"product_brand","embeddable":true,"href":"https:\/\/nature-et-developpement.com\/logisain-78\/wp-json\/wp\/v2\/product_brand?post=27330"},{"taxonomy":"product_cat","embeddable":true,"href":"https:\/\/nature-et-developpement.com\/logisain-78\/wp-json\/wp\/v2\/product_cat?post=27330"},{"taxonomy":"product_tag","embeddable":true,"href":"https:\/\/nature-et-developpement.com\/logisain-78\/wp-json\/wp\/v2\/product_tag?post=27330"}],"curies":[{"name":"wp","href":"https:\/\/api.w.org\/{rel}","templated":true}]}}