{"id":27337,"date":"2020-04-09T12:09:04","date_gmt":"2020-04-09T10:09:04","guid":{"rendered":"https:\/\/nature-et-developpement.com\/logisain-78\/produit\/saturateur-mat-teintee-interieur-et-exterieur-lasural\/"},"modified":"2025-06-12T16:58:28","modified_gmt":"2025-06-12T14:58:28","slug":"saturateur-mat-teintee-interieur-et-exterieur-lasural","status":"publish","type":"product","link":"https:\/\/nature-et-developpement.com\/logisain-78\/produit\/saturateur-mat-teintee-interieur-et-exterieur-lasural\/","title":{"rendered":"Saturateur bois Mat teint\u00e9e int\u00e9rieur et ext\u00e9rieur LASURAL de Natura"},"content":{"rendered":"<p style=\"font-style: normal\">Le saturateur bois naturel ext\u00e9rieur Natura s\u2019utilise en ext\u00e9rieur sur bardages bois (isolation par l\u2019ext\u00e9rieur), tour de piscine, salon de jardin teck, terrasse bois, lambris\u2026<\/p>\n<p style=\"font-style: normal\">Protection et d\u00e9coration des clins, \u00a0caillebotis, claustras, barri\u00e8res, mobilier de jardin, volets, portails, etc\u2026<\/p>\n<p>Aspect bois huil\u00e9 mat rehaussant l\u2019\u00e9l\u00e9gance naturelle du bois.<\/p>\n<p>Il\u00a0est hydrofuge, micro-poreux, fongicide.<\/p>\n<p>Ne pelle pas, ne s\u2019\u00e9caille pas.<\/p>\n<p>Entretien sans pon\u00e7age, ni d\u00e9capage.<\/p>\n<p>Convient pour tous bois ext\u00e9rieurs, feuillus ou r\u00e9sineux europ\u00e9ens ou bois exotiques d\u00fbment pr\u00e9par\u00e9s.<\/p>\n<p>Applicable en deux couches dans la journ\u00e9e.<\/p>\n<p>Il\u00a0 donne aussi d\u2019excellents r\u00e9sultats pour le traitement des bateaux parties non immerg\u00e9es avec une couche d\u2019hydrofuge en compl\u00e9ment.<\/p>\n","protected":false},"excerpt":{"rendered":"<p><strong><a class=\"btn btn-default\" href=\"https:\/\/nature-et-developpement.com\/wp-content\/uploads\/cms\/KEIM\/Spektrum_KEIM.pdf\" target=\"_blank\" rel=\"noopener\"><img loading=\"lazy\" decoding=\"async\" class=\"alignleft wp-image-108482\" src=\"https:\/\/nature-et-developpement.com\/wp-content\/uploads\/cms\/NATURA\/COULEURS_2020-450x450.jpg\" alt=\"\" width=\"30\" height=\"30\" \/><\/a><a href=\"https:\/\/nature-et-developpement.com\/wp-content\/uploads\/Nuancier_NATURA_2021_ND.pdf\" target=\"_blank\" rel=\"noopener\">Choisissez votre couleur<\/a><\/strong><br \/>\n<a href=\"https:\/\/nature-et-developpement.com\/wp-content\/uploads\/CLASSIFICATION%20TEINTES%20NATURA.pdf\" target=\"_blank\" rel=\"noopener\"><strong>Retrouvez votre classe de prix<\/strong><\/a><\/p>\n<p><a class=\"btn btn-default\" href=\"https:\/\/nature-et-developpement.com\/wp-content\/uploads\/cms\/NATURA\/nuancier-bois.pdf\" target=\"_blank\" rel=\"noopener\"><img loading=\"lazy\" decoding=\"async\" class=\"alignleft wp-image-122453\" src=\"https:\/\/nature-et-developpement.com\/wp-content\/uploads\/cms\/NATURA\/BOIS_2020.jpg\" alt=\"\" width=\"30\" height=\"30\" \/><strong>Choisissez votre teinte bois<\/strong><\/a><\/p>\n<p>&nbsp;<\/p>\n<p>Produit d&rsquo;impr\u00e9gnation non filmog\u00e8ne \u00e0 fort pouvoir de p\u00e9n\u00e9tration avec un aspect bois huil\u00e9 mat rehaussant l&rsquo;\u00e9l\u00e9gance naturelle du bois..<br \/>\nHydrofuge, micro-poreux, contient un agent fongicide\u00a0et\u00a0ne s&rsquo;\u00e9caille pas.<\/p>\n","protected":false},"featured_media":1000000122449,"template":"","meta":[],"product_brand":[2855],"product_cat":[17,47,49,50,284],"product_tag":[4163],"class_list":{"0":"post-27337","1":"product","2":"type-product","3":"status-publish","4":"has-post-thumbnail","6":"product_brand-natura","7":"product_cat-parquet-et-sol-naturels","8":"product_cat-peinture-et-enduit","9":"product_cat-protection-du-bois","10":"product_cat-protection-et-entretien","11":"product_cat-protection-et-entretien-du-sol","12":"product_tag-traitement-du-bois","13":"product_shipping_class-peintures-accessoires-peintures","15":"first","16":"instock","17":"taxable","18":"shipping-taxable","19":"purchasable","20":"product-type-variable"},"yoast_head":"<!-- This site is optimized with the Yoast SEO plugin v27.5 - https:\/\/yoast.com\/product\/yoast-seo-wordpress\/ -->\n<title>Saturateur bois Mat teint\u00e9e int\u00e9rieur et ext\u00e9rieur LASURAL de Natura<\/title>\n<meta name=\"description\" content=\"Choisissez votre couleur Retrouvez votre classe de prix  Choisissez votre teinte bois  &nbsp;  Produit d&#039;impr\u00e9gnation non filmog\u00e8ne \u00e0 fort pouvoir de p\u00e9n\u00e9tration avec un aspect bois huil\u00e9 mat rehaussant l&#039;\u00e9l\u00e9gance naturelle du bois.. Hydrofuge, micro-poreux, contient un agent fongicide\u00a0et\u00a0ne s&#039;\u00e9caille pas.\" \/>\n<meta name=\"robots\" content=\"noindex, follow\" \/>\n<meta property=\"og:locale\" content=\"fr_FR\" \/>\n<meta property=\"og:type\" content=\"article\" \/>\n<meta property=\"og:title\" content=\"Saturateur bois Mat teint\u00e9e int\u00e9rieur et ext\u00e9rieur LASURAL de Natura\" \/>\n<meta property=\"og:description\" content=\"Choisissez votre couleur Retrouvez votre classe de prix  Choisissez votre teinte bois  &nbsp;  Produit d&#039;impr\u00e9gnation non filmog\u00e8ne \u00e0 fort pouvoir de p\u00e9n\u00e9tration avec un aspect bois huil\u00e9 mat rehaussant l&#039;\u00e9l\u00e9gance naturelle du bois.. Hydrofuge, micro-poreux, contient un agent fongicide\u00a0et\u00a0ne s&#039;\u00e9caille pas.\" \/>\n<meta property=\"og:url\" content=\"https:\/\/nature-et-developpement.com\/logisain-78\/produit\/saturateur-mat-teintee-interieur-et-exterieur-lasural\/\" \/>\n<meta property=\"og:site_name\" content=\"LOGISAIN 78 \u2013 Magasin de mat\u00e9riaux biosourc\u00e9s\" \/>\n<meta property=\"article:modified_time\" content=\"2025-06-12T14:58:28+00:00\" \/>\n<meta name=\"twitter:card\" content=\"summary_large_image\" \/>\n<meta name=\"twitter:label1\" content=\"Dur\u00e9e de lecture estim\u00e9e\" \/>\n\t<meta name=\"twitter:data1\" content=\"1 minute\" \/>\n<script type=\"application\/ld+json\" class=\"yoast-schema-graph\">{\"@context\":\"https:\\\/\\\/schema.org\",\"@graph\":[{\"@type\":\"WebPage\",\"@id\":\"https:\\\/\\\/nature-et-developpement.com\\\/logisain-78\\\/produit\\\/saturateur-mat-teintee-interieur-et-exterieur-lasural\\\/\",\"url\":\"https:\\\/\\\/nature-et-developpement.com\\\/logisain-78\\\/produit\\\/saturateur-mat-teintee-interieur-et-exterieur-lasural\\\/\",\"name\":\"Saturateur bois Mat teint\u00e9e int\u00e9rieur et ext\u00e9rieur LASURAL de Natura\",\"isPartOf\":{\"@id\":\"https:\\\/\\\/nature-et-developpement.com\\\/logisain-78\\\/#website\"},\"primaryImageOfPage\":{\"@id\":\"https:\\\/\\\/nature-et-developpement.com\\\/logisain-78\\\/produit\\\/saturateur-mat-teintee-interieur-et-exterieur-lasural\\\/#primaryimage\"},\"image\":{\"@id\":\"https:\\\/\\\/nature-et-developpement.com\\\/logisain-78\\\/produit\\\/saturateur-mat-teintee-interieur-et-exterieur-lasural\\\/#primaryimage\"},\"thumbnailUrl\":\"https:\\\/\\\/nature-et-developpement.com\\\/logisain-78\\\/wp-content\\\/uploads\\\/27535-Saturateur-Mat-Teintee-LASURAL-interieur.jpg\",\"datePublished\":\"2020-04-09T10:09:04+00:00\",\"dateModified\":\"2025-06-12T14:58:28+00:00\",\"description\":\"Choisissez votre couleur Retrouvez votre classe de prix Choisissez votre teinte bois &nbsp; Produit d'impr\u00e9gnation non filmog\u00e8ne \u00e0 fort pouvoir de p\u00e9n\u00e9tration avec un aspect bois huil\u00e9 mat rehaussant l'\u00e9l\u00e9gance naturelle du bois.. Hydrofuge, micro-poreux, contient un agent fongicide\u00a0et\u00a0ne s'\u00e9caille pas.\",\"breadcrumb\":{\"@id\":\"https:\\\/\\\/nature-et-developpement.com\\\/logisain-78\\\/produit\\\/saturateur-mat-teintee-interieur-et-exterieur-lasural\\\/#breadcrumb\"},\"inLanguage\":\"fr-FR\",\"potentialAction\":[{\"@type\":\"ReadAction\",\"target\":[\"https:\\\/\\\/nature-et-developpement.com\\\/logisain-78\\\/produit\\\/saturateur-mat-teintee-interieur-et-exterieur-lasural\\\/\"]}]},{\"@type\":\"ImageObject\",\"inLanguage\":\"fr-FR\",\"@id\":\"https:\\\/\\\/nature-et-developpement.com\\\/logisain-78\\\/produit\\\/saturateur-mat-teintee-interieur-et-exterieur-lasural\\\/#primaryimage\",\"url\":\"https:\\\/\\\/nature-et-developpement.com\\\/logisain-78\\\/wp-content\\\/uploads\\\/27535-Saturateur-Mat-Teintee-LASURAL-interieur.jpg\",\"contentUrl\":\"https:\\\/\\\/nature-et-developpement.com\\\/logisain-78\\\/wp-content\\\/uploads\\\/27535-Saturateur-Mat-Teintee-LASURAL-interieur.jpg\"},{\"@type\":\"BreadcrumbList\",\"@id\":\"https:\\\/\\\/nature-et-developpement.com\\\/logisain-78\\\/produit\\\/saturateur-mat-teintee-interieur-et-exterieur-lasural\\\/#breadcrumb\",\"itemListElement\":[{\"@type\":\"ListItem\",\"position\":1,\"name\":\"Accueil\",\"item\":\"https:\\\/\\\/nature-et-developpement.com\\\/logisain-78\\\/\"},{\"@type\":\"ListItem\",\"position\":2,\"name\":\"Produits\",\"item\":\"https:\\\/\\\/nature-et-developpement.com\\\/logisain-78\\\/shop\\\/\"},{\"@type\":\"ListItem\",\"position\":3,\"name\":\"Peinture, pigment et enduit\",\"item\":\"https:\\\/\\\/nature-et-developpement.com\\\/logisain-78\\\/produits\\\/peinture-et-enduit\\\/\"},{\"@type\":\"ListItem\",\"position\":4,\"name\":\"Protection du bois\",\"item\":\"https:\\\/\\\/nature-et-developpement.com\\\/logisain-78\\\/produits\\\/peinture-et-enduit\\\/protection-du-bois\\\/\"},{\"@type\":\"ListItem\",\"position\":5,\"name\":\"Saturateur bois Mat teint\u00e9e int\u00e9rieur et ext\u00e9rieur LASURAL de Natura\"}]},{\"@type\":\"WebSite\",\"@id\":\"https:\\\/\\\/nature-et-developpement.com\\\/logisain-78\\\/#website\",\"url\":\"https:\\\/\\\/nature-et-developpement.com\\\/logisain-78\\\/\",\"name\":\"LOGISAIN 78 \u2013 Magasin de mat\u00e9riaux biosourc\u00e9s\",\"description\":\"Logisain 78 est membre du groupement Nature &amp; D\u00e9veloppement\",\"publisher\":{\"@id\":\"https:\\\/\\\/nature-et-developpement.com\\\/logisain-78\\\/#organization\"},\"potentialAction\":[{\"@type\":\"SearchAction\",\"target\":{\"@type\":\"EntryPoint\",\"urlTemplate\":\"https:\\\/\\\/nature-et-developpement.com\\\/logisain-78\\\/?s={search_term_string}\"},\"query-input\":{\"@type\":\"PropertyValueSpecification\",\"valueRequired\":true,\"valueName\":\"search_term_string\"}}],\"inLanguage\":\"fr-FR\"},{\"@type\":\"Organization\",\"@id\":\"https:\\\/\\\/nature-et-developpement.com\\\/logisain-78\\\/#organization\",\"name\":\"Logisain 78\",\"url\":\"https:\\\/\\\/nature-et-developpement.com\\\/logisain-78\\\/\",\"logo\":{\"@type\":\"ImageObject\",\"inLanguage\":\"fr-FR\",\"@id\":\"https:\\\/\\\/nature-et-developpement.com\\\/logisain-78\\\/#\\\/schema\\\/logo\\\/image\\\/\",\"url\":\"https:\\\/\\\/nature-et-developpement.com\\\/logisain-78\\\/wp-content\\\/uploads\\\/sites\\\/5\\\/2021\\\/08\\\/logo-logisain.jpg\",\"contentUrl\":\"https:\\\/\\\/nature-et-developpement.com\\\/logisain-78\\\/wp-content\\\/uploads\\\/sites\\\/5\\\/2021\\\/08\\\/logo-logisain.jpg\",\"width\":672,\"height\":455,\"caption\":\"Logisain 78\"},\"image\":{\"@id\":\"https:\\\/\\\/nature-et-developpement.com\\\/logisain-78\\\/#\\\/schema\\\/logo\\\/image\\\/\"}}]}<\/script>\n<!-- \/ Yoast SEO plugin. -->","yoast_head_json":{"title":"Saturateur bois Mat teint\u00e9e int\u00e9rieur et ext\u00e9rieur LASURAL de Natura","description":"Choisissez votre couleur Retrouvez votre classe de prix  Choisissez votre teinte bois  &nbsp;  Produit d'impr\u00e9gnation non filmog\u00e8ne \u00e0 fort pouvoir de p\u00e9n\u00e9tration avec un aspect bois huil\u00e9 mat rehaussant l'\u00e9l\u00e9gance naturelle du bois.. Hydrofuge, micro-poreux, contient un agent fongicide\u00a0et\u00a0ne s'\u00e9caille pas.","robots":{"index":"noindex","follow":"follow"},"og_locale":"fr_FR","og_type":"article","og_title":"Saturateur bois Mat teint\u00e9e int\u00e9rieur et ext\u00e9rieur LASURAL de Natura","og_description":"Choisissez votre couleur Retrouvez votre classe de prix  Choisissez votre teinte bois  &nbsp;  Produit d'impr\u00e9gnation non filmog\u00e8ne \u00e0 fort pouvoir de p\u00e9n\u00e9tration avec un aspect bois huil\u00e9 mat rehaussant l'\u00e9l\u00e9gance naturelle du bois.. Hydrofuge, micro-poreux, contient un agent fongicide\u00a0et\u00a0ne s'\u00e9caille pas.","og_url":"https:\/\/nature-et-developpement.com\/logisain-78\/produit\/saturateur-mat-teintee-interieur-et-exterieur-lasural\/","og_site_name":"LOGISAIN 78 \u2013 Magasin de mat\u00e9riaux biosourc\u00e9s","article_modified_time":"2025-06-12T14:58:28+00:00","twitter_card":"summary_large_image","twitter_misc":{"Dur\u00e9e de lecture estim\u00e9e":"1 minute"},"schema":{"@context":"https:\/\/schema.org","@graph":[{"@type":"WebPage","@id":"https:\/\/nature-et-developpement.com\/logisain-78\/produit\/saturateur-mat-teintee-interieur-et-exterieur-lasural\/","url":"https:\/\/nature-et-developpement.com\/logisain-78\/produit\/saturateur-mat-teintee-interieur-et-exterieur-lasural\/","name":"Saturateur bois Mat teint\u00e9e int\u00e9rieur et ext\u00e9rieur LASURAL de Natura","isPartOf":{"@id":"https:\/\/nature-et-developpement.com\/logisain-78\/#website"},"primaryImageOfPage":{"@id":"https:\/\/nature-et-developpement.com\/logisain-78\/produit\/saturateur-mat-teintee-interieur-et-exterieur-lasural\/#primaryimage"},"image":{"@id":"https:\/\/nature-et-developpement.com\/logisain-78\/produit\/saturateur-mat-teintee-interieur-et-exterieur-lasural\/#primaryimage"},"thumbnailUrl":"https:\/\/nature-et-developpement.com\/logisain-78\/wp-content\/uploads\/27535-Saturateur-Mat-Teintee-LASURAL-interieur.jpg","datePublished":"2020-04-09T10:09:04+00:00","dateModified":"2025-06-12T14:58:28+00:00","description":"Choisissez votre couleur Retrouvez votre classe de prix Choisissez votre teinte bois &nbsp; Produit d'impr\u00e9gnation non filmog\u00e8ne \u00e0 fort pouvoir de p\u00e9n\u00e9tration avec un aspect bois huil\u00e9 mat rehaussant l'\u00e9l\u00e9gance naturelle du bois.. Hydrofuge, micro-poreux, contient un agent fongicide\u00a0et\u00a0ne s'\u00e9caille pas.","breadcrumb":{"@id":"https:\/\/nature-et-developpement.com\/logisain-78\/produit\/saturateur-mat-teintee-interieur-et-exterieur-lasural\/#breadcrumb"},"inLanguage":"fr-FR","potentialAction":[{"@type":"ReadAction","target":["https:\/\/nature-et-developpement.com\/logisain-78\/produit\/saturateur-mat-teintee-interieur-et-exterieur-lasural\/"]}]},{"@type":"ImageObject","inLanguage":"fr-FR","@id":"https:\/\/nature-et-developpement.com\/logisain-78\/produit\/saturateur-mat-teintee-interieur-et-exterieur-lasural\/#primaryimage","url":"https:\/\/nature-et-developpement.com\/logisain-78\/wp-content\/uploads\/27535-Saturateur-Mat-Teintee-LASURAL-interieur.jpg","contentUrl":"https:\/\/nature-et-developpement.com\/logisain-78\/wp-content\/uploads\/27535-Saturateur-Mat-Teintee-LASURAL-interieur.jpg"},{"@type":"BreadcrumbList","@id":"https:\/\/nature-et-developpement.com\/logisain-78\/produit\/saturateur-mat-teintee-interieur-et-exterieur-lasural\/#breadcrumb","itemListElement":[{"@type":"ListItem","position":1,"name":"Accueil","item":"https:\/\/nature-et-developpement.com\/logisain-78\/"},{"@type":"ListItem","position":2,"name":"Produits","item":"https:\/\/nature-et-developpement.com\/logisain-78\/shop\/"},{"@type":"ListItem","position":3,"name":"Peinture, pigment et enduit","item":"https:\/\/nature-et-developpement.com\/logisain-78\/produits\/peinture-et-enduit\/"},{"@type":"ListItem","position":4,"name":"Protection du bois","item":"https:\/\/nature-et-developpement.com\/logisain-78\/produits\/peinture-et-enduit\/protection-du-bois\/"},{"@type":"ListItem","position":5,"name":"Saturateur bois Mat teint\u00e9e int\u00e9rieur et ext\u00e9rieur LASURAL de Natura"}]},{"@type":"WebSite","@id":"https:\/\/nature-et-developpement.com\/logisain-78\/#website","url":"https:\/\/nature-et-developpement.com\/logisain-78\/","name":"LOGISAIN 78 \u2013 Magasin de mat\u00e9riaux biosourc\u00e9s","description":"Logisain 78 est membre du groupement Nature &amp; D\u00e9veloppement","publisher":{"@id":"https:\/\/nature-et-developpement.com\/logisain-78\/#organization"},"potentialAction":[{"@type":"SearchAction","target":{"@type":"EntryPoint","urlTemplate":"https:\/\/nature-et-developpement.com\/logisain-78\/?s={search_term_string}"},"query-input":{"@type":"PropertyValueSpecification","valueRequired":true,"valueName":"search_term_string"}}],"inLanguage":"fr-FR"},{"@type":"Organization","@id":"https:\/\/nature-et-developpement.com\/logisain-78\/#organization","name":"Logisain 78","url":"https:\/\/nature-et-developpement.com\/logisain-78\/","logo":{"@type":"ImageObject","inLanguage":"fr-FR","@id":"https:\/\/nature-et-developpement.com\/logisain-78\/#\/schema\/logo\/image\/","url":"https:\/\/nature-et-developpement.com\/logisain-78\/wp-content\/uploads\/sites\/5\/2021\/08\/logo-logisain.jpg","contentUrl":"https:\/\/nature-et-developpement.com\/logisain-78\/wp-content\/uploads\/sites\/5\/2021\/08\/logo-logisain.jpg","width":672,"height":455,"caption":"Logisain 78"},"image":{"@id":"https:\/\/nature-et-developpement.com\/logisain-78\/#\/schema\/logo\/image\/"}}]}},"distributor_meta":false,"distributor_terms":false,"distributor_media":false,"distributor_original_site_name":"LOGISAIN 78 \u2013 Magasin de mat\u00e9riaux biosourc\u00e9s","distributor_original_site_url":"https:\/\/nature-et-developpement.com\/logisain-78","push-errors":false,"_links":{"self":[{"href":"https:\/\/nature-et-developpement.com\/logisain-78\/wp-json\/wp\/v2\/product\/27337","targetHints":{"allow":["GET"]}}],"collection":[{"href":"https:\/\/nature-et-developpement.com\/logisain-78\/wp-json\/wp\/v2\/product"}],"about":[{"href":"https:\/\/nature-et-developpement.com\/logisain-78\/wp-json\/wp\/v2\/types\/product"}],"wp:featuredmedia":[{"embeddable":true,"href":"https:\/\/nature-et-developpement.com\/logisain-78\/wp-json\/"}],"wp:attachment":[{"href":"https:\/\/nature-et-developpement.com\/logisain-78\/wp-json\/wp\/v2\/media?parent=27337"}],"wp:term":[{"taxonomy":"product_brand","embeddable":true,"href":"https:\/\/nature-et-developpement.com\/logisain-78\/wp-json\/wp\/v2\/product_brand?post=27337"},{"taxonomy":"product_cat","embeddable":true,"href":"https:\/\/nature-et-developpement.com\/logisain-78\/wp-json\/wp\/v2\/product_cat?post=27337"},{"taxonomy":"product_tag","embeddable":true,"href":"https:\/\/nature-et-developpement.com\/logisain-78\/wp-json\/wp\/v2\/product_tag?post=27337"}],"curies":[{"name":"wp","href":"https:\/\/api.w.org\/{rel}","templated":true}]}}