{"id":30319,"date":"2022-04-29T10:48:18","date_gmt":"2022-04-29T08:48:18","guid":{"rendered":"https:\/\/nature-et-developpement.com\/logisain-78\/produit\/chauffe-eau-solaire-2-capteurs-verticaux-300l-solar-compaq-matic\/"},"modified":"2025-10-15T14:30:10","modified_gmt":"2025-10-15T12:30:10","slug":"chauffe-eau-solaire-2-capteurs-verticaux-300l-solar-compaq-matic","status":"publish","type":"product","link":"https:\/\/nature-et-developpement.com\/logisain-78\/produit\/chauffe-eau-solaire-2-capteurs-verticaux-300l-solar-compaq-matic\/","title":{"rendered":"Chauffe-eau solaire 2 capteurs verticaux 300L SOLAR COMPAQ MATIC"},"content":{"rendered":"<h2>Chauffe-eau solaire vertical SOLAR COMPAQ MATIC<\/h2>\n<p>Le chauffe-eau solaire SOLAR COMPAQ MATIC a \u00e9t\u00e9 con\u00e7u pour chauffer l\u2019eau chaude sanitaire.<\/p>\n<p>Tout en utilisant au maximum l\u2019\u00e9nergie du soleil.<\/p>\n<p>Lorsque l&rsquo;ensoleillement est suffisant, la temp\u00e9rature des capteurs solaires monte.<\/p>\n<p>D\u00e8s que la temp\u00e9rature \u00e0 l\u2019int\u00e9rieur des capteurs devient sup\u00e9rieure de quelques degr\u00e9s \u00e0 celle de l\u2019eau sanitaire contenue dans le ballon, la pompe solaire met en mouvement un fluide caloporteur (eau + glycol).<\/p>\n<p>Ce dernier va transf\u00e9rer la chaleur produite dans les capteurs \u00e0 l\u2019eau sanitaire du ballon.<\/p>\n<table style=\"height: 617px\" width=\"1015\">\n<tbody>\n<tr>\n<td><img loading=\"lazy\" decoding=\"async\" class=\" size-full wp-image-108657\" src=\"https:\/\/nature-et-developpement.com\/wp-content\/uploads\/cms\/ELLIOS\/Chauffe-eau-solaire-SOLAR-COMPAQ-MATIC-ELLIOS-Systeme-en-fonctionnement-Chauffe-eau-solaire-SOLAR-COMPAQ-MATIC-E.jpg\" alt=\"Chauffe-eau solaire SOLAR COMPAQ MATIC E\" width=\"300\" height=\"270\" \/><\/td>\n<td><\/td>\n<td>Lorsque la diff\u00e9rence de temp\u00e9rature entre les capteurs solaires (4) et l\u2019eau contenue dans le ballon (5) devient suffisante, la pompe (1) s\u2019actionne et pousse le fluide vers les capteurs.<\/p>\n<p>L\u2019air qui \u00e9tait dans les capteurs est pouss\u00e9 par le fluide vers le bas de l\u2019installation et vient se stocker dans le r\u00e9servoir Matic (3).<\/td>\n<\/tr>\n<tr>\n<td><\/td>\n<td><\/td>\n<td><\/td>\n<\/tr>\n<tr>\n<td><img loading=\"lazy\" decoding=\"async\" class=\" size-full wp-image-108658\" src=\"https:\/\/nature-et-developpement.com\/wp-content\/uploads\/cms\/ELLIOS\/Chauffe-eau-solaire-SOLAR-COMPAQ-MATIC-ELLIOS-Systeme-a-l-arret.jpg\" alt=\"\" width=\"300\" height=\"272\" \/><\/td>\n<td><\/td>\n<td>A l\u2019arr\u00eat de la pompe solaire (1), tout le fluide solaire se stocke dans le bas de l\u2019installation (serpentin du ballon (2) et r\u00e9servoir Matic (3)).<\/p>\n<p>L&rsquo;air remplit les capteurs solaires (4).<\/td>\n<\/tr>\n<\/tbody>\n<\/table>\n<p>Pour r\u00e9pondre aux diff\u00e9rentes contraintes de mise en \u0153uvre, le chauffe-eau SOLAR COMPAQ est livr\u00e9 de s\u00e9rie avec :<\/p>\n<ul>\n<li>une r\u00e9sistance d\u2019appoint pilot\u00e9e (avec interrupteur)<\/li>\n<li>un \u00e9changeur d\u2019appoint en partie haute (pour appoint gaz, fioul, bois\u2026)<\/li>\n<\/ul>\n<p>Le chauffe-eau SOLAR COMPAQ peut atteindre les classes \u00e9nerg\u00e9tiques les plus \u00e9lev\u00e9es.<\/p>\n<p>Selon le type d\u2019appoint principal et la surface de capteurs install\u00e9e.<\/p>\n<p>La r\u00e9gulation solaire conviviale permet un aper\u00e7u rapide des valeurs.<\/p>\n<p>L\u2019enregistrement d\u2019un historique de performance, et le pilotage pr\u00e9cis de l\u2019appoint \u00e9lectrique.<\/p>\n","protected":false},"excerpt":{"rendered":"<p>Le chauffe-eau SOLAR COMPAQ, fabriqu\u00e9 en Mayenne (53), a \u00e9t\u00e9 con\u00e7u pour combiner performance, praticit\u00e9, flexibilit\u00e9, durabilit\u00e9 et esth\u00e9tique, dans un encombrement r\u00e9duit.<\/p>\n","protected":false},"featured_media":1000000168740,"template":"","meta":[],"product_brand":[2833],"product_cat":[2909,3325],"product_tag":[],"class_list":{"0":"post-30319","1":"product","2":"type-product","3":"status-publish","4":"has-post-thumbnail","6":"product_brand-ellios-industrie","7":"product_cat-demande-de-devis-uniquement-sans-prix","8":"product_cat-panneaux-solaires-thermiques","9":"product_shipping_class-petit-equipement-outil-eclairage-2","11":"first","12":"instock","13":"taxable","14":"shipping-taxable","15":"purchasable","16":"product-type-variable"},"yoast_head":"<!-- This site is optimized with the Yoast SEO plugin v27.5 - https:\/\/yoast.com\/product\/yoast-seo-wordpress\/ -->\n<title>Chauffe-eau solaire 2 capteurs V 300L SOLAR COMPAQ MATIC<\/title>\n<meta name=\"description\" content=\"Le chauffe-eau SOLAR COMPAQ, fabriqu\u00e9 en Mayenne (53), a \u00e9t\u00e9 con\u00e7u pour combiner performance, praticit\u00e9, flexibilit\u00e9, durabilit\u00e9 et esth\u00e9tique, dans un encombrement r\u00e9duit.\" \/>\n<meta name=\"robots\" content=\"noindex, nofollow\" \/>\n<meta property=\"og:locale\" content=\"fr_FR\" \/>\n<meta property=\"og:type\" content=\"article\" \/>\n<meta property=\"og:title\" content=\"Chauffe-eau solaire 2 capteurs V 300L SOLAR COMPAQ MATIC\" \/>\n<meta property=\"og:description\" content=\"Le chauffe-eau SOLAR COMPAQ, fabriqu\u00e9 en Mayenne (53), a \u00e9t\u00e9 con\u00e7u pour combiner performance, praticit\u00e9, flexibilit\u00e9, durabilit\u00e9 et esth\u00e9tique, dans un encombrement r\u00e9duit.\" \/>\n<meta property=\"og:url\" content=\"https:\/\/nature-et-developpement.com\/logisain-78\/produit\/chauffe-eau-solaire-2-capteurs-verticaux-300l-solar-compaq-matic\/\" \/>\n<meta property=\"og:site_name\" content=\"LOGISAIN 78 \u2013 Magasin de mat\u00e9riaux biosourc\u00e9s\" \/>\n<meta property=\"article:modified_time\" content=\"2025-10-15T12:30:10+00:00\" \/>\n<meta name=\"twitter:card\" content=\"summary_large_image\" \/>\n<meta name=\"twitter:label1\" content=\"Dur\u00e9e de lecture estim\u00e9e\" \/>\n\t<meta name=\"twitter:data1\" content=\"1 minute\" \/>\n<script type=\"application\/ld+json\" class=\"yoast-schema-graph\">{\"@context\":\"https:\\\/\\\/schema.org\",\"@graph\":[{\"@type\":\"WebPage\",\"@id\":\"https:\\\/\\\/nature-et-developpement.com\\\/logisain-78\\\/produit\\\/chauffe-eau-solaire-2-capteurs-verticaux-300l-solar-compaq-matic\\\/\",\"url\":\"https:\\\/\\\/nature-et-developpement.com\\\/logisain-78\\\/produit\\\/chauffe-eau-solaire-2-capteurs-verticaux-300l-solar-compaq-matic\\\/\",\"name\":\"Chauffe-eau solaire 2 capteurs V 300L SOLAR COMPAQ MATIC\",\"isPartOf\":{\"@id\":\"https:\\\/\\\/nature-et-developpement.com\\\/logisain-78\\\/#website\"},\"primaryImageOfPage\":{\"@id\":\"https:\\\/\\\/nature-et-developpement.com\\\/logisain-78\\\/produit\\\/chauffe-eau-solaire-2-capteurs-verticaux-300l-solar-compaq-matic\\\/#primaryimage\"},\"image\":{\"@id\":\"https:\\\/\\\/nature-et-developpement.com\\\/logisain-78\\\/produit\\\/chauffe-eau-solaire-2-capteurs-verticaux-300l-solar-compaq-matic\\\/#primaryimage\"},\"thumbnailUrl\":\"https:\\\/\\\/nature-et-developpement.com\\\/logisain-78\\\/wp-content\\\/uploads\\\/Chauffe-eau-solaire-2-capteurs-verticaux-300L-SOLAR-COMPAQ-MATIC.jpg\",\"datePublished\":\"2022-04-29T08:48:18+00:00\",\"dateModified\":\"2025-10-15T12:30:10+00:00\",\"description\":\"Le chauffe-eau SOLAR COMPAQ, fabriqu\u00e9 en Mayenne (53), a \u00e9t\u00e9 con\u00e7u pour combiner performance, praticit\u00e9, flexibilit\u00e9, durabilit\u00e9 et esth\u00e9tique, dans un encombrement r\u00e9duit.\",\"breadcrumb\":{\"@id\":\"https:\\\/\\\/nature-et-developpement.com\\\/logisain-78\\\/produit\\\/chauffe-eau-solaire-2-capteurs-verticaux-300l-solar-compaq-matic\\\/#breadcrumb\"},\"inLanguage\":\"fr-FR\",\"potentialAction\":[{\"@type\":\"ReadAction\",\"target\":[\"https:\\\/\\\/nature-et-developpement.com\\\/logisain-78\\\/produit\\\/chauffe-eau-solaire-2-capteurs-verticaux-300l-solar-compaq-matic\\\/\"]}]},{\"@type\":\"ImageObject\",\"inLanguage\":\"fr-FR\",\"@id\":\"https:\\\/\\\/nature-et-developpement.com\\\/logisain-78\\\/produit\\\/chauffe-eau-solaire-2-capteurs-verticaux-300l-solar-compaq-matic\\\/#primaryimage\",\"url\":\"https:\\\/\\\/nature-et-developpement.com\\\/logisain-78\\\/wp-content\\\/uploads\\\/Chauffe-eau-solaire-2-capteurs-verticaux-300L-SOLAR-COMPAQ-MATIC.jpg\",\"contentUrl\":\"https:\\\/\\\/nature-et-developpement.com\\\/logisain-78\\\/wp-content\\\/uploads\\\/Chauffe-eau-solaire-2-capteurs-verticaux-300L-SOLAR-COMPAQ-MATIC.jpg\"},{\"@type\":\"BreadcrumbList\",\"@id\":\"https:\\\/\\\/nature-et-developpement.com\\\/logisain-78\\\/produit\\\/chauffe-eau-solaire-2-capteurs-verticaux-300l-solar-compaq-matic\\\/#breadcrumb\",\"itemListElement\":[{\"@type\":\"ListItem\",\"position\":1,\"name\":\"Accueil\",\"item\":\"https:\\\/\\\/nature-et-developpement.com\\\/logisain-78\\\/\"},{\"@type\":\"ListItem\",\"position\":2,\"name\":\"Produits\",\"item\":\"https:\\\/\\\/nature-et-developpement.com\\\/logisain-78\\\/shop\\\/\"},{\"@type\":\"ListItem\",\"position\":3,\"name\":\"Chauffage, eau et \u00e9nergie\",\"item\":\"https:\\\/\\\/nature-et-developpement.com\\\/logisain-78\\\/produits\\\/energie-et-ventilation\\\/\"},{\"@type\":\"ListItem\",\"position\":4,\"name\":\"Panneaux solaires thermiques\",\"item\":\"https:\\\/\\\/nature-et-developpement.com\\\/logisain-78\\\/produits\\\/energie-et-ventilation\\\/panneaux-solaires-thermiques\\\/\"},{\"@type\":\"ListItem\",\"position\":5,\"name\":\"Chauffe-eau solaire 2 capteurs verticaux 300L SOLAR COMPAQ MATIC\"}]},{\"@type\":\"WebSite\",\"@id\":\"https:\\\/\\\/nature-et-developpement.com\\\/logisain-78\\\/#website\",\"url\":\"https:\\\/\\\/nature-et-developpement.com\\\/logisain-78\\\/\",\"name\":\"LOGISAIN 78 \u2013 Magasin de mat\u00e9riaux biosourc\u00e9s\",\"description\":\"Logisain 78 est membre du groupement Nature &amp; D\u00e9veloppement\",\"publisher\":{\"@id\":\"https:\\\/\\\/nature-et-developpement.com\\\/logisain-78\\\/#organization\"},\"potentialAction\":[{\"@type\":\"SearchAction\",\"target\":{\"@type\":\"EntryPoint\",\"urlTemplate\":\"https:\\\/\\\/nature-et-developpement.com\\\/logisain-78\\\/?s={search_term_string}\"},\"query-input\":{\"@type\":\"PropertyValueSpecification\",\"valueRequired\":true,\"valueName\":\"search_term_string\"}}],\"inLanguage\":\"fr-FR\"},{\"@type\":\"Organization\",\"@id\":\"https:\\\/\\\/nature-et-developpement.com\\\/logisain-78\\\/#organization\",\"name\":\"Logisain 78\",\"url\":\"https:\\\/\\\/nature-et-developpement.com\\\/logisain-78\\\/\",\"logo\":{\"@type\":\"ImageObject\",\"inLanguage\":\"fr-FR\",\"@id\":\"https:\\\/\\\/nature-et-developpement.com\\\/logisain-78\\\/#\\\/schema\\\/logo\\\/image\\\/\",\"url\":\"https:\\\/\\\/nature-et-developpement.com\\\/logisain-78\\\/wp-content\\\/uploads\\\/sites\\\/5\\\/2021\\\/08\\\/logo-logisain.jpg\",\"contentUrl\":\"https:\\\/\\\/nature-et-developpement.com\\\/logisain-78\\\/wp-content\\\/uploads\\\/sites\\\/5\\\/2021\\\/08\\\/logo-logisain.jpg\",\"width\":672,\"height\":455,\"caption\":\"Logisain 78\"},\"image\":{\"@id\":\"https:\\\/\\\/nature-et-developpement.com\\\/logisain-78\\\/#\\\/schema\\\/logo\\\/image\\\/\"}}]}<\/script>\n<!-- \/ Yoast SEO plugin. -->","yoast_head_json":{"title":"Chauffe-eau solaire 2 capteurs V 300L SOLAR COMPAQ MATIC","description":"Le chauffe-eau SOLAR COMPAQ, fabriqu\u00e9 en Mayenne (53), a \u00e9t\u00e9 con\u00e7u pour combiner performance, praticit\u00e9, flexibilit\u00e9, durabilit\u00e9 et esth\u00e9tique, dans un encombrement r\u00e9duit.","robots":{"index":"noindex","follow":"nofollow"},"og_locale":"fr_FR","og_type":"article","og_title":"Chauffe-eau solaire 2 capteurs V 300L SOLAR COMPAQ MATIC","og_description":"Le chauffe-eau SOLAR COMPAQ, fabriqu\u00e9 en Mayenne (53), a \u00e9t\u00e9 con\u00e7u pour combiner performance, praticit\u00e9, flexibilit\u00e9, durabilit\u00e9 et esth\u00e9tique, dans un encombrement r\u00e9duit.","og_url":"https:\/\/nature-et-developpement.com\/logisain-78\/produit\/chauffe-eau-solaire-2-capteurs-verticaux-300l-solar-compaq-matic\/","og_site_name":"LOGISAIN 78 \u2013 Magasin de mat\u00e9riaux biosourc\u00e9s","article_modified_time":"2025-10-15T12:30:10+00:00","twitter_card":"summary_large_image","twitter_misc":{"Dur\u00e9e de lecture estim\u00e9e":"1 minute"},"schema":{"@context":"https:\/\/schema.org","@graph":[{"@type":"WebPage","@id":"https:\/\/nature-et-developpement.com\/logisain-78\/produit\/chauffe-eau-solaire-2-capteurs-verticaux-300l-solar-compaq-matic\/","url":"https:\/\/nature-et-developpement.com\/logisain-78\/produit\/chauffe-eau-solaire-2-capteurs-verticaux-300l-solar-compaq-matic\/","name":"Chauffe-eau solaire 2 capteurs V 300L SOLAR COMPAQ MATIC","isPartOf":{"@id":"https:\/\/nature-et-developpement.com\/logisain-78\/#website"},"primaryImageOfPage":{"@id":"https:\/\/nature-et-developpement.com\/logisain-78\/produit\/chauffe-eau-solaire-2-capteurs-verticaux-300l-solar-compaq-matic\/#primaryimage"},"image":{"@id":"https:\/\/nature-et-developpement.com\/logisain-78\/produit\/chauffe-eau-solaire-2-capteurs-verticaux-300l-solar-compaq-matic\/#primaryimage"},"thumbnailUrl":"https:\/\/nature-et-developpement.com\/logisain-78\/wp-content\/uploads\/Chauffe-eau-solaire-2-capteurs-verticaux-300L-SOLAR-COMPAQ-MATIC.jpg","datePublished":"2022-04-29T08:48:18+00:00","dateModified":"2025-10-15T12:30:10+00:00","description":"Le chauffe-eau SOLAR COMPAQ, fabriqu\u00e9 en Mayenne (53), a \u00e9t\u00e9 con\u00e7u pour combiner performance, praticit\u00e9, flexibilit\u00e9, durabilit\u00e9 et esth\u00e9tique, dans un encombrement r\u00e9duit.","breadcrumb":{"@id":"https:\/\/nature-et-developpement.com\/logisain-78\/produit\/chauffe-eau-solaire-2-capteurs-verticaux-300l-solar-compaq-matic\/#breadcrumb"},"inLanguage":"fr-FR","potentialAction":[{"@type":"ReadAction","target":["https:\/\/nature-et-developpement.com\/logisain-78\/produit\/chauffe-eau-solaire-2-capteurs-verticaux-300l-solar-compaq-matic\/"]}]},{"@type":"ImageObject","inLanguage":"fr-FR","@id":"https:\/\/nature-et-developpement.com\/logisain-78\/produit\/chauffe-eau-solaire-2-capteurs-verticaux-300l-solar-compaq-matic\/#primaryimage","url":"https:\/\/nature-et-developpement.com\/logisain-78\/wp-content\/uploads\/Chauffe-eau-solaire-2-capteurs-verticaux-300L-SOLAR-COMPAQ-MATIC.jpg","contentUrl":"https:\/\/nature-et-developpement.com\/logisain-78\/wp-content\/uploads\/Chauffe-eau-solaire-2-capteurs-verticaux-300L-SOLAR-COMPAQ-MATIC.jpg"},{"@type":"BreadcrumbList","@id":"https:\/\/nature-et-developpement.com\/logisain-78\/produit\/chauffe-eau-solaire-2-capteurs-verticaux-300l-solar-compaq-matic\/#breadcrumb","itemListElement":[{"@type":"ListItem","position":1,"name":"Accueil","item":"https:\/\/nature-et-developpement.com\/logisain-78\/"},{"@type":"ListItem","position":2,"name":"Produits","item":"https:\/\/nature-et-developpement.com\/logisain-78\/shop\/"},{"@type":"ListItem","position":3,"name":"Chauffage, eau et \u00e9nergie","item":"https:\/\/nature-et-developpement.com\/logisain-78\/produits\/energie-et-ventilation\/"},{"@type":"ListItem","position":4,"name":"Panneaux solaires thermiques","item":"https:\/\/nature-et-developpement.com\/logisain-78\/produits\/energie-et-ventilation\/panneaux-solaires-thermiques\/"},{"@type":"ListItem","position":5,"name":"Chauffe-eau solaire 2 capteurs verticaux 300L SOLAR COMPAQ MATIC"}]},{"@type":"WebSite","@id":"https:\/\/nature-et-developpement.com\/logisain-78\/#website","url":"https:\/\/nature-et-developpement.com\/logisain-78\/","name":"LOGISAIN 78 \u2013 Magasin de mat\u00e9riaux biosourc\u00e9s","description":"Logisain 78 est membre du groupement Nature &amp; D\u00e9veloppement","publisher":{"@id":"https:\/\/nature-et-developpement.com\/logisain-78\/#organization"},"potentialAction":[{"@type":"SearchAction","target":{"@type":"EntryPoint","urlTemplate":"https:\/\/nature-et-developpement.com\/logisain-78\/?s={search_term_string}"},"query-input":{"@type":"PropertyValueSpecification","valueRequired":true,"valueName":"search_term_string"}}],"inLanguage":"fr-FR"},{"@type":"Organization","@id":"https:\/\/nature-et-developpement.com\/logisain-78\/#organization","name":"Logisain 78","url":"https:\/\/nature-et-developpement.com\/logisain-78\/","logo":{"@type":"ImageObject","inLanguage":"fr-FR","@id":"https:\/\/nature-et-developpement.com\/logisain-78\/#\/schema\/logo\/image\/","url":"https:\/\/nature-et-developpement.com\/logisain-78\/wp-content\/uploads\/sites\/5\/2021\/08\/logo-logisain.jpg","contentUrl":"https:\/\/nature-et-developpement.com\/logisain-78\/wp-content\/uploads\/sites\/5\/2021\/08\/logo-logisain.jpg","width":672,"height":455,"caption":"Logisain 78"},"image":{"@id":"https:\/\/nature-et-developpement.com\/logisain-78\/#\/schema\/logo\/image\/"}}]}},"distributor_meta":false,"distributor_terms":false,"distributor_media":false,"distributor_original_site_name":"LOGISAIN 78 \u2013 Magasin de mat\u00e9riaux biosourc\u00e9s","distributor_original_site_url":"https:\/\/nature-et-developpement.com\/logisain-78","push-errors":false,"_links":{"self":[{"href":"https:\/\/nature-et-developpement.com\/logisain-78\/wp-json\/wp\/v2\/product\/30319","targetHints":{"allow":["GET"]}}],"collection":[{"href":"https:\/\/nature-et-developpement.com\/logisain-78\/wp-json\/wp\/v2\/product"}],"about":[{"href":"https:\/\/nature-et-developpement.com\/logisain-78\/wp-json\/wp\/v2\/types\/product"}],"wp:featuredmedia":[{"embeddable":true,"href":"https:\/\/nature-et-developpement.com\/logisain-78\/wp-json\/"}],"wp:attachment":[{"href":"https:\/\/nature-et-developpement.com\/logisain-78\/wp-json\/wp\/v2\/media?parent=30319"}],"wp:term":[{"taxonomy":"product_brand","embeddable":true,"href":"https:\/\/nature-et-developpement.com\/logisain-78\/wp-json\/wp\/v2\/product_brand?post=30319"},{"taxonomy":"product_cat","embeddable":true,"href":"https:\/\/nature-et-developpement.com\/logisain-78\/wp-json\/wp\/v2\/product_cat?post=30319"},{"taxonomy":"product_tag","embeddable":true,"href":"https:\/\/nature-et-developpement.com\/logisain-78\/wp-json\/wp\/v2\/product_tag?post=30319"}],"curies":[{"name":"wp","href":"https:\/\/api.w.org\/{rel}","templated":true}]}}