{"id":30455,"date":"2024-07-13T09:42:28","date_gmt":"2024-07-13T07:42:28","guid":{"rendered":"https:\/\/nature-et-developpement.com\/logisain-78\/?post_type=product&#038;p=30455"},"modified":"2025-06-12T16:58:37","modified_gmt":"2025-06-12T14:58:37","slug":"gaines-blindes-flexaray-de-courant","status":"publish","type":"product","link":"https:\/\/nature-et-developpement.com\/logisain-78\/produit\/gaines-blindes-flexaray-de-courant\/","title":{"rendered":"Gaine blind\u00e9e FLEXARAY+ COURANT att\u00e9nue 99% des ondes n\u00e9fastes"},"content":{"rendered":"<h2>Flexaray prot\u00e8ge des rayonnements \u00e9lectriques et att\u00e9nue 99% des rayonnements \u00e9lectromagn\u00e9tiques<\/h2>\n<p>Nous vivons \u00e9quip\u00e9s d&rsquo;appareils qui nous facilitent la vie mais dont on ignore l&rsquo;impact sur notre organisme et notre sant\u00e9 lorsqu\u2019ils \u00e9mettent des rayonnements basse fr\u00e9quence.<\/p>\n<p>Il convient donc, par pr\u00e9caution, d&rsquo;agir pour pr\u00e9server notre sant\u00e9.<\/p>\n<p>Cette gaine \u00e9lectrique blind\u00e9e prot\u00e8ge les b\u00e2timents des ondes \u00e9lectriques et \u00e9lectromagn\u00e9tiques.<\/p>\n<p>Elle se pose en montage apparent ou encastr\u00e9 dans les installations \u00e9lectriques des b\u00e2timents d\u2019habitation.<\/p>\n<p>La gaine blind\u00e9e flexaray est \u00e9galement adapt\u00e9e \u00e0 une utilisation pour le b\u00e9ton pr\u00e9fabriqu\u00e9.<\/p>\n<p>Ce fourreau \u00e9lectrique de protection contre les ondes \u00e9lectriques et \u00e9lectromagn\u00e9tiques est vendu avec des boites d&rsquo;encastrement faradis\u00e9es.<\/p>\n<p>Ainsi, le syst\u00e8me flexaray permet de neutraliser 99 % des champs \u00e9lectriques rayonn\u00e9s.<\/p>\n<p>Le syst\u00e8me flexaray se compose d&rsquo;une gaine blind\u00e9e annel\u00e9e abritant un fil neutre et une phase torsad\u00e9s ensemble, ainsi qu&rsquo;un fil de terre et un semi-conducteur.<\/p>\n<p>Il en r\u00e9sulte un fourreau \u00e9lectrique de protection des champs \u00e9lectriques et \u00e9lectromagn\u00e9tiques efficace \u00e0 plus de 99 %.<\/p>\n<p>La soci\u00e9t\u00e9 COURANT, entreprise familiale sp\u00e9cialis\u00e9e depuis plus de 50 ans dans la fabrication de gaines \u00e9lectriques, a imagin\u00e9 une solution permettant de rendre l&rsquo;habitation plus saine.<\/p>\n<div class=\"col_box\">\n<h4 align=\"left\">UN SYSTEME : 2 marques et des accessoires<\/h4>\n<div align=\"left\">\n<ul>\n<li>FLEX-A-RAY , gaine anti-rayonnement \u00e9lectrique<\/li>\n<li>PREFIL\u2019ZEN , gaine pr\u00e9fil\u00e9e anti-rayonnement \u00e9lectromagn\u00e9tique<\/li>\n<li>Accessoires : boite \u00e9tanche, peinture faradis\u00e9e, bouchon RT, &#8230; (sur demande)<\/li>\n<\/ul>\n<p>Mati\u00e8re : Polyol\u00e9fines<\/p>\n<p>Couleur : bleu<\/p>\n<p>Plage de temp\u00e9rature d\u2019utilisation : en r\u00e9gime permanent de -5\u00b0C \u00e0 90\u00b0C<\/p>\n<p><strong>R\u00e9sistances:<\/strong><\/p>\n<ul>\n<li>\u00e0 l\u2019\u00e9crasement : 750N \u00e0 23\u00b0C(\u00b1 2\u00b0C)<\/li>\n<li>aux chocs : 6 joules \u00e0 -5\u00b0C<\/li>\n<li>isolement: \u2264100\u03a9 sous une tension de 500V continue<\/li>\n<\/ul>\n<p>Non propagateur de la flamme : Test br\u00fbleur 1Kw<\/p>\n<p>R\u00e9sistance \u00e0 la chaleur : 90\u00b0C(\u00b1 2\u00b0C) pendant 4 heures puis sous une charge de 2 kg durant 24 heures \u00e0 la m\u00eame temp\u00e9rature.<\/p>\n<p><strong>\u00c9tanch\u00e9it\u00e9: homologu\u00e9 IP 44.<\/strong><\/p>\n<\/div>\n<\/div>\n","protected":false},"excerpt":{"rendered":"<p>La gaine FLEX A RAY permet de diminuer plus de 99% le champ \u00e9lectrique.<\/p>\n","protected":false},"featured_media":1000000168905,"template":"","meta":[],"product_brand":[2831],"product_cat":[2646,295,134,1852],"product_tag":[4344],"class_list":{"0":"post-30455","1":"product","2":"type-product","3":"status-publish","4":"has-post-thumbnail","6":"product_brand-courant","7":"product_cat-accessoires","8":"product_cat-accessoires-construction","9":"product_cat-accessoires-isolation-et-etancheite","10":"product_cat-bio-electricite","11":"product_tag-bioelectricite","12":"product_shipping_class-petit-equipement-outil-eclairage","14":"first","15":"instock","16":"sale","17":"taxable","18":"shipping-taxable","19":"purchasable","20":"product-type-variable"},"yoast_head":"<!-- This site is optimized with the Yoast SEO plugin v27.5 - https:\/\/yoast.com\/product\/yoast-seo-wordpress\/ -->\n<title>Gaine blind\u00e9e FLEXARAY+ COURANT att\u00e9nue 99% des ondes<\/title>\n<meta name=\"description\" content=\"La gaine FLEX A RAY permet de diminuer plus de 99% le champ \u00e9lectrique.\" \/>\n<meta name=\"robots\" content=\"noindex, follow\" \/>\n<meta property=\"og:locale\" content=\"fr_FR\" \/>\n<meta property=\"og:type\" content=\"article\" \/>\n<meta property=\"og:title\" content=\"Gaine blind\u00e9e FLEXARAY+ COURANT att\u00e9nue 99% des ondes\" \/>\n<meta property=\"og:description\" content=\"La gaine FLEX A RAY permet de diminuer plus de 99% le champ \u00e9lectrique.\" \/>\n<meta property=\"og:url\" content=\"https:\/\/nature-et-developpement.com\/logisain-78\/produit\/gaines-blindes-flexaray-de-courant\/\" \/>\n<meta property=\"og:site_name\" content=\"LOGISAIN 78 \u2013 Magasin de mat\u00e9riaux biosourc\u00e9s\" \/>\n<meta property=\"article:modified_time\" content=\"2025-06-12T14:58:37+00:00\" \/>\n<meta name=\"twitter:card\" content=\"summary_large_image\" \/>\n<meta name=\"twitter:label1\" content=\"Dur\u00e9e de lecture estim\u00e9e\" \/>\n\t<meta name=\"twitter:data1\" content=\"2 minutes\" \/>\n<script type=\"application\/ld+json\" class=\"yoast-schema-graph\">{\"@context\":\"https:\\\/\\\/schema.org\",\"@graph\":[{\"@type\":\"WebPage\",\"@id\":\"https:\\\/\\\/nature-et-developpement.com\\\/logisain-78\\\/produit\\\/gaines-blindes-flexaray-de-courant\\\/\",\"url\":\"https:\\\/\\\/nature-et-developpement.com\\\/logisain-78\\\/produit\\\/gaines-blindes-flexaray-de-courant\\\/\",\"name\":\"Gaine blind\u00e9e FLEXARAY+ COURANT att\u00e9nue 99% des ondes\",\"isPartOf\":{\"@id\":\"https:\\\/\\\/nature-et-developpement.com\\\/logisain-78\\\/#website\"},\"primaryImageOfPage\":{\"@id\":\"https:\\\/\\\/nature-et-developpement.com\\\/logisain-78\\\/produit\\\/gaines-blindes-flexaray-de-courant\\\/#primaryimage\"},\"image\":{\"@id\":\"https:\\\/\\\/nature-et-developpement.com\\\/logisain-78\\\/produit\\\/gaines-blindes-flexaray-de-courant\\\/#primaryimage\"},\"thumbnailUrl\":\"https:\\\/\\\/nature-et-developpement.com\\\/logisain-78\\\/wp-content\\\/uploads\\\/Gaine-blindee-FLEXARAY-de-CORANT-attenue-99-des-ondes-nefastes.jpg\",\"datePublished\":\"2024-07-13T07:42:28+00:00\",\"dateModified\":\"2025-06-12T14:58:37+00:00\",\"description\":\"La gaine FLEX A RAY permet de diminuer plus de 99% le champ \u00e9lectrique.\",\"breadcrumb\":{\"@id\":\"https:\\\/\\\/nature-et-developpement.com\\\/logisain-78\\\/produit\\\/gaines-blindes-flexaray-de-courant\\\/#breadcrumb\"},\"inLanguage\":\"fr-FR\",\"potentialAction\":[{\"@type\":\"ReadAction\",\"target\":[\"https:\\\/\\\/nature-et-developpement.com\\\/logisain-78\\\/produit\\\/gaines-blindes-flexaray-de-courant\\\/\"]}]},{\"@type\":\"ImageObject\",\"inLanguage\":\"fr-FR\",\"@id\":\"https:\\\/\\\/nature-et-developpement.com\\\/logisain-78\\\/produit\\\/gaines-blindes-flexaray-de-courant\\\/#primaryimage\",\"url\":\"https:\\\/\\\/nature-et-developpement.com\\\/logisain-78\\\/wp-content\\\/uploads\\\/Gaine-blindee-FLEXARAY-de-CORANT-attenue-99-des-ondes-nefastes.jpg\",\"contentUrl\":\"https:\\\/\\\/nature-et-developpement.com\\\/logisain-78\\\/wp-content\\\/uploads\\\/Gaine-blindee-FLEXARAY-de-CORANT-attenue-99-des-ondes-nefastes.jpg\"},{\"@type\":\"BreadcrumbList\",\"@id\":\"https:\\\/\\\/nature-et-developpement.com\\\/logisain-78\\\/produit\\\/gaines-blindes-flexaray-de-courant\\\/#breadcrumb\",\"itemListElement\":[{\"@type\":\"ListItem\",\"position\":1,\"name\":\"Accueil\",\"item\":\"https:\\\/\\\/nature-et-developpement.com\\\/logisain-78\\\/\"},{\"@type\":\"ListItem\",\"position\":2,\"name\":\"Produits\",\"item\":\"https:\\\/\\\/nature-et-developpement.com\\\/logisain-78\\\/shop\\\/\"},{\"@type\":\"ListItem\",\"position\":3,\"name\":\"Construction, cloison et fen\u00eatres\",\"item\":\"https:\\\/\\\/nature-et-developpement.com\\\/logisain-78\\\/produits\\\/construction\\\/\"},{\"@type\":\"ListItem\",\"position\":4,\"name\":\"Accessoires construction\",\"item\":\"https:\\\/\\\/nature-et-developpement.com\\\/logisain-78\\\/produits\\\/construction\\\/accessoires-construction\\\/\"},{\"@type\":\"ListItem\",\"position\":5,\"name\":\"Gaine blind\u00e9e FLEXARAY+ COURANT att\u00e9nue 99% des ondes n\u00e9fastes\"}]},{\"@type\":\"WebSite\",\"@id\":\"https:\\\/\\\/nature-et-developpement.com\\\/logisain-78\\\/#website\",\"url\":\"https:\\\/\\\/nature-et-developpement.com\\\/logisain-78\\\/\",\"name\":\"LOGISAIN 78 \u2013 Magasin de mat\u00e9riaux biosourc\u00e9s\",\"description\":\"Logisain 78 est membre du groupement Nature &amp; D\u00e9veloppement\",\"publisher\":{\"@id\":\"https:\\\/\\\/nature-et-developpement.com\\\/logisain-78\\\/#organization\"},\"potentialAction\":[{\"@type\":\"SearchAction\",\"target\":{\"@type\":\"EntryPoint\",\"urlTemplate\":\"https:\\\/\\\/nature-et-developpement.com\\\/logisain-78\\\/?s={search_term_string}\"},\"query-input\":{\"@type\":\"PropertyValueSpecification\",\"valueRequired\":true,\"valueName\":\"search_term_string\"}}],\"inLanguage\":\"fr-FR\"},{\"@type\":\"Organization\",\"@id\":\"https:\\\/\\\/nature-et-developpement.com\\\/logisain-78\\\/#organization\",\"name\":\"Logisain 78\",\"url\":\"https:\\\/\\\/nature-et-developpement.com\\\/logisain-78\\\/\",\"logo\":{\"@type\":\"ImageObject\",\"inLanguage\":\"fr-FR\",\"@id\":\"https:\\\/\\\/nature-et-developpement.com\\\/logisain-78\\\/#\\\/schema\\\/logo\\\/image\\\/\",\"url\":\"https:\\\/\\\/nature-et-developpement.com\\\/logisain-78\\\/wp-content\\\/uploads\\\/sites\\\/5\\\/2021\\\/08\\\/logo-logisain.jpg\",\"contentUrl\":\"https:\\\/\\\/nature-et-developpement.com\\\/logisain-78\\\/wp-content\\\/uploads\\\/sites\\\/5\\\/2021\\\/08\\\/logo-logisain.jpg\",\"width\":672,\"height\":455,\"caption\":\"Logisain 78\"},\"image\":{\"@id\":\"https:\\\/\\\/nature-et-developpement.com\\\/logisain-78\\\/#\\\/schema\\\/logo\\\/image\\\/\"}}]}<\/script>\n<!-- \/ Yoast SEO plugin. -->","yoast_head_json":{"title":"Gaine blind\u00e9e FLEXARAY+ COURANT att\u00e9nue 99% des ondes","description":"La gaine FLEX A RAY permet de diminuer plus de 99% le champ \u00e9lectrique.","robots":{"index":"noindex","follow":"follow"},"og_locale":"fr_FR","og_type":"article","og_title":"Gaine blind\u00e9e FLEXARAY+ COURANT att\u00e9nue 99% des ondes","og_description":"La gaine FLEX A RAY permet de diminuer plus de 99% le champ \u00e9lectrique.","og_url":"https:\/\/nature-et-developpement.com\/logisain-78\/produit\/gaines-blindes-flexaray-de-courant\/","og_site_name":"LOGISAIN 78 \u2013 Magasin de mat\u00e9riaux biosourc\u00e9s","article_modified_time":"2025-06-12T14:58:37+00:00","twitter_card":"summary_large_image","twitter_misc":{"Dur\u00e9e de lecture estim\u00e9e":"2 minutes"},"schema":{"@context":"https:\/\/schema.org","@graph":[{"@type":"WebPage","@id":"https:\/\/nature-et-developpement.com\/logisain-78\/produit\/gaines-blindes-flexaray-de-courant\/","url":"https:\/\/nature-et-developpement.com\/logisain-78\/produit\/gaines-blindes-flexaray-de-courant\/","name":"Gaine blind\u00e9e FLEXARAY+ COURANT att\u00e9nue 99% des ondes","isPartOf":{"@id":"https:\/\/nature-et-developpement.com\/logisain-78\/#website"},"primaryImageOfPage":{"@id":"https:\/\/nature-et-developpement.com\/logisain-78\/produit\/gaines-blindes-flexaray-de-courant\/#primaryimage"},"image":{"@id":"https:\/\/nature-et-developpement.com\/logisain-78\/produit\/gaines-blindes-flexaray-de-courant\/#primaryimage"},"thumbnailUrl":"https:\/\/nature-et-developpement.com\/logisain-78\/wp-content\/uploads\/Gaine-blindee-FLEXARAY-de-CORANT-attenue-99-des-ondes-nefastes.jpg","datePublished":"2024-07-13T07:42:28+00:00","dateModified":"2025-06-12T14:58:37+00:00","description":"La gaine FLEX A RAY permet de diminuer plus de 99% le champ \u00e9lectrique.","breadcrumb":{"@id":"https:\/\/nature-et-developpement.com\/logisain-78\/produit\/gaines-blindes-flexaray-de-courant\/#breadcrumb"},"inLanguage":"fr-FR","potentialAction":[{"@type":"ReadAction","target":["https:\/\/nature-et-developpement.com\/logisain-78\/produit\/gaines-blindes-flexaray-de-courant\/"]}]},{"@type":"ImageObject","inLanguage":"fr-FR","@id":"https:\/\/nature-et-developpement.com\/logisain-78\/produit\/gaines-blindes-flexaray-de-courant\/#primaryimage","url":"https:\/\/nature-et-developpement.com\/logisain-78\/wp-content\/uploads\/Gaine-blindee-FLEXARAY-de-CORANT-attenue-99-des-ondes-nefastes.jpg","contentUrl":"https:\/\/nature-et-developpement.com\/logisain-78\/wp-content\/uploads\/Gaine-blindee-FLEXARAY-de-CORANT-attenue-99-des-ondes-nefastes.jpg"},{"@type":"BreadcrumbList","@id":"https:\/\/nature-et-developpement.com\/logisain-78\/produit\/gaines-blindes-flexaray-de-courant\/#breadcrumb","itemListElement":[{"@type":"ListItem","position":1,"name":"Accueil","item":"https:\/\/nature-et-developpement.com\/logisain-78\/"},{"@type":"ListItem","position":2,"name":"Produits","item":"https:\/\/nature-et-developpement.com\/logisain-78\/shop\/"},{"@type":"ListItem","position":3,"name":"Construction, cloison et fen\u00eatres","item":"https:\/\/nature-et-developpement.com\/logisain-78\/produits\/construction\/"},{"@type":"ListItem","position":4,"name":"Accessoires construction","item":"https:\/\/nature-et-developpement.com\/logisain-78\/produits\/construction\/accessoires-construction\/"},{"@type":"ListItem","position":5,"name":"Gaine blind\u00e9e FLEXARAY+ COURANT att\u00e9nue 99% des ondes n\u00e9fastes"}]},{"@type":"WebSite","@id":"https:\/\/nature-et-developpement.com\/logisain-78\/#website","url":"https:\/\/nature-et-developpement.com\/logisain-78\/","name":"LOGISAIN 78 \u2013 Magasin de mat\u00e9riaux biosourc\u00e9s","description":"Logisain 78 est membre du groupement Nature &amp; D\u00e9veloppement","publisher":{"@id":"https:\/\/nature-et-developpement.com\/logisain-78\/#organization"},"potentialAction":[{"@type":"SearchAction","target":{"@type":"EntryPoint","urlTemplate":"https:\/\/nature-et-developpement.com\/logisain-78\/?s={search_term_string}"},"query-input":{"@type":"PropertyValueSpecification","valueRequired":true,"valueName":"search_term_string"}}],"inLanguage":"fr-FR"},{"@type":"Organization","@id":"https:\/\/nature-et-developpement.com\/logisain-78\/#organization","name":"Logisain 78","url":"https:\/\/nature-et-developpement.com\/logisain-78\/","logo":{"@type":"ImageObject","inLanguage":"fr-FR","@id":"https:\/\/nature-et-developpement.com\/logisain-78\/#\/schema\/logo\/image\/","url":"https:\/\/nature-et-developpement.com\/logisain-78\/wp-content\/uploads\/sites\/5\/2021\/08\/logo-logisain.jpg","contentUrl":"https:\/\/nature-et-developpement.com\/logisain-78\/wp-content\/uploads\/sites\/5\/2021\/08\/logo-logisain.jpg","width":672,"height":455,"caption":"Logisain 78"},"image":{"@id":"https:\/\/nature-et-developpement.com\/logisain-78\/#\/schema\/logo\/image\/"}}]}},"distributor_meta":false,"distributor_terms":false,"distributor_media":false,"distributor_original_site_name":"LOGISAIN 78 \u2013 Magasin de mat\u00e9riaux biosourc\u00e9s","distributor_original_site_url":"https:\/\/nature-et-developpement.com\/logisain-78","push-errors":false,"_links":{"self":[{"href":"https:\/\/nature-et-developpement.com\/logisain-78\/wp-json\/wp\/v2\/product\/30455","targetHints":{"allow":["GET"]}}],"collection":[{"href":"https:\/\/nature-et-developpement.com\/logisain-78\/wp-json\/wp\/v2\/product"}],"about":[{"href":"https:\/\/nature-et-developpement.com\/logisain-78\/wp-json\/wp\/v2\/types\/product"}],"wp:featuredmedia":[{"embeddable":true,"href":"https:\/\/nature-et-developpement.com\/logisain-78\/wp-json\/"}],"wp:attachment":[{"href":"https:\/\/nature-et-developpement.com\/logisain-78\/wp-json\/wp\/v2\/media?parent=30455"}],"wp:term":[{"taxonomy":"product_brand","embeddable":true,"href":"https:\/\/nature-et-developpement.com\/logisain-78\/wp-json\/wp\/v2\/product_brand?post=30455"},{"taxonomy":"product_cat","embeddable":true,"href":"https:\/\/nature-et-developpement.com\/logisain-78\/wp-json\/wp\/v2\/product_cat?post=30455"},{"taxonomy":"product_tag","embeddable":true,"href":"https:\/\/nature-et-developpement.com\/logisain-78\/wp-json\/wp\/v2\/product_tag?post=30455"}],"curies":[{"name":"wp","href":"https:\/\/api.w.org\/{rel}","templated":true}]}}