{"id":30589,"date":"2022-06-03T11:14:40","date_gmt":"2022-06-03T09:14:40","guid":{"rendered":"https:\/\/nature-et-developpement.com\/logisain-78\/?post_type=product&#038;p=30589"},"modified":"2025-06-12T16:58:38","modified_gmt":"2025-06-12T14:58:38","slug":"vis-inox-terrasse-heco-topix-plus-tete-fraisee-bombee-avec-filet-sous-tete","status":"publish","type":"product","link":"https:\/\/nature-et-developpement.com\/logisain-78\/produit\/vis-inox-terrasse-heco-topix-plus-tete-fraisee-bombee-avec-filet-sous-tete\/","title":{"rendered":"Vis inox terrasse HECO-TOPIX-plus t\u00eate frais\u00e9e bomb\u00e9e avec filet sous t\u00eate"},"content":{"rendered":"<h2>Quelles vis pour terrasse bois?<\/h2>\n<p>Les terrasses en bois sont particuli\u00e8rement appr\u00e9ci\u00e9es pour leur atmosph\u00e8re chaleureuse.<\/p>\n<p>Pour la fixation des planches, le fabricant de vis HECO pr\u00e9conise la gamme de vis HECO-TOPIX-plus pour rev\u00eatement de terrasse avec filetage sous t\u00eate en acier inoxydable.<\/p>\n<p>Con\u00e7ue sp\u00e9cialement pour le travail du bois en ext\u00e9rieur, elle permet de r\u00e9aliser le montage rapidement et sans fatigue.<\/p>\n<p>Elle est en outre la garantie d&rsquo;un assemblage fiable et durable.<\/p>\n<h3>Les avantages de cette vis<\/h3>\n<ul>\n<li>La pointe de la vis HECO-TOPIX rend le per\u00e7age d\u2019avant-trous inutile, r\u00e9duit le risque de fissuration du bois et permet une mise en \u0153uvre \u00e0 proximit\u00e9 des bords et des entraxes minimes.<\/li>\n<li>Petite t\u00eate frais\u00e9e bomb\u00e9e pour une noyure ais\u00e9e et des points de montage esth\u00e9tiques<\/li>\n<li>Filetage sous t\u00eate pour un maintien optimal de la lame de bois ce qui \u00e9vite les bruits de craquement<\/li>\n<li>GripFit\u00a0: empreinte HECO-Drive pour le travail d\u2019une seule main. Maintient \u00e9galement les vis en acier inoxydable solidement fix\u00e9es sur l\u2019embout.<\/li>\n<li>Utilisation dans des bois durs possible (pr\u00e9-per\u00e7age conseill\u00e9)<\/li>\n<li>Rev\u00eatent sp\u00e9cial pour un faible couple de vissage et un d\u00e9vissage facile<\/li>\n<li>Acier inoxydable A2 et A4 (disponible sur demande) pour l\u2019emploi en milieux ext\u00e9rieurs<\/li>\n<li><\/li>\n<\/ul>\n<p><img loading=\"lazy\" decoding=\"async\" class=\"alignnone wp-image-169106 size-full\" src=\"https:\/\/nature-et-developpement.com\/wp-content\/uploads\/Vis-inox-terrasse-HECO-TOPIX-plus-tete-fraisee-bombee-avec-filet-sous-tete-detail.jpg\" alt=\"\" width=\"600\" height=\"777\" \/><\/p>\n","protected":false},"excerpt":{"rendered":"<p>La vis HECO-TOPIX-plus inox pour terrasse est une solution plus s\u00fbre et plus durable.<br \/>\nSa petite t\u00eate bomb\u00e9e et son filetage sous t\u00eate assure un maintien optimal de la lame de bois ce qui \u00e9vite les bruits de craquement.<\/p>\n<p>L&#8217;empreinte HECO-Drive, et ces\u00a0embouts d\u00e9di\u00e9s, vous permettes un travail d\u2019une seule main (m\u00eame pour les vis inox).<\/p>\n","protected":false},"featured_media":1000000169105,"template":"","meta":[],"product_brand":[2843],"product_cat":[615,295,168,616],"product_tag":[4161],"class_list":{"0":"post-30589","1":"product","2":"type-product","3":"status-publish","4":"has-post-thumbnail","6":"product_brand-heco","7":"product_cat-accessoires-agencement-exterieur","8":"product_cat-accessoires-construction","9":"product_cat-terrasses","10":"product_cat-visserie","11":"product_tag-terrasse","12":"product_shipping_class-petit-equipement-outil-eclairage","14":"first","15":"instock","16":"taxable","17":"shipping-taxable","18":"purchasable","19":"product-type-variable"},"yoast_head":"<!-- This site is optimized with the Yoast SEO plugin v27.5 - https:\/\/yoast.com\/product\/yoast-seo-wordpress\/ -->\n<title>Vis pour planchers bois HECO-TOPIX-plus inox t\u00eate frais\u00e9e bomb\u00e9e<\/title>\n<meta name=\"description\" content=\"La vis HECO-TOPIX-plus inox pour terrasse est une solution plus s\u00fbre et plus durable. Sa petite t\u00eate bomb\u00e9e et son filetage sous t\u00eate assure un maintien optimal de la lame de bois ce qui \u00e9vite les bruits de craquement.  L&#039;empreinte HECO-Drive, et ces\u00a0embouts d\u00e9di\u00e9s, vous permettes un travail d\u2019une seule main (m\u00eame pour les vis inox).\" \/>\n<meta name=\"robots\" content=\"noindex, follow\" \/>\n<meta property=\"og:locale\" content=\"fr_FR\" \/>\n<meta property=\"og:type\" content=\"article\" \/>\n<meta property=\"og:title\" content=\"Vis pour planchers bois HECO-TOPIX-plus inox t\u00eate frais\u00e9e bomb\u00e9e\" \/>\n<meta property=\"og:description\" content=\"La vis HECO-TOPIX-plus inox pour terrasse est une solution plus s\u00fbre et plus durable. Sa petite t\u00eate bomb\u00e9e et son filetage sous t\u00eate assure un maintien optimal de la lame de bois ce qui \u00e9vite les bruits de craquement.  L&#039;empreinte HECO-Drive, et ces\u00a0embouts d\u00e9di\u00e9s, vous permettes un travail d\u2019une seule main (m\u00eame pour les vis inox).\" \/>\n<meta property=\"og:url\" content=\"https:\/\/nature-et-developpement.com\/logisain-78\/produit\/vis-inox-terrasse-heco-topix-plus-tete-fraisee-bombee-avec-filet-sous-tete\/\" \/>\n<meta property=\"og:site_name\" content=\"LOGISAIN 78 \u2013 Magasin de mat\u00e9riaux biosourc\u00e9s\" \/>\n<meta property=\"article:modified_time\" content=\"2025-06-12T14:58:38+00:00\" \/>\n<meta name=\"twitter:card\" content=\"summary_large_image\" \/>\n<meta name=\"twitter:label1\" content=\"Dur\u00e9e de lecture estim\u00e9e\" \/>\n\t<meta name=\"twitter:data1\" content=\"2 minutes\" \/>\n<script type=\"application\/ld+json\" class=\"yoast-schema-graph\">{\"@context\":\"https:\\\/\\\/schema.org\",\"@graph\":[{\"@type\":\"WebPage\",\"@id\":\"https:\\\/\\\/nature-et-developpement.com\\\/logisain-78\\\/produit\\\/vis-inox-terrasse-heco-topix-plus-tete-fraisee-bombee-avec-filet-sous-tete\\\/\",\"url\":\"https:\\\/\\\/nature-et-developpement.com\\\/logisain-78\\\/produit\\\/vis-inox-terrasse-heco-topix-plus-tete-fraisee-bombee-avec-filet-sous-tete\\\/\",\"name\":\"Vis pour planchers bois HECO-TOPIX-plus inox t\u00eate frais\u00e9e bomb\u00e9e\",\"isPartOf\":{\"@id\":\"https:\\\/\\\/nature-et-developpement.com\\\/logisain-78\\\/#website\"},\"primaryImageOfPage\":{\"@id\":\"https:\\\/\\\/nature-et-developpement.com\\\/logisain-78\\\/produit\\\/vis-inox-terrasse-heco-topix-plus-tete-fraisee-bombee-avec-filet-sous-tete\\\/#primaryimage\"},\"image\":{\"@id\":\"https:\\\/\\\/nature-et-developpement.com\\\/logisain-78\\\/produit\\\/vis-inox-terrasse-heco-topix-plus-tete-fraisee-bombee-avec-filet-sous-tete\\\/#primaryimage\"},\"thumbnailUrl\":\"https:\\\/\\\/nature-et-developpement.com\\\/logisain-78\\\/wp-content\\\/uploads\\\/Vis-inox-terrasse-HECO-TOPIX-plus-tete-fraisee-bombee-avec-filet-sous-tete.jpg\",\"datePublished\":\"2022-06-03T09:14:40+00:00\",\"dateModified\":\"2025-06-12T14:58:38+00:00\",\"description\":\"La vis HECO-TOPIX-plus inox pour terrasse est une solution plus s\u00fbre et plus durable. Sa petite t\u00eate bomb\u00e9e et son filetage sous t\u00eate assure un maintien optimal de la lame de bois ce qui \u00e9vite les bruits de craquement. L'empreinte HECO-Drive, et ces\u00a0embouts d\u00e9di\u00e9s, vous permettes un travail d\u2019une seule main (m\u00eame pour les vis inox).\",\"breadcrumb\":{\"@id\":\"https:\\\/\\\/nature-et-developpement.com\\\/logisain-78\\\/produit\\\/vis-inox-terrasse-heco-topix-plus-tete-fraisee-bombee-avec-filet-sous-tete\\\/#breadcrumb\"},\"inLanguage\":\"fr-FR\",\"potentialAction\":[{\"@type\":\"ReadAction\",\"target\":[\"https:\\\/\\\/nature-et-developpement.com\\\/logisain-78\\\/produit\\\/vis-inox-terrasse-heco-topix-plus-tete-fraisee-bombee-avec-filet-sous-tete\\\/\"]}]},{\"@type\":\"ImageObject\",\"inLanguage\":\"fr-FR\",\"@id\":\"https:\\\/\\\/nature-et-developpement.com\\\/logisain-78\\\/produit\\\/vis-inox-terrasse-heco-topix-plus-tete-fraisee-bombee-avec-filet-sous-tete\\\/#primaryimage\",\"url\":\"https:\\\/\\\/nature-et-developpement.com\\\/logisain-78\\\/wp-content\\\/uploads\\\/Vis-inox-terrasse-HECO-TOPIX-plus-tete-fraisee-bombee-avec-filet-sous-tete.jpg\",\"contentUrl\":\"https:\\\/\\\/nature-et-developpement.com\\\/logisain-78\\\/wp-content\\\/uploads\\\/Vis-inox-terrasse-HECO-TOPIX-plus-tete-fraisee-bombee-avec-filet-sous-tete.jpg\"},{\"@type\":\"BreadcrumbList\",\"@id\":\"https:\\\/\\\/nature-et-developpement.com\\\/logisain-78\\\/produit\\\/vis-inox-terrasse-heco-topix-plus-tete-fraisee-bombee-avec-filet-sous-tete\\\/#breadcrumb\",\"itemListElement\":[{\"@type\":\"ListItem\",\"position\":1,\"name\":\"Accueil\",\"item\":\"https:\\\/\\\/nature-et-developpement.com\\\/logisain-78\\\/\"},{\"@type\":\"ListItem\",\"position\":2,\"name\":\"Produits\",\"item\":\"https:\\\/\\\/nature-et-developpement.com\\\/logisain-78\\\/shop\\\/\"},{\"@type\":\"ListItem\",\"position\":3,\"name\":\"Construction, cloison et fen\u00eatres\",\"item\":\"https:\\\/\\\/nature-et-developpement.com\\\/logisain-78\\\/produits\\\/construction\\\/\"},{\"@type\":\"ListItem\",\"position\":4,\"name\":\"Accessoires construction\",\"item\":\"https:\\\/\\\/nature-et-developpement.com\\\/logisain-78\\\/produits\\\/construction\\\/accessoires-construction\\\/\"},{\"@type\":\"ListItem\",\"position\":5,\"name\":\"Vis inox terrasse HECO-TOPIX-plus t\u00eate frais\u00e9e bomb\u00e9e avec filet sous t\u00eate\"}]},{\"@type\":\"WebSite\",\"@id\":\"https:\\\/\\\/nature-et-developpement.com\\\/logisain-78\\\/#website\",\"url\":\"https:\\\/\\\/nature-et-developpement.com\\\/logisain-78\\\/\",\"name\":\"LOGISAIN 78 \u2013 Magasin de mat\u00e9riaux biosourc\u00e9s\",\"description\":\"Logisain 78 est membre du groupement Nature &amp; D\u00e9veloppement\",\"publisher\":{\"@id\":\"https:\\\/\\\/nature-et-developpement.com\\\/logisain-78\\\/#organization\"},\"potentialAction\":[{\"@type\":\"SearchAction\",\"target\":{\"@type\":\"EntryPoint\",\"urlTemplate\":\"https:\\\/\\\/nature-et-developpement.com\\\/logisain-78\\\/?s={search_term_string}\"},\"query-input\":{\"@type\":\"PropertyValueSpecification\",\"valueRequired\":true,\"valueName\":\"search_term_string\"}}],\"inLanguage\":\"fr-FR\"},{\"@type\":\"Organization\",\"@id\":\"https:\\\/\\\/nature-et-developpement.com\\\/logisain-78\\\/#organization\",\"name\":\"Logisain 78\",\"url\":\"https:\\\/\\\/nature-et-developpement.com\\\/logisain-78\\\/\",\"logo\":{\"@type\":\"ImageObject\",\"inLanguage\":\"fr-FR\",\"@id\":\"https:\\\/\\\/nature-et-developpement.com\\\/logisain-78\\\/#\\\/schema\\\/logo\\\/image\\\/\",\"url\":\"https:\\\/\\\/nature-et-developpement.com\\\/logisain-78\\\/wp-content\\\/uploads\\\/sites\\\/5\\\/2021\\\/08\\\/logo-logisain.jpg\",\"contentUrl\":\"https:\\\/\\\/nature-et-developpement.com\\\/logisain-78\\\/wp-content\\\/uploads\\\/sites\\\/5\\\/2021\\\/08\\\/logo-logisain.jpg\",\"width\":672,\"height\":455,\"caption\":\"Logisain 78\"},\"image\":{\"@id\":\"https:\\\/\\\/nature-et-developpement.com\\\/logisain-78\\\/#\\\/schema\\\/logo\\\/image\\\/\"}}]}<\/script>\n<!-- \/ Yoast SEO plugin. -->","yoast_head_json":{"title":"Vis pour planchers bois HECO-TOPIX-plus inox t\u00eate frais\u00e9e bomb\u00e9e","description":"La vis HECO-TOPIX-plus inox pour terrasse est une solution plus s\u00fbre et plus durable. Sa petite t\u00eate bomb\u00e9e et son filetage sous t\u00eate assure un maintien optimal de la lame de bois ce qui \u00e9vite les bruits de craquement.  L'empreinte HECO-Drive, et ces\u00a0embouts d\u00e9di\u00e9s, vous permettes un travail d\u2019une seule main (m\u00eame pour les vis inox).","robots":{"index":"noindex","follow":"follow"},"og_locale":"fr_FR","og_type":"article","og_title":"Vis pour planchers bois HECO-TOPIX-plus inox t\u00eate frais\u00e9e bomb\u00e9e","og_description":"La vis HECO-TOPIX-plus inox pour terrasse est une solution plus s\u00fbre et plus durable. Sa petite t\u00eate bomb\u00e9e et son filetage sous t\u00eate assure un maintien optimal de la lame de bois ce qui \u00e9vite les bruits de craquement.  L'empreinte HECO-Drive, et ces\u00a0embouts d\u00e9di\u00e9s, vous permettes un travail d\u2019une seule main (m\u00eame pour les vis inox).","og_url":"https:\/\/nature-et-developpement.com\/logisain-78\/produit\/vis-inox-terrasse-heco-topix-plus-tete-fraisee-bombee-avec-filet-sous-tete\/","og_site_name":"LOGISAIN 78 \u2013 Magasin de mat\u00e9riaux biosourc\u00e9s","article_modified_time":"2025-06-12T14:58:38+00:00","twitter_card":"summary_large_image","twitter_misc":{"Dur\u00e9e de lecture estim\u00e9e":"2 minutes"},"schema":{"@context":"https:\/\/schema.org","@graph":[{"@type":"WebPage","@id":"https:\/\/nature-et-developpement.com\/logisain-78\/produit\/vis-inox-terrasse-heco-topix-plus-tete-fraisee-bombee-avec-filet-sous-tete\/","url":"https:\/\/nature-et-developpement.com\/logisain-78\/produit\/vis-inox-terrasse-heco-topix-plus-tete-fraisee-bombee-avec-filet-sous-tete\/","name":"Vis pour planchers bois HECO-TOPIX-plus inox t\u00eate frais\u00e9e bomb\u00e9e","isPartOf":{"@id":"https:\/\/nature-et-developpement.com\/logisain-78\/#website"},"primaryImageOfPage":{"@id":"https:\/\/nature-et-developpement.com\/logisain-78\/produit\/vis-inox-terrasse-heco-topix-plus-tete-fraisee-bombee-avec-filet-sous-tete\/#primaryimage"},"image":{"@id":"https:\/\/nature-et-developpement.com\/logisain-78\/produit\/vis-inox-terrasse-heco-topix-plus-tete-fraisee-bombee-avec-filet-sous-tete\/#primaryimage"},"thumbnailUrl":"https:\/\/nature-et-developpement.com\/logisain-78\/wp-content\/uploads\/Vis-inox-terrasse-HECO-TOPIX-plus-tete-fraisee-bombee-avec-filet-sous-tete.jpg","datePublished":"2022-06-03T09:14:40+00:00","dateModified":"2025-06-12T14:58:38+00:00","description":"La vis HECO-TOPIX-plus inox pour terrasse est une solution plus s\u00fbre et plus durable. Sa petite t\u00eate bomb\u00e9e et son filetage sous t\u00eate assure un maintien optimal de la lame de bois ce qui \u00e9vite les bruits de craquement. L'empreinte HECO-Drive, et ces\u00a0embouts d\u00e9di\u00e9s, vous permettes un travail d\u2019une seule main (m\u00eame pour les vis inox).","breadcrumb":{"@id":"https:\/\/nature-et-developpement.com\/logisain-78\/produit\/vis-inox-terrasse-heco-topix-plus-tete-fraisee-bombee-avec-filet-sous-tete\/#breadcrumb"},"inLanguage":"fr-FR","potentialAction":[{"@type":"ReadAction","target":["https:\/\/nature-et-developpement.com\/logisain-78\/produit\/vis-inox-terrasse-heco-topix-plus-tete-fraisee-bombee-avec-filet-sous-tete\/"]}]},{"@type":"ImageObject","inLanguage":"fr-FR","@id":"https:\/\/nature-et-developpement.com\/logisain-78\/produit\/vis-inox-terrasse-heco-topix-plus-tete-fraisee-bombee-avec-filet-sous-tete\/#primaryimage","url":"https:\/\/nature-et-developpement.com\/logisain-78\/wp-content\/uploads\/Vis-inox-terrasse-HECO-TOPIX-plus-tete-fraisee-bombee-avec-filet-sous-tete.jpg","contentUrl":"https:\/\/nature-et-developpement.com\/logisain-78\/wp-content\/uploads\/Vis-inox-terrasse-HECO-TOPIX-plus-tete-fraisee-bombee-avec-filet-sous-tete.jpg"},{"@type":"BreadcrumbList","@id":"https:\/\/nature-et-developpement.com\/logisain-78\/produit\/vis-inox-terrasse-heco-topix-plus-tete-fraisee-bombee-avec-filet-sous-tete\/#breadcrumb","itemListElement":[{"@type":"ListItem","position":1,"name":"Accueil","item":"https:\/\/nature-et-developpement.com\/logisain-78\/"},{"@type":"ListItem","position":2,"name":"Produits","item":"https:\/\/nature-et-developpement.com\/logisain-78\/shop\/"},{"@type":"ListItem","position":3,"name":"Construction, cloison et fen\u00eatres","item":"https:\/\/nature-et-developpement.com\/logisain-78\/produits\/construction\/"},{"@type":"ListItem","position":4,"name":"Accessoires construction","item":"https:\/\/nature-et-developpement.com\/logisain-78\/produits\/construction\/accessoires-construction\/"},{"@type":"ListItem","position":5,"name":"Vis inox terrasse HECO-TOPIX-plus t\u00eate frais\u00e9e bomb\u00e9e avec filet sous t\u00eate"}]},{"@type":"WebSite","@id":"https:\/\/nature-et-developpement.com\/logisain-78\/#website","url":"https:\/\/nature-et-developpement.com\/logisain-78\/","name":"LOGISAIN 78 \u2013 Magasin de mat\u00e9riaux biosourc\u00e9s","description":"Logisain 78 est membre du groupement Nature &amp; D\u00e9veloppement","publisher":{"@id":"https:\/\/nature-et-developpement.com\/logisain-78\/#organization"},"potentialAction":[{"@type":"SearchAction","target":{"@type":"EntryPoint","urlTemplate":"https:\/\/nature-et-developpement.com\/logisain-78\/?s={search_term_string}"},"query-input":{"@type":"PropertyValueSpecification","valueRequired":true,"valueName":"search_term_string"}}],"inLanguage":"fr-FR"},{"@type":"Organization","@id":"https:\/\/nature-et-developpement.com\/logisain-78\/#organization","name":"Logisain 78","url":"https:\/\/nature-et-developpement.com\/logisain-78\/","logo":{"@type":"ImageObject","inLanguage":"fr-FR","@id":"https:\/\/nature-et-developpement.com\/logisain-78\/#\/schema\/logo\/image\/","url":"https:\/\/nature-et-developpement.com\/logisain-78\/wp-content\/uploads\/sites\/5\/2021\/08\/logo-logisain.jpg","contentUrl":"https:\/\/nature-et-developpement.com\/logisain-78\/wp-content\/uploads\/sites\/5\/2021\/08\/logo-logisain.jpg","width":672,"height":455,"caption":"Logisain 78"},"image":{"@id":"https:\/\/nature-et-developpement.com\/logisain-78\/#\/schema\/logo\/image\/"}}]}},"distributor_meta":false,"distributor_terms":false,"distributor_media":false,"distributor_original_site_name":"LOGISAIN 78 \u2013 Magasin de mat\u00e9riaux biosourc\u00e9s","distributor_original_site_url":"https:\/\/nature-et-developpement.com\/logisain-78","push-errors":false,"_links":{"self":[{"href":"https:\/\/nature-et-developpement.com\/logisain-78\/wp-json\/wp\/v2\/product\/30589","targetHints":{"allow":["GET"]}}],"collection":[{"href":"https:\/\/nature-et-developpement.com\/logisain-78\/wp-json\/wp\/v2\/product"}],"about":[{"href":"https:\/\/nature-et-developpement.com\/logisain-78\/wp-json\/wp\/v2\/types\/product"}],"wp:featuredmedia":[{"embeddable":true,"href":"https:\/\/nature-et-developpement.com\/logisain-78\/wp-json\/"}],"wp:attachment":[{"href":"https:\/\/nature-et-developpement.com\/logisain-78\/wp-json\/wp\/v2\/media?parent=30589"}],"wp:term":[{"taxonomy":"product_brand","embeddable":true,"href":"https:\/\/nature-et-developpement.com\/logisain-78\/wp-json\/wp\/v2\/product_brand?post=30589"},{"taxonomy":"product_cat","embeddable":true,"href":"https:\/\/nature-et-developpement.com\/logisain-78\/wp-json\/wp\/v2\/product_cat?post=30589"},{"taxonomy":"product_tag","embeddable":true,"href":"https:\/\/nature-et-developpement.com\/logisain-78\/wp-json\/wp\/v2\/product_tag?post=30589"}],"curies":[{"name":"wp","href":"https:\/\/api.w.org\/{rel}","templated":true}]}}