{"id":3067,"date":"2024-09-01T00:00:00","date_gmt":"2024-08-31T22:00:00","guid":{"rendered":"https:\/\/nature-et-developpement.com\/logisain78\/produit\/bloc-de-chanvre-a-maconner-biosys\/"},"modified":"2026-04-08T13:05:16","modified_gmt":"2026-04-08T11:05:16","slug":"bloc-de-chanvre-biosys","status":"publish","type":"product","link":"https:\/\/nature-et-developpement.com\/logisain-78\/produit\/bloc-de-chanvre-biosys\/","title":{"rendered":"BLOC DE CHANVRE \u00e0 ma\u00e7onner BIOSYS"},"content":{"rendered":"<div class=\"c-product-short-desc rich-text\">\n<h2>Monomur sain BIOSYS ne n\u00e9cessitant pas d&rsquo;isolation compl\u00e9mentaire<\/h2>\n<p>Le syst\u00e8me constructif BIOSYS est un proc\u00e9d\u00e9 biosourc\u00e9 innovant et prot\u00e9g\u00e9 par un brevet exclusif.<\/p>\n<p>Le syst\u00e8me constructif BIOSYS\u00a0est compos\u00e9 de blocs de b\u00e9ton de chanvre issus de l&rsquo;association de 2\u00a0mat\u00e9riaux naturels :<\/p>\n<ul>\n<li>la ch\u00e8nevotte<\/li>\n<li>le Ciment Naturel Prompt<\/li>\n<\/ul>\n<p><strong>Le montage se fait par\u00a0embo\u00eetement \u00e0 sec\u00a0:<\/strong><\/p>\n<ul>\n<li>sans colle ni mortier (gain de temps)<\/li>\n<li>sans aucun joint (pas de pont thermique)<\/li>\n<\/ul>\n<p>Le r\u00e9sultat est un v\u00e9ritable mono-mur ne n\u00e9cessitant pas\u00a0d&rsquo;isolation compl\u00e9mentaire\u00a0dont l&rsquo;alignement et l&rsquo;aplomb sont d&rsquo;une grande qualit\u00e9.<\/p>\n<p>Les blocs servent de coffrage et de remplissage \u00e0 une structure poteau-poutre traditionnelle en b\u00e9ton arm\u00e9.<\/p>\n<h3>UN SYSTEME PENS\u00c9 POUR OPTIMISER LES CHANTIERS\u00a0:<\/h3>\n<ul>\n<li>\u00a0Valorisation du savoir-faire du ma\u00e7on (ossature en b\u00e9ton)<\/li>\n<li>Confort de mise en oeuvre et r\u00e9duction des op\u00e9rations<\/li>\n<li>Manipulation facile et p\u00e9nibilit\u00e9 r\u00e9duite (seulement 5,4 blocs par m2)<\/li>\n<li>Facilit\u00e9 de montage et pr\u00e9cision<\/li>\n<li>Pas de mortier, pas de colle<\/li>\n<li>Pas d\u2019isolation rapport\u00e9e<\/li>\n<\/ul>\n<h4>DES AM\u00c9NAGEMENTS SANS CONTRAINTE<\/h4>\n<ul>\n<li>\u00a0Des solutions de menuiserie standards (bois, pvc, aluminium) avec int\u00e9gration possible de volets roulants<\/li>\n<li>Cloisonnement traditionnel<\/li>\n<li>Un rainurage facile pour le passage des gaines \u00e9lectriques<\/li>\n<li>Une d\u00e9coration int\u00e9rieure par enduit \u00e0 la chaux ou similaire<\/li>\n<li>Finition de type enduit \u00e0 la chaux<\/li>\n<li>Tous types de toiture adaptables.<\/li>\n<\/ul>\n<p>Disposition constructive conforme aux\u00a0Eurocodes 2 et 8.<\/p>\n<div>Le BIOSYS\u00ae est une solution thermiquement, phoniquement et hygrom\u00e9triquement performante. De plus, c&rsquo;est une solution robuste et \u00e9cologique.<\/div>\n<div>\n<h4>Performance thermique<\/h4>\n<ul>\n<li>R\u00e9sistance thermique : 4.8 m2.K.W-1\u00a0(\u03bb sec \u2013 enduit 2 faces)<\/li>\n<li>D\u00e9phasage : jusqu&rsquo;\u00e0 18h<\/li>\n<\/ul>\n<h4>Affaiblissement acoustique<\/h4>\n<ul>\n<li>43 dB<\/li>\n<\/ul>\n<h4>R\u00e9gulateur hygrom\u00e9trique<\/h4>\n<ul>\n<li>pour une humidit\u00e9 relative de 0%, Sd = 1.2 m<\/li>\n<li>pour une humidit\u00e9 relative de 100%, Sd = 0.6 m<\/li>\n<\/ul>\n<h4>Stockage de CO2<\/h4>\n<ul>\n<li>4.5 t pour un pavillon de 130 m\u00b2<\/li>\n<\/ul>\n<h4>Coupe-feu<\/h4>\n<ul>\n<li>R\u00e9sistance au feu : REI 30<\/li>\n<li>R\u00e9action au feu : B-S1, do (ininflamable)<\/li>\n<\/ul>\n<h4>Antisismique<\/h4>\n<ul>\n<li>Conformit\u00e9 du syst\u00e8me valid\u00e9 par le CSTB en zone 1, 2 et 3<\/li>\n<\/ul>\n<h4>Robuste<\/h4>\n<ul>\n<li>R\u00e9sistant au choc, \u00e0 la compression et \u00e0 la traction<\/li>\n<li>Insensible aux insectes, aux rongeurs, \u00e0 la moisissure<\/li>\n<li>Pas de point de ros\u00e9e<\/li>\n<li>Dur\u00e9e de vie : 100 ans<\/li>\n<\/ul>\n<h4>Biosourc\u00e9<\/h4>\n<ul>\n<li>le b\u00e9ton de chanvre BIOSYS est compos\u00e9 de 84% de ch\u00e8nevotte<\/li>\n<\/ul>\n<div>Le chanvre est un mat\u00e9riau \u00e9cologique et un mat\u00e9riau naturel. La construction en chanvre participe donc activement \u00e0 la r\u00e9duction des \u00e9missions de CO\u2082.<\/div>\n<div>\n<p>Les blocs de chanvre BIOSYS sont uniquement compos\u00e9s de ch\u00e8nevotte, de Ciment Naturel Prompt et d&rsquo;un peu d&rsquo;eau.<\/p>\n<h4>La ch\u00e8nevotte<\/h4>\n<p>La ch\u00e8nevotte est la tige du chanvre concass\u00e9e et d\u00e9poussi\u00e9r\u00e9e. Il s&rsquo;agit d&rsquo;un\u00a0mat\u00e9riau \u00e9cologique\u00a0et robuste aux hautes performances thermiques et acoustiques.<\/p>\n<h5><strong>Fabrication Fran\u00e7aise, issue d&rsquo;une fili\u00e8re \u00e9cologique :<\/strong><\/h5>\n<p>L&rsquo;approvisionnement en ch\u00e8nevotte est r\u00e9alis\u00e9 par une chanvri\u00e8re locale (70 &#8211; France), sa culture est \u00e9cologique :<\/p>\n<ul>\n<li>Le chanvre est un v\u00e9g\u00e9tal renouvelable et durable (cycle rapide de 4 \u00e0 5 mois)<\/li>\n<li>Sa culture participe \u00e0 la r\u00e9g\u00e9n\u00e9ration des sols et valorise toutes les terres<\/li>\n<li>Il est extr\u00eamement r\u00e9sistant et ne n\u00e9cessite pas de traitement phytosanitaire<\/li>\n<li>Sa production ne n\u00e9cessite pas d\u2019irrigation<\/li>\n<li>1 hectare de chanvre\u00a0produit quatre fois plus de fibres qu\u2019un hectare de for\u00eat et pi\u00e8ge autant de C0\u2082<\/li>\n<\/ul>\n<ul>\n<li>Le chanvre nous est fourni par des agriculteurs situ\u00e9s \u00e0 moins de 100 km de notre usine<\/li>\n<li>La transformation et la valorisation se font au m\u00eame endroit, cela permet de r\u00e9duire notre empreinte \u00e9cologique<\/li>\n<\/ul>\n<p>C&rsquo;est une plante Z\u00e9ro d\u00e9chet aux applications multiples : agro-alimentaire, textile, cosm\u00e9tique, papeterie, plasturgie et b\u00e2timent.<\/p>\n<h4>Le Ciment Naturel Prompt<\/h4>\n<p>Il est fabriqu\u00e9 depuis 150 ans dans le massif de la Chartreuse (38 &#8211; France), sa composition min\u00e9ralogique est unique et compatible avec le v\u00e9g\u00e9tal.<\/p>\n<p>La cuisson est r\u00e9alis\u00e9e \u00e0 basse temp\u00e9rature et donc peu consommatrice en \u00e9nergie.<\/p>\n<p>Le ciment capte le CO\u2082 pendant toute la dur\u00e9e de l\u2019ouvrage.<\/p>\n<p>Il apporte un excellente durabilit\u00e9 et est perm\u00e9able \u00e0 la vapeur d\u2019eau.<\/p>\n<div>\n<p>Une maison r\u00e9alis\u00e9e en blocs de chanvre BIOSYS procure un confort de vie optimal en m\u00eame temps qu&rsquo;une sensation de bien \u00eatre.<\/p>\n<p>L&rsquo;un des atouts du chanvre et de notre syst\u00e8me est qu&rsquo;il permet de r\u00e9aliser des\u00a0maisons en chanvre\u00a0au\u00a0confort de vie\u00a0exceptionnel.<\/p>\n<ul>\n<li>\u00a0Des performances hygrom\u00e9triques exceptionnelles\u00a0: le b\u00e9ton de chanvre r\u00e9gule naturellement l&rsquo;hygrom\u00e9trie de la maison par les parois. Cela emp\u00eache le d\u00e9veloppement des moisissures et des bact\u00e9ries. Les maisons en chanvre b\u00e9n\u00e9ficient d&rsquo;un air ambiant sain et stable.<\/li>\n<\/ul>\n<p>&nbsp;<\/p>\n<ul>\n<li>Un affaiblissement acoustique \u00e9lev\u00e9 : le chanvre vous offre une ambiance sonore agr\u00e9able et g\u00e9n\u00e8re une sensation permanente de calme et de bien-\u00eatre.<\/li>\n<li>Climatisation naturelle passive en toute saison\u00a0: les murs de votre maison sont frais en \u00e9t\u00e9 et chauds en hiver ! Cette inertie est propre au b\u00e9ton de chanvre.<\/li>\n<li>Pas de rejet de compos\u00e9s organiques volatils\u00a0: l&rsquo;atmosph\u00e8re de votre maison reste saine.<\/li>\n<\/ul>\n<p>De plus, les blocs de chanvre sont robustes et offrent une dur\u00e9e de vie \u00e9lev\u00e9e.<\/p>\n<ul>\n<li>\u00a0Coupe-feu :\u00a0Le mur en b\u00e9ton de chanvre pr\u00e9sente une grande stabilit\u00e9 au feu.<\/li>\n<li>Antisismique :\u00a0L&rsquo;exp\u00e9rience aux sollicitations horizontales engendr\u00e9es par une secousse sismique a montr\u00e9 que le b\u00e9ton de chanvre conforte l&rsquo;ossature qu&rsquo;il renferme. Le mat\u00e9riau est tr\u00e8s souple et poss\u00e8de un module d&rsquo;\u00e9lasticit\u00e9 faible.<\/li>\n<li>Robuste\u00a0: Insensible aux rongeurs, aux insectes et aux moisissures.<\/li>\n<\/ul>\n<\/div>\n<\/div>\n<\/div>\n<\/div>\n","protected":false},"excerpt":{"rendered":"<p>Biosys\u00ae est un syst\u00e8me constructif r\u00e9volutionnaire,\u00a0compos\u00e9 de blocs de b\u00e9ton de chanvre qui se montent <strong>\u00e0 sec<\/strong> et qui servent de coffrage \u00e0 une structure poteau\/poutre en b\u00e9ton, <strong>sans isolation compl\u00e9mentaire<\/strong>.<\/p>\n<p><span style=\"color: #008000\"><strong>Vendu par palette de 4,4m\u00b2 soit 24 pi\u00e8ces.<\/strong><\/span><\/p>\n","protected":false},"featured_media":1000000153848,"template":"","meta":[],"product_brand":[2825],"product_cat":[2909,4261,173],"product_tag":[4302,4217],"class_list":{"0":"post-3067","1":"product","2":"type-product","3":"status-publish","4":"has-post-thumbnail","6":"product_brand-biosys","7":"product_cat-demande-de-devis-uniquement-sans-prix","8":"product_cat-isolation-exterieure","9":"product_cat-maconnerie","10":"product_tag-biosys","11":"product_tag-bloc-de-chanvre","12":"product_shipping_class-impact-transport-important","14":"first","15":"onbackorder","16":"taxable","17":"shipping-taxable","18":"purchasable","19":"product-type-variable"},"yoast_head":"<!-- This site is optimized with the Yoast SEO plugin v27.5 - https:\/\/yoast.com\/product\/yoast-seo-wordpress\/ -->\n<title>BLOC DE CHANVRE \u00e0 ma\u00e7onner BIOSYS<\/title>\n<meta name=\"description\" content=\"Syst\u00e8me constructif r\u00e9volutionnaire,\u00a0compos\u00e9 de blocs de b\u00e9ton de chanvre qui se montent \u00e0 sec et qui servent de coffrage pour structure poteau\/poutre b\u00e9ton\" \/>\n<meta name=\"robots\" content=\"noindex, nofollow\" \/>\n<meta property=\"og:locale\" content=\"fr_FR\" \/>\n<meta property=\"og:type\" content=\"article\" \/>\n<meta property=\"og:title\" content=\"BLOC DE CHANVRE \u00e0 ma\u00e7onner BIOSYS\" \/>\n<meta property=\"og:description\" content=\"Syst\u00e8me constructif r\u00e9volutionnaire,\u00a0compos\u00e9 de blocs de b\u00e9ton de chanvre qui se montent \u00e0 sec et qui servent de coffrage pour structure poteau\/poutre b\u00e9ton\" \/>\n<meta property=\"og:url\" content=\"https:\/\/nature-et-developpement.com\/logisain-78\/produit\/bloc-de-chanvre-biosys\/\" \/>\n<meta property=\"og:site_name\" content=\"LOGISAIN 78 \u2013 Magasin de mat\u00e9riaux biosourc\u00e9s\" \/>\n<meta property=\"article:modified_time\" content=\"2026-04-08T11:05:16+00:00\" \/>\n<meta name=\"twitter:card\" content=\"summary_large_image\" \/>\n<meta name=\"twitter:label1\" content=\"Dur\u00e9e de lecture estim\u00e9e\" \/>\n\t<meta name=\"twitter:data1\" content=\"5 minutes\" \/>\n<script type=\"application\/ld+json\" class=\"yoast-schema-graph\">{\"@context\":\"https:\\\/\\\/schema.org\",\"@graph\":[{\"@type\":\"WebPage\",\"@id\":\"https:\\\/\\\/nature-et-developpement.com\\\/logisain-78\\\/produit\\\/bloc-de-chanvre-biosys\\\/\",\"url\":\"https:\\\/\\\/nature-et-developpement.com\\\/logisain-78\\\/produit\\\/bloc-de-chanvre-biosys\\\/\",\"name\":\"BLOC DE CHANVRE \u00e0 ma\u00e7onner BIOSYS\",\"isPartOf\":{\"@id\":\"https:\\\/\\\/nature-et-developpement.com\\\/logisain-78\\\/#website\"},\"primaryImageOfPage\":{\"@id\":\"https:\\\/\\\/nature-et-developpement.com\\\/logisain-78\\\/produit\\\/bloc-de-chanvre-biosys\\\/#primaryimage\"},\"image\":{\"@id\":\"https:\\\/\\\/nature-et-developpement.com\\\/logisain-78\\\/produit\\\/bloc-de-chanvre-biosys\\\/#primaryimage\"},\"thumbnailUrl\":\"https:\\\/\\\/nature-et-developpement.com\\\/logisain-78\\\/wp-content\\\/uploads\\\/Biosys-Bloc-Standard.jpg\",\"datePublished\":\"2024-08-31T22:00:00+00:00\",\"dateModified\":\"2026-04-08T11:05:16+00:00\",\"description\":\"Syst\u00e8me constructif r\u00e9volutionnaire,\u00a0compos\u00e9 de blocs de b\u00e9ton de chanvre qui se montent \u00e0 sec et qui servent de coffrage pour structure poteau\\\/poutre b\u00e9ton\",\"breadcrumb\":{\"@id\":\"https:\\\/\\\/nature-et-developpement.com\\\/logisain-78\\\/produit\\\/bloc-de-chanvre-biosys\\\/#breadcrumb\"},\"inLanguage\":\"fr-FR\",\"potentialAction\":[{\"@type\":\"ReadAction\",\"target\":[\"https:\\\/\\\/nature-et-developpement.com\\\/logisain-78\\\/produit\\\/bloc-de-chanvre-biosys\\\/\"]}]},{\"@type\":\"ImageObject\",\"inLanguage\":\"fr-FR\",\"@id\":\"https:\\\/\\\/nature-et-developpement.com\\\/logisain-78\\\/produit\\\/bloc-de-chanvre-biosys\\\/#primaryimage\",\"url\":\"https:\\\/\\\/nature-et-developpement.com\\\/logisain-78\\\/wp-content\\\/uploads\\\/Biosys-Bloc-Standard.jpg\",\"contentUrl\":\"https:\\\/\\\/nature-et-developpement.com\\\/logisain-78\\\/wp-content\\\/uploads\\\/Biosys-Bloc-Standard.jpg\"},{\"@type\":\"BreadcrumbList\",\"@id\":\"https:\\\/\\\/nature-et-developpement.com\\\/logisain-78\\\/produit\\\/bloc-de-chanvre-biosys\\\/#breadcrumb\",\"itemListElement\":[{\"@type\":\"ListItem\",\"position\":1,\"name\":\"Accueil\",\"item\":\"https:\\\/\\\/nature-et-developpement.com\\\/logisain-78\\\/\"},{\"@type\":\"ListItem\",\"position\":2,\"name\":\"Produits\",\"item\":\"https:\\\/\\\/nature-et-developpement.com\\\/logisain-78\\\/shop\\\/\"},{\"@type\":\"ListItem\",\"position\":3,\"name\":\"Construction, cloison et fen\u00eatres\",\"item\":\"https:\\\/\\\/nature-et-developpement.com\\\/logisain-78\\\/produits\\\/construction\\\/\"},{\"@type\":\"ListItem\",\"position\":4,\"name\":\"Ma\u00e7onnerie\",\"item\":\"https:\\\/\\\/nature-et-developpement.com\\\/logisain-78\\\/produits\\\/construction\\\/maconnerie\\\/\"},{\"@type\":\"ListItem\",\"position\":5,\"name\":\"BLOC DE CHANVRE \u00e0 ma\u00e7onner BIOSYS\"}]},{\"@type\":\"WebSite\",\"@id\":\"https:\\\/\\\/nature-et-developpement.com\\\/logisain-78\\\/#website\",\"url\":\"https:\\\/\\\/nature-et-developpement.com\\\/logisain-78\\\/\",\"name\":\"LOGISAIN 78 \u2013 Magasin de mat\u00e9riaux biosourc\u00e9s\",\"description\":\"Logisain 78 est membre du groupement Nature &amp; D\u00e9veloppement\",\"publisher\":{\"@id\":\"https:\\\/\\\/nature-et-developpement.com\\\/logisain-78\\\/#organization\"},\"potentialAction\":[{\"@type\":\"SearchAction\",\"target\":{\"@type\":\"EntryPoint\",\"urlTemplate\":\"https:\\\/\\\/nature-et-developpement.com\\\/logisain-78\\\/?s={search_term_string}\"},\"query-input\":{\"@type\":\"PropertyValueSpecification\",\"valueRequired\":true,\"valueName\":\"search_term_string\"}}],\"inLanguage\":\"fr-FR\"},{\"@type\":\"Organization\",\"@id\":\"https:\\\/\\\/nature-et-developpement.com\\\/logisain-78\\\/#organization\",\"name\":\"Logisain 78\",\"url\":\"https:\\\/\\\/nature-et-developpement.com\\\/logisain-78\\\/\",\"logo\":{\"@type\":\"ImageObject\",\"inLanguage\":\"fr-FR\",\"@id\":\"https:\\\/\\\/nature-et-developpement.com\\\/logisain-78\\\/#\\\/schema\\\/logo\\\/image\\\/\",\"url\":\"https:\\\/\\\/nature-et-developpement.com\\\/logisain-78\\\/wp-content\\\/uploads\\\/sites\\\/5\\\/2021\\\/08\\\/logo-logisain.jpg\",\"contentUrl\":\"https:\\\/\\\/nature-et-developpement.com\\\/logisain-78\\\/wp-content\\\/uploads\\\/sites\\\/5\\\/2021\\\/08\\\/logo-logisain.jpg\",\"width\":672,\"height\":455,\"caption\":\"Logisain 78\"},\"image\":{\"@id\":\"https:\\\/\\\/nature-et-developpement.com\\\/logisain-78\\\/#\\\/schema\\\/logo\\\/image\\\/\"}}]}<\/script>\n<!-- \/ Yoast SEO plugin. -->","yoast_head_json":{"title":"BLOC DE CHANVRE \u00e0 ma\u00e7onner BIOSYS","description":"Syst\u00e8me constructif r\u00e9volutionnaire,\u00a0compos\u00e9 de blocs de b\u00e9ton de chanvre qui se montent \u00e0 sec et qui servent de coffrage pour structure poteau\/poutre b\u00e9ton","robots":{"index":"noindex","follow":"nofollow"},"og_locale":"fr_FR","og_type":"article","og_title":"BLOC DE CHANVRE \u00e0 ma\u00e7onner BIOSYS","og_description":"Syst\u00e8me constructif r\u00e9volutionnaire,\u00a0compos\u00e9 de blocs de b\u00e9ton de chanvre qui se montent \u00e0 sec et qui servent de coffrage pour structure poteau\/poutre b\u00e9ton","og_url":"https:\/\/nature-et-developpement.com\/logisain-78\/produit\/bloc-de-chanvre-biosys\/","og_site_name":"LOGISAIN 78 \u2013 Magasin de mat\u00e9riaux biosourc\u00e9s","article_modified_time":"2026-04-08T11:05:16+00:00","twitter_card":"summary_large_image","twitter_misc":{"Dur\u00e9e de lecture estim\u00e9e":"5 minutes"},"schema":{"@context":"https:\/\/schema.org","@graph":[{"@type":"WebPage","@id":"https:\/\/nature-et-developpement.com\/logisain-78\/produit\/bloc-de-chanvre-biosys\/","url":"https:\/\/nature-et-developpement.com\/logisain-78\/produit\/bloc-de-chanvre-biosys\/","name":"BLOC DE CHANVRE \u00e0 ma\u00e7onner BIOSYS","isPartOf":{"@id":"https:\/\/nature-et-developpement.com\/logisain-78\/#website"},"primaryImageOfPage":{"@id":"https:\/\/nature-et-developpement.com\/logisain-78\/produit\/bloc-de-chanvre-biosys\/#primaryimage"},"image":{"@id":"https:\/\/nature-et-developpement.com\/logisain-78\/produit\/bloc-de-chanvre-biosys\/#primaryimage"},"thumbnailUrl":"https:\/\/nature-et-developpement.com\/logisain-78\/wp-content\/uploads\/Biosys-Bloc-Standard.jpg","datePublished":"2024-08-31T22:00:00+00:00","dateModified":"2026-04-08T11:05:16+00:00","description":"Syst\u00e8me constructif r\u00e9volutionnaire,\u00a0compos\u00e9 de blocs de b\u00e9ton de chanvre qui se montent \u00e0 sec et qui servent de coffrage pour structure poteau\/poutre b\u00e9ton","breadcrumb":{"@id":"https:\/\/nature-et-developpement.com\/logisain-78\/produit\/bloc-de-chanvre-biosys\/#breadcrumb"},"inLanguage":"fr-FR","potentialAction":[{"@type":"ReadAction","target":["https:\/\/nature-et-developpement.com\/logisain-78\/produit\/bloc-de-chanvre-biosys\/"]}]},{"@type":"ImageObject","inLanguage":"fr-FR","@id":"https:\/\/nature-et-developpement.com\/logisain-78\/produit\/bloc-de-chanvre-biosys\/#primaryimage","url":"https:\/\/nature-et-developpement.com\/logisain-78\/wp-content\/uploads\/Biosys-Bloc-Standard.jpg","contentUrl":"https:\/\/nature-et-developpement.com\/logisain-78\/wp-content\/uploads\/Biosys-Bloc-Standard.jpg"},{"@type":"BreadcrumbList","@id":"https:\/\/nature-et-developpement.com\/logisain-78\/produit\/bloc-de-chanvre-biosys\/#breadcrumb","itemListElement":[{"@type":"ListItem","position":1,"name":"Accueil","item":"https:\/\/nature-et-developpement.com\/logisain-78\/"},{"@type":"ListItem","position":2,"name":"Produits","item":"https:\/\/nature-et-developpement.com\/logisain-78\/shop\/"},{"@type":"ListItem","position":3,"name":"Construction, cloison et fen\u00eatres","item":"https:\/\/nature-et-developpement.com\/logisain-78\/produits\/construction\/"},{"@type":"ListItem","position":4,"name":"Ma\u00e7onnerie","item":"https:\/\/nature-et-developpement.com\/logisain-78\/produits\/construction\/maconnerie\/"},{"@type":"ListItem","position":5,"name":"BLOC DE CHANVRE \u00e0 ma\u00e7onner BIOSYS"}]},{"@type":"WebSite","@id":"https:\/\/nature-et-developpement.com\/logisain-78\/#website","url":"https:\/\/nature-et-developpement.com\/logisain-78\/","name":"LOGISAIN 78 \u2013 Magasin de mat\u00e9riaux biosourc\u00e9s","description":"Logisain 78 est membre du groupement Nature &amp; D\u00e9veloppement","publisher":{"@id":"https:\/\/nature-et-developpement.com\/logisain-78\/#organization"},"potentialAction":[{"@type":"SearchAction","target":{"@type":"EntryPoint","urlTemplate":"https:\/\/nature-et-developpement.com\/logisain-78\/?s={search_term_string}"},"query-input":{"@type":"PropertyValueSpecification","valueRequired":true,"valueName":"search_term_string"}}],"inLanguage":"fr-FR"},{"@type":"Organization","@id":"https:\/\/nature-et-developpement.com\/logisain-78\/#organization","name":"Logisain 78","url":"https:\/\/nature-et-developpement.com\/logisain-78\/","logo":{"@type":"ImageObject","inLanguage":"fr-FR","@id":"https:\/\/nature-et-developpement.com\/logisain-78\/#\/schema\/logo\/image\/","url":"https:\/\/nature-et-developpement.com\/logisain-78\/wp-content\/uploads\/sites\/5\/2021\/08\/logo-logisain.jpg","contentUrl":"https:\/\/nature-et-developpement.com\/logisain-78\/wp-content\/uploads\/sites\/5\/2021\/08\/logo-logisain.jpg","width":672,"height":455,"caption":"Logisain 78"},"image":{"@id":"https:\/\/nature-et-developpement.com\/logisain-78\/#\/schema\/logo\/image\/"}}]}},"distributor_meta":false,"distributor_terms":false,"distributor_media":false,"distributor_original_site_name":"LOGISAIN 78 \u2013 Magasin de mat\u00e9riaux biosourc\u00e9s","distributor_original_site_url":"https:\/\/nature-et-developpement.com\/logisain-78","push-errors":false,"_links":{"self":[{"href":"https:\/\/nature-et-developpement.com\/logisain-78\/wp-json\/wp\/v2\/product\/3067","targetHints":{"allow":["GET"]}}],"collection":[{"href":"https:\/\/nature-et-developpement.com\/logisain-78\/wp-json\/wp\/v2\/product"}],"about":[{"href":"https:\/\/nature-et-developpement.com\/logisain-78\/wp-json\/wp\/v2\/types\/product"}],"wp:featuredmedia":[{"embeddable":true,"href":"https:\/\/nature-et-developpement.com\/logisain-78\/wp-json\/"}],"wp:attachment":[{"href":"https:\/\/nature-et-developpement.com\/logisain-78\/wp-json\/wp\/v2\/media?parent=3067"}],"wp:term":[{"taxonomy":"product_brand","embeddable":true,"href":"https:\/\/nature-et-developpement.com\/logisain-78\/wp-json\/wp\/v2\/product_brand?post=3067"},{"taxonomy":"product_cat","embeddable":true,"href":"https:\/\/nature-et-developpement.com\/logisain-78\/wp-json\/wp\/v2\/product_cat?post=3067"},{"taxonomy":"product_tag","embeddable":true,"href":"https:\/\/nature-et-developpement.com\/logisain-78\/wp-json\/wp\/v2\/product_tag?post=3067"}],"curies":[{"name":"wp","href":"https:\/\/api.w.org\/{rel}","templated":true}]}}