{"id":30889,"date":"2017-06-23T12:06:35","date_gmt":"2017-06-23T10:06:35","guid":{"rendered":"https:\/\/nature-et-developpement.com\/logisain-78\/produit\/lame-de-terrasse\/"},"modified":"2026-03-24T09:55:18","modified_gmt":"2026-03-24T08:55:18","slug":"lame-de-terrasse","status":"publish","type":"product","link":"https:\/\/nature-et-developpement.com\/logisain-78\/produit\/lame-de-terrasse\/","title":{"rendered":"Lame de terrasse en bois local"},"content":{"rendered":"<div>\n<h2>Terrasse durable et locale<\/h2>\n<p>Nous vous avons choisi les meilleures essences de bois fran\u00e7ais qui sont naturellement durables.<\/p>\n<p>Elles\u00a0b\u00e9n\u00e9ficient du label for\u00eat g\u00e9r\u00e9e durablement : label de tra\u00e7abilit\u00e9 des bois issus de for\u00eats\u00a0g\u00e9r\u00e9es.<\/p>\n<p>Les lames de terrasses, de diff\u00e9rentes sections et essences, comportent des rainures antid\u00e9rapantes\u00a0sur une face.<\/p>\n<p>Dans votre conception de terrasse vous pouvez pr\u00e9voir plusieurs largeurs de lames pour rompre la monotonie\u00a0de l\u2019ensemble.<\/p>\n<p>Les lames massives vont de longueur\u00a0 de 1,600 \u00e0 2,500 ml (10% de 1,000 \u00e0 1,500 ml), elles sont en assemblage \u00e0 rainure et languette en bout. Entraxe entre lambourde\u00a0: 0,400m<\/p>\n<h2>Caract\u00e9ristiques des bois<\/h2>\n<table id=\"tablepress-39\" border=\"5\" width=\"745\" cellspacing=\"10\" cellpadding=\"5\">\n<thead>\n<tr>\n<th>\n<div>Essence<\/div>\n<\/th>\n<th>\n<div>R\u00e9sistance m\u00e9canique<\/div>\n<\/th>\n<th>\n<div>Long\u00e9vit\u00e9 \u00e0 l\u2019ext\u00e9rieur<\/div>\n<\/th>\n<th>\n<div>Label<\/div>\n<\/th>\n<\/tr>\n<\/thead>\n<tbody>\n<tr>\n<td>M\u00e9l\u00e8ze non trait\u00e9<\/td>\n<td>Bonne<\/td>\n<td>Durable<\/td>\n<td>for\u00eat g\u00e9r\u00e9e durablement<\/td>\n<\/tr>\n<tr>\n<td>Ch\u00eane Ch\u00e2taignier<\/td>\n<td>Tr\u00e8s bonne<\/td>\n<td>Durable \u00e0 tr\u00e8s durable<\/td>\n<td>for\u00eat g\u00e9r\u00e9e durablement<\/td>\n<\/tr>\n<tr>\n<td>Robinier<\/td>\n<td>Tr\u00e8s bonne<\/td>\n<td>Tr\u00e8s durable<\/td>\n<td>for\u00eat g\u00e9r\u00e9e durablement<\/td>\n<\/tr>\n<\/tbody>\n<\/table>\n<div><\/div>\n<\/div>\n","protected":false},"excerpt":{"rendered":"<p>Les terrasses en bois embellissent un espace ext\u00e9rieur compl\u00e9mentaire de vie. Nous vous avons choisi les meilleures essences de bois fran\u00e7ais qui sont naturellement durables et ne n\u00e9cessite pas de traitement particulier.<\/p>\n<p><em><span style=\"color: #ff0000\"><strong>Victime de leur succ\u00e8s, les d\u00e9lais de disponibilit\u00e9s de certaines essences et dimensions peuvent aller jusqu&rsquo;\u00e0 6 mois.<\/strong><\/span><\/em><\/p>\n","protected":false},"featured_media":1000000169127,"template":"","meta":[],"product_brand":[3666],"product_cat":[2909,168],"product_tag":[],"class_list":{"0":"post-30889","1":"product","2":"type-product","3":"status-publish","4":"has-post-thumbnail","6":"product_brand-belleme-bois","7":"product_cat-demande-de-devis-uniquement-sans-prix","8":"product_cat-terrasses","9":"product_shipping_class-impact-transport-important","11":"first","12":"instock","13":"taxable","14":"shipping-taxable","15":"product-type-variable"},"yoast_head":"<!-- This site is optimized with the Yoast SEO plugin v27.5 - https:\/\/yoast.com\/product\/yoast-seo-wordpress\/ -->\n<title>Lame de terrasse en bois local<\/title>\n<meta name=\"description\" content=\"Les terrasses en bois embellissent un espace ext\u00e9rieur compl\u00e9mentaire de vie. Nous vous avons choisi les meilleures essences de bois fran\u00e7ais qui sont naturellement durables et ne n\u00e9cessite pas de traitement particulier.  Victime de leur succ\u00e8s, les d\u00e9lais de disponibilit\u00e9s de certaines essences et dimensions peuvent aller jusqu&#039;\u00e0 6 mois.\" \/>\n<meta name=\"robots\" content=\"noindex, nofollow\" \/>\n<meta property=\"og:locale\" content=\"fr_FR\" \/>\n<meta property=\"og:type\" content=\"article\" \/>\n<meta property=\"og:title\" content=\"Lame de terrasse en bois local\" \/>\n<meta property=\"og:description\" content=\"Les terrasses en bois embellissent un espace ext\u00e9rieur compl\u00e9mentaire de vie. Nous vous avons choisi les meilleures essences de bois fran\u00e7ais qui sont naturellement durables et ne n\u00e9cessite pas de traitement particulier.  Victime de leur succ\u00e8s, les d\u00e9lais de disponibilit\u00e9s de certaines essences et dimensions peuvent aller jusqu&#039;\u00e0 6 mois.\" \/>\n<meta property=\"og:url\" content=\"https:\/\/nature-et-developpement.com\/logisain-78\/produit\/lame-de-terrasse\/\" \/>\n<meta property=\"og:site_name\" content=\"LOGISAIN 78 \u2013 Magasin de mat\u00e9riaux biosourc\u00e9s\" \/>\n<meta property=\"article:modified_time\" content=\"2026-03-24T08:55:18+00:00\" \/>\n<meta name=\"twitter:card\" content=\"summary_large_image\" \/>\n<meta name=\"twitter:label1\" content=\"Dur\u00e9e de lecture estim\u00e9e\" \/>\n\t<meta name=\"twitter:data1\" content=\"2 minutes\" \/>\n<script type=\"application\/ld+json\" class=\"yoast-schema-graph\">{\"@context\":\"https:\\\/\\\/schema.org\",\"@graph\":[{\"@type\":\"WebPage\",\"@id\":\"https:\\\/\\\/nature-et-developpement.com\\\/logisain-78\\\/produit\\\/lame-de-terrasse\\\/\",\"url\":\"https:\\\/\\\/nature-et-developpement.com\\\/logisain-78\\\/produit\\\/lame-de-terrasse\\\/\",\"name\":\"Lame de terrasse en bois local\",\"isPartOf\":{\"@id\":\"https:\\\/\\\/nature-et-developpement.com\\\/logisain-78\\\/#website\"},\"primaryImageOfPage\":{\"@id\":\"https:\\\/\\\/nature-et-developpement.com\\\/logisain-78\\\/produit\\\/lame-de-terrasse\\\/#primaryimage\"},\"image\":{\"@id\":\"https:\\\/\\\/nature-et-developpement.com\\\/logisain-78\\\/produit\\\/lame-de-terrasse\\\/#primaryimage\"},\"thumbnailUrl\":\"https:\\\/\\\/nature-et-developpement.com\\\/logisain-78\\\/wp-content\\\/uploads\\\/Lame-de-terrasse-en-bois-local.jpg\",\"datePublished\":\"2017-06-23T10:06:35+00:00\",\"dateModified\":\"2026-03-24T08:55:18+00:00\",\"description\":\"Les terrasses en bois embellissent un espace ext\u00e9rieur compl\u00e9mentaire de vie. Nous vous avons choisi les meilleures essences de bois fran\u00e7ais qui sont naturellement durables et ne n\u00e9cessite pas de traitement particulier. Victime de leur succ\u00e8s, les d\u00e9lais de disponibilit\u00e9s de certaines essences et dimensions peuvent aller jusqu'\u00e0 6 mois.\",\"breadcrumb\":{\"@id\":\"https:\\\/\\\/nature-et-developpement.com\\\/logisain-78\\\/produit\\\/lame-de-terrasse\\\/#breadcrumb\"},\"inLanguage\":\"fr-FR\",\"potentialAction\":[{\"@type\":\"ReadAction\",\"target\":[\"https:\\\/\\\/nature-et-developpement.com\\\/logisain-78\\\/produit\\\/lame-de-terrasse\\\/\"]}]},{\"@type\":\"ImageObject\",\"inLanguage\":\"fr-FR\",\"@id\":\"https:\\\/\\\/nature-et-developpement.com\\\/logisain-78\\\/produit\\\/lame-de-terrasse\\\/#primaryimage\",\"url\":\"https:\\\/\\\/nature-et-developpement.com\\\/logisain-78\\\/wp-content\\\/uploads\\\/Lame-de-terrasse-en-bois-local.jpg\",\"contentUrl\":\"https:\\\/\\\/nature-et-developpement.com\\\/logisain-78\\\/wp-content\\\/uploads\\\/Lame-de-terrasse-en-bois-local.jpg\"},{\"@type\":\"BreadcrumbList\",\"@id\":\"https:\\\/\\\/nature-et-developpement.com\\\/logisain-78\\\/produit\\\/lame-de-terrasse\\\/#breadcrumb\",\"itemListElement\":[{\"@type\":\"ListItem\",\"position\":1,\"name\":\"Accueil\",\"item\":\"https:\\\/\\\/nature-et-developpement.com\\\/logisain-78\\\/\"},{\"@type\":\"ListItem\",\"position\":2,\"name\":\"Produits\",\"item\":\"https:\\\/\\\/nature-et-developpement.com\\\/logisain-78\\\/shop\\\/\"},{\"@type\":\"ListItem\",\"position\":3,\"name\":\"Demande de devis uniquement SANS PRIX\",\"item\":\"https:\\\/\\\/nature-et-developpement.com\\\/logisain-78\\\/produits\\\/demande-de-devis-uniquement-sans-prix\\\/\"},{\"@type\":\"ListItem\",\"position\":4,\"name\":\"Lame de terrasse en bois local\"}]},{\"@type\":\"WebSite\",\"@id\":\"https:\\\/\\\/nature-et-developpement.com\\\/logisain-78\\\/#website\",\"url\":\"https:\\\/\\\/nature-et-developpement.com\\\/logisain-78\\\/\",\"name\":\"LOGISAIN 78 \u2013 Magasin de mat\u00e9riaux biosourc\u00e9s\",\"description\":\"Logisain 78 est membre du groupement Nature &amp; D\u00e9veloppement\",\"publisher\":{\"@id\":\"https:\\\/\\\/nature-et-developpement.com\\\/logisain-78\\\/#organization\"},\"potentialAction\":[{\"@type\":\"SearchAction\",\"target\":{\"@type\":\"EntryPoint\",\"urlTemplate\":\"https:\\\/\\\/nature-et-developpement.com\\\/logisain-78\\\/?s={search_term_string}\"},\"query-input\":{\"@type\":\"PropertyValueSpecification\",\"valueRequired\":true,\"valueName\":\"search_term_string\"}}],\"inLanguage\":\"fr-FR\"},{\"@type\":\"Organization\",\"@id\":\"https:\\\/\\\/nature-et-developpement.com\\\/logisain-78\\\/#organization\",\"name\":\"Logisain 78\",\"url\":\"https:\\\/\\\/nature-et-developpement.com\\\/logisain-78\\\/\",\"logo\":{\"@type\":\"ImageObject\",\"inLanguage\":\"fr-FR\",\"@id\":\"https:\\\/\\\/nature-et-developpement.com\\\/logisain-78\\\/#\\\/schema\\\/logo\\\/image\\\/\",\"url\":\"https:\\\/\\\/nature-et-developpement.com\\\/logisain-78\\\/wp-content\\\/uploads\\\/sites\\\/5\\\/2021\\\/08\\\/logo-logisain.jpg\",\"contentUrl\":\"https:\\\/\\\/nature-et-developpement.com\\\/logisain-78\\\/wp-content\\\/uploads\\\/sites\\\/5\\\/2021\\\/08\\\/logo-logisain.jpg\",\"width\":672,\"height\":455,\"caption\":\"Logisain 78\"},\"image\":{\"@id\":\"https:\\\/\\\/nature-et-developpement.com\\\/logisain-78\\\/#\\\/schema\\\/logo\\\/image\\\/\"}}]}<\/script>\n<!-- \/ Yoast SEO plugin. -->","yoast_head_json":{"title":"Lame de terrasse en bois local","description":"Les terrasses en bois embellissent un espace ext\u00e9rieur compl\u00e9mentaire de vie. Nous vous avons choisi les meilleures essences de bois fran\u00e7ais qui sont naturellement durables et ne n\u00e9cessite pas de traitement particulier.  Victime de leur succ\u00e8s, les d\u00e9lais de disponibilit\u00e9s de certaines essences et dimensions peuvent aller jusqu'\u00e0 6 mois.","robots":{"index":"noindex","follow":"nofollow"},"og_locale":"fr_FR","og_type":"article","og_title":"Lame de terrasse en bois local","og_description":"Les terrasses en bois embellissent un espace ext\u00e9rieur compl\u00e9mentaire de vie. Nous vous avons choisi les meilleures essences de bois fran\u00e7ais qui sont naturellement durables et ne n\u00e9cessite pas de traitement particulier.  Victime de leur succ\u00e8s, les d\u00e9lais de disponibilit\u00e9s de certaines essences et dimensions peuvent aller jusqu'\u00e0 6 mois.","og_url":"https:\/\/nature-et-developpement.com\/logisain-78\/produit\/lame-de-terrasse\/","og_site_name":"LOGISAIN 78 \u2013 Magasin de mat\u00e9riaux biosourc\u00e9s","article_modified_time":"2026-03-24T08:55:18+00:00","twitter_card":"summary_large_image","twitter_misc":{"Dur\u00e9e de lecture estim\u00e9e":"2 minutes"},"schema":{"@context":"https:\/\/schema.org","@graph":[{"@type":"WebPage","@id":"https:\/\/nature-et-developpement.com\/logisain-78\/produit\/lame-de-terrasse\/","url":"https:\/\/nature-et-developpement.com\/logisain-78\/produit\/lame-de-terrasse\/","name":"Lame de terrasse en bois local","isPartOf":{"@id":"https:\/\/nature-et-developpement.com\/logisain-78\/#website"},"primaryImageOfPage":{"@id":"https:\/\/nature-et-developpement.com\/logisain-78\/produit\/lame-de-terrasse\/#primaryimage"},"image":{"@id":"https:\/\/nature-et-developpement.com\/logisain-78\/produit\/lame-de-terrasse\/#primaryimage"},"thumbnailUrl":"https:\/\/nature-et-developpement.com\/logisain-78\/wp-content\/uploads\/Lame-de-terrasse-en-bois-local.jpg","datePublished":"2017-06-23T10:06:35+00:00","dateModified":"2026-03-24T08:55:18+00:00","description":"Les terrasses en bois embellissent un espace ext\u00e9rieur compl\u00e9mentaire de vie. Nous vous avons choisi les meilleures essences de bois fran\u00e7ais qui sont naturellement durables et ne n\u00e9cessite pas de traitement particulier. Victime de leur succ\u00e8s, les d\u00e9lais de disponibilit\u00e9s de certaines essences et dimensions peuvent aller jusqu'\u00e0 6 mois.","breadcrumb":{"@id":"https:\/\/nature-et-developpement.com\/logisain-78\/produit\/lame-de-terrasse\/#breadcrumb"},"inLanguage":"fr-FR","potentialAction":[{"@type":"ReadAction","target":["https:\/\/nature-et-developpement.com\/logisain-78\/produit\/lame-de-terrasse\/"]}]},{"@type":"ImageObject","inLanguage":"fr-FR","@id":"https:\/\/nature-et-developpement.com\/logisain-78\/produit\/lame-de-terrasse\/#primaryimage","url":"https:\/\/nature-et-developpement.com\/logisain-78\/wp-content\/uploads\/Lame-de-terrasse-en-bois-local.jpg","contentUrl":"https:\/\/nature-et-developpement.com\/logisain-78\/wp-content\/uploads\/Lame-de-terrasse-en-bois-local.jpg"},{"@type":"BreadcrumbList","@id":"https:\/\/nature-et-developpement.com\/logisain-78\/produit\/lame-de-terrasse\/#breadcrumb","itemListElement":[{"@type":"ListItem","position":1,"name":"Accueil","item":"https:\/\/nature-et-developpement.com\/logisain-78\/"},{"@type":"ListItem","position":2,"name":"Produits","item":"https:\/\/nature-et-developpement.com\/logisain-78\/shop\/"},{"@type":"ListItem","position":3,"name":"Demande de devis uniquement SANS PRIX","item":"https:\/\/nature-et-developpement.com\/logisain-78\/produits\/demande-de-devis-uniquement-sans-prix\/"},{"@type":"ListItem","position":4,"name":"Lame de terrasse en bois local"}]},{"@type":"WebSite","@id":"https:\/\/nature-et-developpement.com\/logisain-78\/#website","url":"https:\/\/nature-et-developpement.com\/logisain-78\/","name":"LOGISAIN 78 \u2013 Magasin de mat\u00e9riaux biosourc\u00e9s","description":"Logisain 78 est membre du groupement Nature &amp; D\u00e9veloppement","publisher":{"@id":"https:\/\/nature-et-developpement.com\/logisain-78\/#organization"},"potentialAction":[{"@type":"SearchAction","target":{"@type":"EntryPoint","urlTemplate":"https:\/\/nature-et-developpement.com\/logisain-78\/?s={search_term_string}"},"query-input":{"@type":"PropertyValueSpecification","valueRequired":true,"valueName":"search_term_string"}}],"inLanguage":"fr-FR"},{"@type":"Organization","@id":"https:\/\/nature-et-developpement.com\/logisain-78\/#organization","name":"Logisain 78","url":"https:\/\/nature-et-developpement.com\/logisain-78\/","logo":{"@type":"ImageObject","inLanguage":"fr-FR","@id":"https:\/\/nature-et-developpement.com\/logisain-78\/#\/schema\/logo\/image\/","url":"https:\/\/nature-et-developpement.com\/logisain-78\/wp-content\/uploads\/sites\/5\/2021\/08\/logo-logisain.jpg","contentUrl":"https:\/\/nature-et-developpement.com\/logisain-78\/wp-content\/uploads\/sites\/5\/2021\/08\/logo-logisain.jpg","width":672,"height":455,"caption":"Logisain 78"},"image":{"@id":"https:\/\/nature-et-developpement.com\/logisain-78\/#\/schema\/logo\/image\/"}}]}},"distributor_meta":false,"distributor_terms":false,"distributor_media":false,"distributor_original_site_name":"LOGISAIN 78 \u2013 Magasin de mat\u00e9riaux biosourc\u00e9s","distributor_original_site_url":"https:\/\/nature-et-developpement.com\/logisain-78","push-errors":false,"_links":{"self":[{"href":"https:\/\/nature-et-developpement.com\/logisain-78\/wp-json\/wp\/v2\/product\/30889","targetHints":{"allow":["GET"]}}],"collection":[{"href":"https:\/\/nature-et-developpement.com\/logisain-78\/wp-json\/wp\/v2\/product"}],"about":[{"href":"https:\/\/nature-et-developpement.com\/logisain-78\/wp-json\/wp\/v2\/types\/product"}],"wp:featuredmedia":[{"embeddable":true,"href":"https:\/\/nature-et-developpement.com\/logisain-78\/wp-json\/"}],"wp:attachment":[{"href":"https:\/\/nature-et-developpement.com\/logisain-78\/wp-json\/wp\/v2\/media?parent=30889"}],"wp:term":[{"taxonomy":"product_brand","embeddable":true,"href":"https:\/\/nature-et-developpement.com\/logisain-78\/wp-json\/wp\/v2\/product_brand?post=30889"},{"taxonomy":"product_cat","embeddable":true,"href":"https:\/\/nature-et-developpement.com\/logisain-78\/wp-json\/wp\/v2\/product_cat?post=30889"},{"taxonomy":"product_tag","embeddable":true,"href":"https:\/\/nature-et-developpement.com\/logisain-78\/wp-json\/wp\/v2\/product_tag?post=30889"}],"curies":[{"name":"wp","href":"https:\/\/api.w.org\/{rel}","templated":true}]}}