{"id":30925,"date":"2022-07-01T17:30:27","date_gmt":"2022-07-01T15:30:27","guid":{"rendered":"https:\/\/nature-et-developpement.com\/logisain-78\/produit\/huile-pour-terrasse-n110\/"},"modified":"2025-06-12T16:58:39","modified_gmt":"2025-06-12T14:58:39","slug":"huile-pour-terrasse-n110","status":"publish","type":"product","link":"https:\/\/nature-et-developpement.com\/logisain-78\/produit\/huile-pour-terrasse-n110\/","title":{"rendered":"Huile pour terrasse n\u00b0110 Auro"},"content":{"rendered":"<h2>Pourquoi choisir l\u2019huile pour terrasse n\u00b0110\u00a0?<\/h2>\n<p>&nbsp;<\/p>\n<p>L\u2019huile pour terrasse n\u00b0110 est, comme son nom l\u2019indique, parfaite pour la protection des terrasses en bois. Elle ne s\u2019\u00e9caille pas et permet de conserver l\u2019aspect d\u2019origine de votre terrasse dans la dur\u00e9e.<\/p>\n<p>&nbsp;<\/p>\n<p>Elle a de fortes propri\u00e9t\u00e9s hydrofuges qui permettent de rendre la terrasse plus r\u00e9sistante face aux intemp\u00e9ries. Malgr\u00e9 ce c\u00f4t\u00e9 hydrofuge, l\u2019huile pour terrasse laisse respirer le bois et r\u00e9gule les variations d\u2019humidit\u00e9.<\/p>\n<p>&nbsp;<\/p>\n<p>Disponible en trois couleurs, teck, bangkira\u00ef et m\u00e9l\u00e8ze, ces huiles contiennent des pigments prot\u00e9geant le bois face aux UV tout en ravivant sa couleur.<\/p>\n<p>&nbsp;<\/p>\n<p>Pour r\u00e9sumer, en appliquant cette huile de protection sur votre terrasse en bois, elle est prot\u00e9g\u00e9e du grisaillement, des salissures et de l\u2019humidit\u00e9. Elle sera \u00e9galement plus facile d\u2019entretien et restera esth\u00e9tiquement stable pour toute la belle saison.<\/p>\n<h3>Comment utiliser l&rsquo;huile pour terrasse n\u00b0110 ?<\/h3>\n<p>&nbsp;<\/p>\n<p>Le support doit \u00eatre propre et sec avant d\u2019accueillir l\u2019huile de protection pour terrasse en bois. Pour garantir l\u2019efficacit\u00e9 de la protection et obtenir un r\u00e9sultat optimal, il est fortement conseill\u00e9 d\u2019utiliser un nettoyant sp\u00e9cifique comme le nettoyant pour terrasse n\u00b0801. Apr\u00e8s avoir nettoy\u00e9 le support, un l\u00e9ger pon\u00e7age permet de faciliter la p\u00e9n\u00e9tration de l\u2019huile dans le bois. Si plusieurs couches sont n\u00e9cessaires, il est pr\u00e9f\u00e9rable d\u2019effectuer un pon\u00e7age l\u00e9ger entre chaque couche.<\/p>\n<p>Une fois l\u2019huile bien remu\u00e9e, elle peut \u00eatre appliqu\u00e9e directement sur le bois brut \u00e0 l\u2019aide d\u2019un pinceau ou d\u2019un rouleau en feutre dans le sens du veinage du bois. Dans les 20-30 minutes suivant l\u2019application (avant le s\u00e9chage complet), essuyer la surface \u00e0 l\u2019aide d\u2019un chiffon absorbant afin d\u2019\u00e9liminer le surplus de produit. Patienter environ 24 heures avant d\u2019appliquer une seconde couche, cette derni\u00e8re pouvant \u00eatre appliqu\u00e9e au chiffon. Le passage d\u2019une deuxi\u00e8me couche intensifie la couleur de bois et la protection, la surface aura alors un aspect s<\/p>\n","protected":false},"excerpt":{"rendered":"<p>Cette huile naturelle pour l\u2019entretien des terrasses en bois est con\u00e7ue pour prot\u00e9ger facilement et efficacement les lames de terrasses en bois contre les UV, l\u2019humidit\u00e9 et l\u2019usage quotidien.<\/p>\n","protected":false},"featured_media":30921,"template":"","meta":[],"product_brand":[3668],"product_cat":[49,50],"product_tag":[],"class_list":{"0":"post-30925","1":"product","2":"type-product","3":"status-publish","4":"has-post-thumbnail","6":"product_brand-auro","7":"product_cat-protection-du-bois","8":"product_cat-protection-et-entretien","9":"product_shipping_class-peintures-accessoires-peintures","11":"first","12":"instock","13":"taxable","14":"shipping-taxable","15":"purchasable","16":"product-type-variable"},"yoast_head":"<!-- This site is optimized with the Yoast SEO plugin v27.5 - https:\/\/yoast.com\/product\/yoast-seo-wordpress\/ -->\n<title>Huile pour terrasse n\u00b0110 Auro<\/title>\n<meta name=\"description\" content=\"Cette huile naturelle pour l\u2019entretien des terrasses en bois est con\u00e7ue pour prot\u00e9ger facilement et efficacement les lames de terrasses en bois contre les UV, l\u2019humidit\u00e9 et l\u2019usage quotidien.\" \/>\n<meta name=\"robots\" content=\"noindex, follow\" \/>\n<meta property=\"og:locale\" content=\"fr_FR\" \/>\n<meta property=\"og:type\" content=\"article\" \/>\n<meta property=\"og:title\" content=\"Huile pour terrasse n\u00b0110 Auro\" \/>\n<meta property=\"og:description\" content=\"Cette huile naturelle pour l\u2019entretien des terrasses en bois est con\u00e7ue pour prot\u00e9ger facilement et efficacement les lames de terrasses en bois contre les UV, l\u2019humidit\u00e9 et l\u2019usage quotidien.\" \/>\n<meta property=\"og:url\" content=\"https:\/\/nature-et-developpement.com\/logisain-78\/produit\/huile-pour-terrasse-n110\/\" \/>\n<meta property=\"og:site_name\" content=\"LOGISAIN 78 \u2013 Magasin de mat\u00e9riaux biosourc\u00e9s\" \/>\n<meta property=\"article:modified_time\" content=\"2025-06-12T14:58:39+00:00\" \/>\n<meta property=\"og:image\" content=\"https:\/\/nature-et-developpement.com\/logisain-78\/wp-content\/uploads\/sites\/5\/2022\/07\/Huile-pour-terrasse-n\u00b0110-25L.jpg\" \/>\n\t<meta property=\"og:image:width\" content=\"800\" \/>\n\t<meta property=\"og:image:height\" content=\"800\" \/>\n\t<meta property=\"og:image:type\" content=\"image\/jpeg\" \/>\n<meta name=\"twitter:card\" content=\"summary_large_image\" \/>\n<meta name=\"twitter:label1\" content=\"Dur\u00e9e de lecture estim\u00e9e\" \/>\n\t<meta name=\"twitter:data1\" content=\"2 minutes\" \/>\n<script type=\"application\/ld+json\" class=\"yoast-schema-graph\">{\"@context\":\"https:\\\/\\\/schema.org\",\"@graph\":[{\"@type\":\"WebPage\",\"@id\":\"https:\\\/\\\/nature-et-developpement.com\\\/logisain-78\\\/produit\\\/huile-pour-terrasse-n110\\\/\",\"url\":\"https:\\\/\\\/nature-et-developpement.com\\\/logisain-78\\\/produit\\\/huile-pour-terrasse-n110\\\/\",\"name\":\"Huile pour terrasse n\u00b0110 Auro\",\"isPartOf\":{\"@id\":\"https:\\\/\\\/nature-et-developpement.com\\\/logisain-78\\\/#website\"},\"primaryImageOfPage\":{\"@id\":\"https:\\\/\\\/nature-et-developpement.com\\\/logisain-78\\\/produit\\\/huile-pour-terrasse-n110\\\/#primaryimage\"},\"image\":{\"@id\":\"https:\\\/\\\/nature-et-developpement.com\\\/logisain-78\\\/produit\\\/huile-pour-terrasse-n110\\\/#primaryimage\"},\"thumbnailUrl\":\"https:\\\/\\\/nature-et-developpement.com\\\/logisain-78\\\/wp-content\\\/uploads\\\/sites\\\/5\\\/2022\\\/07\\\/Huile-pour-terrasse-n\u00b0110-25L.jpg\",\"datePublished\":\"2022-07-01T15:30:27+00:00\",\"dateModified\":\"2025-06-12T14:58:39+00:00\",\"description\":\"Cette huile naturelle pour l\u2019entretien des terrasses en bois est con\u00e7ue pour prot\u00e9ger facilement et efficacement les lames de terrasses en bois contre les UV, l\u2019humidit\u00e9 et l\u2019usage quotidien.\",\"breadcrumb\":{\"@id\":\"https:\\\/\\\/nature-et-developpement.com\\\/logisain-78\\\/produit\\\/huile-pour-terrasse-n110\\\/#breadcrumb\"},\"inLanguage\":\"fr-FR\",\"potentialAction\":[{\"@type\":\"ReadAction\",\"target\":[\"https:\\\/\\\/nature-et-developpement.com\\\/logisain-78\\\/produit\\\/huile-pour-terrasse-n110\\\/\"]}]},{\"@type\":\"ImageObject\",\"inLanguage\":\"fr-FR\",\"@id\":\"https:\\\/\\\/nature-et-developpement.com\\\/logisain-78\\\/produit\\\/huile-pour-terrasse-n110\\\/#primaryimage\",\"url\":\"https:\\\/\\\/nature-et-developpement.com\\\/logisain-78\\\/wp-content\\\/uploads\\\/sites\\\/5\\\/2022\\\/07\\\/Huile-pour-terrasse-n\u00b0110-25L.jpg\",\"contentUrl\":\"https:\\\/\\\/nature-et-developpement.com\\\/logisain-78\\\/wp-content\\\/uploads\\\/sites\\\/5\\\/2022\\\/07\\\/Huile-pour-terrasse-n\u00b0110-25L.jpg\",\"width\":800,\"height\":800},{\"@type\":\"BreadcrumbList\",\"@id\":\"https:\\\/\\\/nature-et-developpement.com\\\/logisain-78\\\/produit\\\/huile-pour-terrasse-n110\\\/#breadcrumb\",\"itemListElement\":[{\"@type\":\"ListItem\",\"position\":1,\"name\":\"Accueil\",\"item\":\"https:\\\/\\\/nature-et-developpement.com\\\/logisain-78\\\/\"},{\"@type\":\"ListItem\",\"position\":2,\"name\":\"Produits\",\"item\":\"https:\\\/\\\/nature-et-developpement.com\\\/logisain-78\\\/shop\\\/\"},{\"@type\":\"ListItem\",\"position\":3,\"name\":\"Peinture, pigment et enduit\",\"item\":\"https:\\\/\\\/nature-et-developpement.com\\\/logisain-78\\\/produits\\\/peinture-et-enduit\\\/\"},{\"@type\":\"ListItem\",\"position\":4,\"name\":\"Protection du bois\",\"item\":\"https:\\\/\\\/nature-et-developpement.com\\\/logisain-78\\\/produits\\\/peinture-et-enduit\\\/protection-du-bois\\\/\"},{\"@type\":\"ListItem\",\"position\":5,\"name\":\"Huile pour terrasse n\u00b0110 Auro\"}]},{\"@type\":\"WebSite\",\"@id\":\"https:\\\/\\\/nature-et-developpement.com\\\/logisain-78\\\/#website\",\"url\":\"https:\\\/\\\/nature-et-developpement.com\\\/logisain-78\\\/\",\"name\":\"LOGISAIN 78 \u2013 Magasin de mat\u00e9riaux biosourc\u00e9s\",\"description\":\"Logisain 78 est membre du groupement Nature &amp; D\u00e9veloppement\",\"publisher\":{\"@id\":\"https:\\\/\\\/nature-et-developpement.com\\\/logisain-78\\\/#organization\"},\"potentialAction\":[{\"@type\":\"SearchAction\",\"target\":{\"@type\":\"EntryPoint\",\"urlTemplate\":\"https:\\\/\\\/nature-et-developpement.com\\\/logisain-78\\\/?s={search_term_string}\"},\"query-input\":{\"@type\":\"PropertyValueSpecification\",\"valueRequired\":true,\"valueName\":\"search_term_string\"}}],\"inLanguage\":\"fr-FR\"},{\"@type\":\"Organization\",\"@id\":\"https:\\\/\\\/nature-et-developpement.com\\\/logisain-78\\\/#organization\",\"name\":\"Logisain 78\",\"url\":\"https:\\\/\\\/nature-et-developpement.com\\\/logisain-78\\\/\",\"logo\":{\"@type\":\"ImageObject\",\"inLanguage\":\"fr-FR\",\"@id\":\"https:\\\/\\\/nature-et-developpement.com\\\/logisain-78\\\/#\\\/schema\\\/logo\\\/image\\\/\",\"url\":\"https:\\\/\\\/nature-et-developpement.com\\\/logisain-78\\\/wp-content\\\/uploads\\\/sites\\\/5\\\/2021\\\/08\\\/logo-logisain.jpg\",\"contentUrl\":\"https:\\\/\\\/nature-et-developpement.com\\\/logisain-78\\\/wp-content\\\/uploads\\\/sites\\\/5\\\/2021\\\/08\\\/logo-logisain.jpg\",\"width\":672,\"height\":455,\"caption\":\"Logisain 78\"},\"image\":{\"@id\":\"https:\\\/\\\/nature-et-developpement.com\\\/logisain-78\\\/#\\\/schema\\\/logo\\\/image\\\/\"}}]}<\/script>\n<!-- \/ Yoast SEO plugin. -->","yoast_head_json":{"title":"Huile pour terrasse n\u00b0110 Auro","description":"Cette huile naturelle pour l\u2019entretien des terrasses en bois est con\u00e7ue pour prot\u00e9ger facilement et efficacement les lames de terrasses en bois contre les UV, l\u2019humidit\u00e9 et l\u2019usage quotidien.","robots":{"index":"noindex","follow":"follow"},"og_locale":"fr_FR","og_type":"article","og_title":"Huile pour terrasse n\u00b0110 Auro","og_description":"Cette huile naturelle pour l\u2019entretien des terrasses en bois est con\u00e7ue pour prot\u00e9ger facilement et efficacement les lames de terrasses en bois contre les UV, l\u2019humidit\u00e9 et l\u2019usage quotidien.","og_url":"https:\/\/nature-et-developpement.com\/logisain-78\/produit\/huile-pour-terrasse-n110\/","og_site_name":"LOGISAIN 78 \u2013 Magasin de mat\u00e9riaux biosourc\u00e9s","article_modified_time":"2025-06-12T14:58:39+00:00","og_image":[{"width":800,"height":800,"url":"https:\/\/nature-et-developpement.com\/logisain-78\/wp-content\/uploads\/sites\/5\/2022\/07\/Huile-pour-terrasse-n\u00b0110-25L.jpg","type":"image\/jpeg"}],"twitter_card":"summary_large_image","twitter_misc":{"Dur\u00e9e de lecture estim\u00e9e":"2 minutes"},"schema":{"@context":"https:\/\/schema.org","@graph":[{"@type":"WebPage","@id":"https:\/\/nature-et-developpement.com\/logisain-78\/produit\/huile-pour-terrasse-n110\/","url":"https:\/\/nature-et-developpement.com\/logisain-78\/produit\/huile-pour-terrasse-n110\/","name":"Huile pour terrasse n\u00b0110 Auro","isPartOf":{"@id":"https:\/\/nature-et-developpement.com\/logisain-78\/#website"},"primaryImageOfPage":{"@id":"https:\/\/nature-et-developpement.com\/logisain-78\/produit\/huile-pour-terrasse-n110\/#primaryimage"},"image":{"@id":"https:\/\/nature-et-developpement.com\/logisain-78\/produit\/huile-pour-terrasse-n110\/#primaryimage"},"thumbnailUrl":"https:\/\/nature-et-developpement.com\/logisain-78\/wp-content\/uploads\/sites\/5\/2022\/07\/Huile-pour-terrasse-n\u00b0110-25L.jpg","datePublished":"2022-07-01T15:30:27+00:00","dateModified":"2025-06-12T14:58:39+00:00","description":"Cette huile naturelle pour l\u2019entretien des terrasses en bois est con\u00e7ue pour prot\u00e9ger facilement et efficacement les lames de terrasses en bois contre les UV, l\u2019humidit\u00e9 et l\u2019usage quotidien.","breadcrumb":{"@id":"https:\/\/nature-et-developpement.com\/logisain-78\/produit\/huile-pour-terrasse-n110\/#breadcrumb"},"inLanguage":"fr-FR","potentialAction":[{"@type":"ReadAction","target":["https:\/\/nature-et-developpement.com\/logisain-78\/produit\/huile-pour-terrasse-n110\/"]}]},{"@type":"ImageObject","inLanguage":"fr-FR","@id":"https:\/\/nature-et-developpement.com\/logisain-78\/produit\/huile-pour-terrasse-n110\/#primaryimage","url":"https:\/\/nature-et-developpement.com\/logisain-78\/wp-content\/uploads\/sites\/5\/2022\/07\/Huile-pour-terrasse-n\u00b0110-25L.jpg","contentUrl":"https:\/\/nature-et-developpement.com\/logisain-78\/wp-content\/uploads\/sites\/5\/2022\/07\/Huile-pour-terrasse-n\u00b0110-25L.jpg","width":800,"height":800},{"@type":"BreadcrumbList","@id":"https:\/\/nature-et-developpement.com\/logisain-78\/produit\/huile-pour-terrasse-n110\/#breadcrumb","itemListElement":[{"@type":"ListItem","position":1,"name":"Accueil","item":"https:\/\/nature-et-developpement.com\/logisain-78\/"},{"@type":"ListItem","position":2,"name":"Produits","item":"https:\/\/nature-et-developpement.com\/logisain-78\/shop\/"},{"@type":"ListItem","position":3,"name":"Peinture, pigment et enduit","item":"https:\/\/nature-et-developpement.com\/logisain-78\/produits\/peinture-et-enduit\/"},{"@type":"ListItem","position":4,"name":"Protection du bois","item":"https:\/\/nature-et-developpement.com\/logisain-78\/produits\/peinture-et-enduit\/protection-du-bois\/"},{"@type":"ListItem","position":5,"name":"Huile pour terrasse n\u00b0110 Auro"}]},{"@type":"WebSite","@id":"https:\/\/nature-et-developpement.com\/logisain-78\/#website","url":"https:\/\/nature-et-developpement.com\/logisain-78\/","name":"LOGISAIN 78 \u2013 Magasin de mat\u00e9riaux biosourc\u00e9s","description":"Logisain 78 est membre du groupement Nature &amp; D\u00e9veloppement","publisher":{"@id":"https:\/\/nature-et-developpement.com\/logisain-78\/#organization"},"potentialAction":[{"@type":"SearchAction","target":{"@type":"EntryPoint","urlTemplate":"https:\/\/nature-et-developpement.com\/logisain-78\/?s={search_term_string}"},"query-input":{"@type":"PropertyValueSpecification","valueRequired":true,"valueName":"search_term_string"}}],"inLanguage":"fr-FR"},{"@type":"Organization","@id":"https:\/\/nature-et-developpement.com\/logisain-78\/#organization","name":"Logisain 78","url":"https:\/\/nature-et-developpement.com\/logisain-78\/","logo":{"@type":"ImageObject","inLanguage":"fr-FR","@id":"https:\/\/nature-et-developpement.com\/logisain-78\/#\/schema\/logo\/image\/","url":"https:\/\/nature-et-developpement.com\/logisain-78\/wp-content\/uploads\/sites\/5\/2021\/08\/logo-logisain.jpg","contentUrl":"https:\/\/nature-et-developpement.com\/logisain-78\/wp-content\/uploads\/sites\/5\/2021\/08\/logo-logisain.jpg","width":672,"height":455,"caption":"Logisain 78"},"image":{"@id":"https:\/\/nature-et-developpement.com\/logisain-78\/#\/schema\/logo\/image\/"}}]}},"distributor_meta":false,"distributor_terms":false,"distributor_media":false,"distributor_original_site_name":"LOGISAIN 78 \u2013 Magasin de mat\u00e9riaux biosourc\u00e9s","distributor_original_site_url":"https:\/\/nature-et-developpement.com\/logisain-78","push-errors":false,"_links":{"self":[{"href":"https:\/\/nature-et-developpement.com\/logisain-78\/wp-json\/wp\/v2\/product\/30925","targetHints":{"allow":["GET"]}}],"collection":[{"href":"https:\/\/nature-et-developpement.com\/logisain-78\/wp-json\/wp\/v2\/product"}],"about":[{"href":"https:\/\/nature-et-developpement.com\/logisain-78\/wp-json\/wp\/v2\/types\/product"}],"wp:featuredmedia":[{"embeddable":true,"href":"https:\/\/nature-et-developpement.com\/logisain-78\/wp-json\/wp\/v2\/media\/30921"}],"wp:attachment":[{"href":"https:\/\/nature-et-developpement.com\/logisain-78\/wp-json\/wp\/v2\/media?parent=30925"}],"wp:term":[{"taxonomy":"product_brand","embeddable":true,"href":"https:\/\/nature-et-developpement.com\/logisain-78\/wp-json\/wp\/v2\/product_brand?post=30925"},{"taxonomy":"product_cat","embeddable":true,"href":"https:\/\/nature-et-developpement.com\/logisain-78\/wp-json\/wp\/v2\/product_cat?post=30925"},{"taxonomy":"product_tag","embeddable":true,"href":"https:\/\/nature-et-developpement.com\/logisain-78\/wp-json\/wp\/v2\/product_tag?post=30925"}],"curies":[{"name":"wp","href":"https:\/\/api.w.org\/{rel}","templated":true}]}}