{"id":30940,"date":"2022-07-05T12:07:14","date_gmt":"2022-07-05T10:07:14","guid":{"rendered":"https:\/\/nature-et-developpement.com\/logisain-78\/?post_type=product&#038;p=30940"},"modified":"2025-06-12T16:58:40","modified_gmt":"2025-06-12T14:58:40","slug":"huile-dure-n126-auro","status":"publish","type":"product","link":"https:\/\/nature-et-developpement.com\/logisain-78\/produit\/huile-dure-n126-auro\/","title":{"rendered":"Huile dure n\u00b0126 Auro"},"content":{"rendered":"<h2>Pourquoi utiliser l\u2019huile dure n\u00b0126\u00a0?<\/h2>\n<p>Deux utilisations sont possibles pour l\u2019huile dure n\u00b0126\u00a0:<\/p>\n<ul>\n<li>\u00a0 \u00a0 \u00a0 \u00a0\u00a0Comme impr\u00e9gnation pour des supports absorbants combin\u00e9 \u00e0 un traitement ult\u00e9rieur de cette surface avec une huile ou une cire.<\/li>\n<li>\u00a0 \u00a0 \u00a0 \u00a0\u00a0Comme traitement unique de finition sur des surfaces en bois ou en li\u00e8ge sollicit\u00e9es normalement.<\/li>\n<\/ul>\n<p>L\u2019huile dure n\u00b0126 peut \u00eatre utilis\u00e9e un int\u00e9rieur et en ext\u00e9rieur \u00e0 condition que la surface trait\u00e9e ne soit pas expos\u00e9e aux intemp\u00e9ries.<\/p>\n<p>Impr\u00e9gnation ou finition incolore du bois, l\u2019huile dure n\u00b0126 est compos\u00e9e uniquement de mati\u00e8res premi\u00e8res \u00e9cologiques et est donc totalement respectueuse de l\u2019environnement.<\/p>\n<p>Elle r\u00e9pond aussi \u00e0 certaines normes qui la rendent par exemple compatible avec la s\u00e9curit\u00e9 des jouets et r\u00e9sistante \u00e0 la salive et la sueur.<\/p>\n<p>En ce qui concerne le c\u00f4t\u00e9 esth\u00e9tique, cette huile est incolore.<\/p>\n<p>Elle apportera tout de m\u00eame un l\u00e9ger effet fum\u00e9, teinte miel.<\/p>\n<p>Il est possible de teinter cette huile dure \u00e0 l\u2019aide de colorants pour huile (maximum 20% pour ne pas perdre en efficacit\u00e9).<\/p>\n<p>Le rendu final est susceptible de varier en fonction du bois trait\u00e9, il peut \u00eatre utile de r\u00e9aliser des essais au pr\u00e9alable.<\/p>\n<h3>Comment utiliser l\u2019huile dure n\u00b0126\u00a0?<\/h3>\n<p>L\u2019huile dure n\u00b0126 s\u2019applique facilement, au pinceau, \u00e0 la brosse plate, par trempage ou par pulv\u00e9risation.<\/p>\n<p>L\u2019huile p\u00e9n\u00e8tre dans le support en 10 \u00e0 30 minutes, la surface trait\u00e9e est s\u00e8che au toucher au bout d\u2019une dizaine d\u2019heures.<\/p>\n<p>Dans le cas o\u00f9 un traitement suppl\u00e9mentaire doit \u00eatre appliqu\u00e9 sur cette surface, attendre environ 24h.<\/p>\n<p>La duret\u00e9 finale du produit et donc son efficacit\u00e9 intervient environ 4 semaines apr\u00e8s son application.<\/p>\n<p>Il est conseill\u00e9 d\u2019\u00e9viter de solliciter trop fortement ou d\u2019exposer la surface \u00e0 l\u2019humidit\u00e9 durant cette p\u00e9riode.<\/p>\n","protected":false},"excerpt":{"rendered":"<p>L\u2019huile dure n\u00b0126 est adapt\u00e9e aux sols en bois et toutes autres surfaces int\u00e9rieures en bois normalement sollicit\u00e9es.<\/p>\n<p>Traitement unique ou primaire absorbant pour un autre traitement \u00e0 l\u2019huile ou \u00e0 la cire.<\/p>\n","protected":false},"featured_media":30941,"template":"","meta":[],"product_brand":[3668],"product_cat":[49,50],"product_tag":[],"class_list":{"0":"post-30940","1":"product","2":"type-product","3":"status-publish","4":"has-post-thumbnail","6":"product_brand-auro","7":"product_cat-protection-du-bois","8":"product_cat-protection-et-entretien","9":"product_shipping_class-peintures-accessoires-peintures","11":"first","12":"instock","13":"taxable","14":"shipping-taxable","15":"purchasable","16":"product-type-variable"},"yoast_head":"<!-- This site is optimized with the Yoast SEO plugin v27.5 - https:\/\/yoast.com\/product\/yoast-seo-wordpress\/ -->\n<title>Huile dure n\u00b0126 Auro<\/title>\n<meta name=\"description\" content=\"L\u2019huile dure n\u00b0126 est adapt\u00e9e aux sols en bois et toutes autres surfaces int\u00e9rieures en bois normalement sollicit\u00e9es.  Traitement unique ou primaire absorbant pour un autre traitement \u00e0 l\u2019huile ou \u00e0 la cire.\" \/>\n<meta name=\"robots\" content=\"noindex, follow\" \/>\n<meta property=\"og:locale\" content=\"fr_FR\" \/>\n<meta property=\"og:type\" content=\"article\" \/>\n<meta property=\"og:title\" content=\"Huile dure n\u00b0126 Auro\" \/>\n<meta property=\"og:description\" content=\"L\u2019huile dure n\u00b0126 est adapt\u00e9e aux sols en bois et toutes autres surfaces int\u00e9rieures en bois normalement sollicit\u00e9es.  Traitement unique ou primaire absorbant pour un autre traitement \u00e0 l\u2019huile ou \u00e0 la cire.\" \/>\n<meta property=\"og:url\" content=\"https:\/\/nature-et-developpement.com\/logisain-78\/produit\/huile-dure-n126-auro\/\" \/>\n<meta property=\"og:site_name\" content=\"LOGISAIN 78 \u2013 Magasin de mat\u00e9riaux biosourc\u00e9s\" \/>\n<meta property=\"article:modified_time\" content=\"2025-06-12T14:58:40+00:00\" \/>\n<meta property=\"og:image\" content=\"https:\/\/nature-et-developpement.com\/logisain-78\/wp-content\/uploads\/sites\/5\/2022\/07\/Huile-dure-n\u00b0126-Auro.jpg\" \/>\n\t<meta property=\"og:image:width\" content=\"800\" \/>\n\t<meta property=\"og:image:height\" content=\"800\" \/>\n\t<meta property=\"og:image:type\" content=\"image\/jpeg\" \/>\n<meta name=\"twitter:card\" content=\"summary_large_image\" \/>\n<meta name=\"twitter:label1\" content=\"Dur\u00e9e de lecture estim\u00e9e\" \/>\n\t<meta name=\"twitter:data1\" content=\"2 minutes\" \/>\n<script type=\"application\/ld+json\" class=\"yoast-schema-graph\">{\"@context\":\"https:\\\/\\\/schema.org\",\"@graph\":[{\"@type\":\"WebPage\",\"@id\":\"https:\\\/\\\/nature-et-developpement.com\\\/logisain-78\\\/produit\\\/huile-dure-n126-auro\\\/\",\"url\":\"https:\\\/\\\/nature-et-developpement.com\\\/logisain-78\\\/produit\\\/huile-dure-n126-auro\\\/\",\"name\":\"Huile dure n\u00b0126 Auro\",\"isPartOf\":{\"@id\":\"https:\\\/\\\/nature-et-developpement.com\\\/logisain-78\\\/#website\"},\"primaryImageOfPage\":{\"@id\":\"https:\\\/\\\/nature-et-developpement.com\\\/logisain-78\\\/produit\\\/huile-dure-n126-auro\\\/#primaryimage\"},\"image\":{\"@id\":\"https:\\\/\\\/nature-et-developpement.com\\\/logisain-78\\\/produit\\\/huile-dure-n126-auro\\\/#primaryimage\"},\"thumbnailUrl\":\"https:\\\/\\\/nature-et-developpement.com\\\/logisain-78\\\/wp-content\\\/uploads\\\/sites\\\/5\\\/2022\\\/07\\\/Huile-dure-n\u00b0126-Auro.jpg\",\"datePublished\":\"2022-07-05T10:07:14+00:00\",\"dateModified\":\"2025-06-12T14:58:40+00:00\",\"description\":\"L\u2019huile dure n\u00b0126 est adapt\u00e9e aux sols en bois et toutes autres surfaces int\u00e9rieures en bois normalement sollicit\u00e9es. Traitement unique ou primaire absorbant pour un autre traitement \u00e0 l\u2019huile ou \u00e0 la cire.\",\"breadcrumb\":{\"@id\":\"https:\\\/\\\/nature-et-developpement.com\\\/logisain-78\\\/produit\\\/huile-dure-n126-auro\\\/#breadcrumb\"},\"inLanguage\":\"fr-FR\",\"potentialAction\":[{\"@type\":\"ReadAction\",\"target\":[\"https:\\\/\\\/nature-et-developpement.com\\\/logisain-78\\\/produit\\\/huile-dure-n126-auro\\\/\"]}]},{\"@type\":\"ImageObject\",\"inLanguage\":\"fr-FR\",\"@id\":\"https:\\\/\\\/nature-et-developpement.com\\\/logisain-78\\\/produit\\\/huile-dure-n126-auro\\\/#primaryimage\",\"url\":\"https:\\\/\\\/nature-et-developpement.com\\\/logisain-78\\\/wp-content\\\/uploads\\\/sites\\\/5\\\/2022\\\/07\\\/Huile-dure-n\u00b0126-Auro.jpg\",\"contentUrl\":\"https:\\\/\\\/nature-et-developpement.com\\\/logisain-78\\\/wp-content\\\/uploads\\\/sites\\\/5\\\/2022\\\/07\\\/Huile-dure-n\u00b0126-Auro.jpg\",\"width\":800,\"height\":800},{\"@type\":\"BreadcrumbList\",\"@id\":\"https:\\\/\\\/nature-et-developpement.com\\\/logisain-78\\\/produit\\\/huile-dure-n126-auro\\\/#breadcrumb\",\"itemListElement\":[{\"@type\":\"ListItem\",\"position\":1,\"name\":\"Accueil\",\"item\":\"https:\\\/\\\/nature-et-developpement.com\\\/logisain-78\\\/\"},{\"@type\":\"ListItem\",\"position\":2,\"name\":\"Produits\",\"item\":\"https:\\\/\\\/nature-et-developpement.com\\\/logisain-78\\\/shop\\\/\"},{\"@type\":\"ListItem\",\"position\":3,\"name\":\"Peinture, pigment et enduit\",\"item\":\"https:\\\/\\\/nature-et-developpement.com\\\/logisain-78\\\/produits\\\/peinture-et-enduit\\\/\"},{\"@type\":\"ListItem\",\"position\":4,\"name\":\"Protection du bois\",\"item\":\"https:\\\/\\\/nature-et-developpement.com\\\/logisain-78\\\/produits\\\/peinture-et-enduit\\\/protection-du-bois\\\/\"},{\"@type\":\"ListItem\",\"position\":5,\"name\":\"Huile dure n\u00b0126 Auro\"}]},{\"@type\":\"WebSite\",\"@id\":\"https:\\\/\\\/nature-et-developpement.com\\\/logisain-78\\\/#website\",\"url\":\"https:\\\/\\\/nature-et-developpement.com\\\/logisain-78\\\/\",\"name\":\"LOGISAIN 78 \u2013 Magasin de mat\u00e9riaux biosourc\u00e9s\",\"description\":\"Logisain 78 est membre du groupement Nature &amp; D\u00e9veloppement\",\"publisher\":{\"@id\":\"https:\\\/\\\/nature-et-developpement.com\\\/logisain-78\\\/#organization\"},\"potentialAction\":[{\"@type\":\"SearchAction\",\"target\":{\"@type\":\"EntryPoint\",\"urlTemplate\":\"https:\\\/\\\/nature-et-developpement.com\\\/logisain-78\\\/?s={search_term_string}\"},\"query-input\":{\"@type\":\"PropertyValueSpecification\",\"valueRequired\":true,\"valueName\":\"search_term_string\"}}],\"inLanguage\":\"fr-FR\"},{\"@type\":\"Organization\",\"@id\":\"https:\\\/\\\/nature-et-developpement.com\\\/logisain-78\\\/#organization\",\"name\":\"Logisain 78\",\"url\":\"https:\\\/\\\/nature-et-developpement.com\\\/logisain-78\\\/\",\"logo\":{\"@type\":\"ImageObject\",\"inLanguage\":\"fr-FR\",\"@id\":\"https:\\\/\\\/nature-et-developpement.com\\\/logisain-78\\\/#\\\/schema\\\/logo\\\/image\\\/\",\"url\":\"https:\\\/\\\/nature-et-developpement.com\\\/logisain-78\\\/wp-content\\\/uploads\\\/sites\\\/5\\\/2021\\\/08\\\/logo-logisain.jpg\",\"contentUrl\":\"https:\\\/\\\/nature-et-developpement.com\\\/logisain-78\\\/wp-content\\\/uploads\\\/sites\\\/5\\\/2021\\\/08\\\/logo-logisain.jpg\",\"width\":672,\"height\":455,\"caption\":\"Logisain 78\"},\"image\":{\"@id\":\"https:\\\/\\\/nature-et-developpement.com\\\/logisain-78\\\/#\\\/schema\\\/logo\\\/image\\\/\"}}]}<\/script>\n<!-- \/ Yoast SEO plugin. -->","yoast_head_json":{"title":"Huile dure n\u00b0126 Auro","description":"L\u2019huile dure n\u00b0126 est adapt\u00e9e aux sols en bois et toutes autres surfaces int\u00e9rieures en bois normalement sollicit\u00e9es.  Traitement unique ou primaire absorbant pour un autre traitement \u00e0 l\u2019huile ou \u00e0 la cire.","robots":{"index":"noindex","follow":"follow"},"og_locale":"fr_FR","og_type":"article","og_title":"Huile dure n\u00b0126 Auro","og_description":"L\u2019huile dure n\u00b0126 est adapt\u00e9e aux sols en bois et toutes autres surfaces int\u00e9rieures en bois normalement sollicit\u00e9es.  Traitement unique ou primaire absorbant pour un autre traitement \u00e0 l\u2019huile ou \u00e0 la cire.","og_url":"https:\/\/nature-et-developpement.com\/logisain-78\/produit\/huile-dure-n126-auro\/","og_site_name":"LOGISAIN 78 \u2013 Magasin de mat\u00e9riaux biosourc\u00e9s","article_modified_time":"2025-06-12T14:58:40+00:00","og_image":[{"width":800,"height":800,"url":"https:\/\/nature-et-developpement.com\/logisain-78\/wp-content\/uploads\/sites\/5\/2022\/07\/Huile-dure-n\u00b0126-Auro.jpg","type":"image\/jpeg"}],"twitter_card":"summary_large_image","twitter_misc":{"Dur\u00e9e de lecture estim\u00e9e":"2 minutes"},"schema":{"@context":"https:\/\/schema.org","@graph":[{"@type":"WebPage","@id":"https:\/\/nature-et-developpement.com\/logisain-78\/produit\/huile-dure-n126-auro\/","url":"https:\/\/nature-et-developpement.com\/logisain-78\/produit\/huile-dure-n126-auro\/","name":"Huile dure n\u00b0126 Auro","isPartOf":{"@id":"https:\/\/nature-et-developpement.com\/logisain-78\/#website"},"primaryImageOfPage":{"@id":"https:\/\/nature-et-developpement.com\/logisain-78\/produit\/huile-dure-n126-auro\/#primaryimage"},"image":{"@id":"https:\/\/nature-et-developpement.com\/logisain-78\/produit\/huile-dure-n126-auro\/#primaryimage"},"thumbnailUrl":"https:\/\/nature-et-developpement.com\/logisain-78\/wp-content\/uploads\/sites\/5\/2022\/07\/Huile-dure-n\u00b0126-Auro.jpg","datePublished":"2022-07-05T10:07:14+00:00","dateModified":"2025-06-12T14:58:40+00:00","description":"L\u2019huile dure n\u00b0126 est adapt\u00e9e aux sols en bois et toutes autres surfaces int\u00e9rieures en bois normalement sollicit\u00e9es. Traitement unique ou primaire absorbant pour un autre traitement \u00e0 l\u2019huile ou \u00e0 la cire.","breadcrumb":{"@id":"https:\/\/nature-et-developpement.com\/logisain-78\/produit\/huile-dure-n126-auro\/#breadcrumb"},"inLanguage":"fr-FR","potentialAction":[{"@type":"ReadAction","target":["https:\/\/nature-et-developpement.com\/logisain-78\/produit\/huile-dure-n126-auro\/"]}]},{"@type":"ImageObject","inLanguage":"fr-FR","@id":"https:\/\/nature-et-developpement.com\/logisain-78\/produit\/huile-dure-n126-auro\/#primaryimage","url":"https:\/\/nature-et-developpement.com\/logisain-78\/wp-content\/uploads\/sites\/5\/2022\/07\/Huile-dure-n\u00b0126-Auro.jpg","contentUrl":"https:\/\/nature-et-developpement.com\/logisain-78\/wp-content\/uploads\/sites\/5\/2022\/07\/Huile-dure-n\u00b0126-Auro.jpg","width":800,"height":800},{"@type":"BreadcrumbList","@id":"https:\/\/nature-et-developpement.com\/logisain-78\/produit\/huile-dure-n126-auro\/#breadcrumb","itemListElement":[{"@type":"ListItem","position":1,"name":"Accueil","item":"https:\/\/nature-et-developpement.com\/logisain-78\/"},{"@type":"ListItem","position":2,"name":"Produits","item":"https:\/\/nature-et-developpement.com\/logisain-78\/shop\/"},{"@type":"ListItem","position":3,"name":"Peinture, pigment et enduit","item":"https:\/\/nature-et-developpement.com\/logisain-78\/produits\/peinture-et-enduit\/"},{"@type":"ListItem","position":4,"name":"Protection du bois","item":"https:\/\/nature-et-developpement.com\/logisain-78\/produits\/peinture-et-enduit\/protection-du-bois\/"},{"@type":"ListItem","position":5,"name":"Huile dure n\u00b0126 Auro"}]},{"@type":"WebSite","@id":"https:\/\/nature-et-developpement.com\/logisain-78\/#website","url":"https:\/\/nature-et-developpement.com\/logisain-78\/","name":"LOGISAIN 78 \u2013 Magasin de mat\u00e9riaux biosourc\u00e9s","description":"Logisain 78 est membre du groupement Nature &amp; D\u00e9veloppement","publisher":{"@id":"https:\/\/nature-et-developpement.com\/logisain-78\/#organization"},"potentialAction":[{"@type":"SearchAction","target":{"@type":"EntryPoint","urlTemplate":"https:\/\/nature-et-developpement.com\/logisain-78\/?s={search_term_string}"},"query-input":{"@type":"PropertyValueSpecification","valueRequired":true,"valueName":"search_term_string"}}],"inLanguage":"fr-FR"},{"@type":"Organization","@id":"https:\/\/nature-et-developpement.com\/logisain-78\/#organization","name":"Logisain 78","url":"https:\/\/nature-et-developpement.com\/logisain-78\/","logo":{"@type":"ImageObject","inLanguage":"fr-FR","@id":"https:\/\/nature-et-developpement.com\/logisain-78\/#\/schema\/logo\/image\/","url":"https:\/\/nature-et-developpement.com\/logisain-78\/wp-content\/uploads\/sites\/5\/2021\/08\/logo-logisain.jpg","contentUrl":"https:\/\/nature-et-developpement.com\/logisain-78\/wp-content\/uploads\/sites\/5\/2021\/08\/logo-logisain.jpg","width":672,"height":455,"caption":"Logisain 78"},"image":{"@id":"https:\/\/nature-et-developpement.com\/logisain-78\/#\/schema\/logo\/image\/"}}]}},"distributor_meta":false,"distributor_terms":false,"distributor_media":false,"distributor_original_site_name":"LOGISAIN 78 \u2013 Magasin de mat\u00e9riaux biosourc\u00e9s","distributor_original_site_url":"https:\/\/nature-et-developpement.com\/logisain-78","push-errors":false,"_links":{"self":[{"href":"https:\/\/nature-et-developpement.com\/logisain-78\/wp-json\/wp\/v2\/product\/30940","targetHints":{"allow":["GET"]}}],"collection":[{"href":"https:\/\/nature-et-developpement.com\/logisain-78\/wp-json\/wp\/v2\/product"}],"about":[{"href":"https:\/\/nature-et-developpement.com\/logisain-78\/wp-json\/wp\/v2\/types\/product"}],"wp:featuredmedia":[{"embeddable":true,"href":"https:\/\/nature-et-developpement.com\/logisain-78\/wp-json\/wp\/v2\/media\/30941"}],"wp:attachment":[{"href":"https:\/\/nature-et-developpement.com\/logisain-78\/wp-json\/wp\/v2\/media?parent=30940"}],"wp:term":[{"taxonomy":"product_brand","embeddable":true,"href":"https:\/\/nature-et-developpement.com\/logisain-78\/wp-json\/wp\/v2\/product_brand?post=30940"},{"taxonomy":"product_cat","embeddable":true,"href":"https:\/\/nature-et-developpement.com\/logisain-78\/wp-json\/wp\/v2\/product_cat?post=30940"},{"taxonomy":"product_tag","embeddable":true,"href":"https:\/\/nature-et-developpement.com\/logisain-78\/wp-json\/wp\/v2\/product_tag?post=30940"}],"curies":[{"name":"wp","href":"https:\/\/api.w.org\/{rel}","templated":true}]}}