{"id":30950,"date":"2022-07-05T12:59:37","date_gmt":"2022-07-05T10:59:37","guid":{"rendered":"https:\/\/nature-et-developpement.com\/logisain-78\/?post_type=product&#038;p=30950"},"modified":"2025-06-12T16:58:40","modified_gmt":"2025-06-12T14:58:40","slug":"impregnation-dure-n127-auro","status":"publish","type":"product","link":"https:\/\/nature-et-developpement.com\/logisain-78\/produit\/impregnation-dure-n127-auro\/","title":{"rendered":"Impr\u00e9gnation dure n\u00b0127 Auro"},"content":{"rendered":"<h2>Pourquoi choisir l\u2019impr\u00e9gnation dure n\u00b0127\u00a0?<\/h2>\n<p>Impr\u00e9gnation dure transparente sans solvant, id\u00e9ale pour une utilisation en int\u00e9rieur sur tous types de bois ou d\u00e9riv\u00e9s de bois pauvres en substances actives.<\/p>\n<p>Cette impr\u00e9gnation permet de\u00a0pr\u00e9parer la surface en vue d\u2019un traitement ult\u00e9rieur avec une laque\u00a0(n\u00b0250, n\u00b0260 ou n\u00b0267) ou une cire pour bois (n\u00b0187).<\/p>\n<p>L\u2019impr\u00e9gnation dure n\u00b0127 convient uniquement pour une utilisation sur des bois pauvres en substances actives.<\/p>\n<p>Pour un traitement de surface en bois riche en tanins, contenant des substances colorantes suintantes ou des bois trait\u00e9s avec des sels ou autoclave, il est fortement conseill\u00e9 d\u2019utiliser la primaire sp\u00e9cial n\u00b0117.<\/p>\n<p>Cette derni\u00e8re est sp\u00e9cialement con\u00e7ue pour \u00e9viter les remont\u00e9es tanniques et efflorescences.<\/p>\n<h3>Comment r\u00e9aliser une couche d\u2019impr\u00e9gnation avec l\u2019impr\u00e9gnation dure n\u00b0127\u00a0?<\/h3>\n<p>Pour appliquer efficacement une impr\u00e9gnation dure, il est important que le support soit compatible avec le produit.<\/p>\n<p>L\u2019impr\u00e9gnation dure n\u00b0127 convient aux bois massifs non trait\u00e9s, exempt ou pauvre en substances actives et peut, sous certaines conditions, \u00eatre appliqu\u00e9e sur des d\u00e9riv\u00e9s du bois.<\/p>\n<p>Le support doit \u00e9galement respecter quelques conditions avant d\u2019accueillir l\u2019impr\u00e9gnation dure n\u00b0127.<\/p>\n<p>Il doit \u00e9videmment \u00eatre propre, sec et solide. Il doit aussi \u00eatre neutre chimiquement, ne pas pr\u00e9senter de graisses, de substances huileuses ou colorantes.<\/p>\n<p>Pour pr\u00e9parer la surface il est conseill\u00e9 de poncer et brosser finement la surface dans le sens des fibres avant l\u2019application.<\/p>\n<p>Appliquer ensuite une couche uniforme de l\u2019impr\u00e9gnation dure (en passes crois\u00e9es) au pinceau ou au rouleau.<\/p>\n<p>La surface pourra \u00eatre recouverte avec le produit de finition choisi apr\u00e8s 24h de s\u00e9chage.<\/p>\n<p>La duret\u00e9 finale est obtenue apr\u00e8s environ 3 jours. Il est conseill\u00e9 de m\u00e9nager au maximum la surface durant cette p\u00e9riode.<\/p>\n<p>Pour optimiser et acc\u00e9l\u00e9rer le s\u00e9chage, une bonne a\u00e9ration de la pi\u00e8ce d\u2019application est primordiale.<\/p>\n","protected":false},"excerpt":{"rendered":"<p>L\u2018impr\u00e9gnation dure n\u00b0127 est une\u00a0<b>primaire transparente<\/b>\u00a0\u00e0 appliquer sur des surfaces en bois pauvres en substances actives, avant de les traiter avec un produit de la gamme AURO Aqua.<\/p>\n","protected":false},"featured_media":30951,"template":"","meta":[],"product_brand":[3668],"product_cat":[206,49,50],"product_tag":[],"class_list":{"0":"post-30950","1":"product","2":"type-product","3":"status-publish","4":"has-post-thumbnail","6":"product_brand-auro","7":"product_cat-preparation-du-support","8":"product_cat-protection-du-bois","9":"product_cat-protection-et-entretien","10":"product_shipping_class-peintures-accessoires-peintures","12":"first","13":"instock","14":"taxable","15":"shipping-taxable","16":"purchasable","17":"product-type-variable"},"yoast_head":"<!-- This site is optimized with the Yoast SEO plugin v27.5 - https:\/\/yoast.com\/product\/yoast-seo-wordpress\/ -->\n<title>Impr\u00e9gnation dure n\u00b0127 Auro<\/title>\n<meta name=\"description\" content=\"L\u2018impr\u00e9gnation dure n\u00b0127 est une\u00a0primaire transparente\u00a0\u00e0 appliquer sur des surfaces en bois pauvres en substances actives, avant de les traiter avec un produit de la gamme AURO Aqua.\" \/>\n<meta name=\"robots\" content=\"noindex, follow\" \/>\n<meta property=\"og:locale\" content=\"fr_FR\" \/>\n<meta property=\"og:type\" content=\"article\" \/>\n<meta property=\"og:title\" content=\"Impr\u00e9gnation dure n\u00b0127 Auro\" \/>\n<meta property=\"og:description\" content=\"L\u2018impr\u00e9gnation dure n\u00b0127 est une\u00a0primaire transparente\u00a0\u00e0 appliquer sur des surfaces en bois pauvres en substances actives, avant de les traiter avec un produit de la gamme AURO Aqua.\" \/>\n<meta property=\"og:url\" content=\"https:\/\/nature-et-developpement.com\/logisain-78\/produit\/impregnation-dure-n127-auro\/\" \/>\n<meta property=\"og:site_name\" content=\"LOGISAIN 78 \u2013 Magasin de mat\u00e9riaux biosourc\u00e9s\" \/>\n<meta property=\"article:modified_time\" content=\"2025-06-12T14:58:40+00:00\" \/>\n<meta property=\"og:image\" content=\"https:\/\/nature-et-developpement.com\/logisain-78\/wp-content\/uploads\/sites\/5\/2022\/07\/Impregnation-dure-n\u00b0127-Auro.jpg\" \/>\n\t<meta property=\"og:image:width\" content=\"800\" \/>\n\t<meta property=\"og:image:height\" content=\"800\" \/>\n\t<meta property=\"og:image:type\" content=\"image\/jpeg\" \/>\n<meta name=\"twitter:card\" content=\"summary_large_image\" \/>\n<meta name=\"twitter:label1\" content=\"Dur\u00e9e de lecture estim\u00e9e\" \/>\n\t<meta name=\"twitter:data1\" content=\"2 minutes\" \/>\n<script type=\"application\/ld+json\" class=\"yoast-schema-graph\">{\"@context\":\"https:\\\/\\\/schema.org\",\"@graph\":[{\"@type\":\"WebPage\",\"@id\":\"https:\\\/\\\/nature-et-developpement.com\\\/logisain-78\\\/produit\\\/impregnation-dure-n127-auro\\\/\",\"url\":\"https:\\\/\\\/nature-et-developpement.com\\\/logisain-78\\\/produit\\\/impregnation-dure-n127-auro\\\/\",\"name\":\"Impr\u00e9gnation dure n\u00b0127 Auro\",\"isPartOf\":{\"@id\":\"https:\\\/\\\/nature-et-developpement.com\\\/logisain-78\\\/#website\"},\"primaryImageOfPage\":{\"@id\":\"https:\\\/\\\/nature-et-developpement.com\\\/logisain-78\\\/produit\\\/impregnation-dure-n127-auro\\\/#primaryimage\"},\"image\":{\"@id\":\"https:\\\/\\\/nature-et-developpement.com\\\/logisain-78\\\/produit\\\/impregnation-dure-n127-auro\\\/#primaryimage\"},\"thumbnailUrl\":\"https:\\\/\\\/nature-et-developpement.com\\\/logisain-78\\\/wp-content\\\/uploads\\\/sites\\\/5\\\/2022\\\/07\\\/Impregnation-dure-n\u00b0127-Auro.jpg\",\"datePublished\":\"2022-07-05T10:59:37+00:00\",\"dateModified\":\"2025-06-12T14:58:40+00:00\",\"description\":\"L\u2018impr\u00e9gnation dure n\u00b0127 est une\u00a0primaire transparente\u00a0\u00e0 appliquer sur des surfaces en bois pauvres en substances actives, avant de les traiter avec un produit de la gamme AURO Aqua.\",\"breadcrumb\":{\"@id\":\"https:\\\/\\\/nature-et-developpement.com\\\/logisain-78\\\/produit\\\/impregnation-dure-n127-auro\\\/#breadcrumb\"},\"inLanguage\":\"fr-FR\",\"potentialAction\":[{\"@type\":\"ReadAction\",\"target\":[\"https:\\\/\\\/nature-et-developpement.com\\\/logisain-78\\\/produit\\\/impregnation-dure-n127-auro\\\/\"]}]},{\"@type\":\"ImageObject\",\"inLanguage\":\"fr-FR\",\"@id\":\"https:\\\/\\\/nature-et-developpement.com\\\/logisain-78\\\/produit\\\/impregnation-dure-n127-auro\\\/#primaryimage\",\"url\":\"https:\\\/\\\/nature-et-developpement.com\\\/logisain-78\\\/wp-content\\\/uploads\\\/sites\\\/5\\\/2022\\\/07\\\/Impregnation-dure-n\u00b0127-Auro.jpg\",\"contentUrl\":\"https:\\\/\\\/nature-et-developpement.com\\\/logisain-78\\\/wp-content\\\/uploads\\\/sites\\\/5\\\/2022\\\/07\\\/Impregnation-dure-n\u00b0127-Auro.jpg\",\"width\":800,\"height\":800},{\"@type\":\"BreadcrumbList\",\"@id\":\"https:\\\/\\\/nature-et-developpement.com\\\/logisain-78\\\/produit\\\/impregnation-dure-n127-auro\\\/#breadcrumb\",\"itemListElement\":[{\"@type\":\"ListItem\",\"position\":1,\"name\":\"Accueil\",\"item\":\"https:\\\/\\\/nature-et-developpement.com\\\/logisain-78\\\/\"},{\"@type\":\"ListItem\",\"position\":2,\"name\":\"Produits\",\"item\":\"https:\\\/\\\/nature-et-developpement.com\\\/logisain-78\\\/shop\\\/\"},{\"@type\":\"ListItem\",\"position\":3,\"name\":\"Peinture, pigment et enduit\",\"item\":\"https:\\\/\\\/nature-et-developpement.com\\\/logisain-78\\\/produits\\\/peinture-et-enduit\\\/\"},{\"@type\":\"ListItem\",\"position\":4,\"name\":\"Protection du bois\",\"item\":\"https:\\\/\\\/nature-et-developpement.com\\\/logisain-78\\\/produits\\\/peinture-et-enduit\\\/protection-du-bois\\\/\"},{\"@type\":\"ListItem\",\"position\":5,\"name\":\"Impr\u00e9gnation dure n\u00b0127 Auro\"}]},{\"@type\":\"WebSite\",\"@id\":\"https:\\\/\\\/nature-et-developpement.com\\\/logisain-78\\\/#website\",\"url\":\"https:\\\/\\\/nature-et-developpement.com\\\/logisain-78\\\/\",\"name\":\"LOGISAIN 78 \u2013 Magasin de mat\u00e9riaux biosourc\u00e9s\",\"description\":\"Logisain 78 est membre du groupement Nature &amp; D\u00e9veloppement\",\"publisher\":{\"@id\":\"https:\\\/\\\/nature-et-developpement.com\\\/logisain-78\\\/#organization\"},\"potentialAction\":[{\"@type\":\"SearchAction\",\"target\":{\"@type\":\"EntryPoint\",\"urlTemplate\":\"https:\\\/\\\/nature-et-developpement.com\\\/logisain-78\\\/?s={search_term_string}\"},\"query-input\":{\"@type\":\"PropertyValueSpecification\",\"valueRequired\":true,\"valueName\":\"search_term_string\"}}],\"inLanguage\":\"fr-FR\"},{\"@type\":\"Organization\",\"@id\":\"https:\\\/\\\/nature-et-developpement.com\\\/logisain-78\\\/#organization\",\"name\":\"Logisain 78\",\"url\":\"https:\\\/\\\/nature-et-developpement.com\\\/logisain-78\\\/\",\"logo\":{\"@type\":\"ImageObject\",\"inLanguage\":\"fr-FR\",\"@id\":\"https:\\\/\\\/nature-et-developpement.com\\\/logisain-78\\\/#\\\/schema\\\/logo\\\/image\\\/\",\"url\":\"https:\\\/\\\/nature-et-developpement.com\\\/logisain-78\\\/wp-content\\\/uploads\\\/sites\\\/5\\\/2021\\\/08\\\/logo-logisain.jpg\",\"contentUrl\":\"https:\\\/\\\/nature-et-developpement.com\\\/logisain-78\\\/wp-content\\\/uploads\\\/sites\\\/5\\\/2021\\\/08\\\/logo-logisain.jpg\",\"width\":672,\"height\":455,\"caption\":\"Logisain 78\"},\"image\":{\"@id\":\"https:\\\/\\\/nature-et-developpement.com\\\/logisain-78\\\/#\\\/schema\\\/logo\\\/image\\\/\"}}]}<\/script>\n<!-- \/ Yoast SEO plugin. -->","yoast_head_json":{"title":"Impr\u00e9gnation dure n\u00b0127 Auro","description":"L\u2018impr\u00e9gnation dure n\u00b0127 est une\u00a0primaire transparente\u00a0\u00e0 appliquer sur des surfaces en bois pauvres en substances actives, avant de les traiter avec un produit de la gamme AURO Aqua.","robots":{"index":"noindex","follow":"follow"},"og_locale":"fr_FR","og_type":"article","og_title":"Impr\u00e9gnation dure n\u00b0127 Auro","og_description":"L\u2018impr\u00e9gnation dure n\u00b0127 est une\u00a0primaire transparente\u00a0\u00e0 appliquer sur des surfaces en bois pauvres en substances actives, avant de les traiter avec un produit de la gamme AURO Aqua.","og_url":"https:\/\/nature-et-developpement.com\/logisain-78\/produit\/impregnation-dure-n127-auro\/","og_site_name":"LOGISAIN 78 \u2013 Magasin de mat\u00e9riaux biosourc\u00e9s","article_modified_time":"2025-06-12T14:58:40+00:00","og_image":[{"width":800,"height":800,"url":"https:\/\/nature-et-developpement.com\/logisain-78\/wp-content\/uploads\/sites\/5\/2022\/07\/Impregnation-dure-n\u00b0127-Auro.jpg","type":"image\/jpeg"}],"twitter_card":"summary_large_image","twitter_misc":{"Dur\u00e9e de lecture estim\u00e9e":"2 minutes"},"schema":{"@context":"https:\/\/schema.org","@graph":[{"@type":"WebPage","@id":"https:\/\/nature-et-developpement.com\/logisain-78\/produit\/impregnation-dure-n127-auro\/","url":"https:\/\/nature-et-developpement.com\/logisain-78\/produit\/impregnation-dure-n127-auro\/","name":"Impr\u00e9gnation dure n\u00b0127 Auro","isPartOf":{"@id":"https:\/\/nature-et-developpement.com\/logisain-78\/#website"},"primaryImageOfPage":{"@id":"https:\/\/nature-et-developpement.com\/logisain-78\/produit\/impregnation-dure-n127-auro\/#primaryimage"},"image":{"@id":"https:\/\/nature-et-developpement.com\/logisain-78\/produit\/impregnation-dure-n127-auro\/#primaryimage"},"thumbnailUrl":"https:\/\/nature-et-developpement.com\/logisain-78\/wp-content\/uploads\/sites\/5\/2022\/07\/Impregnation-dure-n\u00b0127-Auro.jpg","datePublished":"2022-07-05T10:59:37+00:00","dateModified":"2025-06-12T14:58:40+00:00","description":"L\u2018impr\u00e9gnation dure n\u00b0127 est une\u00a0primaire transparente\u00a0\u00e0 appliquer sur des surfaces en bois pauvres en substances actives, avant de les traiter avec un produit de la gamme AURO Aqua.","breadcrumb":{"@id":"https:\/\/nature-et-developpement.com\/logisain-78\/produit\/impregnation-dure-n127-auro\/#breadcrumb"},"inLanguage":"fr-FR","potentialAction":[{"@type":"ReadAction","target":["https:\/\/nature-et-developpement.com\/logisain-78\/produit\/impregnation-dure-n127-auro\/"]}]},{"@type":"ImageObject","inLanguage":"fr-FR","@id":"https:\/\/nature-et-developpement.com\/logisain-78\/produit\/impregnation-dure-n127-auro\/#primaryimage","url":"https:\/\/nature-et-developpement.com\/logisain-78\/wp-content\/uploads\/sites\/5\/2022\/07\/Impregnation-dure-n\u00b0127-Auro.jpg","contentUrl":"https:\/\/nature-et-developpement.com\/logisain-78\/wp-content\/uploads\/sites\/5\/2022\/07\/Impregnation-dure-n\u00b0127-Auro.jpg","width":800,"height":800},{"@type":"BreadcrumbList","@id":"https:\/\/nature-et-developpement.com\/logisain-78\/produit\/impregnation-dure-n127-auro\/#breadcrumb","itemListElement":[{"@type":"ListItem","position":1,"name":"Accueil","item":"https:\/\/nature-et-developpement.com\/logisain-78\/"},{"@type":"ListItem","position":2,"name":"Produits","item":"https:\/\/nature-et-developpement.com\/logisain-78\/shop\/"},{"@type":"ListItem","position":3,"name":"Peinture, pigment et enduit","item":"https:\/\/nature-et-developpement.com\/logisain-78\/produits\/peinture-et-enduit\/"},{"@type":"ListItem","position":4,"name":"Protection du bois","item":"https:\/\/nature-et-developpement.com\/logisain-78\/produits\/peinture-et-enduit\/protection-du-bois\/"},{"@type":"ListItem","position":5,"name":"Impr\u00e9gnation dure n\u00b0127 Auro"}]},{"@type":"WebSite","@id":"https:\/\/nature-et-developpement.com\/logisain-78\/#website","url":"https:\/\/nature-et-developpement.com\/logisain-78\/","name":"LOGISAIN 78 \u2013 Magasin de mat\u00e9riaux biosourc\u00e9s","description":"Logisain 78 est membre du groupement Nature &amp; D\u00e9veloppement","publisher":{"@id":"https:\/\/nature-et-developpement.com\/logisain-78\/#organization"},"potentialAction":[{"@type":"SearchAction","target":{"@type":"EntryPoint","urlTemplate":"https:\/\/nature-et-developpement.com\/logisain-78\/?s={search_term_string}"},"query-input":{"@type":"PropertyValueSpecification","valueRequired":true,"valueName":"search_term_string"}}],"inLanguage":"fr-FR"},{"@type":"Organization","@id":"https:\/\/nature-et-developpement.com\/logisain-78\/#organization","name":"Logisain 78","url":"https:\/\/nature-et-developpement.com\/logisain-78\/","logo":{"@type":"ImageObject","inLanguage":"fr-FR","@id":"https:\/\/nature-et-developpement.com\/logisain-78\/#\/schema\/logo\/image\/","url":"https:\/\/nature-et-developpement.com\/logisain-78\/wp-content\/uploads\/sites\/5\/2021\/08\/logo-logisain.jpg","contentUrl":"https:\/\/nature-et-developpement.com\/logisain-78\/wp-content\/uploads\/sites\/5\/2021\/08\/logo-logisain.jpg","width":672,"height":455,"caption":"Logisain 78"},"image":{"@id":"https:\/\/nature-et-developpement.com\/logisain-78\/#\/schema\/logo\/image\/"}}]}},"distributor_meta":false,"distributor_terms":false,"distributor_media":false,"distributor_original_site_name":"LOGISAIN 78 \u2013 Magasin de mat\u00e9riaux biosourc\u00e9s","distributor_original_site_url":"https:\/\/nature-et-developpement.com\/logisain-78","push-errors":false,"_links":{"self":[{"href":"https:\/\/nature-et-developpement.com\/logisain-78\/wp-json\/wp\/v2\/product\/30950","targetHints":{"allow":["GET"]}}],"collection":[{"href":"https:\/\/nature-et-developpement.com\/logisain-78\/wp-json\/wp\/v2\/product"}],"about":[{"href":"https:\/\/nature-et-developpement.com\/logisain-78\/wp-json\/wp\/v2\/types\/product"}],"wp:featuredmedia":[{"embeddable":true,"href":"https:\/\/nature-et-developpement.com\/logisain-78\/wp-json\/wp\/v2\/media\/30951"}],"wp:attachment":[{"href":"https:\/\/nature-et-developpement.com\/logisain-78\/wp-json\/wp\/v2\/media?parent=30950"}],"wp:term":[{"taxonomy":"product_brand","embeddable":true,"href":"https:\/\/nature-et-developpement.com\/logisain-78\/wp-json\/wp\/v2\/product_brand?post=30950"},{"taxonomy":"product_cat","embeddable":true,"href":"https:\/\/nature-et-developpement.com\/logisain-78\/wp-json\/wp\/v2\/product_cat?post=30950"},{"taxonomy":"product_tag","embeddable":true,"href":"https:\/\/nature-et-developpement.com\/logisain-78\/wp-json\/wp\/v2\/product_tag?post=30950"}],"curies":[{"name":"wp","href":"https:\/\/api.w.org\/{rel}","templated":true}]}}