{"id":30960,"date":"2017-06-23T12:05:49","date_gmt":"2017-06-23T10:05:49","guid":{"rendered":"https:\/\/nature-et-developpement.com\/logisain-78\/produit\/prolongateur-de-chevron\/"},"modified":"2026-03-05T16:35:17","modified_gmt":"2026-03-05T15:35:17","slug":"prolongateur-de-chevron","status":"publish","type":"product","link":"https:\/\/nature-et-developpement.com\/logisain-78\/produit\/prolongateur-de-chevron\/","title":{"rendered":"Poutre en T ou prolongateur de chevron pour augmenter l&rsquo;\u00e9paisseur d&rsquo;isolant"},"content":{"rendered":"<h2>Poutre en T en bois<\/h2>\n<p>Finies les ossatures m\u00e9talliques o\u00f9 il \u00e9tait impossible faire une bonne \u00e9tanch\u00e9it\u00e9.<\/p>\n<p>Le probl\u00e8me: les chevrons ne sont pas assez \u00e9pais en r\u00e9novation pour permettre d\u00b4installer une \u00e9paisseur d\u00b4isolation optimale.<\/p>\n<p>Les techniques traditionnelles de \u00absur-chevronner\u00bb ou de fixer des planches sur le c\u00f4t\u00e9 des chevrons n\u00e9cessitent beaucoup de temps, engendrent de l\u00b4impr\u00e9cision et entrainent des fissures.<\/p>\n<p>La solution: la poutre en T est fix\u00e9 sur le c\u00f4t\u00e9 du chevron. Apr\u00e8s le montage du premier et du dernier, on tend une ficelle de niveau et le reste est un jeu d\u00b4enfant ! Vous obtenez une structure plane et optimale.<\/p>\n<p>Avantages:<\/p>\n<p>Transport: 6 \u00e9l\u00e9ments p\u00e8sent 10 kg, un artisan porte facilement 14 ml, en comparaison des chevrons p\u00e8sent env. 25 kg.<\/p>\n<p>Livraison et palette: lors du transport la palette peut \u00eatre facilement mani\u00e9e, et vous disposez avec 1 pal. d\u00b4env. 200 ml.<\/p>\n<p>Mise en \u0153uvre &#8211; 1 personne: l\u00b4\u00e9l\u00e9ment ne p\u00e8se que 1,7 kg, donc montage facile par une seule personne.<\/p>\n<p>Temps de montage: temps de montage beaucoup plus rapide qu&rsquo;avec un sur-chevronnage ou un montage de profil\u00e9s alu.<\/p>\n<p>Le temps de montage est diminu\u00e9 environ de moiti\u00e9 par rapport au profil\u00e9 alu.<\/p>\n<p>Etanch\u00e9it\u00e9 \u00e0 l\u00b4air: la ceinture d\u00b4OSB large permet d\u00b4avoir une surface de fixation tr\u00e8s grande pour les freins-vapeurs.<\/p>\n<p>Le + pour l\u00b4artisan: m\u00eame si \u00e0 la base la poutre en T est plus co\u00fbteux, les avantages au niveau du gain de temps et du confort de pose, rendent au final la poutre en T moins cher que les solutions traditionnelles employ\u00e9es.<\/p>\n<p>Le + pour le client: moins de bois pour la structure repr\u00e9sente \u00e9galement plus d\u00b4isolation.<br \/>\nLe coefficient U est am\u00e9lior\u00e9 d\u00b4env. 15 % par rapport \u00e0 une structure traditionnelle.<\/p>\n","protected":false},"excerpt":{"rendered":"<p>Vous permet d&rsquo;isoler sous vos chevrons en vous passant avantageusement des suspentes m\u00e9talliques<br \/>\nEt la r\u00e9novation devient un jeu d&rsquo;enfants&#8230;<\/p>\n","protected":false},"featured_media":1000000166645,"template":"","meta":[],"product_brand":[2852],"product_cat":[134],"product_tag":[4340],"class_list":{"0":"post-30960","1":"product","2":"type-product","3":"status-publish","4":"has-post-thumbnail","6":"product_brand-matgreen","7":"product_cat-accessoires-isolation-et-etancheite","8":"product_tag-matgreen","9":"product_shipping_class-impact-transport-important","11":"first","12":"instock","13":"taxable","14":"shipping-taxable","15":"purchasable","16":"product-type-variable"},"yoast_head":"<!-- This site is optimized with the Yoast SEO plugin v27.5 - https:\/\/yoast.com\/product\/yoast-seo-wordpress\/ -->\n<title>Prolongateur de chevron ou poutre en T pour augmenter l&#039;isolation<\/title>\n<meta name=\"description\" content=\"Vous permet d&#039;isoler sous vos chevrons en vous passant avantageusement des suspentes m\u00e9talliques Et la r\u00e9novation devient un jeu d&#039;enfants...\" \/>\n<meta name=\"robots\" content=\"noindex, nofollow\" \/>\n<meta property=\"og:locale\" content=\"fr_FR\" \/>\n<meta property=\"og:type\" content=\"article\" \/>\n<meta property=\"og:title\" content=\"Prolongateur de chevron ou poutre en T pour augmenter l&#039;isolation\" \/>\n<meta property=\"og:description\" content=\"Vous permet d&#039;isoler sous vos chevrons en vous passant avantageusement des suspentes m\u00e9talliques Et la r\u00e9novation devient un jeu d&#039;enfants...\" \/>\n<meta property=\"og:url\" content=\"https:\/\/nature-et-developpement.com\/logisain-78\/produit\/prolongateur-de-chevron\/\" \/>\n<meta property=\"og:site_name\" content=\"LOGISAIN 78 \u2013 Magasin de mat\u00e9riaux biosourc\u00e9s\" \/>\n<meta property=\"article:modified_time\" content=\"2026-03-05T15:35:17+00:00\" \/>\n<meta name=\"twitter:card\" content=\"summary_large_image\" \/>\n<meta name=\"twitter:label1\" content=\"Dur\u00e9e de lecture estim\u00e9e\" \/>\n\t<meta name=\"twitter:data1\" content=\"2 minutes\" \/>\n<script type=\"application\/ld+json\" class=\"yoast-schema-graph\">{\"@context\":\"https:\\\/\\\/schema.org\",\"@graph\":[{\"@type\":\"WebPage\",\"@id\":\"https:\\\/\\\/nature-et-developpement.com\\\/logisain-78\\\/produit\\\/prolongateur-de-chevron\\\/\",\"url\":\"https:\\\/\\\/nature-et-developpement.com\\\/logisain-78\\\/produit\\\/prolongateur-de-chevron\\\/\",\"name\":\"Prolongateur de chevron ou poutre en T pour augmenter l'isolation\",\"isPartOf\":{\"@id\":\"https:\\\/\\\/nature-et-developpement.com\\\/logisain-78\\\/#website\"},\"primaryImageOfPage\":{\"@id\":\"https:\\\/\\\/nature-et-developpement.com\\\/logisain-78\\\/produit\\\/prolongateur-de-chevron\\\/#primaryimage\"},\"image\":{\"@id\":\"https:\\\/\\\/nature-et-developpement.com\\\/logisain-78\\\/produit\\\/prolongateur-de-chevron\\\/#primaryimage\"},\"thumbnailUrl\":\"https:\\\/\\\/nature-et-developpement.com\\\/logisain-78\\\/wp-content\\\/uploads\\\/Prolongateur-de-chevron-ou-poutre-en-T.jpg\",\"datePublished\":\"2017-06-23T10:05:49+00:00\",\"dateModified\":\"2026-03-05T15:35:17+00:00\",\"description\":\"Vous permet d'isoler sous vos chevrons en vous passant avantageusement des suspentes m\u00e9talliques Et la r\u00e9novation devient un jeu d'enfants...\",\"breadcrumb\":{\"@id\":\"https:\\\/\\\/nature-et-developpement.com\\\/logisain-78\\\/produit\\\/prolongateur-de-chevron\\\/#breadcrumb\"},\"inLanguage\":\"fr-FR\",\"potentialAction\":[{\"@type\":\"ReadAction\",\"target\":[\"https:\\\/\\\/nature-et-developpement.com\\\/logisain-78\\\/produit\\\/prolongateur-de-chevron\\\/\"]}]},{\"@type\":\"ImageObject\",\"inLanguage\":\"fr-FR\",\"@id\":\"https:\\\/\\\/nature-et-developpement.com\\\/logisain-78\\\/produit\\\/prolongateur-de-chevron\\\/#primaryimage\",\"url\":\"https:\\\/\\\/nature-et-developpement.com\\\/logisain-78\\\/wp-content\\\/uploads\\\/Prolongateur-de-chevron-ou-poutre-en-T.jpg\",\"contentUrl\":\"https:\\\/\\\/nature-et-developpement.com\\\/logisain-78\\\/wp-content\\\/uploads\\\/Prolongateur-de-chevron-ou-poutre-en-T.jpg\"},{\"@type\":\"BreadcrumbList\",\"@id\":\"https:\\\/\\\/nature-et-developpement.com\\\/logisain-78\\\/produit\\\/prolongateur-de-chevron\\\/#breadcrumb\",\"itemListElement\":[{\"@type\":\"ListItem\",\"position\":1,\"name\":\"Accueil\",\"item\":\"https:\\\/\\\/nature-et-developpement.com\\\/logisain-78\\\/\"},{\"@type\":\"ListItem\",\"position\":2,\"name\":\"Produits\",\"item\":\"https:\\\/\\\/nature-et-developpement.com\\\/logisain-78\\\/shop\\\/\"},{\"@type\":\"ListItem\",\"position\":3,\"name\":\"Isolation et \u00e9tanch\u00e9it\u00e9\",\"item\":\"https:\\\/\\\/nature-et-developpement.com\\\/logisain-78\\\/produits\\\/isolation-et-etancheite\\\/\"},{\"@type\":\"ListItem\",\"position\":4,\"name\":\"Accessoires isolation et \u00e9tanch\u00e9it\u00e9\",\"item\":\"https:\\\/\\\/nature-et-developpement.com\\\/logisain-78\\\/produits\\\/isolation-et-etancheite\\\/accessoires-isolation-et-etancheite\\\/\"},{\"@type\":\"ListItem\",\"position\":5,\"name\":\"Poutre en T ou prolongateur de chevron pour augmenter l&rsquo;\u00e9paisseur d&rsquo;isolant\"}]},{\"@type\":\"WebSite\",\"@id\":\"https:\\\/\\\/nature-et-developpement.com\\\/logisain-78\\\/#website\",\"url\":\"https:\\\/\\\/nature-et-developpement.com\\\/logisain-78\\\/\",\"name\":\"LOGISAIN 78 \u2013 Magasin de mat\u00e9riaux biosourc\u00e9s\",\"description\":\"Logisain 78 est membre du groupement Nature &amp; D\u00e9veloppement\",\"publisher\":{\"@id\":\"https:\\\/\\\/nature-et-developpement.com\\\/logisain-78\\\/#organization\"},\"potentialAction\":[{\"@type\":\"SearchAction\",\"target\":{\"@type\":\"EntryPoint\",\"urlTemplate\":\"https:\\\/\\\/nature-et-developpement.com\\\/logisain-78\\\/?s={search_term_string}\"},\"query-input\":{\"@type\":\"PropertyValueSpecification\",\"valueRequired\":true,\"valueName\":\"search_term_string\"}}],\"inLanguage\":\"fr-FR\"},{\"@type\":\"Organization\",\"@id\":\"https:\\\/\\\/nature-et-developpement.com\\\/logisain-78\\\/#organization\",\"name\":\"Logisain 78\",\"url\":\"https:\\\/\\\/nature-et-developpement.com\\\/logisain-78\\\/\",\"logo\":{\"@type\":\"ImageObject\",\"inLanguage\":\"fr-FR\",\"@id\":\"https:\\\/\\\/nature-et-developpement.com\\\/logisain-78\\\/#\\\/schema\\\/logo\\\/image\\\/\",\"url\":\"https:\\\/\\\/nature-et-developpement.com\\\/logisain-78\\\/wp-content\\\/uploads\\\/sites\\\/5\\\/2021\\\/08\\\/logo-logisain.jpg\",\"contentUrl\":\"https:\\\/\\\/nature-et-developpement.com\\\/logisain-78\\\/wp-content\\\/uploads\\\/sites\\\/5\\\/2021\\\/08\\\/logo-logisain.jpg\",\"width\":672,\"height\":455,\"caption\":\"Logisain 78\"},\"image\":{\"@id\":\"https:\\\/\\\/nature-et-developpement.com\\\/logisain-78\\\/#\\\/schema\\\/logo\\\/image\\\/\"}}]}<\/script>\n<!-- \/ Yoast SEO plugin. -->","yoast_head_json":{"title":"Prolongateur de chevron ou poutre en T pour augmenter l'isolation","description":"Vous permet d'isoler sous vos chevrons en vous passant avantageusement des suspentes m\u00e9talliques Et la r\u00e9novation devient un jeu d'enfants...","robots":{"index":"noindex","follow":"nofollow"},"og_locale":"fr_FR","og_type":"article","og_title":"Prolongateur de chevron ou poutre en T pour augmenter l'isolation","og_description":"Vous permet d'isoler sous vos chevrons en vous passant avantageusement des suspentes m\u00e9talliques Et la r\u00e9novation devient un jeu d'enfants...","og_url":"https:\/\/nature-et-developpement.com\/logisain-78\/produit\/prolongateur-de-chevron\/","og_site_name":"LOGISAIN 78 \u2013 Magasin de mat\u00e9riaux biosourc\u00e9s","article_modified_time":"2026-03-05T15:35:17+00:00","twitter_card":"summary_large_image","twitter_misc":{"Dur\u00e9e de lecture estim\u00e9e":"2 minutes"},"schema":{"@context":"https:\/\/schema.org","@graph":[{"@type":"WebPage","@id":"https:\/\/nature-et-developpement.com\/logisain-78\/produit\/prolongateur-de-chevron\/","url":"https:\/\/nature-et-developpement.com\/logisain-78\/produit\/prolongateur-de-chevron\/","name":"Prolongateur de chevron ou poutre en T pour augmenter l'isolation","isPartOf":{"@id":"https:\/\/nature-et-developpement.com\/logisain-78\/#website"},"primaryImageOfPage":{"@id":"https:\/\/nature-et-developpement.com\/logisain-78\/produit\/prolongateur-de-chevron\/#primaryimage"},"image":{"@id":"https:\/\/nature-et-developpement.com\/logisain-78\/produit\/prolongateur-de-chevron\/#primaryimage"},"thumbnailUrl":"https:\/\/nature-et-developpement.com\/logisain-78\/wp-content\/uploads\/Prolongateur-de-chevron-ou-poutre-en-T.jpg","datePublished":"2017-06-23T10:05:49+00:00","dateModified":"2026-03-05T15:35:17+00:00","description":"Vous permet d'isoler sous vos chevrons en vous passant avantageusement des suspentes m\u00e9talliques Et la r\u00e9novation devient un jeu d'enfants...","breadcrumb":{"@id":"https:\/\/nature-et-developpement.com\/logisain-78\/produit\/prolongateur-de-chevron\/#breadcrumb"},"inLanguage":"fr-FR","potentialAction":[{"@type":"ReadAction","target":["https:\/\/nature-et-developpement.com\/logisain-78\/produit\/prolongateur-de-chevron\/"]}]},{"@type":"ImageObject","inLanguage":"fr-FR","@id":"https:\/\/nature-et-developpement.com\/logisain-78\/produit\/prolongateur-de-chevron\/#primaryimage","url":"https:\/\/nature-et-developpement.com\/logisain-78\/wp-content\/uploads\/Prolongateur-de-chevron-ou-poutre-en-T.jpg","contentUrl":"https:\/\/nature-et-developpement.com\/logisain-78\/wp-content\/uploads\/Prolongateur-de-chevron-ou-poutre-en-T.jpg"},{"@type":"BreadcrumbList","@id":"https:\/\/nature-et-developpement.com\/logisain-78\/produit\/prolongateur-de-chevron\/#breadcrumb","itemListElement":[{"@type":"ListItem","position":1,"name":"Accueil","item":"https:\/\/nature-et-developpement.com\/logisain-78\/"},{"@type":"ListItem","position":2,"name":"Produits","item":"https:\/\/nature-et-developpement.com\/logisain-78\/shop\/"},{"@type":"ListItem","position":3,"name":"Isolation et \u00e9tanch\u00e9it\u00e9","item":"https:\/\/nature-et-developpement.com\/logisain-78\/produits\/isolation-et-etancheite\/"},{"@type":"ListItem","position":4,"name":"Accessoires isolation et \u00e9tanch\u00e9it\u00e9","item":"https:\/\/nature-et-developpement.com\/logisain-78\/produits\/isolation-et-etancheite\/accessoires-isolation-et-etancheite\/"},{"@type":"ListItem","position":5,"name":"Poutre en T ou prolongateur de chevron pour augmenter l&rsquo;\u00e9paisseur d&rsquo;isolant"}]},{"@type":"WebSite","@id":"https:\/\/nature-et-developpement.com\/logisain-78\/#website","url":"https:\/\/nature-et-developpement.com\/logisain-78\/","name":"LOGISAIN 78 \u2013 Magasin de mat\u00e9riaux biosourc\u00e9s","description":"Logisain 78 est membre du groupement Nature &amp; D\u00e9veloppement","publisher":{"@id":"https:\/\/nature-et-developpement.com\/logisain-78\/#organization"},"potentialAction":[{"@type":"SearchAction","target":{"@type":"EntryPoint","urlTemplate":"https:\/\/nature-et-developpement.com\/logisain-78\/?s={search_term_string}"},"query-input":{"@type":"PropertyValueSpecification","valueRequired":true,"valueName":"search_term_string"}}],"inLanguage":"fr-FR"},{"@type":"Organization","@id":"https:\/\/nature-et-developpement.com\/logisain-78\/#organization","name":"Logisain 78","url":"https:\/\/nature-et-developpement.com\/logisain-78\/","logo":{"@type":"ImageObject","inLanguage":"fr-FR","@id":"https:\/\/nature-et-developpement.com\/logisain-78\/#\/schema\/logo\/image\/","url":"https:\/\/nature-et-developpement.com\/logisain-78\/wp-content\/uploads\/sites\/5\/2021\/08\/logo-logisain.jpg","contentUrl":"https:\/\/nature-et-developpement.com\/logisain-78\/wp-content\/uploads\/sites\/5\/2021\/08\/logo-logisain.jpg","width":672,"height":455,"caption":"Logisain 78"},"image":{"@id":"https:\/\/nature-et-developpement.com\/logisain-78\/#\/schema\/logo\/image\/"}}]}},"distributor_meta":false,"distributor_terms":false,"distributor_media":false,"distributor_original_site_name":"LOGISAIN 78 \u2013 Magasin de mat\u00e9riaux biosourc\u00e9s","distributor_original_site_url":"https:\/\/nature-et-developpement.com\/logisain-78","push-errors":false,"_links":{"self":[{"href":"https:\/\/nature-et-developpement.com\/logisain-78\/wp-json\/wp\/v2\/product\/30960","targetHints":{"allow":["GET"]}}],"collection":[{"href":"https:\/\/nature-et-developpement.com\/logisain-78\/wp-json\/wp\/v2\/product"}],"about":[{"href":"https:\/\/nature-et-developpement.com\/logisain-78\/wp-json\/wp\/v2\/types\/product"}],"wp:featuredmedia":[{"embeddable":true,"href":"https:\/\/nature-et-developpement.com\/logisain-78\/wp-json\/"}],"wp:attachment":[{"href":"https:\/\/nature-et-developpement.com\/logisain-78\/wp-json\/wp\/v2\/media?parent=30960"}],"wp:term":[{"taxonomy":"product_brand","embeddable":true,"href":"https:\/\/nature-et-developpement.com\/logisain-78\/wp-json\/wp\/v2\/product_brand?post=30960"},{"taxonomy":"product_cat","embeddable":true,"href":"https:\/\/nature-et-developpement.com\/logisain-78\/wp-json\/wp\/v2\/product_cat?post=30960"},{"taxonomy":"product_tag","embeddable":true,"href":"https:\/\/nature-et-developpement.com\/logisain-78\/wp-json\/wp\/v2\/product_tag?post=30960"}],"curies":[{"name":"wp","href":"https:\/\/api.w.org\/{rel}","templated":true}]}}