{"id":31151,"date":"2025-03-18T10:12:35","date_gmt":"2025-03-18T09:12:35","guid":{"rendered":"https:\/\/nature-et-developpement.com\/logisain-78\/produit\/isolant-pour-plancher-et-panneau-support-d-enduit-steico-base\/"},"modified":"2026-03-05T17:34:12","modified_gmt":"2026-03-05T16:34:12","slug":"isolant-pour-plancher-et-panneau-support-d-enduit-steico-base","status":"publish","type":"product","link":"https:\/\/nature-et-developpement.com\/logisain-78\/produit\/isolant-pour-plancher-et-panneau-support-d-enduit-steico-base\/","title":{"rendered":"STEICO Base &#8211; Isolant pour plancher et support d&rsquo;enduit"},"content":{"rendered":"<p>Panneau isolant polyvalent pour planchers gr\u00e2ce \u00e0 sa r\u00e9sistance \u00e0 la compression tr\u00e8s \u00e9lev\u00e9e.<\/p>\n<p>Cette r\u00e9sistance permet de poser directement sur la surface un parquet en pose flottante.<\/p>\n<p>Ce panneau est aussi un support d&rsquo;enduit pour int\u00e9rieur, il est adapt\u00e9 aux enduits \u00e0 l&rsquo;argile ou \u00e0 la chaux.<\/p>\n<div id=\"characteristics\" class=\"productDetail__characteristic frame frame-space-before--half frame-space-after--default\">\n<div class=\"frame-container\">\n<div class=\"frame-inner\">\n<h3 class=\"productDetail__label productDetail__label--big\">Caract\u00e9ristiques techniques<\/h3>\n<div>\n<table>\n<tbody>\n<tr>\n<td>Produit et certifi\u00e9 selon<\/td>\n<td>NF EN 13171<\/td>\n<\/tr>\n<tr>\n<td>Marquage<\/td>\n<td>WF \u2013 EN 13171 \u2013 T5 \u2013 DS(70,-)2 \u2013 CS (10Y)150 \u2013 TR10 \u2013 MU5<\/td>\n<\/tr>\n<tr>\n<td>R\u00e9action au feu selon norme EN 13501-1<\/td>\n<td>E<\/td>\n<\/tr>\n<tr>\n<td>Conductivit\u00e9 thermique \u03bbD [W\/(m*K)]<\/td>\n<td>0,048<\/td>\n<\/tr>\n<tr>\n<td>R\u00e9sistance thermique RD [(m\u00b2*K)\/W]<\/td>\n<td>0,40(20) \/ 0,80(40) \/ 1,25(60) \/ 1,65(80) \/ 2,05(100)<\/td>\n<\/tr>\n<tr>\n<td>Masse volumique [kg\/m\u00b3]<\/td>\n<td>env. 250<\/td>\n<\/tr>\n<tr>\n<td>Facteur de r\u00e9sistance \u00e0 la diffusion de vapeur d\u2018eau \u03bc<\/td>\n<td>5<\/td>\n<\/tr>\n<tr>\n<td>Valeur sd [m]<\/td>\n<td>0,1(20) \/ 0,2(40) \/ 0,3(60) \/ 0,4(80) \/ 0,5(100)<\/td>\n<\/tr>\n<tr>\n<td>Capacit\u00e9 thermique massique [J\/(kg*K)]<\/td>\n<td>2.100<\/td>\n<\/tr>\n<tr>\n<td>R\u00e9sistance \u00e0 la flexion \u00e0 10 % de compression [N\/mm\u00b2]<\/td>\n<td>\u2265 0,15<\/td>\n<\/tr>\n<tr>\n<td>R\u00e9sistance \u00e0 la compression [kPa]<\/td>\n<td>\u2265 150<\/td>\n<\/tr>\n<tr>\n<td>R\u00e9sistance \u00e0 la traction perpendiculaire aux faces [kPa]<\/td>\n<td>\u2265 10<\/td>\n<\/tr>\n<tr>\n<td>R\u00e9sistivit\u00e9 \u00e0 l&rsquo;\u00e9coulement de l&rsquo;air [(kPa*s)\/m\u00b2]<\/td>\n<td>\u2265100<\/td>\n<\/tr>\n<tr>\n<td>Composants<\/td>\n<td>Fibre de bois<\/td>\n<\/tr>\n<tr>\n<td>Code de recyclage (EAK)<\/td>\n<td>030105 \/ 170201<\/td>\n<\/tr>\n<\/tbody>\n<\/table>\n<\/div>\n<\/div>\n<\/div>\n<\/div>\n<div id=\"dimensions\">\n<div>\n<div>\n<p>&nbsp;<\/p>\n<\/div>\n<\/div>\n<\/div>\n","protected":false},"excerpt":{"rendered":"<div>Panneau isolant en fibre de bois polyvalent avec r\u00e9sistance \u00e0 la compression tr\u00e8s \u00e9lev\u00e9e.<\/div>\n","protected":false},"featured_media":1000000166607,"template":"","meta":[],"product_brand":[2867],"product_cat":[4263,4265,17,18],"product_tag":[4233],"class_list":{"0":"post-31151","1":"product","2":"type-product","3":"status-publish","4":"has-post-thumbnail","6":"product_brand-steico","7":"product_cat-isolation-interieure","8":"product_cat-isolation-phonique","9":"product_cat-parquet-et-sol-naturels","10":"product_cat-sous-couche-parquet","11":"product_tag-fibre-de-bois","13":"first","14":"instock","15":"sale","16":"taxable","17":"shipping-taxable","18":"purchasable","19":"product-type-variable"},"yoast_head":"<!-- This site is optimized with the Yoast SEO plugin v27.5 - https:\/\/yoast.com\/product\/yoast-seo-wordpress\/ -->\n<title>STEICO Base - Isolant pour plancher et support d&#039;enduit<\/title>\n<meta name=\"description\" content=\"Panneau isolant en fibre de bois polyvalent avec r\u00e9sistance \u00e0 la compression tr\u00e8s \u00e9lev\u00e9e, \u00e0 poser directement sur la surface un parquet en pose flottante.\" \/>\n<meta name=\"robots\" content=\"noindex, nofollow\" \/>\n<meta property=\"og:locale\" content=\"fr_FR\" \/>\n<meta property=\"og:type\" content=\"article\" \/>\n<meta property=\"og:title\" content=\"STEICO Base - Isolant pour plancher et support d&#039;enduit\" \/>\n<meta property=\"og:description\" content=\"Panneau isolant en fibre de bois polyvalent avec r\u00e9sistance \u00e0 la compression tr\u00e8s \u00e9lev\u00e9e, \u00e0 poser directement sur la surface un parquet en pose flottante.\" \/>\n<meta property=\"og:url\" content=\"https:\/\/nature-et-developpement.com\/logisain-78\/produit\/isolant-pour-plancher-et-panneau-support-d-enduit-steico-base\/\" \/>\n<meta property=\"og:site_name\" content=\"LOGISAIN 78 \u2013 Magasin de mat\u00e9riaux biosourc\u00e9s\" \/>\n<meta property=\"article:modified_time\" content=\"2026-03-05T16:34:12+00:00\" \/>\n<meta name=\"twitter:card\" content=\"summary_large_image\" \/>\n<meta name=\"twitter:label1\" content=\"Dur\u00e9e de lecture estim\u00e9e\" \/>\n\t<meta name=\"twitter:data1\" content=\"1 minute\" \/>\n<script type=\"application\/ld+json\" class=\"yoast-schema-graph\">{\"@context\":\"https:\\\/\\\/schema.org\",\"@graph\":[{\"@type\":\"WebPage\",\"@id\":\"https:\\\/\\\/nature-et-developpement.com\\\/logisain-78\\\/produit\\\/isolant-pour-plancher-et-panneau-support-d-enduit-steico-base\\\/\",\"url\":\"https:\\\/\\\/nature-et-developpement.com\\\/logisain-78\\\/produit\\\/isolant-pour-plancher-et-panneau-support-d-enduit-steico-base\\\/\",\"name\":\"STEICO Base - Isolant pour plancher et support d'enduit\",\"isPartOf\":{\"@id\":\"https:\\\/\\\/nature-et-developpement.com\\\/logisain-78\\\/#website\"},\"primaryImageOfPage\":{\"@id\":\"https:\\\/\\\/nature-et-developpement.com\\\/logisain-78\\\/produit\\\/isolant-pour-plancher-et-panneau-support-d-enduit-steico-base\\\/#primaryimage\"},\"image\":{\"@id\":\"https:\\\/\\\/nature-et-developpement.com\\\/logisain-78\\\/produit\\\/isolant-pour-plancher-et-panneau-support-d-enduit-steico-base\\\/#primaryimage\"},\"thumbnailUrl\":\"https:\\\/\\\/nature-et-developpement.com\\\/logisain-78\\\/wp-content\\\/uploads\\\/Isolant-pour-plancher-ISOLANT-POUR-PLANCHER-STEICO-BASE-60mm.jpg\",\"datePublished\":\"2025-03-18T09:12:35+00:00\",\"dateModified\":\"2026-03-05T16:34:12+00:00\",\"description\":\"Panneau isolant en fibre de bois polyvalent avec r\u00e9sistance \u00e0 la compression tr\u00e8s \u00e9lev\u00e9e, \u00e0 poser directement sur la surface un parquet en pose flottante.\",\"breadcrumb\":{\"@id\":\"https:\\\/\\\/nature-et-developpement.com\\\/logisain-78\\\/produit\\\/isolant-pour-plancher-et-panneau-support-d-enduit-steico-base\\\/#breadcrumb\"},\"inLanguage\":\"fr-FR\",\"potentialAction\":[{\"@type\":\"ReadAction\",\"target\":[\"https:\\\/\\\/nature-et-developpement.com\\\/logisain-78\\\/produit\\\/isolant-pour-plancher-et-panneau-support-d-enduit-steico-base\\\/\"]}]},{\"@type\":\"ImageObject\",\"inLanguage\":\"fr-FR\",\"@id\":\"https:\\\/\\\/nature-et-developpement.com\\\/logisain-78\\\/produit\\\/isolant-pour-plancher-et-panneau-support-d-enduit-steico-base\\\/#primaryimage\",\"url\":\"https:\\\/\\\/nature-et-developpement.com\\\/logisain-78\\\/wp-content\\\/uploads\\\/Isolant-pour-plancher-ISOLANT-POUR-PLANCHER-STEICO-BASE-60mm.jpg\",\"contentUrl\":\"https:\\\/\\\/nature-et-developpement.com\\\/logisain-78\\\/wp-content\\\/uploads\\\/Isolant-pour-plancher-ISOLANT-POUR-PLANCHER-STEICO-BASE-60mm.jpg\"},{\"@type\":\"BreadcrumbList\",\"@id\":\"https:\\\/\\\/nature-et-developpement.com\\\/logisain-78\\\/produit\\\/isolant-pour-plancher-et-panneau-support-d-enduit-steico-base\\\/#breadcrumb\",\"itemListElement\":[{\"@type\":\"ListItem\",\"position\":1,\"name\":\"Accueil\",\"item\":\"https:\\\/\\\/nature-et-developpement.com\\\/logisain-78\\\/\"},{\"@type\":\"ListItem\",\"position\":2,\"name\":\"Produits\",\"item\":\"https:\\\/\\\/nature-et-developpement.com\\\/logisain-78\\\/shop\\\/\"},{\"@type\":\"ListItem\",\"position\":3,\"name\":\"Isolation et \u00e9tanch\u00e9it\u00e9\",\"item\":\"https:\\\/\\\/nature-et-developpement.com\\\/logisain-78\\\/produits\\\/isolation-et-etancheite\\\/\"},{\"@type\":\"ListItem\",\"position\":4,\"name\":\"Isolation int\u00e9rieure\",\"item\":\"https:\\\/\\\/nature-et-developpement.com\\\/logisain-78\\\/produits\\\/isolation-et-etancheite\\\/isolation-interieure\\\/\"},{\"@type\":\"ListItem\",\"position\":5,\"name\":\"STEICO Base &#8211; Isolant pour plancher et support d&rsquo;enduit\"}]},{\"@type\":\"WebSite\",\"@id\":\"https:\\\/\\\/nature-et-developpement.com\\\/logisain-78\\\/#website\",\"url\":\"https:\\\/\\\/nature-et-developpement.com\\\/logisain-78\\\/\",\"name\":\"LOGISAIN 78 \u2013 Magasin de mat\u00e9riaux biosourc\u00e9s\",\"description\":\"Logisain 78 est membre du groupement Nature &amp; D\u00e9veloppement\",\"publisher\":{\"@id\":\"https:\\\/\\\/nature-et-developpement.com\\\/logisain-78\\\/#organization\"},\"potentialAction\":[{\"@type\":\"SearchAction\",\"target\":{\"@type\":\"EntryPoint\",\"urlTemplate\":\"https:\\\/\\\/nature-et-developpement.com\\\/logisain-78\\\/?s={search_term_string}\"},\"query-input\":{\"@type\":\"PropertyValueSpecification\",\"valueRequired\":true,\"valueName\":\"search_term_string\"}}],\"inLanguage\":\"fr-FR\"},{\"@type\":\"Organization\",\"@id\":\"https:\\\/\\\/nature-et-developpement.com\\\/logisain-78\\\/#organization\",\"name\":\"Logisain 78\",\"url\":\"https:\\\/\\\/nature-et-developpement.com\\\/logisain-78\\\/\",\"logo\":{\"@type\":\"ImageObject\",\"inLanguage\":\"fr-FR\",\"@id\":\"https:\\\/\\\/nature-et-developpement.com\\\/logisain-78\\\/#\\\/schema\\\/logo\\\/image\\\/\",\"url\":\"https:\\\/\\\/nature-et-developpement.com\\\/logisain-78\\\/wp-content\\\/uploads\\\/sites\\\/5\\\/2021\\\/08\\\/logo-logisain.jpg\",\"contentUrl\":\"https:\\\/\\\/nature-et-developpement.com\\\/logisain-78\\\/wp-content\\\/uploads\\\/sites\\\/5\\\/2021\\\/08\\\/logo-logisain.jpg\",\"width\":672,\"height\":455,\"caption\":\"Logisain 78\"},\"image\":{\"@id\":\"https:\\\/\\\/nature-et-developpement.com\\\/logisain-78\\\/#\\\/schema\\\/logo\\\/image\\\/\"}}]}<\/script>\n<!-- \/ Yoast SEO plugin. -->","yoast_head_json":{"title":"STEICO Base - Isolant pour plancher et support d'enduit","description":"Panneau isolant en fibre de bois polyvalent avec r\u00e9sistance \u00e0 la compression tr\u00e8s \u00e9lev\u00e9e, \u00e0 poser directement sur la surface un parquet en pose flottante.","robots":{"index":"noindex","follow":"nofollow"},"og_locale":"fr_FR","og_type":"article","og_title":"STEICO Base - Isolant pour plancher et support d'enduit","og_description":"Panneau isolant en fibre de bois polyvalent avec r\u00e9sistance \u00e0 la compression tr\u00e8s \u00e9lev\u00e9e, \u00e0 poser directement sur la surface un parquet en pose flottante.","og_url":"https:\/\/nature-et-developpement.com\/logisain-78\/produit\/isolant-pour-plancher-et-panneau-support-d-enduit-steico-base\/","og_site_name":"LOGISAIN 78 \u2013 Magasin de mat\u00e9riaux biosourc\u00e9s","article_modified_time":"2026-03-05T16:34:12+00:00","twitter_card":"summary_large_image","twitter_misc":{"Dur\u00e9e de lecture estim\u00e9e":"1 minute"},"schema":{"@context":"https:\/\/schema.org","@graph":[{"@type":"WebPage","@id":"https:\/\/nature-et-developpement.com\/logisain-78\/produit\/isolant-pour-plancher-et-panneau-support-d-enduit-steico-base\/","url":"https:\/\/nature-et-developpement.com\/logisain-78\/produit\/isolant-pour-plancher-et-panneau-support-d-enduit-steico-base\/","name":"STEICO Base - Isolant pour plancher et support d'enduit","isPartOf":{"@id":"https:\/\/nature-et-developpement.com\/logisain-78\/#website"},"primaryImageOfPage":{"@id":"https:\/\/nature-et-developpement.com\/logisain-78\/produit\/isolant-pour-plancher-et-panneau-support-d-enduit-steico-base\/#primaryimage"},"image":{"@id":"https:\/\/nature-et-developpement.com\/logisain-78\/produit\/isolant-pour-plancher-et-panneau-support-d-enduit-steico-base\/#primaryimage"},"thumbnailUrl":"https:\/\/nature-et-developpement.com\/logisain-78\/wp-content\/uploads\/Isolant-pour-plancher-ISOLANT-POUR-PLANCHER-STEICO-BASE-60mm.jpg","datePublished":"2025-03-18T09:12:35+00:00","dateModified":"2026-03-05T16:34:12+00:00","description":"Panneau isolant en fibre de bois polyvalent avec r\u00e9sistance \u00e0 la compression tr\u00e8s \u00e9lev\u00e9e, \u00e0 poser directement sur la surface un parquet en pose flottante.","breadcrumb":{"@id":"https:\/\/nature-et-developpement.com\/logisain-78\/produit\/isolant-pour-plancher-et-panneau-support-d-enduit-steico-base\/#breadcrumb"},"inLanguage":"fr-FR","potentialAction":[{"@type":"ReadAction","target":["https:\/\/nature-et-developpement.com\/logisain-78\/produit\/isolant-pour-plancher-et-panneau-support-d-enduit-steico-base\/"]}]},{"@type":"ImageObject","inLanguage":"fr-FR","@id":"https:\/\/nature-et-developpement.com\/logisain-78\/produit\/isolant-pour-plancher-et-panneau-support-d-enduit-steico-base\/#primaryimage","url":"https:\/\/nature-et-developpement.com\/logisain-78\/wp-content\/uploads\/Isolant-pour-plancher-ISOLANT-POUR-PLANCHER-STEICO-BASE-60mm.jpg","contentUrl":"https:\/\/nature-et-developpement.com\/logisain-78\/wp-content\/uploads\/Isolant-pour-plancher-ISOLANT-POUR-PLANCHER-STEICO-BASE-60mm.jpg"},{"@type":"BreadcrumbList","@id":"https:\/\/nature-et-developpement.com\/logisain-78\/produit\/isolant-pour-plancher-et-panneau-support-d-enduit-steico-base\/#breadcrumb","itemListElement":[{"@type":"ListItem","position":1,"name":"Accueil","item":"https:\/\/nature-et-developpement.com\/logisain-78\/"},{"@type":"ListItem","position":2,"name":"Produits","item":"https:\/\/nature-et-developpement.com\/logisain-78\/shop\/"},{"@type":"ListItem","position":3,"name":"Isolation et \u00e9tanch\u00e9it\u00e9","item":"https:\/\/nature-et-developpement.com\/logisain-78\/produits\/isolation-et-etancheite\/"},{"@type":"ListItem","position":4,"name":"Isolation int\u00e9rieure","item":"https:\/\/nature-et-developpement.com\/logisain-78\/produits\/isolation-et-etancheite\/isolation-interieure\/"},{"@type":"ListItem","position":5,"name":"STEICO Base &#8211; Isolant pour plancher et support d&rsquo;enduit"}]},{"@type":"WebSite","@id":"https:\/\/nature-et-developpement.com\/logisain-78\/#website","url":"https:\/\/nature-et-developpement.com\/logisain-78\/","name":"LOGISAIN 78 \u2013 Magasin de mat\u00e9riaux biosourc\u00e9s","description":"Logisain 78 est membre du groupement Nature &amp; D\u00e9veloppement","publisher":{"@id":"https:\/\/nature-et-developpement.com\/logisain-78\/#organization"},"potentialAction":[{"@type":"SearchAction","target":{"@type":"EntryPoint","urlTemplate":"https:\/\/nature-et-developpement.com\/logisain-78\/?s={search_term_string}"},"query-input":{"@type":"PropertyValueSpecification","valueRequired":true,"valueName":"search_term_string"}}],"inLanguage":"fr-FR"},{"@type":"Organization","@id":"https:\/\/nature-et-developpement.com\/logisain-78\/#organization","name":"Logisain 78","url":"https:\/\/nature-et-developpement.com\/logisain-78\/","logo":{"@type":"ImageObject","inLanguage":"fr-FR","@id":"https:\/\/nature-et-developpement.com\/logisain-78\/#\/schema\/logo\/image\/","url":"https:\/\/nature-et-developpement.com\/logisain-78\/wp-content\/uploads\/sites\/5\/2021\/08\/logo-logisain.jpg","contentUrl":"https:\/\/nature-et-developpement.com\/logisain-78\/wp-content\/uploads\/sites\/5\/2021\/08\/logo-logisain.jpg","width":672,"height":455,"caption":"Logisain 78"},"image":{"@id":"https:\/\/nature-et-developpement.com\/logisain-78\/#\/schema\/logo\/image\/"}}]}},"distributor_meta":false,"distributor_terms":false,"distributor_media":false,"distributor_original_site_name":"LOGISAIN 78 \u2013 Magasin de mat\u00e9riaux biosourc\u00e9s","distributor_original_site_url":"https:\/\/nature-et-developpement.com\/logisain-78","push-errors":false,"_links":{"self":[{"href":"https:\/\/nature-et-developpement.com\/logisain-78\/wp-json\/wp\/v2\/product\/31151","targetHints":{"allow":["GET"]}}],"collection":[{"href":"https:\/\/nature-et-developpement.com\/logisain-78\/wp-json\/wp\/v2\/product"}],"about":[{"href":"https:\/\/nature-et-developpement.com\/logisain-78\/wp-json\/wp\/v2\/types\/product"}],"wp:featuredmedia":[{"embeddable":true,"href":"https:\/\/nature-et-developpement.com\/logisain-78\/wp-json\/"}],"wp:attachment":[{"href":"https:\/\/nature-et-developpement.com\/logisain-78\/wp-json\/wp\/v2\/media?parent=31151"}],"wp:term":[{"taxonomy":"product_brand","embeddable":true,"href":"https:\/\/nature-et-developpement.com\/logisain-78\/wp-json\/wp\/v2\/product_brand?post=31151"},{"taxonomy":"product_cat","embeddable":true,"href":"https:\/\/nature-et-developpement.com\/logisain-78\/wp-json\/wp\/v2\/product_cat?post=31151"},{"taxonomy":"product_tag","embeddable":true,"href":"https:\/\/nature-et-developpement.com\/logisain-78\/wp-json\/wp\/v2\/product_tag?post=31151"}],"curies":[{"name":"wp","href":"https:\/\/api.w.org\/{rel}","templated":true}]}}