{"id":3119,"date":"2020-07-11T12:55:16","date_gmt":"2020-07-11T10:55:16","guid":{"rendered":"https:\/\/nature-et-developpement.com\/logisain78\/produit\/sparen-expander-universel-ue105-240-cm\/"},"modified":"2025-11-05T16:29:52","modified_gmt":"2025-11-05T15:29:52","slug":"sparen-expander-universel-ue105-240-cm","status":"publish","type":"product","link":"https:\/\/nature-et-developpement.com\/logisain-78\/produit\/sparen-expander-universel-ue105-240-cm\/","title":{"rendered":"Sparen expander universel UE105 240 cm"},"content":{"rendered":"","protected":false},"excerpt":{"rendered":"<p>Prolongateur universel \u00e0 3 fonctions.<\/p>\n<p>Caisson isolant de fa\u00e7ade 205mm \u00e0 245mm avec la base FT85.<\/p>\n<p>Sur\u00e9l\u00e9vation des chevrons de toitures jusqu&rsquo;\u00e0 105mm.<\/p>\n<p>Pour isolation sur plancher avec la base BT85.<\/p>\n<p>Adapt\u00e9 aux isolants v\u00e9g\u00e9taux en laine ou en vrac \u00e0 insuffler.<\/p>\n<p>Facilit\u00e9 d&rsquo;utilisation par son faible poids.<\/p>\n<p>Possibilit\u00e9 de rattraper les diff\u00e9rences de niveau.<\/p>\n","protected":false},"featured_media":1000000141608,"template":"","meta":[],"product_brand":[2913],"product_cat":[134,132,131,238],"product_tag":[],"class_list":{"0":"post-3119","1":"product","2":"type-product","3":"status-publish","4":"has-post-thumbnail","6":"product_brand-produit-logisain","7":"product_cat-accessoires-isolation-et-etancheite","8":"product_cat-cloisons-et-doublage","9":"product_cat-construction-maison-bois","10":"product_cat-promo-et-destockage","11":"product_shipping_class-impact-transport-important","13":"first","14":"instock","15":"sale","16":"taxable","17":"shipping-taxable","18":"purchasable","19":"product-type-simple"},"yoast_head":"<!-- This site is optimized with the Yoast SEO plugin v27.5 - https:\/\/yoast.com\/product\/yoast-seo-wordpress\/ -->\n<title>Sparen expander universel UE105 240 cm<\/title>\n<meta name=\"description\" content=\"Prolongateur universel \u00e0 3 fonctions.  Caisson isolant de fa\u00e7ade 205mm \u00e0 245mm avec la base FT85.  Sur\u00e9l\u00e9vation des chevrons de toitures jusqu&#039;\u00e0 105mm.  Pour isolation sur plancher avec la base BT85.  Adapt\u00e9 aux isolants v\u00e9g\u00e9taux en laine ou en vrac \u00e0 insuffler.  Facilit\u00e9 d&#039;utilisation par son faible poids.  Possibilit\u00e9 de rattraper les diff\u00e9rences de niveau.\" \/>\n<meta name=\"robots\" content=\"noindex, follow\" \/>\n<meta property=\"og:locale\" content=\"fr_FR\" \/>\n<meta property=\"og:type\" content=\"article\" \/>\n<meta property=\"og:title\" content=\"Sparen expander universel UE105 240 cm\" \/>\n<meta property=\"og:description\" content=\"Prolongateur universel \u00e0 3 fonctions.  Caisson isolant de fa\u00e7ade 205mm \u00e0 245mm avec la base FT85.  Sur\u00e9l\u00e9vation des chevrons de toitures jusqu&#039;\u00e0 105mm.  Pour isolation sur plancher avec la base BT85.  Adapt\u00e9 aux isolants v\u00e9g\u00e9taux en laine ou en vrac \u00e0 insuffler.  Facilit\u00e9 d&#039;utilisation par son faible poids.  Possibilit\u00e9 de rattraper les diff\u00e9rences de niveau.\" \/>\n<meta property=\"og:url\" content=\"https:\/\/nature-et-developpement.com\/logisain-78\/produit\/sparen-expander-universel-ue105-240-cm\/\" \/>\n<meta property=\"og:site_name\" content=\"LOGISAIN 78 \u2013 Magasin de mat\u00e9riaux biosourc\u00e9s\" \/>\n<meta property=\"article:modified_time\" content=\"2025-11-05T15:29:52+00:00\" \/>\n<meta name=\"twitter:card\" content=\"summary_large_image\" \/>\n<script type=\"application\/ld+json\" class=\"yoast-schema-graph\">{\"@context\":\"https:\\\/\\\/schema.org\",\"@graph\":[{\"@type\":\"WebPage\",\"@id\":\"https:\\\/\\\/nature-et-developpement.com\\\/logisain-78\\\/produit\\\/sparen-expander-universel-ue105-240-cm\\\/\",\"url\":\"https:\\\/\\\/nature-et-developpement.com\\\/logisain-78\\\/produit\\\/sparen-expander-universel-ue105-240-cm\\\/\",\"name\":\"Sparen expander universel UE105 240 cm\",\"isPartOf\":{\"@id\":\"https:\\\/\\\/nature-et-developpement.com\\\/logisain-78\\\/#website\"},\"primaryImageOfPage\":{\"@id\":\"https:\\\/\\\/nature-et-developpement.com\\\/logisain-78\\\/produit\\\/sparen-expander-universel-ue105-240-cm\\\/#primaryimage\"},\"image\":{\"@id\":\"https:\\\/\\\/nature-et-developpement.com\\\/logisain-78\\\/produit\\\/sparen-expander-universel-ue105-240-cm\\\/#primaryimage\"},\"thumbnailUrl\":\"https:\\\/\\\/nature-et-developpement.com\\\/logisain-78\\\/wp-content\\\/uploads\\\/27919-Sparen-expander-base-facade-FT85.jpg\",\"datePublished\":\"2020-07-11T10:55:16+00:00\",\"dateModified\":\"2025-11-05T15:29:52+00:00\",\"description\":\"Prolongateur universel \u00e0 3 fonctions. Caisson isolant de fa\u00e7ade 205mm \u00e0 245mm avec la base FT85. Sur\u00e9l\u00e9vation des chevrons de toitures jusqu'\u00e0 105mm. Pour isolation sur plancher avec la base BT85. Adapt\u00e9 aux isolants v\u00e9g\u00e9taux en laine ou en vrac \u00e0 insuffler. Facilit\u00e9 d'utilisation par son faible poids. Possibilit\u00e9 de rattraper les diff\u00e9rences de niveau.\",\"breadcrumb\":{\"@id\":\"https:\\\/\\\/nature-et-developpement.com\\\/logisain-78\\\/produit\\\/sparen-expander-universel-ue105-240-cm\\\/#breadcrumb\"},\"inLanguage\":\"fr-FR\",\"potentialAction\":[{\"@type\":\"ReadAction\",\"target\":[\"https:\\\/\\\/nature-et-developpement.com\\\/logisain-78\\\/produit\\\/sparen-expander-universel-ue105-240-cm\\\/\"]}]},{\"@type\":\"ImageObject\",\"inLanguage\":\"fr-FR\",\"@id\":\"https:\\\/\\\/nature-et-developpement.com\\\/logisain-78\\\/produit\\\/sparen-expander-universel-ue105-240-cm\\\/#primaryimage\",\"url\":\"https:\\\/\\\/nature-et-developpement.com\\\/logisain-78\\\/wp-content\\\/uploads\\\/27919-Sparen-expander-base-facade-FT85.jpg\",\"contentUrl\":\"https:\\\/\\\/nature-et-developpement.com\\\/logisain-78\\\/wp-content\\\/uploads\\\/27919-Sparen-expander-base-facade-FT85.jpg\"},{\"@type\":\"BreadcrumbList\",\"@id\":\"https:\\\/\\\/nature-et-developpement.com\\\/logisain-78\\\/produit\\\/sparen-expander-universel-ue105-240-cm\\\/#breadcrumb\",\"itemListElement\":[{\"@type\":\"ListItem\",\"position\":1,\"name\":\"Accueil\",\"item\":\"https:\\\/\\\/nature-et-developpement.com\\\/logisain-78\\\/\"},{\"@type\":\"ListItem\",\"position\":2,\"name\":\"Produits\",\"item\":\"https:\\\/\\\/nature-et-developpement.com\\\/logisain-78\\\/shop\\\/\"},{\"@type\":\"ListItem\",\"position\":3,\"name\":\"Promo et D\u00e9stockage\",\"item\":\"https:\\\/\\\/nature-et-developpement.com\\\/logisain-78\\\/produits\\\/promo-et-destockage\\\/\"},{\"@type\":\"ListItem\",\"position\":4,\"name\":\"Sparen expander universel UE105 240 cm\"}]},{\"@type\":\"WebSite\",\"@id\":\"https:\\\/\\\/nature-et-developpement.com\\\/logisain-78\\\/#website\",\"url\":\"https:\\\/\\\/nature-et-developpement.com\\\/logisain-78\\\/\",\"name\":\"LOGISAIN 78 \u2013 Magasin de mat\u00e9riaux biosourc\u00e9s\",\"description\":\"Logisain 78 est membre du groupement Nature &amp; D\u00e9veloppement\",\"publisher\":{\"@id\":\"https:\\\/\\\/nature-et-developpement.com\\\/logisain-78\\\/#organization\"},\"potentialAction\":[{\"@type\":\"SearchAction\",\"target\":{\"@type\":\"EntryPoint\",\"urlTemplate\":\"https:\\\/\\\/nature-et-developpement.com\\\/logisain-78\\\/?s={search_term_string}\"},\"query-input\":{\"@type\":\"PropertyValueSpecification\",\"valueRequired\":true,\"valueName\":\"search_term_string\"}}],\"inLanguage\":\"fr-FR\"},{\"@type\":\"Organization\",\"@id\":\"https:\\\/\\\/nature-et-developpement.com\\\/logisain-78\\\/#organization\",\"name\":\"Logisain 78\",\"url\":\"https:\\\/\\\/nature-et-developpement.com\\\/logisain-78\\\/\",\"logo\":{\"@type\":\"ImageObject\",\"inLanguage\":\"fr-FR\",\"@id\":\"https:\\\/\\\/nature-et-developpement.com\\\/logisain-78\\\/#\\\/schema\\\/logo\\\/image\\\/\",\"url\":\"https:\\\/\\\/nature-et-developpement.com\\\/logisain-78\\\/wp-content\\\/uploads\\\/sites\\\/5\\\/2021\\\/08\\\/logo-logisain.jpg\",\"contentUrl\":\"https:\\\/\\\/nature-et-developpement.com\\\/logisain-78\\\/wp-content\\\/uploads\\\/sites\\\/5\\\/2021\\\/08\\\/logo-logisain.jpg\",\"width\":672,\"height\":455,\"caption\":\"Logisain 78\"},\"image\":{\"@id\":\"https:\\\/\\\/nature-et-developpement.com\\\/logisain-78\\\/#\\\/schema\\\/logo\\\/image\\\/\"}}]}<\/script>\n<!-- \/ Yoast SEO plugin. -->","yoast_head_json":{"title":"Sparen expander universel UE105 240 cm","description":"Prolongateur universel \u00e0 3 fonctions.  Caisson isolant de fa\u00e7ade 205mm \u00e0 245mm avec la base FT85.  Sur\u00e9l\u00e9vation des chevrons de toitures jusqu'\u00e0 105mm.  Pour isolation sur plancher avec la base BT85.  Adapt\u00e9 aux isolants v\u00e9g\u00e9taux en laine ou en vrac \u00e0 insuffler.  Facilit\u00e9 d'utilisation par son faible poids.  Possibilit\u00e9 de rattraper les diff\u00e9rences de niveau.","robots":{"index":"noindex","follow":"follow"},"og_locale":"fr_FR","og_type":"article","og_title":"Sparen expander universel UE105 240 cm","og_description":"Prolongateur universel \u00e0 3 fonctions.  Caisson isolant de fa\u00e7ade 205mm \u00e0 245mm avec la base FT85.  Sur\u00e9l\u00e9vation des chevrons de toitures jusqu'\u00e0 105mm.  Pour isolation sur plancher avec la base BT85.  Adapt\u00e9 aux isolants v\u00e9g\u00e9taux en laine ou en vrac \u00e0 insuffler.  Facilit\u00e9 d'utilisation par son faible poids.  Possibilit\u00e9 de rattraper les diff\u00e9rences de niveau.","og_url":"https:\/\/nature-et-developpement.com\/logisain-78\/produit\/sparen-expander-universel-ue105-240-cm\/","og_site_name":"LOGISAIN 78 \u2013 Magasin de mat\u00e9riaux biosourc\u00e9s","article_modified_time":"2025-11-05T15:29:52+00:00","twitter_card":"summary_large_image","schema":{"@context":"https:\/\/schema.org","@graph":[{"@type":"WebPage","@id":"https:\/\/nature-et-developpement.com\/logisain-78\/produit\/sparen-expander-universel-ue105-240-cm\/","url":"https:\/\/nature-et-developpement.com\/logisain-78\/produit\/sparen-expander-universel-ue105-240-cm\/","name":"Sparen expander universel UE105 240 cm","isPartOf":{"@id":"https:\/\/nature-et-developpement.com\/logisain-78\/#website"},"primaryImageOfPage":{"@id":"https:\/\/nature-et-developpement.com\/logisain-78\/produit\/sparen-expander-universel-ue105-240-cm\/#primaryimage"},"image":{"@id":"https:\/\/nature-et-developpement.com\/logisain-78\/produit\/sparen-expander-universel-ue105-240-cm\/#primaryimage"},"thumbnailUrl":"https:\/\/nature-et-developpement.com\/logisain-78\/wp-content\/uploads\/27919-Sparen-expander-base-facade-FT85.jpg","datePublished":"2020-07-11T10:55:16+00:00","dateModified":"2025-11-05T15:29:52+00:00","description":"Prolongateur universel \u00e0 3 fonctions. Caisson isolant de fa\u00e7ade 205mm \u00e0 245mm avec la base FT85. Sur\u00e9l\u00e9vation des chevrons de toitures jusqu'\u00e0 105mm. Pour isolation sur plancher avec la base BT85. Adapt\u00e9 aux isolants v\u00e9g\u00e9taux en laine ou en vrac \u00e0 insuffler. Facilit\u00e9 d'utilisation par son faible poids. Possibilit\u00e9 de rattraper les diff\u00e9rences de niveau.","breadcrumb":{"@id":"https:\/\/nature-et-developpement.com\/logisain-78\/produit\/sparen-expander-universel-ue105-240-cm\/#breadcrumb"},"inLanguage":"fr-FR","potentialAction":[{"@type":"ReadAction","target":["https:\/\/nature-et-developpement.com\/logisain-78\/produit\/sparen-expander-universel-ue105-240-cm\/"]}]},{"@type":"ImageObject","inLanguage":"fr-FR","@id":"https:\/\/nature-et-developpement.com\/logisain-78\/produit\/sparen-expander-universel-ue105-240-cm\/#primaryimage","url":"https:\/\/nature-et-developpement.com\/logisain-78\/wp-content\/uploads\/27919-Sparen-expander-base-facade-FT85.jpg","contentUrl":"https:\/\/nature-et-developpement.com\/logisain-78\/wp-content\/uploads\/27919-Sparen-expander-base-facade-FT85.jpg"},{"@type":"BreadcrumbList","@id":"https:\/\/nature-et-developpement.com\/logisain-78\/produit\/sparen-expander-universel-ue105-240-cm\/#breadcrumb","itemListElement":[{"@type":"ListItem","position":1,"name":"Accueil","item":"https:\/\/nature-et-developpement.com\/logisain-78\/"},{"@type":"ListItem","position":2,"name":"Produits","item":"https:\/\/nature-et-developpement.com\/logisain-78\/shop\/"},{"@type":"ListItem","position":3,"name":"Promo et D\u00e9stockage","item":"https:\/\/nature-et-developpement.com\/logisain-78\/produits\/promo-et-destockage\/"},{"@type":"ListItem","position":4,"name":"Sparen expander universel UE105 240 cm"}]},{"@type":"WebSite","@id":"https:\/\/nature-et-developpement.com\/logisain-78\/#website","url":"https:\/\/nature-et-developpement.com\/logisain-78\/","name":"LOGISAIN 78 \u2013 Magasin de mat\u00e9riaux biosourc\u00e9s","description":"Logisain 78 est membre du groupement Nature &amp; D\u00e9veloppement","publisher":{"@id":"https:\/\/nature-et-developpement.com\/logisain-78\/#organization"},"potentialAction":[{"@type":"SearchAction","target":{"@type":"EntryPoint","urlTemplate":"https:\/\/nature-et-developpement.com\/logisain-78\/?s={search_term_string}"},"query-input":{"@type":"PropertyValueSpecification","valueRequired":true,"valueName":"search_term_string"}}],"inLanguage":"fr-FR"},{"@type":"Organization","@id":"https:\/\/nature-et-developpement.com\/logisain-78\/#organization","name":"Logisain 78","url":"https:\/\/nature-et-developpement.com\/logisain-78\/","logo":{"@type":"ImageObject","inLanguage":"fr-FR","@id":"https:\/\/nature-et-developpement.com\/logisain-78\/#\/schema\/logo\/image\/","url":"https:\/\/nature-et-developpement.com\/logisain-78\/wp-content\/uploads\/sites\/5\/2021\/08\/logo-logisain.jpg","contentUrl":"https:\/\/nature-et-developpement.com\/logisain-78\/wp-content\/uploads\/sites\/5\/2021\/08\/logo-logisain.jpg","width":672,"height":455,"caption":"Logisain 78"},"image":{"@id":"https:\/\/nature-et-developpement.com\/logisain-78\/#\/schema\/logo\/image\/"}}]}},"distributor_meta":false,"distributor_terms":false,"distributor_media":false,"distributor_original_site_name":"LOGISAIN 78 \u2013 Magasin de mat\u00e9riaux biosourc\u00e9s","distributor_original_site_url":"https:\/\/nature-et-developpement.com\/logisain-78","push-errors":false,"_links":{"self":[{"href":"https:\/\/nature-et-developpement.com\/logisain-78\/wp-json\/wp\/v2\/product\/3119","targetHints":{"allow":["GET"]}}],"collection":[{"href":"https:\/\/nature-et-developpement.com\/logisain-78\/wp-json\/wp\/v2\/product"}],"about":[{"href":"https:\/\/nature-et-developpement.com\/logisain-78\/wp-json\/wp\/v2\/types\/product"}],"wp:featuredmedia":[{"embeddable":true,"href":"https:\/\/nature-et-developpement.com\/logisain-78\/wp-json\/"}],"wp:attachment":[{"href":"https:\/\/nature-et-developpement.com\/logisain-78\/wp-json\/wp\/v2\/media?parent=3119"}],"wp:term":[{"taxonomy":"product_brand","embeddable":true,"href":"https:\/\/nature-et-developpement.com\/logisain-78\/wp-json\/wp\/v2\/product_brand?post=3119"},{"taxonomy":"product_cat","embeddable":true,"href":"https:\/\/nature-et-developpement.com\/logisain-78\/wp-json\/wp\/v2\/product_cat?post=3119"},{"taxonomy":"product_tag","embeddable":true,"href":"https:\/\/nature-et-developpement.com\/logisain-78\/wp-json\/wp\/v2\/product_tag?post=3119"}],"curies":[{"name":"wp","href":"https:\/\/api.w.org\/{rel}","templated":true}]}}