{"id":31378,"date":"2024-04-28T11:07:43","date_gmt":"2024-04-28T09:07:43","guid":{"rendered":"https:\/\/nature-et-developpement.com\/logisain-78\/?post_type=product&#038;p=31378"},"modified":"2025-06-12T16:58:43","modified_gmt":"2025-06-12T14:58:43","slug":"ventilation-double-flux-comfoair-180-de-zehnder","status":"publish","type":"product","link":"https:\/\/nature-et-developpement.com\/logisain-78\/produit\/ventilation-double-flux-comfoair-180-de-zehnder\/","title":{"rendered":"VMC double flux comfoair 180 de Zehnder"},"content":{"rendered":"<h2>La solution pour gagner de la place<\/h2>\n<p>Nouveau syst\u00e8me de ventilation double-flux individuelle ultra-compact : LA solution gain de place en logements collectifs<\/p>\n<p>Les promoteurs immobiliers et bailleurs sociaux ont tous les m\u00eames contraintes au moment de la construction ou de la r\u00e9novation des logements collectifs :<\/p>\n<p>Choisir des \u00e9quipements performants<\/p>\n<p>Am\u00e9liorer l\u2019efficacit\u00e9 \u00e9nerg\u00e9tique des b\u00e2timents<\/p>\n<p>Ne pas perdre de m\u00e8tres carr\u00e9s<\/p>\n<p>\u00c9viter la complexit\u00e9 d\u2019int\u00e9gration.<\/p>\n<p>Avec son nouveau syst\u00e8me de ventilation double flux individuelle ComfoAir 180.<\/p>\n<p>Sp\u00e9cifiquement \u00e9tudi\u00e9 pour des logements de type T2\/T3, Zehnder offre une solution ultra-compacte, modulable (machine et r\u00e9seau de distribution d\u2019air compris), adaptable \u00e0 toutes les configurations d\u2019installation.<\/p>\n<h3>Un gain de place et des \u00e9conomies<\/h3>\n<p>ComfoAir 180 est un syst\u00e8me complet de VMC double flux individuelle sp\u00e9cialement con\u00e7u pour les appartements de type T2\/T3, comprenant une centrale et un r\u00e9seau de distribution d\u2019air extr\u00eamement innovant, lib\u00e9rant les promoteurs immobiliers de nombreuses contraintes.<\/p>\n<p>Gr\u00e2ce \u00e0 ses dimensions ultra-compactes (680 x 560 x 280 mm), ComfoAir 180 ne n\u00e9cessite pas de local technique.<\/p>\n<p>Il optimise l\u2019espace de l\u2019appartement en s\u2019int\u00e9grant facilement dans un placard de cuisine, d\u2019entr\u00e9e, de WC ou de salle de bains.<\/p>\n<p>Pour faciliter la maintenance, la centrale peut m\u00eame \u00eatre incorpor\u00e9e dans un placard coupe-feu situ\u00e9 sur le palier de l\u2019appartement.<\/p>\n<p>Pour se lib\u00e9rer des contraintes fr\u00e9quentes de la VMC double flux au niveau des faux-plafonds, Zehnder a associ\u00e9 un caisson de distribution extra-plat compos\u00e9 des gaines de ventilation ComfoFlat 51 \u00e0 des bouches d\u2019a\u00e9ration longue port\u00e9e.<\/p>\n<p>Le syst\u00e8me LongFlow permet de r\u00e9duire la longueur du r\u00e9seau et d\u2019\u00e9viter le recours aux faux plafonds dans les pi\u00e8ces \u00e0 vivre.<\/p>\n<p>En plus, l\u2019air vici\u00e9 et l\u2019air neuf v\u00e9hicul\u00e9s par une seule grille ext\u00e9rieure combin\u00e9e, pr\u00e9serve le design de la fa\u00e7ade de l\u2019immeuble,.<\/p>\n<p>Disponible dans toutes les teintes RAL sur demande.<\/p>\n<p>En r\u00e9duisant la longueur du r\u00e9seau limitant le besoin en faux-plafond, et en \u00e9conomisant la place d\u2019un local technique.<\/p>\n<p>Le syst\u00e8me ComfoAir 180 est une solution \u00e9conomique pour les promoteurs immobiliers.<\/p>\n<p>ComfoAir 180, un syst\u00e8me innovant et unique pour une mise en \u0153uvre rapide con\u00e7u par Zehnder, le syst\u00e8me ComfoAir 180 pour \u00eatre rapidement mis en \u0153uvre.<\/p>\n<p>Le nouveau r\u00e9seau de distribution ComfoPipe Plus Twin est constitu\u00e9 de modules \u00e9tanches pour l\u2019entr\u00e9e et la sortie d\u2019air.<\/p>\n<p>En polypropyl\u00e8ne, les modules s\u2019assemblent rapidement, sans outil et sans adh\u00e9sif par simple emboitement.<\/p>\n<p>Ce qui permet ainsi de simplifier le montage et s\u2019adapter \u00e0 toutes les configurations d\u2019installation (montage \u00e0 la verticale ou \u00e0 l\u2019horizontale).<\/p>\n<h4>Un syst\u00e8me \u00e9conomique \u00e0 entretenir<\/h4>\n<p>Pour garantir l\u2019efficacit\u00e9 du syst\u00e8me, il suffit de les changer environ deux fois par an.<\/p>\n<p>De plus, les parois int\u00e9rieures des conduits de ventilation ont la technologie Clinside de Zehnder, qui emp\u00eache les d\u00e9p\u00f4ts de poussi\u00e8re et facilite le nettoyage.<\/p>\n<h4>Des installations de qualit\u00e9<\/h4>\n<p>Conscient des enjeux inh\u00e9rents \u00e0 la conception et la mise en \u0153uvre des syst\u00e8mes de ventilation double flux.<\/p>\n<p>Zehnder a mis en place une \u00e9quipe de 20 personnes sur le territoire fran\u00e7ais.<\/p>\n<p>Ces derni\u00e8res accompagnent les prescripteurs et entreprises, du dimensionnement jusqu\u2019\u00e0 la mise en service des installations de ventilation.<\/p>\n<p>Le syst\u00e8me de ventilation double flux ultra compact Zehnder ComfoAir 180 a \u00e9t\u00e9 d\u00e9velopp\u00e9 pour des applications exigeantes en logements collectifs.<\/p>\n<p>Le syst\u00e8me allie confort, commandes conviviales, un haut rendement et une int\u00e9gration flexible dans une domotique.<\/p>\n<p>Il dispose de d\u00e9bits d\u2019air de 60 \u00e0 180 m\u00b3 \/ h d&rsquo;air \u00e0 une pression externe de 100 Pa.<\/p>\n<p>Le renouvellement de l\u2019air est assur\u00e9 en gestion individualis\u00e9e.<\/p>\n<p>Le r\u00e9seau de distribution d\u2019air, associ\u00e9 au syst\u00e8me de ventilation double flux, assure l\u2019amen\u00e9e d\u2019air neuf dans les pi\u00e8ces de vie.<\/p>\n<p>Tandis que le r\u00e9seau d\u2019extraction assure la reprise de l\u2019air vici\u00e9 dans les pi\u00e8ces humides.<\/p>\n<h4>Donn\u00e9es techniques<\/h4>\n<p>D\u00e9bit d\u2019air max. (\u00e0 240 Pa) : 180 m3\/h<br \/>\nD\u00e9bit d\u2019air min. : 40 m3\/h<br \/>\nDimensions de la machine :<br \/>\nHauteur : 680 mm<br \/>\nLargeur : 565 mm<br \/>\nProfondeur : 280 mm<br \/>\nEfficacit\u00e9 \u00e9changeur 91 % Certifi\u00e9 NF Ventilation (en cours)<br \/>\nEchangeur \u00e0 plaque<br \/>\nFiltres G4 (reprise), F7 (air neuf)<br \/>\nBo\u00eetier de contr\u00f4le avanc\u00e9 (ComfoSense),<br \/>\nBypass automatique<\/p>\n","protected":false},"excerpt":{"rendered":"<p>LE syst\u00e8me de ventilation double-flux individuelle ultra-compact : La solution gain de place en logements collectifs<\/p>\n<p><a href=\"https:\/\/heyzine.com\/flip-book\/37ab457f8d.html#page\/1\" target=\"_blank\" rel=\"noopener\">Pour plus de solutions techniques Zehnder, consultez leurs autres produits.<\/a><\/p>\n","protected":false},"featured_media":1000000169836,"template":"","meta":[],"product_brand":[2871],"product_cat":[465],"product_tag":[4257],"class_list":{"0":"post-31378","1":"product","2":"type-product","3":"status-publish","4":"has-post-thumbnail","6":"product_brand-zehnder","7":"product_cat-ventilation","8":"product_tag-zehnder","9":"product_shipping_class-petit-equipement-outil-eclairage","11":"first","12":"instock","13":"taxable","14":"shipping-taxable","15":"purchasable","16":"product-type-variable"},"yoast_head":"<!-- This site is optimized with the Yoast SEO plugin v27.5 - https:\/\/yoast.com\/product\/yoast-seo-wordpress\/ -->\n<title>VMC double flux comfoair 180 de Zehnder<\/title>\n<meta name=\"description\" content=\"LE syst\u00e8me de ventilation double-flux individuelle ultra-compact : La solution gain de place en logements collectifs ou individuel.\" \/>\n<meta name=\"robots\" content=\"noindex, follow\" \/>\n<meta property=\"og:locale\" content=\"fr_FR\" \/>\n<meta property=\"og:type\" content=\"article\" \/>\n<meta property=\"og:title\" content=\"VMC double flux comfoair 180 de Zehnder\" \/>\n<meta property=\"og:description\" content=\"LE syst\u00e8me de ventilation double-flux individuelle ultra-compact : La solution gain de place en logements collectifs ou individuel.\" \/>\n<meta property=\"og:url\" content=\"https:\/\/nature-et-developpement.com\/logisain-78\/produit\/ventilation-double-flux-comfoair-180-de-zehnder\/\" \/>\n<meta property=\"og:site_name\" content=\"LOGISAIN 78 \u2013 Magasin de mat\u00e9riaux biosourc\u00e9s\" \/>\n<meta property=\"article:modified_time\" content=\"2025-06-12T14:58:43+00:00\" \/>\n<meta name=\"twitter:card\" content=\"summary_large_image\" \/>\n<meta name=\"twitter:label1\" content=\"Dur\u00e9e de lecture estim\u00e9e\" \/>\n\t<meta name=\"twitter:data1\" content=\"4 minutes\" \/>\n<script type=\"application\/ld+json\" class=\"yoast-schema-graph\">{\"@context\":\"https:\\\/\\\/schema.org\",\"@graph\":[{\"@type\":\"WebPage\",\"@id\":\"https:\\\/\\\/nature-et-developpement.com\\\/logisain-78\\\/produit\\\/ventilation-double-flux-comfoair-180-de-zehnder\\\/\",\"url\":\"https:\\\/\\\/nature-et-developpement.com\\\/logisain-78\\\/produit\\\/ventilation-double-flux-comfoair-180-de-zehnder\\\/\",\"name\":\"VMC double flux comfoair 180 de Zehnder\",\"isPartOf\":{\"@id\":\"https:\\\/\\\/nature-et-developpement.com\\\/logisain-78\\\/#website\"},\"primaryImageOfPage\":{\"@id\":\"https:\\\/\\\/nature-et-developpement.com\\\/logisain-78\\\/produit\\\/ventilation-double-flux-comfoair-180-de-zehnder\\\/#primaryimage\"},\"image\":{\"@id\":\"https:\\\/\\\/nature-et-developpement.com\\\/logisain-78\\\/produit\\\/ventilation-double-flux-comfoair-180-de-zehnder\\\/#primaryimage\"},\"thumbnailUrl\":\"https:\\\/\\\/nature-et-developpement.com\\\/logisain-78\\\/wp-content\\\/uploads\\\/Ventilation-double-flux-comfoair-180-de-Zenhder.jpg\",\"datePublished\":\"2024-04-28T09:07:43+00:00\",\"dateModified\":\"2025-06-12T14:58:43+00:00\",\"description\":\"LE syst\u00e8me de ventilation double-flux individuelle ultra-compact : La solution gain de place en logements collectifs ou individuel.\",\"breadcrumb\":{\"@id\":\"https:\\\/\\\/nature-et-developpement.com\\\/logisain-78\\\/produit\\\/ventilation-double-flux-comfoair-180-de-zehnder\\\/#breadcrumb\"},\"inLanguage\":\"fr-FR\",\"potentialAction\":[{\"@type\":\"ReadAction\",\"target\":[\"https:\\\/\\\/nature-et-developpement.com\\\/logisain-78\\\/produit\\\/ventilation-double-flux-comfoair-180-de-zehnder\\\/\"]}]},{\"@type\":\"ImageObject\",\"inLanguage\":\"fr-FR\",\"@id\":\"https:\\\/\\\/nature-et-developpement.com\\\/logisain-78\\\/produit\\\/ventilation-double-flux-comfoair-180-de-zehnder\\\/#primaryimage\",\"url\":\"https:\\\/\\\/nature-et-developpement.com\\\/logisain-78\\\/wp-content\\\/uploads\\\/Ventilation-double-flux-comfoair-180-de-Zenhder.jpg\",\"contentUrl\":\"https:\\\/\\\/nature-et-developpement.com\\\/logisain-78\\\/wp-content\\\/uploads\\\/Ventilation-double-flux-comfoair-180-de-Zenhder.jpg\"},{\"@type\":\"BreadcrumbList\",\"@id\":\"https:\\\/\\\/nature-et-developpement.com\\\/logisain-78\\\/produit\\\/ventilation-double-flux-comfoair-180-de-zehnder\\\/#breadcrumb\",\"itemListElement\":[{\"@type\":\"ListItem\",\"position\":1,\"name\":\"Accueil\",\"item\":\"https:\\\/\\\/nature-et-developpement.com\\\/logisain-78\\\/\"},{\"@type\":\"ListItem\",\"position\":2,\"name\":\"Produits\",\"item\":\"https:\\\/\\\/nature-et-developpement.com\\\/logisain-78\\\/shop\\\/\"},{\"@type\":\"ListItem\",\"position\":3,\"name\":\"Chauffage, eau et \u00e9nergie\",\"item\":\"https:\\\/\\\/nature-et-developpement.com\\\/logisain-78\\\/produits\\\/energie-et-ventilation\\\/\"},{\"@type\":\"ListItem\",\"position\":4,\"name\":\"Ventilation double flux, VMC hydro, extracteur d'air\",\"item\":\"https:\\\/\\\/nature-et-developpement.com\\\/logisain-78\\\/produits\\\/energie-et-ventilation\\\/ventilation\\\/\"},{\"@type\":\"ListItem\",\"position\":5,\"name\":\"VMC double flux comfoair 180 de Zehnder\"}]},{\"@type\":\"WebSite\",\"@id\":\"https:\\\/\\\/nature-et-developpement.com\\\/logisain-78\\\/#website\",\"url\":\"https:\\\/\\\/nature-et-developpement.com\\\/logisain-78\\\/\",\"name\":\"LOGISAIN 78 \u2013 Magasin de mat\u00e9riaux biosourc\u00e9s\",\"description\":\"Logisain 78 est membre du groupement Nature &amp; D\u00e9veloppement\",\"publisher\":{\"@id\":\"https:\\\/\\\/nature-et-developpement.com\\\/logisain-78\\\/#organization\"},\"potentialAction\":[{\"@type\":\"SearchAction\",\"target\":{\"@type\":\"EntryPoint\",\"urlTemplate\":\"https:\\\/\\\/nature-et-developpement.com\\\/logisain-78\\\/?s={search_term_string}\"},\"query-input\":{\"@type\":\"PropertyValueSpecification\",\"valueRequired\":true,\"valueName\":\"search_term_string\"}}],\"inLanguage\":\"fr-FR\"},{\"@type\":\"Organization\",\"@id\":\"https:\\\/\\\/nature-et-developpement.com\\\/logisain-78\\\/#organization\",\"name\":\"Logisain 78\",\"url\":\"https:\\\/\\\/nature-et-developpement.com\\\/logisain-78\\\/\",\"logo\":{\"@type\":\"ImageObject\",\"inLanguage\":\"fr-FR\",\"@id\":\"https:\\\/\\\/nature-et-developpement.com\\\/logisain-78\\\/#\\\/schema\\\/logo\\\/image\\\/\",\"url\":\"https:\\\/\\\/nature-et-developpement.com\\\/logisain-78\\\/wp-content\\\/uploads\\\/sites\\\/5\\\/2021\\\/08\\\/logo-logisain.jpg\",\"contentUrl\":\"https:\\\/\\\/nature-et-developpement.com\\\/logisain-78\\\/wp-content\\\/uploads\\\/sites\\\/5\\\/2021\\\/08\\\/logo-logisain.jpg\",\"width\":672,\"height\":455,\"caption\":\"Logisain 78\"},\"image\":{\"@id\":\"https:\\\/\\\/nature-et-developpement.com\\\/logisain-78\\\/#\\\/schema\\\/logo\\\/image\\\/\"}}]}<\/script>\n<!-- \/ Yoast SEO plugin. -->","yoast_head_json":{"title":"VMC double flux comfoair 180 de Zehnder","description":"LE syst\u00e8me de ventilation double-flux individuelle ultra-compact : La solution gain de place en logements collectifs ou individuel.","robots":{"index":"noindex","follow":"follow"},"og_locale":"fr_FR","og_type":"article","og_title":"VMC double flux comfoair 180 de Zehnder","og_description":"LE syst\u00e8me de ventilation double-flux individuelle ultra-compact : La solution gain de place en logements collectifs ou individuel.","og_url":"https:\/\/nature-et-developpement.com\/logisain-78\/produit\/ventilation-double-flux-comfoair-180-de-zehnder\/","og_site_name":"LOGISAIN 78 \u2013 Magasin de mat\u00e9riaux biosourc\u00e9s","article_modified_time":"2025-06-12T14:58:43+00:00","twitter_card":"summary_large_image","twitter_misc":{"Dur\u00e9e de lecture estim\u00e9e":"4 minutes"},"schema":{"@context":"https:\/\/schema.org","@graph":[{"@type":"WebPage","@id":"https:\/\/nature-et-developpement.com\/logisain-78\/produit\/ventilation-double-flux-comfoair-180-de-zehnder\/","url":"https:\/\/nature-et-developpement.com\/logisain-78\/produit\/ventilation-double-flux-comfoair-180-de-zehnder\/","name":"VMC double flux comfoair 180 de Zehnder","isPartOf":{"@id":"https:\/\/nature-et-developpement.com\/logisain-78\/#website"},"primaryImageOfPage":{"@id":"https:\/\/nature-et-developpement.com\/logisain-78\/produit\/ventilation-double-flux-comfoair-180-de-zehnder\/#primaryimage"},"image":{"@id":"https:\/\/nature-et-developpement.com\/logisain-78\/produit\/ventilation-double-flux-comfoair-180-de-zehnder\/#primaryimage"},"thumbnailUrl":"https:\/\/nature-et-developpement.com\/logisain-78\/wp-content\/uploads\/Ventilation-double-flux-comfoair-180-de-Zenhder.jpg","datePublished":"2024-04-28T09:07:43+00:00","dateModified":"2025-06-12T14:58:43+00:00","description":"LE syst\u00e8me de ventilation double-flux individuelle ultra-compact : La solution gain de place en logements collectifs ou individuel.","breadcrumb":{"@id":"https:\/\/nature-et-developpement.com\/logisain-78\/produit\/ventilation-double-flux-comfoair-180-de-zehnder\/#breadcrumb"},"inLanguage":"fr-FR","potentialAction":[{"@type":"ReadAction","target":["https:\/\/nature-et-developpement.com\/logisain-78\/produit\/ventilation-double-flux-comfoair-180-de-zehnder\/"]}]},{"@type":"ImageObject","inLanguage":"fr-FR","@id":"https:\/\/nature-et-developpement.com\/logisain-78\/produit\/ventilation-double-flux-comfoair-180-de-zehnder\/#primaryimage","url":"https:\/\/nature-et-developpement.com\/logisain-78\/wp-content\/uploads\/Ventilation-double-flux-comfoair-180-de-Zenhder.jpg","contentUrl":"https:\/\/nature-et-developpement.com\/logisain-78\/wp-content\/uploads\/Ventilation-double-flux-comfoair-180-de-Zenhder.jpg"},{"@type":"BreadcrumbList","@id":"https:\/\/nature-et-developpement.com\/logisain-78\/produit\/ventilation-double-flux-comfoair-180-de-zehnder\/#breadcrumb","itemListElement":[{"@type":"ListItem","position":1,"name":"Accueil","item":"https:\/\/nature-et-developpement.com\/logisain-78\/"},{"@type":"ListItem","position":2,"name":"Produits","item":"https:\/\/nature-et-developpement.com\/logisain-78\/shop\/"},{"@type":"ListItem","position":3,"name":"Chauffage, eau et \u00e9nergie","item":"https:\/\/nature-et-developpement.com\/logisain-78\/produits\/energie-et-ventilation\/"},{"@type":"ListItem","position":4,"name":"Ventilation double flux, VMC hydro, extracteur d'air","item":"https:\/\/nature-et-developpement.com\/logisain-78\/produits\/energie-et-ventilation\/ventilation\/"},{"@type":"ListItem","position":5,"name":"VMC double flux comfoair 180 de Zehnder"}]},{"@type":"WebSite","@id":"https:\/\/nature-et-developpement.com\/logisain-78\/#website","url":"https:\/\/nature-et-developpement.com\/logisain-78\/","name":"LOGISAIN 78 \u2013 Magasin de mat\u00e9riaux biosourc\u00e9s","description":"Logisain 78 est membre du groupement Nature &amp; D\u00e9veloppement","publisher":{"@id":"https:\/\/nature-et-developpement.com\/logisain-78\/#organization"},"potentialAction":[{"@type":"SearchAction","target":{"@type":"EntryPoint","urlTemplate":"https:\/\/nature-et-developpement.com\/logisain-78\/?s={search_term_string}"},"query-input":{"@type":"PropertyValueSpecification","valueRequired":true,"valueName":"search_term_string"}}],"inLanguage":"fr-FR"},{"@type":"Organization","@id":"https:\/\/nature-et-developpement.com\/logisain-78\/#organization","name":"Logisain 78","url":"https:\/\/nature-et-developpement.com\/logisain-78\/","logo":{"@type":"ImageObject","inLanguage":"fr-FR","@id":"https:\/\/nature-et-developpement.com\/logisain-78\/#\/schema\/logo\/image\/","url":"https:\/\/nature-et-developpement.com\/logisain-78\/wp-content\/uploads\/sites\/5\/2021\/08\/logo-logisain.jpg","contentUrl":"https:\/\/nature-et-developpement.com\/logisain-78\/wp-content\/uploads\/sites\/5\/2021\/08\/logo-logisain.jpg","width":672,"height":455,"caption":"Logisain 78"},"image":{"@id":"https:\/\/nature-et-developpement.com\/logisain-78\/#\/schema\/logo\/image\/"}}]}},"distributor_meta":false,"distributor_terms":false,"distributor_media":false,"distributor_original_site_name":"LOGISAIN 78 \u2013 Magasin de mat\u00e9riaux biosourc\u00e9s","distributor_original_site_url":"https:\/\/nature-et-developpement.com\/logisain-78","push-errors":false,"_links":{"self":[{"href":"https:\/\/nature-et-developpement.com\/logisain-78\/wp-json\/wp\/v2\/product\/31378","targetHints":{"allow":["GET"]}}],"collection":[{"href":"https:\/\/nature-et-developpement.com\/logisain-78\/wp-json\/wp\/v2\/product"}],"about":[{"href":"https:\/\/nature-et-developpement.com\/logisain-78\/wp-json\/wp\/v2\/types\/product"}],"wp:featuredmedia":[{"embeddable":true,"href":"https:\/\/nature-et-developpement.com\/logisain-78\/wp-json\/"}],"wp:attachment":[{"href":"https:\/\/nature-et-developpement.com\/logisain-78\/wp-json\/wp\/v2\/media?parent=31378"}],"wp:term":[{"taxonomy":"product_brand","embeddable":true,"href":"https:\/\/nature-et-developpement.com\/logisain-78\/wp-json\/wp\/v2\/product_brand?post=31378"},{"taxonomy":"product_cat","embeddable":true,"href":"https:\/\/nature-et-developpement.com\/logisain-78\/wp-json\/wp\/v2\/product_cat?post=31378"},{"taxonomy":"product_tag","embeddable":true,"href":"https:\/\/nature-et-developpement.com\/logisain-78\/wp-json\/wp\/v2\/product_tag?post=31378"}],"curies":[{"name":"wp","href":"https:\/\/api.w.org\/{rel}","templated":true}]}}