{"id":33408,"date":"2023-07-19T17:07:07","date_gmt":"2023-07-19T15:07:07","guid":{"rendered":"https:\/\/nature-et-developpement.com\/logisain-78\/produit\/batterie-li-ion-180-v-de-flex-puissance-ecologique-pour-vos-machines\/"},"modified":"2025-09-17T16:30:06","modified_gmt":"2025-09-17T14:30:06","slug":"batterie-li-ion-180-v-de-flex-puissance-ecologique-pour-vos-machines","status":"publish","type":"product","link":"https:\/\/nature-et-developpement.com\/logisain-78\/produit\/batterie-li-ion-180-v-de-flex-puissance-ecologique-pour-vos-machines\/","title":{"rendered":"Batterie Li-Ion 18,0 V de FLEX &#8211; Puissance \u00e9conomique pour vos machines"},"content":{"rendered":"<h2>Batterie Li-Ion 18,0 V FLEX,\u00a0 la puissance \u00e9conomique pour vos machines<\/h2>\n<p>Vous recherchez une solution pour des batterie Li-Ion performante pour alimenter vos machines sur les chantiers ?<\/p>\n<p>D\u00e9couvrez la Batterie Li-Ion 18,0 V de FLEX, une innovation technologique qui allie puissance, durabilit\u00e9.<\/p>\n<p>La batterie Li-Ion 18,0 V est disponible en trois versions, chacune r\u00e9pondant \u00e0 des besoins sp\u00e9cifiques.<\/p>\n<p><strong>Version AP 18.0\/2.5<\/strong><\/p>\n<p>Avec une capacit\u00e9 de batterie de 2,5 Ah, elle est l\u00e9g\u00e8re avec seulement 0,42 kg.<\/p>\n<p>Dot\u00e9e d&rsquo;un indicateur de l&rsquo;\u00e9tat de charge et d&rsquo;une protection contre la charge\/d\u00e9charge, elle offre une solution pratique pour les utilisations fr\u00e9quentes.<\/p>\n<p><strong>Version AP 18.0\/5.0<\/strong><\/p>\n<p>Cette version dispose d&rsquo;une capacit\u00e9 de batterie plus \u00e9lev\u00e9e, atteignant 5,0 Ah.<\/p>\n<p>Malgr\u00e9 sa puissance, elle reste compacte et facile \u00e0 manipuler, avec un poids de 0,72 kg.<\/p>\n<p>L&rsquo;indicateur de l&rsquo;\u00e9tat de charge et la protection contre la charge\/d\u00e9charge garantissent une utilisation en toute s\u00e9curit\u00e9.<\/p>\n<h3>&#8230;et la plus puissante: la batterie Li-ion Power Plus<\/h3>\n<p><strong>Version AP 18.0\/8.0<\/strong><\/p>\n<p>La Batterie Li-Ion Power Plus 18,0 V est le fleuron de la gamme FLEX. Avec une capacit\u00e9 de batterie exceptionnelle de 8,0 Ah.<\/p>\n<p>Elle offre une puissance in\u00e9gal\u00e9e pour les machines exigeantes.<\/p>\n<p>Son format compact (126 x 83 x 60 mm) et son poids de 1,06 kg la rendent facile \u00e0 transporter sur le chantier.<\/p>\n<p>La technologie de pointe de cette batterie lui conf\u00e8re des avantages consid\u00e9rables.<\/p>\n<p>Gr\u00e2ce \u00e0 la derni\u00e8re technologie de cellule, elle offre une puissance et une dur\u00e9e de fonctionnement accrues.<\/p>\n<p>Id\u00e9ales pour les machines \u00e0 courants \u00e9lev\u00e9s utilis\u00e9es pendant de longues p\u00e9riodes.<\/p>\n<p>La technologie Therma-Tech brevet\u00e9e permet d&rsquo;absorber la chaleur g\u00e9n\u00e9r\u00e9e, prot\u00e9geant ainsi les cellules et am\u00e9liorant la dur\u00e9e de vie de la batterie.<\/p>\n<p>De plus, le syst\u00e8me Electronic Management System (EMS) optimise les performances de la batterie et de l&rsquo;outil, garantissant une utilisation s\u00fbre et efficace.<\/p>\n<p>Pour une prise en main confortable et s\u00e9curis\u00e9e, le bo\u00eetier est rev\u00eatu de surfaces souples.<\/p>\n<p>La batterie FLEX 18,0 V 8,0 Ah est \u00e9galement \u00e9quip\u00e9e d&rsquo;une protection int\u00e9gr\u00e9e contre la charge et la d\u00e9charge, ainsi que d&rsquo;une protection contre la poussi\u00e8re et les projections d&rsquo;eau.<\/p>\n<p>L&rsquo;affichage clair de l&rsquo;\u00e9tat de charge vous permet de garder un \u0153il sur la consommation.<\/p>\n<p>Pour conclure, en choisissant la Batterie Li-Ion 18,0 V de FLEX, vous optez pour une solution garantissant une performance optimale pour vos machines.<\/p>\n<p>Faites le choix de la puissance \u00e9conomique pour vos projets avec FLEX !<\/p>\n<p>N&rsquo;h\u00e9sitez plus, \u00e9quipez-vous d\u00e8s maintenant de la Batterie de FLEX pour des performances in\u00e9gal\u00e9es sur vos chantiers !<\/p>\n","protected":false},"excerpt":{"rendered":"<p>D\u00e9couvrez la batterie Li-Ion 18,0 V de FLEX, une puissance \u00e9conomique pour vos machines. Longue dur\u00e9e, technologie de pointe.<\/p>\n","protected":false},"featured_media":1000000172474,"template":"","meta":[],"product_brand":[4120],"product_cat":[631],"product_tag":[4292],"class_list":{"0":"post-33408","1":"product","2":"type-product","3":"status-publish","4":"has-post-thumbnail","6":"product_brand-flex","7":"product_cat-outillage","8":"product_tag-flex","10":"first","11":"instock","12":"taxable","13":"shipping-taxable","14":"purchasable","15":"product-type-variable"},"yoast_head":"<!-- This site is optimized with the Yoast SEO plugin v27.5 - https:\/\/yoast.com\/product\/yoast-seo-wordpress\/ -->\n<title>Batterie Li-Ion 18,0 V de FLEX - Puissance \u00e9cologique<\/title>\n<meta name=\"description\" content=\"D\u00e9couvrez la batterie Li-Ion 18,0 V de FLEX, une puissance \u00e9conomique pour vos machines. Longue dur\u00e9e, technologie de pointe. En 3 versions: 2,5\/5,0\/8,0Ah\" \/>\n<meta name=\"robots\" content=\"noindex, nofollow\" \/>\n<meta property=\"og:locale\" content=\"fr_FR\" \/>\n<meta property=\"og:type\" content=\"article\" \/>\n<meta property=\"og:title\" content=\"Batterie Li-Ion 18,0 V de FLEX - Puissance \u00e9cologique\" \/>\n<meta property=\"og:description\" content=\"D\u00e9couvrez la batterie Li-Ion 18,0 V de FLEX, une puissance \u00e9conomique pour vos machines. Longue dur\u00e9e, technologie de pointe. En 3 versions: 2,5\/5,0\/8,0Ah\" \/>\n<meta property=\"og:url\" content=\"https:\/\/nature-et-developpement.com\/logisain-78\/produit\/batterie-li-ion-180-v-de-flex-puissance-ecologique-pour-vos-machines\/\" \/>\n<meta property=\"og:site_name\" content=\"LOGISAIN 78 \u2013 Magasin de mat\u00e9riaux biosourc\u00e9s\" \/>\n<meta property=\"article:modified_time\" content=\"2025-09-17T14:30:06+00:00\" \/>\n<meta name=\"twitter:card\" content=\"summary_large_image\" \/>\n<meta name=\"twitter:label1\" content=\"Dur\u00e9e de lecture estim\u00e9e\" \/>\n\t<meta name=\"twitter:data1\" content=\"2 minutes\" \/>\n<script type=\"application\/ld+json\" class=\"yoast-schema-graph\">{\"@context\":\"https:\\\/\\\/schema.org\",\"@graph\":[{\"@type\":\"WebPage\",\"@id\":\"https:\\\/\\\/nature-et-developpement.com\\\/logisain-78\\\/produit\\\/batterie-li-ion-180-v-de-flex-puissance-ecologique-pour-vos-machines\\\/\",\"url\":\"https:\\\/\\\/nature-et-developpement.com\\\/logisain-78\\\/produit\\\/batterie-li-ion-180-v-de-flex-puissance-ecologique-pour-vos-machines\\\/\",\"name\":\"Batterie Li-Ion 18,0 V de FLEX - Puissance \u00e9cologique\",\"isPartOf\":{\"@id\":\"https:\\\/\\\/nature-et-developpement.com\\\/logisain-78\\\/#website\"},\"primaryImageOfPage\":{\"@id\":\"https:\\\/\\\/nature-et-developpement.com\\\/logisain-78\\\/produit\\\/batterie-li-ion-180-v-de-flex-puissance-ecologique-pour-vos-machines\\\/#primaryimage\"},\"image\":{\"@id\":\"https:\\\/\\\/nature-et-developpement.com\\\/logisain-78\\\/produit\\\/batterie-li-ion-180-v-de-flex-puissance-ecologique-pour-vos-machines\\\/#primaryimage\"},\"thumbnailUrl\":\"https:\\\/\\\/nature-et-developpement.com\\\/logisain-78\\\/wp-content\\\/uploads\\\/Batterie-Li-Ion-180-V-de-FLEX-8_Ah.jpg\",\"datePublished\":\"2023-07-19T15:07:07+00:00\",\"dateModified\":\"2025-09-17T14:30:06+00:00\",\"description\":\"D\u00e9couvrez la batterie Li-Ion 18,0 V de FLEX, une puissance \u00e9conomique pour vos machines. Longue dur\u00e9e, technologie de pointe. En 3 versions: 2,5\\\/5,0\\\/8,0Ah\",\"breadcrumb\":{\"@id\":\"https:\\\/\\\/nature-et-developpement.com\\\/logisain-78\\\/produit\\\/batterie-li-ion-180-v-de-flex-puissance-ecologique-pour-vos-machines\\\/#breadcrumb\"},\"inLanguage\":\"fr-FR\",\"potentialAction\":[{\"@type\":\"ReadAction\",\"target\":[\"https:\\\/\\\/nature-et-developpement.com\\\/logisain-78\\\/produit\\\/batterie-li-ion-180-v-de-flex-puissance-ecologique-pour-vos-machines\\\/\"]}]},{\"@type\":\"ImageObject\",\"inLanguage\":\"fr-FR\",\"@id\":\"https:\\\/\\\/nature-et-developpement.com\\\/logisain-78\\\/produit\\\/batterie-li-ion-180-v-de-flex-puissance-ecologique-pour-vos-machines\\\/#primaryimage\",\"url\":\"https:\\\/\\\/nature-et-developpement.com\\\/logisain-78\\\/wp-content\\\/uploads\\\/Batterie-Li-Ion-180-V-de-FLEX-8_Ah.jpg\",\"contentUrl\":\"https:\\\/\\\/nature-et-developpement.com\\\/logisain-78\\\/wp-content\\\/uploads\\\/Batterie-Li-Ion-180-V-de-FLEX-8_Ah.jpg\"},{\"@type\":\"BreadcrumbList\",\"@id\":\"https:\\\/\\\/nature-et-developpement.com\\\/logisain-78\\\/produit\\\/batterie-li-ion-180-v-de-flex-puissance-ecologique-pour-vos-machines\\\/#breadcrumb\",\"itemListElement\":[{\"@type\":\"ListItem\",\"position\":1,\"name\":\"Accueil\",\"item\":\"https:\\\/\\\/nature-et-developpement.com\\\/logisain-78\\\/\"},{\"@type\":\"ListItem\",\"position\":2,\"name\":\"Produits\",\"item\":\"https:\\\/\\\/nature-et-developpement.com\\\/logisain-78\\\/shop\\\/\"},{\"@type\":\"ListItem\",\"position\":3,\"name\":\"Droguerie et outils\",\"item\":\"https:\\\/\\\/nature-et-developpement.com\\\/logisain-78\\\/produits\\\/droguerie-et-outils\\\/\"},{\"@type\":\"ListItem\",\"position\":4,\"name\":\"Outillage\",\"item\":\"https:\\\/\\\/nature-et-developpement.com\\\/logisain-78\\\/produits\\\/droguerie-et-outils\\\/outillage\\\/\"},{\"@type\":\"ListItem\",\"position\":5,\"name\":\"Batterie Li-Ion 18,0 V de FLEX &#8211; Puissance \u00e9conomique pour vos machines\"}]},{\"@type\":\"WebSite\",\"@id\":\"https:\\\/\\\/nature-et-developpement.com\\\/logisain-78\\\/#website\",\"url\":\"https:\\\/\\\/nature-et-developpement.com\\\/logisain-78\\\/\",\"name\":\"LOGISAIN 78 \u2013 Magasin de mat\u00e9riaux biosourc\u00e9s\",\"description\":\"Logisain 78 est membre du groupement Nature &amp; D\u00e9veloppement\",\"publisher\":{\"@id\":\"https:\\\/\\\/nature-et-developpement.com\\\/logisain-78\\\/#organization\"},\"potentialAction\":[{\"@type\":\"SearchAction\",\"target\":{\"@type\":\"EntryPoint\",\"urlTemplate\":\"https:\\\/\\\/nature-et-developpement.com\\\/logisain-78\\\/?s={search_term_string}\"},\"query-input\":{\"@type\":\"PropertyValueSpecification\",\"valueRequired\":true,\"valueName\":\"search_term_string\"}}],\"inLanguage\":\"fr-FR\"},{\"@type\":\"Organization\",\"@id\":\"https:\\\/\\\/nature-et-developpement.com\\\/logisain-78\\\/#organization\",\"name\":\"Logisain 78\",\"url\":\"https:\\\/\\\/nature-et-developpement.com\\\/logisain-78\\\/\",\"logo\":{\"@type\":\"ImageObject\",\"inLanguage\":\"fr-FR\",\"@id\":\"https:\\\/\\\/nature-et-developpement.com\\\/logisain-78\\\/#\\\/schema\\\/logo\\\/image\\\/\",\"url\":\"https:\\\/\\\/nature-et-developpement.com\\\/logisain-78\\\/wp-content\\\/uploads\\\/sites\\\/5\\\/2021\\\/08\\\/logo-logisain.jpg\",\"contentUrl\":\"https:\\\/\\\/nature-et-developpement.com\\\/logisain-78\\\/wp-content\\\/uploads\\\/sites\\\/5\\\/2021\\\/08\\\/logo-logisain.jpg\",\"width\":672,\"height\":455,\"caption\":\"Logisain 78\"},\"image\":{\"@id\":\"https:\\\/\\\/nature-et-developpement.com\\\/logisain-78\\\/#\\\/schema\\\/logo\\\/image\\\/\"}}]}<\/script>\n<!-- \/ Yoast SEO plugin. -->","yoast_head_json":{"title":"Batterie Li-Ion 18,0 V de FLEX - Puissance \u00e9cologique","description":"D\u00e9couvrez la batterie Li-Ion 18,0 V de FLEX, une puissance \u00e9conomique pour vos machines. Longue dur\u00e9e, technologie de pointe. En 3 versions: 2,5\/5,0\/8,0Ah","robots":{"index":"noindex","follow":"nofollow"},"og_locale":"fr_FR","og_type":"article","og_title":"Batterie Li-Ion 18,0 V de FLEX - Puissance \u00e9cologique","og_description":"D\u00e9couvrez la batterie Li-Ion 18,0 V de FLEX, une puissance \u00e9conomique pour vos machines. Longue dur\u00e9e, technologie de pointe. En 3 versions: 2,5\/5,0\/8,0Ah","og_url":"https:\/\/nature-et-developpement.com\/logisain-78\/produit\/batterie-li-ion-180-v-de-flex-puissance-ecologique-pour-vos-machines\/","og_site_name":"LOGISAIN 78 \u2013 Magasin de mat\u00e9riaux biosourc\u00e9s","article_modified_time":"2025-09-17T14:30:06+00:00","twitter_card":"summary_large_image","twitter_misc":{"Dur\u00e9e de lecture estim\u00e9e":"2 minutes"},"schema":{"@context":"https:\/\/schema.org","@graph":[{"@type":"WebPage","@id":"https:\/\/nature-et-developpement.com\/logisain-78\/produit\/batterie-li-ion-180-v-de-flex-puissance-ecologique-pour-vos-machines\/","url":"https:\/\/nature-et-developpement.com\/logisain-78\/produit\/batterie-li-ion-180-v-de-flex-puissance-ecologique-pour-vos-machines\/","name":"Batterie Li-Ion 18,0 V de FLEX - Puissance \u00e9cologique","isPartOf":{"@id":"https:\/\/nature-et-developpement.com\/logisain-78\/#website"},"primaryImageOfPage":{"@id":"https:\/\/nature-et-developpement.com\/logisain-78\/produit\/batterie-li-ion-180-v-de-flex-puissance-ecologique-pour-vos-machines\/#primaryimage"},"image":{"@id":"https:\/\/nature-et-developpement.com\/logisain-78\/produit\/batterie-li-ion-180-v-de-flex-puissance-ecologique-pour-vos-machines\/#primaryimage"},"thumbnailUrl":"https:\/\/nature-et-developpement.com\/logisain-78\/wp-content\/uploads\/Batterie-Li-Ion-180-V-de-FLEX-8_Ah.jpg","datePublished":"2023-07-19T15:07:07+00:00","dateModified":"2025-09-17T14:30:06+00:00","description":"D\u00e9couvrez la batterie Li-Ion 18,0 V de FLEX, une puissance \u00e9conomique pour vos machines. Longue dur\u00e9e, technologie de pointe. En 3 versions: 2,5\/5,0\/8,0Ah","breadcrumb":{"@id":"https:\/\/nature-et-developpement.com\/logisain-78\/produit\/batterie-li-ion-180-v-de-flex-puissance-ecologique-pour-vos-machines\/#breadcrumb"},"inLanguage":"fr-FR","potentialAction":[{"@type":"ReadAction","target":["https:\/\/nature-et-developpement.com\/logisain-78\/produit\/batterie-li-ion-180-v-de-flex-puissance-ecologique-pour-vos-machines\/"]}]},{"@type":"ImageObject","inLanguage":"fr-FR","@id":"https:\/\/nature-et-developpement.com\/logisain-78\/produit\/batterie-li-ion-180-v-de-flex-puissance-ecologique-pour-vos-machines\/#primaryimage","url":"https:\/\/nature-et-developpement.com\/logisain-78\/wp-content\/uploads\/Batterie-Li-Ion-180-V-de-FLEX-8_Ah.jpg","contentUrl":"https:\/\/nature-et-developpement.com\/logisain-78\/wp-content\/uploads\/Batterie-Li-Ion-180-V-de-FLEX-8_Ah.jpg"},{"@type":"BreadcrumbList","@id":"https:\/\/nature-et-developpement.com\/logisain-78\/produit\/batterie-li-ion-180-v-de-flex-puissance-ecologique-pour-vos-machines\/#breadcrumb","itemListElement":[{"@type":"ListItem","position":1,"name":"Accueil","item":"https:\/\/nature-et-developpement.com\/logisain-78\/"},{"@type":"ListItem","position":2,"name":"Produits","item":"https:\/\/nature-et-developpement.com\/logisain-78\/shop\/"},{"@type":"ListItem","position":3,"name":"Droguerie et outils","item":"https:\/\/nature-et-developpement.com\/logisain-78\/produits\/droguerie-et-outils\/"},{"@type":"ListItem","position":4,"name":"Outillage","item":"https:\/\/nature-et-developpement.com\/logisain-78\/produits\/droguerie-et-outils\/outillage\/"},{"@type":"ListItem","position":5,"name":"Batterie Li-Ion 18,0 V de FLEX &#8211; Puissance \u00e9conomique pour vos machines"}]},{"@type":"WebSite","@id":"https:\/\/nature-et-developpement.com\/logisain-78\/#website","url":"https:\/\/nature-et-developpement.com\/logisain-78\/","name":"LOGISAIN 78 \u2013 Magasin de mat\u00e9riaux biosourc\u00e9s","description":"Logisain 78 est membre du groupement Nature &amp; D\u00e9veloppement","publisher":{"@id":"https:\/\/nature-et-developpement.com\/logisain-78\/#organization"},"potentialAction":[{"@type":"SearchAction","target":{"@type":"EntryPoint","urlTemplate":"https:\/\/nature-et-developpement.com\/logisain-78\/?s={search_term_string}"},"query-input":{"@type":"PropertyValueSpecification","valueRequired":true,"valueName":"search_term_string"}}],"inLanguage":"fr-FR"},{"@type":"Organization","@id":"https:\/\/nature-et-developpement.com\/logisain-78\/#organization","name":"Logisain 78","url":"https:\/\/nature-et-developpement.com\/logisain-78\/","logo":{"@type":"ImageObject","inLanguage":"fr-FR","@id":"https:\/\/nature-et-developpement.com\/logisain-78\/#\/schema\/logo\/image\/","url":"https:\/\/nature-et-developpement.com\/logisain-78\/wp-content\/uploads\/sites\/5\/2021\/08\/logo-logisain.jpg","contentUrl":"https:\/\/nature-et-developpement.com\/logisain-78\/wp-content\/uploads\/sites\/5\/2021\/08\/logo-logisain.jpg","width":672,"height":455,"caption":"Logisain 78"},"image":{"@id":"https:\/\/nature-et-developpement.com\/logisain-78\/#\/schema\/logo\/image\/"}}]}},"distributor_meta":false,"distributor_terms":false,"distributor_media":false,"distributor_original_site_name":"LOGISAIN 78 \u2013 Magasin de mat\u00e9riaux biosourc\u00e9s","distributor_original_site_url":"https:\/\/nature-et-developpement.com\/logisain-78","push-errors":false,"_links":{"self":[{"href":"https:\/\/nature-et-developpement.com\/logisain-78\/wp-json\/wp\/v2\/product\/33408","targetHints":{"allow":["GET"]}}],"collection":[{"href":"https:\/\/nature-et-developpement.com\/logisain-78\/wp-json\/wp\/v2\/product"}],"about":[{"href":"https:\/\/nature-et-developpement.com\/logisain-78\/wp-json\/wp\/v2\/types\/product"}],"wp:featuredmedia":[{"embeddable":true,"href":"https:\/\/nature-et-developpement.com\/logisain-78\/wp-json\/"}],"wp:attachment":[{"href":"https:\/\/nature-et-developpement.com\/logisain-78\/wp-json\/wp\/v2\/media?parent=33408"}],"wp:term":[{"taxonomy":"product_brand","embeddable":true,"href":"https:\/\/nature-et-developpement.com\/logisain-78\/wp-json\/wp\/v2\/product_brand?post=33408"},{"taxonomy":"product_cat","embeddable":true,"href":"https:\/\/nature-et-developpement.com\/logisain-78\/wp-json\/wp\/v2\/product_cat?post=33408"},{"taxonomy":"product_tag","embeddable":true,"href":"https:\/\/nature-et-developpement.com\/logisain-78\/wp-json\/wp\/v2\/product_tag?post=33408"}],"curies":[{"name":"wp","href":"https:\/\/api.w.org\/{rel}","templated":true}]}}