{"id":35360,"date":"2023-10-18T09:27:05","date_gmt":"2023-10-18T07:27:05","guid":{"rendered":"https:\/\/nature-et-developpement.com\/logisain-78\/produit\/scie-circulaire-sur-batterie-180-v-cs-62-18-0-ec-de-flex\/"},"modified":"2025-09-17T16:10:06","modified_gmt":"2025-09-17T14:10:06","slug":"scie-circulaire-sur-batterie-180-v-cs-62-18-0-ec-de-flex","status":"publish","type":"product","link":"https:\/\/nature-et-developpement.com\/logisain-78\/produit\/scie-circulaire-sur-batterie-180-v-cs-62-18-0-ec-de-flex\/","title":{"rendered":"Scie Circulaire sur Batterie 18,0 V CS 62 18.0-EC de FLEX"},"content":{"rendered":"<h2>Scie Circulaire sur Batterie 18,0 V FLEX CS 62 18.0-EC &#8211; Performances et Pr\u00e9cision Exceptionnelles<\/h2>\n<p>D\u00e9couvrez la Scie Circulaire sur Batterie 18,0 V CS 62 18.0-EC de FLEX, un outil incontournable pour tous vos travaux de construction et d&rsquo;am\u00e9nagement.<\/p>\n<p>Cette scie circulaire sans fil est con\u00e7ue pour des performances optimales et une long\u00e9vit\u00e9 accrue.<\/p>\n<p>Gr\u00e2ce \u00e0 ses caract\u00e9ristiques techniques exceptionnelles et ses fonctionnalit\u00e9s avanc\u00e9es, elle deviendra rapidement l&rsquo;indispensable de vos projets.<\/p>\n<p><strong>Moteur Sans Balais Haute Performance<\/strong><\/p>\n<p>Le c\u0153ur de cette scie circulaire est son moteur EC 18,0 V, qui offre un rendement am\u00e9lior\u00e9 et une long\u00e9vit\u00e9 exceptionnelle.<\/p>\n<p>De plus, il est \u00e9quip\u00e9 d&rsquo;une protection contre les surcharges et d&rsquo;une surveillance de la temp\u00e9rature, ce qui garantit une utilisation en toute s\u00e9curit\u00e9.<\/p>\n<p><strong>Electronic Management System (EMS)<\/strong><\/p>\n<p>L&rsquo;Electronic Management System (EMS) veille \u00e0 la protection de la machine, \u00e0 la prolongation de sa dur\u00e9e de vie et \u00e0 l&rsquo;augmentation de son rendement.<\/p>\n<p>Vous pouvez travailler en toute confiance, sachant que votre outil est entre de bonnes mains.<\/p>\n<p><strong>Polyvalence de Coupe<\/strong><\/p>\n<p>Cette scie circulaire offre une plage de pivotement de 0\u00b0 \u00e0 50\u00b0, avec des pr\u00e9r\u00e9glages angulaires de 22,5\u00b0, 45\u00b0 et 50\u00b0.<\/p>\n<p>Vous pouvez effectuer des coupes pr\u00e9cises et faciles \u00e0 lire gr\u00e2ce \u00e0 des \u00e9l\u00e9ments de serrage maniables.<\/p>\n<p><strong>S\u00e9curit\u00e9 Maximale<\/strong><\/p>\n<p>La Scie Circulaire sur Batterie 18,0 V CS 62 18.0-EC de FLEX est dot\u00e9e d&rsquo;un \u00e9l\u00e9ment oscillant \u00e0 double serrage.<\/p>\n<p>Pour \u00e9viter tout coincement de la lame de scie lors de coupes angulaires, r\u00e9duisant ainsi le risque de retour.<\/p>\n<p>De plus, elle dispose d&rsquo;une fonction de pr\u00e9-rainure pour des bords visibles parfaits.<\/p>\n<h3><strong>Facilit\u00e9 d&rsquo;Utilisation<\/strong><\/h3>\n<p>Le r\u00e9glage de la profondeur de coupe se fait en toute simplicit\u00e9 gr\u00e2ce \u00e0 un levier de blocage intuitif, avec une lecture ais\u00e9e de la profondeur de coupe.<\/p>\n<p>En plus, vous avez la possibilit\u00e9 de connecter un aspirateur externe de 27 mm de diam\u00e8tre ou un adaptateur pour un environnement de travail propre.<\/p>\n<p><strong>Conception Pratique<\/strong><\/p>\n<p>Le sac collecteur de copeaux est facile \u00e0 vider et se fixe sans outil gr\u00e2ce \u00e0 une fermeture \u00e0 ba\u00efonnette.<\/p>\n<p>De plus, conform\u00e9ment aux derni\u00e8res prescriptions, cette scie circulaire est con\u00e7ue sans couteau diviseur pour des coupes plongeantes, \u00e9liminant le d\u00e9montage fastidieux du couteau diviseur.<\/p>\n<p><strong>Changement Rapide de Lame<\/strong><\/p>\n<p>Le dispositif d&rsquo;arr\u00eat de broche permet un changement rapide de lame, vous faisant gagner du temps et augmentant votre productivit\u00e9.<\/p>\n<p><strong>Affichage LED de la Capacit\u00e9 de la Batterie<\/strong><\/p>\n<p>Surveillez en un coup d&rsquo;\u0153il la capacit\u00e9 de la batterie gr\u00e2ce \u00e0 l&rsquo;affichage LED int\u00e9gr\u00e9.<\/p>\n<p><strong>Syst\u00e8me Accu FLEX<\/strong><\/p>\n<p>La Scie Circulaire sur Batterie 18,0 V CS 62 18.0-EC fonctionne avec les accus FLEX 18,0 V, garantissant une compatibilit\u00e9 parfaite avec d&rsquo;autres outils de la gamme.<\/p>\n<h4><strong>Caract\u00e9ristiques Techniques<\/strong><\/h4>\n<ul>\n<li>Tension de batterie : 18,0 V<\/li>\n<li>Capacit\u00e9 de batterie : 2,5 \/ 5,0 \/ 8,0 Ah<\/li>\n<li>Profondeur de coupe : 0-62 mm<\/li>\n<li>Profondeur de coupe en coupe d\u2019onglets (45\u00b0) : 0-38 mm<\/li>\n<li>Diam\u00e8tre de lame de scie : 165 mm<\/li>\n<li>Al\u00e9sage de lame de scie : 20 mm<\/li>\n<li>Plage de pivotement : 0-50 \u00b0<\/li>\n<li>Pr\u00e9r\u00e9glage angulaire : 0 \/ 22,5 \/ 45 \/ 50 \u00b0<\/li>\n<li>Dimensions (LxlxH) : 380 x 150 x 200 mm<\/li>\n<li>Poids sans batterie : 3,1 kg<\/li>\n<\/ul>\n","protected":false},"excerpt":{"rendered":"<p>D\u00e9couvrez la Scie Circulaire sur Batterie 18,0 V CS 62 18.0-EC de FLEX pour des coupes pr\u00e9cises et s\u00e9curis\u00e9es.<br \/>\nUn outil indispensable pour vos projets de construction.<\/p>\n<p><img loading=\"lazy\" decoding=\"async\" class=\"alignnone wp-image-173272 size-full\" src=\"https:\/\/nature-et-developpement.com\/wp-content\/uploads\/Scie-18V-picto-garantie-flex.png\" alt=\"\" width=\"400\" height=\"258\" \/><\/p>\n","protected":false},"featured_media":1000000173254,"template":"","meta":[],"product_brand":[4120],"product_cat":[295,631],"product_tag":[4292],"class_list":{"0":"post-35360","1":"product","2":"type-product","3":"status-publish","4":"has-post-thumbnail","6":"product_brand-flex","7":"product_cat-accessoires-construction","8":"product_cat-outillage","9":"product_tag-flex","10":"product_shipping_class-petit-equipement-outil-eclairage","12":"first","13":"instock","14":"taxable","15":"shipping-taxable","16":"purchasable","17":"product-type-variable"},"yoast_head":"<!-- This site is optimized with the Yoast SEO plugin v27.5 - https:\/\/yoast.com\/product\/yoast-seo-wordpress\/ -->\n<title>Scie Circulaire sur Batterie 18,0 V CS 62 18.0-EC de FLEX<\/title>\n<meta name=\"description\" content=\"D\u00e9couvrez une Scie Circulaire sur Batterie pour des coupes pr\u00e9cises et s\u00e9curis\u00e9es. Un outil indispensable pour vos projets de construction et d&#039;am\u00e9nagement.\" \/>\n<meta name=\"robots\" content=\"noindex, nofollow\" \/>\n<meta property=\"og:locale\" content=\"fr_FR\" \/>\n<meta property=\"og:type\" content=\"article\" \/>\n<meta property=\"og:title\" content=\"Scie Circulaire sur Batterie 18,0 V CS 62 18.0-EC de FLEX\" \/>\n<meta property=\"og:description\" content=\"D\u00e9couvrez une Scie Circulaire sur Batterie pour des coupes pr\u00e9cises et s\u00e9curis\u00e9es. Un outil indispensable pour vos projets de construction et d&#039;am\u00e9nagement.\" \/>\n<meta property=\"og:url\" content=\"https:\/\/nature-et-developpement.com\/logisain-78\/produit\/scie-circulaire-sur-batterie-180-v-cs-62-18-0-ec-de-flex\/\" \/>\n<meta property=\"og:site_name\" content=\"LOGISAIN 78 \u2013 Magasin de mat\u00e9riaux biosourc\u00e9s\" \/>\n<meta property=\"article:modified_time\" content=\"2025-09-17T14:10:06+00:00\" \/>\n<meta name=\"twitter:card\" content=\"summary_large_image\" \/>\n<meta name=\"twitter:label1\" content=\"Dur\u00e9e de lecture estim\u00e9e\" \/>\n\t<meta name=\"twitter:data1\" content=\"3 minutes\" \/>\n<script type=\"application\/ld+json\" class=\"yoast-schema-graph\">{\"@context\":\"https:\\\/\\\/schema.org\",\"@graph\":[{\"@type\":\"WebPage\",\"@id\":\"https:\\\/\\\/nature-et-developpement.com\\\/logisain-78\\\/produit\\\/scie-circulaire-sur-batterie-180-v-cs-62-18-0-ec-de-flex\\\/\",\"url\":\"https:\\\/\\\/nature-et-developpement.com\\\/logisain-78\\\/produit\\\/scie-circulaire-sur-batterie-180-v-cs-62-18-0-ec-de-flex\\\/\",\"name\":\"Scie Circulaire sur Batterie 18,0 V CS 62 18.0-EC de FLEX\",\"isPartOf\":{\"@id\":\"https:\\\/\\\/nature-et-developpement.com\\\/logisain-78\\\/#website\"},\"primaryImageOfPage\":{\"@id\":\"https:\\\/\\\/nature-et-developpement.com\\\/logisain-78\\\/produit\\\/scie-circulaire-sur-batterie-180-v-cs-62-18-0-ec-de-flex\\\/#primaryimage\"},\"image\":{\"@id\":\"https:\\\/\\\/nature-et-developpement.com\\\/logisain-78\\\/produit\\\/scie-circulaire-sur-batterie-180-v-cs-62-18-0-ec-de-flex\\\/#primaryimage\"},\"thumbnailUrl\":\"https:\\\/\\\/nature-et-developpement.com\\\/logisain-78\\\/wp-content\\\/uploads\\\/Scie-circulaire-sur-batterie-180-V-CS-62-18.0-EC-C-FLEX-reference-491322.jpg\",\"datePublished\":\"2023-10-18T07:27:05+00:00\",\"dateModified\":\"2025-09-17T14:10:06+00:00\",\"description\":\"D\u00e9couvrez une Scie Circulaire sur Batterie pour des coupes pr\u00e9cises et s\u00e9curis\u00e9es. Un outil indispensable pour vos projets de construction et d'am\u00e9nagement.\",\"breadcrumb\":{\"@id\":\"https:\\\/\\\/nature-et-developpement.com\\\/logisain-78\\\/produit\\\/scie-circulaire-sur-batterie-180-v-cs-62-18-0-ec-de-flex\\\/#breadcrumb\"},\"inLanguage\":\"fr-FR\",\"potentialAction\":[{\"@type\":\"ReadAction\",\"target\":[\"https:\\\/\\\/nature-et-developpement.com\\\/logisain-78\\\/produit\\\/scie-circulaire-sur-batterie-180-v-cs-62-18-0-ec-de-flex\\\/\"]}]},{\"@type\":\"ImageObject\",\"inLanguage\":\"fr-FR\",\"@id\":\"https:\\\/\\\/nature-et-developpement.com\\\/logisain-78\\\/produit\\\/scie-circulaire-sur-batterie-180-v-cs-62-18-0-ec-de-flex\\\/#primaryimage\",\"url\":\"https:\\\/\\\/nature-et-developpement.com\\\/logisain-78\\\/wp-content\\\/uploads\\\/Scie-circulaire-sur-batterie-180-V-CS-62-18.0-EC-C-FLEX-reference-491322.jpg\",\"contentUrl\":\"https:\\\/\\\/nature-et-developpement.com\\\/logisain-78\\\/wp-content\\\/uploads\\\/Scie-circulaire-sur-batterie-180-V-CS-62-18.0-EC-C-FLEX-reference-491322.jpg\"},{\"@type\":\"BreadcrumbList\",\"@id\":\"https:\\\/\\\/nature-et-developpement.com\\\/logisain-78\\\/produit\\\/scie-circulaire-sur-batterie-180-v-cs-62-18-0-ec-de-flex\\\/#breadcrumb\",\"itemListElement\":[{\"@type\":\"ListItem\",\"position\":1,\"name\":\"Accueil\",\"item\":\"https:\\\/\\\/nature-et-developpement.com\\\/logisain-78\\\/\"},{\"@type\":\"ListItem\",\"position\":2,\"name\":\"Produits\",\"item\":\"https:\\\/\\\/nature-et-developpement.com\\\/logisain-78\\\/shop\\\/\"},{\"@type\":\"ListItem\",\"position\":3,\"name\":\"Construction, cloison et fen\u00eatres\",\"item\":\"https:\\\/\\\/nature-et-developpement.com\\\/logisain-78\\\/produits\\\/construction\\\/\"},{\"@type\":\"ListItem\",\"position\":4,\"name\":\"Accessoires construction\",\"item\":\"https:\\\/\\\/nature-et-developpement.com\\\/logisain-78\\\/produits\\\/construction\\\/accessoires-construction\\\/\"},{\"@type\":\"ListItem\",\"position\":5,\"name\":\"Scie Circulaire sur Batterie 18,0 V CS 62 18.0-EC de FLEX\"}]},{\"@type\":\"WebSite\",\"@id\":\"https:\\\/\\\/nature-et-developpement.com\\\/logisain-78\\\/#website\",\"url\":\"https:\\\/\\\/nature-et-developpement.com\\\/logisain-78\\\/\",\"name\":\"LOGISAIN 78 \u2013 Magasin de mat\u00e9riaux biosourc\u00e9s\",\"description\":\"Logisain 78 est membre du groupement Nature &amp; D\u00e9veloppement\",\"publisher\":{\"@id\":\"https:\\\/\\\/nature-et-developpement.com\\\/logisain-78\\\/#organization\"},\"potentialAction\":[{\"@type\":\"SearchAction\",\"target\":{\"@type\":\"EntryPoint\",\"urlTemplate\":\"https:\\\/\\\/nature-et-developpement.com\\\/logisain-78\\\/?s={search_term_string}\"},\"query-input\":{\"@type\":\"PropertyValueSpecification\",\"valueRequired\":true,\"valueName\":\"search_term_string\"}}],\"inLanguage\":\"fr-FR\"},{\"@type\":\"Organization\",\"@id\":\"https:\\\/\\\/nature-et-developpement.com\\\/logisain-78\\\/#organization\",\"name\":\"Logisain 78\",\"url\":\"https:\\\/\\\/nature-et-developpement.com\\\/logisain-78\\\/\",\"logo\":{\"@type\":\"ImageObject\",\"inLanguage\":\"fr-FR\",\"@id\":\"https:\\\/\\\/nature-et-developpement.com\\\/logisain-78\\\/#\\\/schema\\\/logo\\\/image\\\/\",\"url\":\"https:\\\/\\\/nature-et-developpement.com\\\/logisain-78\\\/wp-content\\\/uploads\\\/sites\\\/5\\\/2021\\\/08\\\/logo-logisain.jpg\",\"contentUrl\":\"https:\\\/\\\/nature-et-developpement.com\\\/logisain-78\\\/wp-content\\\/uploads\\\/sites\\\/5\\\/2021\\\/08\\\/logo-logisain.jpg\",\"width\":672,\"height\":455,\"caption\":\"Logisain 78\"},\"image\":{\"@id\":\"https:\\\/\\\/nature-et-developpement.com\\\/logisain-78\\\/#\\\/schema\\\/logo\\\/image\\\/\"}}]}<\/script>\n<!-- \/ Yoast SEO plugin. -->","yoast_head_json":{"title":"Scie Circulaire sur Batterie 18,0 V CS 62 18.0-EC de FLEX","description":"D\u00e9couvrez une Scie Circulaire sur Batterie pour des coupes pr\u00e9cises et s\u00e9curis\u00e9es. Un outil indispensable pour vos projets de construction et d'am\u00e9nagement.","robots":{"index":"noindex","follow":"nofollow"},"og_locale":"fr_FR","og_type":"article","og_title":"Scie Circulaire sur Batterie 18,0 V CS 62 18.0-EC de FLEX","og_description":"D\u00e9couvrez une Scie Circulaire sur Batterie pour des coupes pr\u00e9cises et s\u00e9curis\u00e9es. Un outil indispensable pour vos projets de construction et d'am\u00e9nagement.","og_url":"https:\/\/nature-et-developpement.com\/logisain-78\/produit\/scie-circulaire-sur-batterie-180-v-cs-62-18-0-ec-de-flex\/","og_site_name":"LOGISAIN 78 \u2013 Magasin de mat\u00e9riaux biosourc\u00e9s","article_modified_time":"2025-09-17T14:10:06+00:00","twitter_card":"summary_large_image","twitter_misc":{"Dur\u00e9e de lecture estim\u00e9e":"3 minutes"},"schema":{"@context":"https:\/\/schema.org","@graph":[{"@type":"WebPage","@id":"https:\/\/nature-et-developpement.com\/logisain-78\/produit\/scie-circulaire-sur-batterie-180-v-cs-62-18-0-ec-de-flex\/","url":"https:\/\/nature-et-developpement.com\/logisain-78\/produit\/scie-circulaire-sur-batterie-180-v-cs-62-18-0-ec-de-flex\/","name":"Scie Circulaire sur Batterie 18,0 V CS 62 18.0-EC de FLEX","isPartOf":{"@id":"https:\/\/nature-et-developpement.com\/logisain-78\/#website"},"primaryImageOfPage":{"@id":"https:\/\/nature-et-developpement.com\/logisain-78\/produit\/scie-circulaire-sur-batterie-180-v-cs-62-18-0-ec-de-flex\/#primaryimage"},"image":{"@id":"https:\/\/nature-et-developpement.com\/logisain-78\/produit\/scie-circulaire-sur-batterie-180-v-cs-62-18-0-ec-de-flex\/#primaryimage"},"thumbnailUrl":"https:\/\/nature-et-developpement.com\/logisain-78\/wp-content\/uploads\/Scie-circulaire-sur-batterie-180-V-CS-62-18.0-EC-C-FLEX-reference-491322.jpg","datePublished":"2023-10-18T07:27:05+00:00","dateModified":"2025-09-17T14:10:06+00:00","description":"D\u00e9couvrez une Scie Circulaire sur Batterie pour des coupes pr\u00e9cises et s\u00e9curis\u00e9es. Un outil indispensable pour vos projets de construction et d'am\u00e9nagement.","breadcrumb":{"@id":"https:\/\/nature-et-developpement.com\/logisain-78\/produit\/scie-circulaire-sur-batterie-180-v-cs-62-18-0-ec-de-flex\/#breadcrumb"},"inLanguage":"fr-FR","potentialAction":[{"@type":"ReadAction","target":["https:\/\/nature-et-developpement.com\/logisain-78\/produit\/scie-circulaire-sur-batterie-180-v-cs-62-18-0-ec-de-flex\/"]}]},{"@type":"ImageObject","inLanguage":"fr-FR","@id":"https:\/\/nature-et-developpement.com\/logisain-78\/produit\/scie-circulaire-sur-batterie-180-v-cs-62-18-0-ec-de-flex\/#primaryimage","url":"https:\/\/nature-et-developpement.com\/logisain-78\/wp-content\/uploads\/Scie-circulaire-sur-batterie-180-V-CS-62-18.0-EC-C-FLEX-reference-491322.jpg","contentUrl":"https:\/\/nature-et-developpement.com\/logisain-78\/wp-content\/uploads\/Scie-circulaire-sur-batterie-180-V-CS-62-18.0-EC-C-FLEX-reference-491322.jpg"},{"@type":"BreadcrumbList","@id":"https:\/\/nature-et-developpement.com\/logisain-78\/produit\/scie-circulaire-sur-batterie-180-v-cs-62-18-0-ec-de-flex\/#breadcrumb","itemListElement":[{"@type":"ListItem","position":1,"name":"Accueil","item":"https:\/\/nature-et-developpement.com\/logisain-78\/"},{"@type":"ListItem","position":2,"name":"Produits","item":"https:\/\/nature-et-developpement.com\/logisain-78\/shop\/"},{"@type":"ListItem","position":3,"name":"Construction, cloison et fen\u00eatres","item":"https:\/\/nature-et-developpement.com\/logisain-78\/produits\/construction\/"},{"@type":"ListItem","position":4,"name":"Accessoires construction","item":"https:\/\/nature-et-developpement.com\/logisain-78\/produits\/construction\/accessoires-construction\/"},{"@type":"ListItem","position":5,"name":"Scie Circulaire sur Batterie 18,0 V CS 62 18.0-EC de FLEX"}]},{"@type":"WebSite","@id":"https:\/\/nature-et-developpement.com\/logisain-78\/#website","url":"https:\/\/nature-et-developpement.com\/logisain-78\/","name":"LOGISAIN 78 \u2013 Magasin de mat\u00e9riaux biosourc\u00e9s","description":"Logisain 78 est membre du groupement Nature &amp; D\u00e9veloppement","publisher":{"@id":"https:\/\/nature-et-developpement.com\/logisain-78\/#organization"},"potentialAction":[{"@type":"SearchAction","target":{"@type":"EntryPoint","urlTemplate":"https:\/\/nature-et-developpement.com\/logisain-78\/?s={search_term_string}"},"query-input":{"@type":"PropertyValueSpecification","valueRequired":true,"valueName":"search_term_string"}}],"inLanguage":"fr-FR"},{"@type":"Organization","@id":"https:\/\/nature-et-developpement.com\/logisain-78\/#organization","name":"Logisain 78","url":"https:\/\/nature-et-developpement.com\/logisain-78\/","logo":{"@type":"ImageObject","inLanguage":"fr-FR","@id":"https:\/\/nature-et-developpement.com\/logisain-78\/#\/schema\/logo\/image\/","url":"https:\/\/nature-et-developpement.com\/logisain-78\/wp-content\/uploads\/sites\/5\/2021\/08\/logo-logisain.jpg","contentUrl":"https:\/\/nature-et-developpement.com\/logisain-78\/wp-content\/uploads\/sites\/5\/2021\/08\/logo-logisain.jpg","width":672,"height":455,"caption":"Logisain 78"},"image":{"@id":"https:\/\/nature-et-developpement.com\/logisain-78\/#\/schema\/logo\/image\/"}}]}},"distributor_meta":false,"distributor_terms":false,"distributor_media":false,"distributor_original_site_name":"LOGISAIN 78 \u2013 Magasin de mat\u00e9riaux biosourc\u00e9s","distributor_original_site_url":"https:\/\/nature-et-developpement.com\/logisain-78","push-errors":false,"_links":{"self":[{"href":"https:\/\/nature-et-developpement.com\/logisain-78\/wp-json\/wp\/v2\/product\/35360","targetHints":{"allow":["GET"]}}],"collection":[{"href":"https:\/\/nature-et-developpement.com\/logisain-78\/wp-json\/wp\/v2\/product"}],"about":[{"href":"https:\/\/nature-et-developpement.com\/logisain-78\/wp-json\/wp\/v2\/types\/product"}],"wp:featuredmedia":[{"embeddable":true,"href":"https:\/\/nature-et-developpement.com\/logisain-78\/wp-json\/"}],"wp:attachment":[{"href":"https:\/\/nature-et-developpement.com\/logisain-78\/wp-json\/wp\/v2\/media?parent=35360"}],"wp:term":[{"taxonomy":"product_brand","embeddable":true,"href":"https:\/\/nature-et-developpement.com\/logisain-78\/wp-json\/wp\/v2\/product_brand?post=35360"},{"taxonomy":"product_cat","embeddable":true,"href":"https:\/\/nature-et-developpement.com\/logisain-78\/wp-json\/wp\/v2\/product_cat?post=35360"},{"taxonomy":"product_tag","embeddable":true,"href":"https:\/\/nature-et-developpement.com\/logisain-78\/wp-json\/wp\/v2\/product_tag?post=35360"}],"curies":[{"name":"wp","href":"https:\/\/api.w.org\/{rel}","templated":true}]}}