{"id":3540,"date":"2020-06-16T17:10:24","date_gmt":"2020-06-16T15:10:24","guid":{"rendered":"https:\/\/nature-et-developpement.com\/logisain78\/produit\/echantillon-meister-ll-250\/"},"modified":"2026-02-06T16:20:20","modified_gmt":"2026-02-06T15:20:20","slug":"echantillon-meister-ll-250","status":"publish","type":"product","link":"https:\/\/nature-et-developpement.com\/logisain-78\/produit\/echantillon-meister-ll-250\/","title":{"rendered":"\u00c9chantillon MEISTER LL 250"},"content":{"rendered":"<p><span style=\"font-size: 32px;font-weight: bold;letter-spacing: -0.0415625em;font-family: 'Inter var', -apple-system, BlinkMacSystemFont, 'Helvetica Neue', Helvetica, sans-serif\">&#8230;Vous h\u00e9sitez?<\/span><\/p>\n<p>Choisissez et commandez vos \u00e9chantillons, dans les accessoires (en bas de page) ou dans le moteur de recherche (en haut \u00e0 gauche) et recevez-les chez vous pour seulement 2,40\u20ac par \u00e9chantillon.<\/p>\n<p><span style=\"text-decoration: underline;color: #218e53\"><strong>Votre commande sera\u00a0d\u00e9duite\u00a0de votre prochain achat de parquet MEISTER.<\/strong><\/span><\/p>\n","protected":false},"excerpt":{"rendered":"<div id=\"short_description_block\">\n<div id=\"short_description_content\" class=\"rte align_justify\">\n<p style=\"margin-bottom: 10px;font-style: normal;font-weight: 400;font-family: Poppins, sans-serif;font-size: 14px\"><span style=\"font-weight: 500;font-size: 14px\">Commandez d\u00e8s aujourd&rsquo;hui vos Choix de parquets&#8230;<\/span><\/p>\n<p style=\"margin-bottom: 10px;font-style: normal;font-weight: 400;font-family: Poppins, sans-serif;font-size: 14px\">Chaque \u00e9chantillon mesure environ 18cm, de v\u00e9ritable produit.<\/p>\n<p style=\"margin-bottom: 10px;font-style: normal;font-weight: 400;font-family: Poppins, sans-serif;font-size: 14px\">Un forfait de 15\u20ac de livraison sera appliqu\u00e9 par tranche de 5 \u00e9chantillons.<\/p>\n<p><a class=\"btn btn-default\" href=\"https:\/\/meister.esignserver3.com\/gallery.do\" target=\"_blank\" rel=\"noopener\">AVEC UNE PHOTO DE CHEZ VOUS, TESTEZ-LE DANS VOTRE INT\u00c9RIEUR<\/a><\/p>\n<\/div>\n<\/div>\n","protected":false},"featured_media":1000000174633,"template":"","meta":[],"product_brand":[4663],"product_cat":[99],"product_tag":[],"class_list":{"0":"post-3540","1":"product","2":"type-product","3":"status-publish","4":"has-post-thumbnail","6":"product_brand-meister-echantillon","7":"product_cat-plinthes-et-accessoires","8":"product_shipping_class-echantillion-meister","10":"first","11":"instock","12":"taxable","13":"shipping-taxable","14":"purchasable","15":"product-type-variable"},"yoast_head":"<!-- This site is optimized with the Yoast SEO plugin v27.5 - https:\/\/yoast.com\/product\/yoast-seo-wordpress\/ -->\n<title>\u00c9chantillon MEISTER LL 250<\/title>\n<meta name=\"description\" content=\"Commandez d\u00e8s aujourd&#039;hui vos Choix de parquets... Chaque \u00e9chantillon mesure environ 18cm, de v\u00e9ritable produit. Un forfait de 15\u20ac de livraison sera appliqu\u00e9 par tranche de 5 \u00e9chantillons. AVEC UNE PHOTO DE CHEZ VOUS, TESTEZ-LE DANS VOTRE INT\u00c9RIEUR\" \/>\n<meta name=\"robots\" content=\"noindex, nofollow\" \/>\n<meta property=\"og:locale\" content=\"fr_FR\" \/>\n<meta property=\"og:type\" content=\"article\" \/>\n<meta property=\"og:title\" content=\"\u00c9chantillon MEISTER LL 250\" \/>\n<meta property=\"og:description\" content=\"Commandez d\u00e8s aujourd&#039;hui vos Choix de parquets... Chaque \u00e9chantillon mesure environ 18cm, de v\u00e9ritable produit. Un forfait de 15\u20ac de livraison sera appliqu\u00e9 par tranche de 5 \u00e9chantillons. AVEC UNE PHOTO DE CHEZ VOUS, TESTEZ-LE DANS VOTRE INT\u00c9RIEUR\" \/>\n<meta property=\"og:url\" content=\"https:\/\/nature-et-developpement.com\/logisain-78\/produit\/echantillon-meister-ll-250\/\" \/>\n<meta property=\"og:site_name\" content=\"LOGISAIN 78 \u2013 Magasin de mat\u00e9riaux biosourc\u00e9s\" \/>\n<meta property=\"article:modified_time\" content=\"2026-02-06T15:20:20+00:00\" \/>\n<meta name=\"twitter:card\" content=\"summary_large_image\" \/>\n<script type=\"application\/ld+json\" class=\"yoast-schema-graph\">{\"@context\":\"https:\\\/\\\/schema.org\",\"@graph\":[{\"@type\":\"WebPage\",\"@id\":\"https:\\\/\\\/nature-et-developpement.com\\\/logisain-78\\\/produit\\\/echantillon-meister-ll-250\\\/\",\"url\":\"https:\\\/\\\/nature-et-developpement.com\\\/logisain-78\\\/produit\\\/echantillon-meister-ll-250\\\/\",\"name\":\"\u00c9chantillon MEISTER LL 250\",\"isPartOf\":{\"@id\":\"https:\\\/\\\/nature-et-developpement.com\\\/logisain-78\\\/#website\"},\"primaryImageOfPage\":{\"@id\":\"https:\\\/\\\/nature-et-developpement.com\\\/logisain-78\\\/produit\\\/echantillon-meister-ll-250\\\/#primaryimage\"},\"image\":{\"@id\":\"https:\\\/\\\/nature-et-developpement.com\\\/logisain-78\\\/produit\\\/echantillon-meister-ll-250\\\/#primaryimage\"},\"thumbnailUrl\":\"https:\\\/\\\/nature-et-developpement.com\\\/logisain-78\\\/wp-content\\\/uploads\\\/07130_laminate_LL250_Perspektive.jpg\",\"datePublished\":\"2020-06-16T15:10:24+00:00\",\"dateModified\":\"2026-02-06T15:20:20+00:00\",\"description\":\"Commandez d\u00e8s aujourd'hui vos Choix de parquets... Chaque \u00e9chantillon mesure environ 18cm, de v\u00e9ritable produit. Un forfait de 15\u20ac de livraison sera appliqu\u00e9 par tranche de 5 \u00e9chantillons. AVEC UNE PHOTO DE CHEZ VOUS, TESTEZ-LE DANS VOTRE INT\u00c9RIEUR\",\"breadcrumb\":{\"@id\":\"https:\\\/\\\/nature-et-developpement.com\\\/logisain-78\\\/produit\\\/echantillon-meister-ll-250\\\/#breadcrumb\"},\"inLanguage\":\"fr-FR\",\"potentialAction\":[{\"@type\":\"ReadAction\",\"target\":[\"https:\\\/\\\/nature-et-developpement.com\\\/logisain-78\\\/produit\\\/echantillon-meister-ll-250\\\/\"]}]},{\"@type\":\"ImageObject\",\"inLanguage\":\"fr-FR\",\"@id\":\"https:\\\/\\\/nature-et-developpement.com\\\/logisain-78\\\/produit\\\/echantillon-meister-ll-250\\\/#primaryimage\",\"url\":\"https:\\\/\\\/nature-et-developpement.com\\\/logisain-78\\\/wp-content\\\/uploads\\\/07130_laminate_LL250_Perspektive.jpg\",\"contentUrl\":\"https:\\\/\\\/nature-et-developpement.com\\\/logisain-78\\\/wp-content\\\/uploads\\\/07130_laminate_LL250_Perspektive.jpg\"},{\"@type\":\"BreadcrumbList\",\"@id\":\"https:\\\/\\\/nature-et-developpement.com\\\/logisain-78\\\/produit\\\/echantillon-meister-ll-250\\\/#breadcrumb\",\"itemListElement\":[{\"@type\":\"ListItem\",\"position\":1,\"name\":\"Accueil\",\"item\":\"https:\\\/\\\/nature-et-developpement.com\\\/logisain-78\\\/\"},{\"@type\":\"ListItem\",\"position\":2,\"name\":\"Produits\",\"item\":\"https:\\\/\\\/nature-et-developpement.com\\\/logisain-78\\\/shop\\\/\"},{\"@type\":\"ListItem\",\"position\":3,\"name\":\"Parquets bois, stratifi\u00e9s et li\u00e8ge\",\"item\":\"https:\\\/\\\/nature-et-developpement.com\\\/logisain-78\\\/produits\\\/parquet-et-sol-naturels\\\/\"},{\"@type\":\"ListItem\",\"position\":4,\"name\":\"Plinthes et accessoires\",\"item\":\"https:\\\/\\\/nature-et-developpement.com\\\/logisain-78\\\/produits\\\/parquet-et-sol-naturels\\\/plinthes-et-accessoires\\\/\"},{\"@type\":\"ListItem\",\"position\":5,\"name\":\"\u00c9chantillon MEISTER LL 250\"}]},{\"@type\":\"WebSite\",\"@id\":\"https:\\\/\\\/nature-et-developpement.com\\\/logisain-78\\\/#website\",\"url\":\"https:\\\/\\\/nature-et-developpement.com\\\/logisain-78\\\/\",\"name\":\"LOGISAIN 78 \u2013 Magasin de mat\u00e9riaux biosourc\u00e9s\",\"description\":\"Logisain 78 est membre du groupement Nature &amp; D\u00e9veloppement\",\"publisher\":{\"@id\":\"https:\\\/\\\/nature-et-developpement.com\\\/logisain-78\\\/#organization\"},\"potentialAction\":[{\"@type\":\"SearchAction\",\"target\":{\"@type\":\"EntryPoint\",\"urlTemplate\":\"https:\\\/\\\/nature-et-developpement.com\\\/logisain-78\\\/?s={search_term_string}\"},\"query-input\":{\"@type\":\"PropertyValueSpecification\",\"valueRequired\":true,\"valueName\":\"search_term_string\"}}],\"inLanguage\":\"fr-FR\"},{\"@type\":\"Organization\",\"@id\":\"https:\\\/\\\/nature-et-developpement.com\\\/logisain-78\\\/#organization\",\"name\":\"Logisain 78\",\"url\":\"https:\\\/\\\/nature-et-developpement.com\\\/logisain-78\\\/\",\"logo\":{\"@type\":\"ImageObject\",\"inLanguage\":\"fr-FR\",\"@id\":\"https:\\\/\\\/nature-et-developpement.com\\\/logisain-78\\\/#\\\/schema\\\/logo\\\/image\\\/\",\"url\":\"https:\\\/\\\/nature-et-developpement.com\\\/logisain-78\\\/wp-content\\\/uploads\\\/sites\\\/5\\\/2021\\\/08\\\/logo-logisain.jpg\",\"contentUrl\":\"https:\\\/\\\/nature-et-developpement.com\\\/logisain-78\\\/wp-content\\\/uploads\\\/sites\\\/5\\\/2021\\\/08\\\/logo-logisain.jpg\",\"width\":672,\"height\":455,\"caption\":\"Logisain 78\"},\"image\":{\"@id\":\"https:\\\/\\\/nature-et-developpement.com\\\/logisain-78\\\/#\\\/schema\\\/logo\\\/image\\\/\"}}]}<\/script>\n<!-- \/ Yoast SEO plugin. -->","yoast_head_json":{"title":"\u00c9chantillon MEISTER LL 250","description":"Commandez d\u00e8s aujourd'hui vos Choix de parquets... Chaque \u00e9chantillon mesure environ 18cm, de v\u00e9ritable produit. Un forfait de 15\u20ac de livraison sera appliqu\u00e9 par tranche de 5 \u00e9chantillons. AVEC UNE PHOTO DE CHEZ VOUS, TESTEZ-LE DANS VOTRE INT\u00c9RIEUR","robots":{"index":"noindex","follow":"nofollow"},"og_locale":"fr_FR","og_type":"article","og_title":"\u00c9chantillon MEISTER LL 250","og_description":"Commandez d\u00e8s aujourd'hui vos Choix de parquets... Chaque \u00e9chantillon mesure environ 18cm, de v\u00e9ritable produit. Un forfait de 15\u20ac de livraison sera appliqu\u00e9 par tranche de 5 \u00e9chantillons. AVEC UNE PHOTO DE CHEZ VOUS, TESTEZ-LE DANS VOTRE INT\u00c9RIEUR","og_url":"https:\/\/nature-et-developpement.com\/logisain-78\/produit\/echantillon-meister-ll-250\/","og_site_name":"LOGISAIN 78 \u2013 Magasin de mat\u00e9riaux biosourc\u00e9s","article_modified_time":"2026-02-06T15:20:20+00:00","twitter_card":"summary_large_image","schema":{"@context":"https:\/\/schema.org","@graph":[{"@type":"WebPage","@id":"https:\/\/nature-et-developpement.com\/logisain-78\/produit\/echantillon-meister-ll-250\/","url":"https:\/\/nature-et-developpement.com\/logisain-78\/produit\/echantillon-meister-ll-250\/","name":"\u00c9chantillon MEISTER LL 250","isPartOf":{"@id":"https:\/\/nature-et-developpement.com\/logisain-78\/#website"},"primaryImageOfPage":{"@id":"https:\/\/nature-et-developpement.com\/logisain-78\/produit\/echantillon-meister-ll-250\/#primaryimage"},"image":{"@id":"https:\/\/nature-et-developpement.com\/logisain-78\/produit\/echantillon-meister-ll-250\/#primaryimage"},"thumbnailUrl":"https:\/\/nature-et-developpement.com\/logisain-78\/wp-content\/uploads\/07130_laminate_LL250_Perspektive.jpg","datePublished":"2020-06-16T15:10:24+00:00","dateModified":"2026-02-06T15:20:20+00:00","description":"Commandez d\u00e8s aujourd'hui vos Choix de parquets... Chaque \u00e9chantillon mesure environ 18cm, de v\u00e9ritable produit. Un forfait de 15\u20ac de livraison sera appliqu\u00e9 par tranche de 5 \u00e9chantillons. AVEC UNE PHOTO DE CHEZ VOUS, TESTEZ-LE DANS VOTRE INT\u00c9RIEUR","breadcrumb":{"@id":"https:\/\/nature-et-developpement.com\/logisain-78\/produit\/echantillon-meister-ll-250\/#breadcrumb"},"inLanguage":"fr-FR","potentialAction":[{"@type":"ReadAction","target":["https:\/\/nature-et-developpement.com\/logisain-78\/produit\/echantillon-meister-ll-250\/"]}]},{"@type":"ImageObject","inLanguage":"fr-FR","@id":"https:\/\/nature-et-developpement.com\/logisain-78\/produit\/echantillon-meister-ll-250\/#primaryimage","url":"https:\/\/nature-et-developpement.com\/logisain-78\/wp-content\/uploads\/07130_laminate_LL250_Perspektive.jpg","contentUrl":"https:\/\/nature-et-developpement.com\/logisain-78\/wp-content\/uploads\/07130_laminate_LL250_Perspektive.jpg"},{"@type":"BreadcrumbList","@id":"https:\/\/nature-et-developpement.com\/logisain-78\/produit\/echantillon-meister-ll-250\/#breadcrumb","itemListElement":[{"@type":"ListItem","position":1,"name":"Accueil","item":"https:\/\/nature-et-developpement.com\/logisain-78\/"},{"@type":"ListItem","position":2,"name":"Produits","item":"https:\/\/nature-et-developpement.com\/logisain-78\/shop\/"},{"@type":"ListItem","position":3,"name":"Parquets bois, stratifi\u00e9s et li\u00e8ge","item":"https:\/\/nature-et-developpement.com\/logisain-78\/produits\/parquet-et-sol-naturels\/"},{"@type":"ListItem","position":4,"name":"Plinthes et accessoires","item":"https:\/\/nature-et-developpement.com\/logisain-78\/produits\/parquet-et-sol-naturels\/plinthes-et-accessoires\/"},{"@type":"ListItem","position":5,"name":"\u00c9chantillon MEISTER LL 250"}]},{"@type":"WebSite","@id":"https:\/\/nature-et-developpement.com\/logisain-78\/#website","url":"https:\/\/nature-et-developpement.com\/logisain-78\/","name":"LOGISAIN 78 \u2013 Magasin de mat\u00e9riaux biosourc\u00e9s","description":"Logisain 78 est membre du groupement Nature &amp; D\u00e9veloppement","publisher":{"@id":"https:\/\/nature-et-developpement.com\/logisain-78\/#organization"},"potentialAction":[{"@type":"SearchAction","target":{"@type":"EntryPoint","urlTemplate":"https:\/\/nature-et-developpement.com\/logisain-78\/?s={search_term_string}"},"query-input":{"@type":"PropertyValueSpecification","valueRequired":true,"valueName":"search_term_string"}}],"inLanguage":"fr-FR"},{"@type":"Organization","@id":"https:\/\/nature-et-developpement.com\/logisain-78\/#organization","name":"Logisain 78","url":"https:\/\/nature-et-developpement.com\/logisain-78\/","logo":{"@type":"ImageObject","inLanguage":"fr-FR","@id":"https:\/\/nature-et-developpement.com\/logisain-78\/#\/schema\/logo\/image\/","url":"https:\/\/nature-et-developpement.com\/logisain-78\/wp-content\/uploads\/sites\/5\/2021\/08\/logo-logisain.jpg","contentUrl":"https:\/\/nature-et-developpement.com\/logisain-78\/wp-content\/uploads\/sites\/5\/2021\/08\/logo-logisain.jpg","width":672,"height":455,"caption":"Logisain 78"},"image":{"@id":"https:\/\/nature-et-developpement.com\/logisain-78\/#\/schema\/logo\/image\/"}}]}},"distributor_meta":false,"distributor_terms":false,"distributor_media":false,"distributor_original_site_name":"LOGISAIN 78 \u2013 Magasin de mat\u00e9riaux biosourc\u00e9s","distributor_original_site_url":"https:\/\/nature-et-developpement.com\/logisain-78","push-errors":false,"_links":{"self":[{"href":"https:\/\/nature-et-developpement.com\/logisain-78\/wp-json\/wp\/v2\/product\/3540","targetHints":{"allow":["GET"]}}],"collection":[{"href":"https:\/\/nature-et-developpement.com\/logisain-78\/wp-json\/wp\/v2\/product"}],"about":[{"href":"https:\/\/nature-et-developpement.com\/logisain-78\/wp-json\/wp\/v2\/types\/product"}],"wp:featuredmedia":[{"embeddable":true,"href":"https:\/\/nature-et-developpement.com\/logisain-78\/wp-json\/"}],"wp:attachment":[{"href":"https:\/\/nature-et-developpement.com\/logisain-78\/wp-json\/wp\/v2\/media?parent=3540"}],"wp:term":[{"taxonomy":"product_brand","embeddable":true,"href":"https:\/\/nature-et-developpement.com\/logisain-78\/wp-json\/wp\/v2\/product_brand?post=3540"},{"taxonomy":"product_cat","embeddable":true,"href":"https:\/\/nature-et-developpement.com\/logisain-78\/wp-json\/wp\/v2\/product_cat?post=3540"},{"taxonomy":"product_tag","embeddable":true,"href":"https:\/\/nature-et-developpement.com\/logisain-78\/wp-json\/wp\/v2\/product_tag?post=3540"}],"curies":[{"name":"wp","href":"https:\/\/api.w.org\/{rel}","templated":true}]}}