{"id":35422,"date":"2023-11-30T00:00:39","date_gmt":"2023-11-29T23:00:39","guid":{"rendered":"https:\/\/nature-et-developpement.com\/logisain-78\/produit\/plaque-isolante-ecologique-en-mousse-minerale-liquid-pore\/"},"modified":"2025-12-11T04:30:27","modified_gmt":"2025-12-11T03:30:27","slug":"liquid-pore-plaque-isolante","status":"publish","type":"product","link":"https:\/\/nature-et-developpement.com\/logisain-78\/produit\/liquid-pore-plaque-isolante\/","title":{"rendered":"LIQUID PORE Plaque isolante"},"content":{"rendered":"<h2>Plaque Isolante en Mousse Min\u00e9rale LIQUID PORE &#8211; Assemblage Simplifi\u00e9 pour un Confort Thermique Optimal<\/h2>\n<p>D\u00e9couvrez la r\u00e9volution de l&rsquo;isolation ext\u00e9rieure avec les panneaux rigides en mousse min\u00e9rale Liquid Pore.<\/p>\n<p>Ces plaques vous assurent des performances thermiques remarquables tout en r\u00e9duisant les d\u00e9perditions de chaleur \u00e0 l&rsquo;int\u00e9rieur.<\/p>\n<p>Gr\u00e2ce \u00e0 un lambda de 0,040, elles offrent une r\u00e9sistance thermique exceptionnelle, m\u00eame sur une face nord. Ce mat\u00e9riau isolant est capable de stocker la chaleur ext\u00e9rieure du soleil ou celle de votre chauffage \u00e0 l&rsquo;int\u00e9rieur.<\/p>\n<p>Les travaux d&rsquo;isolation des murs par l&rsquo;ext\u00e9rieur (ITE) permettent d\u2019am\u00e9liorer l&rsquo;efficacit\u00e9 thermique en r\u00e9duisant les ponts thermiques. Une finition avec des enduits \u00e0 base de chaux garantit la perspirance de vos murs.<\/p>\n<p>Pour une bonne isolation par l&rsquo;int\u00e9rieur (ITI), l&rsquo;utilisation d&rsquo;un enduit terre peut augmenter l&rsquo;inertie de vos parois, tout en favorisant la r\u00e9gulation de l&rsquo;humidit\u00e9 et en assurant une bonne \u00e9tanch\u00e9it\u00e9 \u00e0 l&rsquo;air.<\/p>\n<p>En isolant vos murs avec ce mat\u00e9riau en mousse expans\u00e9e, vous ferez de v\u00e9ritables \u00e9conomies d&rsquo;\u00e9nergie.<\/p>\n<p>L\u2019un des principaux avantages de Liquid Pore est sa mise en \u0153uvre simplifi\u00e9e, comparable aux syst\u00e8mes d&rsquo;ITE coll\u00e9s.<\/p>\n<h3>Techniques de Pose Conseill\u00e9es du\u00a0LIQUID PORE<\/h3>\n<p>Lors de l&rsquo;application avec du mortier-colle min\u00e9ral, l&rsquo;utilisation de nattes de fibres est recommand\u00e9e avant l&rsquo;enduit de finition. Suivez notre guide de pose pour garantir une installation optimale.<\/p>\n<p>La pose coll\u00e9e des panneaux Liquid Pore offre plusieurs options :<\/p>\n<p><strong>Par Plots :<\/strong><\/p>\n<ul>\n<li>Appliquez au moins 16 plots de colle par m\u00e8tre carr\u00e9, repr\u00e9sentant 20% de la surface du panneau.<\/li>\n<li>Disposez-les \u00e0 quelques centim\u00e8tres du bord du panneau.<\/li>\n<\/ul>\n<p><strong>En Plein :<\/strong><\/p>\n<ul>\n<li>Appliquez la colle sur toute la surface du panneau \u00e0 l&rsquo;aide d&rsquo;une taloche crant\u00e9e de 6 \u00e0 10 mm de profondeur.<\/li>\n<li>Laissez une bande libre de 2 cm en p\u00e9riph\u00e9rie pour \u00e9viter que la colle ne d\u00e9borde dans les joints.<\/li>\n<\/ul>\n<p><strong>Pose par Boudins :<\/strong><\/p>\n<ul>\n<li>Assurez-vous que la surface encoll\u00e9e repr\u00e9sente au moins 20% du panneau.<\/li>\n<li>Appliquez des boudins discontinus en p\u00e9riph\u00e9rie et deux bandes crois\u00e9es au centre pour \u00e9viter l&rsquo;effet ventouse.<\/li>\n<\/ul>\n<p>La pose en plein est id\u00e9ale pour un support bien plan, tandis que la pose par plots convient aux supports irr\u00e9guliers, comme la brique. Il est essentiel d&rsquo;avoir un support sain et plan, avec des d\u00e9fauts de plan\u00e9it\u00e9 inf\u00e9rieurs \u00e0 10 mm sous une r\u00e8gle de 2 m.<\/p>\n<p>En cas de support rev\u00eatu, un d\u00e9capage pr\u00e9alable est obligatoire. Les conditions d&rsquo;application incluent une temp\u00e9rature ext\u00e9rieure comprise entre 5\u00b0C et 30\u00b0C. Lors de la pose, exercez une pression constante pour garantir la plan\u00e9it\u00e9 et utilisez des rails horizontaux tous les 5 m pour \u00e9viter la mise en charge de l&rsquo;isolant lors de collages en hauteur.<\/p>\n<p>La consommation moyenne de colle d\u00e9pend de l&rsquo;ATE du mortier-colle utilis\u00e9, pr\u00e9sent\u00e9 sous forme de poudre \u00e0 g\u00e2cher ou de produit pr\u00eat \u00e0 l&#8217;emploi. Les temps de s\u00e9chage varient en fonction des conditions climatiques.<\/p>\n<h3>Avantages du LIQUID PORE<\/h3>\n<p>Cette technique convient pour un support brut dans toutes les zones g\u00e9ographiques. Elle est recommand\u00e9e pour les ma\u00e7onneries rev\u00eatues et peut \u00eatre utilis\u00e9e sur un support nu. La fixation m\u00e9canique dans des briques creuses sur rails n\u00e9cessite une expertise sp\u00e9cifique, tandis que la pose fix\u00e9e-cal\u00e9e offre une flexibilit\u00e9 accrue.<\/p>\n<h3>Stockage de Chaleur pour un Confort Optimal<\/h3>\n<p>Liquid Pore n\u2019est pas simplement un isolant. Sa mousse min\u00e9rale dense, \u00e0 pores fins, forme un coussin d&rsquo;air qui ralentit la transmission de la chaleur, optimisant ainsi l&rsquo;\u00e9nergie de chauffage.<\/p>\n<h3>Ininflammable et Performant<\/h3>\n<p>Liquid Pore est class\u00e9 A1, ininflammable, et garantit une s\u00e9curit\u00e9 maximale. Sa production \u00e9met peu de CO2 et il est recyclable \u00e0 100%, ce qui en fait un choix performant pour vos projets d&rsquo;isolation.<\/p>\n<h3>Brevet\u00e9 et Approuv\u00e9<\/h3>\n<p>Profitez de l&rsquo;innovation brevet\u00e9e en Europe. Liquid Pore a obtenu l&rsquo;approbation europ\u00e9enne, garantissant qualit\u00e9 et conformit\u00e9 aux normes.<\/p>\n<h3>Isolation Durable<\/h3>\n<p>Compos\u00e9 de sulfate de calcium, Liquid Pore offre une solution durable pour l\u2019isolation des fa\u00e7ades int\u00e9rieures et ext\u00e9rieures. Maximisez l\u2019utilisation de l\u2019\u00e9nergie, stockez la chaleur, et faites des choix durables pour vos projets.<\/p>\n","protected":false},"excerpt":{"rendered":"<p>D\u00e9couvrez Liquid Pore &#8211; la plaque isolante en mousse min\u00e9rale facile \u00e0 poser, respectueuse de l&rsquo;environnement.<br \/>\nIl peut \u00eatre utilis\u00e9 pour isoler l&rsquo;int\u00e9rieur et l&rsquo;ext\u00e9rieur d&rsquo;un b\u00e2timent de mani\u00e8re durable.<br \/>\nMaximisez votre confort thermique d\u00e8s aujourd&rsquo;hui.<\/p>\n","protected":false},"featured_media":1000000171264,"template":"","meta":[],"product_brand":[4268],"product_cat":[2646,132,2904,4261,4263,173],"product_tag":[],"class_list":{"0":"post-35422","1":"product","2":"type-product","3":"status-publish","4":"has-post-thumbnail","6":"product_brand-liquid-pore","7":"product_cat-accessoires","8":"product_cat-cloisons-et-doublage","9":"product_cat-demande-de-devis-uniquement-avec-prix","10":"product_cat-isolation-exterieure","11":"product_cat-isolation-interieure","12":"product_cat-maconnerie","14":"first","15":"instock","16":"taxable","17":"shipping-taxable","18":"purchasable","19":"product-type-variable"},"yoast_head":"<!-- This site is optimized with the Yoast SEO plugin v27.5 - https:\/\/yoast.com\/product\/yoast-seo-wordpress\/ -->\n<title>LIQUID PORE Plaque isolante<\/title>\n<meta name=\"description\" content=\"Panneau isolant en mousse min\u00e9rale facile \u00e0 poser, respectueuse de l&#039;environnent. S&#039;utilis\u00e9 pour isoler les murs int\u00e9rieurs et ext\u00e9rieurs durablement.\" \/>\n<meta name=\"robots\" content=\"noindex, nofollow\" \/>\n<meta property=\"og:locale\" content=\"fr_FR\" \/>\n<meta property=\"og:type\" content=\"article\" \/>\n<meta property=\"og:title\" content=\"LIQUID PORE Plaque isolante\" \/>\n<meta property=\"og:description\" content=\"Panneau isolant en mousse min\u00e9rale facile \u00e0 poser, respectueuse de l&#039;environnent. S&#039;utilis\u00e9 pour isoler les murs int\u00e9rieurs et ext\u00e9rieurs durablement.\" \/>\n<meta property=\"og:url\" content=\"https:\/\/nature-et-developpement.com\/logisain-78\/produit\/liquid-pore-plaque-isolante\/\" \/>\n<meta property=\"og:site_name\" content=\"LOGISAIN 78 \u2013 Magasin de mat\u00e9riaux biosourc\u00e9s\" \/>\n<meta property=\"article:modified_time\" content=\"2025-12-11T03:30:27+00:00\" \/>\n<meta name=\"twitter:card\" content=\"summary_large_image\" \/>\n<meta name=\"twitter:label1\" content=\"Dur\u00e9e de lecture estim\u00e9e\" \/>\n\t<meta name=\"twitter:data1\" content=\"4 minutes\" \/>\n<script type=\"application\/ld+json\" class=\"yoast-schema-graph\">{\"@context\":\"https:\\\/\\\/schema.org\",\"@graph\":[{\"@type\":\"WebPage\",\"@id\":\"https:\\\/\\\/nature-et-developpement.com\\\/logisain-78\\\/produit\\\/liquid-pore-plaque-isolante\\\/\",\"url\":\"https:\\\/\\\/nature-et-developpement.com\\\/logisain-78\\\/produit\\\/liquid-pore-plaque-isolante\\\/\",\"name\":\"LIQUID PORE Plaque isolante\",\"isPartOf\":{\"@id\":\"https:\\\/\\\/nature-et-developpement.com\\\/logisain-78\\\/#website\"},\"primaryImageOfPage\":{\"@id\":\"https:\\\/\\\/nature-et-developpement.com\\\/logisain-78\\\/produit\\\/liquid-pore-plaque-isolante\\\/#primaryimage\"},\"image\":{\"@id\":\"https:\\\/\\\/nature-et-developpement.com\\\/logisain-78\\\/produit\\\/liquid-pore-plaque-isolante\\\/#primaryimage\"},\"thumbnailUrl\":\"https:\\\/\\\/nature-et-developpement.com\\\/logisain-78\\\/wp-content\\\/uploads\\\/Plaque-isolante-LIQUIDE-PORE.jpg\",\"datePublished\":\"2023-11-29T23:00:39+00:00\",\"dateModified\":\"2025-12-11T03:30:27+00:00\",\"description\":\"Panneau isolant en mousse min\u00e9rale facile \u00e0 poser, respectueuse de l'environnent. S'utilis\u00e9 pour isoler les murs int\u00e9rieurs et ext\u00e9rieurs durablement.\",\"breadcrumb\":{\"@id\":\"https:\\\/\\\/nature-et-developpement.com\\\/logisain-78\\\/produit\\\/liquid-pore-plaque-isolante\\\/#breadcrumb\"},\"inLanguage\":\"fr-FR\",\"potentialAction\":[{\"@type\":\"ReadAction\",\"target\":[\"https:\\\/\\\/nature-et-developpement.com\\\/logisain-78\\\/produit\\\/liquid-pore-plaque-isolante\\\/\"]}]},{\"@type\":\"ImageObject\",\"inLanguage\":\"fr-FR\",\"@id\":\"https:\\\/\\\/nature-et-developpement.com\\\/logisain-78\\\/produit\\\/liquid-pore-plaque-isolante\\\/#primaryimage\",\"url\":\"https:\\\/\\\/nature-et-developpement.com\\\/logisain-78\\\/wp-content\\\/uploads\\\/Plaque-isolante-LIQUIDE-PORE.jpg\",\"contentUrl\":\"https:\\\/\\\/nature-et-developpement.com\\\/logisain-78\\\/wp-content\\\/uploads\\\/Plaque-isolante-LIQUIDE-PORE.jpg\"},{\"@type\":\"BreadcrumbList\",\"@id\":\"https:\\\/\\\/nature-et-developpement.com\\\/logisain-78\\\/produit\\\/liquid-pore-plaque-isolante\\\/#breadcrumb\",\"itemListElement\":[{\"@type\":\"ListItem\",\"position\":1,\"name\":\"Accueil\",\"item\":\"https:\\\/\\\/nature-et-developpement.com\\\/logisain-78\\\/\"},{\"@type\":\"ListItem\",\"position\":2,\"name\":\"Produits\",\"item\":\"https:\\\/\\\/nature-et-developpement.com\\\/logisain-78\\\/shop\\\/\"},{\"@type\":\"ListItem\",\"position\":3,\"name\":\"Construction, cloison et fen\u00eatres\",\"item\":\"https:\\\/\\\/nature-et-developpement.com\\\/logisain-78\\\/produits\\\/construction\\\/\"},{\"@type\":\"ListItem\",\"position\":4,\"name\":\"Ma\u00e7onnerie\",\"item\":\"https:\\\/\\\/nature-et-developpement.com\\\/logisain-78\\\/produits\\\/construction\\\/maconnerie\\\/\"},{\"@type\":\"ListItem\",\"position\":5,\"name\":\"LIQUID PORE Plaque isolante\"}]},{\"@type\":\"WebSite\",\"@id\":\"https:\\\/\\\/nature-et-developpement.com\\\/logisain-78\\\/#website\",\"url\":\"https:\\\/\\\/nature-et-developpement.com\\\/logisain-78\\\/\",\"name\":\"LOGISAIN 78 \u2013 Magasin de mat\u00e9riaux biosourc\u00e9s\",\"description\":\"Logisain 78 est membre du groupement Nature &amp; D\u00e9veloppement\",\"publisher\":{\"@id\":\"https:\\\/\\\/nature-et-developpement.com\\\/logisain-78\\\/#organization\"},\"potentialAction\":[{\"@type\":\"SearchAction\",\"target\":{\"@type\":\"EntryPoint\",\"urlTemplate\":\"https:\\\/\\\/nature-et-developpement.com\\\/logisain-78\\\/?s={search_term_string}\"},\"query-input\":{\"@type\":\"PropertyValueSpecification\",\"valueRequired\":true,\"valueName\":\"search_term_string\"}}],\"inLanguage\":\"fr-FR\"},{\"@type\":\"Organization\",\"@id\":\"https:\\\/\\\/nature-et-developpement.com\\\/logisain-78\\\/#organization\",\"name\":\"Logisain 78\",\"url\":\"https:\\\/\\\/nature-et-developpement.com\\\/logisain-78\\\/\",\"logo\":{\"@type\":\"ImageObject\",\"inLanguage\":\"fr-FR\",\"@id\":\"https:\\\/\\\/nature-et-developpement.com\\\/logisain-78\\\/#\\\/schema\\\/logo\\\/image\\\/\",\"url\":\"https:\\\/\\\/nature-et-developpement.com\\\/logisain-78\\\/wp-content\\\/uploads\\\/sites\\\/5\\\/2021\\\/08\\\/logo-logisain.jpg\",\"contentUrl\":\"https:\\\/\\\/nature-et-developpement.com\\\/logisain-78\\\/wp-content\\\/uploads\\\/sites\\\/5\\\/2021\\\/08\\\/logo-logisain.jpg\",\"width\":672,\"height\":455,\"caption\":\"Logisain 78\"},\"image\":{\"@id\":\"https:\\\/\\\/nature-et-developpement.com\\\/logisain-78\\\/#\\\/schema\\\/logo\\\/image\\\/\"}}]}<\/script>\n<!-- \/ Yoast SEO plugin. -->","yoast_head_json":{"title":"LIQUID PORE Plaque isolante","description":"Panneau isolant en mousse min\u00e9rale facile \u00e0 poser, respectueuse de l'environnent. S'utilis\u00e9 pour isoler les murs int\u00e9rieurs et ext\u00e9rieurs durablement.","robots":{"index":"noindex","follow":"nofollow"},"og_locale":"fr_FR","og_type":"article","og_title":"LIQUID PORE Plaque isolante","og_description":"Panneau isolant en mousse min\u00e9rale facile \u00e0 poser, respectueuse de l'environnent. S'utilis\u00e9 pour isoler les murs int\u00e9rieurs et ext\u00e9rieurs durablement.","og_url":"https:\/\/nature-et-developpement.com\/logisain-78\/produit\/liquid-pore-plaque-isolante\/","og_site_name":"LOGISAIN 78 \u2013 Magasin de mat\u00e9riaux biosourc\u00e9s","article_modified_time":"2025-12-11T03:30:27+00:00","twitter_card":"summary_large_image","twitter_misc":{"Dur\u00e9e de lecture estim\u00e9e":"4 minutes"},"schema":{"@context":"https:\/\/schema.org","@graph":[{"@type":"WebPage","@id":"https:\/\/nature-et-developpement.com\/logisain-78\/produit\/liquid-pore-plaque-isolante\/","url":"https:\/\/nature-et-developpement.com\/logisain-78\/produit\/liquid-pore-plaque-isolante\/","name":"LIQUID PORE Plaque isolante","isPartOf":{"@id":"https:\/\/nature-et-developpement.com\/logisain-78\/#website"},"primaryImageOfPage":{"@id":"https:\/\/nature-et-developpement.com\/logisain-78\/produit\/liquid-pore-plaque-isolante\/#primaryimage"},"image":{"@id":"https:\/\/nature-et-developpement.com\/logisain-78\/produit\/liquid-pore-plaque-isolante\/#primaryimage"},"thumbnailUrl":"https:\/\/nature-et-developpement.com\/logisain-78\/wp-content\/uploads\/Plaque-isolante-LIQUIDE-PORE.jpg","datePublished":"2023-11-29T23:00:39+00:00","dateModified":"2025-12-11T03:30:27+00:00","description":"Panneau isolant en mousse min\u00e9rale facile \u00e0 poser, respectueuse de l'environnent. S'utilis\u00e9 pour isoler les murs int\u00e9rieurs et ext\u00e9rieurs durablement.","breadcrumb":{"@id":"https:\/\/nature-et-developpement.com\/logisain-78\/produit\/liquid-pore-plaque-isolante\/#breadcrumb"},"inLanguage":"fr-FR","potentialAction":[{"@type":"ReadAction","target":["https:\/\/nature-et-developpement.com\/logisain-78\/produit\/liquid-pore-plaque-isolante\/"]}]},{"@type":"ImageObject","inLanguage":"fr-FR","@id":"https:\/\/nature-et-developpement.com\/logisain-78\/produit\/liquid-pore-plaque-isolante\/#primaryimage","url":"https:\/\/nature-et-developpement.com\/logisain-78\/wp-content\/uploads\/Plaque-isolante-LIQUIDE-PORE.jpg","contentUrl":"https:\/\/nature-et-developpement.com\/logisain-78\/wp-content\/uploads\/Plaque-isolante-LIQUIDE-PORE.jpg"},{"@type":"BreadcrumbList","@id":"https:\/\/nature-et-developpement.com\/logisain-78\/produit\/liquid-pore-plaque-isolante\/#breadcrumb","itemListElement":[{"@type":"ListItem","position":1,"name":"Accueil","item":"https:\/\/nature-et-developpement.com\/logisain-78\/"},{"@type":"ListItem","position":2,"name":"Produits","item":"https:\/\/nature-et-developpement.com\/logisain-78\/shop\/"},{"@type":"ListItem","position":3,"name":"Construction, cloison et fen\u00eatres","item":"https:\/\/nature-et-developpement.com\/logisain-78\/produits\/construction\/"},{"@type":"ListItem","position":4,"name":"Ma\u00e7onnerie","item":"https:\/\/nature-et-developpement.com\/logisain-78\/produits\/construction\/maconnerie\/"},{"@type":"ListItem","position":5,"name":"LIQUID PORE Plaque isolante"}]},{"@type":"WebSite","@id":"https:\/\/nature-et-developpement.com\/logisain-78\/#website","url":"https:\/\/nature-et-developpement.com\/logisain-78\/","name":"LOGISAIN 78 \u2013 Magasin de mat\u00e9riaux biosourc\u00e9s","description":"Logisain 78 est membre du groupement Nature &amp; D\u00e9veloppement","publisher":{"@id":"https:\/\/nature-et-developpement.com\/logisain-78\/#organization"},"potentialAction":[{"@type":"SearchAction","target":{"@type":"EntryPoint","urlTemplate":"https:\/\/nature-et-developpement.com\/logisain-78\/?s={search_term_string}"},"query-input":{"@type":"PropertyValueSpecification","valueRequired":true,"valueName":"search_term_string"}}],"inLanguage":"fr-FR"},{"@type":"Organization","@id":"https:\/\/nature-et-developpement.com\/logisain-78\/#organization","name":"Logisain 78","url":"https:\/\/nature-et-developpement.com\/logisain-78\/","logo":{"@type":"ImageObject","inLanguage":"fr-FR","@id":"https:\/\/nature-et-developpement.com\/logisain-78\/#\/schema\/logo\/image\/","url":"https:\/\/nature-et-developpement.com\/logisain-78\/wp-content\/uploads\/sites\/5\/2021\/08\/logo-logisain.jpg","contentUrl":"https:\/\/nature-et-developpement.com\/logisain-78\/wp-content\/uploads\/sites\/5\/2021\/08\/logo-logisain.jpg","width":672,"height":455,"caption":"Logisain 78"},"image":{"@id":"https:\/\/nature-et-developpement.com\/logisain-78\/#\/schema\/logo\/image\/"}}]}},"distributor_meta":false,"distributor_terms":false,"distributor_media":false,"distributor_original_site_name":"LOGISAIN 78 \u2013 Magasin de mat\u00e9riaux biosourc\u00e9s","distributor_original_site_url":"https:\/\/nature-et-developpement.com\/logisain-78","push-errors":false,"_links":{"self":[{"href":"https:\/\/nature-et-developpement.com\/logisain-78\/wp-json\/wp\/v2\/product\/35422","targetHints":{"allow":["GET"]}}],"collection":[{"href":"https:\/\/nature-et-developpement.com\/logisain-78\/wp-json\/wp\/v2\/product"}],"about":[{"href":"https:\/\/nature-et-developpement.com\/logisain-78\/wp-json\/wp\/v2\/types\/product"}],"wp:featuredmedia":[{"embeddable":true,"href":"https:\/\/nature-et-developpement.com\/logisain-78\/wp-json\/"}],"wp:attachment":[{"href":"https:\/\/nature-et-developpement.com\/logisain-78\/wp-json\/wp\/v2\/media?parent=35422"}],"wp:term":[{"taxonomy":"product_brand","embeddable":true,"href":"https:\/\/nature-et-developpement.com\/logisain-78\/wp-json\/wp\/v2\/product_brand?post=35422"},{"taxonomy":"product_cat","embeddable":true,"href":"https:\/\/nature-et-developpement.com\/logisain-78\/wp-json\/wp\/v2\/product_cat?post=35422"},{"taxonomy":"product_tag","embeddable":true,"href":"https:\/\/nature-et-developpement.com\/logisain-78\/wp-json\/wp\/v2\/product_tag?post=35422"}],"curies":[{"name":"wp","href":"https:\/\/api.w.org\/{rel}","templated":true}]}}