{"id":36097,"date":"2024-03-07T15:54:15","date_gmt":"2024-03-07T14:54:15","guid":{"rendered":"https:\/\/nature-et-developpement.com\/logisain-78\/produit\/tube-comfopipe-compact-de-zehnder\/"},"modified":"2025-06-12T16:58:53","modified_gmt":"2025-06-12T14:58:53","slug":"tube-comfopipe-compact-de-zehnder","status":"publish","type":"product","link":"https:\/\/nature-et-developpement.com\/logisain-78\/produit\/tube-comfopipe-compact-de-zehnder\/","title":{"rendered":"Tube ComfoPipe Compact de Zehnder"},"content":{"rendered":"<h2>Tube ComfoPipe Compact de Zehnder<\/h2>\n<p>Zehnder ComfoPipe Compact est un syst\u00e8me tubulaire l\u00e9ger et autoportant. Pour l\u2019air ext\u00e9rieur et l\u2019air extrait ainsi que pour l\u2019air neuf et l\u2019air vici\u00e9. Le syst\u00e8me de raccordement est dot\u00e9 de raccordements parfaitement adapt\u00e9s, enfichables et robustes. Il pr\u00e9sente des propri\u00e9t\u00e9s d\u2019isolation thermique tr\u00e8s \u00e9lev\u00e9e. Gr\u00e2ce \u00e0 sa surface \u00e9tanche \u00e0 la vapeur et \u00e0 ses cellules ferm\u00e9es, le nouveau tube Zehnder ComfoPipe Compact pr\u00e9sente par ailleurs une classe d\u2019\u00e9tanch\u00e9it\u00e9 \u00e9lev\u00e9e. Disponible en DN 125, 160 et 200.<\/p>\n<h3>Avantage<\/h3>\n<ul>\n<li class=\"\">Tout chez un m\u00eame fournisseur\u00a0: avec le syst\u00e8me de distribution d\u2019air et le syst\u00e8me de ventilation tout confort, tous les composants sont disponibles pour l\u2019int\u00e9gralit\u00e9 du syst\u00e8me de ventilation<\/li>\n<li class=\"\">Montage simple gr\u00e2ce \u00e0 des connexions enfichables pratiques (aucun outil n\u00e9cessaire) et d\u00e9coupe facile gr\u00e2ce aux marques de d\u00e9coupe tous les 5\u00a0cm<\/li>\n<li class=\"\">Flexibilit\u00e9 \u00e9lev\u00e9e et effort de planification minimum gr\u00e2ce \u00e0 une construction modulaire et \u00e0 des dimensions compactes<\/li>\n<li class=\"\">Installation s\u00fbre garantie gr\u00e2ce \u00e0 des composants plus \u00e9tanches (aucune \u00e9tanch\u00e9ification suppl\u00e9mentaire des manchons requise)<\/li>\n<li class=\"\">Aucune formation de condensat gr\u00e2ce \u00e0 une meilleure isolation du tube<\/li>\n<li class=\"\">Gr\u00e2ce \u00e0 la nouvelle couleur harmonis\u00e9e de Zehnder ComfoPipe Compact et ComfoPipe Plus, les deux tubes sont parfaitement coordonn\u00e9s et s\u2019int\u00e8grent impeccablement dans le local technique<\/li>\n<\/ul>\n","protected":false},"excerpt":{"rendered":"<p>Zehnder ComfoPipe Compact est un syst\u00e8me tubulaire l\u00e9ger et autoportant pour l\u2019air ext\u00e9rieur et l\u2019air extrait ainsi que pour l\u2019air neuf et l\u2019air vici\u00e9. Le syst\u00e8me de raccordement est dot\u00e9 de raccordements parfaitement adapt\u00e9s, enfichables et robustes et pr\u00e9sente des propri\u00e9t\u00e9s d\u2019isolation thermique tr\u00e8s \u00e9lev\u00e9e.<\/p>\n","protected":false},"featured_media":1000000174938,"template":"","meta":[],"product_brand":[2871],"product_cat":[2646,2904],"product_tag":[4257],"class_list":{"0":"post-36097","1":"product","2":"type-product","3":"status-publish","4":"has-post-thumbnail","6":"product_brand-zehnder","7":"product_cat-accessoires","8":"product_cat-demande-de-devis-uniquement-avec-prix","9":"product_tag-zehnder","10":"product_shipping_class-petit-equipement-outil-eclairage","12":"first","13":"instock","14":"taxable","15":"shipping-taxable","16":"purchasable","17":"product-type-variable"},"yoast_head":"<!-- This site is optimized with the Yoast SEO plugin v27.5 - https:\/\/yoast.com\/product\/yoast-seo-wordpress\/ -->\n<title>Tube ComfoPipe Compact de Zehnder<\/title>\n<meta name=\"description\" content=\"Syst\u00e8me tubulaire l\u00e9ger pour l\u2019air ext\u00e9rieur et l\u2019air extrait ainsi que pour l\u2019air neuf et l\u2019air vici\u00e9. Rrobustes isolation thermique tr\u00e8s \u00e9lev\u00e9e.\" \/>\n<meta name=\"robots\" content=\"noindex, follow\" \/>\n<meta property=\"og:locale\" content=\"fr_FR\" \/>\n<meta property=\"og:type\" content=\"article\" \/>\n<meta property=\"og:title\" content=\"Tube ComfoPipe Compact de Zehnder\" \/>\n<meta property=\"og:description\" content=\"Syst\u00e8me tubulaire l\u00e9ger pour l\u2019air ext\u00e9rieur et l\u2019air extrait ainsi que pour l\u2019air neuf et l\u2019air vici\u00e9. Rrobustes isolation thermique tr\u00e8s \u00e9lev\u00e9e.\" \/>\n<meta property=\"og:url\" content=\"https:\/\/nature-et-developpement.com\/logisain-78\/produit\/tube-comfopipe-compact-de-zehnder\/\" \/>\n<meta property=\"og:site_name\" content=\"LOGISAIN 78 \u2013 Magasin de mat\u00e9riaux biosourc\u00e9s\" \/>\n<meta property=\"article:modified_time\" content=\"2025-06-12T14:58:53+00:00\" \/>\n<meta name=\"twitter:card\" content=\"summary_large_image\" \/>\n<meta name=\"twitter:label1\" content=\"Dur\u00e9e de lecture estim\u00e9e\" \/>\n\t<meta name=\"twitter:data1\" content=\"1 minute\" \/>\n<script type=\"application\/ld+json\" class=\"yoast-schema-graph\">{\"@context\":\"https:\\\/\\\/schema.org\",\"@graph\":[{\"@type\":\"WebPage\",\"@id\":\"https:\\\/\\\/nature-et-developpement.com\\\/logisain-78\\\/produit\\\/tube-comfopipe-compact-de-zehnder\\\/\",\"url\":\"https:\\\/\\\/nature-et-developpement.com\\\/logisain-78\\\/produit\\\/tube-comfopipe-compact-de-zehnder\\\/\",\"name\":\"Tube ComfoPipe Compact de Zehnder\",\"isPartOf\":{\"@id\":\"https:\\\/\\\/nature-et-developpement.com\\\/logisain-78\\\/#website\"},\"primaryImageOfPage\":{\"@id\":\"https:\\\/\\\/nature-et-developpement.com\\\/logisain-78\\\/produit\\\/tube-comfopipe-compact-de-zehnder\\\/#primaryimage\"},\"image\":{\"@id\":\"https:\\\/\\\/nature-et-developpement.com\\\/logisain-78\\\/produit\\\/tube-comfopipe-compact-de-zehnder\\\/#primaryimage\"},\"thumbnailUrl\":\"https:\\\/\\\/nature-et-developpement.com\\\/logisain-78\\\/wp-content\\\/uploads\\\/ComfoPipe-Compact-de-Zehnder.jpg\",\"datePublished\":\"2024-03-07T14:54:15+00:00\",\"dateModified\":\"2025-06-12T14:58:53+00:00\",\"description\":\"Syst\u00e8me tubulaire l\u00e9ger pour l\u2019air ext\u00e9rieur et l\u2019air extrait ainsi que pour l\u2019air neuf et l\u2019air vici\u00e9. Rrobustes isolation thermique tr\u00e8s \u00e9lev\u00e9e.\",\"breadcrumb\":{\"@id\":\"https:\\\/\\\/nature-et-developpement.com\\\/logisain-78\\\/produit\\\/tube-comfopipe-compact-de-zehnder\\\/#breadcrumb\"},\"inLanguage\":\"fr-FR\",\"potentialAction\":[{\"@type\":\"ReadAction\",\"target\":[\"https:\\\/\\\/nature-et-developpement.com\\\/logisain-78\\\/produit\\\/tube-comfopipe-compact-de-zehnder\\\/\"]}]},{\"@type\":\"ImageObject\",\"inLanguage\":\"fr-FR\",\"@id\":\"https:\\\/\\\/nature-et-developpement.com\\\/logisain-78\\\/produit\\\/tube-comfopipe-compact-de-zehnder\\\/#primaryimage\",\"url\":\"https:\\\/\\\/nature-et-developpement.com\\\/logisain-78\\\/wp-content\\\/uploads\\\/ComfoPipe-Compact-de-Zehnder.jpg\",\"contentUrl\":\"https:\\\/\\\/nature-et-developpement.com\\\/logisain-78\\\/wp-content\\\/uploads\\\/ComfoPipe-Compact-de-Zehnder.jpg\"},{\"@type\":\"BreadcrumbList\",\"@id\":\"https:\\\/\\\/nature-et-developpement.com\\\/logisain-78\\\/produit\\\/tube-comfopipe-compact-de-zehnder\\\/#breadcrumb\",\"itemListElement\":[{\"@type\":\"ListItem\",\"position\":1,\"name\":\"Accueil\",\"item\":\"https:\\\/\\\/nature-et-developpement.com\\\/logisain-78\\\/\"},{\"@type\":\"ListItem\",\"position\":2,\"name\":\"Produits\",\"item\":\"https:\\\/\\\/nature-et-developpement.com\\\/logisain-78\\\/shop\\\/\"},{\"@type\":\"ListItem\",\"position\":3,\"name\":\"Chauffage, eau et \u00e9nergie\",\"item\":\"https:\\\/\\\/nature-et-developpement.com\\\/logisain-78\\\/produits\\\/energie-et-ventilation\\\/\"},{\"@type\":\"ListItem\",\"position\":4,\"name\":\"Accessoires\",\"item\":\"https:\\\/\\\/nature-et-developpement.com\\\/logisain-78\\\/produits\\\/energie-et-ventilation\\\/accessoires\\\/\"},{\"@type\":\"ListItem\",\"position\":5,\"name\":\"Tube ComfoPipe Compact de Zehnder\"}]},{\"@type\":\"WebSite\",\"@id\":\"https:\\\/\\\/nature-et-developpement.com\\\/logisain-78\\\/#website\",\"url\":\"https:\\\/\\\/nature-et-developpement.com\\\/logisain-78\\\/\",\"name\":\"LOGISAIN 78 \u2013 Magasin de mat\u00e9riaux biosourc\u00e9s\",\"description\":\"Logisain 78 est membre du groupement Nature &amp; D\u00e9veloppement\",\"publisher\":{\"@id\":\"https:\\\/\\\/nature-et-developpement.com\\\/logisain-78\\\/#organization\"},\"potentialAction\":[{\"@type\":\"SearchAction\",\"target\":{\"@type\":\"EntryPoint\",\"urlTemplate\":\"https:\\\/\\\/nature-et-developpement.com\\\/logisain-78\\\/?s={search_term_string}\"},\"query-input\":{\"@type\":\"PropertyValueSpecification\",\"valueRequired\":true,\"valueName\":\"search_term_string\"}}],\"inLanguage\":\"fr-FR\"},{\"@type\":\"Organization\",\"@id\":\"https:\\\/\\\/nature-et-developpement.com\\\/logisain-78\\\/#organization\",\"name\":\"Logisain 78\",\"url\":\"https:\\\/\\\/nature-et-developpement.com\\\/logisain-78\\\/\",\"logo\":{\"@type\":\"ImageObject\",\"inLanguage\":\"fr-FR\",\"@id\":\"https:\\\/\\\/nature-et-developpement.com\\\/logisain-78\\\/#\\\/schema\\\/logo\\\/image\\\/\",\"url\":\"https:\\\/\\\/nature-et-developpement.com\\\/logisain-78\\\/wp-content\\\/uploads\\\/sites\\\/5\\\/2021\\\/08\\\/logo-logisain.jpg\",\"contentUrl\":\"https:\\\/\\\/nature-et-developpement.com\\\/logisain-78\\\/wp-content\\\/uploads\\\/sites\\\/5\\\/2021\\\/08\\\/logo-logisain.jpg\",\"width\":672,\"height\":455,\"caption\":\"Logisain 78\"},\"image\":{\"@id\":\"https:\\\/\\\/nature-et-developpement.com\\\/logisain-78\\\/#\\\/schema\\\/logo\\\/image\\\/\"}}]}<\/script>\n<!-- \/ Yoast SEO plugin. -->","yoast_head_json":{"title":"Tube ComfoPipe Compact de Zehnder","description":"Syst\u00e8me tubulaire l\u00e9ger pour l\u2019air ext\u00e9rieur et l\u2019air extrait ainsi que pour l\u2019air neuf et l\u2019air vici\u00e9. Rrobustes isolation thermique tr\u00e8s \u00e9lev\u00e9e.","robots":{"index":"noindex","follow":"follow"},"og_locale":"fr_FR","og_type":"article","og_title":"Tube ComfoPipe Compact de Zehnder","og_description":"Syst\u00e8me tubulaire l\u00e9ger pour l\u2019air ext\u00e9rieur et l\u2019air extrait ainsi que pour l\u2019air neuf et l\u2019air vici\u00e9. Rrobustes isolation thermique tr\u00e8s \u00e9lev\u00e9e.","og_url":"https:\/\/nature-et-developpement.com\/logisain-78\/produit\/tube-comfopipe-compact-de-zehnder\/","og_site_name":"LOGISAIN 78 \u2013 Magasin de mat\u00e9riaux biosourc\u00e9s","article_modified_time":"2025-06-12T14:58:53+00:00","twitter_card":"summary_large_image","twitter_misc":{"Dur\u00e9e de lecture estim\u00e9e":"1 minute"},"schema":{"@context":"https:\/\/schema.org","@graph":[{"@type":"WebPage","@id":"https:\/\/nature-et-developpement.com\/logisain-78\/produit\/tube-comfopipe-compact-de-zehnder\/","url":"https:\/\/nature-et-developpement.com\/logisain-78\/produit\/tube-comfopipe-compact-de-zehnder\/","name":"Tube ComfoPipe Compact de Zehnder","isPartOf":{"@id":"https:\/\/nature-et-developpement.com\/logisain-78\/#website"},"primaryImageOfPage":{"@id":"https:\/\/nature-et-developpement.com\/logisain-78\/produit\/tube-comfopipe-compact-de-zehnder\/#primaryimage"},"image":{"@id":"https:\/\/nature-et-developpement.com\/logisain-78\/produit\/tube-comfopipe-compact-de-zehnder\/#primaryimage"},"thumbnailUrl":"https:\/\/nature-et-developpement.com\/logisain-78\/wp-content\/uploads\/ComfoPipe-Compact-de-Zehnder.jpg","datePublished":"2024-03-07T14:54:15+00:00","dateModified":"2025-06-12T14:58:53+00:00","description":"Syst\u00e8me tubulaire l\u00e9ger pour l\u2019air ext\u00e9rieur et l\u2019air extrait ainsi que pour l\u2019air neuf et l\u2019air vici\u00e9. Rrobustes isolation thermique tr\u00e8s \u00e9lev\u00e9e.","breadcrumb":{"@id":"https:\/\/nature-et-developpement.com\/logisain-78\/produit\/tube-comfopipe-compact-de-zehnder\/#breadcrumb"},"inLanguage":"fr-FR","potentialAction":[{"@type":"ReadAction","target":["https:\/\/nature-et-developpement.com\/logisain-78\/produit\/tube-comfopipe-compact-de-zehnder\/"]}]},{"@type":"ImageObject","inLanguage":"fr-FR","@id":"https:\/\/nature-et-developpement.com\/logisain-78\/produit\/tube-comfopipe-compact-de-zehnder\/#primaryimage","url":"https:\/\/nature-et-developpement.com\/logisain-78\/wp-content\/uploads\/ComfoPipe-Compact-de-Zehnder.jpg","contentUrl":"https:\/\/nature-et-developpement.com\/logisain-78\/wp-content\/uploads\/ComfoPipe-Compact-de-Zehnder.jpg"},{"@type":"BreadcrumbList","@id":"https:\/\/nature-et-developpement.com\/logisain-78\/produit\/tube-comfopipe-compact-de-zehnder\/#breadcrumb","itemListElement":[{"@type":"ListItem","position":1,"name":"Accueil","item":"https:\/\/nature-et-developpement.com\/logisain-78\/"},{"@type":"ListItem","position":2,"name":"Produits","item":"https:\/\/nature-et-developpement.com\/logisain-78\/shop\/"},{"@type":"ListItem","position":3,"name":"Chauffage, eau et \u00e9nergie","item":"https:\/\/nature-et-developpement.com\/logisain-78\/produits\/energie-et-ventilation\/"},{"@type":"ListItem","position":4,"name":"Accessoires","item":"https:\/\/nature-et-developpement.com\/logisain-78\/produits\/energie-et-ventilation\/accessoires\/"},{"@type":"ListItem","position":5,"name":"Tube ComfoPipe Compact de Zehnder"}]},{"@type":"WebSite","@id":"https:\/\/nature-et-developpement.com\/logisain-78\/#website","url":"https:\/\/nature-et-developpement.com\/logisain-78\/","name":"LOGISAIN 78 \u2013 Magasin de mat\u00e9riaux biosourc\u00e9s","description":"Logisain 78 est membre du groupement Nature &amp; D\u00e9veloppement","publisher":{"@id":"https:\/\/nature-et-developpement.com\/logisain-78\/#organization"},"potentialAction":[{"@type":"SearchAction","target":{"@type":"EntryPoint","urlTemplate":"https:\/\/nature-et-developpement.com\/logisain-78\/?s={search_term_string}"},"query-input":{"@type":"PropertyValueSpecification","valueRequired":true,"valueName":"search_term_string"}}],"inLanguage":"fr-FR"},{"@type":"Organization","@id":"https:\/\/nature-et-developpement.com\/logisain-78\/#organization","name":"Logisain 78","url":"https:\/\/nature-et-developpement.com\/logisain-78\/","logo":{"@type":"ImageObject","inLanguage":"fr-FR","@id":"https:\/\/nature-et-developpement.com\/logisain-78\/#\/schema\/logo\/image\/","url":"https:\/\/nature-et-developpement.com\/logisain-78\/wp-content\/uploads\/sites\/5\/2021\/08\/logo-logisain.jpg","contentUrl":"https:\/\/nature-et-developpement.com\/logisain-78\/wp-content\/uploads\/sites\/5\/2021\/08\/logo-logisain.jpg","width":672,"height":455,"caption":"Logisain 78"},"image":{"@id":"https:\/\/nature-et-developpement.com\/logisain-78\/#\/schema\/logo\/image\/"}}]}},"distributor_meta":false,"distributor_terms":false,"distributor_media":false,"distributor_original_site_name":"LOGISAIN 78 \u2013 Magasin de mat\u00e9riaux biosourc\u00e9s","distributor_original_site_url":"https:\/\/nature-et-developpement.com\/logisain-78","push-errors":false,"_links":{"self":[{"href":"https:\/\/nature-et-developpement.com\/logisain-78\/wp-json\/wp\/v2\/product\/36097","targetHints":{"allow":["GET"]}}],"collection":[{"href":"https:\/\/nature-et-developpement.com\/logisain-78\/wp-json\/wp\/v2\/product"}],"about":[{"href":"https:\/\/nature-et-developpement.com\/logisain-78\/wp-json\/wp\/v2\/types\/product"}],"wp:featuredmedia":[{"embeddable":true,"href":"https:\/\/nature-et-developpement.com\/logisain-78\/wp-json\/"}],"wp:attachment":[{"href":"https:\/\/nature-et-developpement.com\/logisain-78\/wp-json\/wp\/v2\/media?parent=36097"}],"wp:term":[{"taxonomy":"product_brand","embeddable":true,"href":"https:\/\/nature-et-developpement.com\/logisain-78\/wp-json\/wp\/v2\/product_brand?post=36097"},{"taxonomy":"product_cat","embeddable":true,"href":"https:\/\/nature-et-developpement.com\/logisain-78\/wp-json\/wp\/v2\/product_cat?post=36097"},{"taxonomy":"product_tag","embeddable":true,"href":"https:\/\/nature-et-developpement.com\/logisain-78\/wp-json\/wp\/v2\/product_tag?post=36097"}],"curies":[{"name":"wp","href":"https:\/\/api.w.org\/{rel}","templated":true}]}}