{"id":36613,"date":"2024-07-03T09:30:49","date_gmt":"2024-07-03T07:30:49","guid":{"rendered":"https:\/\/nature-et-developpement.com\/logisain-78\/?post_type=product&#038;p=36613"},"modified":"2025-06-12T16:58:55","modified_gmt":"2025-06-12T14:58:55","slug":"lame-de-terrasse-chene-massif","status":"publish","type":"product","link":"https:\/\/nature-et-developpement.com\/logisain-78\/produit\/lame-de-terrasse-chene-massif\/","title":{"rendered":"Lame de terrasse ch\u00eane"},"content":{"rendered":"<p>Les terrasses en bois embellissent un espace ext\u00e9rieur compl\u00e9mentaire de vie.<\/p>\n<div>Nous vous avons choisi le ch\u00eane, une essence de bois fran\u00e7aise qui est naturellement durable. Les lames sont de longueurs variables, rainur\u00e9es en bout. Elles b\u00e9n\u00e9ficient du label for\u00eat g\u00e9r\u00e9e durablement .<\/div>\n<div><\/div>\n<div>Choix \u00e9quivalent QF2<br \/>\nFace: noeud sain maximum 25 mm ou \u00e9quivalent au ml<br \/>\nContre face: traces de coeur et d&rsquo;aubier accept\u00e9es<\/div>\n<h3>C\u00f4t\u00e9 Pose<\/h3>\n<div><span style=\"text-decoration: underline;\">Consommation accessoires :<\/span><\/div>\n<div>&#8211;\u00a0<span style=\"text-decoration: underline;\"><span style=\"color: #2445a2;\"><span style=\"color: #2445a2; text-decoration: underline;\">Lambourdes 65&#215;45<\/span><\/span><\/span> : Env. 2,3 ML\/m\u00b2<\/div>\n<div>&#8211;\u00a0<span style=\"text-decoration: underline;\"><span style=\"color: #2445a2;\"><span style=\"color: #2445a2; text-decoration: underline;\">Plots terrasse<\/span><\/span><\/span> : Env. 3,7 plots\/m\u00b2 (lambourdes debout entraxe 70cm, port\u00e9e 50cm) et Env. 5,1 plots\/m\u00b2 (lambourdes \u00e0 plat entraxe 50cm, port\u00e9e 50cm)<\/div>\n<div>&#8211;\u00a0<span style=\"text-decoration: underline;\"><span style=\"color: #2445a2;\"><span style=\"color: #2445a2; text-decoration: underline;\">Vis pour terrasse<\/span><\/span><\/span> : Env. 30 vis\/m\u00b2<\/div>\n<div>&#8211;\u00a0<span style=\"text-decoration: underline;\"><span style=\"color: #2445a2;\"><span style=\"color: #2445a2; text-decoration: underline;\">Vis pour fixation des lambourdes sur les plots<\/span><\/span><\/span> : Env 8 vis\/m\u00b2<\/div>\n<p>Les lames sont fix\u00e9es sur des ossatures rabot\u00e9es en bois dur dispos\u00e9es sur des plots r\u00e9glables.<\/p>\n<div><span style=\"text-decoration: underline;\">Conseils :<\/span><br \/>\n\u2022 S\u2019assurer de la stabilit\u00e9 du sol<br \/>\n\u2022 V\u00e9rifier les niveaux<br \/>\n\u2022 Pour \u00e9viter que les mauvaises herbes ne poussent entre les lames poser un g\u00e9otextile<\/div>\n<div>\u2022 Pour la pose des lambourdes sur un support ma\u00e7onn\u00e9 ou rigide ferm\u00e9 (plots b\u00e9ton, dalle, bordure, &#8230;) utiliser les <span style=\"text-decoration: underline;\"><span style=\"color: #2445a2;\"><span style=\"color: #2445a2; text-decoration: underline;\">Pads sp\u00e9cial terrasse<\/span><\/span><\/span><\/div>\n<div>\u2022 Garantissez un espacement entre lame r\u00e9guliers avec <span style=\"text-decoration: underline;\"><span style=\"color: #2445a2;\"><span style=\"color: #2445a2; text-decoration: underline;\">nos espaceurs<\/span><\/span><\/span><br \/>\n\u2022 Fixer les lames avec de la visserie INOX A4 et utiliser un\u00a0<span style=\"text-decoration: underline;\"><span style=\"color: #2445a2;\"><span style=\"color: #2445a2; text-decoration: underline;\">for\u00eat fraisoir<\/span><\/span><\/span> pour un r\u00e9sultat optimum<\/div>\n<h3>C\u00f4t\u00e9 Entretien<\/h3>\n<p>Les rayons du soleil ont une incidence sur la couleur du bois, le ch\u00eane grisaille avec beaucoup d\u2019\u00e9l\u00e9gance.<\/p>\n<p>On peut laisser faire la nature ou recourir \u00e0 des produits r\u00e9novateurs, ou plus simplement appliquer une huile de lin une fois par an apr\u00e8s un nettoyage au savon noir.<\/p>\n<p>Pour une protection durable de votre terrasse, appliquer le <strong><a href=\"https:\/\/nature-et-developpement.com\/logisain-44\/produit\/huile-de-protection-saturabois-rubio\/\">Saturabois<\/a> <\/strong>de chez Rubio.<\/p>\n<div><\/div>\n<div><\/div>\n","protected":false},"excerpt":{"rendered":"<p>Les lames de terrasse ch\u00eane sont de longueurs variables, rainur\u00e9es en bout pour la r\u00e9alisation d&rsquo;une terrasse ext\u00e9rieur en bois fran\u00e7ais.<\/p>\n<p>Finition soign\u00e9e, profil petit boudin ou profil lisse.<\/p>\n<p>Largeur 13cm et \u00e9paisseur 22mm, 7.7ml au m\u00b2<\/p>\n<p><span style=\"color: #218e53;\"><strong>Consulter la fiche description ci-dessous pour connaitre les besoins en accessoires et les outils pratiques !<\/strong><\/span><\/p>\n","protected":false},"featured_media":36617,"template":"","meta":[],"product_brand":[3666],"product_cat":[48,2909,168],"product_tag":[],"class_list":{"0":"post-36613","1":"product","2":"type-product","3":"status-publish","4":"has-post-thumbnail","6":"product_brand-belleme-bois","7":"product_cat-agencement-exterieur","8":"product_cat-demande-de-devis-uniquement-sans-prix","9":"product_cat-terrasses","10":"product_shipping_class-impact-transport-important","12":"first","13":"instock","14":"featured","15":"taxable","16":"shipping-taxable","17":"purchasable","18":"product-type-variable"},"yoast_head":"<!-- This site is optimized with the Yoast SEO plugin v27.5 - https:\/\/yoast.com\/product\/yoast-seo-wordpress\/ -->\n<title>Lame de terrasse ch\u00eane<\/title>\n<meta name=\"description\" content=\"Les lames de terrasse ch\u00eane sont de longueurs variables, rainur\u00e9es en bout pour la r\u00e9alisation d&#039;une terrasse ext\u00e9rieur en bois fran\u00e7ais.  Finition soign\u00e9e, profil petit boudin ou profil lisse.  Largeur 13cm et \u00e9paisseur 22mm, 7.7ml au m\u00b2  Consulter la fiche description ci-dessous pour connaitre les besoins en accessoires et les outils pratiques ! Lame de terrasse massive en ch\u00eane, longueur variable, rainur\u00e9es en bout pour la r\u00e9alisation d&#039;une terrasse ext\u00e9rieur en bois.\" \/>\n<meta name=\"robots\" content=\"noindex, follow\" \/>\n<meta property=\"og:locale\" content=\"fr_FR\" \/>\n<meta property=\"og:type\" content=\"article\" \/>\n<meta property=\"og:title\" content=\"Lame de terrasse ch\u00eane\" \/>\n<meta property=\"og:description\" content=\"Les lames de terrasse ch\u00eane sont de longueurs variables, rainur\u00e9es en bout pour la r\u00e9alisation d&#039;une terrasse ext\u00e9rieur en bois fran\u00e7ais.  Finition soign\u00e9e, profil petit boudin ou profil lisse.  Largeur 13cm et \u00e9paisseur 22mm, 7.7ml au m\u00b2  Consulter la fiche description ci-dessous pour connaitre les besoins en accessoires et les outils pratiques ! Lame de terrasse massive en ch\u00eane, longueur variable, rainur\u00e9es en bout pour la r\u00e9alisation d&#039;une terrasse ext\u00e9rieur en bois.\" \/>\n<meta property=\"og:url\" content=\"https:\/\/nature-et-developpement.com\/logisain-78\/produit\/lame-de-terrasse-chene-massif\/\" \/>\n<meta property=\"og:site_name\" content=\"LOGISAIN 78 \u2013 Magasin de mat\u00e9riaux biosourc\u00e9s\" \/>\n<meta property=\"article:modified_time\" content=\"2025-06-12T14:58:55+00:00\" \/>\n<meta property=\"og:image\" content=\"https:\/\/nature-et-developpement.com\/logisain-78\/wp-content\/uploads\/sites\/5\/2024\/07\/photo-terrasse-chene-78-scaled.jpg\" \/>\n\t<meta property=\"og:image:width\" content=\"1920\" \/>\n\t<meta property=\"og:image:height\" content=\"2560\" \/>\n\t<meta property=\"og:image:type\" content=\"image\/jpeg\" \/>\n<meta name=\"twitter:card\" content=\"summary_large_image\" \/>\n<meta name=\"twitter:label1\" content=\"Dur\u00e9e de lecture estim\u00e9e\" \/>\n\t<meta name=\"twitter:data1\" content=\"2 minutes\" \/>\n<script type=\"application\/ld+json\" class=\"yoast-schema-graph\">{\"@context\":\"https:\\\/\\\/schema.org\",\"@graph\":[{\"@type\":\"WebPage\",\"@id\":\"https:\\\/\\\/nature-et-developpement.com\\\/logisain-78\\\/produit\\\/lame-de-terrasse-chene-massif\\\/\",\"url\":\"https:\\\/\\\/nature-et-developpement.com\\\/logisain-78\\\/produit\\\/lame-de-terrasse-chene-massif\\\/\",\"name\":\"Lame de terrasse ch\u00eane\",\"isPartOf\":{\"@id\":\"https:\\\/\\\/nature-et-developpement.com\\\/logisain-78\\\/#website\"},\"primaryImageOfPage\":{\"@id\":\"https:\\\/\\\/nature-et-developpement.com\\\/logisain-78\\\/produit\\\/lame-de-terrasse-chene-massif\\\/#primaryimage\"},\"image\":{\"@id\":\"https:\\\/\\\/nature-et-developpement.com\\\/logisain-78\\\/produit\\\/lame-de-terrasse-chene-massif\\\/#primaryimage\"},\"thumbnailUrl\":\"https:\\\/\\\/nature-et-developpement.com\\\/logisain-78\\\/wp-content\\\/uploads\\\/sites\\\/5\\\/2024\\\/07\\\/photo-terrasse-chene-78-scaled.jpg\",\"datePublished\":\"2024-07-03T07:30:49+00:00\",\"dateModified\":\"2025-06-12T14:58:55+00:00\",\"description\":\"Les lames de terrasse ch\u00eane sont de longueurs variables, rainur\u00e9es en bout pour la r\u00e9alisation d'une terrasse ext\u00e9rieur en bois fran\u00e7ais. Finition soign\u00e9e, profil petit boudin ou profil lisse. Largeur 13cm et \u00e9paisseur 22mm, 7.7ml au m\u00b2 Consulter la fiche description ci-dessous pour connaitre les besoins en accessoires et les outils pratiques ! Lame de terrasse massive en ch\u00eane, longueur variable, rainur\u00e9es en bout pour la r\u00e9alisation d'une terrasse ext\u00e9rieur en bois.\",\"breadcrumb\":{\"@id\":\"https:\\\/\\\/nature-et-developpement.com\\\/logisain-78\\\/produit\\\/lame-de-terrasse-chene-massif\\\/#breadcrumb\"},\"inLanguage\":\"fr-FR\",\"potentialAction\":[{\"@type\":\"ReadAction\",\"target\":[\"https:\\\/\\\/nature-et-developpement.com\\\/logisain-78\\\/produit\\\/lame-de-terrasse-chene-massif\\\/\"]}]},{\"@type\":\"ImageObject\",\"inLanguage\":\"fr-FR\",\"@id\":\"https:\\\/\\\/nature-et-developpement.com\\\/logisain-78\\\/produit\\\/lame-de-terrasse-chene-massif\\\/#primaryimage\",\"url\":\"https:\\\/\\\/nature-et-developpement.com\\\/logisain-78\\\/wp-content\\\/uploads\\\/sites\\\/5\\\/2024\\\/07\\\/photo-terrasse-chene-78-scaled.jpg\",\"contentUrl\":\"https:\\\/\\\/nature-et-developpement.com\\\/logisain-78\\\/wp-content\\\/uploads\\\/sites\\\/5\\\/2024\\\/07\\\/photo-terrasse-chene-78-scaled.jpg\",\"width\":1920,\"height\":2560},{\"@type\":\"BreadcrumbList\",\"@id\":\"https:\\\/\\\/nature-et-developpement.com\\\/logisain-78\\\/produit\\\/lame-de-terrasse-chene-massif\\\/#breadcrumb\",\"itemListElement\":[{\"@type\":\"ListItem\",\"position\":1,\"name\":\"Accueil\",\"item\":\"https:\\\/\\\/nature-et-developpement.com\\\/logisain-78\\\/\"},{\"@type\":\"ListItem\",\"position\":2,\"name\":\"Produits\",\"item\":\"https:\\\/\\\/nature-et-developpement.com\\\/logisain-78\\\/shop\\\/\"},{\"@type\":\"ListItem\",\"position\":3,\"name\":\"Demande de devis uniquement SANS PRIX\",\"item\":\"https:\\\/\\\/nature-et-developpement.com\\\/logisain-78\\\/produits\\\/demande-de-devis-uniquement-sans-prix\\\/\"},{\"@type\":\"ListItem\",\"position\":4,\"name\":\"Lame de terrasse ch\u00eane\"}]},{\"@type\":\"WebSite\",\"@id\":\"https:\\\/\\\/nature-et-developpement.com\\\/logisain-78\\\/#website\",\"url\":\"https:\\\/\\\/nature-et-developpement.com\\\/logisain-78\\\/\",\"name\":\"LOGISAIN 78 \u2013 Magasin de mat\u00e9riaux biosourc\u00e9s\",\"description\":\"Logisain 78 est membre du groupement Nature &amp; D\u00e9veloppement\",\"publisher\":{\"@id\":\"https:\\\/\\\/nature-et-developpement.com\\\/logisain-78\\\/#organization\"},\"potentialAction\":[{\"@type\":\"SearchAction\",\"target\":{\"@type\":\"EntryPoint\",\"urlTemplate\":\"https:\\\/\\\/nature-et-developpement.com\\\/logisain-78\\\/?s={search_term_string}\"},\"query-input\":{\"@type\":\"PropertyValueSpecification\",\"valueRequired\":true,\"valueName\":\"search_term_string\"}}],\"inLanguage\":\"fr-FR\"},{\"@type\":\"Organization\",\"@id\":\"https:\\\/\\\/nature-et-developpement.com\\\/logisain-78\\\/#organization\",\"name\":\"Logisain 78\",\"url\":\"https:\\\/\\\/nature-et-developpement.com\\\/logisain-78\\\/\",\"logo\":{\"@type\":\"ImageObject\",\"inLanguage\":\"fr-FR\",\"@id\":\"https:\\\/\\\/nature-et-developpement.com\\\/logisain-78\\\/#\\\/schema\\\/logo\\\/image\\\/\",\"url\":\"https:\\\/\\\/nature-et-developpement.com\\\/logisain-78\\\/wp-content\\\/uploads\\\/sites\\\/5\\\/2021\\\/08\\\/logo-logisain.jpg\",\"contentUrl\":\"https:\\\/\\\/nature-et-developpement.com\\\/logisain-78\\\/wp-content\\\/uploads\\\/sites\\\/5\\\/2021\\\/08\\\/logo-logisain.jpg\",\"width\":672,\"height\":455,\"caption\":\"Logisain 78\"},\"image\":{\"@id\":\"https:\\\/\\\/nature-et-developpement.com\\\/logisain-78\\\/#\\\/schema\\\/logo\\\/image\\\/\"}}]}<\/script>\n<!-- \/ Yoast SEO plugin. -->","yoast_head_json":{"title":"Lame de terrasse ch\u00eane","description":"Les lames de terrasse ch\u00eane sont de longueurs variables, rainur\u00e9es en bout pour la r\u00e9alisation d'une terrasse ext\u00e9rieur en bois fran\u00e7ais.  Finition soign\u00e9e, profil petit boudin ou profil lisse.  Largeur 13cm et \u00e9paisseur 22mm, 7.7ml au m\u00b2  Consulter la fiche description ci-dessous pour connaitre les besoins en accessoires et les outils pratiques ! Lame de terrasse massive en ch\u00eane, longueur variable, rainur\u00e9es en bout pour la r\u00e9alisation d'une terrasse ext\u00e9rieur en bois.","robots":{"index":"noindex","follow":"follow"},"og_locale":"fr_FR","og_type":"article","og_title":"Lame de terrasse ch\u00eane","og_description":"Les lames de terrasse ch\u00eane sont de longueurs variables, rainur\u00e9es en bout pour la r\u00e9alisation d'une terrasse ext\u00e9rieur en bois fran\u00e7ais.  Finition soign\u00e9e, profil petit boudin ou profil lisse.  Largeur 13cm et \u00e9paisseur 22mm, 7.7ml au m\u00b2  Consulter la fiche description ci-dessous pour connaitre les besoins en accessoires et les outils pratiques ! Lame de terrasse massive en ch\u00eane, longueur variable, rainur\u00e9es en bout pour la r\u00e9alisation d'une terrasse ext\u00e9rieur en bois.","og_url":"https:\/\/nature-et-developpement.com\/logisain-78\/produit\/lame-de-terrasse-chene-massif\/","og_site_name":"LOGISAIN 78 \u2013 Magasin de mat\u00e9riaux biosourc\u00e9s","article_modified_time":"2025-06-12T14:58:55+00:00","og_image":[{"width":1920,"height":2560,"url":"https:\/\/nature-et-developpement.com\/logisain-78\/wp-content\/uploads\/sites\/5\/2024\/07\/photo-terrasse-chene-78-scaled.jpg","type":"image\/jpeg"}],"twitter_card":"summary_large_image","twitter_misc":{"Dur\u00e9e de lecture estim\u00e9e":"2 minutes"},"schema":{"@context":"https:\/\/schema.org","@graph":[{"@type":"WebPage","@id":"https:\/\/nature-et-developpement.com\/logisain-78\/produit\/lame-de-terrasse-chene-massif\/","url":"https:\/\/nature-et-developpement.com\/logisain-78\/produit\/lame-de-terrasse-chene-massif\/","name":"Lame de terrasse ch\u00eane","isPartOf":{"@id":"https:\/\/nature-et-developpement.com\/logisain-78\/#website"},"primaryImageOfPage":{"@id":"https:\/\/nature-et-developpement.com\/logisain-78\/produit\/lame-de-terrasse-chene-massif\/#primaryimage"},"image":{"@id":"https:\/\/nature-et-developpement.com\/logisain-78\/produit\/lame-de-terrasse-chene-massif\/#primaryimage"},"thumbnailUrl":"https:\/\/nature-et-developpement.com\/logisain-78\/wp-content\/uploads\/sites\/5\/2024\/07\/photo-terrasse-chene-78-scaled.jpg","datePublished":"2024-07-03T07:30:49+00:00","dateModified":"2025-06-12T14:58:55+00:00","description":"Les lames de terrasse ch\u00eane sont de longueurs variables, rainur\u00e9es en bout pour la r\u00e9alisation d'une terrasse ext\u00e9rieur en bois fran\u00e7ais. Finition soign\u00e9e, profil petit boudin ou profil lisse. Largeur 13cm et \u00e9paisseur 22mm, 7.7ml au m\u00b2 Consulter la fiche description ci-dessous pour connaitre les besoins en accessoires et les outils pratiques ! Lame de terrasse massive en ch\u00eane, longueur variable, rainur\u00e9es en bout pour la r\u00e9alisation d'une terrasse ext\u00e9rieur en bois.","breadcrumb":{"@id":"https:\/\/nature-et-developpement.com\/logisain-78\/produit\/lame-de-terrasse-chene-massif\/#breadcrumb"},"inLanguage":"fr-FR","potentialAction":[{"@type":"ReadAction","target":["https:\/\/nature-et-developpement.com\/logisain-78\/produit\/lame-de-terrasse-chene-massif\/"]}]},{"@type":"ImageObject","inLanguage":"fr-FR","@id":"https:\/\/nature-et-developpement.com\/logisain-78\/produit\/lame-de-terrasse-chene-massif\/#primaryimage","url":"https:\/\/nature-et-developpement.com\/logisain-78\/wp-content\/uploads\/sites\/5\/2024\/07\/photo-terrasse-chene-78-scaled.jpg","contentUrl":"https:\/\/nature-et-developpement.com\/logisain-78\/wp-content\/uploads\/sites\/5\/2024\/07\/photo-terrasse-chene-78-scaled.jpg","width":1920,"height":2560},{"@type":"BreadcrumbList","@id":"https:\/\/nature-et-developpement.com\/logisain-78\/produit\/lame-de-terrasse-chene-massif\/#breadcrumb","itemListElement":[{"@type":"ListItem","position":1,"name":"Accueil","item":"https:\/\/nature-et-developpement.com\/logisain-78\/"},{"@type":"ListItem","position":2,"name":"Produits","item":"https:\/\/nature-et-developpement.com\/logisain-78\/shop\/"},{"@type":"ListItem","position":3,"name":"Demande de devis uniquement SANS PRIX","item":"https:\/\/nature-et-developpement.com\/logisain-78\/produits\/demande-de-devis-uniquement-sans-prix\/"},{"@type":"ListItem","position":4,"name":"Lame de terrasse ch\u00eane"}]},{"@type":"WebSite","@id":"https:\/\/nature-et-developpement.com\/logisain-78\/#website","url":"https:\/\/nature-et-developpement.com\/logisain-78\/","name":"LOGISAIN 78 \u2013 Magasin de mat\u00e9riaux biosourc\u00e9s","description":"Logisain 78 est membre du groupement Nature &amp; D\u00e9veloppement","publisher":{"@id":"https:\/\/nature-et-developpement.com\/logisain-78\/#organization"},"potentialAction":[{"@type":"SearchAction","target":{"@type":"EntryPoint","urlTemplate":"https:\/\/nature-et-developpement.com\/logisain-78\/?s={search_term_string}"},"query-input":{"@type":"PropertyValueSpecification","valueRequired":true,"valueName":"search_term_string"}}],"inLanguage":"fr-FR"},{"@type":"Organization","@id":"https:\/\/nature-et-developpement.com\/logisain-78\/#organization","name":"Logisain 78","url":"https:\/\/nature-et-developpement.com\/logisain-78\/","logo":{"@type":"ImageObject","inLanguage":"fr-FR","@id":"https:\/\/nature-et-developpement.com\/logisain-78\/#\/schema\/logo\/image\/","url":"https:\/\/nature-et-developpement.com\/logisain-78\/wp-content\/uploads\/sites\/5\/2021\/08\/logo-logisain.jpg","contentUrl":"https:\/\/nature-et-developpement.com\/logisain-78\/wp-content\/uploads\/sites\/5\/2021\/08\/logo-logisain.jpg","width":672,"height":455,"caption":"Logisain 78"},"image":{"@id":"https:\/\/nature-et-developpement.com\/logisain-78\/#\/schema\/logo\/image\/"}}]}},"distributor_meta":false,"distributor_terms":false,"distributor_media":false,"distributor_original_site_name":"LOGISAIN 78 \u2013 Magasin de mat\u00e9riaux biosourc\u00e9s","distributor_original_site_url":"https:\/\/nature-et-developpement.com\/logisain-78","push-errors":false,"_links":{"self":[{"href":"https:\/\/nature-et-developpement.com\/logisain-78\/wp-json\/wp\/v2\/product\/36613","targetHints":{"allow":["GET"]}}],"collection":[{"href":"https:\/\/nature-et-developpement.com\/logisain-78\/wp-json\/wp\/v2\/product"}],"about":[{"href":"https:\/\/nature-et-developpement.com\/logisain-78\/wp-json\/wp\/v2\/types\/product"}],"wp:featuredmedia":[{"embeddable":true,"href":"https:\/\/nature-et-developpement.com\/logisain-78\/wp-json\/wp\/v2\/media\/36617"}],"wp:attachment":[{"href":"https:\/\/nature-et-developpement.com\/logisain-78\/wp-json\/wp\/v2\/media?parent=36613"}],"wp:term":[{"taxonomy":"product_brand","embeddable":true,"href":"https:\/\/nature-et-developpement.com\/logisain-78\/wp-json\/wp\/v2\/product_brand?post=36613"},{"taxonomy":"product_cat","embeddable":true,"href":"https:\/\/nature-et-developpement.com\/logisain-78\/wp-json\/wp\/v2\/product_cat?post=36613"},{"taxonomy":"product_tag","embeddable":true,"href":"https:\/\/nature-et-developpement.com\/logisain-78\/wp-json\/wp\/v2\/product_tag?post=36613"}],"curies":[{"name":"wp","href":"https:\/\/api.w.org\/{rel}","templated":true}]}}