{"id":36956,"date":"2024-01-09T17:27:29","date_gmt":"2024-01-09T16:27:29","guid":{"rendered":"https:\/\/nature-et-developpement.com\/logisain-78\/produit\/peinture-avec-capteur-formaldehydepeinture-vegetale-avec-capteurs-de-formaldehydes-lessivable-teinte-pastel-velours-naturas-ecologique-lessivable-teinte-pastel-velours-natura\/"},"modified":"2025-06-12T16:58:57","modified_gmt":"2025-06-12T14:58:57","slug":"peinture-avec-capteur-formaldehydepeinture-vegetale-avec-capteurs-de-formaldehydes-lessivable-teinte-pastel-velours-naturas-ecologique-lessivable-teinte-pastel-velours-natura","status":"publish","type":"product","link":"https:\/\/nature-et-developpement.com\/logisain-78\/produit\/peinture-avec-capteur-formaldehydepeinture-vegetale-avec-capteurs-de-formaldehydes-lessivable-teinte-pastel-velours-naturas-ecologique-lessivable-teinte-pastel-velours-natura\/","title":{"rendered":"Peinture v\u00e9g\u00e9tale avec capteurs de formald\u00e9hydes lessivable Teinte pastel Velours NATURA"},"content":{"rendered":"<h2>Peindre en couleur et avec capteurs de formald\u00e9hydes&#8230;<\/h2>\n<p>Gr\u00e2ce \u00e0 cette peinture avec capteurs de formald\u00e9hydes, pr\u00e9sents dans les colles, les tissus d&rsquo;ameublement, le mobilier bois, les rev\u00eatements de sol, les chauffages d&rsquo;appoint, le tabac etc&#8230;, vous r\u00e9duirez la pollution de votre air int\u00e9rieur.<\/p>\n<p>Une finition pastel d&rsquo;aspect velours destin\u00e9e aux murs int\u00e9rieurs, aux pi\u00e8ces humides et s\u00e8ches, boiseries et meubles.<\/p>\n<p>\u00c0 base de liant v\u00e9g\u00e9tal naturel non transform\u00e9 en \u00e9mulsion et faible part (&lt;17 %) d&rsquo;ingr\u00e9dients synth\u00e9tiques sans nocivit\u00e9 dont le r\u00f4le est d&rsquo;acc\u00e9l\u00e9rer le s\u00e9chage et la mont\u00e9e en duret\u00e9.<\/p>\n<h3>Quelles sont les sources d\u2019\u00e9mission de formald\u00e9hydes<\/h3>\n<p>Le formald\u00e9hyde, \u00e9mis au cours de nombreux processus naturels, est omnipr\u00e9sent dans l\u2019environnement et dans l&rsquo;air int\u00e9rieur de votre habitat. Il est aussi synth\u00e9tis\u00e9 pour diverses applications industrielles ou m\u00e9dicales.<\/p>\n<p>Cette peinture NATURA velours int\u00e9rieur est \u00e0 plus de 83% issue de mati\u00e8res premi\u00e8res naturelles ou d&rsquo;origine naturelle.<\/p>\n<p>Beau velours &#8211; Excellent couvrant et garnissant &#8211; Lessivable<br \/>\nMonocouche sur support homog\u00e8ne imprim\u00e9.<\/p>\n<p><b>Supports : <\/b><br \/>\nTous les supports classiques du b\u00e2timent d\u00fbment imprim\u00e9s.<br \/>\nSur pl\u00e2tre, placopl\u00e2tre, Fermacell ou \u00e9quivalent, papier \u00e0 peindre, toile de verre, enduits min\u00e9raux, bois, anciennes peintures adh\u00e9rentes.<\/p>\n<p><strong>Consommation :<\/strong> 12 \u00e0 14m\u00b2\/L par couche<\/p>\n<h3><b>Pr\u00e9paration<\/b> :<\/h3>\n<p>&#8211; Lessivage, d\u00e9poussi\u00e9rage, pon\u00e7age des bois au grain irr\u00e9gulier Supports recommand\u00e9s en int\u00e9rieur : Matage des anciennes peintures par l\u00e9ger pon\u00e7age de surface.<\/p>\n<p>&#8211; Les surfaces \u00e0 peindre doivent \u00eatre propres, saines et s\u00e8ches.<\/p>\n<p>&#8211; Les anciennes peintures non adh\u00e9rentes doivent \u00eatre \u00e9limin\u00e9es.<\/p>\n<p>&#8211; Supports non peints: d\u00e9poussi\u00e9rer \u00e0 l&rsquo;\u00e9ponge humide, laisser s\u00e9cher et appliquer imp\u00e9rativement une couche de TASSILI PRIMAIRE.<\/p>\n<p>&#8211; Anciennes peintures: lessiver et rincer le support, laisser s\u00e9cher, \u00e9ventuellement poncer l\u00e9g\u00e8rement de celles qui sont brillantes ou satin\u00e9es puis une couche de TASSILI PRIMAIRE (conseill\u00e9)<\/p>\n<p><b>Application <\/b>:<br \/>\n&#8211; Brosse<br \/>\n&#8211; Rouleau microfibre<br \/>\n&#8211; Airless, station de peinture<\/p>\n<h4><b>Mise en\u00a0\u0153uvre<\/b> :<\/h4>\n<p>&#8211; M\u00e9langer le produit avec soin et un outil adapt\u00e9. Pensez \u00e0 prot\u00e9ger ce qui ne doit \u00eatre peint.<\/p>\n<p>&#8211; Appliquer \u00e0 temp\u00e9rature ambiante de 12 \u00e0 30\u00b0C apr\u00e8s homog\u00e9n\u00e9isation du produit.<\/p>\n<p>&#8211; Commencer par un angle sup\u00e9rieur au rouleau laqueur 4mm ou microfibre 6mm.<\/p>\n<p>&#8211; Appliquer verticalement par bande de 50 \u00e0 60 cm\u00a0<b>sans croiser.<\/b><\/p>\n<p>&#8211; Rechampir au pinceau au fur et \u00e0 mesure du travail.<\/p>\n<p>&#8211; Unir au rouleau rechampis et zones peintes en s&rsquo;accrochant au plus pr\u00e8s des angles.<\/p>\n<p>&#8211; Une fois en bas de mur, terminer en lissant de bas en haut, sans pression et d&rsquo;un seul geste, sans recharger le rouleau.<\/p>\n<p>&#8211; Progresser ainsi jusqu&rsquo;au bout du pan de mur qu&rsquo;il faut toujours terminer quand on l&rsquo;a commenc\u00e9 (risque de trace de reprise)conditions.<\/p>\n<p>Ne jamais appliquer sur support humide ou surchauff\u00e9<\/p>\n<p><strong>Dilution :<\/strong><br \/>\nBrosse : maximum 5%<br \/>\nRouleau microfibre 10\/12 mm : maximum 5%<br \/>\nPistolet pneumatique : 10 \u00e0 20 %<br \/>\nAirless, station peinture : 5 \u00e0 10 %<\/p>\n<p><strong>S\u00e9chage :<\/strong><br \/>\n-Hors poussi\u00e8re : 30mn<br \/>\n&#8211; Sec au toucher : 1h<br \/>\n&#8211; Recouvrable : 6h \u00e0 8h<br \/>\nLessivable apr\u00e8s 10 jours de s\u00e9chage \u00e0 20\u00b0C<\/p>\n<p><strong>Composition :<\/strong><br \/>\nIngr\u00e9dients naturels ou d&rsquo;origine naturelle : huiles de tournesol, ricin et chanvre, r\u00e9sinate de zinc, d\u00e9riv\u00e9s cellulosiques, eau Ingr\u00e9dients min\u00e9raux transform\u00e9s : dioxyde de titane sans nano<br \/>\nparticules, carbonate de calcium, talc Ingr\u00e9dients synth\u00e9tiques : r\u00e9sine synth\u00e9tique, conservateurs, additifs divers.<\/p>\n","protected":false},"excerpt":{"rendered":"<p><strong><a class=\"btn btn-default\" href=\"https:\/\/nature-et-developpement.com\/wp-content\/uploads\/cms\/KEIM\/Spektrum_KEIM.pdf\" target=\"_blank\" rel=\"noopener\"><img loading=\"lazy\" decoding=\"async\" class=\"alignleft wp-image-108482\" src=\"https:\/\/nature-et-developpement.com\/wp-content\/uploads\/cms\/NATURA\/COULEURS_2020-450x450.jpg\" alt=\"\" width=\"30\" height=\"30\" \/><\/a><a href=\"https:\/\/nature-et-developpement.com\/wp-content\/uploads\/Nuancier_NATURA_2021_ND.pdf\" target=\"_blank\" rel=\"noopener\">Choisissez votre couleur<\/a><\/strong><br \/>\n<a href=\"https:\/\/nature-et-developpement.com\/wp-content\/uploads\/CLASSIFICATION%20TEINTES%20NATURA.pdf\" target=\"_blank\" rel=\"noopener\"><strong>Retrouvez votre classe de prix<\/strong><\/a><\/p>\n<p>Vous r\u00e9duirez la pollution de votre air int\u00e9rieur gr\u00e2ce \u00e0 cette peinture teinte pastel avec capteurs de formald\u00e9hydes, une finition d&rsquo;aspect velours pour murs int\u00e9rieurs de salle de bain, cuisine, chambre mais aussi boiseries et meubles.<\/p>\n","protected":false},"featured_media":1000000169263,"template":"","meta":[],"product_brand":[2855],"product_cat":[108],"product_tag":[4058],"class_list":{"0":"post-36956","1":"product","2":"type-product","3":"status-publish","4":"has-post-thumbnail","6":"product_brand-natura","7":"product_cat-peinture-ecologique","8":"product_tag-peinture","9":"product_shipping_class-peintures-accessoires-peintures","11":"first","12":"instock","13":"taxable","14":"shipping-taxable","15":"purchasable","16":"product-type-variable"},"yoast_head":"<!-- This site is optimized with the Yoast SEO plugin v27.5 - https:\/\/yoast.com\/product\/yoast-seo-wordpress\/ -->\n<title>Peinture avec capteurs formald\u00e9hydes lessivable pastel Velours<\/title>\n<meta name=\"description\" content=\"D\u00e9polluez votre air int\u00e9rieur gr\u00e2ce \u00e0 ces capteurs de formald\u00e9hydes, finition velours, pour murs int\u00e9rieurs, pi\u00e8ces humides et s\u00e8ches, boiseries et meubles.\" \/>\n<meta name=\"robots\" content=\"noindex, follow\" \/>\n<meta property=\"og:locale\" content=\"fr_FR\" \/>\n<meta property=\"og:type\" content=\"article\" \/>\n<meta property=\"og:title\" content=\"Peinture avec capteurs formald\u00e9hydes lessivable pastel Velours\" \/>\n<meta property=\"og:description\" content=\"D\u00e9polluez votre air int\u00e9rieur gr\u00e2ce \u00e0 ces capteurs de formald\u00e9hydes, finition velours, pour murs int\u00e9rieurs, pi\u00e8ces humides et s\u00e8ches, boiseries et meubles.\" \/>\n<meta property=\"og:url\" content=\"https:\/\/nature-et-developpement.com\/logisain-78\/produit\/peinture-avec-capteur-formaldehydepeinture-vegetale-avec-capteurs-de-formaldehydes-lessivable-teinte-pastel-velours-naturas-ecologique-lessivable-teinte-pastel-velours-natura\/\" \/>\n<meta property=\"og:site_name\" content=\"LOGISAIN 78 \u2013 Magasin de mat\u00e9riaux biosourc\u00e9s\" \/>\n<meta property=\"article:modified_time\" content=\"2025-06-12T14:58:57+00:00\" \/>\n<meta name=\"twitter:card\" content=\"summary_large_image\" \/>\n<meta name=\"twitter:label1\" content=\"Dur\u00e9e de lecture estim\u00e9e\" \/>\n\t<meta name=\"twitter:data1\" content=\"3 minutes\" \/>\n<script type=\"application\/ld+json\" class=\"yoast-schema-graph\">{\"@context\":\"https:\\\/\\\/schema.org\",\"@graph\":[{\"@type\":\"WebPage\",\"@id\":\"https:\\\/\\\/nature-et-developpement.com\\\/logisain-78\\\/produit\\\/peinture-avec-capteur-formaldehydepeinture-vegetale-avec-capteurs-de-formaldehydes-lessivable-teinte-pastel-velours-naturas-ecologique-lessivable-teinte-pastel-velours-natura\\\/\",\"url\":\"https:\\\/\\\/nature-et-developpement.com\\\/logisain-78\\\/produit\\\/peinture-avec-capteur-formaldehydepeinture-vegetale-avec-capteurs-de-formaldehydes-lessivable-teinte-pastel-velours-naturas-ecologique-lessivable-teinte-pastel-velours-natura\\\/\",\"name\":\"Peinture avec capteurs formald\u00e9hydes lessivable pastel Velours\",\"isPartOf\":{\"@id\":\"https:\\\/\\\/nature-et-developpement.com\\\/logisain-78\\\/#website\"},\"primaryImageOfPage\":{\"@id\":\"https:\\\/\\\/nature-et-developpement.com\\\/logisain-78\\\/produit\\\/peinture-avec-capteur-formaldehydepeinture-vegetale-avec-capteurs-de-formaldehydes-lessivable-teinte-pastel-velours-naturas-ecologique-lessivable-teinte-pastel-velours-natura\\\/#primaryimage\"},\"image\":{\"@id\":\"https:\\\/\\\/nature-et-developpement.com\\\/logisain-78\\\/produit\\\/peinture-avec-capteur-formaldehydepeinture-vegetale-avec-capteurs-de-formaldehydes-lessivable-teinte-pastel-velours-naturas-ecologique-lessivable-teinte-pastel-velours-natura\\\/#primaryimage\"},\"thumbnailUrl\":\"https:\\\/\\\/nature-et-developpement.com\\\/logisain-78\\\/wp-content\\\/uploads\\\/Peinture-depolluante-ecologique-lessivable-Teinte-pastel-Velours-NATURA-2-5L.jpg\",\"datePublished\":\"2024-01-09T16:27:29+00:00\",\"dateModified\":\"2025-06-12T14:58:57+00:00\",\"description\":\"D\u00e9polluez votre air int\u00e9rieur gr\u00e2ce \u00e0 ces capteurs de formald\u00e9hydes, finition velours, pour murs int\u00e9rieurs, pi\u00e8ces humides et s\u00e8ches, boiseries et meubles.\",\"breadcrumb\":{\"@id\":\"https:\\\/\\\/nature-et-developpement.com\\\/logisain-78\\\/produit\\\/peinture-avec-capteur-formaldehydepeinture-vegetale-avec-capteurs-de-formaldehydes-lessivable-teinte-pastel-velours-naturas-ecologique-lessivable-teinte-pastel-velours-natura\\\/#breadcrumb\"},\"inLanguage\":\"fr-FR\",\"potentialAction\":[{\"@type\":\"ReadAction\",\"target\":[\"https:\\\/\\\/nature-et-developpement.com\\\/logisain-78\\\/produit\\\/peinture-avec-capteur-formaldehydepeinture-vegetale-avec-capteurs-de-formaldehydes-lessivable-teinte-pastel-velours-naturas-ecologique-lessivable-teinte-pastel-velours-natura\\\/\"]}]},{\"@type\":\"ImageObject\",\"inLanguage\":\"fr-FR\",\"@id\":\"https:\\\/\\\/nature-et-developpement.com\\\/logisain-78\\\/produit\\\/peinture-avec-capteur-formaldehydepeinture-vegetale-avec-capteurs-de-formaldehydes-lessivable-teinte-pastel-velours-naturas-ecologique-lessivable-teinte-pastel-velours-natura\\\/#primaryimage\",\"url\":\"https:\\\/\\\/nature-et-developpement.com\\\/logisain-78\\\/wp-content\\\/uploads\\\/Peinture-depolluante-ecologique-lessivable-Teinte-pastel-Velours-NATURA-2-5L.jpg\",\"contentUrl\":\"https:\\\/\\\/nature-et-developpement.com\\\/logisain-78\\\/wp-content\\\/uploads\\\/Peinture-depolluante-ecologique-lessivable-Teinte-pastel-Velours-NATURA-2-5L.jpg\"},{\"@type\":\"BreadcrumbList\",\"@id\":\"https:\\\/\\\/nature-et-developpement.com\\\/logisain-78\\\/produit\\\/peinture-avec-capteur-formaldehydepeinture-vegetale-avec-capteurs-de-formaldehydes-lessivable-teinte-pastel-velours-naturas-ecologique-lessivable-teinte-pastel-velours-natura\\\/#breadcrumb\",\"itemListElement\":[{\"@type\":\"ListItem\",\"position\":1,\"name\":\"Accueil\",\"item\":\"https:\\\/\\\/nature-et-developpement.com\\\/logisain-78\\\/\"},{\"@type\":\"ListItem\",\"position\":2,\"name\":\"Produits\",\"item\":\"https:\\\/\\\/nature-et-developpement.com\\\/logisain-78\\\/shop\\\/\"},{\"@type\":\"ListItem\",\"position\":3,\"name\":\"Peinture, pigment et enduit\",\"item\":\"https:\\\/\\\/nature-et-developpement.com\\\/logisain-78\\\/produits\\\/peinture-et-enduit\\\/\"},{\"@type\":\"ListItem\",\"position\":4,\"name\":\"Peintures\",\"item\":\"https:\\\/\\\/nature-et-developpement.com\\\/logisain-78\\\/produits\\\/peinture-et-enduit\\\/peinture-ecologique\\\/\"},{\"@type\":\"ListItem\",\"position\":5,\"name\":\"Peinture v\u00e9g\u00e9tale avec capteurs de formald\u00e9hydes lessivable Teinte pastel Velours NATURA\"}]},{\"@type\":\"WebSite\",\"@id\":\"https:\\\/\\\/nature-et-developpement.com\\\/logisain-78\\\/#website\",\"url\":\"https:\\\/\\\/nature-et-developpement.com\\\/logisain-78\\\/\",\"name\":\"LOGISAIN 78 \u2013 Magasin de mat\u00e9riaux biosourc\u00e9s\",\"description\":\"Logisain 78 est membre du groupement Nature &amp; D\u00e9veloppement\",\"publisher\":{\"@id\":\"https:\\\/\\\/nature-et-developpement.com\\\/logisain-78\\\/#organization\"},\"potentialAction\":[{\"@type\":\"SearchAction\",\"target\":{\"@type\":\"EntryPoint\",\"urlTemplate\":\"https:\\\/\\\/nature-et-developpement.com\\\/logisain-78\\\/?s={search_term_string}\"},\"query-input\":{\"@type\":\"PropertyValueSpecification\",\"valueRequired\":true,\"valueName\":\"search_term_string\"}}],\"inLanguage\":\"fr-FR\"},{\"@type\":\"Organization\",\"@id\":\"https:\\\/\\\/nature-et-developpement.com\\\/logisain-78\\\/#organization\",\"name\":\"Logisain 78\",\"url\":\"https:\\\/\\\/nature-et-developpement.com\\\/logisain-78\\\/\",\"logo\":{\"@type\":\"ImageObject\",\"inLanguage\":\"fr-FR\",\"@id\":\"https:\\\/\\\/nature-et-developpement.com\\\/logisain-78\\\/#\\\/schema\\\/logo\\\/image\\\/\",\"url\":\"https:\\\/\\\/nature-et-developpement.com\\\/logisain-78\\\/wp-content\\\/uploads\\\/sites\\\/5\\\/2021\\\/08\\\/logo-logisain.jpg\",\"contentUrl\":\"https:\\\/\\\/nature-et-developpement.com\\\/logisain-78\\\/wp-content\\\/uploads\\\/sites\\\/5\\\/2021\\\/08\\\/logo-logisain.jpg\",\"width\":672,\"height\":455,\"caption\":\"Logisain 78\"},\"image\":{\"@id\":\"https:\\\/\\\/nature-et-developpement.com\\\/logisain-78\\\/#\\\/schema\\\/logo\\\/image\\\/\"}}]}<\/script>\n<!-- \/ Yoast SEO plugin. -->","yoast_head_json":{"title":"Peinture avec capteurs formald\u00e9hydes lessivable pastel Velours","description":"D\u00e9polluez votre air int\u00e9rieur gr\u00e2ce \u00e0 ces capteurs de formald\u00e9hydes, finition velours, pour murs int\u00e9rieurs, pi\u00e8ces humides et s\u00e8ches, boiseries et meubles.","robots":{"index":"noindex","follow":"follow"},"og_locale":"fr_FR","og_type":"article","og_title":"Peinture avec capteurs formald\u00e9hydes lessivable pastel Velours","og_description":"D\u00e9polluez votre air int\u00e9rieur gr\u00e2ce \u00e0 ces capteurs de formald\u00e9hydes, finition velours, pour murs int\u00e9rieurs, pi\u00e8ces humides et s\u00e8ches, boiseries et meubles.","og_url":"https:\/\/nature-et-developpement.com\/logisain-78\/produit\/peinture-avec-capteur-formaldehydepeinture-vegetale-avec-capteurs-de-formaldehydes-lessivable-teinte-pastel-velours-naturas-ecologique-lessivable-teinte-pastel-velours-natura\/","og_site_name":"LOGISAIN 78 \u2013 Magasin de mat\u00e9riaux biosourc\u00e9s","article_modified_time":"2025-06-12T14:58:57+00:00","twitter_card":"summary_large_image","twitter_misc":{"Dur\u00e9e de lecture estim\u00e9e":"3 minutes"},"schema":{"@context":"https:\/\/schema.org","@graph":[{"@type":"WebPage","@id":"https:\/\/nature-et-developpement.com\/logisain-78\/produit\/peinture-avec-capteur-formaldehydepeinture-vegetale-avec-capteurs-de-formaldehydes-lessivable-teinte-pastel-velours-naturas-ecologique-lessivable-teinte-pastel-velours-natura\/","url":"https:\/\/nature-et-developpement.com\/logisain-78\/produit\/peinture-avec-capteur-formaldehydepeinture-vegetale-avec-capteurs-de-formaldehydes-lessivable-teinte-pastel-velours-naturas-ecologique-lessivable-teinte-pastel-velours-natura\/","name":"Peinture avec capteurs formald\u00e9hydes lessivable pastel Velours","isPartOf":{"@id":"https:\/\/nature-et-developpement.com\/logisain-78\/#website"},"primaryImageOfPage":{"@id":"https:\/\/nature-et-developpement.com\/logisain-78\/produit\/peinture-avec-capteur-formaldehydepeinture-vegetale-avec-capteurs-de-formaldehydes-lessivable-teinte-pastel-velours-naturas-ecologique-lessivable-teinte-pastel-velours-natura\/#primaryimage"},"image":{"@id":"https:\/\/nature-et-developpement.com\/logisain-78\/produit\/peinture-avec-capteur-formaldehydepeinture-vegetale-avec-capteurs-de-formaldehydes-lessivable-teinte-pastel-velours-naturas-ecologique-lessivable-teinte-pastel-velours-natura\/#primaryimage"},"thumbnailUrl":"https:\/\/nature-et-developpement.com\/logisain-78\/wp-content\/uploads\/Peinture-depolluante-ecologique-lessivable-Teinte-pastel-Velours-NATURA-2-5L.jpg","datePublished":"2024-01-09T16:27:29+00:00","dateModified":"2025-06-12T14:58:57+00:00","description":"D\u00e9polluez votre air int\u00e9rieur gr\u00e2ce \u00e0 ces capteurs de formald\u00e9hydes, finition velours, pour murs int\u00e9rieurs, pi\u00e8ces humides et s\u00e8ches, boiseries et meubles.","breadcrumb":{"@id":"https:\/\/nature-et-developpement.com\/logisain-78\/produit\/peinture-avec-capteur-formaldehydepeinture-vegetale-avec-capteurs-de-formaldehydes-lessivable-teinte-pastel-velours-naturas-ecologique-lessivable-teinte-pastel-velours-natura\/#breadcrumb"},"inLanguage":"fr-FR","potentialAction":[{"@type":"ReadAction","target":["https:\/\/nature-et-developpement.com\/logisain-78\/produit\/peinture-avec-capteur-formaldehydepeinture-vegetale-avec-capteurs-de-formaldehydes-lessivable-teinte-pastel-velours-naturas-ecologique-lessivable-teinte-pastel-velours-natura\/"]}]},{"@type":"ImageObject","inLanguage":"fr-FR","@id":"https:\/\/nature-et-developpement.com\/logisain-78\/produit\/peinture-avec-capteur-formaldehydepeinture-vegetale-avec-capteurs-de-formaldehydes-lessivable-teinte-pastel-velours-naturas-ecologique-lessivable-teinte-pastel-velours-natura\/#primaryimage","url":"https:\/\/nature-et-developpement.com\/logisain-78\/wp-content\/uploads\/Peinture-depolluante-ecologique-lessivable-Teinte-pastel-Velours-NATURA-2-5L.jpg","contentUrl":"https:\/\/nature-et-developpement.com\/logisain-78\/wp-content\/uploads\/Peinture-depolluante-ecologique-lessivable-Teinte-pastel-Velours-NATURA-2-5L.jpg"},{"@type":"BreadcrumbList","@id":"https:\/\/nature-et-developpement.com\/logisain-78\/produit\/peinture-avec-capteur-formaldehydepeinture-vegetale-avec-capteurs-de-formaldehydes-lessivable-teinte-pastel-velours-naturas-ecologique-lessivable-teinte-pastel-velours-natura\/#breadcrumb","itemListElement":[{"@type":"ListItem","position":1,"name":"Accueil","item":"https:\/\/nature-et-developpement.com\/logisain-78\/"},{"@type":"ListItem","position":2,"name":"Produits","item":"https:\/\/nature-et-developpement.com\/logisain-78\/shop\/"},{"@type":"ListItem","position":3,"name":"Peinture, pigment et enduit","item":"https:\/\/nature-et-developpement.com\/logisain-78\/produits\/peinture-et-enduit\/"},{"@type":"ListItem","position":4,"name":"Peintures","item":"https:\/\/nature-et-developpement.com\/logisain-78\/produits\/peinture-et-enduit\/peinture-ecologique\/"},{"@type":"ListItem","position":5,"name":"Peinture v\u00e9g\u00e9tale avec capteurs de formald\u00e9hydes lessivable Teinte pastel Velours NATURA"}]},{"@type":"WebSite","@id":"https:\/\/nature-et-developpement.com\/logisain-78\/#website","url":"https:\/\/nature-et-developpement.com\/logisain-78\/","name":"LOGISAIN 78 \u2013 Magasin de mat\u00e9riaux biosourc\u00e9s","description":"Logisain 78 est membre du groupement Nature &amp; D\u00e9veloppement","publisher":{"@id":"https:\/\/nature-et-developpement.com\/logisain-78\/#organization"},"potentialAction":[{"@type":"SearchAction","target":{"@type":"EntryPoint","urlTemplate":"https:\/\/nature-et-developpement.com\/logisain-78\/?s={search_term_string}"},"query-input":{"@type":"PropertyValueSpecification","valueRequired":true,"valueName":"search_term_string"}}],"inLanguage":"fr-FR"},{"@type":"Organization","@id":"https:\/\/nature-et-developpement.com\/logisain-78\/#organization","name":"Logisain 78","url":"https:\/\/nature-et-developpement.com\/logisain-78\/","logo":{"@type":"ImageObject","inLanguage":"fr-FR","@id":"https:\/\/nature-et-developpement.com\/logisain-78\/#\/schema\/logo\/image\/","url":"https:\/\/nature-et-developpement.com\/logisain-78\/wp-content\/uploads\/sites\/5\/2021\/08\/logo-logisain.jpg","contentUrl":"https:\/\/nature-et-developpement.com\/logisain-78\/wp-content\/uploads\/sites\/5\/2021\/08\/logo-logisain.jpg","width":672,"height":455,"caption":"Logisain 78"},"image":{"@id":"https:\/\/nature-et-developpement.com\/logisain-78\/#\/schema\/logo\/image\/"}}]}},"distributor_meta":false,"distributor_terms":false,"distributor_media":false,"distributor_original_site_name":"LOGISAIN 78 \u2013 Magasin de mat\u00e9riaux biosourc\u00e9s","distributor_original_site_url":"https:\/\/nature-et-developpement.com\/logisain-78","push-errors":false,"_links":{"self":[{"href":"https:\/\/nature-et-developpement.com\/logisain-78\/wp-json\/wp\/v2\/product\/36956","targetHints":{"allow":["GET"]}}],"collection":[{"href":"https:\/\/nature-et-developpement.com\/logisain-78\/wp-json\/wp\/v2\/product"}],"about":[{"href":"https:\/\/nature-et-developpement.com\/logisain-78\/wp-json\/wp\/v2\/types\/product"}],"wp:featuredmedia":[{"embeddable":true,"href":"https:\/\/nature-et-developpement.com\/logisain-78\/wp-json\/"}],"wp:attachment":[{"href":"https:\/\/nature-et-developpement.com\/logisain-78\/wp-json\/wp\/v2\/media?parent=36956"}],"wp:term":[{"taxonomy":"product_brand","embeddable":true,"href":"https:\/\/nature-et-developpement.com\/logisain-78\/wp-json\/wp\/v2\/product_brand?post=36956"},{"taxonomy":"product_cat","embeddable":true,"href":"https:\/\/nature-et-developpement.com\/logisain-78\/wp-json\/wp\/v2\/product_cat?post=36956"},{"taxonomy":"product_tag","embeddable":true,"href":"https:\/\/nature-et-developpement.com\/logisain-78\/wp-json\/wp\/v2\/product_tag?post=36956"}],"curies":[{"name":"wp","href":"https:\/\/api.w.org\/{rel}","templated":true}]}}