{"id":375,"date":"2021-03-26T13:47:13","date_gmt":"2021-03-26T12:47:13","guid":{"rendered":"https:\/\/nature-et-developpement.com\/logisain78\/produit\/traverse-paysagere-en-chene\/"},"modified":"2025-02-26T15:29:58","modified_gmt":"2025-02-26T14:29:58","slug":"traverse-paysagere-en-chene","status":"publish","type":"product","link":"https:\/\/nature-et-developpement.com\/logisain-78\/produit\/traverse-paysagere-en-chene\/","title":{"rendered":"Traverse Paysag\u00e8re en Ch\u00eane"},"content":{"rendered":"<p>Traverse paysag\u00e8re en ch\u00eane Finition : Brute de sciage et non trait\u00e9e<\/p>\n<p>D\u00e9fauts accept\u00e9s : D\u00e9fauts d\u2019aspects, Gerces, Roulures, Fentes, N\u0153uds, Trous, Fl\u00e8ches de Rive, Fl\u00e8ches de face.<\/p>\n<p>Uniquement 2 arr\u00eates vives. Couleur : \u00e9volue au cours du temps, de tr\u00e8s clair \u00e0 gris tr\u00e8s fonc\u00e9 selon l&rsquo;action des UV sur les pigments du bois.<\/p>\n<p>Dimensions : section 10cm x 20cm, longueur : 2,00m, 2,20m, 2,40m et 2,60m suivant disponibilit\u00e9<\/p>\n<p>Conditionnement : en palettes de 25 pcs<\/p>\n","protected":false},"excerpt":{"rendered":"<p>Traverse paysag\u00e8re en ch\u00eane<br \/>\nFinition : Brute de sciage et non trait\u00e9e<\/p>\n<p>Section : 200 x 100 x 2500 mm<\/p>\n<p><strong>Pr\u00e9cisez dans votre demande:<\/strong><br \/>\n&#8211; La longueur que vous souhaitez (en m)<br \/>\n&#8211; Le nombre de pi\u00e8ce que vous souhaitez (en unit\u00e9)<\/p>\n","protected":false},"featured_media":30601,"template":"","meta":[],"product_brand":[2913],"product_cat":[48,131,91,2909,168],"product_tag":[],"class_list":{"0":"post-375","1":"product","2":"type-product","3":"status-publish","4":"has-post-thumbnail","6":"product_brand-produit-logisain","7":"product_cat-agencement-exterieur","8":"product_cat-construction-maison-bois","9":"product_cat-construction","10":"product_cat-demande-de-devis-uniquement-sans-prix","11":"product_cat-terrasses","12":"product_shipping_class-impact-transport-important","14":"first","15":"instock","16":"taxable","17":"shipping-taxable","18":"purchasable","19":"product-type-simple"},"yoast_head":"<!-- This site is optimized with the Yoast SEO plugin v27.5 - https:\/\/yoast.com\/product\/yoast-seo-wordpress\/ -->\n<title>Traverse Paysag\u00e8re en Ch\u00eane<\/title>\n<meta name=\"description\" content=\"Traverse paysag\u00e8re en ch\u00eane Finition : Brute de sciage et non trait\u00e9e  Section : 200 x 100 x 2500 mm  Pr\u00e9cisez dans votre demande: - La longueur que vous souhaitez (en m) - Le nombre de pi\u00e8ce que vous souhaitez (en unit\u00e9)\" \/>\n<meta name=\"robots\" content=\"noindex, follow\" \/>\n<meta property=\"og:locale\" content=\"fr_FR\" \/>\n<meta property=\"og:type\" content=\"article\" \/>\n<meta property=\"og:title\" content=\"Traverse Paysag\u00e8re en Ch\u00eane\" \/>\n<meta property=\"og:description\" content=\"Traverse paysag\u00e8re en ch\u00eane Finition : Brute de sciage et non trait\u00e9e  Section : 200 x 100 x 2500 mm  Pr\u00e9cisez dans votre demande: - La longueur que vous souhaitez (en m) - Le nombre de pi\u00e8ce que vous souhaitez (en unit\u00e9)\" \/>\n<meta property=\"og:url\" content=\"https:\/\/nature-et-developpement.com\/logisain-78\/produit\/traverse-paysagere-en-chene\/\" \/>\n<meta property=\"og:site_name\" content=\"LOGISAIN 78 \u2013 Magasin de mat\u00e9riaux biosourc\u00e9s\" \/>\n<meta property=\"article:modified_time\" content=\"2025-02-26T14:29:58+00:00\" \/>\n<meta property=\"og:image\" content=\"https:\/\/nature-et-developpement.com\/logisain-78\/wp-content\/uploads\/sites\/5\/2022\/06\/TRAVERSE-PAYSAGERE-EN-CHENE.jpg\" \/>\n\t<meta property=\"og:image:width\" content=\"800\" \/>\n\t<meta property=\"og:image:height\" content=\"800\" \/>\n\t<meta property=\"og:image:type\" content=\"image\/jpeg\" \/>\n<meta name=\"twitter:card\" content=\"summary_large_image\" \/>\n<script type=\"application\/ld+json\" class=\"yoast-schema-graph\">{\"@context\":\"https:\\\/\\\/schema.org\",\"@graph\":[{\"@type\":\"WebPage\",\"@id\":\"https:\\\/\\\/nature-et-developpement.com\\\/logisain-78\\\/produit\\\/traverse-paysagere-en-chene\\\/\",\"url\":\"https:\\\/\\\/nature-et-developpement.com\\\/logisain-78\\\/produit\\\/traverse-paysagere-en-chene\\\/\",\"name\":\"Traverse Paysag\u00e8re en Ch\u00eane\",\"isPartOf\":{\"@id\":\"https:\\\/\\\/nature-et-developpement.com\\\/logisain-78\\\/#website\"},\"primaryImageOfPage\":{\"@id\":\"https:\\\/\\\/nature-et-developpement.com\\\/logisain-78\\\/produit\\\/traverse-paysagere-en-chene\\\/#primaryimage\"},\"image\":{\"@id\":\"https:\\\/\\\/nature-et-developpement.com\\\/logisain-78\\\/produit\\\/traverse-paysagere-en-chene\\\/#primaryimage\"},\"thumbnailUrl\":\"https:\\\/\\\/nature-et-developpement.com\\\/logisain-78\\\/wp-content\\\/uploads\\\/sites\\\/5\\\/2022\\\/06\\\/TRAVERSE-PAYSAGERE-EN-CHENE.jpg\",\"datePublished\":\"2021-03-26T12:47:13+00:00\",\"dateModified\":\"2025-02-26T14:29:58+00:00\",\"description\":\"Traverse paysag\u00e8re en ch\u00eane Finition : Brute de sciage et non trait\u00e9e Section : 200 x 100 x 2500 mm Pr\u00e9cisez dans votre demande: - La longueur que vous souhaitez (en m) - Le nombre de pi\u00e8ce que vous souhaitez (en unit\u00e9)\",\"breadcrumb\":{\"@id\":\"https:\\\/\\\/nature-et-developpement.com\\\/logisain-78\\\/produit\\\/traverse-paysagere-en-chene\\\/#breadcrumb\"},\"inLanguage\":\"fr-FR\",\"potentialAction\":[{\"@type\":\"ReadAction\",\"target\":[\"https:\\\/\\\/nature-et-developpement.com\\\/logisain-78\\\/produit\\\/traverse-paysagere-en-chene\\\/\"]}]},{\"@type\":\"ImageObject\",\"inLanguage\":\"fr-FR\",\"@id\":\"https:\\\/\\\/nature-et-developpement.com\\\/logisain-78\\\/produit\\\/traverse-paysagere-en-chene\\\/#primaryimage\",\"url\":\"https:\\\/\\\/nature-et-developpement.com\\\/logisain-78\\\/wp-content\\\/uploads\\\/sites\\\/5\\\/2022\\\/06\\\/TRAVERSE-PAYSAGERE-EN-CHENE.jpg\",\"contentUrl\":\"https:\\\/\\\/nature-et-developpement.com\\\/logisain-78\\\/wp-content\\\/uploads\\\/sites\\\/5\\\/2022\\\/06\\\/TRAVERSE-PAYSAGERE-EN-CHENE.jpg\",\"width\":800,\"height\":800},{\"@type\":\"BreadcrumbList\",\"@id\":\"https:\\\/\\\/nature-et-developpement.com\\\/logisain-78\\\/produit\\\/traverse-paysagere-en-chene\\\/#breadcrumb\",\"itemListElement\":[{\"@type\":\"ListItem\",\"position\":1,\"name\":\"Accueil\",\"item\":\"https:\\\/\\\/nature-et-developpement.com\\\/logisain-78\\\/\"},{\"@type\":\"ListItem\",\"position\":2,\"name\":\"Produits\",\"item\":\"https:\\\/\\\/nature-et-developpement.com\\\/logisain-78\\\/shop\\\/\"},{\"@type\":\"ListItem\",\"position\":3,\"name\":\"Construction, cloison et fen\u00eatres\",\"item\":\"https:\\\/\\\/nature-et-developpement.com\\\/logisain-78\\\/produits\\\/construction\\\/\"},{\"@type\":\"ListItem\",\"position\":4,\"name\":\"Construction bois\",\"item\":\"https:\\\/\\\/nature-et-developpement.com\\\/logisain-78\\\/produits\\\/construction\\\/construction-maison-bois\\\/\"},{\"@type\":\"ListItem\",\"position\":5,\"name\":\"Traverse Paysag\u00e8re en Ch\u00eane\"}]},{\"@type\":\"WebSite\",\"@id\":\"https:\\\/\\\/nature-et-developpement.com\\\/logisain-78\\\/#website\",\"url\":\"https:\\\/\\\/nature-et-developpement.com\\\/logisain-78\\\/\",\"name\":\"LOGISAIN 78 \u2013 Magasin de mat\u00e9riaux biosourc\u00e9s\",\"description\":\"Logisain 78 est membre du groupement Nature &amp; D\u00e9veloppement\",\"publisher\":{\"@id\":\"https:\\\/\\\/nature-et-developpement.com\\\/logisain-78\\\/#organization\"},\"potentialAction\":[{\"@type\":\"SearchAction\",\"target\":{\"@type\":\"EntryPoint\",\"urlTemplate\":\"https:\\\/\\\/nature-et-developpement.com\\\/logisain-78\\\/?s={search_term_string}\"},\"query-input\":{\"@type\":\"PropertyValueSpecification\",\"valueRequired\":true,\"valueName\":\"search_term_string\"}}],\"inLanguage\":\"fr-FR\"},{\"@type\":\"Organization\",\"@id\":\"https:\\\/\\\/nature-et-developpement.com\\\/logisain-78\\\/#organization\",\"name\":\"Logisain 78\",\"url\":\"https:\\\/\\\/nature-et-developpement.com\\\/logisain-78\\\/\",\"logo\":{\"@type\":\"ImageObject\",\"inLanguage\":\"fr-FR\",\"@id\":\"https:\\\/\\\/nature-et-developpement.com\\\/logisain-78\\\/#\\\/schema\\\/logo\\\/image\\\/\",\"url\":\"https:\\\/\\\/nature-et-developpement.com\\\/logisain-78\\\/wp-content\\\/uploads\\\/sites\\\/5\\\/2021\\\/08\\\/logo-logisain.jpg\",\"contentUrl\":\"https:\\\/\\\/nature-et-developpement.com\\\/logisain-78\\\/wp-content\\\/uploads\\\/sites\\\/5\\\/2021\\\/08\\\/logo-logisain.jpg\",\"width\":672,\"height\":455,\"caption\":\"Logisain 78\"},\"image\":{\"@id\":\"https:\\\/\\\/nature-et-developpement.com\\\/logisain-78\\\/#\\\/schema\\\/logo\\\/image\\\/\"}}]}<\/script>\n<!-- \/ Yoast SEO plugin. -->","yoast_head_json":{"title":"Traverse Paysag\u00e8re en Ch\u00eane","description":"Traverse paysag\u00e8re en ch\u00eane Finition : Brute de sciage et non trait\u00e9e  Section : 200 x 100 x 2500 mm  Pr\u00e9cisez dans votre demande: - La longueur que vous souhaitez (en m) - Le nombre de pi\u00e8ce que vous souhaitez (en unit\u00e9)","robots":{"index":"noindex","follow":"follow"},"og_locale":"fr_FR","og_type":"article","og_title":"Traverse Paysag\u00e8re en Ch\u00eane","og_description":"Traverse paysag\u00e8re en ch\u00eane Finition : Brute de sciage et non trait\u00e9e  Section : 200 x 100 x 2500 mm  Pr\u00e9cisez dans votre demande: - La longueur que vous souhaitez (en m) - Le nombre de pi\u00e8ce que vous souhaitez (en unit\u00e9)","og_url":"https:\/\/nature-et-developpement.com\/logisain-78\/produit\/traverse-paysagere-en-chene\/","og_site_name":"LOGISAIN 78 \u2013 Magasin de mat\u00e9riaux biosourc\u00e9s","article_modified_time":"2025-02-26T14:29:58+00:00","og_image":[{"width":800,"height":800,"url":"https:\/\/nature-et-developpement.com\/logisain-78\/wp-content\/uploads\/sites\/5\/2022\/06\/TRAVERSE-PAYSAGERE-EN-CHENE.jpg","type":"image\/jpeg"}],"twitter_card":"summary_large_image","schema":{"@context":"https:\/\/schema.org","@graph":[{"@type":"WebPage","@id":"https:\/\/nature-et-developpement.com\/logisain-78\/produit\/traverse-paysagere-en-chene\/","url":"https:\/\/nature-et-developpement.com\/logisain-78\/produit\/traverse-paysagere-en-chene\/","name":"Traverse Paysag\u00e8re en Ch\u00eane","isPartOf":{"@id":"https:\/\/nature-et-developpement.com\/logisain-78\/#website"},"primaryImageOfPage":{"@id":"https:\/\/nature-et-developpement.com\/logisain-78\/produit\/traverse-paysagere-en-chene\/#primaryimage"},"image":{"@id":"https:\/\/nature-et-developpement.com\/logisain-78\/produit\/traverse-paysagere-en-chene\/#primaryimage"},"thumbnailUrl":"https:\/\/nature-et-developpement.com\/logisain-78\/wp-content\/uploads\/sites\/5\/2022\/06\/TRAVERSE-PAYSAGERE-EN-CHENE.jpg","datePublished":"2021-03-26T12:47:13+00:00","dateModified":"2025-02-26T14:29:58+00:00","description":"Traverse paysag\u00e8re en ch\u00eane Finition : Brute de sciage et non trait\u00e9e Section : 200 x 100 x 2500 mm Pr\u00e9cisez dans votre demande: - La longueur que vous souhaitez (en m) - Le nombre de pi\u00e8ce que vous souhaitez (en unit\u00e9)","breadcrumb":{"@id":"https:\/\/nature-et-developpement.com\/logisain-78\/produit\/traverse-paysagere-en-chene\/#breadcrumb"},"inLanguage":"fr-FR","potentialAction":[{"@type":"ReadAction","target":["https:\/\/nature-et-developpement.com\/logisain-78\/produit\/traverse-paysagere-en-chene\/"]}]},{"@type":"ImageObject","inLanguage":"fr-FR","@id":"https:\/\/nature-et-developpement.com\/logisain-78\/produit\/traverse-paysagere-en-chene\/#primaryimage","url":"https:\/\/nature-et-developpement.com\/logisain-78\/wp-content\/uploads\/sites\/5\/2022\/06\/TRAVERSE-PAYSAGERE-EN-CHENE.jpg","contentUrl":"https:\/\/nature-et-developpement.com\/logisain-78\/wp-content\/uploads\/sites\/5\/2022\/06\/TRAVERSE-PAYSAGERE-EN-CHENE.jpg","width":800,"height":800},{"@type":"BreadcrumbList","@id":"https:\/\/nature-et-developpement.com\/logisain-78\/produit\/traverse-paysagere-en-chene\/#breadcrumb","itemListElement":[{"@type":"ListItem","position":1,"name":"Accueil","item":"https:\/\/nature-et-developpement.com\/logisain-78\/"},{"@type":"ListItem","position":2,"name":"Produits","item":"https:\/\/nature-et-developpement.com\/logisain-78\/shop\/"},{"@type":"ListItem","position":3,"name":"Construction, cloison et fen\u00eatres","item":"https:\/\/nature-et-developpement.com\/logisain-78\/produits\/construction\/"},{"@type":"ListItem","position":4,"name":"Construction bois","item":"https:\/\/nature-et-developpement.com\/logisain-78\/produits\/construction\/construction-maison-bois\/"},{"@type":"ListItem","position":5,"name":"Traverse Paysag\u00e8re en Ch\u00eane"}]},{"@type":"WebSite","@id":"https:\/\/nature-et-developpement.com\/logisain-78\/#website","url":"https:\/\/nature-et-developpement.com\/logisain-78\/","name":"LOGISAIN 78 \u2013 Magasin de mat\u00e9riaux biosourc\u00e9s","description":"Logisain 78 est membre du groupement Nature &amp; D\u00e9veloppement","publisher":{"@id":"https:\/\/nature-et-developpement.com\/logisain-78\/#organization"},"potentialAction":[{"@type":"SearchAction","target":{"@type":"EntryPoint","urlTemplate":"https:\/\/nature-et-developpement.com\/logisain-78\/?s={search_term_string}"},"query-input":{"@type":"PropertyValueSpecification","valueRequired":true,"valueName":"search_term_string"}}],"inLanguage":"fr-FR"},{"@type":"Organization","@id":"https:\/\/nature-et-developpement.com\/logisain-78\/#organization","name":"Logisain 78","url":"https:\/\/nature-et-developpement.com\/logisain-78\/","logo":{"@type":"ImageObject","inLanguage":"fr-FR","@id":"https:\/\/nature-et-developpement.com\/logisain-78\/#\/schema\/logo\/image\/","url":"https:\/\/nature-et-developpement.com\/logisain-78\/wp-content\/uploads\/sites\/5\/2021\/08\/logo-logisain.jpg","contentUrl":"https:\/\/nature-et-developpement.com\/logisain-78\/wp-content\/uploads\/sites\/5\/2021\/08\/logo-logisain.jpg","width":672,"height":455,"caption":"Logisain 78"},"image":{"@id":"https:\/\/nature-et-developpement.com\/logisain-78\/#\/schema\/logo\/image\/"}}]}},"distributor_meta":false,"distributor_terms":false,"distributor_media":false,"distributor_original_site_name":"LOGISAIN 78 \u2013 Magasin de mat\u00e9riaux biosourc\u00e9s","distributor_original_site_url":"https:\/\/nature-et-developpement.com\/logisain-78","push-errors":false,"_links":{"self":[{"href":"https:\/\/nature-et-developpement.com\/logisain-78\/wp-json\/wp\/v2\/product\/375","targetHints":{"allow":["GET"]}}],"collection":[{"href":"https:\/\/nature-et-developpement.com\/logisain-78\/wp-json\/wp\/v2\/product"}],"about":[{"href":"https:\/\/nature-et-developpement.com\/logisain-78\/wp-json\/wp\/v2\/types\/product"}],"wp:featuredmedia":[{"embeddable":true,"href":"https:\/\/nature-et-developpement.com\/logisain-78\/wp-json\/wp\/v2\/media\/30601"}],"wp:attachment":[{"href":"https:\/\/nature-et-developpement.com\/logisain-78\/wp-json\/wp\/v2\/media?parent=375"}],"wp:term":[{"taxonomy":"product_brand","embeddable":true,"href":"https:\/\/nature-et-developpement.com\/logisain-78\/wp-json\/wp\/v2\/product_brand?post=375"},{"taxonomy":"product_cat","embeddable":true,"href":"https:\/\/nature-et-developpement.com\/logisain-78\/wp-json\/wp\/v2\/product_cat?post=375"},{"taxonomy":"product_tag","embeddable":true,"href":"https:\/\/nature-et-developpement.com\/logisain-78\/wp-json\/wp\/v2\/product_tag?post=375"}],"curies":[{"name":"wp","href":"https:\/\/api.w.org\/{rel}","templated":true}]}}