{"id":398,"date":"2021-03-24T16:12:05","date_gmt":"2021-03-24T15:12:05","guid":{"rendered":"https:\/\/nature-et-developpement.com\/logisain78\/produit\/enduit-mortier-chaux-tradical-pf-70\/"},"modified":"2025-06-12T16:57:33","modified_gmt":"2025-06-12T14:57:33","slug":"chaux-formulee-tradical-pf-70-pour-beton-ou-mortier-allege","status":"publish","type":"product","link":"https:\/\/nature-et-developpement.com\/logisain-78\/produit\/chaux-formulee-tradical-pf-70-pour-beton-ou-mortier-allege\/","title":{"rendered":"Chaux formul\u00e9e Tradical PF 70 pour b\u00e9ton ou mortier all\u00e9g\u00e9"},"content":{"rendered":"<p>Chaux a\u00e9rienne \u00e0 utiliser en association du granulat de chanvre ou li\u00e8ge en vrac, pour b\u00e9ton ou mortier all\u00e9g\u00e9.<\/p>\n<p>Egalement destin\u00e9, apr\u00e8s m\u00e9lange avec agr\u00e9gats (sable) et g\u00e2chage \u00e0 l\u2019eau, \u00e0 r\u00e9aliser un mortier de pose pour pierres naturelles, moellons de tous types (sauf pierres tr\u00e8s tendres), briques creuses, briques pleines, et briquettes ; gobetis, d\u00e9grossis et sous-enduit ; solins de tuiles faiti\u00e8res ou de rives ; jointoiement.<\/p>\n<p>Composition : chaux a\u00e9rienne \u00e0 98% de Ca (OH)2 (75%), liant hydraulique (15%), liant pouzzolanique (10%).<\/p>\n<h3><\/h3>\n<h3><span style=\"text-decoration: underline\">La chaux, mat\u00e9riau d&rsquo;avenir.<\/span><\/h3>\n<p>La durabilit\u00e9 des ouvrages d\u00e9pend largement de leur capacit\u00e9 \u00e0 supporter les d\u00e9formations. Dans le cas d\u2019ouvrages en ma\u00e7onnerie, cette facult\u00e9 est largement li\u00e9e aux caract\u00e9ristiques des mortiers de pose qui doivent associer des qualit\u00e9s de r\u00e9sistance \u00e0 la compression et d\u2019\u00e9lasticit\u00e9. La chaux permet d\u2019obtenir ces caract\u00e9ristiques et surtout de les conserver.<\/p>\n<p>La chaux a\u00e9rienne produite aujourd&rsquo;hui par les usines du Groupe Lhoist est, gr\u00e2ce \u00e0 la ma\u00eetrise de toute la cha\u00eene de production, un mat\u00e9riau moderne permettant l\u2019\u00e9laboration de produits de haute technologie.<\/p>\n<p>Une gamme compl\u00e8te de chaux a\u00e9riennes pures ou compos\u00e9es selon des crit\u00e8res (finesse, r\u00e9activit\u00e9, taux de chaux libre\u2026) et des niveaux qualitatifs accrus, garantit d\u00e9sormais des utilisations s\u00e9curis\u00e9es.<\/p>\n<p>Tradical H98 est une chaux calcique \u00e9teinte en poudre, de classe CL 90 S conforme \u00e0 la NF EN 459 des chaux de construction. Extr\u00eamement pure et naturelle, elle est utilis\u00e9e pour la formulation d\u2019enduits, de mortiers et de badigeons, pour la r\u00e9alisation de travaux de restauration et de conservation, en particulier sur monuments historiques.<\/p>\n<ul>\n<li>Coefficient de conductivit\u00e9 thermique : \u22640,20<\/li>\n<li>Densit\u00e9 : = 0,62 \u00b1 0,02<\/li>\n<li>Silice soluble (hydraulicit\u00e9) : \u226410 %<\/li>\n<li>Teneur en CO2 : \u22648 %<\/li>\n<li>Adjuvants (collo\u00efdes v\u00e9g\u00e9taux et surfactants) : \u22640,5 %<\/li>\n<li>R\u00e9tention d\u2019eau : \u226575 %<\/li>\n<li>Granulom\u00e9trie : &lt;90 \u00b5m<\/li>\n<li>Traction\/Flexion : \u22651,4 N\/mm\u00b2<\/li>\n<li>Compression : \u22654,3 N\/mm\u00b2<\/li>\n<\/ul>\n","protected":false},"excerpt":{"rendered":"<p>Les B\u00e9tons de Chanvre Tradical\u00a0sont aujourd&rsquo;hui un mat\u00e9riau de r\u00e9f\u00e9rence.<\/p>\n<p>Conjuguant les qualit\u00e9s du chanvre et de la chaux, ces b\u00e9tons sont une v\u00e9ritable r\u00e9ponse qualitative aux attentes actuelles du B\u00e2timent avec toutes les garanties d&rsquo;utilisation pour des ouvrages conformes \u00e0 la\u00a0RT 2012.<\/p>\n<p>\u00c9galement fait pour ma\u00e7onner et d\u00e9grossir.<\/p>\n","protected":false},"featured_media":1000000169923,"template":"","meta":[],"product_brand":[2869],"product_cat":[173],"product_tag":[4295],"class_list":{"0":"post-398","1":"product","2":"type-product","3":"status-publish","4":"has-post-thumbnail","6":"product_brand-tradical","7":"product_cat-maconnerie","8":"product_tag-chaux","9":"product_shipping_class-sac-de-25kg","11":"first","12":"instock","13":"taxable","14":"shipping-taxable","15":"purchasable","16":"product-type-variable"},"yoast_head":"<!-- This site is optimized with the Yoast SEO plugin v27.5 - https:\/\/yoast.com\/product\/yoast-seo-wordpress\/ -->\n<title>Chaux formul\u00e9e Tradical PF 70 pour b\u00e9ton ou mortier all\u00e9g\u00e9<\/title>\n<meta name=\"description\" content=\"Les B\u00e9tons de Chanvre Tradical\u00a0sont aujourd&#039;hui un mat\u00e9riau de r\u00e9f\u00e9rence.  Conjuguant les qualit\u00e9s du chanvre et de la chaux, ces b\u00e9tons sont une v\u00e9ritable r\u00e9ponse qualitative aux attentes actuelles du B\u00e2timent avec toutes les garanties d&#039;utilisation pour des ouvrages conformes \u00e0 la\u00a0RT 2012.  \u00c9galement fait pour ma\u00e7onner et d\u00e9grossir.\" \/>\n<meta name=\"robots\" content=\"noindex, follow\" \/>\n<meta property=\"og:locale\" content=\"fr_FR\" \/>\n<meta property=\"og:type\" content=\"article\" \/>\n<meta property=\"og:title\" content=\"Chaux formul\u00e9e Tradical PF 70 pour b\u00e9ton ou mortier all\u00e9g\u00e9\" \/>\n<meta property=\"og:description\" content=\"Les B\u00e9tons de Chanvre Tradical\u00a0sont aujourd&#039;hui un mat\u00e9riau de r\u00e9f\u00e9rence.  Conjuguant les qualit\u00e9s du chanvre et de la chaux, ces b\u00e9tons sont une v\u00e9ritable r\u00e9ponse qualitative aux attentes actuelles du B\u00e2timent avec toutes les garanties d&#039;utilisation pour des ouvrages conformes \u00e0 la\u00a0RT 2012.  \u00c9galement fait pour ma\u00e7onner et d\u00e9grossir.\" \/>\n<meta property=\"og:url\" content=\"https:\/\/nature-et-developpement.com\/logisain-78\/produit\/chaux-formulee-tradical-pf-70-pour-beton-ou-mortier-allege\/\" \/>\n<meta property=\"og:site_name\" content=\"LOGISAIN 78 \u2013 Magasin de mat\u00e9riaux biosourc\u00e9s\" \/>\n<meta property=\"article:modified_time\" content=\"2025-06-12T14:57:33+00:00\" \/>\n<meta name=\"twitter:card\" content=\"summary_large_image\" \/>\n<meta name=\"twitter:label1\" content=\"Dur\u00e9e de lecture estim\u00e9e\" \/>\n\t<meta name=\"twitter:data1\" content=\"2 minutes\" \/>\n<script type=\"application\/ld+json\" class=\"yoast-schema-graph\">{\"@context\":\"https:\\\/\\\/schema.org\",\"@graph\":[{\"@type\":\"WebPage\",\"@id\":\"https:\\\/\\\/nature-et-developpement.com\\\/logisain-78\\\/produit\\\/chaux-formulee-tradical-pf-70-pour-beton-ou-mortier-allege\\\/\",\"url\":\"https:\\\/\\\/nature-et-developpement.com\\\/logisain-78\\\/produit\\\/chaux-formulee-tradical-pf-70-pour-beton-ou-mortier-allege\\\/\",\"name\":\"Chaux formul\u00e9e Tradical PF 70 pour b\u00e9ton ou mortier all\u00e9g\u00e9\",\"isPartOf\":{\"@id\":\"https:\\\/\\\/nature-et-developpement.com\\\/logisain-78\\\/#website\"},\"primaryImageOfPage\":{\"@id\":\"https:\\\/\\\/nature-et-developpement.com\\\/logisain-78\\\/produit\\\/chaux-formulee-tradical-pf-70-pour-beton-ou-mortier-allege\\\/#primaryimage\"},\"image\":{\"@id\":\"https:\\\/\\\/nature-et-developpement.com\\\/logisain-78\\\/produit\\\/chaux-formulee-tradical-pf-70-pour-beton-ou-mortier-allege\\\/#primaryimage\"},\"thumbnailUrl\":\"https:\\\/\\\/nature-et-developpement.com\\\/logisain-78\\\/wp-content\\\/uploads\\\/Chaux-formulee-Tradical-PF-70-pour-beton-ou-mortier-allege.jpg\",\"datePublished\":\"2021-03-24T15:12:05+00:00\",\"dateModified\":\"2025-06-12T14:57:33+00:00\",\"description\":\"Les B\u00e9tons de Chanvre Tradical\u00a0sont aujourd'hui un mat\u00e9riau de r\u00e9f\u00e9rence. Conjuguant les qualit\u00e9s du chanvre et de la chaux, ces b\u00e9tons sont une v\u00e9ritable r\u00e9ponse qualitative aux attentes actuelles du B\u00e2timent avec toutes les garanties d'utilisation pour des ouvrages conformes \u00e0 la\u00a0RT 2012. \u00c9galement fait pour ma\u00e7onner et d\u00e9grossir.\",\"breadcrumb\":{\"@id\":\"https:\\\/\\\/nature-et-developpement.com\\\/logisain-78\\\/produit\\\/chaux-formulee-tradical-pf-70-pour-beton-ou-mortier-allege\\\/#breadcrumb\"},\"inLanguage\":\"fr-FR\",\"potentialAction\":[{\"@type\":\"ReadAction\",\"target\":[\"https:\\\/\\\/nature-et-developpement.com\\\/logisain-78\\\/produit\\\/chaux-formulee-tradical-pf-70-pour-beton-ou-mortier-allege\\\/\"]}]},{\"@type\":\"ImageObject\",\"inLanguage\":\"fr-FR\",\"@id\":\"https:\\\/\\\/nature-et-developpement.com\\\/logisain-78\\\/produit\\\/chaux-formulee-tradical-pf-70-pour-beton-ou-mortier-allege\\\/#primaryimage\",\"url\":\"https:\\\/\\\/nature-et-developpement.com\\\/logisain-78\\\/wp-content\\\/uploads\\\/Chaux-formulee-Tradical-PF-70-pour-beton-ou-mortier-allege.jpg\",\"contentUrl\":\"https:\\\/\\\/nature-et-developpement.com\\\/logisain-78\\\/wp-content\\\/uploads\\\/Chaux-formulee-Tradical-PF-70-pour-beton-ou-mortier-allege.jpg\"},{\"@type\":\"BreadcrumbList\",\"@id\":\"https:\\\/\\\/nature-et-developpement.com\\\/logisain-78\\\/produit\\\/chaux-formulee-tradical-pf-70-pour-beton-ou-mortier-allege\\\/#breadcrumb\",\"itemListElement\":[{\"@type\":\"ListItem\",\"position\":1,\"name\":\"Accueil\",\"item\":\"https:\\\/\\\/nature-et-developpement.com\\\/logisain-78\\\/\"},{\"@type\":\"ListItem\",\"position\":2,\"name\":\"Produits\",\"item\":\"https:\\\/\\\/nature-et-developpement.com\\\/logisain-78\\\/shop\\\/\"},{\"@type\":\"ListItem\",\"position\":3,\"name\":\"Construction, cloison et fen\u00eatres\",\"item\":\"https:\\\/\\\/nature-et-developpement.com\\\/logisain-78\\\/produits\\\/construction\\\/\"},{\"@type\":\"ListItem\",\"position\":4,\"name\":\"Ma\u00e7onnerie\",\"item\":\"https:\\\/\\\/nature-et-developpement.com\\\/logisain-78\\\/produits\\\/construction\\\/maconnerie\\\/\"},{\"@type\":\"ListItem\",\"position\":5,\"name\":\"Chaux formul\u00e9e Tradical PF 70 pour b\u00e9ton ou mortier all\u00e9g\u00e9\"}]},{\"@type\":\"WebSite\",\"@id\":\"https:\\\/\\\/nature-et-developpement.com\\\/logisain-78\\\/#website\",\"url\":\"https:\\\/\\\/nature-et-developpement.com\\\/logisain-78\\\/\",\"name\":\"LOGISAIN 78 \u2013 Magasin de mat\u00e9riaux biosourc\u00e9s\",\"description\":\"Logisain 78 est membre du groupement Nature &amp; D\u00e9veloppement\",\"publisher\":{\"@id\":\"https:\\\/\\\/nature-et-developpement.com\\\/logisain-78\\\/#organization\"},\"potentialAction\":[{\"@type\":\"SearchAction\",\"target\":{\"@type\":\"EntryPoint\",\"urlTemplate\":\"https:\\\/\\\/nature-et-developpement.com\\\/logisain-78\\\/?s={search_term_string}\"},\"query-input\":{\"@type\":\"PropertyValueSpecification\",\"valueRequired\":true,\"valueName\":\"search_term_string\"}}],\"inLanguage\":\"fr-FR\"},{\"@type\":\"Organization\",\"@id\":\"https:\\\/\\\/nature-et-developpement.com\\\/logisain-78\\\/#organization\",\"name\":\"Logisain 78\",\"url\":\"https:\\\/\\\/nature-et-developpement.com\\\/logisain-78\\\/\",\"logo\":{\"@type\":\"ImageObject\",\"inLanguage\":\"fr-FR\",\"@id\":\"https:\\\/\\\/nature-et-developpement.com\\\/logisain-78\\\/#\\\/schema\\\/logo\\\/image\\\/\",\"url\":\"https:\\\/\\\/nature-et-developpement.com\\\/logisain-78\\\/wp-content\\\/uploads\\\/sites\\\/5\\\/2021\\\/08\\\/logo-logisain.jpg\",\"contentUrl\":\"https:\\\/\\\/nature-et-developpement.com\\\/logisain-78\\\/wp-content\\\/uploads\\\/sites\\\/5\\\/2021\\\/08\\\/logo-logisain.jpg\",\"width\":672,\"height\":455,\"caption\":\"Logisain 78\"},\"image\":{\"@id\":\"https:\\\/\\\/nature-et-developpement.com\\\/logisain-78\\\/#\\\/schema\\\/logo\\\/image\\\/\"}}]}<\/script>\n<!-- \/ Yoast SEO plugin. -->","yoast_head_json":{"title":"Chaux formul\u00e9e Tradical PF 70 pour b\u00e9ton ou mortier all\u00e9g\u00e9","description":"Les B\u00e9tons de Chanvre Tradical\u00a0sont aujourd'hui un mat\u00e9riau de r\u00e9f\u00e9rence.  Conjuguant les qualit\u00e9s du chanvre et de la chaux, ces b\u00e9tons sont une v\u00e9ritable r\u00e9ponse qualitative aux attentes actuelles du B\u00e2timent avec toutes les garanties d'utilisation pour des ouvrages conformes \u00e0 la\u00a0RT 2012.  \u00c9galement fait pour ma\u00e7onner et d\u00e9grossir.","robots":{"index":"noindex","follow":"follow"},"og_locale":"fr_FR","og_type":"article","og_title":"Chaux formul\u00e9e Tradical PF 70 pour b\u00e9ton ou mortier all\u00e9g\u00e9","og_description":"Les B\u00e9tons de Chanvre Tradical\u00a0sont aujourd'hui un mat\u00e9riau de r\u00e9f\u00e9rence.  Conjuguant les qualit\u00e9s du chanvre et de la chaux, ces b\u00e9tons sont une v\u00e9ritable r\u00e9ponse qualitative aux attentes actuelles du B\u00e2timent avec toutes les garanties d'utilisation pour des ouvrages conformes \u00e0 la\u00a0RT 2012.  \u00c9galement fait pour ma\u00e7onner et d\u00e9grossir.","og_url":"https:\/\/nature-et-developpement.com\/logisain-78\/produit\/chaux-formulee-tradical-pf-70-pour-beton-ou-mortier-allege\/","og_site_name":"LOGISAIN 78 \u2013 Magasin de mat\u00e9riaux biosourc\u00e9s","article_modified_time":"2025-06-12T14:57:33+00:00","twitter_card":"summary_large_image","twitter_misc":{"Dur\u00e9e de lecture estim\u00e9e":"2 minutes"},"schema":{"@context":"https:\/\/schema.org","@graph":[{"@type":"WebPage","@id":"https:\/\/nature-et-developpement.com\/logisain-78\/produit\/chaux-formulee-tradical-pf-70-pour-beton-ou-mortier-allege\/","url":"https:\/\/nature-et-developpement.com\/logisain-78\/produit\/chaux-formulee-tradical-pf-70-pour-beton-ou-mortier-allege\/","name":"Chaux formul\u00e9e Tradical PF 70 pour b\u00e9ton ou mortier all\u00e9g\u00e9","isPartOf":{"@id":"https:\/\/nature-et-developpement.com\/logisain-78\/#website"},"primaryImageOfPage":{"@id":"https:\/\/nature-et-developpement.com\/logisain-78\/produit\/chaux-formulee-tradical-pf-70-pour-beton-ou-mortier-allege\/#primaryimage"},"image":{"@id":"https:\/\/nature-et-developpement.com\/logisain-78\/produit\/chaux-formulee-tradical-pf-70-pour-beton-ou-mortier-allege\/#primaryimage"},"thumbnailUrl":"https:\/\/nature-et-developpement.com\/logisain-78\/wp-content\/uploads\/Chaux-formulee-Tradical-PF-70-pour-beton-ou-mortier-allege.jpg","datePublished":"2021-03-24T15:12:05+00:00","dateModified":"2025-06-12T14:57:33+00:00","description":"Les B\u00e9tons de Chanvre Tradical\u00a0sont aujourd'hui un mat\u00e9riau de r\u00e9f\u00e9rence. Conjuguant les qualit\u00e9s du chanvre et de la chaux, ces b\u00e9tons sont une v\u00e9ritable r\u00e9ponse qualitative aux attentes actuelles du B\u00e2timent avec toutes les garanties d'utilisation pour des ouvrages conformes \u00e0 la\u00a0RT 2012. \u00c9galement fait pour ma\u00e7onner et d\u00e9grossir.","breadcrumb":{"@id":"https:\/\/nature-et-developpement.com\/logisain-78\/produit\/chaux-formulee-tradical-pf-70-pour-beton-ou-mortier-allege\/#breadcrumb"},"inLanguage":"fr-FR","potentialAction":[{"@type":"ReadAction","target":["https:\/\/nature-et-developpement.com\/logisain-78\/produit\/chaux-formulee-tradical-pf-70-pour-beton-ou-mortier-allege\/"]}]},{"@type":"ImageObject","inLanguage":"fr-FR","@id":"https:\/\/nature-et-developpement.com\/logisain-78\/produit\/chaux-formulee-tradical-pf-70-pour-beton-ou-mortier-allege\/#primaryimage","url":"https:\/\/nature-et-developpement.com\/logisain-78\/wp-content\/uploads\/Chaux-formulee-Tradical-PF-70-pour-beton-ou-mortier-allege.jpg","contentUrl":"https:\/\/nature-et-developpement.com\/logisain-78\/wp-content\/uploads\/Chaux-formulee-Tradical-PF-70-pour-beton-ou-mortier-allege.jpg"},{"@type":"BreadcrumbList","@id":"https:\/\/nature-et-developpement.com\/logisain-78\/produit\/chaux-formulee-tradical-pf-70-pour-beton-ou-mortier-allege\/#breadcrumb","itemListElement":[{"@type":"ListItem","position":1,"name":"Accueil","item":"https:\/\/nature-et-developpement.com\/logisain-78\/"},{"@type":"ListItem","position":2,"name":"Produits","item":"https:\/\/nature-et-developpement.com\/logisain-78\/shop\/"},{"@type":"ListItem","position":3,"name":"Construction, cloison et fen\u00eatres","item":"https:\/\/nature-et-developpement.com\/logisain-78\/produits\/construction\/"},{"@type":"ListItem","position":4,"name":"Ma\u00e7onnerie","item":"https:\/\/nature-et-developpement.com\/logisain-78\/produits\/construction\/maconnerie\/"},{"@type":"ListItem","position":5,"name":"Chaux formul\u00e9e Tradical PF 70 pour b\u00e9ton ou mortier all\u00e9g\u00e9"}]},{"@type":"WebSite","@id":"https:\/\/nature-et-developpement.com\/logisain-78\/#website","url":"https:\/\/nature-et-developpement.com\/logisain-78\/","name":"LOGISAIN 78 \u2013 Magasin de mat\u00e9riaux biosourc\u00e9s","description":"Logisain 78 est membre du groupement Nature &amp; D\u00e9veloppement","publisher":{"@id":"https:\/\/nature-et-developpement.com\/logisain-78\/#organization"},"potentialAction":[{"@type":"SearchAction","target":{"@type":"EntryPoint","urlTemplate":"https:\/\/nature-et-developpement.com\/logisain-78\/?s={search_term_string}"},"query-input":{"@type":"PropertyValueSpecification","valueRequired":true,"valueName":"search_term_string"}}],"inLanguage":"fr-FR"},{"@type":"Organization","@id":"https:\/\/nature-et-developpement.com\/logisain-78\/#organization","name":"Logisain 78","url":"https:\/\/nature-et-developpement.com\/logisain-78\/","logo":{"@type":"ImageObject","inLanguage":"fr-FR","@id":"https:\/\/nature-et-developpement.com\/logisain-78\/#\/schema\/logo\/image\/","url":"https:\/\/nature-et-developpement.com\/logisain-78\/wp-content\/uploads\/sites\/5\/2021\/08\/logo-logisain.jpg","contentUrl":"https:\/\/nature-et-developpement.com\/logisain-78\/wp-content\/uploads\/sites\/5\/2021\/08\/logo-logisain.jpg","width":672,"height":455,"caption":"Logisain 78"},"image":{"@id":"https:\/\/nature-et-developpement.com\/logisain-78\/#\/schema\/logo\/image\/"}}]}},"distributor_meta":false,"distributor_terms":false,"distributor_media":false,"distributor_original_site_name":"LOGISAIN 78 \u2013 Magasin de mat\u00e9riaux biosourc\u00e9s","distributor_original_site_url":"https:\/\/nature-et-developpement.com\/logisain-78","push-errors":false,"_links":{"self":[{"href":"https:\/\/nature-et-developpement.com\/logisain-78\/wp-json\/wp\/v2\/product\/398","targetHints":{"allow":["GET"]}}],"collection":[{"href":"https:\/\/nature-et-developpement.com\/logisain-78\/wp-json\/wp\/v2\/product"}],"about":[{"href":"https:\/\/nature-et-developpement.com\/logisain-78\/wp-json\/wp\/v2\/types\/product"}],"wp:featuredmedia":[{"embeddable":true,"href":"https:\/\/nature-et-developpement.com\/logisain-78\/wp-json\/"}],"wp:attachment":[{"href":"https:\/\/nature-et-developpement.com\/logisain-78\/wp-json\/wp\/v2\/media?parent=398"}],"wp:term":[{"taxonomy":"product_brand","embeddable":true,"href":"https:\/\/nature-et-developpement.com\/logisain-78\/wp-json\/wp\/v2\/product_brand?post=398"},{"taxonomy":"product_cat","embeddable":true,"href":"https:\/\/nature-et-developpement.com\/logisain-78\/wp-json\/wp\/v2\/product_cat?post=398"},{"taxonomy":"product_tag","embeddable":true,"href":"https:\/\/nature-et-developpement.com\/logisain-78\/wp-json\/wp\/v2\/product_tag?post=398"}],"curies":[{"name":"wp","href":"https:\/\/api.w.org\/{rel}","templated":true}]}}