{"id":416,"date":"2021-03-24T16:11:52","date_gmt":"2021-03-24T15:11:52","guid":{"rendered":"https:\/\/nature-et-developpement.com\/logisain78\/produit\/enduit-de-chaux-tradical-thermo\/"},"modified":"2025-06-18T12:10:08","modified_gmt":"2025-06-18T10:10:08","slug":"chaux-formulee-tradical-thermo-pour-betons-chanvre-tradical","status":"publish","type":"product","link":"https:\/\/nature-et-developpement.com\/logisain-78\/produit\/chaux-formulee-tradical-thermo-pour-betons-chanvre-tradical\/","title":{"rendered":"Enduit de chaux TRADICAL THERMO"},"content":{"rendered":"<p>Tradical Thermo est d\u00e9di\u00e9e, apr\u00e8s m\u00e9lange avec de la ch\u00e8nevotte et g\u00e2ch\u00e9e \u00e0 l\u2019eau, \u00e0 l\u2019application manuelle et machine des B\u00e9tons de Chanvre Tradical.<\/p>\n<p>Tradical Thermo est destin\u00e9e \u00e0 r\u00e9aliser des b\u00e9tons de chanvre pour mur isolant, doublage isolant, toiture isolante, chape isolante, en construction neuve ou en restauration, pour toutes typologies : maison individuelle, habitat collectif, tertiaire, ERP&#8230;<\/p>\n<h4><span style=\"text-decoration: underline\">La chaux, mat\u00e9riau d&rsquo;avenir.<\/span><\/h4>\n<p>La durabilit\u00e9 des ouvrages d\u00e9pend largement de leur capacit\u00e9 \u00e0 supporter les d\u00e9formations. Dans le cas d\u2019ouvrages en ma\u00e7onnerie, cette facult\u00e9 est largement li\u00e9e aux caract\u00e9ristiques des mortiers de pose qui doivent associer des qualit\u00e9s de r\u00e9sistance \u00e0 la compression et d\u2019\u00e9lasticit\u00e9. La chaux permet d\u2019obtenir ces caract\u00e9ristiques et surtout de les conserver.<\/p>\n<p>La chaux a\u00e9rienne produite aujourd&rsquo;hui par les usines du Groupe Lhoist est, gr\u00e2ce \u00e0 la ma\u00eetrise de toute la cha\u00eene de production, un mat\u00e9riau moderne permettant l\u2019\u00e9laboration de produits de haute technologie.<\/p>\n<p>Une gamme compl\u00e8te de chaux a\u00e9riennes pures ou compos\u00e9es selon des crit\u00e8res (finesse, r\u00e9activit\u00e9, taux de chaux libre\u2026) et des niveaux qualitatifs accrus, garantit d\u00e9sormais des utilisations s\u00e9curis\u00e9es.<\/p>\n","protected":false},"excerpt":{"rendered":"<p>Chaux formul\u00e9e pour B\u00e9tons de chanvre.<\/p>\n","protected":false},"featured_media":1000000169918,"template":"","meta":[],"product_brand":[2869],"product_cat":[2909,225,173,47],"product_tag":[4295],"class_list":{"0":"post-416","1":"product","2":"type-product","3":"status-publish","4":"has-post-thumbnail","6":"product_brand-tradical","7":"product_cat-demande-de-devis-uniquement-sans-prix","8":"product_cat-enduits-naturels","9":"product_cat-maconnerie","10":"product_cat-peinture-et-enduit","11":"product_tag-chaux","12":"product_shipping_class-sac-de-25kg","14":"first","15":"instock","16":"taxable","17":"shipping-taxable","18":"purchasable","19":"product-type-variable"},"yoast_head":"<!-- This site is optimized with the Yoast SEO plugin v27.5 - https:\/\/yoast.com\/product\/yoast-seo-wordpress\/ -->\n<title>Enduit de chaux TRADICAL THERMO<\/title>\n<meta name=\"description\" content=\"Chaux formul\u00e9e pour B\u00e9tons de chanvre.\" \/>\n<meta name=\"robots\" content=\"noindex, nofollow\" \/>\n<meta property=\"og:locale\" content=\"fr_FR\" \/>\n<meta property=\"og:type\" content=\"article\" \/>\n<meta property=\"og:title\" content=\"Enduit de chaux TRADICAL THERMO\" \/>\n<meta property=\"og:description\" content=\"Chaux formul\u00e9e pour B\u00e9tons de chanvre.\" \/>\n<meta property=\"og:url\" content=\"https:\/\/nature-et-developpement.com\/logisain-78\/produit\/chaux-formulee-tradical-thermo-pour-betons-chanvre-tradical\/\" \/>\n<meta property=\"og:site_name\" content=\"LOGISAIN 78 \u2013 Magasin de mat\u00e9riaux biosourc\u00e9s\" \/>\n<meta property=\"article:modified_time\" content=\"2025-06-18T10:10:08+00:00\" \/>\n<meta name=\"twitter:card\" content=\"summary_large_image\" \/>\n<meta name=\"twitter:label1\" content=\"Dur\u00e9e de lecture estim\u00e9e\" \/>\n\t<meta name=\"twitter:data1\" content=\"1 minute\" \/>\n<script type=\"application\/ld+json\" class=\"yoast-schema-graph\">{\"@context\":\"https:\\\/\\\/schema.org\",\"@graph\":[{\"@type\":\"WebPage\",\"@id\":\"https:\\\/\\\/nature-et-developpement.com\\\/logisain-78\\\/produit\\\/chaux-formulee-tradical-thermo-pour-betons-chanvre-tradical\\\/\",\"url\":\"https:\\\/\\\/nature-et-developpement.com\\\/logisain-78\\\/produit\\\/chaux-formulee-tradical-thermo-pour-betons-chanvre-tradical\\\/\",\"name\":\"Enduit de chaux TRADICAL THERMO\",\"isPartOf\":{\"@id\":\"https:\\\/\\\/nature-et-developpement.com\\\/logisain-78\\\/#website\"},\"primaryImageOfPage\":{\"@id\":\"https:\\\/\\\/nature-et-developpement.com\\\/logisain-78\\\/produit\\\/chaux-formulee-tradical-thermo-pour-betons-chanvre-tradical\\\/#primaryimage\"},\"image\":{\"@id\":\"https:\\\/\\\/nature-et-developpement.com\\\/logisain-78\\\/produit\\\/chaux-formulee-tradical-thermo-pour-betons-chanvre-tradical\\\/#primaryimage\"},\"thumbnailUrl\":\"https:\\\/\\\/nature-et-developpement.com\\\/logisain-78\\\/wp-content\\\/uploads\\\/Chaux-formulee-Tradical-Thermo-pour-Betons-Chanvre-Tradical.jpg\",\"datePublished\":\"2021-03-24T15:11:52+00:00\",\"dateModified\":\"2025-06-18T10:10:08+00:00\",\"description\":\"Chaux formul\u00e9e pour B\u00e9tons de chanvre.\",\"breadcrumb\":{\"@id\":\"https:\\\/\\\/nature-et-developpement.com\\\/logisain-78\\\/produit\\\/chaux-formulee-tradical-thermo-pour-betons-chanvre-tradical\\\/#breadcrumb\"},\"inLanguage\":\"fr-FR\",\"potentialAction\":[{\"@type\":\"ReadAction\",\"target\":[\"https:\\\/\\\/nature-et-developpement.com\\\/logisain-78\\\/produit\\\/chaux-formulee-tradical-thermo-pour-betons-chanvre-tradical\\\/\"]}]},{\"@type\":\"ImageObject\",\"inLanguage\":\"fr-FR\",\"@id\":\"https:\\\/\\\/nature-et-developpement.com\\\/logisain-78\\\/produit\\\/chaux-formulee-tradical-thermo-pour-betons-chanvre-tradical\\\/#primaryimage\",\"url\":\"https:\\\/\\\/nature-et-developpement.com\\\/logisain-78\\\/wp-content\\\/uploads\\\/Chaux-formulee-Tradical-Thermo-pour-Betons-Chanvre-Tradical.jpg\",\"contentUrl\":\"https:\\\/\\\/nature-et-developpement.com\\\/logisain-78\\\/wp-content\\\/uploads\\\/Chaux-formulee-Tradical-Thermo-pour-Betons-Chanvre-Tradical.jpg\"},{\"@type\":\"BreadcrumbList\",\"@id\":\"https:\\\/\\\/nature-et-developpement.com\\\/logisain-78\\\/produit\\\/chaux-formulee-tradical-thermo-pour-betons-chanvre-tradical\\\/#breadcrumb\",\"itemListElement\":[{\"@type\":\"ListItem\",\"position\":1,\"name\":\"Accueil\",\"item\":\"https:\\\/\\\/nature-et-developpement.com\\\/logisain-78\\\/\"},{\"@type\":\"ListItem\",\"position\":2,\"name\":\"Produits\",\"item\":\"https:\\\/\\\/nature-et-developpement.com\\\/logisain-78\\\/shop\\\/\"},{\"@type\":\"ListItem\",\"position\":3,\"name\":\"Construction, cloison et fen\u00eatres\",\"item\":\"https:\\\/\\\/nature-et-developpement.com\\\/logisain-78\\\/produits\\\/construction\\\/\"},{\"@type\":\"ListItem\",\"position\":4,\"name\":\"Ma\u00e7onnerie\",\"item\":\"https:\\\/\\\/nature-et-developpement.com\\\/logisain-78\\\/produits\\\/construction\\\/maconnerie\\\/\"},{\"@type\":\"ListItem\",\"position\":5,\"name\":\"Enduit de chaux TRADICAL THERMO\"}]},{\"@type\":\"WebSite\",\"@id\":\"https:\\\/\\\/nature-et-developpement.com\\\/logisain-78\\\/#website\",\"url\":\"https:\\\/\\\/nature-et-developpement.com\\\/logisain-78\\\/\",\"name\":\"LOGISAIN 78 \u2013 Magasin de mat\u00e9riaux biosourc\u00e9s\",\"description\":\"Logisain 78 est membre du groupement Nature &amp; D\u00e9veloppement\",\"publisher\":{\"@id\":\"https:\\\/\\\/nature-et-developpement.com\\\/logisain-78\\\/#organization\"},\"potentialAction\":[{\"@type\":\"SearchAction\",\"target\":{\"@type\":\"EntryPoint\",\"urlTemplate\":\"https:\\\/\\\/nature-et-developpement.com\\\/logisain-78\\\/?s={search_term_string}\"},\"query-input\":{\"@type\":\"PropertyValueSpecification\",\"valueRequired\":true,\"valueName\":\"search_term_string\"}}],\"inLanguage\":\"fr-FR\"},{\"@type\":\"Organization\",\"@id\":\"https:\\\/\\\/nature-et-developpement.com\\\/logisain-78\\\/#organization\",\"name\":\"Logisain 78\",\"url\":\"https:\\\/\\\/nature-et-developpement.com\\\/logisain-78\\\/\",\"logo\":{\"@type\":\"ImageObject\",\"inLanguage\":\"fr-FR\",\"@id\":\"https:\\\/\\\/nature-et-developpement.com\\\/logisain-78\\\/#\\\/schema\\\/logo\\\/image\\\/\",\"url\":\"https:\\\/\\\/nature-et-developpement.com\\\/logisain-78\\\/wp-content\\\/uploads\\\/sites\\\/5\\\/2021\\\/08\\\/logo-logisain.jpg\",\"contentUrl\":\"https:\\\/\\\/nature-et-developpement.com\\\/logisain-78\\\/wp-content\\\/uploads\\\/sites\\\/5\\\/2021\\\/08\\\/logo-logisain.jpg\",\"width\":672,\"height\":455,\"caption\":\"Logisain 78\"},\"image\":{\"@id\":\"https:\\\/\\\/nature-et-developpement.com\\\/logisain-78\\\/#\\\/schema\\\/logo\\\/image\\\/\"}}]}<\/script>\n<!-- \/ Yoast SEO plugin. -->","yoast_head_json":{"title":"Enduit de chaux TRADICAL THERMO","description":"Chaux formul\u00e9e pour B\u00e9tons de chanvre.","robots":{"index":"noindex","follow":"nofollow"},"og_locale":"fr_FR","og_type":"article","og_title":"Enduit de chaux TRADICAL THERMO","og_description":"Chaux formul\u00e9e pour B\u00e9tons de chanvre.","og_url":"https:\/\/nature-et-developpement.com\/logisain-78\/produit\/chaux-formulee-tradical-thermo-pour-betons-chanvre-tradical\/","og_site_name":"LOGISAIN 78 \u2013 Magasin de mat\u00e9riaux biosourc\u00e9s","article_modified_time":"2025-06-18T10:10:08+00:00","twitter_card":"summary_large_image","twitter_misc":{"Dur\u00e9e de lecture estim\u00e9e":"1 minute"},"schema":{"@context":"https:\/\/schema.org","@graph":[{"@type":"WebPage","@id":"https:\/\/nature-et-developpement.com\/logisain-78\/produit\/chaux-formulee-tradical-thermo-pour-betons-chanvre-tradical\/","url":"https:\/\/nature-et-developpement.com\/logisain-78\/produit\/chaux-formulee-tradical-thermo-pour-betons-chanvre-tradical\/","name":"Enduit de chaux TRADICAL THERMO","isPartOf":{"@id":"https:\/\/nature-et-developpement.com\/logisain-78\/#website"},"primaryImageOfPage":{"@id":"https:\/\/nature-et-developpement.com\/logisain-78\/produit\/chaux-formulee-tradical-thermo-pour-betons-chanvre-tradical\/#primaryimage"},"image":{"@id":"https:\/\/nature-et-developpement.com\/logisain-78\/produit\/chaux-formulee-tradical-thermo-pour-betons-chanvre-tradical\/#primaryimage"},"thumbnailUrl":"https:\/\/nature-et-developpement.com\/logisain-78\/wp-content\/uploads\/Chaux-formulee-Tradical-Thermo-pour-Betons-Chanvre-Tradical.jpg","datePublished":"2021-03-24T15:11:52+00:00","dateModified":"2025-06-18T10:10:08+00:00","description":"Chaux formul\u00e9e pour B\u00e9tons de chanvre.","breadcrumb":{"@id":"https:\/\/nature-et-developpement.com\/logisain-78\/produit\/chaux-formulee-tradical-thermo-pour-betons-chanvre-tradical\/#breadcrumb"},"inLanguage":"fr-FR","potentialAction":[{"@type":"ReadAction","target":["https:\/\/nature-et-developpement.com\/logisain-78\/produit\/chaux-formulee-tradical-thermo-pour-betons-chanvre-tradical\/"]}]},{"@type":"ImageObject","inLanguage":"fr-FR","@id":"https:\/\/nature-et-developpement.com\/logisain-78\/produit\/chaux-formulee-tradical-thermo-pour-betons-chanvre-tradical\/#primaryimage","url":"https:\/\/nature-et-developpement.com\/logisain-78\/wp-content\/uploads\/Chaux-formulee-Tradical-Thermo-pour-Betons-Chanvre-Tradical.jpg","contentUrl":"https:\/\/nature-et-developpement.com\/logisain-78\/wp-content\/uploads\/Chaux-formulee-Tradical-Thermo-pour-Betons-Chanvre-Tradical.jpg"},{"@type":"BreadcrumbList","@id":"https:\/\/nature-et-developpement.com\/logisain-78\/produit\/chaux-formulee-tradical-thermo-pour-betons-chanvre-tradical\/#breadcrumb","itemListElement":[{"@type":"ListItem","position":1,"name":"Accueil","item":"https:\/\/nature-et-developpement.com\/logisain-78\/"},{"@type":"ListItem","position":2,"name":"Produits","item":"https:\/\/nature-et-developpement.com\/logisain-78\/shop\/"},{"@type":"ListItem","position":3,"name":"Construction, cloison et fen\u00eatres","item":"https:\/\/nature-et-developpement.com\/logisain-78\/produits\/construction\/"},{"@type":"ListItem","position":4,"name":"Ma\u00e7onnerie","item":"https:\/\/nature-et-developpement.com\/logisain-78\/produits\/construction\/maconnerie\/"},{"@type":"ListItem","position":5,"name":"Enduit de chaux TRADICAL THERMO"}]},{"@type":"WebSite","@id":"https:\/\/nature-et-developpement.com\/logisain-78\/#website","url":"https:\/\/nature-et-developpement.com\/logisain-78\/","name":"LOGISAIN 78 \u2013 Magasin de mat\u00e9riaux biosourc\u00e9s","description":"Logisain 78 est membre du groupement Nature &amp; D\u00e9veloppement","publisher":{"@id":"https:\/\/nature-et-developpement.com\/logisain-78\/#organization"},"potentialAction":[{"@type":"SearchAction","target":{"@type":"EntryPoint","urlTemplate":"https:\/\/nature-et-developpement.com\/logisain-78\/?s={search_term_string}"},"query-input":{"@type":"PropertyValueSpecification","valueRequired":true,"valueName":"search_term_string"}}],"inLanguage":"fr-FR"},{"@type":"Organization","@id":"https:\/\/nature-et-developpement.com\/logisain-78\/#organization","name":"Logisain 78","url":"https:\/\/nature-et-developpement.com\/logisain-78\/","logo":{"@type":"ImageObject","inLanguage":"fr-FR","@id":"https:\/\/nature-et-developpement.com\/logisain-78\/#\/schema\/logo\/image\/","url":"https:\/\/nature-et-developpement.com\/logisain-78\/wp-content\/uploads\/sites\/5\/2021\/08\/logo-logisain.jpg","contentUrl":"https:\/\/nature-et-developpement.com\/logisain-78\/wp-content\/uploads\/sites\/5\/2021\/08\/logo-logisain.jpg","width":672,"height":455,"caption":"Logisain 78"},"image":{"@id":"https:\/\/nature-et-developpement.com\/logisain-78\/#\/schema\/logo\/image\/"}}]}},"distributor_meta":false,"distributor_terms":false,"distributor_media":false,"distributor_original_site_name":"LOGISAIN 78 \u2013 Magasin de mat\u00e9riaux biosourc\u00e9s","distributor_original_site_url":"https:\/\/nature-et-developpement.com\/logisain-78","push-errors":false,"_links":{"self":[{"href":"https:\/\/nature-et-developpement.com\/logisain-78\/wp-json\/wp\/v2\/product\/416","targetHints":{"allow":["GET"]}}],"collection":[{"href":"https:\/\/nature-et-developpement.com\/logisain-78\/wp-json\/wp\/v2\/product"}],"about":[{"href":"https:\/\/nature-et-developpement.com\/logisain-78\/wp-json\/wp\/v2\/types\/product"}],"wp:featuredmedia":[{"embeddable":true,"href":"https:\/\/nature-et-developpement.com\/logisain-78\/wp-json\/"}],"wp:attachment":[{"href":"https:\/\/nature-et-developpement.com\/logisain-78\/wp-json\/wp\/v2\/media?parent=416"}],"wp:term":[{"taxonomy":"product_brand","embeddable":true,"href":"https:\/\/nature-et-developpement.com\/logisain-78\/wp-json\/wp\/v2\/product_brand?post=416"},{"taxonomy":"product_cat","embeddable":true,"href":"https:\/\/nature-et-developpement.com\/logisain-78\/wp-json\/wp\/v2\/product_cat?post=416"},{"taxonomy":"product_tag","embeddable":true,"href":"https:\/\/nature-et-developpement.com\/logisain-78\/wp-json\/wp\/v2\/product_tag?post=416"}],"curies":[{"name":"wp","href":"https:\/\/api.w.org\/{rel}","templated":true}]}}