{"id":432,"date":"2021-03-24T16:11:19","date_gmt":"2021-03-24T15:11:19","guid":{"rendered":"https:\/\/nature-et-developpement.com\/logisain78\/produit\/enduit-de-chaux-tradical-pf-80m\/"},"modified":"2025-06-12T16:57:33","modified_gmt":"2025-06-12T14:57:33","slug":"chaux-aerienne-formulee-tradical-pf-80m-pour-enduit-isolant","status":"publish","type":"product","link":"https:\/\/nature-et-developpement.com\/logisain-78\/produit\/chaux-aerienne-formulee-tradical-pf-80m-pour-enduit-isolant\/","title":{"rendered":"Chaux a\u00e9rienne formul\u00e9e TRADICAL PF 80 M pour enduit isolant"},"content":{"rendered":"<p>TRADICAL PF 80 M est une chaux a\u00e9rienne formul\u00e9e de classe FL A 2 conforme \u00e0 la norme NF EN 459, compl\u00e9t\u00e9e par des charges min\u00e9rales, destin\u00e9e\u00a0:<\/p>\n<ol>\n<li>apr\u00e8s m\u00e9lange avec l\u2019agr\u00e9gat v\u00e9g\u00e9tal CHANVRIBAT, \u00e0 la r\u00e9alisation d\u2019enduit \u00e0 caract\u00e8re isolant int\u00e9rieurs et ext\u00e9rieurs, sur tous types de supports propres et sains, conform\u00e9ment aux R\u00e8gles Professionnelles d\u2019Ex\u00e9cution d\u2019Ouvrage en B\u00e9ton de Chanvre : chap. application d\u2019enduit.<\/li>\n<li>apr\u00e8s m\u00e9lange avec des agr\u00e9gats (sable) et g\u00e2ch\u00e9 \u00e0 l\u2019eau, \u00e0 r\u00e9aliser les gobetis, corps d\u2019enduit et enduit monomasse traditionnels en conformit\u00e9 avec le DTU 26.1.<\/li>\n<\/ol>\n<h3><span style=\"text-decoration: underline\">La chaux, mat\u00e9riau d&rsquo;avenir.<\/span><\/h3>\n<p>La durabilit\u00e9 des ouvrages d\u00e9pend largement de leur capacit\u00e9 \u00e0 supporter les d\u00e9formations. Dans le cas d\u2019ouvrages en ma\u00e7onnerie, cette facult\u00e9 est largement li\u00e9e aux caract\u00e9ristiques des mortiers de pose qui doivent associer des qualit\u00e9s de r\u00e9sistance \u00e0 la compression et d\u2019\u00e9lasticit\u00e9. La chaux permet d\u2019obtenir ces caract\u00e9ristiques et surtout de les conserver.<\/p>\n<p>La chaux a\u00e9rienne produite aujourd&rsquo;hui par les usines du Groupe Lhoist est, gr\u00e2ce \u00e0 la ma\u00eetrise de toute la cha\u00eene de production, un mat\u00e9riau moderne permettant l\u2019\u00e9laboration de produits de haute technologie.<\/p>\n<p>Une gamme compl\u00e8te de chaux a\u00e9riennes pures ou compos\u00e9es selon des crit\u00e8res (finesse, r\u00e9activit\u00e9, taux de chaux libre\u2026) et des niveaux qualitatifs accrus, garantit d\u00e9sormais des utilisations s\u00e9curis\u00e9es.<\/p>\n<ul>\n<li>Coefficient de conductivit\u00e9 thermique : \u2264 0,18<\/li>\n<li>Densit\u00e9 : = 0,57 \u00b1 0,02<\/li>\n<li>Silice soluble (hydraulicit\u00e9) : \u2264 7,2 %<\/li>\n<li>Teneur en CO2 : \u2264 13 %<\/li>\n<li>Adjuvants (collo\u00efdes v\u00e9g\u00e9taux et surfactants) : \u2264 0,8 %<\/li>\n<li>R\u00e9tention d\u2019eau : \u2265 73 %<\/li>\n<li>Granulom\u00e9trie : &lt; 90 \u00b5m<\/li>\n<li>Traction\/Flexion : \u2265 0,3 N\/mm\u00b2<\/li>\n<li>Compression : \u2265 1 N\/mm\u00b2<\/li>\n<\/ul>\n","protected":false},"excerpt":{"rendered":"<p>Chaux a\u00e9rienne formul\u00e9e pour enduit isolant int\u00e9rieurs et ext\u00e9rieurs \u00e0 base de granulats v\u00e9g\u00e9tal.<\/p>\n<p>En ajoutant des charges min\u00e9rales il peut aussi servir \u00e0 r\u00e9aliser des gobetis, corps d\u2019enduit et enduit monomasse traditionnels.<\/p>\n","protected":false},"featured_media":1000000169913,"template":"","meta":[],"product_brand":[2869],"product_cat":[173],"product_tag":[4295],"class_list":{"0":"post-432","1":"product","2":"type-product","3":"status-publish","4":"has-post-thumbnail","6":"product_brand-tradical","7":"product_cat-maconnerie","8":"product_tag-chaux","9":"product_shipping_class-sac-de-25kg","11":"first","12":"instock","13":"taxable","14":"shipping-taxable","15":"purchasable","16":"product-type-variable"},"yoast_head":"<!-- This site is optimized with the Yoast SEO plugin v27.5 - https:\/\/yoast.com\/product\/yoast-seo-wordpress\/ -->\n<title>Chaux a\u00e9rienne formul\u00e9e TRADICAL PF 80 M pour enduit isolant<\/title>\n<meta name=\"description\" content=\"Chaux a\u00e9rienne formul\u00e9e pour enduit isolant int\u00e9rieurs et ext\u00e9rieurs \u00e0 base de granulats v\u00e9g\u00e9tal.  En ajoutant des charges min\u00e9rales il peut aussi servir \u00e0 r\u00e9aliser des gobetis, corps d\u2019enduit et enduit monomasse traditionnels.\" \/>\n<meta name=\"robots\" content=\"noindex, follow\" \/>\n<meta property=\"og:locale\" content=\"fr_FR\" \/>\n<meta property=\"og:type\" content=\"article\" \/>\n<meta property=\"og:title\" content=\"Chaux a\u00e9rienne formul\u00e9e TRADICAL PF 80 M pour enduit isolant\" \/>\n<meta property=\"og:description\" content=\"Chaux a\u00e9rienne formul\u00e9e pour enduit isolant int\u00e9rieurs et ext\u00e9rieurs \u00e0 base de granulats v\u00e9g\u00e9tal.  En ajoutant des charges min\u00e9rales il peut aussi servir \u00e0 r\u00e9aliser des gobetis, corps d\u2019enduit et enduit monomasse traditionnels.\" \/>\n<meta property=\"og:url\" content=\"https:\/\/nature-et-developpement.com\/logisain-78\/produit\/chaux-aerienne-formulee-tradical-pf-80m-pour-enduit-isolant\/\" \/>\n<meta property=\"og:site_name\" content=\"LOGISAIN 78 \u2013 Magasin de mat\u00e9riaux biosourc\u00e9s\" \/>\n<meta property=\"article:modified_time\" content=\"2025-06-12T14:57:33+00:00\" \/>\n<meta name=\"twitter:card\" content=\"summary_large_image\" \/>\n<meta name=\"twitter:label1\" content=\"Dur\u00e9e de lecture estim\u00e9e\" \/>\n\t<meta name=\"twitter:data1\" content=\"1 minute\" \/>\n<script type=\"application\/ld+json\" class=\"yoast-schema-graph\">{\"@context\":\"https:\\\/\\\/schema.org\",\"@graph\":[{\"@type\":\"WebPage\",\"@id\":\"https:\\\/\\\/nature-et-developpement.com\\\/logisain-78\\\/produit\\\/chaux-aerienne-formulee-tradical-pf-80m-pour-enduit-isolant\\\/\",\"url\":\"https:\\\/\\\/nature-et-developpement.com\\\/logisain-78\\\/produit\\\/chaux-aerienne-formulee-tradical-pf-80m-pour-enduit-isolant\\\/\",\"name\":\"Chaux a\u00e9rienne formul\u00e9e TRADICAL PF 80 M pour enduit isolant\",\"isPartOf\":{\"@id\":\"https:\\\/\\\/nature-et-developpement.com\\\/logisain-78\\\/#website\"},\"primaryImageOfPage\":{\"@id\":\"https:\\\/\\\/nature-et-developpement.com\\\/logisain-78\\\/produit\\\/chaux-aerienne-formulee-tradical-pf-80m-pour-enduit-isolant\\\/#primaryimage\"},\"image\":{\"@id\":\"https:\\\/\\\/nature-et-developpement.com\\\/logisain-78\\\/produit\\\/chaux-aerienne-formulee-tradical-pf-80m-pour-enduit-isolant\\\/#primaryimage\"},\"thumbnailUrl\":\"https:\\\/\\\/nature-et-developpement.com\\\/logisain-78\\\/wp-content\\\/uploads\\\/Chaux-aerienne-formulee-TRADICAL-PF-80M-pour-enduit-isolant.jpg\",\"datePublished\":\"2021-03-24T15:11:19+00:00\",\"dateModified\":\"2025-06-12T14:57:33+00:00\",\"description\":\"Chaux a\u00e9rienne formul\u00e9e pour enduit isolant int\u00e9rieurs et ext\u00e9rieurs \u00e0 base de granulats v\u00e9g\u00e9tal. En ajoutant des charges min\u00e9rales il peut aussi servir \u00e0 r\u00e9aliser des gobetis, corps d\u2019enduit et enduit monomasse traditionnels.\",\"breadcrumb\":{\"@id\":\"https:\\\/\\\/nature-et-developpement.com\\\/logisain-78\\\/produit\\\/chaux-aerienne-formulee-tradical-pf-80m-pour-enduit-isolant\\\/#breadcrumb\"},\"inLanguage\":\"fr-FR\",\"potentialAction\":[{\"@type\":\"ReadAction\",\"target\":[\"https:\\\/\\\/nature-et-developpement.com\\\/logisain-78\\\/produit\\\/chaux-aerienne-formulee-tradical-pf-80m-pour-enduit-isolant\\\/\"]}]},{\"@type\":\"ImageObject\",\"inLanguage\":\"fr-FR\",\"@id\":\"https:\\\/\\\/nature-et-developpement.com\\\/logisain-78\\\/produit\\\/chaux-aerienne-formulee-tradical-pf-80m-pour-enduit-isolant\\\/#primaryimage\",\"url\":\"https:\\\/\\\/nature-et-developpement.com\\\/logisain-78\\\/wp-content\\\/uploads\\\/Chaux-aerienne-formulee-TRADICAL-PF-80M-pour-enduit-isolant.jpg\",\"contentUrl\":\"https:\\\/\\\/nature-et-developpement.com\\\/logisain-78\\\/wp-content\\\/uploads\\\/Chaux-aerienne-formulee-TRADICAL-PF-80M-pour-enduit-isolant.jpg\"},{\"@type\":\"BreadcrumbList\",\"@id\":\"https:\\\/\\\/nature-et-developpement.com\\\/logisain-78\\\/produit\\\/chaux-aerienne-formulee-tradical-pf-80m-pour-enduit-isolant\\\/#breadcrumb\",\"itemListElement\":[{\"@type\":\"ListItem\",\"position\":1,\"name\":\"Accueil\",\"item\":\"https:\\\/\\\/nature-et-developpement.com\\\/logisain-78\\\/\"},{\"@type\":\"ListItem\",\"position\":2,\"name\":\"Produits\",\"item\":\"https:\\\/\\\/nature-et-developpement.com\\\/logisain-78\\\/shop\\\/\"},{\"@type\":\"ListItem\",\"position\":3,\"name\":\"Construction, cloison et fen\u00eatres\",\"item\":\"https:\\\/\\\/nature-et-developpement.com\\\/logisain-78\\\/produits\\\/construction\\\/\"},{\"@type\":\"ListItem\",\"position\":4,\"name\":\"Ma\u00e7onnerie\",\"item\":\"https:\\\/\\\/nature-et-developpement.com\\\/logisain-78\\\/produits\\\/construction\\\/maconnerie\\\/\"},{\"@type\":\"ListItem\",\"position\":5,\"name\":\"Chaux a\u00e9rienne formul\u00e9e TRADICAL PF 80 M pour enduit isolant\"}]},{\"@type\":\"WebSite\",\"@id\":\"https:\\\/\\\/nature-et-developpement.com\\\/logisain-78\\\/#website\",\"url\":\"https:\\\/\\\/nature-et-developpement.com\\\/logisain-78\\\/\",\"name\":\"LOGISAIN 78 \u2013 Magasin de mat\u00e9riaux biosourc\u00e9s\",\"description\":\"Logisain 78 est membre du groupement Nature &amp; D\u00e9veloppement\",\"publisher\":{\"@id\":\"https:\\\/\\\/nature-et-developpement.com\\\/logisain-78\\\/#organization\"},\"potentialAction\":[{\"@type\":\"SearchAction\",\"target\":{\"@type\":\"EntryPoint\",\"urlTemplate\":\"https:\\\/\\\/nature-et-developpement.com\\\/logisain-78\\\/?s={search_term_string}\"},\"query-input\":{\"@type\":\"PropertyValueSpecification\",\"valueRequired\":true,\"valueName\":\"search_term_string\"}}],\"inLanguage\":\"fr-FR\"},{\"@type\":\"Organization\",\"@id\":\"https:\\\/\\\/nature-et-developpement.com\\\/logisain-78\\\/#organization\",\"name\":\"Logisain 78\",\"url\":\"https:\\\/\\\/nature-et-developpement.com\\\/logisain-78\\\/\",\"logo\":{\"@type\":\"ImageObject\",\"inLanguage\":\"fr-FR\",\"@id\":\"https:\\\/\\\/nature-et-developpement.com\\\/logisain-78\\\/#\\\/schema\\\/logo\\\/image\\\/\",\"url\":\"https:\\\/\\\/nature-et-developpement.com\\\/logisain-78\\\/wp-content\\\/uploads\\\/sites\\\/5\\\/2021\\\/08\\\/logo-logisain.jpg\",\"contentUrl\":\"https:\\\/\\\/nature-et-developpement.com\\\/logisain-78\\\/wp-content\\\/uploads\\\/sites\\\/5\\\/2021\\\/08\\\/logo-logisain.jpg\",\"width\":672,\"height\":455,\"caption\":\"Logisain 78\"},\"image\":{\"@id\":\"https:\\\/\\\/nature-et-developpement.com\\\/logisain-78\\\/#\\\/schema\\\/logo\\\/image\\\/\"}}]}<\/script>\n<!-- \/ Yoast SEO plugin. -->","yoast_head_json":{"title":"Chaux a\u00e9rienne formul\u00e9e TRADICAL PF 80 M pour enduit isolant","description":"Chaux a\u00e9rienne formul\u00e9e pour enduit isolant int\u00e9rieurs et ext\u00e9rieurs \u00e0 base de granulats v\u00e9g\u00e9tal.  En ajoutant des charges min\u00e9rales il peut aussi servir \u00e0 r\u00e9aliser des gobetis, corps d\u2019enduit et enduit monomasse traditionnels.","robots":{"index":"noindex","follow":"follow"},"og_locale":"fr_FR","og_type":"article","og_title":"Chaux a\u00e9rienne formul\u00e9e TRADICAL PF 80 M pour enduit isolant","og_description":"Chaux a\u00e9rienne formul\u00e9e pour enduit isolant int\u00e9rieurs et ext\u00e9rieurs \u00e0 base de granulats v\u00e9g\u00e9tal.  En ajoutant des charges min\u00e9rales il peut aussi servir \u00e0 r\u00e9aliser des gobetis, corps d\u2019enduit et enduit monomasse traditionnels.","og_url":"https:\/\/nature-et-developpement.com\/logisain-78\/produit\/chaux-aerienne-formulee-tradical-pf-80m-pour-enduit-isolant\/","og_site_name":"LOGISAIN 78 \u2013 Magasin de mat\u00e9riaux biosourc\u00e9s","article_modified_time":"2025-06-12T14:57:33+00:00","twitter_card":"summary_large_image","twitter_misc":{"Dur\u00e9e de lecture estim\u00e9e":"1 minute"},"schema":{"@context":"https:\/\/schema.org","@graph":[{"@type":"WebPage","@id":"https:\/\/nature-et-developpement.com\/logisain-78\/produit\/chaux-aerienne-formulee-tradical-pf-80m-pour-enduit-isolant\/","url":"https:\/\/nature-et-developpement.com\/logisain-78\/produit\/chaux-aerienne-formulee-tradical-pf-80m-pour-enduit-isolant\/","name":"Chaux a\u00e9rienne formul\u00e9e TRADICAL PF 80 M pour enduit isolant","isPartOf":{"@id":"https:\/\/nature-et-developpement.com\/logisain-78\/#website"},"primaryImageOfPage":{"@id":"https:\/\/nature-et-developpement.com\/logisain-78\/produit\/chaux-aerienne-formulee-tradical-pf-80m-pour-enduit-isolant\/#primaryimage"},"image":{"@id":"https:\/\/nature-et-developpement.com\/logisain-78\/produit\/chaux-aerienne-formulee-tradical-pf-80m-pour-enduit-isolant\/#primaryimage"},"thumbnailUrl":"https:\/\/nature-et-developpement.com\/logisain-78\/wp-content\/uploads\/Chaux-aerienne-formulee-TRADICAL-PF-80M-pour-enduit-isolant.jpg","datePublished":"2021-03-24T15:11:19+00:00","dateModified":"2025-06-12T14:57:33+00:00","description":"Chaux a\u00e9rienne formul\u00e9e pour enduit isolant int\u00e9rieurs et ext\u00e9rieurs \u00e0 base de granulats v\u00e9g\u00e9tal. En ajoutant des charges min\u00e9rales il peut aussi servir \u00e0 r\u00e9aliser des gobetis, corps d\u2019enduit et enduit monomasse traditionnels.","breadcrumb":{"@id":"https:\/\/nature-et-developpement.com\/logisain-78\/produit\/chaux-aerienne-formulee-tradical-pf-80m-pour-enduit-isolant\/#breadcrumb"},"inLanguage":"fr-FR","potentialAction":[{"@type":"ReadAction","target":["https:\/\/nature-et-developpement.com\/logisain-78\/produit\/chaux-aerienne-formulee-tradical-pf-80m-pour-enduit-isolant\/"]}]},{"@type":"ImageObject","inLanguage":"fr-FR","@id":"https:\/\/nature-et-developpement.com\/logisain-78\/produit\/chaux-aerienne-formulee-tradical-pf-80m-pour-enduit-isolant\/#primaryimage","url":"https:\/\/nature-et-developpement.com\/logisain-78\/wp-content\/uploads\/Chaux-aerienne-formulee-TRADICAL-PF-80M-pour-enduit-isolant.jpg","contentUrl":"https:\/\/nature-et-developpement.com\/logisain-78\/wp-content\/uploads\/Chaux-aerienne-formulee-TRADICAL-PF-80M-pour-enduit-isolant.jpg"},{"@type":"BreadcrumbList","@id":"https:\/\/nature-et-developpement.com\/logisain-78\/produit\/chaux-aerienne-formulee-tradical-pf-80m-pour-enduit-isolant\/#breadcrumb","itemListElement":[{"@type":"ListItem","position":1,"name":"Accueil","item":"https:\/\/nature-et-developpement.com\/logisain-78\/"},{"@type":"ListItem","position":2,"name":"Produits","item":"https:\/\/nature-et-developpement.com\/logisain-78\/shop\/"},{"@type":"ListItem","position":3,"name":"Construction, cloison et fen\u00eatres","item":"https:\/\/nature-et-developpement.com\/logisain-78\/produits\/construction\/"},{"@type":"ListItem","position":4,"name":"Ma\u00e7onnerie","item":"https:\/\/nature-et-developpement.com\/logisain-78\/produits\/construction\/maconnerie\/"},{"@type":"ListItem","position":5,"name":"Chaux a\u00e9rienne formul\u00e9e TRADICAL PF 80 M pour enduit isolant"}]},{"@type":"WebSite","@id":"https:\/\/nature-et-developpement.com\/logisain-78\/#website","url":"https:\/\/nature-et-developpement.com\/logisain-78\/","name":"LOGISAIN 78 \u2013 Magasin de mat\u00e9riaux biosourc\u00e9s","description":"Logisain 78 est membre du groupement Nature &amp; D\u00e9veloppement","publisher":{"@id":"https:\/\/nature-et-developpement.com\/logisain-78\/#organization"},"potentialAction":[{"@type":"SearchAction","target":{"@type":"EntryPoint","urlTemplate":"https:\/\/nature-et-developpement.com\/logisain-78\/?s={search_term_string}"},"query-input":{"@type":"PropertyValueSpecification","valueRequired":true,"valueName":"search_term_string"}}],"inLanguage":"fr-FR"},{"@type":"Organization","@id":"https:\/\/nature-et-developpement.com\/logisain-78\/#organization","name":"Logisain 78","url":"https:\/\/nature-et-developpement.com\/logisain-78\/","logo":{"@type":"ImageObject","inLanguage":"fr-FR","@id":"https:\/\/nature-et-developpement.com\/logisain-78\/#\/schema\/logo\/image\/","url":"https:\/\/nature-et-developpement.com\/logisain-78\/wp-content\/uploads\/sites\/5\/2021\/08\/logo-logisain.jpg","contentUrl":"https:\/\/nature-et-developpement.com\/logisain-78\/wp-content\/uploads\/sites\/5\/2021\/08\/logo-logisain.jpg","width":672,"height":455,"caption":"Logisain 78"},"image":{"@id":"https:\/\/nature-et-developpement.com\/logisain-78\/#\/schema\/logo\/image\/"}}]}},"distributor_meta":false,"distributor_terms":false,"distributor_media":false,"distributor_original_site_name":"LOGISAIN 78 \u2013 Magasin de mat\u00e9riaux biosourc\u00e9s","distributor_original_site_url":"https:\/\/nature-et-developpement.com\/logisain-78","push-errors":false,"_links":{"self":[{"href":"https:\/\/nature-et-developpement.com\/logisain-78\/wp-json\/wp\/v2\/product\/432","targetHints":{"allow":["GET"]}}],"collection":[{"href":"https:\/\/nature-et-developpement.com\/logisain-78\/wp-json\/wp\/v2\/product"}],"about":[{"href":"https:\/\/nature-et-developpement.com\/logisain-78\/wp-json\/wp\/v2\/types\/product"}],"wp:featuredmedia":[{"embeddable":true,"href":"https:\/\/nature-et-developpement.com\/logisain-78\/wp-json\/"}],"wp:attachment":[{"href":"https:\/\/nature-et-developpement.com\/logisain-78\/wp-json\/wp\/v2\/media?parent=432"}],"wp:term":[{"taxonomy":"product_brand","embeddable":true,"href":"https:\/\/nature-et-developpement.com\/logisain-78\/wp-json\/wp\/v2\/product_brand?post=432"},{"taxonomy":"product_cat","embeddable":true,"href":"https:\/\/nature-et-developpement.com\/logisain-78\/wp-json\/wp\/v2\/product_cat?post=432"},{"taxonomy":"product_tag","embeddable":true,"href":"https:\/\/nature-et-developpement.com\/logisain-78\/wp-json\/wp\/v2\/product_tag?post=432"}],"curies":[{"name":"wp","href":"https:\/\/api.w.org\/{rel}","templated":true}]}}