{"id":465,"date":"2021-03-24T16:10:27","date_gmt":"2021-03-24T15:10:27","guid":{"rendered":"https:\/\/nature-et-developpement.com\/logisain78\/produit\/enduit-decoratif-tradical-decor\/"},"modified":"2025-06-12T16:57:33","modified_gmt":"2025-06-12T14:57:33","slug":"enduit-decoratif-tradical-decor-2","status":"publish","type":"product","link":"https:\/\/nature-et-developpement.com\/logisain-78\/produit\/enduit-decoratif-tradical-decor-2\/","title":{"rendered":"Enduit d\u00e9coratif Tradical D\u00e9cor"},"content":{"rendered":"<p>Les chaux ont \u00e9galement une carte \u00e0 jouer en ce qui concerne la finition int\u00e9rieure et la d\u00e9coration. Tradical a donc d\u00e9velopp\u00e9 une gamme r\u00e9pondant \u00e0 divers crit\u00e8res de finitions (taloch\u00e9, liss\u00e9, stuqu\u00e9) qui int\u00e8gre une palette de 80 couleurs.<\/p>\n<p>La chaux Tradical D\u00e9cor est un enduit \u00e0 forte perm\u00e9ance qui permet de valoriser les performances hygriques et thermiques des supports int\u00e9rieurs. Particuli\u00e8rement sur le b\u00e9ton de chanvre, la brique et le b\u00e9ton cellulaire qui sont employ\u00e9s dans le cadre de constructions satisfaisant \u00e0 la RT 2012.<\/p>\n<p>Mise en \u0153uvre en 1 ou 2 passes d\u2019environs 3mm selon l\u2019h\u00e9t\u00e9rog\u00e9n\u00e9it\u00e9 du support (consommation : 1,2 kg\/m\u00b2\/mm, environ). En cas de support assez h\u00e9t\u00e9rog\u00e8ne, la premi\u00e8re couche peut faire jusqu\u2019\u00e0 5mm, et devra s\u00e9cher au minimum 3 jours avant r\u00e9-humidification.<\/p>\n<h3><\/h3>\n<h3><span style=\"text-decoration: underline\">La chaux, mat\u00e9riau d&rsquo;avenir.<\/span><\/h3>\n<p>La durabilit\u00e9 des ouvrages d\u00e9pend largement de leur capacit\u00e9 \u00e0 supporter les d\u00e9formations. Dans le cas d\u2019ouvrages en ma\u00e7onnerie, cette facult\u00e9 est largement li\u00e9e aux caract\u00e9ristiques des mortiers de pose qui doivent associer des qualit\u00e9s de r\u00e9sistance \u00e0 la compression et d\u2019\u00e9lasticit\u00e9. La chaux permet d\u2019obtenir ces caract\u00e9ristiques et surtout de les conserver.<\/p>\n<p>La chaux a\u00e9rienne produite aujourd&rsquo;hui par les usines du Groupe Lhoist est, gr\u00e2ce \u00e0 la ma\u00eetrise de toute la cha\u00eene de production, un mat\u00e9riau moderne permettant l\u2019\u00e9laboration de produits de haute technologie.<\/p>\n<p>Une gamme compl\u00e8te de chaux a\u00e9riennes pures ou compos\u00e9es selon des crit\u00e8res (finesse, r\u00e9activit\u00e9, taux de chaux libre\u2026) et des niveaux qualitatifs accrus, garantit d\u00e9sormais des utilisations s\u00e9curis\u00e9es.<\/p>\n<p>Tradical H98 est une chaux calcique \u00e9teinte en poudre, de classe CL 90 S conforme \u00e0 la NF EN 459 des chaux de construction. Extr\u00eamement pure et naturelle, elle est utilis\u00e9e pour la formulation d\u2019enduits, de mortiers et de badigeons, pour la r\u00e9alisation de travaux de restauration et de conservation, en particulier sur monuments historiques.<\/p>\n<ul>\n<li>Densit\u00e9 : &lt; 1,16 +\/- 0,05kg\/dm3<\/li>\n<li>Granulom\u00e9trie : 1mm<\/li>\n<\/ul>\n","protected":false},"excerpt":{"rendered":"<p>Produite en Franche-Comt\u00e9, la gamme Tradical D\u00e9cor offre des enduits d\u00e9coratifs \u00e0 la chaux pr\u00e9formul\u00e9s et un syst\u00e8me de mise \u00e0 la teinte de 80 r\u00e9f\u00e9rences.<\/p>\n<p>Elle permet de d\u00e9corer et mettre en valeur les performances du mur.<\/p>\n<p>Dans le concept global d&rsquo;un ouvrage \u00e0 performance hygrothermique, la d\u00e9coration int\u00e9rieure Tradical est le compl\u00e9ment indispensable au bon fonctionnement du mur.<\/p>\n","protected":false},"featured_media":1000000169921,"template":"","meta":[],"product_brand":[2869],"product_cat":[225],"product_tag":[4295],"class_list":{"0":"post-465","1":"product","2":"type-product","3":"status-publish","4":"has-post-thumbnail","6":"product_brand-tradical","7":"product_cat-enduits-naturels","8":"product_tag-chaux","9":"product_shipping_class-sac-de-25kg","11":"first","12":"instock","13":"taxable","14":"shipping-taxable","15":"purchasable","16":"product-type-variable"},"yoast_head":"<!-- This site is optimized with the Yoast SEO plugin v27.5 - https:\/\/yoast.com\/product\/yoast-seo-wordpress\/ -->\n<title>Enduit d\u00e9coratif Tradical D\u00e9cor<\/title>\n<meta name=\"description\" content=\"Produite en Franche-Comt\u00e9, la gamme Tradical D\u00e9cor offre des enduits d\u00e9coratifs \u00e0 la chaux pr\u00e9formul\u00e9s et un syst\u00e8me de mise \u00e0 la teinte de 80 r\u00e9f\u00e9rences.  Elle permet de d\u00e9corer et mettre en valeur les performances du mur.  Dans le concept global d&#039;un ouvrage \u00e0 performance hygrothermique, la d\u00e9coration int\u00e9rieure Tradical est le compl\u00e9ment indispensable au bon fonctionnement du mur.\" \/>\n<meta name=\"robots\" content=\"noindex, follow\" \/>\n<meta property=\"og:locale\" content=\"fr_FR\" \/>\n<meta property=\"og:type\" content=\"article\" \/>\n<meta property=\"og:title\" content=\"Enduit d\u00e9coratif Tradical D\u00e9cor\" \/>\n<meta property=\"og:description\" content=\"Produite en Franche-Comt\u00e9, la gamme Tradical D\u00e9cor offre des enduits d\u00e9coratifs \u00e0 la chaux pr\u00e9formul\u00e9s et un syst\u00e8me de mise \u00e0 la teinte de 80 r\u00e9f\u00e9rences.  Elle permet de d\u00e9corer et mettre en valeur les performances du mur.  Dans le concept global d&#039;un ouvrage \u00e0 performance hygrothermique, la d\u00e9coration int\u00e9rieure Tradical est le compl\u00e9ment indispensable au bon fonctionnement du mur.\" \/>\n<meta property=\"og:url\" content=\"https:\/\/nature-et-developpement.com\/logisain-78\/produit\/enduit-decoratif-tradical-decor-2\/\" \/>\n<meta property=\"og:site_name\" content=\"LOGISAIN 78 \u2013 Magasin de mat\u00e9riaux biosourc\u00e9s\" \/>\n<meta property=\"article:modified_time\" content=\"2025-06-12T14:57:33+00:00\" \/>\n<meta name=\"twitter:card\" content=\"summary_large_image\" \/>\n<meta name=\"twitter:label1\" content=\"Dur\u00e9e de lecture estim\u00e9e\" \/>\n\t<meta name=\"twitter:data1\" content=\"2 minutes\" \/>\n<script type=\"application\/ld+json\" class=\"yoast-schema-graph\">{\"@context\":\"https:\\\/\\\/schema.org\",\"@graph\":[{\"@type\":\"WebPage\",\"@id\":\"https:\\\/\\\/nature-et-developpement.com\\\/logisain-78\\\/produit\\\/enduit-decoratif-tradical-decor-2\\\/\",\"url\":\"https:\\\/\\\/nature-et-developpement.com\\\/logisain-78\\\/produit\\\/enduit-decoratif-tradical-decor-2\\\/\",\"name\":\"Enduit d\u00e9coratif Tradical D\u00e9cor\",\"isPartOf\":{\"@id\":\"https:\\\/\\\/nature-et-developpement.com\\\/logisain-78\\\/#website\"},\"primaryImageOfPage\":{\"@id\":\"https:\\\/\\\/nature-et-developpement.com\\\/logisain-78\\\/produit\\\/enduit-decoratif-tradical-decor-2\\\/#primaryimage\"},\"image\":{\"@id\":\"https:\\\/\\\/nature-et-developpement.com\\\/logisain-78\\\/produit\\\/enduit-decoratif-tradical-decor-2\\\/#primaryimage\"},\"thumbnailUrl\":\"https:\\\/\\\/nature-et-developpement.com\\\/logisain-78\\\/wp-content\\\/uploads\\\/Enduit-decoratif-Tradical-Decor.jpg\",\"datePublished\":\"2021-03-24T15:10:27+00:00\",\"dateModified\":\"2025-06-12T14:57:33+00:00\",\"description\":\"Produite en Franche-Comt\u00e9, la gamme Tradical D\u00e9cor offre des enduits d\u00e9coratifs \u00e0 la chaux pr\u00e9formul\u00e9s et un syst\u00e8me de mise \u00e0 la teinte de 80 r\u00e9f\u00e9rences. Elle permet de d\u00e9corer et mettre en valeur les performances du mur. Dans le concept global d'un ouvrage \u00e0 performance hygrothermique, la d\u00e9coration int\u00e9rieure Tradical est le compl\u00e9ment indispensable au bon fonctionnement du mur.\",\"breadcrumb\":{\"@id\":\"https:\\\/\\\/nature-et-developpement.com\\\/logisain-78\\\/produit\\\/enduit-decoratif-tradical-decor-2\\\/#breadcrumb\"},\"inLanguage\":\"fr-FR\",\"potentialAction\":[{\"@type\":\"ReadAction\",\"target\":[\"https:\\\/\\\/nature-et-developpement.com\\\/logisain-78\\\/produit\\\/enduit-decoratif-tradical-decor-2\\\/\"]}]},{\"@type\":\"ImageObject\",\"inLanguage\":\"fr-FR\",\"@id\":\"https:\\\/\\\/nature-et-developpement.com\\\/logisain-78\\\/produit\\\/enduit-decoratif-tradical-decor-2\\\/#primaryimage\",\"url\":\"https:\\\/\\\/nature-et-developpement.com\\\/logisain-78\\\/wp-content\\\/uploads\\\/Enduit-decoratif-Tradical-Decor.jpg\",\"contentUrl\":\"https:\\\/\\\/nature-et-developpement.com\\\/logisain-78\\\/wp-content\\\/uploads\\\/Enduit-decoratif-Tradical-Decor.jpg\"},{\"@type\":\"BreadcrumbList\",\"@id\":\"https:\\\/\\\/nature-et-developpement.com\\\/logisain-78\\\/produit\\\/enduit-decoratif-tradical-decor-2\\\/#breadcrumb\",\"itemListElement\":[{\"@type\":\"ListItem\",\"position\":1,\"name\":\"Accueil\",\"item\":\"https:\\\/\\\/nature-et-developpement.com\\\/logisain-78\\\/\"},{\"@type\":\"ListItem\",\"position\":2,\"name\":\"Produits\",\"item\":\"https:\\\/\\\/nature-et-developpement.com\\\/logisain-78\\\/shop\\\/\"},{\"@type\":\"ListItem\",\"position\":3,\"name\":\"Peinture, pigment et enduit\",\"item\":\"https:\\\/\\\/nature-et-developpement.com\\\/logisain-78\\\/produits\\\/peinture-et-enduit\\\/\"},{\"@type\":\"ListItem\",\"position\":4,\"name\":\"Enduits naturels\",\"item\":\"https:\\\/\\\/nature-et-developpement.com\\\/logisain-78\\\/produits\\\/peinture-et-enduit\\\/enduits-naturels\\\/\"},{\"@type\":\"ListItem\",\"position\":5,\"name\":\"Enduit d\u00e9coratif Tradical D\u00e9cor\"}]},{\"@type\":\"WebSite\",\"@id\":\"https:\\\/\\\/nature-et-developpement.com\\\/logisain-78\\\/#website\",\"url\":\"https:\\\/\\\/nature-et-developpement.com\\\/logisain-78\\\/\",\"name\":\"LOGISAIN 78 \u2013 Magasin de mat\u00e9riaux biosourc\u00e9s\",\"description\":\"Logisain 78 est membre du groupement Nature &amp; D\u00e9veloppement\",\"publisher\":{\"@id\":\"https:\\\/\\\/nature-et-developpement.com\\\/logisain-78\\\/#organization\"},\"potentialAction\":[{\"@type\":\"SearchAction\",\"target\":{\"@type\":\"EntryPoint\",\"urlTemplate\":\"https:\\\/\\\/nature-et-developpement.com\\\/logisain-78\\\/?s={search_term_string}\"},\"query-input\":{\"@type\":\"PropertyValueSpecification\",\"valueRequired\":true,\"valueName\":\"search_term_string\"}}],\"inLanguage\":\"fr-FR\"},{\"@type\":\"Organization\",\"@id\":\"https:\\\/\\\/nature-et-developpement.com\\\/logisain-78\\\/#organization\",\"name\":\"Logisain 78\",\"url\":\"https:\\\/\\\/nature-et-developpement.com\\\/logisain-78\\\/\",\"logo\":{\"@type\":\"ImageObject\",\"inLanguage\":\"fr-FR\",\"@id\":\"https:\\\/\\\/nature-et-developpement.com\\\/logisain-78\\\/#\\\/schema\\\/logo\\\/image\\\/\",\"url\":\"https:\\\/\\\/nature-et-developpement.com\\\/logisain-78\\\/wp-content\\\/uploads\\\/sites\\\/5\\\/2021\\\/08\\\/logo-logisain.jpg\",\"contentUrl\":\"https:\\\/\\\/nature-et-developpement.com\\\/logisain-78\\\/wp-content\\\/uploads\\\/sites\\\/5\\\/2021\\\/08\\\/logo-logisain.jpg\",\"width\":672,\"height\":455,\"caption\":\"Logisain 78\"},\"image\":{\"@id\":\"https:\\\/\\\/nature-et-developpement.com\\\/logisain-78\\\/#\\\/schema\\\/logo\\\/image\\\/\"}}]}<\/script>\n<!-- \/ Yoast SEO plugin. -->","yoast_head_json":{"title":"Enduit d\u00e9coratif Tradical D\u00e9cor","description":"Produite en Franche-Comt\u00e9, la gamme Tradical D\u00e9cor offre des enduits d\u00e9coratifs \u00e0 la chaux pr\u00e9formul\u00e9s et un syst\u00e8me de mise \u00e0 la teinte de 80 r\u00e9f\u00e9rences.  Elle permet de d\u00e9corer et mettre en valeur les performances du mur.  Dans le concept global d'un ouvrage \u00e0 performance hygrothermique, la d\u00e9coration int\u00e9rieure Tradical est le compl\u00e9ment indispensable au bon fonctionnement du mur.","robots":{"index":"noindex","follow":"follow"},"og_locale":"fr_FR","og_type":"article","og_title":"Enduit d\u00e9coratif Tradical D\u00e9cor","og_description":"Produite en Franche-Comt\u00e9, la gamme Tradical D\u00e9cor offre des enduits d\u00e9coratifs \u00e0 la chaux pr\u00e9formul\u00e9s et un syst\u00e8me de mise \u00e0 la teinte de 80 r\u00e9f\u00e9rences.  Elle permet de d\u00e9corer et mettre en valeur les performances du mur.  Dans le concept global d'un ouvrage \u00e0 performance hygrothermique, la d\u00e9coration int\u00e9rieure Tradical est le compl\u00e9ment indispensable au bon fonctionnement du mur.","og_url":"https:\/\/nature-et-developpement.com\/logisain-78\/produit\/enduit-decoratif-tradical-decor-2\/","og_site_name":"LOGISAIN 78 \u2013 Magasin de mat\u00e9riaux biosourc\u00e9s","article_modified_time":"2025-06-12T14:57:33+00:00","twitter_card":"summary_large_image","twitter_misc":{"Dur\u00e9e de lecture estim\u00e9e":"2 minutes"},"schema":{"@context":"https:\/\/schema.org","@graph":[{"@type":"WebPage","@id":"https:\/\/nature-et-developpement.com\/logisain-78\/produit\/enduit-decoratif-tradical-decor-2\/","url":"https:\/\/nature-et-developpement.com\/logisain-78\/produit\/enduit-decoratif-tradical-decor-2\/","name":"Enduit d\u00e9coratif Tradical D\u00e9cor","isPartOf":{"@id":"https:\/\/nature-et-developpement.com\/logisain-78\/#website"},"primaryImageOfPage":{"@id":"https:\/\/nature-et-developpement.com\/logisain-78\/produit\/enduit-decoratif-tradical-decor-2\/#primaryimage"},"image":{"@id":"https:\/\/nature-et-developpement.com\/logisain-78\/produit\/enduit-decoratif-tradical-decor-2\/#primaryimage"},"thumbnailUrl":"https:\/\/nature-et-developpement.com\/logisain-78\/wp-content\/uploads\/Enduit-decoratif-Tradical-Decor.jpg","datePublished":"2021-03-24T15:10:27+00:00","dateModified":"2025-06-12T14:57:33+00:00","description":"Produite en Franche-Comt\u00e9, la gamme Tradical D\u00e9cor offre des enduits d\u00e9coratifs \u00e0 la chaux pr\u00e9formul\u00e9s et un syst\u00e8me de mise \u00e0 la teinte de 80 r\u00e9f\u00e9rences. Elle permet de d\u00e9corer et mettre en valeur les performances du mur. Dans le concept global d'un ouvrage \u00e0 performance hygrothermique, la d\u00e9coration int\u00e9rieure Tradical est le compl\u00e9ment indispensable au bon fonctionnement du mur.","breadcrumb":{"@id":"https:\/\/nature-et-developpement.com\/logisain-78\/produit\/enduit-decoratif-tradical-decor-2\/#breadcrumb"},"inLanguage":"fr-FR","potentialAction":[{"@type":"ReadAction","target":["https:\/\/nature-et-developpement.com\/logisain-78\/produit\/enduit-decoratif-tradical-decor-2\/"]}]},{"@type":"ImageObject","inLanguage":"fr-FR","@id":"https:\/\/nature-et-developpement.com\/logisain-78\/produit\/enduit-decoratif-tradical-decor-2\/#primaryimage","url":"https:\/\/nature-et-developpement.com\/logisain-78\/wp-content\/uploads\/Enduit-decoratif-Tradical-Decor.jpg","contentUrl":"https:\/\/nature-et-developpement.com\/logisain-78\/wp-content\/uploads\/Enduit-decoratif-Tradical-Decor.jpg"},{"@type":"BreadcrumbList","@id":"https:\/\/nature-et-developpement.com\/logisain-78\/produit\/enduit-decoratif-tradical-decor-2\/#breadcrumb","itemListElement":[{"@type":"ListItem","position":1,"name":"Accueil","item":"https:\/\/nature-et-developpement.com\/logisain-78\/"},{"@type":"ListItem","position":2,"name":"Produits","item":"https:\/\/nature-et-developpement.com\/logisain-78\/shop\/"},{"@type":"ListItem","position":3,"name":"Peinture, pigment et enduit","item":"https:\/\/nature-et-developpement.com\/logisain-78\/produits\/peinture-et-enduit\/"},{"@type":"ListItem","position":4,"name":"Enduits naturels","item":"https:\/\/nature-et-developpement.com\/logisain-78\/produits\/peinture-et-enduit\/enduits-naturels\/"},{"@type":"ListItem","position":5,"name":"Enduit d\u00e9coratif Tradical D\u00e9cor"}]},{"@type":"WebSite","@id":"https:\/\/nature-et-developpement.com\/logisain-78\/#website","url":"https:\/\/nature-et-developpement.com\/logisain-78\/","name":"LOGISAIN 78 \u2013 Magasin de mat\u00e9riaux biosourc\u00e9s","description":"Logisain 78 est membre du groupement Nature &amp; D\u00e9veloppement","publisher":{"@id":"https:\/\/nature-et-developpement.com\/logisain-78\/#organization"},"potentialAction":[{"@type":"SearchAction","target":{"@type":"EntryPoint","urlTemplate":"https:\/\/nature-et-developpement.com\/logisain-78\/?s={search_term_string}"},"query-input":{"@type":"PropertyValueSpecification","valueRequired":true,"valueName":"search_term_string"}}],"inLanguage":"fr-FR"},{"@type":"Organization","@id":"https:\/\/nature-et-developpement.com\/logisain-78\/#organization","name":"Logisain 78","url":"https:\/\/nature-et-developpement.com\/logisain-78\/","logo":{"@type":"ImageObject","inLanguage":"fr-FR","@id":"https:\/\/nature-et-developpement.com\/logisain-78\/#\/schema\/logo\/image\/","url":"https:\/\/nature-et-developpement.com\/logisain-78\/wp-content\/uploads\/sites\/5\/2021\/08\/logo-logisain.jpg","contentUrl":"https:\/\/nature-et-developpement.com\/logisain-78\/wp-content\/uploads\/sites\/5\/2021\/08\/logo-logisain.jpg","width":672,"height":455,"caption":"Logisain 78"},"image":{"@id":"https:\/\/nature-et-developpement.com\/logisain-78\/#\/schema\/logo\/image\/"}}]}},"distributor_meta":false,"distributor_terms":false,"distributor_media":false,"distributor_original_site_name":"LOGISAIN 78 \u2013 Magasin de mat\u00e9riaux biosourc\u00e9s","distributor_original_site_url":"https:\/\/nature-et-developpement.com\/logisain-78","push-errors":false,"_links":{"self":[{"href":"https:\/\/nature-et-developpement.com\/logisain-78\/wp-json\/wp\/v2\/product\/465","targetHints":{"allow":["GET"]}}],"collection":[{"href":"https:\/\/nature-et-developpement.com\/logisain-78\/wp-json\/wp\/v2\/product"}],"about":[{"href":"https:\/\/nature-et-developpement.com\/logisain-78\/wp-json\/wp\/v2\/types\/product"}],"wp:featuredmedia":[{"embeddable":true,"href":"https:\/\/nature-et-developpement.com\/logisain-78\/wp-json\/"}],"wp:attachment":[{"href":"https:\/\/nature-et-developpement.com\/logisain-78\/wp-json\/wp\/v2\/media?parent=465"}],"wp:term":[{"taxonomy":"product_brand","embeddable":true,"href":"https:\/\/nature-et-developpement.com\/logisain-78\/wp-json\/wp\/v2\/product_brand?post=465"},{"taxonomy":"product_cat","embeddable":true,"href":"https:\/\/nature-et-developpement.com\/logisain-78\/wp-json\/wp\/v2\/product_cat?post=465"},{"taxonomy":"product_tag","embeddable":true,"href":"https:\/\/nature-et-developpement.com\/logisain-78\/wp-json\/wp\/v2\/product_tag?post=465"}],"curies":[{"name":"wp","href":"https:\/\/api.w.org\/{rel}","templated":true}]}}