{"id":4668,"date":"2020-06-04T12:12:21","date_gmt":"2020-06-04T10:12:21","guid":{"rendered":"https:\/\/nature-et-developpement.com\/logisain78\/produit\/peinture-noire-intense-pour-beton-keim-concretal-black\/"},"modified":"2026-01-09T01:25:19","modified_gmt":"2026-01-09T00:25:19","slug":"peinture-noire-intense-pour-beton-keim-concretal-black","status":"publish","type":"product","link":"https:\/\/nature-et-developpement.com\/logisain-78\/produit\/peinture-noire-intense-pour-beton-keim-concretal-black\/","title":{"rendered":"Peinture fa\u00e7ade noire intense KEIM CONCRETAL-BLACK"},"content":{"rendered":"<h2>Des noirs <strong>INTENSES et DURABLES !<\/strong><\/h2>\n<p>Gr\u00e2ce \u00e0 l&rsquo;utilisation de pigments noirs choisis pour leurs qualit\u00e9s optiques exceptionnelles, les fa\u00e7ades rev\u00eatues pr\u00e9sentent ainsi un aspect noir tr\u00e8s intense et profond.<\/p>\n<p>KEIM Concretal-Black est destin\u00e9e en particulier \u00e0 la d\u00e9coration des surfaces en b\u00e9ton.<\/p>\n<p>Par ailleurs, KEIM Concretal-Black prot\u00e8ge des intemp\u00e9ries, mais n&rsquo;est pas adapt\u00e9e aux surfaces horizontales, inclin\u00e9es et tr\u00e8s expos\u00e9es aux intemp\u00e9ries.<\/p>\n<p>KEIM Concretal-Black peut aussi \u00eatre utilis\u00e9e en int\u00e9rieur.<\/p>\n<p>KEIM Concretal-Black est une peinture sol-silicate pour b\u00e9ton de couleur noire intense qui remplit les conditions de conformit\u00e9 de la norme NFT 36005 Famille I &#8211; Cat\u00e9gorie 1b1 (produits contenant au plus 5 % de compos\u00e9s organiques selon le fascicule de documentation FD T 30-808 pour rev\u00eatements dits \u00abmin\u00e9raux\u00bb)<\/p>\n<h3>LAISSER PARLER TOUTE L\u2018INTENSIT\u00c9 DU NOIR \u00c0 TRAVERS 5 NUANCES PROFONDES :<\/h3>\n<p><img loading=\"lazy\" decoding=\"async\" class=\" size-full wp-image-110276\" src=\"https:\/\/nature-et-developpement.com\/wp-content\/uploads\/cms\/KEIM\/CONCRETAL-BLACK_05.png\" alt=\"\" width=\"800\" height=\"270\" \/><\/p>\n<table style=\"height: 207px\" width=\"879\">\n<tbody>\n<tr>\n<td><span style=\"text-decoration: underline\"><strong>Purity<\/strong><\/span><\/p>\n<p>Le noir pur est intense,<br \/>\ngraphique et hypnotique.<br \/>\nContemplez le noir dans<br \/>\nsa forme la plus pure avec<br \/>\nKEIM Concretal-Black Purity.<\/td>\n<td><strong><span style=\"text-decoration: underline\">Pearl<\/span><\/strong><\/p>\n<p>Un noir bleut\u00e9, inspir\u00e9 par<br \/>\nles perles noires des mers<br \/>\ndu Sud. Plongez au fond<br \/>\ndes oc\u00e9ans avec KEIM<br \/>\nConcretal-Black Pearl.<\/td>\n<td style=\"text-align: left\">\u00a0<strong><span style=\"text-decoration: underline\">Aurora<\/span><\/strong><\/p>\n<p>La nuit noire \u00e9claire \u00e0<br \/>\ntravers le rouge harmonieux<br \/>\ndu soleil levant.<br \/>\nRessentez l\u2018atmosph\u00e8re<br \/>\nchaude d\u2018un lever de soleil<br \/>\navec KEIM Concretal-Black<br \/>\nAurora.<\/td>\n<td>\u00a0<strong><span style=\"text-decoration: underline\">Forest<\/span><\/strong><\/p>\n<p>Un noir puissant avec un<br \/>\nsouffle de vert, aussi<br \/>\nmyst\u00e9rieux que les paysages<br \/>\nl\u00e9gendaires de la For\u00eat<br \/>\nNoire. Entrez dans le noir<br \/>\nsecret de KEIM Concretal<br \/>\n-Black Forest.<\/td>\n<td><span style=\"text-decoration: underline\"><strong>\u00c9clipse<\/strong><\/span><\/p>\n<p>Un noir profond accentu\u00e9<br \/>\npar un jaune clair. Admirez<br \/>\nle spectacle d\u2018une \u00e9clipse<br \/>\nsolaire avec KEIM Concretal<br \/>\n-Black Eclipse.<\/td>\n<\/tr>\n<\/tbody>\n<\/table>\n","protected":false},"excerpt":{"rendered":"<p class=\"text-center\" style=\"text-align: left\"><span style=\"color: #0098a1\"><strong><em>\u00ab\u00a0Le noir, une non-couleur ?<br \/>\nO\u00f9 avez-vous appris cela ?<br \/>\nLe noir, mais c&rsquo;est la reine des couleurs !\u00a0\u00bb\u00a0<\/em><\/strong><\/span><br \/>\n<span style=\"color: #0098a1\"><strong>Pierre-Auguste Renoir.<\/strong><\/span><\/p>\n<p><strong>CONCRETAL-BLACK de KEIM : INTENSE ET DURABLE !<\/strong><br \/>\nSp\u00e9cialement d\u00e9di\u00e9e au b\u00e9ton, la peinture min\u00e9rale double liant KEIM Concretal-Black est hautement perm\u00e9able, extr\u00eamement stable aux UV et aux intemp\u00e9ries et offre une optique mate in\u00e9galable.<br \/>\nAvec KEIM, le noir reste noir tr\u00e8s longtemps !<br \/>\nPeut aussi \u00eatre utilis\u00e9e en int\u00e9rieur.<\/p>\n","protected":false},"featured_media":1000000201216,"template":"","meta":[],"product_brand":[2849],"product_cat":[108],"product_tag":[4058],"class_list":{"0":"post-4668","1":"product","2":"type-product","3":"status-publish","4":"has-post-thumbnail","6":"product_brand-keim","7":"product_cat-peinture-ecologique","8":"product_tag-peinture","9":"product_shipping_class-peintures-accessoires-peintures","11":"first","12":"instock","13":"taxable","14":"shipping-taxable","15":"purchasable","16":"product-type-variable"},"yoast_head":"<!-- This site is optimized with the Yoast SEO plugin v27.5 - https:\/\/yoast.com\/product\/yoast-seo-wordpress\/ -->\n<title>Peinture fa\u00e7ade noire intense KEIM CONCRETAL-BLACK<\/title>\n<meta name=\"description\" content=\"Sp\u00e9cialement d\u00e9di\u00e9e au b\u00e9ton, elle est hautement perm\u00e9able, extr\u00eamement stable aux UV et aux intemp\u00e9ries. Peut aussi \u00eatre utilis\u00e9e en int\u00e9rieur.\" \/>\n<meta name=\"robots\" content=\"noindex, nofollow\" \/>\n<meta property=\"og:locale\" content=\"fr_FR\" \/>\n<meta property=\"og:type\" content=\"article\" \/>\n<meta property=\"og:title\" content=\"Peinture fa\u00e7ade noire intense KEIM CONCRETAL-BLACK\" \/>\n<meta property=\"og:description\" content=\"Sp\u00e9cialement d\u00e9di\u00e9e au b\u00e9ton, elle est hautement perm\u00e9able, extr\u00eamement stable aux UV et aux intemp\u00e9ries. Peut aussi \u00eatre utilis\u00e9e en int\u00e9rieur.\" \/>\n<meta property=\"og:url\" content=\"https:\/\/nature-et-developpement.com\/logisain-78\/produit\/peinture-noire-intense-pour-beton-keim-concretal-black\/\" \/>\n<meta property=\"og:site_name\" content=\"LOGISAIN 78 \u2013 Magasin de mat\u00e9riaux biosourc\u00e9s\" \/>\n<meta property=\"article:modified_time\" content=\"2026-01-09T00:25:19+00:00\" \/>\n<meta name=\"twitter:card\" content=\"summary_large_image\" \/>\n<meta name=\"twitter:label1\" content=\"Dur\u00e9e de lecture estim\u00e9e\" \/>\n\t<meta name=\"twitter:data1\" content=\"1 minute\" \/>\n<script type=\"application\/ld+json\" class=\"yoast-schema-graph\">{\"@context\":\"https:\\\/\\\/schema.org\",\"@graph\":[{\"@type\":\"WebPage\",\"@id\":\"https:\\\/\\\/nature-et-developpement.com\\\/logisain-78\\\/produit\\\/peinture-noire-intense-pour-beton-keim-concretal-black\\\/\",\"url\":\"https:\\\/\\\/nature-et-developpement.com\\\/logisain-78\\\/produit\\\/peinture-noire-intense-pour-beton-keim-concretal-black\\\/\",\"name\":\"Peinture fa\u00e7ade noire intense KEIM CONCRETAL-BLACK\",\"isPartOf\":{\"@id\":\"https:\\\/\\\/nature-et-developpement.com\\\/logisain-78\\\/#website\"},\"primaryImageOfPage\":{\"@id\":\"https:\\\/\\\/nature-et-developpement.com\\\/logisain-78\\\/produit\\\/peinture-noire-intense-pour-beton-keim-concretal-black\\\/#primaryimage\"},\"image\":{\"@id\":\"https:\\\/\\\/nature-et-developpement.com\\\/logisain-78\\\/produit\\\/peinture-noire-intense-pour-beton-keim-concretal-black\\\/#primaryimage\"},\"thumbnailUrl\":\"https:\\\/\\\/nature-et-developpement.com\\\/logisain-78\\\/wp-content\\\/uploads\\\/Peinture-facade-noire-intense-KEIM-CONCRETAL-BLACK-18Kg.jpg\",\"datePublished\":\"2020-06-04T10:12:21+00:00\",\"dateModified\":\"2026-01-09T00:25:19+00:00\",\"description\":\"Sp\u00e9cialement d\u00e9di\u00e9e au b\u00e9ton, elle est hautement perm\u00e9able, extr\u00eamement stable aux UV et aux intemp\u00e9ries. Peut aussi \u00eatre utilis\u00e9e en int\u00e9rieur.\",\"breadcrumb\":{\"@id\":\"https:\\\/\\\/nature-et-developpement.com\\\/logisain-78\\\/produit\\\/peinture-noire-intense-pour-beton-keim-concretal-black\\\/#breadcrumb\"},\"inLanguage\":\"fr-FR\",\"potentialAction\":[{\"@type\":\"ReadAction\",\"target\":[\"https:\\\/\\\/nature-et-developpement.com\\\/logisain-78\\\/produit\\\/peinture-noire-intense-pour-beton-keim-concretal-black\\\/\"]}]},{\"@type\":\"ImageObject\",\"inLanguage\":\"fr-FR\",\"@id\":\"https:\\\/\\\/nature-et-developpement.com\\\/logisain-78\\\/produit\\\/peinture-noire-intense-pour-beton-keim-concretal-black\\\/#primaryimage\",\"url\":\"https:\\\/\\\/nature-et-developpement.com\\\/logisain-78\\\/wp-content\\\/uploads\\\/Peinture-facade-noire-intense-KEIM-CONCRETAL-BLACK-18Kg.jpg\",\"contentUrl\":\"https:\\\/\\\/nature-et-developpement.com\\\/logisain-78\\\/wp-content\\\/uploads\\\/Peinture-facade-noire-intense-KEIM-CONCRETAL-BLACK-18Kg.jpg\"},{\"@type\":\"BreadcrumbList\",\"@id\":\"https:\\\/\\\/nature-et-developpement.com\\\/logisain-78\\\/produit\\\/peinture-noire-intense-pour-beton-keim-concretal-black\\\/#breadcrumb\",\"itemListElement\":[{\"@type\":\"ListItem\",\"position\":1,\"name\":\"Accueil\",\"item\":\"https:\\\/\\\/nature-et-developpement.com\\\/logisain-78\\\/\"},{\"@type\":\"ListItem\",\"position\":2,\"name\":\"Produits\",\"item\":\"https:\\\/\\\/nature-et-developpement.com\\\/logisain-78\\\/shop\\\/\"},{\"@type\":\"ListItem\",\"position\":3,\"name\":\"Peinture, pigment et enduit\",\"item\":\"https:\\\/\\\/nature-et-developpement.com\\\/logisain-78\\\/produits\\\/peinture-et-enduit\\\/\"},{\"@type\":\"ListItem\",\"position\":4,\"name\":\"Peintures\",\"item\":\"https:\\\/\\\/nature-et-developpement.com\\\/logisain-78\\\/produits\\\/peinture-et-enduit\\\/peinture-ecologique\\\/\"},{\"@type\":\"ListItem\",\"position\":5,\"name\":\"Peinture fa\u00e7ade noire intense KEIM CONCRETAL-BLACK\"}]},{\"@type\":\"WebSite\",\"@id\":\"https:\\\/\\\/nature-et-developpement.com\\\/logisain-78\\\/#website\",\"url\":\"https:\\\/\\\/nature-et-developpement.com\\\/logisain-78\\\/\",\"name\":\"LOGISAIN 78 \u2013 Magasin de mat\u00e9riaux biosourc\u00e9s\",\"description\":\"Logisain 78 est membre du groupement Nature &amp; D\u00e9veloppement\",\"publisher\":{\"@id\":\"https:\\\/\\\/nature-et-developpement.com\\\/logisain-78\\\/#organization\"},\"potentialAction\":[{\"@type\":\"SearchAction\",\"target\":{\"@type\":\"EntryPoint\",\"urlTemplate\":\"https:\\\/\\\/nature-et-developpement.com\\\/logisain-78\\\/?s={search_term_string}\"},\"query-input\":{\"@type\":\"PropertyValueSpecification\",\"valueRequired\":true,\"valueName\":\"search_term_string\"}}],\"inLanguage\":\"fr-FR\"},{\"@type\":\"Organization\",\"@id\":\"https:\\\/\\\/nature-et-developpement.com\\\/logisain-78\\\/#organization\",\"name\":\"Logisain 78\",\"url\":\"https:\\\/\\\/nature-et-developpement.com\\\/logisain-78\\\/\",\"logo\":{\"@type\":\"ImageObject\",\"inLanguage\":\"fr-FR\",\"@id\":\"https:\\\/\\\/nature-et-developpement.com\\\/logisain-78\\\/#\\\/schema\\\/logo\\\/image\\\/\",\"url\":\"https:\\\/\\\/nature-et-developpement.com\\\/logisain-78\\\/wp-content\\\/uploads\\\/sites\\\/5\\\/2021\\\/08\\\/logo-logisain.jpg\",\"contentUrl\":\"https:\\\/\\\/nature-et-developpement.com\\\/logisain-78\\\/wp-content\\\/uploads\\\/sites\\\/5\\\/2021\\\/08\\\/logo-logisain.jpg\",\"width\":672,\"height\":455,\"caption\":\"Logisain 78\"},\"image\":{\"@id\":\"https:\\\/\\\/nature-et-developpement.com\\\/logisain-78\\\/#\\\/schema\\\/logo\\\/image\\\/\"}}]}<\/script>\n<!-- \/ Yoast SEO plugin. -->","yoast_head_json":{"title":"Peinture fa\u00e7ade noire intense KEIM CONCRETAL-BLACK","description":"Sp\u00e9cialement d\u00e9di\u00e9e au b\u00e9ton, elle est hautement perm\u00e9able, extr\u00eamement stable aux UV et aux intemp\u00e9ries. Peut aussi \u00eatre utilis\u00e9e en int\u00e9rieur.","robots":{"index":"noindex","follow":"nofollow"},"og_locale":"fr_FR","og_type":"article","og_title":"Peinture fa\u00e7ade noire intense KEIM CONCRETAL-BLACK","og_description":"Sp\u00e9cialement d\u00e9di\u00e9e au b\u00e9ton, elle est hautement perm\u00e9able, extr\u00eamement stable aux UV et aux intemp\u00e9ries. Peut aussi \u00eatre utilis\u00e9e en int\u00e9rieur.","og_url":"https:\/\/nature-et-developpement.com\/logisain-78\/produit\/peinture-noire-intense-pour-beton-keim-concretal-black\/","og_site_name":"LOGISAIN 78 \u2013 Magasin de mat\u00e9riaux biosourc\u00e9s","article_modified_time":"2026-01-09T00:25:19+00:00","twitter_card":"summary_large_image","twitter_misc":{"Dur\u00e9e de lecture estim\u00e9e":"1 minute"},"schema":{"@context":"https:\/\/schema.org","@graph":[{"@type":"WebPage","@id":"https:\/\/nature-et-developpement.com\/logisain-78\/produit\/peinture-noire-intense-pour-beton-keim-concretal-black\/","url":"https:\/\/nature-et-developpement.com\/logisain-78\/produit\/peinture-noire-intense-pour-beton-keim-concretal-black\/","name":"Peinture fa\u00e7ade noire intense KEIM CONCRETAL-BLACK","isPartOf":{"@id":"https:\/\/nature-et-developpement.com\/logisain-78\/#website"},"primaryImageOfPage":{"@id":"https:\/\/nature-et-developpement.com\/logisain-78\/produit\/peinture-noire-intense-pour-beton-keim-concretal-black\/#primaryimage"},"image":{"@id":"https:\/\/nature-et-developpement.com\/logisain-78\/produit\/peinture-noire-intense-pour-beton-keim-concretal-black\/#primaryimage"},"thumbnailUrl":"https:\/\/nature-et-developpement.com\/logisain-78\/wp-content\/uploads\/Peinture-facade-noire-intense-KEIM-CONCRETAL-BLACK-18Kg.jpg","datePublished":"2020-06-04T10:12:21+00:00","dateModified":"2026-01-09T00:25:19+00:00","description":"Sp\u00e9cialement d\u00e9di\u00e9e au b\u00e9ton, elle est hautement perm\u00e9able, extr\u00eamement stable aux UV et aux intemp\u00e9ries. Peut aussi \u00eatre utilis\u00e9e en int\u00e9rieur.","breadcrumb":{"@id":"https:\/\/nature-et-developpement.com\/logisain-78\/produit\/peinture-noire-intense-pour-beton-keim-concretal-black\/#breadcrumb"},"inLanguage":"fr-FR","potentialAction":[{"@type":"ReadAction","target":["https:\/\/nature-et-developpement.com\/logisain-78\/produit\/peinture-noire-intense-pour-beton-keim-concretal-black\/"]}]},{"@type":"ImageObject","inLanguage":"fr-FR","@id":"https:\/\/nature-et-developpement.com\/logisain-78\/produit\/peinture-noire-intense-pour-beton-keim-concretal-black\/#primaryimage","url":"https:\/\/nature-et-developpement.com\/logisain-78\/wp-content\/uploads\/Peinture-facade-noire-intense-KEIM-CONCRETAL-BLACK-18Kg.jpg","contentUrl":"https:\/\/nature-et-developpement.com\/logisain-78\/wp-content\/uploads\/Peinture-facade-noire-intense-KEIM-CONCRETAL-BLACK-18Kg.jpg"},{"@type":"BreadcrumbList","@id":"https:\/\/nature-et-developpement.com\/logisain-78\/produit\/peinture-noire-intense-pour-beton-keim-concretal-black\/#breadcrumb","itemListElement":[{"@type":"ListItem","position":1,"name":"Accueil","item":"https:\/\/nature-et-developpement.com\/logisain-78\/"},{"@type":"ListItem","position":2,"name":"Produits","item":"https:\/\/nature-et-developpement.com\/logisain-78\/shop\/"},{"@type":"ListItem","position":3,"name":"Peinture, pigment et enduit","item":"https:\/\/nature-et-developpement.com\/logisain-78\/produits\/peinture-et-enduit\/"},{"@type":"ListItem","position":4,"name":"Peintures","item":"https:\/\/nature-et-developpement.com\/logisain-78\/produits\/peinture-et-enduit\/peinture-ecologique\/"},{"@type":"ListItem","position":5,"name":"Peinture fa\u00e7ade noire intense KEIM CONCRETAL-BLACK"}]},{"@type":"WebSite","@id":"https:\/\/nature-et-developpement.com\/logisain-78\/#website","url":"https:\/\/nature-et-developpement.com\/logisain-78\/","name":"LOGISAIN 78 \u2013 Magasin de mat\u00e9riaux biosourc\u00e9s","description":"Logisain 78 est membre du groupement Nature &amp; D\u00e9veloppement","publisher":{"@id":"https:\/\/nature-et-developpement.com\/logisain-78\/#organization"},"potentialAction":[{"@type":"SearchAction","target":{"@type":"EntryPoint","urlTemplate":"https:\/\/nature-et-developpement.com\/logisain-78\/?s={search_term_string}"},"query-input":{"@type":"PropertyValueSpecification","valueRequired":true,"valueName":"search_term_string"}}],"inLanguage":"fr-FR"},{"@type":"Organization","@id":"https:\/\/nature-et-developpement.com\/logisain-78\/#organization","name":"Logisain 78","url":"https:\/\/nature-et-developpement.com\/logisain-78\/","logo":{"@type":"ImageObject","inLanguage":"fr-FR","@id":"https:\/\/nature-et-developpement.com\/logisain-78\/#\/schema\/logo\/image\/","url":"https:\/\/nature-et-developpement.com\/logisain-78\/wp-content\/uploads\/sites\/5\/2021\/08\/logo-logisain.jpg","contentUrl":"https:\/\/nature-et-developpement.com\/logisain-78\/wp-content\/uploads\/sites\/5\/2021\/08\/logo-logisain.jpg","width":672,"height":455,"caption":"Logisain 78"},"image":{"@id":"https:\/\/nature-et-developpement.com\/logisain-78\/#\/schema\/logo\/image\/"}}]}},"distributor_meta":false,"distributor_terms":false,"distributor_media":false,"distributor_original_site_name":"LOGISAIN 78 \u2013 Magasin de mat\u00e9riaux biosourc\u00e9s","distributor_original_site_url":"https:\/\/nature-et-developpement.com\/logisain-78","push-errors":false,"_links":{"self":[{"href":"https:\/\/nature-et-developpement.com\/logisain-78\/wp-json\/wp\/v2\/product\/4668","targetHints":{"allow":["GET"]}}],"collection":[{"href":"https:\/\/nature-et-developpement.com\/logisain-78\/wp-json\/wp\/v2\/product"}],"about":[{"href":"https:\/\/nature-et-developpement.com\/logisain-78\/wp-json\/wp\/v2\/types\/product"}],"wp:featuredmedia":[{"embeddable":true,"href":"https:\/\/nature-et-developpement.com\/logisain-78\/wp-json\/"}],"wp:attachment":[{"href":"https:\/\/nature-et-developpement.com\/logisain-78\/wp-json\/wp\/v2\/media?parent=4668"}],"wp:term":[{"taxonomy":"product_brand","embeddable":true,"href":"https:\/\/nature-et-developpement.com\/logisain-78\/wp-json\/wp\/v2\/product_brand?post=4668"},{"taxonomy":"product_cat","embeddable":true,"href":"https:\/\/nature-et-developpement.com\/logisain-78\/wp-json\/wp\/v2\/product_cat?post=4668"},{"taxonomy":"product_tag","embeddable":true,"href":"https:\/\/nature-et-developpement.com\/logisain-78\/wp-json\/wp\/v2\/product_tag?post=4668"}],"curies":[{"name":"wp","href":"https:\/\/api.w.org\/{rel}","templated":true}]}}