{"id":469,"date":"2021-03-24T16:10:27","date_gmt":"2021-03-24T15:10:27","guid":{"rendered":"https:\/\/nature-et-developpement.com\/logisain78\/produit\/enduit-de-chaux-tradical-maconner\/"},"modified":"2025-06-12T16:57:33","modified_gmt":"2025-06-12T14:57:33","slug":"enduit-de-chaux-tradical-maconner","status":"publish","type":"product","link":"https:\/\/nature-et-developpement.com\/logisain-78\/produit\/enduit-de-chaux-tradical-maconner\/","title":{"rendered":"Chaux grise Tradical Ma\u00e7onner pour ma\u00e7onnerie et enduit"},"content":{"rendered":"<p>Tradical Ma\u00e7onner est destin\u00e9e \u00e0 r\u00e9aliser des mortiers traditionnels pour ma\u00e7onner et enduire.<\/p>\n<p>Il s\u2019utilise pour la r\u00e9alisation de :<\/p>\n<p>&#8211; Mortiers de pose pour mat\u00e9riaux fermes et durs tels que pierres naturelles, moellons de tous types (sauf pierre tendre), blocs b\u00e9ton, briques pleines, briquettes, en conformit\u00e9 avec le DTU 20.1<\/p>\n<p>&#8211; Gobetis, corps d\u2019enduit traditionnels, en conformit\u00e9 avec le DTU 26.1.<\/p>\n<h3><\/h3>\n<h3><span style=\"text-decoration: underline\">La chaux, mat\u00e9riau d&rsquo;avenir.<\/span><\/h3>\n<p>La durabilit\u00e9 des ouvrages d\u00e9pend largement de leur capacit\u00e9 \u00e0 supporter les d\u00e9formations.<\/p>\n<p>Dans le cas d\u2019ouvrages en ma\u00e7onnerie, cette facult\u00e9 est largement li\u00e9e aux caract\u00e9ristiques des mortiers de pose qui doivent associer des qualit\u00e9s de r\u00e9sistance \u00e0 la compression et d\u2019\u00e9lasticit\u00e9.<\/p>\n<p>La chaux permet d\u2019obtenir ces caract\u00e9ristiques et surtout de les conserver.<\/p>\n<p>La chaux a\u00e9rienne produite aujourd&rsquo;hui par les usines du Groupe Lhoist est, gr\u00e2ce \u00e0 la ma\u00eetrise de toute la cha\u00eene de production, un mat\u00e9riau moderne permettant l\u2019\u00e9laboration de produits de haute technologie.<\/p>\n<p>Une gamme compl\u00e8te de chaux a\u00e9riennes pures ou compos\u00e9es selon des crit\u00e8res (finesse, r\u00e9activit\u00e9, taux de chaux libre\u2026) et des niveaux qualitatifs accrus, garantit d\u00e9sormais des utilisations s\u00e9curis\u00e9es.<\/p>\n<p>Tradical H98 est une chaux calcique \u00e9teinte en poudre, de classe CL 90 S conforme \u00e0 la NF EN 459 des chaux de construction.<\/p>\n<p>Extr\u00eamement pure et naturelle, elle est utilis\u00e9e pour la formulation d\u2019enduits, de mortiers et de badigeons, pour la r\u00e9alisation de travaux de restauration et de conservation, en particulier sur monuments historiques.<\/p>\n","protected":false},"excerpt":{"rendered":"<p>La chaux Tradical Ma\u00e7onner est la chaux grise du quotidien, celle qui sert \u00e0 ma\u00e7onner pierres, briques et autres, tout en gardant la possibilit\u00e9 de faire des corps d&rsquo;enduits.<\/p>\n<p>Pour mat\u00e9riaux durs et fermes.<\/p>\n<p lang=\"zxx\" xml:lang=\"zxx\">\n","protected":false},"featured_media":1000000169904,"template":"","meta":[],"product_brand":[2869],"product_cat":[173],"product_tag":[4295],"class_list":{"0":"post-469","1":"product","2":"type-product","3":"status-publish","4":"has-post-thumbnail","6":"product_brand-tradical","7":"product_cat-maconnerie","8":"product_tag-chaux","9":"product_shipping_class-sac-de-25kg","11":"first","12":"instock","13":"taxable","14":"shipping-taxable","15":"purchasable","16":"product-type-variable"},"yoast_head":"<!-- This site is optimized with the Yoast SEO plugin v27.5 - https:\/\/yoast.com\/product\/yoast-seo-wordpress\/ -->\n<title>Chaux grise Tradical Ma\u00e7onner pour ma\u00e7onnerie et enduit<\/title>\n<meta name=\"description\" content=\"La chaux Tradical Ma\u00e7onner est la chaux grise du quotidien, celle qui sert \u00e0 ma\u00e7onner pierres, briques et autres, tout en gardant la possibilit\u00e9 de faire des corps d&#039;enduits.  Pour mat\u00e9riaux durs et fermes.\" \/>\n<meta name=\"robots\" content=\"noindex, follow\" \/>\n<meta property=\"og:locale\" content=\"fr_FR\" \/>\n<meta property=\"og:type\" content=\"article\" \/>\n<meta property=\"og:title\" content=\"Chaux grise Tradical Ma\u00e7onner pour ma\u00e7onnerie et enduit\" \/>\n<meta property=\"og:description\" content=\"La chaux Tradical Ma\u00e7onner est la chaux grise du quotidien, celle qui sert \u00e0 ma\u00e7onner pierres, briques et autres, tout en gardant la possibilit\u00e9 de faire des corps d&#039;enduits.  Pour mat\u00e9riaux durs et fermes.\" \/>\n<meta property=\"og:url\" content=\"https:\/\/nature-et-developpement.com\/logisain-78\/produit\/enduit-de-chaux-tradical-maconner\/\" \/>\n<meta property=\"og:site_name\" content=\"LOGISAIN 78 \u2013 Magasin de mat\u00e9riaux biosourc\u00e9s\" \/>\n<meta property=\"article:modified_time\" content=\"2025-06-12T14:57:33+00:00\" \/>\n<meta name=\"twitter:card\" content=\"summary_large_image\" \/>\n<meta name=\"twitter:label1\" content=\"Dur\u00e9e de lecture estim\u00e9e\" \/>\n\t<meta name=\"twitter:data1\" content=\"2 minutes\" \/>\n<script type=\"application\/ld+json\" class=\"yoast-schema-graph\">{\"@context\":\"https:\\\/\\\/schema.org\",\"@graph\":[{\"@type\":\"WebPage\",\"@id\":\"https:\\\/\\\/nature-et-developpement.com\\\/logisain-78\\\/produit\\\/enduit-de-chaux-tradical-maconner\\\/\",\"url\":\"https:\\\/\\\/nature-et-developpement.com\\\/logisain-78\\\/produit\\\/enduit-de-chaux-tradical-maconner\\\/\",\"name\":\"Chaux grise Tradical Ma\u00e7onner pour ma\u00e7onnerie et enduit\",\"isPartOf\":{\"@id\":\"https:\\\/\\\/nature-et-developpement.com\\\/logisain-78\\\/#website\"},\"primaryImageOfPage\":{\"@id\":\"https:\\\/\\\/nature-et-developpement.com\\\/logisain-78\\\/produit\\\/enduit-de-chaux-tradical-maconner\\\/#primaryimage\"},\"image\":{\"@id\":\"https:\\\/\\\/nature-et-developpement.com\\\/logisain-78\\\/produit\\\/enduit-de-chaux-tradical-maconner\\\/#primaryimage\"},\"thumbnailUrl\":\"https:\\\/\\\/nature-et-developpement.com\\\/logisain-78\\\/wp-content\\\/uploads\\\/Chaux-grise-Tradical-Maconner-pour-maconnerie-et-enduit.jpg\",\"datePublished\":\"2021-03-24T15:10:27+00:00\",\"dateModified\":\"2025-06-12T14:57:33+00:00\",\"description\":\"La chaux Tradical Ma\u00e7onner est la chaux grise du quotidien, celle qui sert \u00e0 ma\u00e7onner pierres, briques et autres, tout en gardant la possibilit\u00e9 de faire des corps d'enduits. Pour mat\u00e9riaux durs et fermes.\",\"breadcrumb\":{\"@id\":\"https:\\\/\\\/nature-et-developpement.com\\\/logisain-78\\\/produit\\\/enduit-de-chaux-tradical-maconner\\\/#breadcrumb\"},\"inLanguage\":\"fr-FR\",\"potentialAction\":[{\"@type\":\"ReadAction\",\"target\":[\"https:\\\/\\\/nature-et-developpement.com\\\/logisain-78\\\/produit\\\/enduit-de-chaux-tradical-maconner\\\/\"]}]},{\"@type\":\"ImageObject\",\"inLanguage\":\"fr-FR\",\"@id\":\"https:\\\/\\\/nature-et-developpement.com\\\/logisain-78\\\/produit\\\/enduit-de-chaux-tradical-maconner\\\/#primaryimage\",\"url\":\"https:\\\/\\\/nature-et-developpement.com\\\/logisain-78\\\/wp-content\\\/uploads\\\/Chaux-grise-Tradical-Maconner-pour-maconnerie-et-enduit.jpg\",\"contentUrl\":\"https:\\\/\\\/nature-et-developpement.com\\\/logisain-78\\\/wp-content\\\/uploads\\\/Chaux-grise-Tradical-Maconner-pour-maconnerie-et-enduit.jpg\"},{\"@type\":\"BreadcrumbList\",\"@id\":\"https:\\\/\\\/nature-et-developpement.com\\\/logisain-78\\\/produit\\\/enduit-de-chaux-tradical-maconner\\\/#breadcrumb\",\"itemListElement\":[{\"@type\":\"ListItem\",\"position\":1,\"name\":\"Accueil\",\"item\":\"https:\\\/\\\/nature-et-developpement.com\\\/logisain-78\\\/\"},{\"@type\":\"ListItem\",\"position\":2,\"name\":\"Produits\",\"item\":\"https:\\\/\\\/nature-et-developpement.com\\\/logisain-78\\\/shop\\\/\"},{\"@type\":\"ListItem\",\"position\":3,\"name\":\"Construction, cloison et fen\u00eatres\",\"item\":\"https:\\\/\\\/nature-et-developpement.com\\\/logisain-78\\\/produits\\\/construction\\\/\"},{\"@type\":\"ListItem\",\"position\":4,\"name\":\"Ma\u00e7onnerie\",\"item\":\"https:\\\/\\\/nature-et-developpement.com\\\/logisain-78\\\/produits\\\/construction\\\/maconnerie\\\/\"},{\"@type\":\"ListItem\",\"position\":5,\"name\":\"Chaux grise Tradical Ma\u00e7onner pour ma\u00e7onnerie et enduit\"}]},{\"@type\":\"WebSite\",\"@id\":\"https:\\\/\\\/nature-et-developpement.com\\\/logisain-78\\\/#website\",\"url\":\"https:\\\/\\\/nature-et-developpement.com\\\/logisain-78\\\/\",\"name\":\"LOGISAIN 78 \u2013 Magasin de mat\u00e9riaux biosourc\u00e9s\",\"description\":\"Logisain 78 est membre du groupement Nature &amp; D\u00e9veloppement\",\"publisher\":{\"@id\":\"https:\\\/\\\/nature-et-developpement.com\\\/logisain-78\\\/#organization\"},\"potentialAction\":[{\"@type\":\"SearchAction\",\"target\":{\"@type\":\"EntryPoint\",\"urlTemplate\":\"https:\\\/\\\/nature-et-developpement.com\\\/logisain-78\\\/?s={search_term_string}\"},\"query-input\":{\"@type\":\"PropertyValueSpecification\",\"valueRequired\":true,\"valueName\":\"search_term_string\"}}],\"inLanguage\":\"fr-FR\"},{\"@type\":\"Organization\",\"@id\":\"https:\\\/\\\/nature-et-developpement.com\\\/logisain-78\\\/#organization\",\"name\":\"Logisain 78\",\"url\":\"https:\\\/\\\/nature-et-developpement.com\\\/logisain-78\\\/\",\"logo\":{\"@type\":\"ImageObject\",\"inLanguage\":\"fr-FR\",\"@id\":\"https:\\\/\\\/nature-et-developpement.com\\\/logisain-78\\\/#\\\/schema\\\/logo\\\/image\\\/\",\"url\":\"https:\\\/\\\/nature-et-developpement.com\\\/logisain-78\\\/wp-content\\\/uploads\\\/sites\\\/5\\\/2021\\\/08\\\/logo-logisain.jpg\",\"contentUrl\":\"https:\\\/\\\/nature-et-developpement.com\\\/logisain-78\\\/wp-content\\\/uploads\\\/sites\\\/5\\\/2021\\\/08\\\/logo-logisain.jpg\",\"width\":672,\"height\":455,\"caption\":\"Logisain 78\"},\"image\":{\"@id\":\"https:\\\/\\\/nature-et-developpement.com\\\/logisain-78\\\/#\\\/schema\\\/logo\\\/image\\\/\"}}]}<\/script>\n<!-- \/ Yoast SEO plugin. -->","yoast_head_json":{"title":"Chaux grise Tradical Ma\u00e7onner pour ma\u00e7onnerie et enduit","description":"La chaux Tradical Ma\u00e7onner est la chaux grise du quotidien, celle qui sert \u00e0 ma\u00e7onner pierres, briques et autres, tout en gardant la possibilit\u00e9 de faire des corps d'enduits.  Pour mat\u00e9riaux durs et fermes.","robots":{"index":"noindex","follow":"follow"},"og_locale":"fr_FR","og_type":"article","og_title":"Chaux grise Tradical Ma\u00e7onner pour ma\u00e7onnerie et enduit","og_description":"La chaux Tradical Ma\u00e7onner est la chaux grise du quotidien, celle qui sert \u00e0 ma\u00e7onner pierres, briques et autres, tout en gardant la possibilit\u00e9 de faire des corps d'enduits.  Pour mat\u00e9riaux durs et fermes.","og_url":"https:\/\/nature-et-developpement.com\/logisain-78\/produit\/enduit-de-chaux-tradical-maconner\/","og_site_name":"LOGISAIN 78 \u2013 Magasin de mat\u00e9riaux biosourc\u00e9s","article_modified_time":"2025-06-12T14:57:33+00:00","twitter_card":"summary_large_image","twitter_misc":{"Dur\u00e9e de lecture estim\u00e9e":"2 minutes"},"schema":{"@context":"https:\/\/schema.org","@graph":[{"@type":"WebPage","@id":"https:\/\/nature-et-developpement.com\/logisain-78\/produit\/enduit-de-chaux-tradical-maconner\/","url":"https:\/\/nature-et-developpement.com\/logisain-78\/produit\/enduit-de-chaux-tradical-maconner\/","name":"Chaux grise Tradical Ma\u00e7onner pour ma\u00e7onnerie et enduit","isPartOf":{"@id":"https:\/\/nature-et-developpement.com\/logisain-78\/#website"},"primaryImageOfPage":{"@id":"https:\/\/nature-et-developpement.com\/logisain-78\/produit\/enduit-de-chaux-tradical-maconner\/#primaryimage"},"image":{"@id":"https:\/\/nature-et-developpement.com\/logisain-78\/produit\/enduit-de-chaux-tradical-maconner\/#primaryimage"},"thumbnailUrl":"https:\/\/nature-et-developpement.com\/logisain-78\/wp-content\/uploads\/Chaux-grise-Tradical-Maconner-pour-maconnerie-et-enduit.jpg","datePublished":"2021-03-24T15:10:27+00:00","dateModified":"2025-06-12T14:57:33+00:00","description":"La chaux Tradical Ma\u00e7onner est la chaux grise du quotidien, celle qui sert \u00e0 ma\u00e7onner pierres, briques et autres, tout en gardant la possibilit\u00e9 de faire des corps d'enduits. Pour mat\u00e9riaux durs et fermes.","breadcrumb":{"@id":"https:\/\/nature-et-developpement.com\/logisain-78\/produit\/enduit-de-chaux-tradical-maconner\/#breadcrumb"},"inLanguage":"fr-FR","potentialAction":[{"@type":"ReadAction","target":["https:\/\/nature-et-developpement.com\/logisain-78\/produit\/enduit-de-chaux-tradical-maconner\/"]}]},{"@type":"ImageObject","inLanguage":"fr-FR","@id":"https:\/\/nature-et-developpement.com\/logisain-78\/produit\/enduit-de-chaux-tradical-maconner\/#primaryimage","url":"https:\/\/nature-et-developpement.com\/logisain-78\/wp-content\/uploads\/Chaux-grise-Tradical-Maconner-pour-maconnerie-et-enduit.jpg","contentUrl":"https:\/\/nature-et-developpement.com\/logisain-78\/wp-content\/uploads\/Chaux-grise-Tradical-Maconner-pour-maconnerie-et-enduit.jpg"},{"@type":"BreadcrumbList","@id":"https:\/\/nature-et-developpement.com\/logisain-78\/produit\/enduit-de-chaux-tradical-maconner\/#breadcrumb","itemListElement":[{"@type":"ListItem","position":1,"name":"Accueil","item":"https:\/\/nature-et-developpement.com\/logisain-78\/"},{"@type":"ListItem","position":2,"name":"Produits","item":"https:\/\/nature-et-developpement.com\/logisain-78\/shop\/"},{"@type":"ListItem","position":3,"name":"Construction, cloison et fen\u00eatres","item":"https:\/\/nature-et-developpement.com\/logisain-78\/produits\/construction\/"},{"@type":"ListItem","position":4,"name":"Ma\u00e7onnerie","item":"https:\/\/nature-et-developpement.com\/logisain-78\/produits\/construction\/maconnerie\/"},{"@type":"ListItem","position":5,"name":"Chaux grise Tradical Ma\u00e7onner pour ma\u00e7onnerie et enduit"}]},{"@type":"WebSite","@id":"https:\/\/nature-et-developpement.com\/logisain-78\/#website","url":"https:\/\/nature-et-developpement.com\/logisain-78\/","name":"LOGISAIN 78 \u2013 Magasin de mat\u00e9riaux biosourc\u00e9s","description":"Logisain 78 est membre du groupement Nature &amp; D\u00e9veloppement","publisher":{"@id":"https:\/\/nature-et-developpement.com\/logisain-78\/#organization"},"potentialAction":[{"@type":"SearchAction","target":{"@type":"EntryPoint","urlTemplate":"https:\/\/nature-et-developpement.com\/logisain-78\/?s={search_term_string}"},"query-input":{"@type":"PropertyValueSpecification","valueRequired":true,"valueName":"search_term_string"}}],"inLanguage":"fr-FR"},{"@type":"Organization","@id":"https:\/\/nature-et-developpement.com\/logisain-78\/#organization","name":"Logisain 78","url":"https:\/\/nature-et-developpement.com\/logisain-78\/","logo":{"@type":"ImageObject","inLanguage":"fr-FR","@id":"https:\/\/nature-et-developpement.com\/logisain-78\/#\/schema\/logo\/image\/","url":"https:\/\/nature-et-developpement.com\/logisain-78\/wp-content\/uploads\/sites\/5\/2021\/08\/logo-logisain.jpg","contentUrl":"https:\/\/nature-et-developpement.com\/logisain-78\/wp-content\/uploads\/sites\/5\/2021\/08\/logo-logisain.jpg","width":672,"height":455,"caption":"Logisain 78"},"image":{"@id":"https:\/\/nature-et-developpement.com\/logisain-78\/#\/schema\/logo\/image\/"}}]}},"distributor_meta":false,"distributor_terms":false,"distributor_media":false,"distributor_original_site_name":"LOGISAIN 78 \u2013 Magasin de mat\u00e9riaux biosourc\u00e9s","distributor_original_site_url":"https:\/\/nature-et-developpement.com\/logisain-78","push-errors":false,"_links":{"self":[{"href":"https:\/\/nature-et-developpement.com\/logisain-78\/wp-json\/wp\/v2\/product\/469","targetHints":{"allow":["GET"]}}],"collection":[{"href":"https:\/\/nature-et-developpement.com\/logisain-78\/wp-json\/wp\/v2\/product"}],"about":[{"href":"https:\/\/nature-et-developpement.com\/logisain-78\/wp-json\/wp\/v2\/types\/product"}],"wp:featuredmedia":[{"embeddable":true,"href":"https:\/\/nature-et-developpement.com\/logisain-78\/wp-json\/"}],"wp:attachment":[{"href":"https:\/\/nature-et-developpement.com\/logisain-78\/wp-json\/wp\/v2\/media?parent=469"}],"wp:term":[{"taxonomy":"product_brand","embeddable":true,"href":"https:\/\/nature-et-developpement.com\/logisain-78\/wp-json\/wp\/v2\/product_brand?post=469"},{"taxonomy":"product_cat","embeddable":true,"href":"https:\/\/nature-et-developpement.com\/logisain-78\/wp-json\/wp\/v2\/product_cat?post=469"},{"taxonomy":"product_tag","embeddable":true,"href":"https:\/\/nature-et-developpement.com\/logisain-78\/wp-json\/wp\/v2\/product_tag?post=469"}],"curies":[{"name":"wp","href":"https:\/\/api.w.org\/{rel}","templated":true}]}}