{"id":473,"date":"2021-03-24T16:10:25","date_gmt":"2021-03-24T15:10:25","guid":{"rendered":"https:\/\/nature-et-developpement.com\/logisain78\/produit\/granulat-de-chanvre-tradical-chanvribat\/"},"modified":"2026-03-12T10:45:11","modified_gmt":"2026-03-12T09:45:11","slug":"granulat-de-chanvre-tradical-chanvribat","status":"publish","type":"product","link":"https:\/\/nature-et-developpement.com\/logisain-78\/produit\/granulat-de-chanvre-tradical-chanvribat\/","title":{"rendered":"Granulat de chanvre TRADICAL CHANVRIBAT"},"content":{"rendered":"<p>Fabriqu\u00e9 \u00e0 partir de ch\u00e8nevotte extraite m\u00e9caniquement.<\/p>\n<p>Utilis\u00e9 seul, c\u2019est un isolant en vrac (uniquement en milieu bien sec).<\/p>\n<p>Associ\u00e9 \u00e0 la chaux pr\u00e9formul\u00e9e Tradical PF 70, il permet la r\u00e9alisation de b\u00e9ton de chanvre l\u00e9ger (pour chapes isolantes, murs ossatures bois, colombages\u2026) ou de mortier l\u00e9ger pour isolation de toiture.<\/p>\n<p>Associ\u00e9 \u00e0 la chaux pr\u00e9formul\u00e9e Tradical PF 80 M, il permet de r\u00e9aliser des enduits isolants et d\u00e9coratifs.<\/p>\n<p>Cette ch\u00e8nevotte est labellis\u00e9e par la fili\u00e8re chanvre<\/p>\n<p><img loading=\"lazy\" decoding=\"async\" class=\"alignnone size-full wp-image-165881\" src=\"https:\/\/nature-et-developpement.com\/wp-content\/uploads\/CenC-logo.jpg\" alt=\"\" width=\"229\" height=\"217\" \/><\/p>\n<p>\u00c0 ce titre, 0,50\u20ac sont reverser \u00e0 la fili\u00e8re chanvre qui favorise les actions de recherche scientifiques et techniques et promeut les qualit\u00e9s environnementales du chanvre.<\/p>\n<h3><span style=\"text-decoration: underline\">La chaux, mat\u00e9riau d&rsquo;avenir.<\/span><\/h3>\n<p>La durabilit\u00e9 des ouvrages d\u00e9pend largement de leur capacit\u00e9 \u00e0 supporter les d\u00e9formations. Dans le cas d\u2019ouvrages en ma\u00e7onnerie, cette facult\u00e9 est largement li\u00e9e aux caract\u00e9ristiques des mortiers de pose qui doivent associer des qualit\u00e9s de r\u00e9sistance \u00e0 la compression et d\u2019\u00e9lasticit\u00e9. La chaux permet d\u2019obtenir ces caract\u00e9ristiques et surtout de les conserver.<\/p>\n<p>La chaux a\u00e9rienne produite aujourd&rsquo;hui par les usines du Groupe Lhoist est, gr\u00e2ce \u00e0 la ma\u00eetrise de toute la cha\u00eene de production, un mat\u00e9riau moderne permettant l\u2019\u00e9laboration de produits de haute technologie.<\/p>\n<p>Une gamme compl\u00e8te de chaux a\u00e9riennes pures ou compos\u00e9es selon des crit\u00e8res (finesse, r\u00e9activit\u00e9, taux de chaux libre\u2026) et des niveaux qualitatifs accrus, garantit d\u00e9sormais des utilisations s\u00e9curis\u00e9es.<\/p>\n<p>Tradical H98 est une chaux calcique \u00e9teinte en poudre, de classe CL 90 S conforme \u00e0 la NF EN 459 des chaux de construction. Extr\u00eamement pure et naturelle, elle est utilis\u00e9e pour la formulation d\u2019enduits, de mortiers et de badigeons, pour la r\u00e9alisation de travaux de restauration et de conservation, en particulier sur monuments historiques.<\/p>\n<ul>\n<li>Teneur en chanvre : 100 %<\/li>\n<li>Masse volumique : 100 kg\/m3<\/li>\n<li>Granulom\u00e9trie : constante<\/li>\n<li>Taux de poussi\u00e8re : &lt; 4 %<\/li>\n<li>Taux d\u2019humidit\u00e9 de la paille avant transformation : &lt; 19 %<\/li>\n<li>Couleur : beige<\/li>\n<\/ul>\n","protected":false},"excerpt":{"rendered":"<p>Granulat de chanvre pour B\u00e9tons de Chanvre et Enduits Hygrothermiques.<\/p>\n<p><em><strong><span style=\"color: #008000\">Cette ch\u00e8nevotte est labellis\u00e9e par la fili\u00e8re chanvre<\/span><\/strong><\/em><\/p>\n<p><img loading=\"lazy\" decoding=\"async\" class=\"alignnone wp-image-165881\" src=\"https:\/\/nature-et-developpement.com\/wp-content\/uploads\/CenC-logo.jpg\" alt=\"\" width=\"80\" height=\"76\" \/><\/p>\n","protected":false},"featured_media":1000000151632,"template":"","meta":[],"product_brand":[2869],"product_cat":[91,4261,4263,173],"product_tag":[4295],"class_list":{"0":"post-473","1":"product","2":"type-product","3":"status-publish","4":"has-post-thumbnail","6":"product_brand-tradical","7":"product_cat-construction","8":"product_cat-isolation-exterieure","9":"product_cat-isolation-interieure","10":"product_cat-maconnerie","11":"product_tag-chaux","12":"product_shipping_class-sac-de-25kg","14":"first","15":"instock","16":"taxable","17":"shipping-taxable","18":"purchasable","19":"product-type-variable"},"yoast_head":"<!-- This site is optimized with the Yoast SEO plugin v27.5 - https:\/\/yoast.com\/product\/yoast-seo-wordpress\/ -->\n<title>Granulat de chanvre TRADICAL CHANVRIBAT<\/title>\n<meta name=\"description\" content=\"Granulat de chanvre pour B\u00e9tons de Chanvre et Enduits Hygrothermiques.  Cette ch\u00e8nevotte est labellis\u00e9e par la fili\u00e8re chanvre\" \/>\n<meta name=\"robots\" content=\"noindex, nofollow\" \/>\n<meta property=\"og:locale\" content=\"fr_FR\" \/>\n<meta property=\"og:type\" content=\"article\" \/>\n<meta property=\"og:title\" content=\"Granulat de chanvre TRADICAL CHANVRIBAT\" \/>\n<meta property=\"og:description\" content=\"Granulat de chanvre pour B\u00e9tons de Chanvre et Enduits Hygrothermiques.  Cette ch\u00e8nevotte est labellis\u00e9e par la fili\u00e8re chanvre\" \/>\n<meta property=\"og:url\" content=\"https:\/\/nature-et-developpement.com\/logisain-78\/produit\/granulat-de-chanvre-tradical-chanvribat\/\" \/>\n<meta property=\"og:site_name\" content=\"LOGISAIN 78 \u2013 Magasin de mat\u00e9riaux biosourc\u00e9s\" \/>\n<meta property=\"article:modified_time\" content=\"2026-03-12T09:45:11+00:00\" \/>\n<meta name=\"twitter:card\" content=\"summary_large_image\" \/>\n<meta name=\"twitter:label1\" content=\"Dur\u00e9e de lecture estim\u00e9e\" \/>\n\t<meta name=\"twitter:data1\" content=\"2 minutes\" \/>\n<script type=\"application\/ld+json\" class=\"yoast-schema-graph\">{\"@context\":\"https:\\\/\\\/schema.org\",\"@graph\":[{\"@type\":\"WebPage\",\"@id\":\"https:\\\/\\\/nature-et-developpement.com\\\/logisain-78\\\/produit\\\/granulat-de-chanvre-tradical-chanvribat\\\/\",\"url\":\"https:\\\/\\\/nature-et-developpement.com\\\/logisain-78\\\/produit\\\/granulat-de-chanvre-tradical-chanvribat\\\/\",\"name\":\"Granulat de chanvre TRADICAL CHANVRIBAT\",\"isPartOf\":{\"@id\":\"https:\\\/\\\/nature-et-developpement.com\\\/logisain-78\\\/#website\"},\"primaryImageOfPage\":{\"@id\":\"https:\\\/\\\/nature-et-developpement.com\\\/logisain-78\\\/produit\\\/granulat-de-chanvre-tradical-chanvribat\\\/#primaryimage\"},\"image\":{\"@id\":\"https:\\\/\\\/nature-et-developpement.com\\\/logisain-78\\\/produit\\\/granulat-de-chanvre-tradical-chanvribat\\\/#primaryimage\"},\"thumbnailUrl\":\"https:\\\/\\\/nature-et-developpement.com\\\/logisain-78\\\/wp-content\\\/uploads\\\/tradical-chanvribat-BCB.jpg\",\"datePublished\":\"2021-03-24T15:10:25+00:00\",\"dateModified\":\"2026-03-12T09:45:11+00:00\",\"description\":\"Granulat de chanvre pour B\u00e9tons de Chanvre et Enduits Hygrothermiques. Cette ch\u00e8nevotte est labellis\u00e9e par la fili\u00e8re chanvre\",\"breadcrumb\":{\"@id\":\"https:\\\/\\\/nature-et-developpement.com\\\/logisain-78\\\/produit\\\/granulat-de-chanvre-tradical-chanvribat\\\/#breadcrumb\"},\"inLanguage\":\"fr-FR\",\"potentialAction\":[{\"@type\":\"ReadAction\",\"target\":[\"https:\\\/\\\/nature-et-developpement.com\\\/logisain-78\\\/produit\\\/granulat-de-chanvre-tradical-chanvribat\\\/\"]}]},{\"@type\":\"ImageObject\",\"inLanguage\":\"fr-FR\",\"@id\":\"https:\\\/\\\/nature-et-developpement.com\\\/logisain-78\\\/produit\\\/granulat-de-chanvre-tradical-chanvribat\\\/#primaryimage\",\"url\":\"https:\\\/\\\/nature-et-developpement.com\\\/logisain-78\\\/wp-content\\\/uploads\\\/tradical-chanvribat-BCB.jpg\",\"contentUrl\":\"https:\\\/\\\/nature-et-developpement.com\\\/logisain-78\\\/wp-content\\\/uploads\\\/tradical-chanvribat-BCB.jpg\"},{\"@type\":\"BreadcrumbList\",\"@id\":\"https:\\\/\\\/nature-et-developpement.com\\\/logisain-78\\\/produit\\\/granulat-de-chanvre-tradical-chanvribat\\\/#breadcrumb\",\"itemListElement\":[{\"@type\":\"ListItem\",\"position\":1,\"name\":\"Accueil\",\"item\":\"https:\\\/\\\/nature-et-developpement.com\\\/logisain-78\\\/\"},{\"@type\":\"ListItem\",\"position\":2,\"name\":\"Produits\",\"item\":\"https:\\\/\\\/nature-et-developpement.com\\\/logisain-78\\\/shop\\\/\"},{\"@type\":\"ListItem\",\"position\":3,\"name\":\"Construction, cloison et fen\u00eatres\",\"item\":\"https:\\\/\\\/nature-et-developpement.com\\\/logisain-78\\\/produits\\\/construction\\\/\"},{\"@type\":\"ListItem\",\"position\":4,\"name\":\"Ma\u00e7onnerie\",\"item\":\"https:\\\/\\\/nature-et-developpement.com\\\/logisain-78\\\/produits\\\/construction\\\/maconnerie\\\/\"},{\"@type\":\"ListItem\",\"position\":5,\"name\":\"Granulat de chanvre TRADICAL CHANVRIBAT\"}]},{\"@type\":\"WebSite\",\"@id\":\"https:\\\/\\\/nature-et-developpement.com\\\/logisain-78\\\/#website\",\"url\":\"https:\\\/\\\/nature-et-developpement.com\\\/logisain-78\\\/\",\"name\":\"LOGISAIN 78 \u2013 Magasin de mat\u00e9riaux biosourc\u00e9s\",\"description\":\"Logisain 78 est membre du groupement Nature &amp; D\u00e9veloppement\",\"publisher\":{\"@id\":\"https:\\\/\\\/nature-et-developpement.com\\\/logisain-78\\\/#organization\"},\"potentialAction\":[{\"@type\":\"SearchAction\",\"target\":{\"@type\":\"EntryPoint\",\"urlTemplate\":\"https:\\\/\\\/nature-et-developpement.com\\\/logisain-78\\\/?s={search_term_string}\"},\"query-input\":{\"@type\":\"PropertyValueSpecification\",\"valueRequired\":true,\"valueName\":\"search_term_string\"}}],\"inLanguage\":\"fr-FR\"},{\"@type\":\"Organization\",\"@id\":\"https:\\\/\\\/nature-et-developpement.com\\\/logisain-78\\\/#organization\",\"name\":\"Logisain 78\",\"url\":\"https:\\\/\\\/nature-et-developpement.com\\\/logisain-78\\\/\",\"logo\":{\"@type\":\"ImageObject\",\"inLanguage\":\"fr-FR\",\"@id\":\"https:\\\/\\\/nature-et-developpement.com\\\/logisain-78\\\/#\\\/schema\\\/logo\\\/image\\\/\",\"url\":\"https:\\\/\\\/nature-et-developpement.com\\\/logisain-78\\\/wp-content\\\/uploads\\\/sites\\\/5\\\/2021\\\/08\\\/logo-logisain.jpg\",\"contentUrl\":\"https:\\\/\\\/nature-et-developpement.com\\\/logisain-78\\\/wp-content\\\/uploads\\\/sites\\\/5\\\/2021\\\/08\\\/logo-logisain.jpg\",\"width\":672,\"height\":455,\"caption\":\"Logisain 78\"},\"image\":{\"@id\":\"https:\\\/\\\/nature-et-developpement.com\\\/logisain-78\\\/#\\\/schema\\\/logo\\\/image\\\/\"}}]}<\/script>\n<!-- \/ Yoast SEO plugin. -->","yoast_head_json":{"title":"Granulat de chanvre TRADICAL CHANVRIBAT","description":"Granulat de chanvre pour B\u00e9tons de Chanvre et Enduits Hygrothermiques.  Cette ch\u00e8nevotte est labellis\u00e9e par la fili\u00e8re chanvre","robots":{"index":"noindex","follow":"nofollow"},"og_locale":"fr_FR","og_type":"article","og_title":"Granulat de chanvre TRADICAL CHANVRIBAT","og_description":"Granulat de chanvre pour B\u00e9tons de Chanvre et Enduits Hygrothermiques.  Cette ch\u00e8nevotte est labellis\u00e9e par la fili\u00e8re chanvre","og_url":"https:\/\/nature-et-developpement.com\/logisain-78\/produit\/granulat-de-chanvre-tradical-chanvribat\/","og_site_name":"LOGISAIN 78 \u2013 Magasin de mat\u00e9riaux biosourc\u00e9s","article_modified_time":"2026-03-12T09:45:11+00:00","twitter_card":"summary_large_image","twitter_misc":{"Dur\u00e9e de lecture estim\u00e9e":"2 minutes"},"schema":{"@context":"https:\/\/schema.org","@graph":[{"@type":"WebPage","@id":"https:\/\/nature-et-developpement.com\/logisain-78\/produit\/granulat-de-chanvre-tradical-chanvribat\/","url":"https:\/\/nature-et-developpement.com\/logisain-78\/produit\/granulat-de-chanvre-tradical-chanvribat\/","name":"Granulat de chanvre TRADICAL CHANVRIBAT","isPartOf":{"@id":"https:\/\/nature-et-developpement.com\/logisain-78\/#website"},"primaryImageOfPage":{"@id":"https:\/\/nature-et-developpement.com\/logisain-78\/produit\/granulat-de-chanvre-tradical-chanvribat\/#primaryimage"},"image":{"@id":"https:\/\/nature-et-developpement.com\/logisain-78\/produit\/granulat-de-chanvre-tradical-chanvribat\/#primaryimage"},"thumbnailUrl":"https:\/\/nature-et-developpement.com\/logisain-78\/wp-content\/uploads\/tradical-chanvribat-BCB.jpg","datePublished":"2021-03-24T15:10:25+00:00","dateModified":"2026-03-12T09:45:11+00:00","description":"Granulat de chanvre pour B\u00e9tons de Chanvre et Enduits Hygrothermiques. Cette ch\u00e8nevotte est labellis\u00e9e par la fili\u00e8re chanvre","breadcrumb":{"@id":"https:\/\/nature-et-developpement.com\/logisain-78\/produit\/granulat-de-chanvre-tradical-chanvribat\/#breadcrumb"},"inLanguage":"fr-FR","potentialAction":[{"@type":"ReadAction","target":["https:\/\/nature-et-developpement.com\/logisain-78\/produit\/granulat-de-chanvre-tradical-chanvribat\/"]}]},{"@type":"ImageObject","inLanguage":"fr-FR","@id":"https:\/\/nature-et-developpement.com\/logisain-78\/produit\/granulat-de-chanvre-tradical-chanvribat\/#primaryimage","url":"https:\/\/nature-et-developpement.com\/logisain-78\/wp-content\/uploads\/tradical-chanvribat-BCB.jpg","contentUrl":"https:\/\/nature-et-developpement.com\/logisain-78\/wp-content\/uploads\/tradical-chanvribat-BCB.jpg"},{"@type":"BreadcrumbList","@id":"https:\/\/nature-et-developpement.com\/logisain-78\/produit\/granulat-de-chanvre-tradical-chanvribat\/#breadcrumb","itemListElement":[{"@type":"ListItem","position":1,"name":"Accueil","item":"https:\/\/nature-et-developpement.com\/logisain-78\/"},{"@type":"ListItem","position":2,"name":"Produits","item":"https:\/\/nature-et-developpement.com\/logisain-78\/shop\/"},{"@type":"ListItem","position":3,"name":"Construction, cloison et fen\u00eatres","item":"https:\/\/nature-et-developpement.com\/logisain-78\/produits\/construction\/"},{"@type":"ListItem","position":4,"name":"Ma\u00e7onnerie","item":"https:\/\/nature-et-developpement.com\/logisain-78\/produits\/construction\/maconnerie\/"},{"@type":"ListItem","position":5,"name":"Granulat de chanvre TRADICAL CHANVRIBAT"}]},{"@type":"WebSite","@id":"https:\/\/nature-et-developpement.com\/logisain-78\/#website","url":"https:\/\/nature-et-developpement.com\/logisain-78\/","name":"LOGISAIN 78 \u2013 Magasin de mat\u00e9riaux biosourc\u00e9s","description":"Logisain 78 est membre du groupement Nature &amp; D\u00e9veloppement","publisher":{"@id":"https:\/\/nature-et-developpement.com\/logisain-78\/#organization"},"potentialAction":[{"@type":"SearchAction","target":{"@type":"EntryPoint","urlTemplate":"https:\/\/nature-et-developpement.com\/logisain-78\/?s={search_term_string}"},"query-input":{"@type":"PropertyValueSpecification","valueRequired":true,"valueName":"search_term_string"}}],"inLanguage":"fr-FR"},{"@type":"Organization","@id":"https:\/\/nature-et-developpement.com\/logisain-78\/#organization","name":"Logisain 78","url":"https:\/\/nature-et-developpement.com\/logisain-78\/","logo":{"@type":"ImageObject","inLanguage":"fr-FR","@id":"https:\/\/nature-et-developpement.com\/logisain-78\/#\/schema\/logo\/image\/","url":"https:\/\/nature-et-developpement.com\/logisain-78\/wp-content\/uploads\/sites\/5\/2021\/08\/logo-logisain.jpg","contentUrl":"https:\/\/nature-et-developpement.com\/logisain-78\/wp-content\/uploads\/sites\/5\/2021\/08\/logo-logisain.jpg","width":672,"height":455,"caption":"Logisain 78"},"image":{"@id":"https:\/\/nature-et-developpement.com\/logisain-78\/#\/schema\/logo\/image\/"}}]}},"distributor_meta":false,"distributor_terms":false,"distributor_media":false,"distributor_original_site_name":"LOGISAIN 78 \u2013 Magasin de mat\u00e9riaux biosourc\u00e9s","distributor_original_site_url":"https:\/\/nature-et-developpement.com\/logisain-78","push-errors":false,"_links":{"self":[{"href":"https:\/\/nature-et-developpement.com\/logisain-78\/wp-json\/wp\/v2\/product\/473","targetHints":{"allow":["GET"]}}],"collection":[{"href":"https:\/\/nature-et-developpement.com\/logisain-78\/wp-json\/wp\/v2\/product"}],"about":[{"href":"https:\/\/nature-et-developpement.com\/logisain-78\/wp-json\/wp\/v2\/types\/product"}],"wp:featuredmedia":[{"embeddable":true,"href":"https:\/\/nature-et-developpement.com\/logisain-78\/wp-json\/"}],"wp:attachment":[{"href":"https:\/\/nature-et-developpement.com\/logisain-78\/wp-json\/wp\/v2\/media?parent=473"}],"wp:term":[{"taxonomy":"product_brand","embeddable":true,"href":"https:\/\/nature-et-developpement.com\/logisain-78\/wp-json\/wp\/v2\/product_brand?post=473"},{"taxonomy":"product_cat","embeddable":true,"href":"https:\/\/nature-et-developpement.com\/logisain-78\/wp-json\/wp\/v2\/product_cat?post=473"},{"taxonomy":"product_tag","embeddable":true,"href":"https:\/\/nature-et-developpement.com\/logisain-78\/wp-json\/wp\/v2\/product_tag?post=473"}],"curies":[{"name":"wp","href":"https:\/\/api.w.org\/{rel}","templated":true}]}}