{"id":489,"date":"2024-03-22T09:22:25","date_gmt":"2024-03-22T08:22:25","guid":{"rendered":"https:\/\/nature-et-developpement.com\/logisain78\/produit\/laque-mate-blanche-pour-bois-murs-sols-metal-orpheo-428\/"},"modified":"2025-09-30T12:40:10","modified_gmt":"2025-09-30T10:40:10","slug":"laque-mate-blanche-pour-bois-murs-sols-metal-nature-et-devoloppement","status":"publish","type":"product","link":"https:\/\/nature-et-developpement.com\/logisain-78\/produit\/laque-mate-blanche-pour-bois-murs-sols-metal-nature-et-devoloppement\/","title":{"rendered":"Peinture laque mat blanche pour bois, murs, sols et m\u00e9tal de Nature &amp; D\u00e9veloppement"},"content":{"rendered":"<h2>Laque mat blanche \u00e9cologique pour bois, murs, sols et m\u00e9tal &#8211; Nature &amp; D\u00e9veloppement<\/h2>\n<p>Optez pour la laque mat blanche pour bois, murs, sols et m\u00e9tal de Nature &amp; D\u00e9veloppement.<\/p>\n<p>Un produit \u00e9cologique qui r\u00e9pond aux normes les plus strictes, notamment la norme jouet.<\/p>\n<p>Sa formulation \u00e0 base d&rsquo;huiles v\u00e9g\u00e9tales est\u00e9rifi\u00e9es en fait un choix durable pour tous les travaux neufs ou d&rsquo;entretien sur les supports usuels du b\u00e2timent.<\/p>\n<p>Sachant qu&rsquo;elle est compos\u00e9e d&rsquo;eau, d&rsquo;huiles v\u00e9g\u00e9tales alkyl\u00e9es (soja et tall), de standolie d&rsquo;huile de lin (teintes), de dioxyde de titane, de sulfate de baryum (baryte), de talc, de charges matantes (mat) et de siccatif, cette laque offre de nombreuses qualit\u00e9s remarquables.<\/p>\n<p>Son faible taux de C.O.V. garantit une faible \u00e9mission de compos\u00e9s organiques volatils, r\u00e9duisant ainsi son impact sur l&rsquo;environnement.<\/p>\n<p>De plus, elle d\u00e9gage une odeur faible, rendant l&rsquo;application agr\u00e9able pour tous.<\/p>\n<h3>La laque mat blanche de Nature &amp; D\u00e9veloppement se distingue par sa haute opacit\u00e9 et sa blancheur stable.<\/h3>\n<p>Offrant ainsi une couverture optimale pour toutes les surfaces.<\/p>\n<p>Son aspect tendu homog\u00e8ne cr\u00e9e une finition lisse et esth\u00e9tique, tandis que son adh\u00e9rence exceptionnelle assure une tenue durable au fil du temps.<\/p>\n<p>Cette laque peut \u00eatre appliqu\u00e9e sur une vari\u00e9t\u00e9 de supports tels que les murs, les huisseries, le bois, les plastiques (sous r\u00e9serve d&rsquo;un essai pr\u00e9alable), les m\u00e9taux et m\u00eame les anciennes peintures adh\u00e9rentes. Elle est polyvalente et s&rsquo;adapte \u00e0 tous vos besoins de d\u00e9coration et de r\u00e9novation.<\/p>\n<h4>Avant l&rsquo;application de la laque<\/h4>\n<p>Il est recommand\u00e9 de bien m\u00e9langer le produit avec un ustensile propre et adapt\u00e9 au volume.<\/p>\n<p>Pour pr\u00e9parer la surface, suivez les recommandations du DTU 59.1 :<\/p>\n<ol>\n<li>lessivage<\/li>\n<li>d\u00e9poussi\u00e9rage<\/li>\n<li>reprise \u00e9ventuelle des fissures<\/li>\n<li>\u00e9limination de la rouille sur le m\u00e9tal<\/li>\n<\/ol>\n<p>Sur les supports poreux, une couche de Tassili Primaire est n\u00e9cessaire, suivie d&rsquo;une couche d&rsquo;Orph\u00e9o 423 sur le m\u00e9tal.<\/p>\n<p>Pour le bois ou les supports r\u00e9put\u00e9s difficiles, l&rsquo;application en direct avec une dilution \u00e0 10% d&rsquo;eau pour la premi\u00e8re couche est recommand\u00e9e.<\/p>\n<p>cette laque mat blanche est class\u00e9e en \u00e9mission dans l&rsquo;air de cat\u00e9gorie A.<\/p>\n<p>Garantissant ainsi un environnement sain et pr\u00e9serv\u00e9.<\/p>\n<p>Embellissez vos surfaces d\u00e8s maintenant avec cette laque mat blanche \u00e9cologique qui allie performance, respect de l&rsquo;environnement et facilit\u00e9 d&rsquo;utilisation.<\/p>\n","protected":false},"excerpt":{"rendered":"<div id=\"short_description_block\">\n<div id=\"short_description_content\" class=\"rte align_justify\">\n<div class=\"rte align_justify\">\n<p>Cette\u00a0laque mate est recommand\u00e9e pour une utilisation sur les murs, les huisseries, le bois, les plastiques, les m\u00e9taux, les sols, les anciennes peintures adh\u00e9rentes, etc.<\/p>\n<p>Haute opacit\u00e9, blancheur stable, aspect tendu homog\u00e8ne, adh\u00e9rence exceptionnelle .<\/p>\n<\/div>\n<\/div>\n<\/div>\n","protected":false},"featured_media":1000000171024,"template":"","meta":[],"product_brand":[3898],"product_cat":[17,47,108,49,50,284],"product_tag":[4313],"class_list":{"0":"post-489","1":"product","2":"type-product","3":"status-publish","4":"has-post-thumbnail","6":"product_brand-nature-developpement","7":"product_cat-parquet-et-sol-naturels","8":"product_cat-peinture-et-enduit","9":"product_cat-peinture-ecologique","10":"product_cat-protection-du-bois","11":"product_cat-protection-et-entretien","12":"product_cat-protection-et-entretien-du-sol","13":"product_tag-natura","14":"product_shipping_class-peintures-accessoires-peintures","16":"first","17":"instock","18":"taxable","19":"shipping-taxable","20":"purchasable","21":"product-type-variable"},"yoast_head":"<!-- This site is optimized with the Yoast SEO plugin v27.5 - https:\/\/yoast.com\/product\/yoast-seo-wordpress\/ -->\n<title>Laque mat blanche pour bois, murs, sols et m\u00e9tal de N&amp;D<\/title>\n<meta name=\"description\" content=\"D\u00e9couvrez la laque mat blanche polyvalente de Nature &amp; D\u00e9veloppement. Finition mate r\u00e9sistante, respect de l&#039;environnement. Embellissez vos surfaces!\" \/>\n<meta name=\"robots\" content=\"noindex, nofollow\" \/>\n<meta property=\"og:locale\" content=\"fr_FR\" \/>\n<meta property=\"og:type\" content=\"article\" \/>\n<meta property=\"og:title\" content=\"Laque mat blanche pour bois, murs, sols et m\u00e9tal de N&amp;D\" \/>\n<meta property=\"og:description\" content=\"D\u00e9couvrez la laque mat blanche polyvalente de Nature &amp; D\u00e9veloppement. Finition mate r\u00e9sistante, respect de l&#039;environnement. Embellissez vos surfaces!\" \/>\n<meta property=\"og:url\" content=\"https:\/\/nature-et-developpement.com\/logisain-78\/produit\/laque-mate-blanche-pour-bois-murs-sols-metal-nature-et-devoloppement\/\" \/>\n<meta property=\"og:site_name\" content=\"LOGISAIN 78 \u2013 Magasin de mat\u00e9riaux biosourc\u00e9s\" \/>\n<meta property=\"article:modified_time\" content=\"2025-09-30T10:40:10+00:00\" \/>\n<meta name=\"twitter:card\" content=\"summary_large_image\" \/>\n<meta name=\"twitter:label1\" content=\"Dur\u00e9e de lecture estim\u00e9e\" \/>\n\t<meta name=\"twitter:data1\" content=\"2 minutes\" \/>\n<script type=\"application\/ld+json\" class=\"yoast-schema-graph\">{\"@context\":\"https:\\\/\\\/schema.org\",\"@graph\":[{\"@type\":\"WebPage\",\"@id\":\"https:\\\/\\\/nature-et-developpement.com\\\/logisain-78\\\/produit\\\/laque-mate-blanche-pour-bois-murs-sols-metal-nature-et-devoloppement\\\/\",\"url\":\"https:\\\/\\\/nature-et-developpement.com\\\/logisain-78\\\/produit\\\/laque-mate-blanche-pour-bois-murs-sols-metal-nature-et-devoloppement\\\/\",\"name\":\"Laque mat blanche pour bois, murs, sols et m\u00e9tal de N&D\",\"isPartOf\":{\"@id\":\"https:\\\/\\\/nature-et-developpement.com\\\/logisain-78\\\/#website\"},\"primaryImageOfPage\":{\"@id\":\"https:\\\/\\\/nature-et-developpement.com\\\/logisain-78\\\/produit\\\/laque-mate-blanche-pour-bois-murs-sols-metal-nature-et-devoloppement\\\/#primaryimage\"},\"image\":{\"@id\":\"https:\\\/\\\/nature-et-developpement.com\\\/logisain-78\\\/produit\\\/laque-mate-blanche-pour-bois-murs-sols-metal-nature-et-devoloppement\\\/#primaryimage\"},\"thumbnailUrl\":\"https:\\\/\\\/nature-et-developpement.com\\\/logisain-78\\\/wp-content\\\/uploads\\\/Laque-ND-1L_mat_blanc.jpg\",\"datePublished\":\"2024-03-22T08:22:25+00:00\",\"dateModified\":\"2025-09-30T10:40:10+00:00\",\"description\":\"D\u00e9couvrez la laque mat blanche polyvalente de Nature & D\u00e9veloppement. Finition mate r\u00e9sistante, respect de l'environnement. Embellissez vos surfaces!\",\"breadcrumb\":{\"@id\":\"https:\\\/\\\/nature-et-developpement.com\\\/logisain-78\\\/produit\\\/laque-mate-blanche-pour-bois-murs-sols-metal-nature-et-devoloppement\\\/#breadcrumb\"},\"inLanguage\":\"fr-FR\",\"potentialAction\":[{\"@type\":\"ReadAction\",\"target\":[\"https:\\\/\\\/nature-et-developpement.com\\\/logisain-78\\\/produit\\\/laque-mate-blanche-pour-bois-murs-sols-metal-nature-et-devoloppement\\\/\"]}]},{\"@type\":\"ImageObject\",\"inLanguage\":\"fr-FR\",\"@id\":\"https:\\\/\\\/nature-et-developpement.com\\\/logisain-78\\\/produit\\\/laque-mate-blanche-pour-bois-murs-sols-metal-nature-et-devoloppement\\\/#primaryimage\",\"url\":\"https:\\\/\\\/nature-et-developpement.com\\\/logisain-78\\\/wp-content\\\/uploads\\\/Laque-ND-1L_mat_blanc.jpg\",\"contentUrl\":\"https:\\\/\\\/nature-et-developpement.com\\\/logisain-78\\\/wp-content\\\/uploads\\\/Laque-ND-1L_mat_blanc.jpg\"},{\"@type\":\"BreadcrumbList\",\"@id\":\"https:\\\/\\\/nature-et-developpement.com\\\/logisain-78\\\/produit\\\/laque-mate-blanche-pour-bois-murs-sols-metal-nature-et-devoloppement\\\/#breadcrumb\",\"itemListElement\":[{\"@type\":\"ListItem\",\"position\":1,\"name\":\"Accueil\",\"item\":\"https:\\\/\\\/nature-et-developpement.com\\\/logisain-78\\\/\"},{\"@type\":\"ListItem\",\"position\":2,\"name\":\"Produits\",\"item\":\"https:\\\/\\\/nature-et-developpement.com\\\/logisain-78\\\/shop\\\/\"},{\"@type\":\"ListItem\",\"position\":3,\"name\":\"Promo et D\u00e9stockage\",\"item\":\"https:\\\/\\\/nature-et-developpement.com\\\/logisain-78\\\/produits\\\/promo-et-destockage\\\/\"},{\"@type\":\"ListItem\",\"position\":4,\"name\":\"Promo du mois\",\"item\":\"https:\\\/\\\/nature-et-developpement.com\\\/logisain-78\\\/produits\\\/promo-et-destockage\\\/promo-du-mois\\\/\"},{\"@type\":\"ListItem\",\"position\":5,\"name\":\"Peinture laque mat blanche pour bois, murs, sols et m\u00e9tal de Nature &amp; D\u00e9veloppement\"}]},{\"@type\":\"WebSite\",\"@id\":\"https:\\\/\\\/nature-et-developpement.com\\\/logisain-78\\\/#website\",\"url\":\"https:\\\/\\\/nature-et-developpement.com\\\/logisain-78\\\/\",\"name\":\"LOGISAIN 78 \u2013 Magasin de mat\u00e9riaux biosourc\u00e9s\",\"description\":\"Logisain 78 est membre du groupement Nature &amp; D\u00e9veloppement\",\"publisher\":{\"@id\":\"https:\\\/\\\/nature-et-developpement.com\\\/logisain-78\\\/#organization\"},\"potentialAction\":[{\"@type\":\"SearchAction\",\"target\":{\"@type\":\"EntryPoint\",\"urlTemplate\":\"https:\\\/\\\/nature-et-developpement.com\\\/logisain-78\\\/?s={search_term_string}\"},\"query-input\":{\"@type\":\"PropertyValueSpecification\",\"valueRequired\":true,\"valueName\":\"search_term_string\"}}],\"inLanguage\":\"fr-FR\"},{\"@type\":\"Organization\",\"@id\":\"https:\\\/\\\/nature-et-developpement.com\\\/logisain-78\\\/#organization\",\"name\":\"Logisain 78\",\"url\":\"https:\\\/\\\/nature-et-developpement.com\\\/logisain-78\\\/\",\"logo\":{\"@type\":\"ImageObject\",\"inLanguage\":\"fr-FR\",\"@id\":\"https:\\\/\\\/nature-et-developpement.com\\\/logisain-78\\\/#\\\/schema\\\/logo\\\/image\\\/\",\"url\":\"https:\\\/\\\/nature-et-developpement.com\\\/logisain-78\\\/wp-content\\\/uploads\\\/sites\\\/5\\\/2021\\\/08\\\/logo-logisain.jpg\",\"contentUrl\":\"https:\\\/\\\/nature-et-developpement.com\\\/logisain-78\\\/wp-content\\\/uploads\\\/sites\\\/5\\\/2021\\\/08\\\/logo-logisain.jpg\",\"width\":672,\"height\":455,\"caption\":\"Logisain 78\"},\"image\":{\"@id\":\"https:\\\/\\\/nature-et-developpement.com\\\/logisain-78\\\/#\\\/schema\\\/logo\\\/image\\\/\"}}]}<\/script>\n<!-- \/ Yoast SEO plugin. -->","yoast_head_json":{"title":"Laque mat blanche pour bois, murs, sols et m\u00e9tal de N&D","description":"D\u00e9couvrez la laque mat blanche polyvalente de Nature & D\u00e9veloppement. Finition mate r\u00e9sistante, respect de l'environnement. Embellissez vos surfaces!","robots":{"index":"noindex","follow":"nofollow"},"og_locale":"fr_FR","og_type":"article","og_title":"Laque mat blanche pour bois, murs, sols et m\u00e9tal de N&D","og_description":"D\u00e9couvrez la laque mat blanche polyvalente de Nature & D\u00e9veloppement. Finition mate r\u00e9sistante, respect de l'environnement. Embellissez vos surfaces!","og_url":"https:\/\/nature-et-developpement.com\/logisain-78\/produit\/laque-mate-blanche-pour-bois-murs-sols-metal-nature-et-devoloppement\/","og_site_name":"LOGISAIN 78 \u2013 Magasin de mat\u00e9riaux biosourc\u00e9s","article_modified_time":"2025-09-30T10:40:10+00:00","twitter_card":"summary_large_image","twitter_misc":{"Dur\u00e9e de lecture estim\u00e9e":"2 minutes"},"schema":{"@context":"https:\/\/schema.org","@graph":[{"@type":"WebPage","@id":"https:\/\/nature-et-developpement.com\/logisain-78\/produit\/laque-mate-blanche-pour-bois-murs-sols-metal-nature-et-devoloppement\/","url":"https:\/\/nature-et-developpement.com\/logisain-78\/produit\/laque-mate-blanche-pour-bois-murs-sols-metal-nature-et-devoloppement\/","name":"Laque mat blanche pour bois, murs, sols et m\u00e9tal de N&D","isPartOf":{"@id":"https:\/\/nature-et-developpement.com\/logisain-78\/#website"},"primaryImageOfPage":{"@id":"https:\/\/nature-et-developpement.com\/logisain-78\/produit\/laque-mate-blanche-pour-bois-murs-sols-metal-nature-et-devoloppement\/#primaryimage"},"image":{"@id":"https:\/\/nature-et-developpement.com\/logisain-78\/produit\/laque-mate-blanche-pour-bois-murs-sols-metal-nature-et-devoloppement\/#primaryimage"},"thumbnailUrl":"https:\/\/nature-et-developpement.com\/logisain-78\/wp-content\/uploads\/Laque-ND-1L_mat_blanc.jpg","datePublished":"2024-03-22T08:22:25+00:00","dateModified":"2025-09-30T10:40:10+00:00","description":"D\u00e9couvrez la laque mat blanche polyvalente de Nature & D\u00e9veloppement. Finition mate r\u00e9sistante, respect de l'environnement. Embellissez vos surfaces!","breadcrumb":{"@id":"https:\/\/nature-et-developpement.com\/logisain-78\/produit\/laque-mate-blanche-pour-bois-murs-sols-metal-nature-et-devoloppement\/#breadcrumb"},"inLanguage":"fr-FR","potentialAction":[{"@type":"ReadAction","target":["https:\/\/nature-et-developpement.com\/logisain-78\/produit\/laque-mate-blanche-pour-bois-murs-sols-metal-nature-et-devoloppement\/"]}]},{"@type":"ImageObject","inLanguage":"fr-FR","@id":"https:\/\/nature-et-developpement.com\/logisain-78\/produit\/laque-mate-blanche-pour-bois-murs-sols-metal-nature-et-devoloppement\/#primaryimage","url":"https:\/\/nature-et-developpement.com\/logisain-78\/wp-content\/uploads\/Laque-ND-1L_mat_blanc.jpg","contentUrl":"https:\/\/nature-et-developpement.com\/logisain-78\/wp-content\/uploads\/Laque-ND-1L_mat_blanc.jpg"},{"@type":"BreadcrumbList","@id":"https:\/\/nature-et-developpement.com\/logisain-78\/produit\/laque-mate-blanche-pour-bois-murs-sols-metal-nature-et-devoloppement\/#breadcrumb","itemListElement":[{"@type":"ListItem","position":1,"name":"Accueil","item":"https:\/\/nature-et-developpement.com\/logisain-78\/"},{"@type":"ListItem","position":2,"name":"Produits","item":"https:\/\/nature-et-developpement.com\/logisain-78\/shop\/"},{"@type":"ListItem","position":3,"name":"Promo et D\u00e9stockage","item":"https:\/\/nature-et-developpement.com\/logisain-78\/produits\/promo-et-destockage\/"},{"@type":"ListItem","position":4,"name":"Promo du mois","item":"https:\/\/nature-et-developpement.com\/logisain-78\/produits\/promo-et-destockage\/promo-du-mois\/"},{"@type":"ListItem","position":5,"name":"Peinture laque mat blanche pour bois, murs, sols et m\u00e9tal de Nature &amp; D\u00e9veloppement"}]},{"@type":"WebSite","@id":"https:\/\/nature-et-developpement.com\/logisain-78\/#website","url":"https:\/\/nature-et-developpement.com\/logisain-78\/","name":"LOGISAIN 78 \u2013 Magasin de mat\u00e9riaux biosourc\u00e9s","description":"Logisain 78 est membre du groupement Nature &amp; D\u00e9veloppement","publisher":{"@id":"https:\/\/nature-et-developpement.com\/logisain-78\/#organization"},"potentialAction":[{"@type":"SearchAction","target":{"@type":"EntryPoint","urlTemplate":"https:\/\/nature-et-developpement.com\/logisain-78\/?s={search_term_string}"},"query-input":{"@type":"PropertyValueSpecification","valueRequired":true,"valueName":"search_term_string"}}],"inLanguage":"fr-FR"},{"@type":"Organization","@id":"https:\/\/nature-et-developpement.com\/logisain-78\/#organization","name":"Logisain 78","url":"https:\/\/nature-et-developpement.com\/logisain-78\/","logo":{"@type":"ImageObject","inLanguage":"fr-FR","@id":"https:\/\/nature-et-developpement.com\/logisain-78\/#\/schema\/logo\/image\/","url":"https:\/\/nature-et-developpement.com\/logisain-78\/wp-content\/uploads\/sites\/5\/2021\/08\/logo-logisain.jpg","contentUrl":"https:\/\/nature-et-developpement.com\/logisain-78\/wp-content\/uploads\/sites\/5\/2021\/08\/logo-logisain.jpg","width":672,"height":455,"caption":"Logisain 78"},"image":{"@id":"https:\/\/nature-et-developpement.com\/logisain-78\/#\/schema\/logo\/image\/"}}]}},"distributor_meta":false,"distributor_terms":false,"distributor_media":false,"distributor_original_site_name":"LOGISAIN 78 \u2013 Magasin de mat\u00e9riaux biosourc\u00e9s","distributor_original_site_url":"https:\/\/nature-et-developpement.com\/logisain-78","push-errors":false,"_links":{"self":[{"href":"https:\/\/nature-et-developpement.com\/logisain-78\/wp-json\/wp\/v2\/product\/489","targetHints":{"allow":["GET"]}}],"collection":[{"href":"https:\/\/nature-et-developpement.com\/logisain-78\/wp-json\/wp\/v2\/product"}],"about":[{"href":"https:\/\/nature-et-developpement.com\/logisain-78\/wp-json\/wp\/v2\/types\/product"}],"wp:featuredmedia":[{"embeddable":true,"href":"https:\/\/nature-et-developpement.com\/logisain-78\/wp-json\/"}],"wp:attachment":[{"href":"https:\/\/nature-et-developpement.com\/logisain-78\/wp-json\/wp\/v2\/media?parent=489"}],"wp:term":[{"taxonomy":"product_brand","embeddable":true,"href":"https:\/\/nature-et-developpement.com\/logisain-78\/wp-json\/wp\/v2\/product_brand?post=489"},{"taxonomy":"product_cat","embeddable":true,"href":"https:\/\/nature-et-developpement.com\/logisain-78\/wp-json\/wp\/v2\/product_cat?post=489"},{"taxonomy":"product_tag","embeddable":true,"href":"https:\/\/nature-et-developpement.com\/logisain-78\/wp-json\/wp\/v2\/product_tag?post=489"}],"curies":[{"name":"wp","href":"https:\/\/api.w.org\/{rel}","templated":true}]}}