{"id":5099,"date":"2020-05-15T16:07:13","date_gmt":"2020-05-15T14:07:13","guid":{"rendered":"https:\/\/nature-et-developpement.com\/logisain78\/produit\/sous-couche-phonique-meister-silence-20\/"},"modified":"2026-03-26T19:30:11","modified_gmt":"2026-03-26T18:30:11","slug":"sous-couche-phonique-meister-silence-20","status":"publish","type":"product","link":"https:\/\/nature-et-developpement.com\/logisain-78\/produit\/sous-couche-phonique-meister-silence-20\/","title":{"rendered":"Sous-couche phonique MEISTER-Silence 20"},"content":{"rendered":"","protected":false},"excerpt":{"rendered":"<p>\u00c9paisseur d\u2018env. 2,5 mm, compos\u00e9 d\u2018un m\u00e9lange de min\u00e9raux et de polyur\u00e9thane.<\/p>\n<p>Stabilit\u00e9 de pression (valeur r\u00e9sistance en compression) : env. 170 kPa<\/p>\n<p>R\u00e9duction d\u2018acoustique : jusqu\u2018\u00e0 29 % R\u00e9duction du bruit de pas : jusqu\u2018\u00e0 19 dB<\/p>\n","protected":false},"featured_media":1000000158258,"template":"","meta":[],"product_brand":[4662],"product_cat":[99,18],"product_tag":[],"class_list":{"0":"post-5099","1":"product","2":"type-product","3":"status-publish","4":"has-post-thumbnail","6":"product_brand-meister-accessoire","7":"product_cat-plinthes-et-accessoires","8":"product_cat-sous-couche-parquet","9":"product_shipping_class-petit-equipement-outil-eclairage","11":"first","12":"instock","13":"taxable","14":"shipping-taxable","15":"purchasable","16":"product-type-variable"},"yoast_head":"<!-- This site is optimized with the Yoast SEO plugin v27.5 - https:\/\/yoast.com\/product\/yoast-seo-wordpress\/ -->\n<title>Sous-couche phonique MEISTER-Silence 20<\/title>\n<meta name=\"description\" content=\"\u00c9paisseur d\u2018env. 2,5 mm, compos\u00e9 d\u2018un m\u00e9lange de min\u00e9raux et de polyur\u00e9thane.  Stabilit\u00e9 de pression (valeur r\u00e9sistance en compression) : env. 170 kPa  R\u00e9duction d\u2018acoustique : jusqu\u2018\u00e0 29 % R\u00e9duction du bruit de pas : jusqu\u2018\u00e0 19 dB\" \/>\n<meta name=\"robots\" content=\"noindex, nofollow\" \/>\n<meta property=\"og:locale\" content=\"fr_FR\" \/>\n<meta property=\"og:type\" content=\"article\" \/>\n<meta property=\"og:title\" content=\"Sous-couche phonique MEISTER-Silence 20\" \/>\n<meta property=\"og:description\" content=\"\u00c9paisseur d\u2018env. 2,5 mm, compos\u00e9 d\u2018un m\u00e9lange de min\u00e9raux et de polyur\u00e9thane.  Stabilit\u00e9 de pression (valeur r\u00e9sistance en compression) : env. 170 kPa  R\u00e9duction d\u2018acoustique : jusqu\u2018\u00e0 29 % R\u00e9duction du bruit de pas : jusqu\u2018\u00e0 19 dB\" \/>\n<meta property=\"og:url\" content=\"https:\/\/nature-et-developpement.com\/logisain-78\/produit\/sous-couche-phonique-meister-silence-20\/\" \/>\n<meta property=\"og:site_name\" content=\"LOGISAIN 78 \u2013 Magasin de mat\u00e9riaux biosourc\u00e9s\" \/>\n<meta property=\"article:modified_time\" content=\"2026-03-26T18:30:11+00:00\" \/>\n<meta name=\"twitter:card\" content=\"summary_large_image\" \/>\n<script type=\"application\/ld+json\" class=\"yoast-schema-graph\">{\"@context\":\"https:\\\/\\\/schema.org\",\"@graph\":[{\"@type\":\"WebPage\",\"@id\":\"https:\\\/\\\/nature-et-developpement.com\\\/logisain-78\\\/produit\\\/sous-couche-phonique-meister-silence-20\\\/\",\"url\":\"https:\\\/\\\/nature-et-developpement.com\\\/logisain-78\\\/produit\\\/sous-couche-phonique-meister-silence-20\\\/\",\"name\":\"Sous-couche phonique MEISTER-Silence 20\",\"isPartOf\":{\"@id\":\"https:\\\/\\\/nature-et-developpement.com\\\/logisain-78\\\/#website\"},\"primaryImageOfPage\":{\"@id\":\"https:\\\/\\\/nature-et-developpement.com\\\/logisain-78\\\/produit\\\/sous-couche-phonique-meister-silence-20\\\/#primaryimage\"},\"image\":{\"@id\":\"https:\\\/\\\/nature-et-developpement.com\\\/logisain-78\\\/produit\\\/sous-couche-phonique-meister-silence-20\\\/#primaryimage\"},\"thumbnailUrl\":\"https:\\\/\\\/nature-et-developpement.com\\\/logisain-78\\\/wp-content\\\/uploads\\\/Sous-couche-MEISTER-906009100-1.jpg\",\"datePublished\":\"2020-05-15T14:07:13+00:00\",\"dateModified\":\"2026-03-26T18:30:11+00:00\",\"description\":\"\u00c9paisseur d\u2018env. 2,5 mm, compos\u00e9 d\u2018un m\u00e9lange de min\u00e9raux et de polyur\u00e9thane. Stabilit\u00e9 de pression (valeur r\u00e9sistance en compression) : env. 170 kPa R\u00e9duction d\u2018acoustique : jusqu\u2018\u00e0 29 % R\u00e9duction du bruit de pas : jusqu\u2018\u00e0 19 dB\",\"breadcrumb\":{\"@id\":\"https:\\\/\\\/nature-et-developpement.com\\\/logisain-78\\\/produit\\\/sous-couche-phonique-meister-silence-20\\\/#breadcrumb\"},\"inLanguage\":\"fr-FR\",\"potentialAction\":[{\"@type\":\"ReadAction\",\"target\":[\"https:\\\/\\\/nature-et-developpement.com\\\/logisain-78\\\/produit\\\/sous-couche-phonique-meister-silence-20\\\/\"]}]},{\"@type\":\"ImageObject\",\"inLanguage\":\"fr-FR\",\"@id\":\"https:\\\/\\\/nature-et-developpement.com\\\/logisain-78\\\/produit\\\/sous-couche-phonique-meister-silence-20\\\/#primaryimage\",\"url\":\"https:\\\/\\\/nature-et-developpement.com\\\/logisain-78\\\/wp-content\\\/uploads\\\/Sous-couche-MEISTER-906009100-1.jpg\",\"contentUrl\":\"https:\\\/\\\/nature-et-developpement.com\\\/logisain-78\\\/wp-content\\\/uploads\\\/Sous-couche-MEISTER-906009100-1.jpg\"},{\"@type\":\"BreadcrumbList\",\"@id\":\"https:\\\/\\\/nature-et-developpement.com\\\/logisain-78\\\/produit\\\/sous-couche-phonique-meister-silence-20\\\/#breadcrumb\",\"itemListElement\":[{\"@type\":\"ListItem\",\"position\":1,\"name\":\"Accueil\",\"item\":\"https:\\\/\\\/nature-et-developpement.com\\\/logisain-78\\\/\"},{\"@type\":\"ListItem\",\"position\":2,\"name\":\"Produits\",\"item\":\"https:\\\/\\\/nature-et-developpement.com\\\/logisain-78\\\/shop\\\/\"},{\"@type\":\"ListItem\",\"position\":3,\"name\":\"Parquets bois, stratifi\u00e9s et li\u00e8ge\",\"item\":\"https:\\\/\\\/nature-et-developpement.com\\\/logisain-78\\\/produits\\\/parquet-et-sol-naturels\\\/\"},{\"@type\":\"ListItem\",\"position\":4,\"name\":\"Sous-couche pour parquet\",\"item\":\"https:\\\/\\\/nature-et-developpement.com\\\/logisain-78\\\/produits\\\/parquet-et-sol-naturels\\\/sous-couche-parquet\\\/\"},{\"@type\":\"ListItem\",\"position\":5,\"name\":\"Sous-couche phonique MEISTER-Silence 20\"}]},{\"@type\":\"WebSite\",\"@id\":\"https:\\\/\\\/nature-et-developpement.com\\\/logisain-78\\\/#website\",\"url\":\"https:\\\/\\\/nature-et-developpement.com\\\/logisain-78\\\/\",\"name\":\"LOGISAIN 78 \u2013 Magasin de mat\u00e9riaux biosourc\u00e9s\",\"description\":\"Logisain 78 est membre du groupement Nature &amp; D\u00e9veloppement\",\"publisher\":{\"@id\":\"https:\\\/\\\/nature-et-developpement.com\\\/logisain-78\\\/#organization\"},\"potentialAction\":[{\"@type\":\"SearchAction\",\"target\":{\"@type\":\"EntryPoint\",\"urlTemplate\":\"https:\\\/\\\/nature-et-developpement.com\\\/logisain-78\\\/?s={search_term_string}\"},\"query-input\":{\"@type\":\"PropertyValueSpecification\",\"valueRequired\":true,\"valueName\":\"search_term_string\"}}],\"inLanguage\":\"fr-FR\"},{\"@type\":\"Organization\",\"@id\":\"https:\\\/\\\/nature-et-developpement.com\\\/logisain-78\\\/#organization\",\"name\":\"Logisain 78\",\"url\":\"https:\\\/\\\/nature-et-developpement.com\\\/logisain-78\\\/\",\"logo\":{\"@type\":\"ImageObject\",\"inLanguage\":\"fr-FR\",\"@id\":\"https:\\\/\\\/nature-et-developpement.com\\\/logisain-78\\\/#\\\/schema\\\/logo\\\/image\\\/\",\"url\":\"https:\\\/\\\/nature-et-developpement.com\\\/logisain-78\\\/wp-content\\\/uploads\\\/sites\\\/5\\\/2021\\\/08\\\/logo-logisain.jpg\",\"contentUrl\":\"https:\\\/\\\/nature-et-developpement.com\\\/logisain-78\\\/wp-content\\\/uploads\\\/sites\\\/5\\\/2021\\\/08\\\/logo-logisain.jpg\",\"width\":672,\"height\":455,\"caption\":\"Logisain 78\"},\"image\":{\"@id\":\"https:\\\/\\\/nature-et-developpement.com\\\/logisain-78\\\/#\\\/schema\\\/logo\\\/image\\\/\"}}]}<\/script>\n<!-- \/ Yoast SEO plugin. -->","yoast_head_json":{"title":"Sous-couche phonique MEISTER-Silence 20","description":"\u00c9paisseur d\u2018env. 2,5 mm, compos\u00e9 d\u2018un m\u00e9lange de min\u00e9raux et de polyur\u00e9thane.  Stabilit\u00e9 de pression (valeur r\u00e9sistance en compression) : env. 170 kPa  R\u00e9duction d\u2018acoustique : jusqu\u2018\u00e0 29 % R\u00e9duction du bruit de pas : jusqu\u2018\u00e0 19 dB","robots":{"index":"noindex","follow":"nofollow"},"og_locale":"fr_FR","og_type":"article","og_title":"Sous-couche phonique MEISTER-Silence 20","og_description":"\u00c9paisseur d\u2018env. 2,5 mm, compos\u00e9 d\u2018un m\u00e9lange de min\u00e9raux et de polyur\u00e9thane.  Stabilit\u00e9 de pression (valeur r\u00e9sistance en compression) : env. 170 kPa  R\u00e9duction d\u2018acoustique : jusqu\u2018\u00e0 29 % R\u00e9duction du bruit de pas : jusqu\u2018\u00e0 19 dB","og_url":"https:\/\/nature-et-developpement.com\/logisain-78\/produit\/sous-couche-phonique-meister-silence-20\/","og_site_name":"LOGISAIN 78 \u2013 Magasin de mat\u00e9riaux biosourc\u00e9s","article_modified_time":"2026-03-26T18:30:11+00:00","twitter_card":"summary_large_image","schema":{"@context":"https:\/\/schema.org","@graph":[{"@type":"WebPage","@id":"https:\/\/nature-et-developpement.com\/logisain-78\/produit\/sous-couche-phonique-meister-silence-20\/","url":"https:\/\/nature-et-developpement.com\/logisain-78\/produit\/sous-couche-phonique-meister-silence-20\/","name":"Sous-couche phonique MEISTER-Silence 20","isPartOf":{"@id":"https:\/\/nature-et-developpement.com\/logisain-78\/#website"},"primaryImageOfPage":{"@id":"https:\/\/nature-et-developpement.com\/logisain-78\/produit\/sous-couche-phonique-meister-silence-20\/#primaryimage"},"image":{"@id":"https:\/\/nature-et-developpement.com\/logisain-78\/produit\/sous-couche-phonique-meister-silence-20\/#primaryimage"},"thumbnailUrl":"https:\/\/nature-et-developpement.com\/logisain-78\/wp-content\/uploads\/Sous-couche-MEISTER-906009100-1.jpg","datePublished":"2020-05-15T14:07:13+00:00","dateModified":"2026-03-26T18:30:11+00:00","description":"\u00c9paisseur d\u2018env. 2,5 mm, compos\u00e9 d\u2018un m\u00e9lange de min\u00e9raux et de polyur\u00e9thane. Stabilit\u00e9 de pression (valeur r\u00e9sistance en compression) : env. 170 kPa R\u00e9duction d\u2018acoustique : jusqu\u2018\u00e0 29 % R\u00e9duction du bruit de pas : jusqu\u2018\u00e0 19 dB","breadcrumb":{"@id":"https:\/\/nature-et-developpement.com\/logisain-78\/produit\/sous-couche-phonique-meister-silence-20\/#breadcrumb"},"inLanguage":"fr-FR","potentialAction":[{"@type":"ReadAction","target":["https:\/\/nature-et-developpement.com\/logisain-78\/produit\/sous-couche-phonique-meister-silence-20\/"]}]},{"@type":"ImageObject","inLanguage":"fr-FR","@id":"https:\/\/nature-et-developpement.com\/logisain-78\/produit\/sous-couche-phonique-meister-silence-20\/#primaryimage","url":"https:\/\/nature-et-developpement.com\/logisain-78\/wp-content\/uploads\/Sous-couche-MEISTER-906009100-1.jpg","contentUrl":"https:\/\/nature-et-developpement.com\/logisain-78\/wp-content\/uploads\/Sous-couche-MEISTER-906009100-1.jpg"},{"@type":"BreadcrumbList","@id":"https:\/\/nature-et-developpement.com\/logisain-78\/produit\/sous-couche-phonique-meister-silence-20\/#breadcrumb","itemListElement":[{"@type":"ListItem","position":1,"name":"Accueil","item":"https:\/\/nature-et-developpement.com\/logisain-78\/"},{"@type":"ListItem","position":2,"name":"Produits","item":"https:\/\/nature-et-developpement.com\/logisain-78\/shop\/"},{"@type":"ListItem","position":3,"name":"Parquets bois, stratifi\u00e9s et li\u00e8ge","item":"https:\/\/nature-et-developpement.com\/logisain-78\/produits\/parquet-et-sol-naturels\/"},{"@type":"ListItem","position":4,"name":"Sous-couche pour parquet","item":"https:\/\/nature-et-developpement.com\/logisain-78\/produits\/parquet-et-sol-naturels\/sous-couche-parquet\/"},{"@type":"ListItem","position":5,"name":"Sous-couche phonique MEISTER-Silence 20"}]},{"@type":"WebSite","@id":"https:\/\/nature-et-developpement.com\/logisain-78\/#website","url":"https:\/\/nature-et-developpement.com\/logisain-78\/","name":"LOGISAIN 78 \u2013 Magasin de mat\u00e9riaux biosourc\u00e9s","description":"Logisain 78 est membre du groupement Nature &amp; D\u00e9veloppement","publisher":{"@id":"https:\/\/nature-et-developpement.com\/logisain-78\/#organization"},"potentialAction":[{"@type":"SearchAction","target":{"@type":"EntryPoint","urlTemplate":"https:\/\/nature-et-developpement.com\/logisain-78\/?s={search_term_string}"},"query-input":{"@type":"PropertyValueSpecification","valueRequired":true,"valueName":"search_term_string"}}],"inLanguage":"fr-FR"},{"@type":"Organization","@id":"https:\/\/nature-et-developpement.com\/logisain-78\/#organization","name":"Logisain 78","url":"https:\/\/nature-et-developpement.com\/logisain-78\/","logo":{"@type":"ImageObject","inLanguage":"fr-FR","@id":"https:\/\/nature-et-developpement.com\/logisain-78\/#\/schema\/logo\/image\/","url":"https:\/\/nature-et-developpement.com\/logisain-78\/wp-content\/uploads\/sites\/5\/2021\/08\/logo-logisain.jpg","contentUrl":"https:\/\/nature-et-developpement.com\/logisain-78\/wp-content\/uploads\/sites\/5\/2021\/08\/logo-logisain.jpg","width":672,"height":455,"caption":"Logisain 78"},"image":{"@id":"https:\/\/nature-et-developpement.com\/logisain-78\/#\/schema\/logo\/image\/"}}]}},"distributor_meta":false,"distributor_terms":false,"distributor_media":false,"distributor_original_site_name":"LOGISAIN 78 \u2013 Magasin de mat\u00e9riaux biosourc\u00e9s","distributor_original_site_url":"https:\/\/nature-et-developpement.com\/logisain-78","push-errors":false,"_links":{"self":[{"href":"https:\/\/nature-et-developpement.com\/logisain-78\/wp-json\/wp\/v2\/product\/5099","targetHints":{"allow":["GET"]}}],"collection":[{"href":"https:\/\/nature-et-developpement.com\/logisain-78\/wp-json\/wp\/v2\/product"}],"about":[{"href":"https:\/\/nature-et-developpement.com\/logisain-78\/wp-json\/wp\/v2\/types\/product"}],"wp:featuredmedia":[{"embeddable":true,"href":"https:\/\/nature-et-developpement.com\/logisain-78\/wp-json\/"}],"wp:attachment":[{"href":"https:\/\/nature-et-developpement.com\/logisain-78\/wp-json\/wp\/v2\/media?parent=5099"}],"wp:term":[{"taxonomy":"product_brand","embeddable":true,"href":"https:\/\/nature-et-developpement.com\/logisain-78\/wp-json\/wp\/v2\/product_brand?post=5099"},{"taxonomy":"product_cat","embeddable":true,"href":"https:\/\/nature-et-developpement.com\/logisain-78\/wp-json\/wp\/v2\/product_cat?post=5099"},{"taxonomy":"product_tag","embeddable":true,"href":"https:\/\/nature-et-developpement.com\/logisain-78\/wp-json\/wp\/v2\/product_tag?post=5099"}],"curies":[{"name":"wp","href":"https:\/\/api.w.org\/{rel}","templated":true}]}}