{"id":6148,"date":"2020-04-28T14:52:36","date_gmt":"2020-04-28T12:52:36","guid":{"rendered":"https:\/\/nature-et-developpement.com\/logisain78\/produit\/clips-de-fixation-pour-lambris-meister\/"},"modified":"2026-03-26T19:10:09","modified_gmt":"2026-03-26T18:10:09","slug":"clips-de-fixation-pour-lambris-meister","status":"publish","type":"product","link":"https:\/\/nature-et-developpement.com\/logisain-78\/produit\/clips-de-fixation-pour-lambris-meister\/","title":{"rendered":"Clips de fixation pour lambris et sols MEISTER sur structure bois"},"content":{"rendered":"<p><span style=\"text-decoration: underline\"><strong>Top 4<\/strong><\/span><\/p>\n<p>Clip \u00e0 visser 4 mm extra fort pour la pose de Terra 250, Terra 200, Terra 150, Bocado 300, Bocado 250 et Bocado 200 en rapport avec lattes rabot\u00e9es d\u2018un c\u00f4t\u00e9.<\/p>\n<p><span style=\"text-decoration: underline\"><strong>N\u00b03<\/strong><\/span><\/p>\n<p>Clip \u00e0 visser pour la pose de Tertio 250 et Tertio 200 en rapport avec lattes rabot\u00e9es d\u2019un c\u00f4t\u00e9.<\/p>\n<p><span style=\"text-decoration: underline\"><strong>Top 300 H<\/strong><\/span><\/p>\n<p>Clip\u00a0\u00e0 visser pour la pose de\u00a0SP 300 en rapport avec lattes rabot\u00e9es d\u2019un c\u00f4t\u00e9.<\/p>\n","protected":false},"excerpt":{"rendered":"<p>Choisissez la bonne fixation en rapport avec lattes rabot\u00e9es d\u2018un c\u00f4t\u00e9:<\/p>\n<p><strong>Top 4:\u00a0<\/strong>pour\u00a0Terra 250, Terra 200, Terra 150, Bocado 300, Bocado 250 et Bocado 200<\/p>\n<p><strong>N\u00b03:\u00a0<\/strong>pour Tertio 250 et Tertio 200<\/p>\n<p><strong>Top 300 H:\u00a0<\/strong>pour SP 300\u00a0et SP 800 en rapport avec lattes rabot\u00e9es d\u2019un c\u00f4t\u00e9<\/p>\n","protected":false},"featured_media":1000000158626,"template":"","meta":[],"product_brand":[4662],"product_cat":[99,616],"product_tag":[4305],"class_list":{"0":"post-6148","1":"product","2":"type-product","3":"status-publish","4":"has-post-thumbnail","6":"product_brand-meister-accessoire","7":"product_cat-plinthes-et-accessoires","8":"product_cat-visserie","9":"product_tag-meister","10":"product_shipping_class-petit-equipement-outil-eclairage","12":"first","13":"instock","14":"taxable","15":"shipping-taxable","16":"purchasable","17":"product-type-variable"},"yoast_head":"<!-- This site is optimized with the Yoast SEO plugin v27.5 - https:\/\/yoast.com\/product\/yoast-seo-wordpress\/ -->\n<title>Clips de fixation pour lambris et sols MEISTER sur structure bois<\/title>\n<meta name=\"description\" content=\"Choisissez la bonne fixation en rapport avec lattes rabot\u00e9es d\u2018un c\u00f4t\u00e9:  Top 4:\u00a0pour\u00a0Terra 250, Terra 200, Terra 150, Bocado 300, Bocado 250 et Bocado 200  N\u00b03:\u00a0pour Tertio 250 et Tertio 200  Top 300 H:\u00a0pour SP 300\u00a0et SP 800 en rapport avec lattes rabot\u00e9es d\u2019un c\u00f4t\u00e9\" \/>\n<meta name=\"robots\" content=\"noindex, nofollow\" \/>\n<meta property=\"og:locale\" content=\"fr_FR\" \/>\n<meta property=\"og:type\" content=\"article\" \/>\n<meta property=\"og:title\" content=\"Clips de fixation pour lambris et sols MEISTER sur structure bois\" \/>\n<meta property=\"og:description\" content=\"Choisissez la bonne fixation en rapport avec lattes rabot\u00e9es d\u2018un c\u00f4t\u00e9:  Top 4:\u00a0pour\u00a0Terra 250, Terra 200, Terra 150, Bocado 300, Bocado 250 et Bocado 200  N\u00b03:\u00a0pour Tertio 250 et Tertio 200  Top 300 H:\u00a0pour SP 300\u00a0et SP 800 en rapport avec lattes rabot\u00e9es d\u2019un c\u00f4t\u00e9\" \/>\n<meta property=\"og:url\" content=\"https:\/\/nature-et-developpement.com\/logisain-78\/produit\/clips-de-fixation-pour-lambris-meister\/\" \/>\n<meta property=\"og:site_name\" content=\"LOGISAIN 78 \u2013 Magasin de mat\u00e9riaux biosourc\u00e9s\" \/>\n<meta property=\"article:modified_time\" content=\"2026-03-26T18:10:09+00:00\" \/>\n<meta name=\"twitter:card\" content=\"summary_large_image\" \/>\n<script type=\"application\/ld+json\" class=\"yoast-schema-graph\">{\"@context\":\"https:\\\/\\\/schema.org\",\"@graph\":[{\"@type\":\"WebPage\",\"@id\":\"https:\\\/\\\/nature-et-developpement.com\\\/logisain-78\\\/produit\\\/clips-de-fixation-pour-lambris-meister\\\/\",\"url\":\"https:\\\/\\\/nature-et-developpement.com\\\/logisain-78\\\/produit\\\/clips-de-fixation-pour-lambris-meister\\\/\",\"name\":\"Clips de fixation pour lambris et sols MEISTER sur structure bois\",\"isPartOf\":{\"@id\":\"https:\\\/\\\/nature-et-developpement.com\\\/logisain-78\\\/#website\"},\"primaryImageOfPage\":{\"@id\":\"https:\\\/\\\/nature-et-developpement.com\\\/logisain-78\\\/produit\\\/clips-de-fixation-pour-lambris-meister\\\/#primaryimage\"},\"image\":{\"@id\":\"https:\\\/\\\/nature-et-developpement.com\\\/logisain-78\\\/produit\\\/clips-de-fixation-pour-lambris-meister\\\/#primaryimage\"},\"thumbnailUrl\":\"https:\\\/\\\/nature-et-developpement.com\\\/logisain-78\\\/wp-content\\\/uploads\\\/Clips-pour-Lambris-901051001.jpg\",\"datePublished\":\"2020-04-28T12:52:36+00:00\",\"dateModified\":\"2026-03-26T18:10:09+00:00\",\"description\":\"Choisissez la bonne fixation en rapport avec lattes rabot\u00e9es d\u2018un c\u00f4t\u00e9: Top 4:\u00a0pour\u00a0Terra 250, Terra 200, Terra 150, Bocado 300, Bocado 250 et Bocado 200 N\u00b03:\u00a0pour Tertio 250 et Tertio 200 Top 300 H:\u00a0pour SP 300\u00a0et SP 800 en rapport avec lattes rabot\u00e9es d\u2019un c\u00f4t\u00e9\",\"breadcrumb\":{\"@id\":\"https:\\\/\\\/nature-et-developpement.com\\\/logisain-78\\\/produit\\\/clips-de-fixation-pour-lambris-meister\\\/#breadcrumb\"},\"inLanguage\":\"fr-FR\",\"potentialAction\":[{\"@type\":\"ReadAction\",\"target\":[\"https:\\\/\\\/nature-et-developpement.com\\\/logisain-78\\\/produit\\\/clips-de-fixation-pour-lambris-meister\\\/\"]}]},{\"@type\":\"ImageObject\",\"inLanguage\":\"fr-FR\",\"@id\":\"https:\\\/\\\/nature-et-developpement.com\\\/logisain-78\\\/produit\\\/clips-de-fixation-pour-lambris-meister\\\/#primaryimage\",\"url\":\"https:\\\/\\\/nature-et-developpement.com\\\/logisain-78\\\/wp-content\\\/uploads\\\/Clips-pour-Lambris-901051001.jpg\",\"contentUrl\":\"https:\\\/\\\/nature-et-developpement.com\\\/logisain-78\\\/wp-content\\\/uploads\\\/Clips-pour-Lambris-901051001.jpg\"},{\"@type\":\"BreadcrumbList\",\"@id\":\"https:\\\/\\\/nature-et-developpement.com\\\/logisain-78\\\/produit\\\/clips-de-fixation-pour-lambris-meister\\\/#breadcrumb\",\"itemListElement\":[{\"@type\":\"ListItem\",\"position\":1,\"name\":\"Accueil\",\"item\":\"https:\\\/\\\/nature-et-developpement.com\\\/logisain-78\\\/\"},{\"@type\":\"ListItem\",\"position\":2,\"name\":\"Produits\",\"item\":\"https:\\\/\\\/nature-et-developpement.com\\\/logisain-78\\\/shop\\\/\"},{\"@type\":\"ListItem\",\"position\":3,\"name\":\"Parquets bois, stratifi\u00e9s et li\u00e8ge\",\"item\":\"https:\\\/\\\/nature-et-developpement.com\\\/logisain-78\\\/produits\\\/parquet-et-sol-naturels\\\/\"},{\"@type\":\"ListItem\",\"position\":4,\"name\":\"Plinthes et accessoires\",\"item\":\"https:\\\/\\\/nature-et-developpement.com\\\/logisain-78\\\/produits\\\/parquet-et-sol-naturels\\\/plinthes-et-accessoires\\\/\"},{\"@type\":\"ListItem\",\"position\":5,\"name\":\"Clips de fixation pour lambris et sols MEISTER sur structure bois\"}]},{\"@type\":\"WebSite\",\"@id\":\"https:\\\/\\\/nature-et-developpement.com\\\/logisain-78\\\/#website\",\"url\":\"https:\\\/\\\/nature-et-developpement.com\\\/logisain-78\\\/\",\"name\":\"LOGISAIN 78 \u2013 Magasin de mat\u00e9riaux biosourc\u00e9s\",\"description\":\"Logisain 78 est membre du groupement Nature &amp; D\u00e9veloppement\",\"publisher\":{\"@id\":\"https:\\\/\\\/nature-et-developpement.com\\\/logisain-78\\\/#organization\"},\"potentialAction\":[{\"@type\":\"SearchAction\",\"target\":{\"@type\":\"EntryPoint\",\"urlTemplate\":\"https:\\\/\\\/nature-et-developpement.com\\\/logisain-78\\\/?s={search_term_string}\"},\"query-input\":{\"@type\":\"PropertyValueSpecification\",\"valueRequired\":true,\"valueName\":\"search_term_string\"}}],\"inLanguage\":\"fr-FR\"},{\"@type\":\"Organization\",\"@id\":\"https:\\\/\\\/nature-et-developpement.com\\\/logisain-78\\\/#organization\",\"name\":\"Logisain 78\",\"url\":\"https:\\\/\\\/nature-et-developpement.com\\\/logisain-78\\\/\",\"logo\":{\"@type\":\"ImageObject\",\"inLanguage\":\"fr-FR\",\"@id\":\"https:\\\/\\\/nature-et-developpement.com\\\/logisain-78\\\/#\\\/schema\\\/logo\\\/image\\\/\",\"url\":\"https:\\\/\\\/nature-et-developpement.com\\\/logisain-78\\\/wp-content\\\/uploads\\\/sites\\\/5\\\/2021\\\/08\\\/logo-logisain.jpg\",\"contentUrl\":\"https:\\\/\\\/nature-et-developpement.com\\\/logisain-78\\\/wp-content\\\/uploads\\\/sites\\\/5\\\/2021\\\/08\\\/logo-logisain.jpg\",\"width\":672,\"height\":455,\"caption\":\"Logisain 78\"},\"image\":{\"@id\":\"https:\\\/\\\/nature-et-developpement.com\\\/logisain-78\\\/#\\\/schema\\\/logo\\\/image\\\/\"}}]}<\/script>\n<!-- \/ Yoast SEO plugin. -->","yoast_head_json":{"title":"Clips de fixation pour lambris et sols MEISTER sur structure bois","description":"Choisissez la bonne fixation en rapport avec lattes rabot\u00e9es d\u2018un c\u00f4t\u00e9:  Top 4:\u00a0pour\u00a0Terra 250, Terra 200, Terra 150, Bocado 300, Bocado 250 et Bocado 200  N\u00b03:\u00a0pour Tertio 250 et Tertio 200  Top 300 H:\u00a0pour SP 300\u00a0et SP 800 en rapport avec lattes rabot\u00e9es d\u2019un c\u00f4t\u00e9","robots":{"index":"noindex","follow":"nofollow"},"og_locale":"fr_FR","og_type":"article","og_title":"Clips de fixation pour lambris et sols MEISTER sur structure bois","og_description":"Choisissez la bonne fixation en rapport avec lattes rabot\u00e9es d\u2018un c\u00f4t\u00e9:  Top 4:\u00a0pour\u00a0Terra 250, Terra 200, Terra 150, Bocado 300, Bocado 250 et Bocado 200  N\u00b03:\u00a0pour Tertio 250 et Tertio 200  Top 300 H:\u00a0pour SP 300\u00a0et SP 800 en rapport avec lattes rabot\u00e9es d\u2019un c\u00f4t\u00e9","og_url":"https:\/\/nature-et-developpement.com\/logisain-78\/produit\/clips-de-fixation-pour-lambris-meister\/","og_site_name":"LOGISAIN 78 \u2013 Magasin de mat\u00e9riaux biosourc\u00e9s","article_modified_time":"2026-03-26T18:10:09+00:00","twitter_card":"summary_large_image","schema":{"@context":"https:\/\/schema.org","@graph":[{"@type":"WebPage","@id":"https:\/\/nature-et-developpement.com\/logisain-78\/produit\/clips-de-fixation-pour-lambris-meister\/","url":"https:\/\/nature-et-developpement.com\/logisain-78\/produit\/clips-de-fixation-pour-lambris-meister\/","name":"Clips de fixation pour lambris et sols MEISTER sur structure bois","isPartOf":{"@id":"https:\/\/nature-et-developpement.com\/logisain-78\/#website"},"primaryImageOfPage":{"@id":"https:\/\/nature-et-developpement.com\/logisain-78\/produit\/clips-de-fixation-pour-lambris-meister\/#primaryimage"},"image":{"@id":"https:\/\/nature-et-developpement.com\/logisain-78\/produit\/clips-de-fixation-pour-lambris-meister\/#primaryimage"},"thumbnailUrl":"https:\/\/nature-et-developpement.com\/logisain-78\/wp-content\/uploads\/Clips-pour-Lambris-901051001.jpg","datePublished":"2020-04-28T12:52:36+00:00","dateModified":"2026-03-26T18:10:09+00:00","description":"Choisissez la bonne fixation en rapport avec lattes rabot\u00e9es d\u2018un c\u00f4t\u00e9: Top 4:\u00a0pour\u00a0Terra 250, Terra 200, Terra 150, Bocado 300, Bocado 250 et Bocado 200 N\u00b03:\u00a0pour Tertio 250 et Tertio 200 Top 300 H:\u00a0pour SP 300\u00a0et SP 800 en rapport avec lattes rabot\u00e9es d\u2019un c\u00f4t\u00e9","breadcrumb":{"@id":"https:\/\/nature-et-developpement.com\/logisain-78\/produit\/clips-de-fixation-pour-lambris-meister\/#breadcrumb"},"inLanguage":"fr-FR","potentialAction":[{"@type":"ReadAction","target":["https:\/\/nature-et-developpement.com\/logisain-78\/produit\/clips-de-fixation-pour-lambris-meister\/"]}]},{"@type":"ImageObject","inLanguage":"fr-FR","@id":"https:\/\/nature-et-developpement.com\/logisain-78\/produit\/clips-de-fixation-pour-lambris-meister\/#primaryimage","url":"https:\/\/nature-et-developpement.com\/logisain-78\/wp-content\/uploads\/Clips-pour-Lambris-901051001.jpg","contentUrl":"https:\/\/nature-et-developpement.com\/logisain-78\/wp-content\/uploads\/Clips-pour-Lambris-901051001.jpg"},{"@type":"BreadcrumbList","@id":"https:\/\/nature-et-developpement.com\/logisain-78\/produit\/clips-de-fixation-pour-lambris-meister\/#breadcrumb","itemListElement":[{"@type":"ListItem","position":1,"name":"Accueil","item":"https:\/\/nature-et-developpement.com\/logisain-78\/"},{"@type":"ListItem","position":2,"name":"Produits","item":"https:\/\/nature-et-developpement.com\/logisain-78\/shop\/"},{"@type":"ListItem","position":3,"name":"Parquets bois, stratifi\u00e9s et li\u00e8ge","item":"https:\/\/nature-et-developpement.com\/logisain-78\/produits\/parquet-et-sol-naturels\/"},{"@type":"ListItem","position":4,"name":"Plinthes et accessoires","item":"https:\/\/nature-et-developpement.com\/logisain-78\/produits\/parquet-et-sol-naturels\/plinthes-et-accessoires\/"},{"@type":"ListItem","position":5,"name":"Clips de fixation pour lambris et sols MEISTER sur structure bois"}]},{"@type":"WebSite","@id":"https:\/\/nature-et-developpement.com\/logisain-78\/#website","url":"https:\/\/nature-et-developpement.com\/logisain-78\/","name":"LOGISAIN 78 \u2013 Magasin de mat\u00e9riaux biosourc\u00e9s","description":"Logisain 78 est membre du groupement Nature &amp; D\u00e9veloppement","publisher":{"@id":"https:\/\/nature-et-developpement.com\/logisain-78\/#organization"},"potentialAction":[{"@type":"SearchAction","target":{"@type":"EntryPoint","urlTemplate":"https:\/\/nature-et-developpement.com\/logisain-78\/?s={search_term_string}"},"query-input":{"@type":"PropertyValueSpecification","valueRequired":true,"valueName":"search_term_string"}}],"inLanguage":"fr-FR"},{"@type":"Organization","@id":"https:\/\/nature-et-developpement.com\/logisain-78\/#organization","name":"Logisain 78","url":"https:\/\/nature-et-developpement.com\/logisain-78\/","logo":{"@type":"ImageObject","inLanguage":"fr-FR","@id":"https:\/\/nature-et-developpement.com\/logisain-78\/#\/schema\/logo\/image\/","url":"https:\/\/nature-et-developpement.com\/logisain-78\/wp-content\/uploads\/sites\/5\/2021\/08\/logo-logisain.jpg","contentUrl":"https:\/\/nature-et-developpement.com\/logisain-78\/wp-content\/uploads\/sites\/5\/2021\/08\/logo-logisain.jpg","width":672,"height":455,"caption":"Logisain 78"},"image":{"@id":"https:\/\/nature-et-developpement.com\/logisain-78\/#\/schema\/logo\/image\/"}}]}},"distributor_meta":false,"distributor_terms":false,"distributor_media":false,"distributor_original_site_name":"LOGISAIN 78 \u2013 Magasin de mat\u00e9riaux biosourc\u00e9s","distributor_original_site_url":"https:\/\/nature-et-developpement.com\/logisain-78","push-errors":false,"_links":{"self":[{"href":"https:\/\/nature-et-developpement.com\/logisain-78\/wp-json\/wp\/v2\/product\/6148","targetHints":{"allow":["GET"]}}],"collection":[{"href":"https:\/\/nature-et-developpement.com\/logisain-78\/wp-json\/wp\/v2\/product"}],"about":[{"href":"https:\/\/nature-et-developpement.com\/logisain-78\/wp-json\/wp\/v2\/types\/product"}],"wp:featuredmedia":[{"embeddable":true,"href":"https:\/\/nature-et-developpement.com\/logisain-78\/wp-json\/"}],"wp:attachment":[{"href":"https:\/\/nature-et-developpement.com\/logisain-78\/wp-json\/wp\/v2\/media?parent=6148"}],"wp:term":[{"taxonomy":"product_brand","embeddable":true,"href":"https:\/\/nature-et-developpement.com\/logisain-78\/wp-json\/wp\/v2\/product_brand?post=6148"},{"taxonomy":"product_cat","embeddable":true,"href":"https:\/\/nature-et-developpement.com\/logisain-78\/wp-json\/wp\/v2\/product_cat?post=6148"},{"taxonomy":"product_tag","embeddable":true,"href":"https:\/\/nature-et-developpement.com\/logisain-78\/wp-json\/wp\/v2\/product_tag?post=6148"}],"curies":[{"name":"wp","href":"https:\/\/api.w.org\/{rel}","templated":true}]}}