{"id":9193,"date":"2020-03-20T00:00:00","date_gmt":"2020-03-19T23:00:00","guid":{"rendered":"https:\/\/nature-et-developpement.com\/logisain78\/produit\/sous-couche-dimpression-stonat-primer\/"},"modified":"2026-03-05T16:00:11","modified_gmt":"2026-03-05T15:00:11","slug":"stonat-primer","status":"publish","type":"product","link":"https:\/\/nature-et-developpement.com\/logisain-78\/produit\/stonat-primer\/","title":{"rendered":"Sous-couche d\u2019impression STONAT PRIMER"},"content":{"rendered":"<p>Une bonne pr\u00e9paration vous assurera une tenue et une finition parfaite.<\/p>\n<p>Aspect : P\u00e2te onctueuse de couleur blanche, donnant apr\u00e8s s\u00e9chage un film \u00e9pais, mat et microporeux,<br \/>\nde grande r\u00e9sistance.<\/p>\n<p>S\u2019applique sur tous mat\u00e9riaux sains et propres, m\u00eame vieux fonds :<br \/>\n\u2022 Plaques de pl\u00e2tre<br \/>\n\u2022 Enduits hydrauliques et de ma\u00e7onnerie<br \/>\n\u2022 Anciennes peintures adh\u00e9rentes<br \/>\n\u2022 Enduits frais<br \/>\n\u2022 Panneaux de particules<br \/>\n\u2022 Bois<br \/>\n\u2022 Fibrociment<br \/>\n\u2022 B\u00e9ton cellulaire<br \/>\n\u2022 Polystyr\u00e8ne expans\u00e9<br \/>\n\u2022 B\u00e9ton banch\u00e9<br \/>\n\u2022 P.V.C.<br \/>\n\u2022 Surfaces m\u00e9talliques (isoler \u00e0 l\u2019antirouille les parties oxydables)<\/p>\n<h4>MISE EN OEUVRE<\/h4>\n<p>Le support doit \u00eatre propre, sain, sec, exempt de moisissure et champignon et pr\u00e9par\u00e9 selon les r\u00e8gles de l\u2019art et les DTU en vigueur.<br \/>\nProc\u00e9der \u00e0 la mise en oeuvre par des temp\u00e9ratures comprises entre + 5\u00b0 C et +30\u00b0C<\/p>\n<p>Mat\u00e9riel d\u2019application : Rouleau textur\u00e9 12mm<\/p>\n<p>Application : Etaler le Stonat Primer sur le support au rouleau par petites surfaces de 1 \u00e0 3 m\u00b2, en veillant<br \/>\n\u00e0 bien croiser les bandes, au besoin plusieurs fois, pour obtenir une r\u00e9partition uniforme du produit<\/p>\n<p>Nettoyage du mat\u00e9riel : A l\u2019eau imm\u00e9diatement apr\u00e8s usage<\/p>\n<p>Temps de s\u00e9chage : A 20\u00b0 et 65% d\u2019humidit\u00e9 relative :<br \/>\n&#8211; Hors poussi\u00e8re : 1 \u00e0 2 heures en moyenne<br \/>\n&#8211; Recouvrable : 5 heures<\/p>\n","protected":false},"excerpt":{"rendered":"<p>Sous-couche d\u2019impression destin\u00e9e \u00e0 recevoir l\u2019application d\u2019enduits Stonat Perfect et Stonat Rock et d\u2019en faciliter l\u2019adh\u00e9rence et la r\u00e9gularit\u00e9 d\u2019application, notamment sur les supports lisses et poreux.<\/p>\n","protected":false},"featured_media":1000000109191,"template":"","meta":[],"product_brand":[2868],"product_cat":[225,47,206],"product_tag":[],"class_list":{"0":"post-9193","1":"product","2":"type-product","3":"status-publish","4":"has-post-thumbnail","6":"product_brand-stonat","7":"product_cat-enduits-naturels","8":"product_cat-peinture-et-enduit","9":"product_cat-preparation-du-support","10":"product_shipping_class-petit-equipement-outil-eclairage","12":"first","13":"instock","14":"taxable","15":"shipping-taxable","16":"purchasable","17":"product-type-variable"},"yoast_head":"<!-- This site is optimized with the Yoast SEO plugin v27.5 - https:\/\/yoast.com\/product\/yoast-seo-wordpress\/ -->\n<title>Sous-couche d\u2019impression STONAT PRIMER<\/title>\n<meta name=\"description\" content=\"Sous-couche d\u2019impression destin\u00e9e \u00e0 recevoir l\u2019application d\u2019enduits Stonat Perfect et Stonat Rock et d\u2019en faciliter l\u2019adh\u00e9rence et la r\u00e9gularit\u00e9 d\u2019application, notamment sur les supports lisses et poreux.\" \/>\n<meta name=\"robots\" content=\"noindex, nofollow\" \/>\n<meta property=\"og:locale\" content=\"fr_FR\" \/>\n<meta property=\"og:type\" content=\"article\" \/>\n<meta property=\"og:title\" content=\"Sous-couche d\u2019impression STONAT PRIMER\" \/>\n<meta property=\"og:description\" content=\"Sous-couche d\u2019impression destin\u00e9e \u00e0 recevoir l\u2019application d\u2019enduits Stonat Perfect et Stonat Rock et d\u2019en faciliter l\u2019adh\u00e9rence et la r\u00e9gularit\u00e9 d\u2019application, notamment sur les supports lisses et poreux.\" \/>\n<meta property=\"og:url\" content=\"https:\/\/nature-et-developpement.com\/logisain-78\/produit\/stonat-primer\/\" \/>\n<meta property=\"og:site_name\" content=\"LOGISAIN 78 \u2013 Magasin de mat\u00e9riaux biosourc\u00e9s\" \/>\n<meta property=\"article:modified_time\" content=\"2026-03-05T15:00:11+00:00\" \/>\n<meta name=\"twitter:card\" content=\"summary_large_image\" \/>\n<meta name=\"twitter:label1\" content=\"Dur\u00e9e de lecture estim\u00e9e\" \/>\n\t<meta name=\"twitter:data1\" content=\"1 minute\" \/>\n<script type=\"application\/ld+json\" class=\"yoast-schema-graph\">{\"@context\":\"https:\\\/\\\/schema.org\",\"@graph\":[{\"@type\":\"WebPage\",\"@id\":\"https:\\\/\\\/nature-et-developpement.com\\\/logisain-78\\\/produit\\\/stonat-primer\\\/\",\"url\":\"https:\\\/\\\/nature-et-developpement.com\\\/logisain-78\\\/produit\\\/stonat-primer\\\/\",\"name\":\"Sous-couche d\u2019impression STONAT PRIMER\",\"isPartOf\":{\"@id\":\"https:\\\/\\\/nature-et-developpement.com\\\/logisain-78\\\/#website\"},\"primaryImageOfPage\":{\"@id\":\"https:\\\/\\\/nature-et-developpement.com\\\/logisain-78\\\/produit\\\/stonat-primer\\\/#primaryimage\"},\"image\":{\"@id\":\"https:\\\/\\\/nature-et-developpement.com\\\/logisain-78\\\/produit\\\/stonat-primer\\\/#primaryimage\"},\"thumbnailUrl\":\"https:\\\/\\\/nature-et-developpement.com\\\/logisain-78\\\/wp-content\\\/uploads\\\/26020-STONAT-PRIMER.jpg\",\"datePublished\":\"2020-03-19T23:00:00+00:00\",\"dateModified\":\"2026-03-05T15:00:11+00:00\",\"description\":\"Sous-couche d\u2019impression destin\u00e9e \u00e0 recevoir l\u2019application d\u2019enduits Stonat Perfect et Stonat Rock et d\u2019en faciliter l\u2019adh\u00e9rence et la r\u00e9gularit\u00e9 d\u2019application, notamment sur les supports lisses et poreux.\",\"breadcrumb\":{\"@id\":\"https:\\\/\\\/nature-et-developpement.com\\\/logisain-78\\\/produit\\\/stonat-primer\\\/#breadcrumb\"},\"inLanguage\":\"fr-FR\",\"potentialAction\":[{\"@type\":\"ReadAction\",\"target\":[\"https:\\\/\\\/nature-et-developpement.com\\\/logisain-78\\\/produit\\\/stonat-primer\\\/\"]}]},{\"@type\":\"ImageObject\",\"inLanguage\":\"fr-FR\",\"@id\":\"https:\\\/\\\/nature-et-developpement.com\\\/logisain-78\\\/produit\\\/stonat-primer\\\/#primaryimage\",\"url\":\"https:\\\/\\\/nature-et-developpement.com\\\/logisain-78\\\/wp-content\\\/uploads\\\/26020-STONAT-PRIMER.jpg\",\"contentUrl\":\"https:\\\/\\\/nature-et-developpement.com\\\/logisain-78\\\/wp-content\\\/uploads\\\/26020-STONAT-PRIMER.jpg\"},{\"@type\":\"BreadcrumbList\",\"@id\":\"https:\\\/\\\/nature-et-developpement.com\\\/logisain-78\\\/produit\\\/stonat-primer\\\/#breadcrumb\",\"itemListElement\":[{\"@type\":\"ListItem\",\"position\":1,\"name\":\"Accueil\",\"item\":\"https:\\\/\\\/nature-et-developpement.com\\\/logisain-78\\\/\"},{\"@type\":\"ListItem\",\"position\":2,\"name\":\"Produits\",\"item\":\"https:\\\/\\\/nature-et-developpement.com\\\/logisain-78\\\/shop\\\/\"},{\"@type\":\"ListItem\",\"position\":3,\"name\":\"Peinture, pigment et enduit\",\"item\":\"https:\\\/\\\/nature-et-developpement.com\\\/logisain-78\\\/produits\\\/peinture-et-enduit\\\/\"},{\"@type\":\"ListItem\",\"position\":4,\"name\":\"Enduits naturels\",\"item\":\"https:\\\/\\\/nature-et-developpement.com\\\/logisain-78\\\/produits\\\/peinture-et-enduit\\\/enduits-naturels\\\/\"},{\"@type\":\"ListItem\",\"position\":5,\"name\":\"Sous-couche d\u2019impression STONAT PRIMER\"}]},{\"@type\":\"WebSite\",\"@id\":\"https:\\\/\\\/nature-et-developpement.com\\\/logisain-78\\\/#website\",\"url\":\"https:\\\/\\\/nature-et-developpement.com\\\/logisain-78\\\/\",\"name\":\"LOGISAIN 78 \u2013 Magasin de mat\u00e9riaux biosourc\u00e9s\",\"description\":\"Logisain 78 est membre du groupement Nature &amp; D\u00e9veloppement\",\"publisher\":{\"@id\":\"https:\\\/\\\/nature-et-developpement.com\\\/logisain-78\\\/#organization\"},\"potentialAction\":[{\"@type\":\"SearchAction\",\"target\":{\"@type\":\"EntryPoint\",\"urlTemplate\":\"https:\\\/\\\/nature-et-developpement.com\\\/logisain-78\\\/?s={search_term_string}\"},\"query-input\":{\"@type\":\"PropertyValueSpecification\",\"valueRequired\":true,\"valueName\":\"search_term_string\"}}],\"inLanguage\":\"fr-FR\"},{\"@type\":\"Organization\",\"@id\":\"https:\\\/\\\/nature-et-developpement.com\\\/logisain-78\\\/#organization\",\"name\":\"Logisain 78\",\"url\":\"https:\\\/\\\/nature-et-developpement.com\\\/logisain-78\\\/\",\"logo\":{\"@type\":\"ImageObject\",\"inLanguage\":\"fr-FR\",\"@id\":\"https:\\\/\\\/nature-et-developpement.com\\\/logisain-78\\\/#\\\/schema\\\/logo\\\/image\\\/\",\"url\":\"https:\\\/\\\/nature-et-developpement.com\\\/logisain-78\\\/wp-content\\\/uploads\\\/sites\\\/5\\\/2021\\\/08\\\/logo-logisain.jpg\",\"contentUrl\":\"https:\\\/\\\/nature-et-developpement.com\\\/logisain-78\\\/wp-content\\\/uploads\\\/sites\\\/5\\\/2021\\\/08\\\/logo-logisain.jpg\",\"width\":672,\"height\":455,\"caption\":\"Logisain 78\"},\"image\":{\"@id\":\"https:\\\/\\\/nature-et-developpement.com\\\/logisain-78\\\/#\\\/schema\\\/logo\\\/image\\\/\"}}]}<\/script>\n<!-- \/ Yoast SEO plugin. -->","yoast_head_json":{"title":"Sous-couche d\u2019impression STONAT PRIMER","description":"Sous-couche d\u2019impression destin\u00e9e \u00e0 recevoir l\u2019application d\u2019enduits Stonat Perfect et Stonat Rock et d\u2019en faciliter l\u2019adh\u00e9rence et la r\u00e9gularit\u00e9 d\u2019application, notamment sur les supports lisses et poreux.","robots":{"index":"noindex","follow":"nofollow"},"og_locale":"fr_FR","og_type":"article","og_title":"Sous-couche d\u2019impression STONAT PRIMER","og_description":"Sous-couche d\u2019impression destin\u00e9e \u00e0 recevoir l\u2019application d\u2019enduits Stonat Perfect et Stonat Rock et d\u2019en faciliter l\u2019adh\u00e9rence et la r\u00e9gularit\u00e9 d\u2019application, notamment sur les supports lisses et poreux.","og_url":"https:\/\/nature-et-developpement.com\/logisain-78\/produit\/stonat-primer\/","og_site_name":"LOGISAIN 78 \u2013 Magasin de mat\u00e9riaux biosourc\u00e9s","article_modified_time":"2026-03-05T15:00:11+00:00","twitter_card":"summary_large_image","twitter_misc":{"Dur\u00e9e de lecture estim\u00e9e":"1 minute"},"schema":{"@context":"https:\/\/schema.org","@graph":[{"@type":"WebPage","@id":"https:\/\/nature-et-developpement.com\/logisain-78\/produit\/stonat-primer\/","url":"https:\/\/nature-et-developpement.com\/logisain-78\/produit\/stonat-primer\/","name":"Sous-couche d\u2019impression STONAT PRIMER","isPartOf":{"@id":"https:\/\/nature-et-developpement.com\/logisain-78\/#website"},"primaryImageOfPage":{"@id":"https:\/\/nature-et-developpement.com\/logisain-78\/produit\/stonat-primer\/#primaryimage"},"image":{"@id":"https:\/\/nature-et-developpement.com\/logisain-78\/produit\/stonat-primer\/#primaryimage"},"thumbnailUrl":"https:\/\/nature-et-developpement.com\/logisain-78\/wp-content\/uploads\/26020-STONAT-PRIMER.jpg","datePublished":"2020-03-19T23:00:00+00:00","dateModified":"2026-03-05T15:00:11+00:00","description":"Sous-couche d\u2019impression destin\u00e9e \u00e0 recevoir l\u2019application d\u2019enduits Stonat Perfect et Stonat Rock et d\u2019en faciliter l\u2019adh\u00e9rence et la r\u00e9gularit\u00e9 d\u2019application, notamment sur les supports lisses et poreux.","breadcrumb":{"@id":"https:\/\/nature-et-developpement.com\/logisain-78\/produit\/stonat-primer\/#breadcrumb"},"inLanguage":"fr-FR","potentialAction":[{"@type":"ReadAction","target":["https:\/\/nature-et-developpement.com\/logisain-78\/produit\/stonat-primer\/"]}]},{"@type":"ImageObject","inLanguage":"fr-FR","@id":"https:\/\/nature-et-developpement.com\/logisain-78\/produit\/stonat-primer\/#primaryimage","url":"https:\/\/nature-et-developpement.com\/logisain-78\/wp-content\/uploads\/26020-STONAT-PRIMER.jpg","contentUrl":"https:\/\/nature-et-developpement.com\/logisain-78\/wp-content\/uploads\/26020-STONAT-PRIMER.jpg"},{"@type":"BreadcrumbList","@id":"https:\/\/nature-et-developpement.com\/logisain-78\/produit\/stonat-primer\/#breadcrumb","itemListElement":[{"@type":"ListItem","position":1,"name":"Accueil","item":"https:\/\/nature-et-developpement.com\/logisain-78\/"},{"@type":"ListItem","position":2,"name":"Produits","item":"https:\/\/nature-et-developpement.com\/logisain-78\/shop\/"},{"@type":"ListItem","position":3,"name":"Peinture, pigment et enduit","item":"https:\/\/nature-et-developpement.com\/logisain-78\/produits\/peinture-et-enduit\/"},{"@type":"ListItem","position":4,"name":"Enduits naturels","item":"https:\/\/nature-et-developpement.com\/logisain-78\/produits\/peinture-et-enduit\/enduits-naturels\/"},{"@type":"ListItem","position":5,"name":"Sous-couche d\u2019impression STONAT PRIMER"}]},{"@type":"WebSite","@id":"https:\/\/nature-et-developpement.com\/logisain-78\/#website","url":"https:\/\/nature-et-developpement.com\/logisain-78\/","name":"LOGISAIN 78 \u2013 Magasin de mat\u00e9riaux biosourc\u00e9s","description":"Logisain 78 est membre du groupement Nature &amp; D\u00e9veloppement","publisher":{"@id":"https:\/\/nature-et-developpement.com\/logisain-78\/#organization"},"potentialAction":[{"@type":"SearchAction","target":{"@type":"EntryPoint","urlTemplate":"https:\/\/nature-et-developpement.com\/logisain-78\/?s={search_term_string}"},"query-input":{"@type":"PropertyValueSpecification","valueRequired":true,"valueName":"search_term_string"}}],"inLanguage":"fr-FR"},{"@type":"Organization","@id":"https:\/\/nature-et-developpement.com\/logisain-78\/#organization","name":"Logisain 78","url":"https:\/\/nature-et-developpement.com\/logisain-78\/","logo":{"@type":"ImageObject","inLanguage":"fr-FR","@id":"https:\/\/nature-et-developpement.com\/logisain-78\/#\/schema\/logo\/image\/","url":"https:\/\/nature-et-developpement.com\/logisain-78\/wp-content\/uploads\/sites\/5\/2021\/08\/logo-logisain.jpg","contentUrl":"https:\/\/nature-et-developpement.com\/logisain-78\/wp-content\/uploads\/sites\/5\/2021\/08\/logo-logisain.jpg","width":672,"height":455,"caption":"Logisain 78"},"image":{"@id":"https:\/\/nature-et-developpement.com\/logisain-78\/#\/schema\/logo\/image\/"}}]}},"distributor_meta":false,"distributor_terms":false,"distributor_media":false,"distributor_original_site_name":"LOGISAIN 78 \u2013 Magasin de mat\u00e9riaux biosourc\u00e9s","distributor_original_site_url":"https:\/\/nature-et-developpement.com\/logisain-78","push-errors":false,"_links":{"self":[{"href":"https:\/\/nature-et-developpement.com\/logisain-78\/wp-json\/wp\/v2\/product\/9193","targetHints":{"allow":["GET"]}}],"collection":[{"href":"https:\/\/nature-et-developpement.com\/logisain-78\/wp-json\/wp\/v2\/product"}],"about":[{"href":"https:\/\/nature-et-developpement.com\/logisain-78\/wp-json\/wp\/v2\/types\/product"}],"wp:featuredmedia":[{"embeddable":true,"href":"https:\/\/nature-et-developpement.com\/logisain-78\/wp-json\/"}],"wp:attachment":[{"href":"https:\/\/nature-et-developpement.com\/logisain-78\/wp-json\/wp\/v2\/media?parent=9193"}],"wp:term":[{"taxonomy":"product_brand","embeddable":true,"href":"https:\/\/nature-et-developpement.com\/logisain-78\/wp-json\/wp\/v2\/product_brand?post=9193"},{"taxonomy":"product_cat","embeddable":true,"href":"https:\/\/nature-et-developpement.com\/logisain-78\/wp-json\/wp\/v2\/product_cat?post=9193"},{"taxonomy":"product_tag","embeddable":true,"href":"https:\/\/nature-et-developpement.com\/logisain-78\/wp-json\/wp\/v2\/product_tag?post=9193"}],"curies":[{"name":"wp","href":"https:\/\/api.w.org\/{rel}","templated":true}]}}