{"id":9216,"date":"2020-03-05T10:01:19","date_gmt":"2020-03-05T09:01:19","guid":{"rendered":"https:\/\/nature-et-developpement.com\/logisain78\/produit\/filtre-hydropure-cidt-sur-evier-digital-cartouche-xm-10-000-l\/"},"modified":"2026-04-13T20:10:09","modified_gmt":"2026-04-13T18:10:09","slug":"filtre-sur-evier-digital-hydropure-cidt","status":"publish","type":"product","link":"https:\/\/nature-et-developpement.com\/logisain-78\/produit\/filtre-sur-evier-digital-hydropure-cidt\/","title":{"rendered":"Filtre sur \u00e9vier DIGITAL HYDROPURE"},"content":{"rendered":"<h2>Filtre sur \u00c9vier DIGITAL HYDROPURE &#8211; Eau Pure \u00e0 la Demande<\/h2>\n<p><strong>Filtre sur \u00c9vier DIGITAL HYDROPURE &#8211; La R\u00e9volution de l&rsquo;Eau Pure<\/strong><\/p>\n<p>Le <strong>Filtre sur \u00c9vier<\/strong> DIGITAL HYDROPURE, \u00e9quip\u00e9 de la technologie avanc\u00e9e de la <strong>cartouche<\/strong> XM, offre une <strong>filtration<\/strong> exceptionnelle pour une eau de qualit\u00e9 sup\u00e9rieure directement de votre <strong>robinet<\/strong>. Plomb, cuivre, pesticides, bact\u00e9ries, chlore, organochlor\u00e9s et r\u00e9sidus de m\u00e9dicaments sont quasiment \u00e9limin\u00e9s, garantissant une eau claire et d\u00e9licieuse.<\/p>\n<p><strong>Performance Num\u00e9rique en Temps R\u00e9el<\/strong><\/p>\n<p>Le filtre DIGITAL HYDROPURE int\u00e8gre un compteur volum\u00e9trique <strong>digital<\/strong> offrant des informations cruciales :<\/p>\n<ul>\n<li>D\u00e9bit instantan\u00e9 en litres par minute<\/li>\n<li>Dur\u00e9e d&rsquo;utilisation en jours<\/li>\n<li>Capacit\u00e9 de filtration utile en litres<\/li>\n<\/ul>\n<p>L&rsquo;affichage du compteur n\u00e9cessite un d\u00e9bit sup\u00e9rieur \u00e0 1,4 l\/mn \u00e0 la mise en service. L&rsquo;<strong>installation<\/strong> est <strong>simple<\/strong>, ne n\u00e9cessitant aucune modification de plomberie. L&rsquo;adaptateur se visse sur le robinet (sauf mod\u00e8les avec douchette), pr\u00eat \u00e0 fournir une eau pure. La cl\u00e9 de serrage fournie facilite le remplacement p\u00e9riodique de la cartouche.<\/p>\n<h3><strong>Deux Options de Filtration : XM Standard et XM EM-X<\/strong><\/h3>\n<p>Le <strong>Filtre<\/strong> sur \u00c9vier DIGITAL HYDROPURE est disponible en deux versions. La version XM EM-X, avec <strong>c\u00e9ramique<\/strong> active EM-X, offre une <strong>filtration<\/strong> avanc\u00e9e. La poudre de c\u00e9ramique active r\u00e9duit la taille des clusters d&rsquo;eau, diminue la tension superficielle, et gr\u00e2ce \u00e0 la r\u00e9sonance des produits EM\u00ae Ceramics, am\u00e9liore la <strong>qualit\u00e9 de l&rsquo;eau<\/strong>.<\/p>\n<p><strong>Contenu du Pack<\/strong><\/p>\n<p>Le kit du filtre sur \u00e9vier DIGITAL HYDROPURE comprend :<\/p>\n<ul>\n<li>Filtre \u00e0 <strong>cartouche<\/strong> blanc avec compteur, col de cygne chrom\u00e9, tuyau souple d&rsquo;1 m (tubing), et raccord femelle M22x100 pour le robinet de l&rsquo;\u00e9vier (robinets standards, non compatible avec douchettes)<\/li>\n<li>Cartouche Hydropure XM standard 9&Prime; 3\/4<\/li>\n<li>Adaptateur m\u00e2le\/m\u00e2le M22x100 \/ M24x100 pour le raccord du filtre sur un robinet avec filetage femelle (robinets standards)<\/li>\n<li>Cl\u00e9 de serrage pour le remplacement de la cartouche<\/li>\n<li>Deux piles AAA<\/li>\n<li>Notice d&rsquo;utilisation<\/li>\n<\/ul>\n<p>Offrez \u00e0 votre famille une <strong>eau pure<\/strong>, claire et num\u00e9riquement surveill\u00e9e avec le Filtre sur \u00c9vier DIGITAL HYDROPURE. Vivez la r\u00e9volution de l&rsquo;<strong>eau<\/strong> \u00e0 votre <strong>robinet<\/strong>.<\/p>\n","protected":false},"excerpt":{"rendered":"<p>Offrez \u00e0 votre famille une eau pure, claire et num\u00e9riquement surveill\u00e9e avec le Filtre sur \u00c9vier DIGITAL HYDROPURE<\/p>\n","protected":false},"featured_media":1000000156106,"template":"","meta":[],"product_brand":[2829],"product_cat":[1771],"product_tag":[4306],"class_list":{"0":"post-9216","1":"product","2":"type-product","3":"status-publish","4":"has-post-thumbnail","6":"product_brand-cidt","7":"product_cat-eau","8":"product_tag-cidt","9":"product_shipping_class-petit-equipement-outil-eclairage","11":"first","12":"instock","13":"taxable","14":"shipping-taxable","15":"purchasable","16":"product-type-variable"},"yoast_head":"<!-- This site is optimized with the Yoast SEO plugin v27.5 - https:\/\/yoast.com\/product\/yoast-seo-wordpress\/ -->\n<title>Filtre sur \u00e9vier DIGITAL HYDROPURE<\/title>\n<meta name=\"description\" content=\"Offrez \u00e0 votre famille une eau pure, claire et num\u00e9riquement surveill\u00e9e avec le Filtre sur \u00c9vier DIGITAL HYDROPURE\" \/>\n<meta name=\"robots\" content=\"noindex, nofollow\" \/>\n<meta property=\"og:locale\" content=\"fr_FR\" \/>\n<meta property=\"og:type\" content=\"article\" \/>\n<meta property=\"og:title\" content=\"Filtre sur \u00e9vier DIGITAL HYDROPURE\" \/>\n<meta property=\"og:description\" content=\"Offrez \u00e0 votre famille une eau pure, claire et num\u00e9riquement surveill\u00e9e avec le Filtre sur \u00c9vier DIGITAL HYDROPURE\" \/>\n<meta property=\"og:url\" content=\"https:\/\/nature-et-developpement.com\/logisain-78\/produit\/filtre-sur-evier-digital-hydropure-cidt\/\" \/>\n<meta property=\"og:site_name\" content=\"LOGISAIN 78 \u2013 Magasin de mat\u00e9riaux biosourc\u00e9s\" \/>\n<meta property=\"article:modified_time\" content=\"2026-04-13T18:10:09+00:00\" \/>\n<meta name=\"twitter:card\" content=\"summary_large_image\" \/>\n<meta name=\"twitter:label1\" content=\"Dur\u00e9e de lecture estim\u00e9e\" \/>\n\t<meta name=\"twitter:data1\" content=\"1 minute\" \/>\n<script type=\"application\/ld+json\" class=\"yoast-schema-graph\">{\"@context\":\"https:\\\/\\\/schema.org\",\"@graph\":[{\"@type\":\"WebPage\",\"@id\":\"https:\\\/\\\/nature-et-developpement.com\\\/logisain-78\\\/produit\\\/filtre-sur-evier-digital-hydropure-cidt\\\/\",\"url\":\"https:\\\/\\\/nature-et-developpement.com\\\/logisain-78\\\/produit\\\/filtre-sur-evier-digital-hydropure-cidt\\\/\",\"name\":\"Filtre sur \u00e9vier DIGITAL HYDROPURE\",\"isPartOf\":{\"@id\":\"https:\\\/\\\/nature-et-developpement.com\\\/logisain-78\\\/#website\"},\"primaryImageOfPage\":{\"@id\":\"https:\\\/\\\/nature-et-developpement.com\\\/logisain-78\\\/produit\\\/filtre-sur-evier-digital-hydropure-cidt\\\/#primaryimage\"},\"image\":{\"@id\":\"https:\\\/\\\/nature-et-developpement.com\\\/logisain-78\\\/produit\\\/filtre-sur-evier-digital-hydropure-cidt\\\/#primaryimage\"},\"thumbnailUrl\":\"https:\\\/\\\/nature-et-developpement.com\\\/logisain-78\\\/wp-content\\\/uploads\\\/Filtre-sour-evier-DIGITAL-HYDROPUR.jpg\",\"datePublished\":\"2020-03-05T09:01:19+00:00\",\"dateModified\":\"2026-04-13T18:10:09+00:00\",\"description\":\"Offrez \u00e0 votre famille une eau pure, claire et num\u00e9riquement surveill\u00e9e avec le Filtre sur \u00c9vier DIGITAL HYDROPURE\",\"breadcrumb\":{\"@id\":\"https:\\\/\\\/nature-et-developpement.com\\\/logisain-78\\\/produit\\\/filtre-sur-evier-digital-hydropure-cidt\\\/#breadcrumb\"},\"inLanguage\":\"fr-FR\",\"potentialAction\":[{\"@type\":\"ReadAction\",\"target\":[\"https:\\\/\\\/nature-et-developpement.com\\\/logisain-78\\\/produit\\\/filtre-sur-evier-digital-hydropure-cidt\\\/\"]}]},{\"@type\":\"ImageObject\",\"inLanguage\":\"fr-FR\",\"@id\":\"https:\\\/\\\/nature-et-developpement.com\\\/logisain-78\\\/produit\\\/filtre-sur-evier-digital-hydropure-cidt\\\/#primaryimage\",\"url\":\"https:\\\/\\\/nature-et-developpement.com\\\/logisain-78\\\/wp-content\\\/uploads\\\/Filtre-sour-evier-DIGITAL-HYDROPUR.jpg\",\"contentUrl\":\"https:\\\/\\\/nature-et-developpement.com\\\/logisain-78\\\/wp-content\\\/uploads\\\/Filtre-sour-evier-DIGITAL-HYDROPUR.jpg\"},{\"@type\":\"BreadcrumbList\",\"@id\":\"https:\\\/\\\/nature-et-developpement.com\\\/logisain-78\\\/produit\\\/filtre-sur-evier-digital-hydropure-cidt\\\/#breadcrumb\",\"itemListElement\":[{\"@type\":\"ListItem\",\"position\":1,\"name\":\"Accueil\",\"item\":\"https:\\\/\\\/nature-et-developpement.com\\\/logisain-78\\\/\"},{\"@type\":\"ListItem\",\"position\":2,\"name\":\"Produits\",\"item\":\"https:\\\/\\\/nature-et-developpement.com\\\/logisain-78\\\/shop\\\/\"},{\"@type\":\"ListItem\",\"position\":3,\"name\":\"Chauffage, eau et \u00e9nergie\",\"item\":\"https:\\\/\\\/nature-et-developpement.com\\\/logisain-78\\\/produits\\\/energie-et-ventilation\\\/\"},{\"@type\":\"ListItem\",\"position\":4,\"name\":\"Eau, filtre \u00e0 eau, r\u00e9cup\u00e9rateur d'eau de pluie\",\"item\":\"https:\\\/\\\/nature-et-developpement.com\\\/logisain-78\\\/produits\\\/energie-et-ventilation\\\/eau\\\/\"},{\"@type\":\"ListItem\",\"position\":5,\"name\":\"Filtre sur \u00e9vier DIGITAL HYDROPURE\"}]},{\"@type\":\"WebSite\",\"@id\":\"https:\\\/\\\/nature-et-developpement.com\\\/logisain-78\\\/#website\",\"url\":\"https:\\\/\\\/nature-et-developpement.com\\\/logisain-78\\\/\",\"name\":\"LOGISAIN 78 \u2013 Magasin de mat\u00e9riaux biosourc\u00e9s\",\"description\":\"Logisain 78 est membre du groupement Nature &amp; D\u00e9veloppement\",\"publisher\":{\"@id\":\"https:\\\/\\\/nature-et-developpement.com\\\/logisain-78\\\/#organization\"},\"potentialAction\":[{\"@type\":\"SearchAction\",\"target\":{\"@type\":\"EntryPoint\",\"urlTemplate\":\"https:\\\/\\\/nature-et-developpement.com\\\/logisain-78\\\/?s={search_term_string}\"},\"query-input\":{\"@type\":\"PropertyValueSpecification\",\"valueRequired\":true,\"valueName\":\"search_term_string\"}}],\"inLanguage\":\"fr-FR\"},{\"@type\":\"Organization\",\"@id\":\"https:\\\/\\\/nature-et-developpement.com\\\/logisain-78\\\/#organization\",\"name\":\"Logisain 78\",\"url\":\"https:\\\/\\\/nature-et-developpement.com\\\/logisain-78\\\/\",\"logo\":{\"@type\":\"ImageObject\",\"inLanguage\":\"fr-FR\",\"@id\":\"https:\\\/\\\/nature-et-developpement.com\\\/logisain-78\\\/#\\\/schema\\\/logo\\\/image\\\/\",\"url\":\"https:\\\/\\\/nature-et-developpement.com\\\/logisain-78\\\/wp-content\\\/uploads\\\/sites\\\/5\\\/2021\\\/08\\\/logo-logisain.jpg\",\"contentUrl\":\"https:\\\/\\\/nature-et-developpement.com\\\/logisain-78\\\/wp-content\\\/uploads\\\/sites\\\/5\\\/2021\\\/08\\\/logo-logisain.jpg\",\"width\":672,\"height\":455,\"caption\":\"Logisain 78\"},\"image\":{\"@id\":\"https:\\\/\\\/nature-et-developpement.com\\\/logisain-78\\\/#\\\/schema\\\/logo\\\/image\\\/\"}}]}<\/script>\n<!-- \/ Yoast SEO plugin. -->","yoast_head_json":{"title":"Filtre sur \u00e9vier DIGITAL HYDROPURE","description":"Offrez \u00e0 votre famille une eau pure, claire et num\u00e9riquement surveill\u00e9e avec le Filtre sur \u00c9vier DIGITAL HYDROPURE","robots":{"index":"noindex","follow":"nofollow"},"og_locale":"fr_FR","og_type":"article","og_title":"Filtre sur \u00e9vier DIGITAL HYDROPURE","og_description":"Offrez \u00e0 votre famille une eau pure, claire et num\u00e9riquement surveill\u00e9e avec le Filtre sur \u00c9vier DIGITAL HYDROPURE","og_url":"https:\/\/nature-et-developpement.com\/logisain-78\/produit\/filtre-sur-evier-digital-hydropure-cidt\/","og_site_name":"LOGISAIN 78 \u2013 Magasin de mat\u00e9riaux biosourc\u00e9s","article_modified_time":"2026-04-13T18:10:09+00:00","twitter_card":"summary_large_image","twitter_misc":{"Dur\u00e9e de lecture estim\u00e9e":"1 minute"},"schema":{"@context":"https:\/\/schema.org","@graph":[{"@type":"WebPage","@id":"https:\/\/nature-et-developpement.com\/logisain-78\/produit\/filtre-sur-evier-digital-hydropure-cidt\/","url":"https:\/\/nature-et-developpement.com\/logisain-78\/produit\/filtre-sur-evier-digital-hydropure-cidt\/","name":"Filtre sur \u00e9vier DIGITAL HYDROPURE","isPartOf":{"@id":"https:\/\/nature-et-developpement.com\/logisain-78\/#website"},"primaryImageOfPage":{"@id":"https:\/\/nature-et-developpement.com\/logisain-78\/produit\/filtre-sur-evier-digital-hydropure-cidt\/#primaryimage"},"image":{"@id":"https:\/\/nature-et-developpement.com\/logisain-78\/produit\/filtre-sur-evier-digital-hydropure-cidt\/#primaryimage"},"thumbnailUrl":"https:\/\/nature-et-developpement.com\/logisain-78\/wp-content\/uploads\/Filtre-sour-evier-DIGITAL-HYDROPUR.jpg","datePublished":"2020-03-05T09:01:19+00:00","dateModified":"2026-04-13T18:10:09+00:00","description":"Offrez \u00e0 votre famille une eau pure, claire et num\u00e9riquement surveill\u00e9e avec le Filtre sur \u00c9vier DIGITAL HYDROPURE","breadcrumb":{"@id":"https:\/\/nature-et-developpement.com\/logisain-78\/produit\/filtre-sur-evier-digital-hydropure-cidt\/#breadcrumb"},"inLanguage":"fr-FR","potentialAction":[{"@type":"ReadAction","target":["https:\/\/nature-et-developpement.com\/logisain-78\/produit\/filtre-sur-evier-digital-hydropure-cidt\/"]}]},{"@type":"ImageObject","inLanguage":"fr-FR","@id":"https:\/\/nature-et-developpement.com\/logisain-78\/produit\/filtre-sur-evier-digital-hydropure-cidt\/#primaryimage","url":"https:\/\/nature-et-developpement.com\/logisain-78\/wp-content\/uploads\/Filtre-sour-evier-DIGITAL-HYDROPUR.jpg","contentUrl":"https:\/\/nature-et-developpement.com\/logisain-78\/wp-content\/uploads\/Filtre-sour-evier-DIGITAL-HYDROPUR.jpg"},{"@type":"BreadcrumbList","@id":"https:\/\/nature-et-developpement.com\/logisain-78\/produit\/filtre-sur-evier-digital-hydropure-cidt\/#breadcrumb","itemListElement":[{"@type":"ListItem","position":1,"name":"Accueil","item":"https:\/\/nature-et-developpement.com\/logisain-78\/"},{"@type":"ListItem","position":2,"name":"Produits","item":"https:\/\/nature-et-developpement.com\/logisain-78\/shop\/"},{"@type":"ListItem","position":3,"name":"Chauffage, eau et \u00e9nergie","item":"https:\/\/nature-et-developpement.com\/logisain-78\/produits\/energie-et-ventilation\/"},{"@type":"ListItem","position":4,"name":"Eau, filtre \u00e0 eau, r\u00e9cup\u00e9rateur d'eau de pluie","item":"https:\/\/nature-et-developpement.com\/logisain-78\/produits\/energie-et-ventilation\/eau\/"},{"@type":"ListItem","position":5,"name":"Filtre sur \u00e9vier DIGITAL HYDROPURE"}]},{"@type":"WebSite","@id":"https:\/\/nature-et-developpement.com\/logisain-78\/#website","url":"https:\/\/nature-et-developpement.com\/logisain-78\/","name":"LOGISAIN 78 \u2013 Magasin de mat\u00e9riaux biosourc\u00e9s","description":"Logisain 78 est membre du groupement Nature &amp; D\u00e9veloppement","publisher":{"@id":"https:\/\/nature-et-developpement.com\/logisain-78\/#organization"},"potentialAction":[{"@type":"SearchAction","target":{"@type":"EntryPoint","urlTemplate":"https:\/\/nature-et-developpement.com\/logisain-78\/?s={search_term_string}"},"query-input":{"@type":"PropertyValueSpecification","valueRequired":true,"valueName":"search_term_string"}}],"inLanguage":"fr-FR"},{"@type":"Organization","@id":"https:\/\/nature-et-developpement.com\/logisain-78\/#organization","name":"Logisain 78","url":"https:\/\/nature-et-developpement.com\/logisain-78\/","logo":{"@type":"ImageObject","inLanguage":"fr-FR","@id":"https:\/\/nature-et-developpement.com\/logisain-78\/#\/schema\/logo\/image\/","url":"https:\/\/nature-et-developpement.com\/logisain-78\/wp-content\/uploads\/sites\/5\/2021\/08\/logo-logisain.jpg","contentUrl":"https:\/\/nature-et-developpement.com\/logisain-78\/wp-content\/uploads\/sites\/5\/2021\/08\/logo-logisain.jpg","width":672,"height":455,"caption":"Logisain 78"},"image":{"@id":"https:\/\/nature-et-developpement.com\/logisain-78\/#\/schema\/logo\/image\/"}}]}},"distributor_meta":false,"distributor_terms":false,"distributor_media":false,"distributor_original_site_name":"LOGISAIN 78 \u2013 Magasin de mat\u00e9riaux biosourc\u00e9s","distributor_original_site_url":"https:\/\/nature-et-developpement.com\/logisain-78","push-errors":false,"_links":{"self":[{"href":"https:\/\/nature-et-developpement.com\/logisain-78\/wp-json\/wp\/v2\/product\/9216","targetHints":{"allow":["GET"]}}],"collection":[{"href":"https:\/\/nature-et-developpement.com\/logisain-78\/wp-json\/wp\/v2\/product"}],"about":[{"href":"https:\/\/nature-et-developpement.com\/logisain-78\/wp-json\/wp\/v2\/types\/product"}],"wp:featuredmedia":[{"embeddable":true,"href":"https:\/\/nature-et-developpement.com\/logisain-78\/wp-json\/"}],"wp:attachment":[{"href":"https:\/\/nature-et-developpement.com\/logisain-78\/wp-json\/wp\/v2\/media?parent=9216"}],"wp:term":[{"taxonomy":"product_brand","embeddable":true,"href":"https:\/\/nature-et-developpement.com\/logisain-78\/wp-json\/wp\/v2\/product_brand?post=9216"},{"taxonomy":"product_cat","embeddable":true,"href":"https:\/\/nature-et-developpement.com\/logisain-78\/wp-json\/wp\/v2\/product_cat?post=9216"},{"taxonomy":"product_tag","embeddable":true,"href":"https:\/\/nature-et-developpement.com\/logisain-78\/wp-json\/wp\/v2\/product_tag?post=9216"}],"curies":[{"name":"wp","href":"https:\/\/api.w.org\/{rel}","templated":true}]}}